{"id":192,"date":"2025-12-13T19:03:20","date_gmt":"2025-12-13T19:03:20","guid":{"rendered":"https:\/\/buydiplomashop.com\/?page_id=192"},"modified":"2025-12-13T19:10:46","modified_gmt":"2025-12-13T19:10:46","slug":"registreringsskyltssokning","status":"publish","type":"page","link":"https:\/\/buydiplomashop.com\/sv\/license-plate-lookup\/","title":{"rendered":"Registreringsskyltss\u00f6kning"},"content":{"rendered":"<h2 class=\"wp-block-heading\">Registreringsskyltss\u00f6kning \u2013 Professionella fordonstj\u00e4nster<\/h2>\n\n\n\n<p>Beh\u00f6ver du s\u00f6ka efter information om registreringsskyltar? P\u00e5 BuyDiplomaShop.com erbjuder vi legitima tj\u00e4nster f\u00f6r att s\u00f6ka efter registreringsskyltar f\u00f6r personer som beh\u00f6ver korrekta uppgifter om fordonsregistrering, \u00e4garinformation och omfattande rapporter om fordonets historik. Oavsett om du k\u00f6per en begagnad bil, verifierar fordonsuppgifter eller bedriver forskning, hj\u00e4lper v\u00e5ra verifierade experter dig att f\u00e5 fram autentisk fordonsinformation genom korrekta kanaler.<\/p>\n\n\n\n<p>V\u00e5rt n\u00e4tverk best\u00e5r av certifierade experter som har kunskap om fordonsregistreringssystem, databas\u00e5tkomst och metoder f\u00f6r att h\u00e4mta juridisk information. N\u00e4r du v\u00e4ljer v\u00e5r tj\u00e4nst f\u00f6r att s\u00f6ka efter registreringsnummer investerar du i legitim fordonsinformation som uppfyller alla regleringsstandarder och sekretesskrav.<\/p>\n\n\n\n<figure class=\"wp-block-image size-full\"><img loading=\"lazy\" decoding=\"async\" width=\"440\" height=\"248\" src=\"https:\/\/buydiplomashop.com\/wp-content\/uploads\/2025\/12\/license-plate-lookup.webp\" alt=\"registreringsskyltss\u00f6kning\" class=\"wp-image-203\" srcset=\"https:\/\/buydiplomashop.com\/wp-content\/uploads\/2025\/12\/license-plate-lookup.webp 440w, https:\/\/buydiplomashop.com\/wp-content\/uploads\/2025\/12\/license-plate-lookup-300x169.webp 300w, https:\/\/buydiplomashop.com\/wp-content\/uploads\/2025\/12\/license-plate-lookup-18x10.webp 18w\" sizes=\"auto, (max-width: 440px) 100vw, 440px\" \/><\/figure>\n\n\n\n<h3 class=\"wp-block-heading\">Varf\u00f6r v\u00e4lja professionella tj\u00e4nster f\u00f6r att s\u00f6ka efter registreringsskyltar<\/h3>\n\n\n\n<h3 class=\"wp-block-heading\">Laglig och verifierad fordonsinformation<\/h3>\n\n\n\n<p>Professionella tj\u00e4nster f\u00f6r upps\u00f6kning av licensinformation s\u00e4kerst\u00e4ller att du f\u00e5r legitima fordonsuppgifter som \u00f6verensst\u00e4mmer med lagar och regler om integritetsskydd. V\u00e5ra verifierade experter guidar dig genom korrekta kanaler f\u00f6r informationsh\u00e4mtning och tillhandah\u00e5ller korrekta uppgifter samtidigt som de respekterar lagliga gr\u00e4nser.<\/p>\n\n\n\n<p>Till skillnad fr\u00e5n overifierade k\u00e4llor som kan ge f\u00f6r\u00e5ldrad eller felaktig information, arbetar v\u00e5ra experter med officiella databaser och juridiska kanaler f\u00f6r att hj\u00e4lpa dig att f\u00e5 tillg\u00e5ng till autentiska fordonsuppgifter som du kan lita p\u00e5.<\/p>\n\n\n\n<figure class=\"wp-block-image size-full\"><img loading=\"lazy\" decoding=\"async\" width=\"512\" height=\"299\" src=\"https:\/\/buydiplomashop.com\/wp-content\/uploads\/2025\/12\/Vehicle-information-lookup.png\" alt=\"S\u00f6kning av fordonsinformation\" class=\"wp-image-204\" srcset=\"https:\/\/buydiplomashop.com\/wp-content\/uploads\/2025\/12\/Vehicle-information-lookup.png 512w, https:\/\/buydiplomashop.com\/wp-content\/uploads\/2025\/12\/Vehicle-information-lookup-300x175.png 300w, https:\/\/buydiplomashop.com\/wp-content\/uploads\/2025\/12\/Vehicle-information-lookup-18x12.png 18w\" sizes=\"auto, (max-width: 512px) 100vw, 512px\" \/><\/figure>\n\n\n\n<h3 class=\"wp-block-heading\">Omfattande \u00e5tkomst till fordonsdata<\/h3>\n\n\n\n<p>V\u00e5ra tj\u00e4nster ger tillg\u00e5ng till omfattande databaser med fordonsinformation, inklusive registreringsuppgifter, \u00e4garhistorik, olycksregister och tekniska specifikationer. Oavsett om du beh\u00f6ver VIN-verifiering, information om pantr\u00e4tt eller \u00e5terkallningsinformation, har v\u00e5rt n\u00e4tverk experter som \u00e4r v\u00e4l f\u00f6rtrogna med olika fordonsdatasystem.<\/p>\n\n\n\n<h3 class=\"wp-block-heading\">Fullst\u00e4ndig integritet och s\u00e4kerhet garanteras<\/h3>\n\n\n\n<p>Vi \u00e4r medvetna om att det \u00e4r k\u00e4nsligt att s\u00f6ka information om fordon, d\u00e4rf\u00f6r uppr\u00e4tth\u00e5ller vi fullst\u00e4ndig sekretess under hela processen. All kommunikation \u00e4r krypterad och dina personuppgifter f\u00f6rblir skyddade.<\/p>\n\n\n\n<h4 class=\"wp-block-heading\">Omfattande tj\u00e4nster f\u00f6r uppslagning av registreringsskyltar<\/h4>\n\n\n\n<h4 class=\"wp-block-heading\">S\u00f6kning av fordonsregistreringsinformation<\/h4>\n\n\n\n<p>Att f\u00e5 tillg\u00e5ng till aktuella fordonsregistreringsuppgifter \u00e4r viktigt f\u00f6r olika \u00e4ndam\u00e5l, bland annat f\u00f6r att verifiera fordonsk\u00f6p, f\u00f6rs\u00e4kringsanspr\u00e5k och r\u00e4ttsliga f\u00f6rfaranden. V\u00e5ra experter tillhandah\u00e5ller korrekta registreringsuppgifter via legitima kanaler.<\/p>\n\n\n\n<p>Tj\u00e4nsterna omfattar:<\/p>\n\n\n\n<ul class=\"wp-block-list\">\n<li>Aktuell registreringsstatus<\/li>\n\n\n\n<li>Registreringens utg\u00e5ngsdatum<\/li>\n\n\n\n<li>Verifiering av fordonets m\u00e4rke, modell och \u00e5rsmodell<\/li>\n\n\n\n<li>Registreringsuppgifter f\u00f6r delstater och l\u00e4n<\/li>\n\n\n\n<li>Bekr\u00e4ftelse av registreringsskyltens giltighet<\/li>\n<\/ul>\n\n\n\n<figure class=\"wp-block-image size-large is-resized\"><img loading=\"lazy\" decoding=\"async\" width=\"1024\" height=\"508\" src=\"https:\/\/buydiplomashop.com\/wp-content\/uploads\/2025\/12\/Vehicle-registration-lookup-1024x508.webp\" alt=\"S\u00f6kning av fordonsregistrering\" class=\"wp-image-205\" style=\"width:454px;height:auto\" srcset=\"https:\/\/buydiplomashop.com\/wp-content\/uploads\/2025\/12\/Vehicle-registration-lookup-1024x508.webp 1024w, https:\/\/buydiplomashop.com\/wp-content\/uploads\/2025\/12\/Vehicle-registration-lookup-300x149.webp 300w, https:\/\/buydiplomashop.com\/wp-content\/uploads\/2025\/12\/Vehicle-registration-lookup-768x381.webp 768w, https:\/\/buydiplomashop.com\/wp-content\/uploads\/2025\/12\/Vehicle-registration-lookup-1536x762.webp 1536w, https:\/\/buydiplomashop.com\/wp-content\/uploads\/2025\/12\/Vehicle-registration-lookup-2048x1016.webp 2048w, https:\/\/buydiplomashop.com\/wp-content\/uploads\/2025\/12\/Vehicle-registration-lookup-18x9.webp 18w\" sizes=\"auto, (max-width: 1024px) 100vw, 1024px\" \/><\/figure>\n\n\n\n<h4 class=\"wp-block-heading\">Fordonshistorik och \u00e4garupplysningar<\/h4>\n\n\n\n<p>Att f\u00f6rst\u00e5 ett fordons historik och \u00e4garregister \u00e4r avg\u00f6rande f\u00f6r att kunna fatta v\u00e4lgrundade beslut. V\u00e5ra specialister tillhandah\u00e5ller omfattande historikrapporter via officiella databaser.<\/p>\n\n\n\n<p>Historiska tj\u00e4nster inkluderar:<\/p>\n\n\n\n<ul class=\"wp-block-list\">\n<li>Tidigare \u00e4garregister<\/li>\n\n\n\n<li>Olycks- och skadehistorik<\/li>\n\n\n\n<li>Anm\u00e4lningar om st\u00f6ld och \u00e5terfinnande<\/li>\n\n\n\n<li>Pantr\u00e4tt och l\u00e5nestatus<\/li>\n\n\n\n<li>\u00c5terkallelse- och s\u00e4kerhetsinformation<\/li>\n<\/ul>\n\n\n\n<h4 class=\"wp-block-heading\">VIN-verifiering och avkodningstj\u00e4nster<\/h4>\n\n\n\n<p>Fordonsidentifieringsnummer inneh\u00e5ller omfattande information om fordonets specifikationer och historik. V\u00e5ra experter avkodar VIN-nummer f\u00f6r att tillhandah\u00e5lla detaljerad information om fordonet.<\/p>\n\n\n\n<p>VIN-tj\u00e4nsterna omfattar:<\/p>\n\n\n\n<ul class=\"wp-block-list\">\n<li>Fullst\u00e4ndiga fordonsspecifikationer<\/li>\n\n\n\n<li>Tillverkningsdetaljer och datum<\/li>\n\n\n\n<li>Information om motor och transmission<\/li>\n\n\n\n<li>Utrustning och funktioner<\/li>\n\n\n\n<li>Marknadsv\u00e4rderingar<\/li>\n<\/ul>\n\n\n\n<h4 class=\"wp-block-heading\">S\u00f6kning efter kommersiella fordon och fordonsflottor<\/h4>\n\n\n\n<p>F\u00f6r f\u00f6retag som beh\u00f6ver fordonsinformation f\u00f6r flottans f\u00f6rvaltning eller kommersiella \u00e4ndam\u00e5l erbjuder v\u00e5ra specialister specialiserade s\u00f6ktj\u00e4nster.<\/p>\n\n\n\n<p>Kommersiella tj\u00e4nster omfattar:<\/p>\n\n\n\n<ul class=\"wp-block-list\">\n<li>Registreringsstatus f\u00f6r kommersiella fordon<\/li>\n\n\n\n<li>Information om fordonsflottan<\/li>\n\n\n\n<li>Hj\u00e4lp med f\u00f6rs\u00e4kringsverifiering<\/li>\n\n\n\n<li>S\u00f6kning efter kommersiella pantr\u00e4tter<\/li>\n\n\n\n<li>Verifiering av f\u00f6retags\u00e4gande<\/li>\n<\/ul>\n\n\n\n<h5 class=\"wp-block-heading\">Hur v\u00e5r process f\u00f6r att s\u00f6ka efter registreringsskyltar fungerar<\/h5>\n\n\n\n<h5 class=\"wp-block-heading\">Steg 1: Konfidentiell konsultation<\/h5>\n\n\n\n<p>Varje nummerpl\u00e5ts\u00f6kning inleds med en privat konsultation f\u00f6r att f\u00f6rst\u00e5 dina specifika behov och utveckla en l\u00e4mplig s\u00f6kstrategi. V\u00e5ra experter diskuterar dina krav, fordonsuppgifter och informationsm\u00e5l.<\/p>\n\n\n\n<h5 class=\"wp-block-heading\">Steg 2: Databas\u00e5tkomst och informationsh\u00e4mtning<\/h5>\n\n\n\n<p>V\u00e5ra experter har tillg\u00e5ng till legitima fordonsdatabaser och officiella register f\u00f6r att h\u00e4mta korrekt information samtidigt som de uppr\u00e4tth\u00e5ller laglig efterlevnad och integritetsstandarder.<\/p>\n\n\n\n<h5 class=\"wp-block-heading\">Steg 3: Verifiering och korsreferens<\/h5>\n\n\n\n<p>Med hj\u00e4lp av flera datak\u00e4llor verifierar v\u00e5ra experter informationens riktighet och korsrefererar detaljer f\u00f6r att s\u00e4kerst\u00e4lla omfattande och tillf\u00f6rlitliga resultat.<\/p>\n\n\n\n<h5 class=\"wp-block-heading\">Steg 4: Rapportering av leverans och uppf\u00f6ljningsst\u00f6d<\/h5>\n\n\n\n<p>N\u00e4r informationen om ditt fordon har sammanst\u00e4llts tillhandah\u00e5ller vi en detaljerad rapport med alla relevanta uppgifter och erbjuder uppf\u00f6ljningssupport f\u00f6r eventuella ytterligare fr\u00e5gor eller krav.<\/p>\n\n\n\n<h5 class=\"wp-block-heading\">F\u00f6rdelar med verifierade tj\u00e4nster f\u00f6r att s\u00f6ka efter registreringsskyltar<\/h5>\n\n\n\n<h5 class=\"wp-block-heading\">Snabb och korrekt informationsh\u00e4mtning<\/h5>\n\n\n\n<p>V\u00e5rt n\u00e4tverk har tillg\u00e5ng till realtidsdatabaser \u00f6ver fordon och officiella register, vilket garanterar snabb och korrekt informationsh\u00e4mtning samtidigt som lagstiftningen efterlevs.<\/p>\n\n\n\n<h5 class=\"wp-block-heading\">100% Autentiska fordonsdata<\/h5>\n\n\n\n<p>Varje nummerpl\u00e5ts\u00f6kning via v\u00e5ra tj\u00e4nster ger verifierad information fr\u00e5n officiella k\u00e4llor, vilket garanterar noggrannhet f\u00f6r viktiga beslut och juridiska \u00e4ndam\u00e5l.<\/p>\n\n\n\n<h5 class=\"wp-block-heading\">\u00c5tkomst till flera databaser<\/h5>\n\n\n\n<p>V\u00e5ra experter arbetar med olika fordonsdatabaser och informationssystem och tillhandah\u00e5ller omfattande data fr\u00e5n flera k\u00e4llor f\u00f6r fullst\u00e4ndig fordonsinformation.<\/p>\n\n\n\n<h5 class=\"wp-block-heading\">Diskret och professionell service<\/h5>\n\n\n\n<p>Fullst\u00e4ndig sekretess uppr\u00e4tth\u00e5lls under hela processen, med s\u00e4ker kommunikation och professionell hantering av k\u00e4nslig information.<\/p>\n\n\n\n<h6 class=\"wp-block-heading\">Vanliga scenarier f\u00f6r att s\u00f6ka efter registreringsskyltar<\/h6>\n\n\n\n<h3 class=\"wp-block-heading\">Verifiering av k\u00f6p av begagnad bil<\/h3>\n\n\n\n<p>Den vanligaste anledningen till att m\u00e4nniskor beh\u00f6ver tj\u00e4nster f\u00f6r att s\u00f6ka efter registreringsskyltar \u00e4r att verifiera fordonsinformation innan de k\u00f6per en begagnad bil.<\/p>\n\n\n\n<h6 class=\"wp-block-heading\">Unders\u00f6kning av fordonets historik<\/h6>\n\n\n\n<p>Bil\u00e4gare beh\u00f6ver ofta omfattande historikrapporter f\u00f6r f\u00f6rs\u00e4krings\u00e4renden, underh\u00e5llsplanering eller personlig verifiering.<\/p>\n\n\n\n<h6 class=\"wp-block-heading\">F\u00f6rs\u00e4krings- och lagkrav<\/h6>\n\n\n\n<p>F\u00f6rs\u00e4kringsbolag och jurister beh\u00f6ver korrekt information om fordon f\u00f6r att kunna hantera skadest\u00e5ndsanspr\u00e5k och r\u00e4ttsliga f\u00f6rfaranden.<\/p>\n\n\n\n<h6 class=\"wp-block-heading\">Flottf\u00f6rvaltning och aff\u00e4rsanv\u00e4ndning<\/h6>\n\n\n\n<p>F\u00f6retag med fordonsflottor beh\u00f6ver regelbundna informationsuppdateringar f\u00f6r f\u00f6rvaltnings- och efterlevnads\u00e4ndam\u00e5l.<\/p>\n\n\n\n<h6 class=\"wp-block-heading\">Databas f\u00f6r s\u00f6kning av fordonsinformation<\/h6>\n\n\n\n<h6 class=\"wp-block-heading\">Statliga motorfordonsregister<\/h6>\n\n\n\n<p>Tillg\u00e5ng till officiella register fr\u00e5n statliga fordonsmyndigheter f\u00f6r aktuell registrerings- och \u00e4garinformation.<\/p>\n\n\n\n<h6 class=\"wp-block-heading\">Nationella fordonsdatabaser<\/h6>\n\n\n\n<p>Omfattande tillg\u00e5ng till nationella fordonsinformationssystem f\u00f6r olyckshistorik, \u00e5terkallningsinformation och tekniska specifikationer.<\/p>\n\n\n\n<h6 class=\"wp-block-heading\">F\u00f6rs\u00e4krings- och skadedatabaser<\/h6>\n\n\n\n<p>Tillg\u00e5ng till f\u00f6rs\u00e4kringsbranschens databaser f\u00f6r skadehistorik och skadebed\u00f6mningar.<\/p>\n\n\n\n<h6 class=\"wp-block-heading\">Kommersiella register och pantr\u00e4ttsregister<\/h6>\n\n\n\n<p>Tillg\u00e5ng till databaser \u00f6ver kommersiella fordon och panthavare f\u00f6r aff\u00e4rs- och finansiella verifierings\u00e4ndam\u00e5l.<\/p>\n\n\n\n<h6 class=\"wp-block-heading\">F\u00e5 information om din registreringsskylt idag<\/h6>\n\n\n\n<p>L\u00e5t inte bristande fordonsinformation p\u00e5verka dina viktiga beslut. V\u00e5rt verifierade n\u00e4tverk erbjuder snabba, exakta och helt konfidentiella tj\u00e4nster f\u00f6r att s\u00f6ka efter registreringsnummer f\u00f6r alla dina behov av fordonsinformation.<\/p>\n\n\n\n<p>Oavsett om du beh\u00f6ver s\u00f6ka efter information om registreringsskyltar inf\u00f6r ett bilk\u00f6p, beh\u00f6ver verifiera ett chassinummer eller beh\u00f6ver omfattande rapporter om bilens historik, s\u00e5 kopplar v\u00e5r plattform dig till r\u00e4tt experter f\u00f6r just din situation.<\/p>\n\n\n\n<p>\u00c4r du redo att s\u00f6ka efter information om registreringsskyltar? <a href=\"https:\/\/buydiplomashop.com\/sv\/kontakt\/\">Kontakt<\/a> v\u00e5rt team idag f\u00f6r att boka en konfidentiell konsultation och uppt\u00e4ck varf\u00f6r tusentals m\u00e4nniskor litar p\u00e5 BuyDiplomaShop.com n\u00e4r det g\u00e4ller deras behov av fordonsinformation.<\/p>\n\n\n\n<p>Oavsett om du beh\u00f6ver kontrollera ett fordonsregistreringsnummer, s\u00f6ka efter \u00e4garuppgifter eller s\u00f6ka efter registreringsnummer, s\u00e5 ger v\u00e5ra professionella tj\u00e4nster dig den exakta information du beh\u00f6ver.<\/p>","protected":false},"excerpt":{"rendered":"<p>License Plate Lookup &#8211; Professional Vehicle Information Services Need to lookup license plate information? At BuyDiplomaShop.com, we provide legitimate license plate lookup services for individuals who need accurate vehicle registration details, ownership information, and comprehensive vehicle history reports. Whether you&#8217;re buying a used car, verifying vehicle details, or conducting research, our verified professionals help you&hellip;&nbsp;<a href=\"https:\/\/buydiplomashop.com\/sv\/license-plate-lookup\/\" rel=\"bookmark\"><span class=\"screen-reader-text\">Registreringsskyltss\u00f6kning<\/span><\/a><\/p>","protected":false},"author":1,"featured_media":0,"parent":0,"menu_order":0,"comment_status":"closed","ping_status":"closed","template":"","meta":{"neve_meta_sidebar":"","neve_meta_container":"","neve_meta_enable_content_width":"","neve_meta_content_width":0,"neve_meta_title_alignment":"","neve_meta_author_avatar":"","neve_post_elements_order":"","neve_meta_disable_header":"","neve_meta_disable_footer":"","neve_meta_disable_title":"","footnotes":""},"class_list":["post-192","page","type-page","status-publish","hentry"],"yoast_head":"<!-- This site is optimized with the Yoast SEO plugin v27.5 - https:\/\/yoast.com\/product\/yoast-seo-wordpress\/ -->\n<title>License Plate Lookup - Buy a diploma, certificate and degrees<\/title>\n<meta name=\"description\" content=\"Lookup license plate information and vehicle registration details. Vehicle history and ownership information. Search any license plate now.\" \/>\n<meta name=\"robots\" content=\"index, follow, max-snippet:-1, max-image-preview:large, max-video-preview:-1\" \/>\n<link rel=\"canonical\" href=\"https:\/\/buydiplomashop.com\/sv\/registreringsskyltssokning\/\" \/>\n<meta property=\"og:locale\" content=\"sv_SE\" \/>\n<meta property=\"og:type\" content=\"article\" \/>\n<meta property=\"og:title\" content=\"License Plate Lookup - Buy a diploma, certificate and degrees\" \/>\n<meta property=\"og:description\" content=\"Lookup license plate information and vehicle registration details. Vehicle history and ownership information. Search any license plate now.\" \/>\n<meta property=\"og:url\" content=\"https:\/\/buydiplomashop.com\/sv\/registreringsskyltssokning\/\" \/>\n<meta property=\"og:site_name\" content=\"Buy a diploma, certificate and degrees\" \/>\n<meta property=\"article:modified_time\" content=\"2025-12-13T19:10:46+00:00\" \/>\n<meta property=\"og:image\" content=\"https:\/\/buydiplomashop.com\/wp-content\/uploads\/2025\/12\/license-plate-lookup.webp\" \/>\n\t<meta property=\"og:image:width\" content=\"440\" \/>\n\t<meta property=\"og:image:height\" content=\"248\" \/>\n\t<meta property=\"og:image:type\" content=\"image\/webp\" \/>\n<meta name=\"twitter:card\" content=\"summary_large_image\" \/>\n<meta name=\"twitter:label1\" content=\"Ber\u00e4knad l\u00e4stid\" \/>\n\t<meta name=\"twitter:data1\" content=\"5 minuter\" \/>\n<script type=\"application\/ld+json\" class=\"yoast-schema-graph\">{\"@context\":\"https:\\\/\\\/schema.org\",\"@graph\":[{\"@type\":\"WebPage\",\"@id\":\"https:\\\/\\\/buydiplomashop.com\\\/license-plate-lookup\\\/\",\"url\":\"https:\\\/\\\/buydiplomashop.com\\\/license-plate-lookup\\\/\",\"name\":\"License Plate Lookup - Buy a diploma, certificate and degrees\",\"isPartOf\":{\"@id\":\"https:\\\/\\\/buydiplomashop.com\\\/#website\"},\"primaryImageOfPage\":{\"@id\":\"https:\\\/\\\/buydiplomashop.com\\\/license-plate-lookup\\\/#primaryimage\"},\"image\":{\"@id\":\"https:\\\/\\\/buydiplomashop.com\\\/license-plate-lookup\\\/#primaryimage\"},\"thumbnailUrl\":\"https:\\\/\\\/buydiplomashop.com\\\/wp-content\\\/uploads\\\/2025\\\/12\\\/license-plate-lookup.webp\",\"datePublished\":\"2025-12-13T19:03:20+00:00\",\"dateModified\":\"2025-12-13T19:10:46+00:00\",\"description\":\"Lookup license plate information and vehicle registration details. Vehicle history and ownership information. Search any license plate now.\",\"breadcrumb\":{\"@id\":\"https:\\\/\\\/buydiplomashop.com\\\/license-plate-lookup\\\/#breadcrumb\"},\"inLanguage\":\"sv-SE\",\"potentialAction\":[{\"@type\":\"ReadAction\",\"target\":[\"https:\\\/\\\/buydiplomashop.com\\\/license-plate-lookup\\\/\"]}]},{\"@type\":\"ImageObject\",\"inLanguage\":\"sv-SE\",\"@id\":\"https:\\\/\\\/buydiplomashop.com\\\/license-plate-lookup\\\/#primaryimage\",\"url\":\"https:\\\/\\\/buydiplomashop.com\\\/wp-content\\\/uploads\\\/2025\\\/12\\\/license-plate-lookup.webp\",\"contentUrl\":\"https:\\\/\\\/buydiplomashop.com\\\/wp-content\\\/uploads\\\/2025\\\/12\\\/license-plate-lookup.webp\"},{\"@type\":\"BreadcrumbList\",\"@id\":\"https:\\\/\\\/buydiplomashop.com\\\/license-plate-lookup\\\/#breadcrumb\",\"itemListElement\":[{\"@type\":\"ListItem\",\"position\":1,\"name\":\"Home\",\"item\":\"https:\\\/\\\/buydiplomashop.com\\\/\"},{\"@type\":\"ListItem\",\"position\":2,\"name\":\"License Plate Lookup\"}]},{\"@type\":\"WebSite\",\"@id\":\"https:\\\/\\\/buydiplomashop.com\\\/#website\",\"url\":\"https:\\\/\\\/buydiplomashop.com\\\/\",\"name\":\"Buy a diploma, certificate and degrees\",\"description\":\"Buy a diploma online, certificates, degrees\",\"potentialAction\":[{\"@type\":\"SearchAction\",\"target\":{\"@type\":\"EntryPoint\",\"urlTemplate\":\"https:\\\/\\\/buydiplomashop.com\\\/?s={search_term_string}\"},\"query-input\":{\"@type\":\"PropertyValueSpecification\",\"valueRequired\":true,\"valueName\":\"search_term_string\"}}],\"inLanguage\":\"sv-SE\"}]}<\/script>\n<!-- \/ Yoast SEO plugin. -->","yoast_head_json":{"title":"Registreringsskyltss\u00f6kning - K\u00f6p ett examensbevis, certifikat och akademiska examina","description":"S\u00f6k information om registreringsskyltar och fordonsregistreringar. Fordonets historik och \u00e4garinformation. S\u00f6k efter valfri registreringsskylt nu.","robots":{"index":"index","follow":"follow","max-snippet":"max-snippet:-1","max-image-preview":"max-image-preview:large","max-video-preview":"max-video-preview:-1"},"canonical":"https:\/\/buydiplomashop.com\/sv\/registreringsskyltssokning\/","og_locale":"sv_SE","og_type":"article","og_title":"License Plate Lookup - Buy a diploma, certificate and degrees","og_description":"Lookup license plate information and vehicle registration details. Vehicle history and ownership information. Search any license plate now.","og_url":"https:\/\/buydiplomashop.com\/sv\/registreringsskyltssokning\/","og_site_name":"Buy a diploma, certificate and degrees","article_modified_time":"2025-12-13T19:10:46+00:00","og_image":[{"width":440,"height":248,"url":"https:\/\/buydiplomashop.com\/wp-content\/uploads\/2025\/12\/license-plate-lookup.webp","type":"image\/webp"}],"twitter_card":"summary_large_image","twitter_misc":{"Ber\u00e4knad l\u00e4stid":"5 minuter"},"schema":{"@context":"https:\/\/schema.org","@graph":[{"@type":"WebPage","@id":"https:\/\/buydiplomashop.com\/license-plate-lookup\/","url":"https:\/\/buydiplomashop.com\/license-plate-lookup\/","name":"Registreringsskyltss\u00f6kning - K\u00f6p ett examensbevis, certifikat och akademiska examina","isPartOf":{"@id":"https:\/\/buydiplomashop.com\/#website"},"primaryImageOfPage":{"@id":"https:\/\/buydiplomashop.com\/license-plate-lookup\/#primaryimage"},"image":{"@id":"https:\/\/buydiplomashop.com\/license-plate-lookup\/#primaryimage"},"thumbnailUrl":"https:\/\/buydiplomashop.com\/wp-content\/uploads\/2025\/12\/license-plate-lookup.webp","datePublished":"2025-12-13T19:03:20+00:00","dateModified":"2025-12-13T19:10:46+00:00","description":"S\u00f6k information om registreringsskyltar och fordonsregistreringar. Fordonets historik och \u00e4garinformation. S\u00f6k efter valfri registreringsskylt nu.","breadcrumb":{"@id":"https:\/\/buydiplomashop.com\/license-plate-lookup\/#breadcrumb"},"inLanguage":"sv-SE","potentialAction":[{"@type":"ReadAction","target":["https:\/\/buydiplomashop.com\/license-plate-lookup\/"]}]},{"@type":"ImageObject","inLanguage":"sv-SE","@id":"https:\/\/buydiplomashop.com\/license-plate-lookup\/#primaryimage","url":"https:\/\/buydiplomashop.com\/wp-content\/uploads\/2025\/12\/license-plate-lookup.webp","contentUrl":"https:\/\/buydiplomashop.com\/wp-content\/uploads\/2025\/12\/license-plate-lookup.webp"},{"@type":"BreadcrumbList","@id":"https:\/\/buydiplomashop.com\/license-plate-lookup\/#breadcrumb","itemListElement":[{"@type":"ListItem","position":1,"name":"Home","item":"https:\/\/buydiplomashop.com\/"},{"@type":"ListItem","position":2,"name":"License Plate Lookup"}]},{"@type":"WebSite","@id":"https:\/\/buydiplomashop.com\/#website","url":"https:\/\/buydiplomashop.com\/","name":"K\u00f6p diplom, certifikat och examina","description":"K\u00f6p ett diplom online, certifikat, examina","potentialAction":[{"@type":"SearchAction","target":{"@type":"EntryPoint","urlTemplate":"https:\/\/buydiplomashop.com\/?s={search_term_string}"},"query-input":{"@type":"PropertyValueSpecification","valueRequired":true,"valueName":"search_term_string"}}],"inLanguage":"sv-SE"}]}},"_links":{"self":[{"href":"https:\/\/buydiplomashop.com\/sv\/wp-json\/wp\/v2\/pages\/192","targetHints":{"allow":["GET"]}}],"collection":[{"href":"https:\/\/buydiplomashop.com\/sv\/wp-json\/wp\/v2\/pages"}],"about":[{"href":"https:\/\/buydiplomashop.com\/sv\/wp-json\/wp\/v2\/types\/page"}],"author":[{"embeddable":true,"href":"https:\/\/buydiplomashop.com\/sv\/wp-json\/wp\/v2\/users\/1"}],"replies":[{"embeddable":true,"href":"https:\/\/buydiplomashop.com\/sv\/wp-json\/wp\/v2\/comments?post=192"}],"version-history":[{"count":12,"href":"https:\/\/buydiplomashop.com\/sv\/wp-json\/wp\/v2\/pages\/192\/revisions"}],"predecessor-version":[{"id":212,"href":"https:\/\/buydiplomashop.com\/sv\/wp-json\/wp\/v2\/pages\/192\/revisions\/212"}],"wp:attachment":[{"href":"https:\/\/buydiplomashop.com\/sv\/wp-json\/wp\/v2\/media?parent=192"}],"curies":[{"name":"wp","href":"https:\/\/api.w.org\/{rel}","templated":true}]}}