{"id":135,"date":"2025-07-25T17:57:02","date_gmt":"2025-07-25T17:57:02","guid":{"rendered":"https:\/\/buydiplomashop.com\/?page_id=135"},"modified":"2025-11-04T18:53:16","modified_gmt":"2025-11-04T18:53:16","slug":"kopa-ett-fodelsebevis","status":"publish","type":"page","link":"https:\/\/buydiplomashop.com\/sv\/buy-a-birth-certificate\/","title":{"rendered":"K\u00f6p ett f\u00f6delsebevis"},"content":{"rendered":"<h2 class=\"wp-block-heading\">K\u00f6p ett f\u00f6delsebevis online - snabb, s\u00e4ker och v\u00e4rldsomsp\u00e4nnande leverans<\/h2>\n\n\n\n<p>Vid <strong><a class=\"\" href=\"http:\/\/www.BuyDiplomaShop.com\">www.BuyDiplomaShop.com<\/a><\/strong>, kan du <strong>k\u00f6pa ett f\u00f6delsebevis<\/strong> online snabbt och diskret, oavsett var du befinner dig. Oavsett om du har tappat bort ditt original, beh\u00f6ver en kopia eller beh\u00f6ver en anpassad version f\u00f6r specifika \u00e4ndam\u00e5l, g\u00f6r v\u00e5r plattform det enkelt att <strong>Best\u00e4ll ett certifierat f\u00f6delsebevis online<\/strong>, med snabb leverans och global frakt.<\/p>\n\n\n\n<p>A <strong>f\u00f6delsebevis<\/strong> \u00e4r ett av de viktigaste juridiska dokumenten i en persons liv. Den fungerar som bevis p\u00e5 identitet, medborgarskap och f\u00f6delseuppgifter och kr\u00e4vs ofta f\u00f6r ans\u00f6kningar om t.ex. pass, nationella ID-kort, inskrivning i skola eller anst\u00e4llning.<\/p>\n\n\n\n<figure class=\"wp-block-image size-full is-resized\"><img loading=\"lazy\" decoding=\"async\" width=\"780\" height=\"480\" src=\"https:\/\/buydiplomashop.com\/wp-content\/uploads\/2025\/11\/buy-birth-certificate-online.jpg\" alt=\"k\u00f6pa f\u00f6delsebevis online\" class=\"wp-image-141\" style=\"width:532px;height:auto\" srcset=\"https:\/\/buydiplomashop.com\/wp-content\/uploads\/2025\/11\/buy-birth-certificate-online.jpg 780w, https:\/\/buydiplomashop.com\/wp-content\/uploads\/2025\/11\/buy-birth-certificate-online-300x185.jpg 300w, https:\/\/buydiplomashop.com\/wp-content\/uploads\/2025\/11\/buy-birth-certificate-online-768x473.jpg 768w, https:\/\/buydiplomashop.com\/wp-content\/uploads\/2025\/11\/buy-birth-certificate-online-18x12.jpg 18w\" sizes=\"auto, (max-width: 780px) 100vw, 780px\" \/><\/figure>\n\n\n\n<hr class=\"wp-block-separator has-alpha-channel-opacity\"\/>\n\n\n\n<h3 class=\"wp-block-heading\">Varf\u00f6r du kan beh\u00f6va k\u00f6pa ett f\u00f6delsebevis<\/h3>\n\n\n\n<p>Det finns m\u00e5nga situationer d\u00e4r m\u00e4nniskor beh\u00f6ver <strong>k\u00f6pa en ny kopia av f\u00f6delsebeviset<\/strong> eller <strong>f\u00e5 en ers\u00e4ttningsf\u00f6delseattest<\/strong>, inklusive:<\/p>\n\n\n\n<ul class=\"wp-block-list\">\n<li>F\u00f6rlorat eller skadat f\u00f6delsebevis i original<\/li>\n\n\n\n<li>Behov av en extra bestyrkt kopia f\u00f6r dokumentation<\/li>\n\n\n\n<li>Uppdatering av f\u00f6r\u00e5ldrad eller felaktig f\u00f6delseinformation<\/li>\n\n\n\n<li>St\u00f6djande dokument f\u00f6r officiella ans\u00f6kningar<\/li>\n\n\n\n<li>Personliga sk\u00e4l, integritetssk\u00e4l eller nyhetssk\u00e4l<\/li>\n\n\n\n<li>Film-, scen- eller medieanv\u00e4ndning d\u00e4r <strong>nya f\u00f6delsebevis<\/strong> kr\u00e4vs<\/li>\n<\/ul>\n\n\n\n<p>Vid <strong><a class=\"\" href=\"http:\/\/www.BuyDiplomaShop.com\">www.BuyDiplomaShop.com<\/a><\/strong>, f\u00f6rst\u00e5r vi att dessa behov varierar fr\u00e5n person till person. Oavsett om du \u00e4r ute efter att <strong>f\u00e5 ett nytt f\u00f6delsebevis<\/strong> f\u00f6r personligt bruk eller som en del av ett identitetshandlingspaket, finns vi h\u00e4r f\u00f6r att hj\u00e4lpa till med full sekretess.<\/p>\n\n\n\n<hr class=\"wp-block-separator has-alpha-channel-opacity\"\/>\n\n\n\n<h3 class=\"wp-block-heading\">Best\u00e4ll ett f\u00f6delsebevis online i 4 enkla steg<\/h3>\n\n\n\n<ol class=\"wp-block-list\">\n<li><strong>Skicka oss ett e-postmeddelande eller kontakta oss via WhatsApp<\/strong><br>Skicka in dina uppgifter via v\u00e5rt s\u00e4kra onlineformul\u00e4r. Se till att informationen \u00e4r korrekt, eftersom den kommer att anv\u00e4ndas f\u00f6r att generera ditt certifikat.<\/li>\n\n\n\n<li><strong>Informations\u00f6versikt<\/strong><br>V\u00e5ra dokumentspecialister kontrollerar uppgifterna och kontaktar dig om n\u00e5got beh\u00f6ver f\u00f6rtydligas.<\/li>\n\n\n\n<li><strong>Dokumentproduktion<\/strong><br>Baserat p\u00e5 dina krav skapar vi en <strong>bestyrkt f\u00f6delsebevis<\/strong> som uppfyller dina specifikationer.<\/li>\n\n\n\n<li><strong>S\u00e4ker leverans<\/strong><br>Ditt nya eller ers\u00e4ttande f\u00f6delsebevis skickas \u00f6ver hela v\u00e4rlden, s\u00e4kert och diskret.<\/li>\n<\/ol>\n\n\n\n<p>Oavsett om du ska byta ut en <strong>F\u00f6rlorad f\u00f6delseattest<\/strong> eller beh\u00f6ver en f\u00f6r officiella eller privata \u00e4ndam\u00e5l, v\u00e5rt team garanterar kvalitet, snabbhet och noggrannhet.<\/p>\n\n\n\n<figure class=\"wp-block-image size-full\"><img loading=\"lazy\" decoding=\"async\" width=\"250\" height=\"354\" src=\"https:\/\/buydiplomashop.com\/wp-content\/uploads\/2025\/11\/buy-birth-certificate.jpg\" alt=\"k\u00f6pa f\u00f6delsebevis\" class=\"wp-image-142\" srcset=\"https:\/\/buydiplomashop.com\/wp-content\/uploads\/2025\/11\/buy-birth-certificate.jpg 250w, https:\/\/buydiplomashop.com\/wp-content\/uploads\/2025\/11\/buy-birth-certificate-212x300.jpg 212w, https:\/\/buydiplomashop.com\/wp-content\/uploads\/2025\/11\/buy-birth-certificate-8x12.jpg 8w\" sizes=\"auto, (max-width: 250px) 100vw, 250px\" \/><\/figure>\n\n\n\n<hr class=\"wp-block-separator has-alpha-channel-opacity\"\/>\n\n\n\n<h3 class=\"wp-block-heading\">Vi tillhandah\u00e5ller f\u00f6delsebevis f\u00f6r flera l\u00e4nder<\/h3>\n\n\n\n<p>Vi erbjuder <strong>internationellt f\u00f6delsebevis<\/strong> med mallar och format som \u00e4r tillg\u00e4ngliga f\u00f6r olika l\u00e4nder och regioner. V\u00e5ra experter k\u00e4nner till regionala dokumentstilar och formateringar och ser till att ditt dokument uppfyller lokala f\u00f6rv\u00e4ntningar, oavsett om det \u00e4r f\u00f6r praktiska \u00e4ndam\u00e5l eller presentations\u00e4ndam\u00e5l.<\/p>\n\n\n\n<p>Ser till <strong>Best\u00e4ll ett f\u00f6delsebevis online<\/strong> f\u00f6r rese-, dokumentations- eller verifierings\u00e4ndam\u00e5l? Vi t\u00e4cker upp f\u00f6r dig.<\/p>\n\n\n\n<hr class=\"wp-block-separator has-alpha-channel-opacity\"\/>\n\n\n\n<h3 class=\"wp-block-heading\">P\u00e5litlig och konfidentiell service<\/h3>\n\n\n\n<p>Tusentals kunder har valt <strong><a class=\"\" href=\"http:\/\/www.BuyDiplomaShop.com\">www.BuyDiplomaShop.com<\/a><\/strong> till <strong>k\u00f6pa f\u00f6delsebevis online<\/strong> p\u00e5 ett tryggt och s\u00e4kert s\u00e4tt. Vi uppr\u00e4tth\u00e5ller strikta sekretessprotokoll och delar aldrig din information med tredje part.<\/p>\n\n\n\n<p>\u2714 100% Konfidentiell<br>\u2714 Alternativ f\u00f6r snabb leverans<br>\u2714 Anpassade och landsspecifika format<br>\u2714 V\u00e4nlig kundsupport<\/p>\n\n\n\n<hr class=\"wp-block-separator has-alpha-channel-opacity\"\/>\n\n\n\n<h2 class=\"wp-block-heading\">\u00c4r du redo att k\u00f6pa ett certifierat eller ers\u00e4ttande f\u00f6delsebevis?<\/h2>\n\n\n\n<p>L\u00e5t inte en f\u00f6rlorad eller f\u00f6r\u00e5ldrad f\u00f6delsebok hindra dig. Om du beh\u00f6ver <strong>k\u00f6pa ett f\u00f6delsebevis<\/strong>, ers\u00e4tta en gammal, eller beg\u00e4ra en extra <strong>bestyrkt kopia av f\u00f6delsebevis<\/strong>, <strong><a class=\"\" href=\"http:\/\/www.BuyDiplomaShop.com\">www.BuyDiplomaShop.com<\/a><\/strong> \u00e4r din p\u00e5litliga l\u00f6sning.<\/p>\n\n\n\n<p>Ta <a href=\"https:\/\/buydiplomashop.com\/nl\/neem-contact-op-met\/\">kontakt<\/a> med oss och v\u00e5rt team kommer att ge dig mer information.<\/p>","protected":false},"excerpt":{"rendered":"<p>Buy a Birth Certificate Online \u2013 Fast, Secure &amp; Worldwide Delivery At www.BuyDiplomaShop.com, you can buy a birth certificate online quickly and discreetly, no matter where you&#8217;re located. Whether you\u2019ve lost your original, need a duplicate, or require a custom version for specific purposes, our platform makes it easy to order a certified birth certificate&hellip;&nbsp;<a href=\"https:\/\/buydiplomashop.com\/sv\/buy-a-birth-certificate\/\" rel=\"bookmark\"><span class=\"screen-reader-text\">K\u00f6p ett f\u00f6delsebevis<\/span><\/a><\/p>","protected":false},"author":1,"featured_media":0,"parent":0,"menu_order":0,"comment_status":"closed","ping_status":"closed","template":"","meta":{"neve_meta_sidebar":"","neve_meta_container":"","neve_meta_enable_content_width":"","neve_meta_content_width":0,"neve_meta_title_alignment":"","neve_meta_author_avatar":"","neve_post_elements_order":"","neve_meta_disable_header":"","neve_meta_disable_footer":"","neve_meta_disable_title":"","footnotes":""},"class_list":["post-135","page","type-page","status-publish","hentry"],"yoast_head":"<!-- This site is optimized with the Yoast SEO plugin v27.5 - https:\/\/yoast.com\/product\/yoast-seo-wordpress\/ -->\n<title>Buy a Birth Certificate - Buy a diploma, certificate and degrees<\/title>\n<meta name=\"description\" content=\"Buy birth certificate online for Europe, America and many more countries. Official birth certificate for sale Telegram, Dark Web online.\" \/>\n<meta name=\"robots\" content=\"index, follow, max-snippet:-1, max-image-preview:large, max-video-preview:-1\" \/>\n<link rel=\"canonical\" href=\"https:\/\/buydiplomashop.com\/sv\/kopa-ett-fodelsebevis\/\" \/>\n<meta property=\"og:locale\" content=\"sv_SE\" \/>\n<meta property=\"og:type\" content=\"article\" \/>\n<meta property=\"og:title\" content=\"Buy a Birth Certificate - Buy a diploma, certificate and degrees\" \/>\n<meta property=\"og:description\" content=\"Buy birth certificate online for Europe, America and many more countries. Official birth certificate for sale Telegram, Dark Web online.\" \/>\n<meta property=\"og:url\" content=\"https:\/\/buydiplomashop.com\/sv\/kopa-ett-fodelsebevis\/\" \/>\n<meta property=\"og:site_name\" content=\"Buy a diploma, certificate and degrees\" \/>\n<meta property=\"article:modified_time\" content=\"2025-11-04T18:53:16+00:00\" \/>\n<meta property=\"og:image\" content=\"https:\/\/buydiplomashop.com\/wp-content\/uploads\/2025\/11\/buy-birth-certificate-online.jpg\" \/>\n\t<meta property=\"og:image:width\" content=\"780\" \/>\n\t<meta property=\"og:image:height\" content=\"480\" \/>\n\t<meta property=\"og:image:type\" content=\"image\/jpeg\" \/>\n<meta name=\"twitter:card\" content=\"summary_large_image\" \/>\n<meta name=\"twitter:label1\" content=\"Ber\u00e4knad l\u00e4stid\" \/>\n\t<meta name=\"twitter:data1\" content=\"3 minuter\" \/>\n<script type=\"application\/ld+json\" class=\"yoast-schema-graph\">{\"@context\":\"https:\\\/\\\/schema.org\",\"@graph\":[{\"@type\":\"WebPage\",\"@id\":\"https:\\\/\\\/buydiplomashop.com\\\/buy-a-birth-certificate\\\/\",\"url\":\"https:\\\/\\\/buydiplomashop.com\\\/buy-a-birth-certificate\\\/\",\"name\":\"Buy a Birth Certificate - Buy a diploma, certificate and degrees\",\"isPartOf\":{\"@id\":\"https:\\\/\\\/buydiplomashop.com\\\/#website\"},\"primaryImageOfPage\":{\"@id\":\"https:\\\/\\\/buydiplomashop.com\\\/buy-a-birth-certificate\\\/#primaryimage\"},\"image\":{\"@id\":\"https:\\\/\\\/buydiplomashop.com\\\/buy-a-birth-certificate\\\/#primaryimage\"},\"thumbnailUrl\":\"https:\\\/\\\/buydiplomashop.com\\\/wp-content\\\/uploads\\\/2025\\\/11\\\/buy-birth-certificate-online.jpg\",\"datePublished\":\"2025-07-25T17:57:02+00:00\",\"dateModified\":\"2025-11-04T18:53:16+00:00\",\"description\":\"Buy birth certificate online for Europe, America and many more countries. Official birth certificate for sale Telegram, Dark Web online.\",\"breadcrumb\":{\"@id\":\"https:\\\/\\\/buydiplomashop.com\\\/buy-a-birth-certificate\\\/#breadcrumb\"},\"inLanguage\":\"sv-SE\",\"potentialAction\":[{\"@type\":\"ReadAction\",\"target\":[\"https:\\\/\\\/buydiplomashop.com\\\/buy-a-birth-certificate\\\/\"]}]},{\"@type\":\"ImageObject\",\"inLanguage\":\"sv-SE\",\"@id\":\"https:\\\/\\\/buydiplomashop.com\\\/buy-a-birth-certificate\\\/#primaryimage\",\"url\":\"https:\\\/\\\/buydiplomashop.com\\\/wp-content\\\/uploads\\\/2025\\\/11\\\/buy-birth-certificate-online.jpg\",\"contentUrl\":\"https:\\\/\\\/buydiplomashop.com\\\/wp-content\\\/uploads\\\/2025\\\/11\\\/buy-birth-certificate-online.jpg\"},{\"@type\":\"BreadcrumbList\",\"@id\":\"https:\\\/\\\/buydiplomashop.com\\\/buy-a-birth-certificate\\\/#breadcrumb\",\"itemListElement\":[{\"@type\":\"ListItem\",\"position\":1,\"name\":\"Home\",\"item\":\"https:\\\/\\\/buydiplomashop.com\\\/\"},{\"@type\":\"ListItem\",\"position\":2,\"name\":\"Buy a Birth Certificate\"}]},{\"@type\":\"WebSite\",\"@id\":\"https:\\\/\\\/buydiplomashop.com\\\/#website\",\"url\":\"https:\\\/\\\/buydiplomashop.com\\\/\",\"name\":\"Buy a diploma, certificate and degrees\",\"description\":\"Buy a diploma online, certificates, degrees\",\"potentialAction\":[{\"@type\":\"SearchAction\",\"target\":{\"@type\":\"EntryPoint\",\"urlTemplate\":\"https:\\\/\\\/buydiplomashop.com\\\/?s={search_term_string}\"},\"query-input\":{\"@type\":\"PropertyValueSpecification\",\"valueRequired\":true,\"valueName\":\"search_term_string\"}}],\"inLanguage\":\"sv-SE\"}]}<\/script>\n<!-- \/ Yoast SEO plugin. -->","yoast_head_json":{"title":"K\u00f6p ett f\u00f6delsebevis - K\u00f6p diplom, certifikat och examina","description":"K\u00f6p f\u00f6delsecertifikat online f\u00f6r Europa, Amerika och m\u00e5nga fler l\u00e4nder. Officiellt f\u00f6delsebevis till salu Telegram, Dark Web online.","robots":{"index":"index","follow":"follow","max-snippet":"max-snippet:-1","max-image-preview":"max-image-preview:large","max-video-preview":"max-video-preview:-1"},"canonical":"https:\/\/buydiplomashop.com\/sv\/kopa-ett-fodelsebevis\/","og_locale":"sv_SE","og_type":"article","og_title":"Buy a Birth Certificate - Buy a diploma, certificate and degrees","og_description":"Buy birth certificate online for Europe, America and many more countries. Official birth certificate for sale Telegram, Dark Web online.","og_url":"https:\/\/buydiplomashop.com\/sv\/kopa-ett-fodelsebevis\/","og_site_name":"Buy a diploma, certificate and degrees","article_modified_time":"2025-11-04T18:53:16+00:00","og_image":[{"width":780,"height":480,"url":"https:\/\/buydiplomashop.com\/wp-content\/uploads\/2025\/11\/buy-birth-certificate-online.jpg","type":"image\/jpeg"}],"twitter_card":"summary_large_image","twitter_misc":{"Ber\u00e4knad l\u00e4stid":"3 minuter"},"schema":{"@context":"https:\/\/schema.org","@graph":[{"@type":"WebPage","@id":"https:\/\/buydiplomashop.com\/buy-a-birth-certificate\/","url":"https:\/\/buydiplomashop.com\/buy-a-birth-certificate\/","name":"K\u00f6p ett f\u00f6delsebevis - K\u00f6p diplom, certifikat och examina","isPartOf":{"@id":"https:\/\/buydiplomashop.com\/#website"},"primaryImageOfPage":{"@id":"https:\/\/buydiplomashop.com\/buy-a-birth-certificate\/#primaryimage"},"image":{"@id":"https:\/\/buydiplomashop.com\/buy-a-birth-certificate\/#primaryimage"},"thumbnailUrl":"https:\/\/buydiplomashop.com\/wp-content\/uploads\/2025\/11\/buy-birth-certificate-online.jpg","datePublished":"2025-07-25T17:57:02+00:00","dateModified":"2025-11-04T18:53:16+00:00","description":"K\u00f6p f\u00f6delsecertifikat online f\u00f6r Europa, Amerika och m\u00e5nga fler l\u00e4nder. Officiellt f\u00f6delsebevis till salu Telegram, Dark Web online.","breadcrumb":{"@id":"https:\/\/buydiplomashop.com\/buy-a-birth-certificate\/#breadcrumb"},"inLanguage":"sv-SE","potentialAction":[{"@type":"ReadAction","target":["https:\/\/buydiplomashop.com\/buy-a-birth-certificate\/"]}]},{"@type":"ImageObject","inLanguage":"sv-SE","@id":"https:\/\/buydiplomashop.com\/buy-a-birth-certificate\/#primaryimage","url":"https:\/\/buydiplomashop.com\/wp-content\/uploads\/2025\/11\/buy-birth-certificate-online.jpg","contentUrl":"https:\/\/buydiplomashop.com\/wp-content\/uploads\/2025\/11\/buy-birth-certificate-online.jpg"},{"@type":"BreadcrumbList","@id":"https:\/\/buydiplomashop.com\/buy-a-birth-certificate\/#breadcrumb","itemListElement":[{"@type":"ListItem","position":1,"name":"Home","item":"https:\/\/buydiplomashop.com\/"},{"@type":"ListItem","position":2,"name":"Buy a Birth Certificate"}]},{"@type":"WebSite","@id":"https:\/\/buydiplomashop.com\/#website","url":"https:\/\/buydiplomashop.com\/","name":"K\u00f6p diplom, certifikat och examina","description":"K\u00f6p ett diplom online, certifikat, examina","potentialAction":[{"@type":"SearchAction","target":{"@type":"EntryPoint","urlTemplate":"https:\/\/buydiplomashop.com\/?s={search_term_string}"},"query-input":{"@type":"PropertyValueSpecification","valueRequired":true,"valueName":"search_term_string"}}],"inLanguage":"sv-SE"}]}},"_links":{"self":[{"href":"https:\/\/buydiplomashop.com\/sv\/wp-json\/wp\/v2\/pages\/135","targetHints":{"allow":["GET"]}}],"collection":[{"href":"https:\/\/buydiplomashop.com\/sv\/wp-json\/wp\/v2\/pages"}],"about":[{"href":"https:\/\/buydiplomashop.com\/sv\/wp-json\/wp\/v2\/types\/page"}],"author":[{"embeddable":true,"href":"https:\/\/buydiplomashop.com\/sv\/wp-json\/wp\/v2\/users\/1"}],"replies":[{"embeddable":true,"href":"https:\/\/buydiplomashop.com\/sv\/wp-json\/wp\/v2\/comments?post=135"}],"version-history":[{"count":5,"href":"https:\/\/buydiplomashop.com\/sv\/wp-json\/wp\/v2\/pages\/135\/revisions"}],"predecessor-version":[{"id":146,"href":"https:\/\/buydiplomashop.com\/sv\/wp-json\/wp\/v2\/pages\/135\/revisions\/146"}],"wp:attachment":[{"href":"https:\/\/buydiplomashop.com\/sv\/wp-json\/wp\/v2\/media?parent=135"}],"curies":[{"name":"wp","href":"https:\/\/api.w.org\/{rel}","templated":true}]}}