{"id":60,"date":"2025-03-24T20:16:32","date_gmt":"2025-03-24T20:16:32","guid":{"rendered":"https:\/\/buydiplomashop.com\/?page_id=60"},"modified":"2025-03-24T20:40:21","modified_gmt":"2025-03-24T20:40:21","slug":"kontakt","status":"publish","type":"page","link":"https:\/\/buydiplomashop.com\/sq\/contact\/","title":{"rendered":"Kontaktoni"},"content":{"rendered":"<h2 class=\"wp-block-heading\">D\u00ebshironi t\u00eb blini nj\u00eb diplom\u00eb dhe t\u00eb na kontaktoni?<\/h2>\n\n\n\n<p>Ju po vizitoni faqen ton\u00eb t\u00eb internetit sepse po k\u00ebrkoni nj\u00eb diplom\u00eb, certifikat\u00eb ose diplom\u00eb. Mund ta merrni nj\u00eb n\u00eb 2025 n\u00eb www.buydiplomashop.com. Ne jemi n\u00eb dispozicion 24 or\u00eb n\u00eb dit\u00eb, 7 dit\u00eb n\u00eb jav\u00eb, 365 dit\u00eb n\u00eb vit p\u00ebr t&#039;ju ndihmuar t\u00eb blini nj\u00eb diplom\u00eb n\u00eb internet.<\/p>\n\n\n\n<pre class=\"wp-block-preformatted\">D\u00ebshironi t\u00eb kontaktoni? D\u00ebrgoni nj\u00eb e-mail, pa asnj\u00eb varg t\u00eb bashkangjitur, n\u00eb: <strong>Buydiplomashop@pm.me<\/strong><\/pre>\n\n\n\n<p>Nuk jeni i sigurt se cila certifikat\u00eb ju nevojitet? Nuk ka problem, ne do t&#039;ju ndihmojm\u00eb t\u00eb vendosni - pa pages\u00eb.<\/p>\n\n\n\n<figure class=\"wp-block-image size-full\"><img loading=\"lazy\" decoding=\"async\" width=\"980\" height=\"980\" src=\"https:\/\/buydiplomashop.com\/wp-content\/uploads\/2025\/03\/diploma-kopen-vca-hbo-mbo-bachelor-duo-belgie-nederland.jpg\" alt=\"blej diplom\u00eb\" class=\"wp-image-78\" srcset=\"https:\/\/buydiplomashop.com\/wp-content\/uploads\/2025\/03\/diploma-kopen-vca-hbo-mbo-bachelor-duo-belgie-nederland.jpg 980w, https:\/\/buydiplomashop.com\/wp-content\/uploads\/2025\/03\/diploma-kopen-vca-hbo-mbo-bachelor-duo-belgie-nederland-300x300.jpg 300w, https:\/\/buydiplomashop.com\/wp-content\/uploads\/2025\/03\/diploma-kopen-vca-hbo-mbo-bachelor-duo-belgie-nederland-150x150.jpg 150w, https:\/\/buydiplomashop.com\/wp-content\/uploads\/2025\/03\/diploma-kopen-vca-hbo-mbo-bachelor-duo-belgie-nederland-768x768.jpg 768w, https:\/\/buydiplomashop.com\/wp-content\/uploads\/2025\/03\/diploma-kopen-vca-hbo-mbo-bachelor-duo-belgie-nederland-12x12.jpg 12w\" sizes=\"auto, (max-width: 980px) 100vw, 980px\" \/><\/figure>","protected":false},"excerpt":{"rendered":"<p>Would you like to buy a diploma and get in touch with us? You are visiting our website because you are looking for a diploma, certificate or degree. You can get one in 2025 at www.buydiplomashop.com. We are available 24 hours a day, 7 days a week, 365 days a year to help you buy&hellip;&nbsp;<a href=\"https:\/\/buydiplomashop.com\/sq\/contact\/\" rel=\"bookmark\"><span class=\"screen-reader-text\">Kontaktoni<\/span><\/a><\/p>","protected":false},"author":1,"featured_media":0,"parent":0,"menu_order":0,"comment_status":"closed","ping_status":"closed","template":"","meta":{"neve_meta_sidebar":"","neve_meta_container":"","neve_meta_enable_content_width":"","neve_meta_content_width":0,"neve_meta_title_alignment":"","neve_meta_author_avatar":"","neve_post_elements_order":"","neve_meta_disable_header":"","neve_meta_disable_footer":"","neve_meta_disable_title":"","footnotes":""},"class_list":["post-60","page","type-page","status-publish","hentry"],"yoast_head":"<!-- This site is optimized with the Yoast SEO plugin v27.4 - https:\/\/yoast.com\/product\/yoast-seo-wordpress\/ -->\n<title>Contact - Buy a diploma, certificate and degrees<\/title>\n<meta name=\"robots\" content=\"index, follow, max-snippet:-1, max-image-preview:large, max-video-preview:-1\" \/>\n<link rel=\"canonical\" href=\"https:\/\/buydiplomashop.com\/sq\/kontakt\/\" \/>\n<meta property=\"og:locale\" content=\"sq_AL\" \/>\n<meta property=\"og:type\" content=\"article\" \/>\n<meta property=\"og:title\" content=\"Contact - Buy a diploma, certificate and degrees\" \/>\n<meta property=\"og:description\" content=\"Would you like to buy a diploma and get in touch with us? You are visiting our website because you are looking for a diploma, certificate or degree. You can get one in 2025 at www.buydiplomashop.com. We are available 24 hours a day, 7 days a week, 365 days a year to help you buy&hellip;&nbsp;Contact\" \/>\n<meta property=\"og:url\" content=\"https:\/\/buydiplomashop.com\/sq\/kontakt\/\" \/>\n<meta property=\"og:site_name\" content=\"Buy a diploma, certificate and degrees\" \/>\n<meta property=\"article:modified_time\" content=\"2025-03-24T20:40:21+00:00\" \/>\n<meta property=\"og:image\" content=\"https:\/\/buydiplomashop.com\/wp-content\/uploads\/2025\/03\/diploma-kopen-vca-hbo-mbo-bachelor-duo-belgie-nederland.jpg\" \/>\n\t<meta property=\"og:image:width\" content=\"980\" \/>\n\t<meta property=\"og:image:height\" content=\"980\" \/>\n\t<meta property=\"og:image:type\" content=\"image\/jpeg\" \/>\n<meta name=\"twitter:card\" content=\"summary_large_image\" \/>\n<meta name=\"twitter:label1\" content=\"Est. reading time\" \/>\n\t<meta name=\"twitter:data1\" content=\"1 minut\u00eb\" \/>\n<script type=\"application\/ld+json\" class=\"yoast-schema-graph\">{\"@context\":\"https:\\\/\\\/schema.org\",\"@graph\":[{\"@type\":\"WebPage\",\"@id\":\"https:\\\/\\\/buydiplomashop.com\\\/contact\\\/\",\"url\":\"https:\\\/\\\/buydiplomashop.com\\\/contact\\\/\",\"name\":\"Contact - Buy a diploma, certificate and degrees\",\"isPartOf\":{\"@id\":\"https:\\\/\\\/buydiplomashop.com\\\/#website\"},\"primaryImageOfPage\":{\"@id\":\"https:\\\/\\\/buydiplomashop.com\\\/contact\\\/#primaryimage\"},\"image\":{\"@id\":\"https:\\\/\\\/buydiplomashop.com\\\/contact\\\/#primaryimage\"},\"thumbnailUrl\":\"https:\\\/\\\/buydiplomashop.com\\\/wp-content\\\/uploads\\\/2025\\\/03\\\/diploma-kopen-vca-hbo-mbo-bachelor-duo-belgie-nederland.jpg\",\"datePublished\":\"2025-03-24T20:16:32+00:00\",\"dateModified\":\"2025-03-24T20:40:21+00:00\",\"breadcrumb\":{\"@id\":\"https:\\\/\\\/buydiplomashop.com\\\/contact\\\/#breadcrumb\"},\"inLanguage\":\"sq\",\"potentialAction\":[{\"@type\":\"ReadAction\",\"target\":[\"https:\\\/\\\/buydiplomashop.com\\\/contact\\\/\"]}]},{\"@type\":\"ImageObject\",\"inLanguage\":\"sq\",\"@id\":\"https:\\\/\\\/buydiplomashop.com\\\/contact\\\/#primaryimage\",\"url\":\"https:\\\/\\\/buydiplomashop.com\\\/wp-content\\\/uploads\\\/2025\\\/03\\\/diploma-kopen-vca-hbo-mbo-bachelor-duo-belgie-nederland.jpg\",\"contentUrl\":\"https:\\\/\\\/buydiplomashop.com\\\/wp-content\\\/uploads\\\/2025\\\/03\\\/diploma-kopen-vca-hbo-mbo-bachelor-duo-belgie-nederland.jpg\"},{\"@type\":\"BreadcrumbList\",\"@id\":\"https:\\\/\\\/buydiplomashop.com\\\/contact\\\/#breadcrumb\",\"itemListElement\":[{\"@type\":\"ListItem\",\"position\":1,\"name\":\"Home\",\"item\":\"https:\\\/\\\/buydiplomashop.com\\\/\"},{\"@type\":\"ListItem\",\"position\":2,\"name\":\"Contact\"}]},{\"@type\":\"WebSite\",\"@id\":\"https:\\\/\\\/buydiplomashop.com\\\/#website\",\"url\":\"https:\\\/\\\/buydiplomashop.com\\\/\",\"name\":\"Buy a diploma, certificate and degrees\",\"description\":\"Buy a diploma online, certificates, degrees\",\"potentialAction\":[{\"@type\":\"SearchAction\",\"target\":{\"@type\":\"EntryPoint\",\"urlTemplate\":\"https:\\\/\\\/buydiplomashop.com\\\/?s={search_term_string}\"},\"query-input\":{\"@type\":\"PropertyValueSpecification\",\"valueRequired\":true,\"valueName\":\"search_term_string\"}}],\"inLanguage\":\"sq\"}]}<\/script>\n<!-- \/ Yoast SEO plugin. -->","yoast_head_json":{"title":"Kontakt - Blini nj\u00eb diplom\u00eb, certifikat\u00eb dhe diploma","robots":{"index":"index","follow":"follow","max-snippet":"max-snippet:-1","max-image-preview":"max-image-preview:large","max-video-preview":"max-video-preview:-1"},"canonical":"https:\/\/buydiplomashop.com\/sq\/kontakt\/","og_locale":"sq_AL","og_type":"article","og_title":"Contact - Buy a diploma, certificate and degrees","og_description":"Would you like to buy a diploma and get in touch with us? You are visiting our website because you are looking for a diploma, certificate or degree. You can get one in 2025 at www.buydiplomashop.com. We are available 24 hours a day, 7 days a week, 365 days a year to help you buy&hellip;&nbsp;Contact","og_url":"https:\/\/buydiplomashop.com\/sq\/kontakt\/","og_site_name":"Buy a diploma, certificate and degrees","article_modified_time":"2025-03-24T20:40:21+00:00","og_image":[{"width":980,"height":980,"url":"https:\/\/buydiplomashop.com\/wp-content\/uploads\/2025\/03\/diploma-kopen-vca-hbo-mbo-bachelor-duo-belgie-nederland.jpg","type":"image\/jpeg"}],"twitter_card":"summary_large_image","twitter_misc":{"Est. reading time":"1 minut\u00eb"},"schema":{"@context":"https:\/\/schema.org","@graph":[{"@type":"WebPage","@id":"https:\/\/buydiplomashop.com\/contact\/","url":"https:\/\/buydiplomashop.com\/contact\/","name":"Kontakt - Blini nj\u00eb diplom\u00eb, certifikat\u00eb dhe diploma","isPartOf":{"@id":"https:\/\/buydiplomashop.com\/#website"},"primaryImageOfPage":{"@id":"https:\/\/buydiplomashop.com\/contact\/#primaryimage"},"image":{"@id":"https:\/\/buydiplomashop.com\/contact\/#primaryimage"},"thumbnailUrl":"https:\/\/buydiplomashop.com\/wp-content\/uploads\/2025\/03\/diploma-kopen-vca-hbo-mbo-bachelor-duo-belgie-nederland.jpg","datePublished":"2025-03-24T20:16:32+00:00","dateModified":"2025-03-24T20:40:21+00:00","breadcrumb":{"@id":"https:\/\/buydiplomashop.com\/contact\/#breadcrumb"},"inLanguage":"sq","potentialAction":[{"@type":"ReadAction","target":["https:\/\/buydiplomashop.com\/contact\/"]}]},{"@type":"ImageObject","inLanguage":"sq","@id":"https:\/\/buydiplomashop.com\/contact\/#primaryimage","url":"https:\/\/buydiplomashop.com\/wp-content\/uploads\/2025\/03\/diploma-kopen-vca-hbo-mbo-bachelor-duo-belgie-nederland.jpg","contentUrl":"https:\/\/buydiplomashop.com\/wp-content\/uploads\/2025\/03\/diploma-kopen-vca-hbo-mbo-bachelor-duo-belgie-nederland.jpg"},{"@type":"BreadcrumbList","@id":"https:\/\/buydiplomashop.com\/contact\/#breadcrumb","itemListElement":[{"@type":"ListItem","position":1,"name":"Home","item":"https:\/\/buydiplomashop.com\/"},{"@type":"ListItem","position":2,"name":"Contact"}]},{"@type":"WebSite","@id":"https:\/\/buydiplomashop.com\/#website","url":"https:\/\/buydiplomashop.com\/","name":"Bleni nj\u00eb diplom\u00eb, certifikat\u00eb dhe diploma","description":"Bleni nj\u00eb diplom\u00eb n\u00eb internet, certifikata, diploma","potentialAction":[{"@type":"SearchAction","target":{"@type":"EntryPoint","urlTemplate":"https:\/\/buydiplomashop.com\/?s={search_term_string}"},"query-input":{"@type":"PropertyValueSpecification","valueRequired":true,"valueName":"search_term_string"}}],"inLanguage":"sq"}]}},"_links":{"self":[{"href":"https:\/\/buydiplomashop.com\/sq\/wp-json\/wp\/v2\/pages\/60","targetHints":{"allow":["GET"]}}],"collection":[{"href":"https:\/\/buydiplomashop.com\/sq\/wp-json\/wp\/v2\/pages"}],"about":[{"href":"https:\/\/buydiplomashop.com\/sq\/wp-json\/wp\/v2\/types\/page"}],"author":[{"embeddable":true,"href":"https:\/\/buydiplomashop.com\/sq\/wp-json\/wp\/v2\/users\/1"}],"replies":[{"embeddable":true,"href":"https:\/\/buydiplomashop.com\/sq\/wp-json\/wp\/v2\/comments?post=60"}],"version-history":[{"count":5,"href":"https:\/\/buydiplomashop.com\/sq\/wp-json\/wp\/v2\/pages\/60\/revisions"}],"predecessor-version":[{"id":92,"href":"https:\/\/buydiplomashop.com\/sq\/wp-json\/wp\/v2\/pages\/60\/revisions\/92"}],"wp:attachment":[{"href":"https:\/\/buydiplomashop.com\/sq\/wp-json\/wp\/v2\/media?parent=60"}],"curies":[{"name":"wp","href":"https:\/\/api.w.org\/{rel}","templated":true}]}}