{"id":147,"date":"2025-11-04T18:58:21","date_gmt":"2025-11-04T18:58:21","guid":{"rendered":"https:\/\/buydiplomashop.com\/?page_id=147"},"modified":"2025-11-04T19:03:00","modified_gmt":"2025-11-04T19:03:00","slug":"blej-diplome-universitare","status":"publish","type":"page","link":"https:\/\/buydiplomashop.com\/sq\/buy-university-diploma\/","title":{"rendered":"Bli diplom\u00eb universitare"},"content":{"rendered":"<h2 class=\"wp-block-heading\"><strong>Bli nj\u00eb diplom\u00eb universitare t\u00eb v\u00ebrtet\u00eb q\u00eb pasqyron p\u00ebrvoj\u00ebn dhe arritjet e tua<\/strong><\/h2>\n\n\n\n<p><strong>Blerje<\/strong> <strong>diplom\u00eb universitare<\/strong> ose ta fitosh \u00ebsht\u00eb nj\u00eb nga vendimet m\u00eb t\u00eb guximshme n\u00eb jet\u00eb, nj\u00eb shenj\u00eb e p\u00ebrpjekjes, disiplin\u00ebs dhe arritjes.<br>Por n\u00eb bot\u00ebn e sotme, shum\u00eb profesionist\u00eb tashm\u00eb zot\u00ebrojn\u00eb njohurit\u00eb dhe p\u00ebrvoj\u00ebn e nj\u00eb t\u00eb diplomuari, por u mungon dokumentacioni zyrtar p\u00ebr ta v\u00ebrtetuar k\u00ebt\u00eb.<br>N\u00eb <strong>BliDiplom\u00ebnShop<\/strong>, ne ofrojm\u00eb nj\u00eb <strong>n\u00eb m\u00ebnyr\u00eb t\u00eb sigurt, konfidenciale dhe t\u00eb besueshme<\/strong> p\u00ebr t\u00eb marr\u00eb nj\u00eb <strong>diplom\u00eb universitare realiste dhe verifikueshme<\/strong>, pa kaluar vite studimi ose procedura t\u00eb nd\u00ebrlikuara.<\/p>\n\n\n\n<p>Dokumentet tona krijohen nga shabllone akademike autentike, t\u00eb plota me <strong>vulat zyrtare, numrat e regjistrimit, dhe formatim i sakt\u00eb<\/strong>. \u00c7do diplom\u00eb q\u00eb dor\u00ebzojm\u00eb plot\u00ebson standardet m\u00eb t\u00eb larta t\u00eb dizajnit dhe detajeve, duke siguruar q\u00eb t\u00eb duket dhe t\u00eb ndihet si nj\u00eb origjinale e v\u00ebrtet\u00eb.<\/p>\n\n\n\n<figure class=\"wp-block-image size-full is-resized\"><img loading=\"lazy\" decoding=\"async\" width=\"700\" height=\"320\" src=\"https:\/\/buydiplomashop.com\/wp-content\/uploads\/2025\/11\/buy-university-diploma.png\" alt=\"blej diplom\u00eb universitare\" class=\"wp-image-152\" style=\"width:463px;height:auto\" srcset=\"https:\/\/buydiplomashop.com\/wp-content\/uploads\/2025\/11\/buy-university-diploma.png 700w, https:\/\/buydiplomashop.com\/wp-content\/uploads\/2025\/11\/buy-university-diploma-300x137.png 300w, https:\/\/buydiplomashop.com\/wp-content\/uploads\/2025\/11\/buy-university-diploma-18x8.png 18w\" sizes=\"auto, (max-width: 700px) 100vw, 700px\" \/><\/figure>\n\n\n\n<hr class=\"wp-block-separator has-alpha-channel-opacity\"\/>\n\n\n\n<h3 class=\"wp-block-heading\">\ud83c\udfdb\ufe0f <strong>Pse njer\u00ebzit zgjedhin t\u00eb blejn\u00eb nj\u00eb diplom\u00eb universitare<\/strong><\/h3>\n\n\n\n<p>Ka arsye t\u00eb panum\u00ebrta pse njer\u00ebzit i drejtohen nj\u00eb sh\u00ebrbimi t\u00eb besuesh\u00ebm si BuyDiplomaShop. Disa d\u00ebshirojn\u00eb t\u00eb <strong>Z\u00ebvend\u00ebsoni nj\u00eb diplom\u00eb t\u00eb humbur<\/strong>, t\u00eb tjer\u00ebve u duhet nj\u00eb p\u00ebr <strong>dokumentet personale, njohje, ose ekspozit\u00eb profesionale<\/strong>.<br>Ne gjithashtu ndihmojm\u00eb klient\u00ebt q\u00eb kan\u00eb studiuar jasht\u00eb vendit dhe duan nj\u00eb <strong>dokument n\u00eb p\u00ebrputhje me formatet akademike nd\u00ebrkomb\u00ebtare<\/strong>.<\/p>\n\n\n\n<p>Nj\u00eb diplom\u00eb q\u00eb duket e v\u00ebrtet\u00eb mund t'ju ndihmoj\u00eb:<\/p>\n\n\n\n<ul class=\"wp-block-list\">\n<li><strong>V\u00ebrtetoni p\u00ebrvoj\u00ebn tuaj<\/strong> ose studime t\u00eb m\u00ebparshme,<\/li>\n\n\n\n<li><strong>Mb\u00ebshtetni avancimin e karrier\u00ebs suaj<\/strong>,<\/li>\n\n\n\n<li><strong>P\u00ebrmir\u00ebsoni imazhin tuaj personal ose t\u00eb biznesit<\/strong>,<\/li>\n\n\n\n<li>Ose thjesht <strong>Z\u00ebvend\u00ebsoni nj\u00eb certifikat\u00eb t\u00eb d\u00ebmtuar ose t\u00eb munguar<\/strong>.<\/li>\n<\/ul>\n\n\n\n<p>Diplomat tona jan\u00eb hartuar duke p\u00ebrdorur dizajne autentike universitare nga vendet anglishtfol\u00ebse dhe institucionet e njohura nd\u00ebrkomb\u00ebtarisht.<\/p>\n\n\n\n<hr class=\"wp-block-separator has-alpha-channel-opacity\"\/>\n\n\n\n<h4 class=\"wp-block-heading\">\ud83d\udd10 <strong>Autenticiteti dhe Garancia e Cil\u00ebsis\u00eb<\/strong><\/h4>\n\n\n\n<p>\u00c7do dokument q\u00eb prodhojm\u00eb kalon n\u00ebp\u00ebr nj\u00eb proces verifikimi t\u00eb kujdessh\u00ebm.<br>Ne sigurojm\u00eb <strong>nd\u00ebrtimi i faqes, flet\u00ebt e palosura, fontet dhe vulat<\/strong> p\u00ebrputhen n\u00eb m\u00ebnyr\u00eb t\u00eb p\u00ebrkryer me standardet akademike t\u00eb bot\u00ebs reale.<br>T\u00eb gjitha materialet jan\u00eb t\u00eb shtypura n\u00eb <strong>let\u00ebr diplome premium me ve\u00e7ori sigurie t\u00eb integruara<\/strong>, duke krijuar nj\u00eb rezultat profesional dhe t\u00eb q\u00ebndruesh\u00ebm.<\/p>\n\n\n\n<p>M\u00ebsoni m\u00eb shum\u00eb rreth standardeve tona n\u00eb <a href=\"#\">Garancia e Autenticitetit<\/a> faqe, ose vizitoni <a href=\"#\">Rreth nesh<\/a> p\u00ebr t\u00eb kuptuar se si ne sigurojm\u00eb konfidencialitetin dhe sakt\u00ebsin\u00eb n\u00eb \u00e7do faz\u00eb.<\/p>\n\n\n\n<hr class=\"wp-block-separator has-alpha-channel-opacity\"\/>\n\n\n\n<h5 class=\"wp-block-heading\">\ud83e\udde9 <strong>Zgjidh nivelin dhe fush\u00ebn t\u00ebnde<\/strong><\/h5>\n\n\n\n<p>Qoft\u00eb q\u00eb po k\u00ebrkoni nj\u00eb <strong>Bach\u00eblori<\/strong>, <strong>Magjistratur\u00eb<\/strong>, ose <strong>Doktorature<\/strong> diplom\u00eb, ekspert\u00ebt tan\u00eb mund t'ju udh\u00ebzojn\u00eb p\u00ebr opsionin e duhur.<br>Eksploroni faqet tona t\u00eb dedikuara p\u00ebr m\u00eb shum\u00eb detaje:<\/p>\n\n\n\n<ul class=\"wp-block-list\">\n<li><a href=\"#\">Bli diplom\u00eb bachelor<\/a><\/li>\n\n\n\n<li><a href=\"#\">Blej diplom\u00eb masteri<\/a><\/li>\n\n\n\n<li><a href=\"#\">Bli diplom\u00eb doktorature<\/a><\/li>\n<\/ul>\n\n\n\n<p>\u00c7do dokument mund t\u00eb p\u00ebrshtatet sipas fush\u00ebs suaj akademike \u2014 biznes, shkenc\u00eb, teknologji, artet ose shkencat humane \u2014 duke siguruar q\u00eb t\u00eb p\u00ebrshtatet n\u00eb m\u00ebnyr\u00eb t\u00eb p\u00ebrkryer me profilin tuaj personal.<\/p>\n\n\n\n<figure class=\"wp-block-image size-full\"><img loading=\"lazy\" decoding=\"async\" width=\"400\" height=\"300\" src=\"https:\/\/buydiplomashop.com\/wp-content\/uploads\/2025\/11\/buy-university-diploma-online-for-sale.jpg\" alt=\"blej online diplom\u00eb universitare p\u00ebr shitje\" class=\"wp-image-151\" srcset=\"https:\/\/buydiplomashop.com\/wp-content\/uploads\/2025\/11\/buy-university-diploma-online-for-sale.jpg 400w, https:\/\/buydiplomashop.com\/wp-content\/uploads\/2025\/11\/buy-university-diploma-online-for-sale-300x225.jpg 300w, https:\/\/buydiplomashop.com\/wp-content\/uploads\/2025\/11\/buy-university-diploma-online-for-sale-16x12.jpg 16w\" sizes=\"auto, (max-width: 400px) 100vw, 400px\" \/><\/figure>\n\n\n\n<hr class=\"wp-block-separator has-alpha-channel-opacity\"\/>\n\n\n\n<h6 class=\"wp-block-heading\">\ud83c\udf0d <strong>Formati global dhe njohja<\/strong><\/h6>\n\n\n\n<p>Diplomat tona ndjekin <strong>Struktura nd\u00ebrkomb\u00ebtare universitare<\/strong>, i pajtuesh\u00ebm me sistemet akademike t\u00eb p\u00ebrdorura n\u00eb SHBA, Mbret\u00ebrin\u00eb e Bashkuar, Kanada, Australi dhe Evrop\u00eb.<br>Mund t\u00eb p\u00ebrfshijn\u00eb element\u00eb shum\u00ebgjuh\u00ebsh sipas k\u00ebrkes\u00ebs, ideal p\u00ebr klient\u00ebt q\u00eb operojn\u00eb nd\u00ebrkomb\u00ebtarisht.<\/p>\n\n\n\n<p>P\u00ebr m\u00eb shum\u00eb njohuri mbi formatet globale t\u00eb diplomave, shih referenc\u00ebn arsimore. <a href=\"https:\/\/www.wes.org\">Sh\u00ebrbimet e Arsimit Bot\u00ebror (WES)<\/a>, nj\u00eb autoritet i besuesh\u00ebm p\u00ebr standardet akademike nd\u00ebrkomb\u00ebtare.<br><\/p>\n\n\n\n<hr class=\"wp-block-separator has-alpha-channel-opacity\"\/>\n\n\n\n<h6 class=\"wp-block-heading\">\ud83d\udce9 <strong>Mb\u00ebshtetje diskrete dhe personale<\/strong><\/h6>\n\n\n\n<p>Ekipi yn\u00eb i mb\u00ebshtetjes \u00ebsht\u00eb n\u00eb dispozicion p\u00ebr t'iu p\u00ebrgjigjur pyetjeve tuaja n\u00eb m\u00ebnyr\u00eb konfidenciale.<br>Mund t\u00eb na kontaktoni n\u00eb \u00e7do koh\u00eb n\u00eb <strong>BuyDiplomaShop@pm.me<\/strong>.<br>\u00c7do k\u00ebrkes\u00eb trajtohet n\u00eb m\u00ebnyr\u00eb private dhe profesionale, besimi dhe privat\u00ebsia juaj jan\u00eb t\u00eb parat.<\/p>","protected":false},"excerpt":{"rendered":"<p>Buy a Real University Diploma That Reflects Your Experience and Achievements Buying university diploma or earning it is one of life\u2019s most brave decision, a sign of effort, discipline, and accomplishment.But in today\u2019s world, many professionals already possess the knowledge and experience of a graduate, yet lack the official paperwork to prove it.At BuyDiplomaShop, we&hellip;&nbsp;<a href=\"https:\/\/buydiplomashop.com\/sq\/buy-university-diploma\/\" rel=\"bookmark\"><span class=\"screen-reader-text\">Bli diplom\u00eb universitare<\/span><\/a><\/p>","protected":false},"author":1,"featured_media":0,"parent":0,"menu_order":0,"comment_status":"closed","ping_status":"closed","template":"","meta":{"neve_meta_sidebar":"","neve_meta_container":"","neve_meta_enable_content_width":"","neve_meta_content_width":0,"neve_meta_title_alignment":"","neve_meta_author_avatar":"","neve_post_elements_order":"","neve_meta_disable_header":"","neve_meta_disable_footer":"","neve_meta_disable_title":"","footnotes":""},"class_list":["post-147","page","type-page","status-publish","hentry"],"yoast_head":"<!-- This site is optimized with the Yoast SEO plugin v27.4 - https:\/\/yoast.com\/product\/yoast-seo-wordpress\/ -->\n<title>Buy University Diploma - Buy a diploma, certificate and degrees<\/title>\n<meta name=\"description\" content=\"Buy a real university diploma online with full authenticity and confidentiality. Genuine design, premium quality, and verified details.\" \/>\n<meta name=\"robots\" content=\"index, follow, max-snippet:-1, max-image-preview:large, max-video-preview:-1\" \/>\n<link rel=\"canonical\" href=\"https:\/\/buydiplomashop.com\/sq\/blej-diplome-universitare\/\" \/>\n<meta property=\"og:locale\" content=\"sq_AL\" \/>\n<meta property=\"og:type\" content=\"article\" \/>\n<meta property=\"og:title\" content=\"Buy University Diploma - Buy a diploma, certificate and degrees\" \/>\n<meta property=\"og:description\" content=\"Buy a real university diploma online with full authenticity and confidentiality. Genuine design, premium quality, and verified details.\" \/>\n<meta property=\"og:url\" content=\"https:\/\/buydiplomashop.com\/sq\/blej-diplome-universitare\/\" \/>\n<meta property=\"og:site_name\" content=\"Buy a diploma, certificate and degrees\" \/>\n<meta property=\"article:modified_time\" content=\"2025-11-04T19:03:00+00:00\" \/>\n<meta property=\"og:image\" content=\"https:\/\/buydiplomashop.com\/wp-content\/uploads\/2025\/11\/buy-university-diploma.png\" \/>\n\t<meta property=\"og:image:width\" content=\"700\" \/>\n\t<meta property=\"og:image:height\" content=\"320\" \/>\n\t<meta property=\"og:image:type\" content=\"image\/png\" \/>\n<meta name=\"twitter:card\" content=\"summary_large_image\" \/>\n<meta name=\"twitter:label1\" content=\"Est. reading time\" \/>\n\t<meta name=\"twitter:data1\" content=\"3 minuta\" \/>\n<script type=\"application\/ld+json\" class=\"yoast-schema-graph\">{\"@context\":\"https:\\\/\\\/schema.org\",\"@graph\":[{\"@type\":\"WebPage\",\"@id\":\"https:\\\/\\\/buydiplomashop.com\\\/buy-university-diploma\\\/\",\"url\":\"https:\\\/\\\/buydiplomashop.com\\\/buy-university-diploma\\\/\",\"name\":\"Buy University Diploma - Buy a diploma, certificate and degrees\",\"isPartOf\":{\"@id\":\"https:\\\/\\\/buydiplomashop.com\\\/#website\"},\"primaryImageOfPage\":{\"@id\":\"https:\\\/\\\/buydiplomashop.com\\\/buy-university-diploma\\\/#primaryimage\"},\"image\":{\"@id\":\"https:\\\/\\\/buydiplomashop.com\\\/buy-university-diploma\\\/#primaryimage\"},\"thumbnailUrl\":\"https:\\\/\\\/buydiplomashop.com\\\/wp-content\\\/uploads\\\/2025\\\/11\\\/buy-university-diploma.png\",\"datePublished\":\"2025-11-04T18:58:21+00:00\",\"dateModified\":\"2025-11-04T19:03:00+00:00\",\"description\":\"Buy a real university diploma online with full authenticity and confidentiality. Genuine design, premium quality, and verified details.\",\"breadcrumb\":{\"@id\":\"https:\\\/\\\/buydiplomashop.com\\\/buy-university-diploma\\\/#breadcrumb\"},\"inLanguage\":\"sq\",\"potentialAction\":[{\"@type\":\"ReadAction\",\"target\":[\"https:\\\/\\\/buydiplomashop.com\\\/buy-university-diploma\\\/\"]}]},{\"@type\":\"ImageObject\",\"inLanguage\":\"sq\",\"@id\":\"https:\\\/\\\/buydiplomashop.com\\\/buy-university-diploma\\\/#primaryimage\",\"url\":\"https:\\\/\\\/buydiplomashop.com\\\/wp-content\\\/uploads\\\/2025\\\/11\\\/buy-university-diploma.png\",\"contentUrl\":\"https:\\\/\\\/buydiplomashop.com\\\/wp-content\\\/uploads\\\/2025\\\/11\\\/buy-university-diploma.png\"},{\"@type\":\"BreadcrumbList\",\"@id\":\"https:\\\/\\\/buydiplomashop.com\\\/buy-university-diploma\\\/#breadcrumb\",\"itemListElement\":[{\"@type\":\"ListItem\",\"position\":1,\"name\":\"Home\",\"item\":\"https:\\\/\\\/buydiplomashop.com\\\/\"},{\"@type\":\"ListItem\",\"position\":2,\"name\":\"Buy University Diploma\"}]},{\"@type\":\"WebSite\",\"@id\":\"https:\\\/\\\/buydiplomashop.com\\\/#website\",\"url\":\"https:\\\/\\\/buydiplomashop.com\\\/\",\"name\":\"Buy a diploma, certificate and degrees\",\"description\":\"Buy a diploma online, certificates, degrees\",\"potentialAction\":[{\"@type\":\"SearchAction\",\"target\":{\"@type\":\"EntryPoint\",\"urlTemplate\":\"https:\\\/\\\/buydiplomashop.com\\\/?s={search_term_string}\"},\"query-input\":{\"@type\":\"PropertyValueSpecification\",\"valueRequired\":true,\"valueName\":\"search_term_string\"}}],\"inLanguage\":\"sq\"}]}<\/script>\n<!-- \/ Yoast SEO plugin. -->","yoast_head_json":{"title":"Bli diplom\u00eb universitare - Bli diplom\u00eb, certifikat\u00eb dhe tituj akademik\u00eb","description":"Bleni nj\u00eb diplom\u00eb universitare t\u00eb v\u00ebrtet\u00eb online me autenticitet t\u00eb plot\u00eb dhe konfidencialitet. Dizajn autentik, cil\u00ebsi premium dhe detaje t\u00eb verifikuara.","robots":{"index":"index","follow":"follow","max-snippet":"max-snippet:-1","max-image-preview":"max-image-preview:large","max-video-preview":"max-video-preview:-1"},"canonical":"https:\/\/buydiplomashop.com\/sq\/blej-diplome-universitare\/","og_locale":"sq_AL","og_type":"article","og_title":"Buy University Diploma - Buy a diploma, certificate and degrees","og_description":"Buy a real university diploma online with full authenticity and confidentiality. Genuine design, premium quality, and verified details.","og_url":"https:\/\/buydiplomashop.com\/sq\/blej-diplome-universitare\/","og_site_name":"Buy a diploma, certificate and degrees","article_modified_time":"2025-11-04T19:03:00+00:00","og_image":[{"width":700,"height":320,"url":"https:\/\/buydiplomashop.com\/wp-content\/uploads\/2025\/11\/buy-university-diploma.png","type":"image\/png"}],"twitter_card":"summary_large_image","twitter_misc":{"Est. reading time":"3 minuta"},"schema":{"@context":"https:\/\/schema.org","@graph":[{"@type":"WebPage","@id":"https:\/\/buydiplomashop.com\/buy-university-diploma\/","url":"https:\/\/buydiplomashop.com\/buy-university-diploma\/","name":"Bli diplom\u00eb universitare - Bli diplom\u00eb, certifikat\u00eb dhe tituj akademik\u00eb","isPartOf":{"@id":"https:\/\/buydiplomashop.com\/#website"},"primaryImageOfPage":{"@id":"https:\/\/buydiplomashop.com\/buy-university-diploma\/#primaryimage"},"image":{"@id":"https:\/\/buydiplomashop.com\/buy-university-diploma\/#primaryimage"},"thumbnailUrl":"https:\/\/buydiplomashop.com\/wp-content\/uploads\/2025\/11\/buy-university-diploma.png","datePublished":"2025-11-04T18:58:21+00:00","dateModified":"2025-11-04T19:03:00+00:00","description":"Bleni nj\u00eb diplom\u00eb universitare t\u00eb v\u00ebrtet\u00eb online me autenticitet t\u00eb plot\u00eb dhe konfidencialitet. Dizajn autentik, cil\u00ebsi premium dhe detaje t\u00eb verifikuara.","breadcrumb":{"@id":"https:\/\/buydiplomashop.com\/buy-university-diploma\/#breadcrumb"},"inLanguage":"sq","potentialAction":[{"@type":"ReadAction","target":["https:\/\/buydiplomashop.com\/buy-university-diploma\/"]}]},{"@type":"ImageObject","inLanguage":"sq","@id":"https:\/\/buydiplomashop.com\/buy-university-diploma\/#primaryimage","url":"https:\/\/buydiplomashop.com\/wp-content\/uploads\/2025\/11\/buy-university-diploma.png","contentUrl":"https:\/\/buydiplomashop.com\/wp-content\/uploads\/2025\/11\/buy-university-diploma.png"},{"@type":"BreadcrumbList","@id":"https:\/\/buydiplomashop.com\/buy-university-diploma\/#breadcrumb","itemListElement":[{"@type":"ListItem","position":1,"name":"Home","item":"https:\/\/buydiplomashop.com\/"},{"@type":"ListItem","position":2,"name":"Buy University Diploma"}]},{"@type":"WebSite","@id":"https:\/\/buydiplomashop.com\/#website","url":"https:\/\/buydiplomashop.com\/","name":"Bleni nj\u00eb diplom\u00eb, certifikat\u00eb dhe diploma","description":"Bleni nj\u00eb diplom\u00eb n\u00eb internet, certifikata, diploma","potentialAction":[{"@type":"SearchAction","target":{"@type":"EntryPoint","urlTemplate":"https:\/\/buydiplomashop.com\/?s={search_term_string}"},"query-input":{"@type":"PropertyValueSpecification","valueRequired":true,"valueName":"search_term_string"}}],"inLanguage":"sq"}]}},"_links":{"self":[{"href":"https:\/\/buydiplomashop.com\/sq\/wp-json\/wp\/v2\/pages\/147","targetHints":{"allow":["GET"]}}],"collection":[{"href":"https:\/\/buydiplomashop.com\/sq\/wp-json\/wp\/v2\/pages"}],"about":[{"href":"https:\/\/buydiplomashop.com\/sq\/wp-json\/wp\/v2\/types\/page"}],"author":[{"embeddable":true,"href":"https:\/\/buydiplomashop.com\/sq\/wp-json\/wp\/v2\/users\/1"}],"replies":[{"embeddable":true,"href":"https:\/\/buydiplomashop.com\/sq\/wp-json\/wp\/v2\/comments?post=147"}],"version-history":[{"count":10,"href":"https:\/\/buydiplomashop.com\/sq\/wp-json\/wp\/v2\/pages\/147\/revisions"}],"predecessor-version":[{"id":161,"href":"https:\/\/buydiplomashop.com\/sq\/wp-json\/wp\/v2\/pages\/147\/revisions\/161"}],"wp:attachment":[{"href":"https:\/\/buydiplomashop.com\/sq\/wp-json\/wp\/v2\/media?parent=147"}],"curies":[{"name":"wp","href":"https:\/\/api.w.org\/{rel}","templated":true}]}}