{"id":147,"date":"2025-11-04T18:58:21","date_gmt":"2025-11-04T18:58:21","guid":{"rendered":"https:\/\/buydiplomashop.com\/?page_id=147"},"modified":"2025-11-04T19:03:00","modified_gmt":"2025-11-04T19:03:00","slug":"kupit-vysokoskolsky-diplom","status":"publish","type":"page","link":"https:\/\/buydiplomashop.com\/sk\/buy-university-diploma\/","title":{"rendered":"K\u00fapi\u0165 univerzitn\u00fd diplom"},"content":{"rendered":"<h2 class=\"wp-block-heading\"><strong>K\u00fapte si skuto\u010dn\u00fd univerzitn\u00fd diplom, ktor\u00fd odr\u00e1\u017ea va\u0161e sk\u00fasenosti a \u00faspechy<\/strong><\/h2>\n\n\n\n<p><strong>N\u00e1kup<\/strong> <strong>vysoko\u0161kolsk\u00fd diplom<\/strong> alebo zarobi\u0165 si na\u0148 je jedno z najodv\u00e1\u017enej\u0161\u00edch rozhodnut\u00ed v \u017eivote, prejav \u00fasilia, discipl\u00edny a \u00faspechu.<br>V dne\u0161nom svete v\u0161ak mnoh\u00ed odborn\u00edci u\u017e disponuj\u00fa vedomos\u0165ami a sk\u00fasenos\u0165ami absolventa vysokej \u0161koly, ale nemaj\u00fa ofici\u00e1lne dokumenty, ktor\u00e9 by to potvrdzovali.<br>Na str\u00e1nke <strong>K\u00fapi\u0165DiplomaShop<\/strong>, poskytujeme <strong>bezpe\u010dn\u00fd, d\u00f4vern\u00fd a spo\u013eahliv\u00fd sp\u00f4sob<\/strong> z\u00edska\u0165 <strong>realistick\u00fd a overite\u013en\u00fd vysoko\u0161kolsk\u00fd diplom<\/strong>, bez toho, aby ste museli absolvova\u0165 roky \u0161t\u00fadia alebo zlo\u017eit\u00e9 postupy.<\/p>\n\n\n\n<p>Na\u0161e dokumenty s\u00fa vytvoren\u00e9 z autentick\u00fdch akademick\u00fdch \u0161abl\u00f3n, doplnen\u00e9 o <strong>ofici\u00e1lne pe\u010diatky, registra\u010dn\u00e9 \u010d\u00edsla a presn\u00e9 form\u00e1tovanie<\/strong>. Ka\u017ed\u00fd diplom, ktor\u00fd dod\u00e1vame, sp\u013a\u0148a najvy\u0161\u0161ie \u0161tandardy dizajnu a detailov, v\u010faka \u010domu vyzer\u00e1 a p\u00f4sob\u00ed ako skuto\u010dn\u00fd origin\u00e1l.<\/p>\n\n\n\n<figure class=\"wp-block-image size-full is-resized\"><img loading=\"lazy\" decoding=\"async\" width=\"700\" height=\"320\" src=\"https:\/\/buydiplomashop.com\/wp-content\/uploads\/2025\/11\/buy-university-diploma.png\" alt=\"k\u00fapi\u0165 vysoko\u0161kolsk\u00fd diplom\" class=\"wp-image-152\" style=\"width:463px;height:auto\" srcset=\"https:\/\/buydiplomashop.com\/wp-content\/uploads\/2025\/11\/buy-university-diploma.png 700w, https:\/\/buydiplomashop.com\/wp-content\/uploads\/2025\/11\/buy-university-diploma-300x137.png 300w, https:\/\/buydiplomashop.com\/wp-content\/uploads\/2025\/11\/buy-university-diploma-18x8.png 18w\" sizes=\"auto, (max-width: 700px) 100vw, 700px\" \/><\/figure>\n\n\n\n<hr class=\"wp-block-separator has-alpha-channel-opacity\"\/>\n\n\n\n<h3 class=\"wp-block-heading\">\ud83c\udfdb\ufe0f <strong>Pre\u010do sa \u013eudia rozhoduj\u00fa k\u00fapi\u0165 si vysoko\u0161kolsk\u00fd diplom<\/strong><\/h3>\n\n\n\n<p>Existuje nespo\u010detn\u00e9 mno\u017estvo d\u00f4vodov, pre\u010do sa \u013eudia obracaj\u00fa na d\u00f4veryhodn\u00fa slu\u017ebu, ako je BuyDiplomaShop. Niektor\u00ed si \u017eelaj\u00fa <strong>nahradi\u0165 straten\u00fd diplom<\/strong>, in\u00ed potrebuj\u00fa jeden pre <strong>osobn\u00e9 z\u00e1znamy, uznanie alebo profesion\u00e1lne prezent\u00e1cie<\/strong>.<br>Pom\u00e1hame aj klientom, ktor\u00ed \u0161tudovali v zahrani\u010d\u00ed a chc\u00fa <strong>dokument v s\u00falade s medzin\u00e1rodn\u00fdmi akademick\u00fdmi form\u00e1tmi<\/strong>.<\/p>\n\n\n\n<p>Diplom, ktor\u00fd vyzer\u00e1 ako origin\u00e1l, v\u00e1m m\u00f4\u017ee pom\u00f4c\u0165:<\/p>\n\n\n\n<ul class=\"wp-block-list\">\n<li><strong>Overte svoje sk\u00fasenosti<\/strong> alebo minul\u00e9 \u0161t\u00fadie,<\/li>\n\n\n\n<li><strong>Podporujte svoj kari\u00e9rny rast<\/strong>,<\/li>\n\n\n\n<li><strong>Zlep\u0161ite svoj osobn\u00fd alebo firemn\u00fd imid\u017e<\/strong>,<\/li>\n\n\n\n<li>Alebo jednoducho <strong>nahradi\u0165 po\u0161koden\u00fd alebo ch\u00fdbaj\u00faci certifik\u00e1t<\/strong>.<\/li>\n<\/ul>\n\n\n\n<p>Na\u0161e diplomy s\u00fa vyhotoven\u00e9 pod\u013ea autentick\u00fdch vzorov univerz\u00edt z anglicky hovoriacich kraj\u00edn a medzin\u00e1rodne uzn\u00e1van\u00fdch in\u0161tit\u00faci\u00ed.<\/p>\n\n\n\n<hr class=\"wp-block-separator has-alpha-channel-opacity\"\/>\n\n\n\n<h4 class=\"wp-block-heading\">\ud83d\udd10 <strong>Z\u00e1ruka pravosti a kvality<\/strong><\/h4>\n\n\n\n<p>Ka\u017ed\u00fd dokument, ktor\u00fd vyhotovujeme, prech\u00e1dza d\u00f4kladn\u00fdm overovac\u00edm procesom.<br>Zabezpe\u010dujeme <strong>rozlo\u017eenie, podpisy, p\u00edsma a pe\u010date<\/strong> dokonale zodpovedaj\u00fa re\u00e1lnym akademick\u00fdm \u0161tandardom.<br>V\u0161etky materi\u00e1ly s\u00fa vytla\u010den\u00e9 na <strong>pr\u00e9miov\u00fd diplomov\u00fd papier s integrovan\u00fdmi bezpe\u010dnostn\u00fdmi prvkami<\/strong>, \u010d\u00edm sa dosiahne profesion\u00e1lny a trval\u00fd v\u00fdsledok.<\/p>\n\n\n\n<p>Viac inform\u00e1ci\u00ed o na\u0161ich \u0161tandardoch n\u00e1jdete na str\u00e1nke <a href=\"#\">Z\u00e1ruka pravosti<\/a> str\u00e1nku alebo nav\u0161t\u00edvte <a href=\"#\">O n\u00e1s<\/a> aby ste pochopili, ako zabezpe\u010dujeme d\u00f4vernos\u0165 a presnos\u0165 v ka\u017edej f\u00e1ze.<\/p>\n\n\n\n<hr class=\"wp-block-separator has-alpha-channel-opacity\"\/>\n\n\n\n<h5 class=\"wp-block-heading\">\ud83e\udde9 <strong>Vyberte si \u00farove\u0148 a oblas\u0165<\/strong><\/h5>\n\n\n\n<p>\u010ci u\u017e h\u013ead\u00e1te <strong>Bakal\u00e1rsky titul<\/strong>, <strong>Magistersk\u00e9 \u0161t\u00fadium<\/strong>, alebo <strong>Doktorandsk\u00e9 \u0161t\u00fadium<\/strong> diplom, na\u0161i odborn\u00edci v\u00e1m pom\u00f4\u017eu vybra\u0165 t\u00fa spr\u00e1vnu vo\u013ebu.<br>Viac inform\u00e1ci\u00ed n\u00e1jdete na na\u0161ich \u0161pecializovan\u00fdch str\u00e1nkach:<\/p>\n\n\n\n<ul class=\"wp-block-list\">\n<li><a href=\"#\">K\u00fapi\u0165 bakal\u00e1rsky diplom<\/a><\/li>\n\n\n\n<li><a href=\"#\">K\u00fapi\u0165 diplom magistra<\/a><\/li>\n\n\n\n<li><a href=\"#\">K\u00fapi\u0165 doktorandsk\u00fd diplom<\/a><\/li>\n<\/ul>\n\n\n\n<p>Ka\u017ed\u00fd dokument m\u00f4\u017ee by\u0165 prisp\u00f4soben\u00fd v\u00e1\u0161mu akademick\u00e9mu odboru \u2013 obchodu, vede, technike, umeniu alebo humanitn\u00fdm ved\u00e1m \u2013 \u010d\u00edm sa zaru\u010d\u00ed, \u017ee bude dokonale zodpoveda\u0165 v\u00e1\u0161mu osobn\u00e9mu profilu.<\/p>\n\n\n\n<figure class=\"wp-block-image size-full\"><img loading=\"lazy\" decoding=\"async\" width=\"400\" height=\"300\" src=\"https:\/\/buydiplomashop.com\/wp-content\/uploads\/2025\/11\/buy-university-diploma-online-for-sale.jpg\" alt=\"k\u00fapi\u0165 univerzitn\u00fd diplom online na predaj\" class=\"wp-image-151\" srcset=\"https:\/\/buydiplomashop.com\/wp-content\/uploads\/2025\/11\/buy-university-diploma-online-for-sale.jpg 400w, https:\/\/buydiplomashop.com\/wp-content\/uploads\/2025\/11\/buy-university-diploma-online-for-sale-300x225.jpg 300w, https:\/\/buydiplomashop.com\/wp-content\/uploads\/2025\/11\/buy-university-diploma-online-for-sale-16x12.jpg 16w\" sizes=\"auto, (max-width: 400px) 100vw, 400px\" \/><\/figure>\n\n\n\n<hr class=\"wp-block-separator has-alpha-channel-opacity\"\/>\n\n\n\n<h6 class=\"wp-block-heading\">\ud83c\udf0d <strong>Glob\u00e1lny form\u00e1t a uznanie<\/strong><\/h6>\n\n\n\n<p>Na\u0161e diplomy sp\u013a\u0148aj\u00fa po\u017eiadavky <strong>medzin\u00e1rodn\u00e1 univerzitn\u00e1 \u0161trukt\u00fara<\/strong>, kompatibiln\u00fd s akademick\u00fdmi syst\u00e9mami pou\u017e\u00edvan\u00fdmi v USA, Ve\u013ekej Brit\u00e1nii, Kanade, Austr\u00e1lii a Eur\u00f3pe.<br>Na po\u017eiadanie m\u00f4\u017eu obsahova\u0165 viacjazy\u010dn\u00e9 prvky, \u010do je ide\u00e1lne pre klientov, ktor\u00ed p\u00f4sobia na medzin\u00e1rodnej \u00farovni.<\/p>\n\n\n\n<p>\u010eal\u0161ie inform\u00e1cie o form\u00e1toch glob\u00e1lnych diplomov n\u00e1jdete v referen\u010dn\u00fdch materi\u00e1loch o vzdel\u00e1van\u00ed. <a href=\"https:\/\/www.wes.org\">Svetov\u00e9 vzdel\u00e1vacie slu\u017eby (WES)<\/a>, d\u00f4veryhodn\u00e1 autorita v oblasti medzin\u00e1rodn\u00fdch akademick\u00fdch \u0161tandardov.<br><\/p>\n\n\n\n<hr class=\"wp-block-separator has-alpha-channel-opacity\"\/>\n\n\n\n<h6 class=\"wp-block-heading\">\ud83d\udce9 <strong>Diskr\u00e9tna a osobn\u00e1 podpora<\/strong><\/h6>\n\n\n\n<p>N\u00e1\u0161 t\u00edm podpory je v\u00e1m k dispoz\u00edcii, aby d\u00f4verne odpovedal na va\u0161e ot\u00e1zky.<br>M\u00f4\u017eete n\u00e1s kedyko\u013evek kontaktova\u0165 na adrese <strong>BuyDiplomaShop@pm.me<\/strong>.<br>Ka\u017ed\u00e1 \u017eiados\u0165 je spracovan\u00e1 diskr\u00e9tne a profesion\u00e1lne, va\u0161a d\u00f4vera a s\u00fakromie s\u00fa na prvom mieste.<\/p>","protected":false},"excerpt":{"rendered":"<p>Buy a Real University Diploma That Reflects Your Experience and Achievements Buying university diploma or earning it is one of life\u2019s most brave decision, a sign of effort, discipline, and accomplishment.But in today\u2019s world, many professionals already possess the knowledge and experience of a graduate, yet lack the official paperwork to prove it.At BuyDiplomaShop, we&hellip;&nbsp;<a href=\"https:\/\/buydiplomashop.com\/sk\/buy-university-diploma\/\" rel=\"bookmark\"><span class=\"screen-reader-text\">K\u00fapi\u0165 univerzitn\u00fd diplom<\/span><\/a><\/p>","protected":false},"author":1,"featured_media":0,"parent":0,"menu_order":0,"comment_status":"closed","ping_status":"closed","template":"","meta":{"neve_meta_sidebar":"","neve_meta_container":"","neve_meta_enable_content_width":"","neve_meta_content_width":0,"neve_meta_title_alignment":"","neve_meta_author_avatar":"","neve_post_elements_order":"","neve_meta_disable_header":"","neve_meta_disable_footer":"","neve_meta_disable_title":"","footnotes":""},"class_list":["post-147","page","type-page","status-publish","hentry"],"yoast_head":"<!-- This site is optimized with the Yoast SEO plugin v27.5 - https:\/\/yoast.com\/product\/yoast-seo-wordpress\/ -->\n<title>Buy University Diploma - Buy a diploma, certificate and degrees<\/title>\n<meta name=\"description\" content=\"Buy a real university diploma online with full authenticity and confidentiality. Genuine design, premium quality, and verified details.\" \/>\n<meta name=\"robots\" content=\"index, follow, max-snippet:-1, max-image-preview:large, max-video-preview:-1\" \/>\n<link rel=\"canonical\" href=\"https:\/\/buydiplomashop.com\/sk\/kupit-vysokoskolsky-diplom\/\" \/>\n<meta property=\"og:locale\" content=\"sk_SK\" \/>\n<meta property=\"og:type\" content=\"article\" \/>\n<meta property=\"og:title\" content=\"Buy University Diploma - Buy a diploma, certificate and degrees\" \/>\n<meta property=\"og:description\" content=\"Buy a real university diploma online with full authenticity and confidentiality. Genuine design, premium quality, and verified details.\" \/>\n<meta property=\"og:url\" content=\"https:\/\/buydiplomashop.com\/sk\/kupit-vysokoskolsky-diplom\/\" \/>\n<meta property=\"og:site_name\" content=\"Buy a diploma, certificate and degrees\" \/>\n<meta property=\"article:modified_time\" content=\"2025-11-04T19:03:00+00:00\" \/>\n<meta property=\"og:image\" content=\"https:\/\/buydiplomashop.com\/wp-content\/uploads\/2025\/11\/buy-university-diploma.png\" \/>\n\t<meta property=\"og:image:width\" content=\"700\" \/>\n\t<meta property=\"og:image:height\" content=\"320\" \/>\n\t<meta property=\"og:image:type\" content=\"image\/png\" \/>\n<meta name=\"twitter:card\" content=\"summary_large_image\" \/>\n<meta name=\"twitter:label1\" content=\"Predpokladan\u00fd \u010das \u010d\u00edtania\" \/>\n\t<meta name=\"twitter:data1\" content=\"3 min\u00faty\" \/>\n<script type=\"application\/ld+json\" class=\"yoast-schema-graph\">{\"@context\":\"https:\\\/\\\/schema.org\",\"@graph\":[{\"@type\":\"WebPage\",\"@id\":\"https:\\\/\\\/buydiplomashop.com\\\/buy-university-diploma\\\/\",\"url\":\"https:\\\/\\\/buydiplomashop.com\\\/buy-university-diploma\\\/\",\"name\":\"Buy University Diploma - Buy a diploma, certificate and degrees\",\"isPartOf\":{\"@id\":\"https:\\\/\\\/buydiplomashop.com\\\/#website\"},\"primaryImageOfPage\":{\"@id\":\"https:\\\/\\\/buydiplomashop.com\\\/buy-university-diploma\\\/#primaryimage\"},\"image\":{\"@id\":\"https:\\\/\\\/buydiplomashop.com\\\/buy-university-diploma\\\/#primaryimage\"},\"thumbnailUrl\":\"https:\\\/\\\/buydiplomashop.com\\\/wp-content\\\/uploads\\\/2025\\\/11\\\/buy-university-diploma.png\",\"datePublished\":\"2025-11-04T18:58:21+00:00\",\"dateModified\":\"2025-11-04T19:03:00+00:00\",\"description\":\"Buy a real university diploma online with full authenticity and confidentiality. Genuine design, premium quality, and verified details.\",\"breadcrumb\":{\"@id\":\"https:\\\/\\\/buydiplomashop.com\\\/buy-university-diploma\\\/#breadcrumb\"},\"inLanguage\":\"sk-SK\",\"potentialAction\":[{\"@type\":\"ReadAction\",\"target\":[\"https:\\\/\\\/buydiplomashop.com\\\/buy-university-diploma\\\/\"]}]},{\"@type\":\"ImageObject\",\"inLanguage\":\"sk-SK\",\"@id\":\"https:\\\/\\\/buydiplomashop.com\\\/buy-university-diploma\\\/#primaryimage\",\"url\":\"https:\\\/\\\/buydiplomashop.com\\\/wp-content\\\/uploads\\\/2025\\\/11\\\/buy-university-diploma.png\",\"contentUrl\":\"https:\\\/\\\/buydiplomashop.com\\\/wp-content\\\/uploads\\\/2025\\\/11\\\/buy-university-diploma.png\"},{\"@type\":\"BreadcrumbList\",\"@id\":\"https:\\\/\\\/buydiplomashop.com\\\/buy-university-diploma\\\/#breadcrumb\",\"itemListElement\":[{\"@type\":\"ListItem\",\"position\":1,\"name\":\"Home\",\"item\":\"https:\\\/\\\/buydiplomashop.com\\\/\"},{\"@type\":\"ListItem\",\"position\":2,\"name\":\"Buy University Diploma\"}]},{\"@type\":\"WebSite\",\"@id\":\"https:\\\/\\\/buydiplomashop.com\\\/#website\",\"url\":\"https:\\\/\\\/buydiplomashop.com\\\/\",\"name\":\"Buy a diploma, certificate and degrees\",\"description\":\"Buy a diploma online, certificates, degrees\",\"potentialAction\":[{\"@type\":\"SearchAction\",\"target\":{\"@type\":\"EntryPoint\",\"urlTemplate\":\"https:\\\/\\\/buydiplomashop.com\\\/?s={search_term_string}\"},\"query-input\":{\"@type\":\"PropertyValueSpecification\",\"valueRequired\":true,\"valueName\":\"search_term_string\"}}],\"inLanguage\":\"sk-SK\"}]}<\/script>\n<!-- \/ Yoast SEO plugin. -->","yoast_head_json":{"title":"K\u00fapi\u0165 vysoko\u0161kolsk\u00fd diplom \u2013 K\u00fapi\u0165 diplom, certifik\u00e1t a tituly","description":"K\u00fapte si online skuto\u010dn\u00fd univerzitn\u00fd diplom s plnou autentickos\u0165ou a d\u00f4vernos\u0165ou. Origin\u00e1lny dizajn, pr\u00e9miov\u00e1 kvalita a overen\u00e9 \u00fadaje.","robots":{"index":"index","follow":"follow","max-snippet":"max-snippet:-1","max-image-preview":"max-image-preview:large","max-video-preview":"max-video-preview:-1"},"canonical":"https:\/\/buydiplomashop.com\/sk\/kupit-vysokoskolsky-diplom\/","og_locale":"sk_SK","og_type":"article","og_title":"Buy University Diploma - Buy a diploma, certificate and degrees","og_description":"Buy a real university diploma online with full authenticity and confidentiality. Genuine design, premium quality, and verified details.","og_url":"https:\/\/buydiplomashop.com\/sk\/kupit-vysokoskolsky-diplom\/","og_site_name":"Buy a diploma, certificate and degrees","article_modified_time":"2025-11-04T19:03:00+00:00","og_image":[{"width":700,"height":320,"url":"https:\/\/buydiplomashop.com\/wp-content\/uploads\/2025\/11\/buy-university-diploma.png","type":"image\/png"}],"twitter_card":"summary_large_image","twitter_misc":{"Predpokladan\u00fd \u010das \u010d\u00edtania":"3 min\u00faty"},"schema":{"@context":"https:\/\/schema.org","@graph":[{"@type":"WebPage","@id":"https:\/\/buydiplomashop.com\/buy-university-diploma\/","url":"https:\/\/buydiplomashop.com\/buy-university-diploma\/","name":"K\u00fapi\u0165 vysoko\u0161kolsk\u00fd diplom \u2013 K\u00fapi\u0165 diplom, certifik\u00e1t a tituly","isPartOf":{"@id":"https:\/\/buydiplomashop.com\/#website"},"primaryImageOfPage":{"@id":"https:\/\/buydiplomashop.com\/buy-university-diploma\/#primaryimage"},"image":{"@id":"https:\/\/buydiplomashop.com\/buy-university-diploma\/#primaryimage"},"thumbnailUrl":"https:\/\/buydiplomashop.com\/wp-content\/uploads\/2025\/11\/buy-university-diploma.png","datePublished":"2025-11-04T18:58:21+00:00","dateModified":"2025-11-04T19:03:00+00:00","description":"K\u00fapte si online skuto\u010dn\u00fd univerzitn\u00fd diplom s plnou autentickos\u0165ou a d\u00f4vernos\u0165ou. Origin\u00e1lny dizajn, pr\u00e9miov\u00e1 kvalita a overen\u00e9 \u00fadaje.","breadcrumb":{"@id":"https:\/\/buydiplomashop.com\/buy-university-diploma\/#breadcrumb"},"inLanguage":"sk-SK","potentialAction":[{"@type":"ReadAction","target":["https:\/\/buydiplomashop.com\/buy-university-diploma\/"]}]},{"@type":"ImageObject","inLanguage":"sk-SK","@id":"https:\/\/buydiplomashop.com\/buy-university-diploma\/#primaryimage","url":"https:\/\/buydiplomashop.com\/wp-content\/uploads\/2025\/11\/buy-university-diploma.png","contentUrl":"https:\/\/buydiplomashop.com\/wp-content\/uploads\/2025\/11\/buy-university-diploma.png"},{"@type":"BreadcrumbList","@id":"https:\/\/buydiplomashop.com\/buy-university-diploma\/#breadcrumb","itemListElement":[{"@type":"ListItem","position":1,"name":"Home","item":"https:\/\/buydiplomashop.com\/"},{"@type":"ListItem","position":2,"name":"Buy University Diploma"}]},{"@type":"WebSite","@id":"https:\/\/buydiplomashop.com\/#website","url":"https:\/\/buydiplomashop.com\/","name":"K\u00fapa diplomu, certifik\u00e1tu a titulov","description":"K\u00fapi\u0165 diplom online, certifik\u00e1ty, tituly","potentialAction":[{"@type":"SearchAction","target":{"@type":"EntryPoint","urlTemplate":"https:\/\/buydiplomashop.com\/?s={search_term_string}"},"query-input":{"@type":"PropertyValueSpecification","valueRequired":true,"valueName":"search_term_string"}}],"inLanguage":"sk-SK"}]}},"_links":{"self":[{"href":"https:\/\/buydiplomashop.com\/sk\/wp-json\/wp\/v2\/pages\/147","targetHints":{"allow":["GET"]}}],"collection":[{"href":"https:\/\/buydiplomashop.com\/sk\/wp-json\/wp\/v2\/pages"}],"about":[{"href":"https:\/\/buydiplomashop.com\/sk\/wp-json\/wp\/v2\/types\/page"}],"author":[{"embeddable":true,"href":"https:\/\/buydiplomashop.com\/sk\/wp-json\/wp\/v2\/users\/1"}],"replies":[{"embeddable":true,"href":"https:\/\/buydiplomashop.com\/sk\/wp-json\/wp\/v2\/comments?post=147"}],"version-history":[{"count":10,"href":"https:\/\/buydiplomashop.com\/sk\/wp-json\/wp\/v2\/pages\/147\/revisions"}],"predecessor-version":[{"id":161,"href":"https:\/\/buydiplomashop.com\/sk\/wp-json\/wp\/v2\/pages\/147\/revisions\/161"}],"wp:attachment":[{"href":"https:\/\/buydiplomashop.com\/sk\/wp-json\/wp\/v2\/media?parent=147"}],"curies":[{"name":"wp","href":"https:\/\/api.w.org\/{rel}","templated":true}]}}