{"id":135,"date":"2025-07-25T17:57:02","date_gmt":"2025-07-25T17:57:02","guid":{"rendered":"https:\/\/buydiplomashop.com\/?page_id=135"},"modified":"2025-11-04T18:53:16","modified_gmt":"2025-11-04T18:53:16","slug":"kupit-rodny-list","status":"publish","type":"page","link":"https:\/\/buydiplomashop.com\/sk\/buy-a-birth-certificate\/","title":{"rendered":"K\u00fapi\u0165 rodn\u00fd list"},"content":{"rendered":"<h2 class=\"wp-block-heading\">K\u00fapi\u0165 rodn\u00fd list online - r\u00fdchle, bezpe\u010dn\u00e9 a celosvetov\u00e9 doru\u010denie<\/h2>\n\n\n\n<p>Na str\u00e1nke <strong><a class=\"\" href=\"http:\/\/www.BuyDiplomaShop.com\">www.BuyDiplomaShop.com<\/a><\/strong>, m\u00f4\u017eete <strong>k\u00fapi\u0165 rodn\u00fd list<\/strong> online r\u00fdchlo a diskr\u00e9tne bez oh\u013eadu na to, kde sa nach\u00e1dzate. \u010ci u\u017e ste stratili svoj origin\u00e1l, potrebujete duplik\u00e1t alebo potrebujete vlastn\u00fa verziu na \u0161pecifick\u00e9 \u00fa\u010dely, na\u0161a platforma v\u00e1m u\u013eah\u010d\u00ed <strong>objedna\u0165 overen\u00fd rodn\u00fd list online<\/strong>, s r\u00fdchlym obratom a celosvetovou prepravou.<\/p>\n\n\n\n<p>A <strong>rodn\u00fd list<\/strong> je jedn\u00fdm z najd\u00f4le\u017eitej\u0161\u00edch pr\u00e1vnych dokumentov v \u017eivote \u010dloveka. Sl\u00fa\u017ei ako doklad toto\u017enosti, ob\u010dianstva a rodn\u00fdch \u00fadajov a \u010dasto sa vy\u017eaduje pri \u017eiadostiach, ako s\u00fa pasy, ob\u010dianske preukazy, z\u00e1pis do \u0161koly alebo zamestnanie.<\/p>\n\n\n\n<figure class=\"wp-block-image size-full is-resized\"><img loading=\"lazy\" decoding=\"async\" width=\"780\" height=\"480\" src=\"https:\/\/buydiplomashop.com\/wp-content\/uploads\/2025\/11\/buy-birth-certificate-online.jpg\" alt=\"k\u00fapi\u0165 rodn\u00fd list online\" class=\"wp-image-141\" style=\"width:532px;height:auto\" srcset=\"https:\/\/buydiplomashop.com\/wp-content\/uploads\/2025\/11\/buy-birth-certificate-online.jpg 780w, https:\/\/buydiplomashop.com\/wp-content\/uploads\/2025\/11\/buy-birth-certificate-online-300x185.jpg 300w, https:\/\/buydiplomashop.com\/wp-content\/uploads\/2025\/11\/buy-birth-certificate-online-768x473.jpg 768w, https:\/\/buydiplomashop.com\/wp-content\/uploads\/2025\/11\/buy-birth-certificate-online-18x12.jpg 18w\" sizes=\"auto, (max-width: 780px) 100vw, 780px\" \/><\/figure>\n\n\n\n<hr class=\"wp-block-separator has-alpha-channel-opacity\"\/>\n\n\n\n<h3 class=\"wp-block-heading\">Pre\u010do si mo\u017eno budete musie\u0165 k\u00fapi\u0165 rodn\u00fd list<\/h3>\n\n\n\n<p>Existuje mnoho situ\u00e1ci\u00ed, ke\u010f \u013eudia potrebuj\u00fa <strong>zak\u00fapenie novej k\u00f3pie rodn\u00e9ho listu<\/strong> alebo <strong>z\u00edska\u0165 n\u00e1hradn\u00fd rodn\u00fd list<\/strong>, vr\u00e1tane:<\/p>\n\n\n\n<ul class=\"wp-block-list\">\n<li>Straten\u00fd alebo po\u0161koden\u00fd origin\u00e1l rodn\u00e9ho listu<\/li>\n\n\n\n<li>Potreba \u010fal\u0161ej overenej k\u00f3pie na dokument\u00e1ciu<\/li>\n\n\n\n<li>Aktualiz\u00e1cia neaktu\u00e1lnych alebo nespr\u00e1vnych \u00fadajov o naroden\u00ed<\/li>\n\n\n\n<li>Podporn\u00e9 dokumenty k \u00faradn\u00fdm \u017eiadostiam<\/li>\n\n\n\n<li>Osobn\u00e9 d\u00f4vody, ochrana s\u00fakromia alebo novinka<\/li>\n\n\n\n<li>Pou\u017eitie vo filme, na javisku alebo v m\u00e9di\u00e1ch, kde <strong>novinky rodn\u00fdch listov<\/strong> s\u00fa potrebn\u00e9<\/li>\n<\/ul>\n\n\n\n<p>Na str\u00e1nke <strong><a class=\"\" href=\"http:\/\/www.BuyDiplomaShop.com\">www.BuyDiplomaShop.com<\/a><\/strong>, ch\u00e1peme, \u017ee tieto potreby sa u jednotliv\u00fdch \u013eud\u00ed l\u00ed\u0161ia. \u010ci u\u017e h\u013ead\u00e1te <strong>z\u00edska\u0165 nov\u00fd rodn\u00fd list<\/strong> pre osobn\u00e9 pou\u017eitie alebo ako s\u00fa\u010das\u0165 bal\u00edka dokladov toto\u017enosti, sme tu pre v\u00e1s s plnou d\u00f4vernos\u0165ou.<\/p>\n\n\n\n<hr class=\"wp-block-separator has-alpha-channel-opacity\"\/>\n\n\n\n<h3 class=\"wp-block-heading\">Objednanie rodn\u00e9ho listu online v 4 jednoduch\u00fdch krokoch<\/h3>\n\n\n\n<ol class=\"wp-block-list\">\n<li><strong>Po\u0161lite n\u00e1m e-mail alebo n\u00e1s kontaktujte cez WhatsApp<\/strong><br>Svoje \u00fadaje odo\u0161lite prostredn\u00edctvom n\u00e1\u0161ho zabezpe\u010den\u00e9ho online formul\u00e1ra. Uistite sa, \u017ee s\u00fa inform\u00e1cie presn\u00e9, preto\u017ee sa pou\u017eij\u00fa na vygenerovanie v\u00e1\u0161ho certifik\u00e1tu.<\/li>\n\n\n\n<li><strong>Preh\u013ead inform\u00e1ci\u00ed<\/strong><br>Na\u0161i \u0161pecialisti na dokumenty overia \u00fadaje a v pr\u00edpade potreby v\u00e1s bud\u00fa kontaktova\u0165.<\/li>\n\n\n\n<li><strong>Tvorba dokumentov<\/strong><br>Na z\u00e1klade va\u0161ich po\u017eiadaviek vytvor\u00edme <strong>overen\u00fd rodn\u00fd list<\/strong> ktor\u00fd sp\u013a\u0148a va\u0161e \u0161pecifik\u00e1cie.<\/li>\n\n\n\n<li><strong>Bezpe\u010dn\u00e9 doru\u010denie<\/strong><br>V\u00e1\u0161 nov\u00fd alebo n\u00e1hradn\u00fd rodn\u00fd list sa bezpe\u010dne a diskr\u00e9tne zasiela po celom svete.<\/li>\n<\/ol>\n\n\n\n<p>\u010ci u\u017e nahr\u00e1dzate <strong>straten\u00fd rodn\u00fd list<\/strong> alebo ho potrebujete na ofici\u00e1lne \u010di s\u00fakromn\u00e9 \u00fa\u010dely, n\u00e1\u0161 t\u00edm v\u00e1m zaru\u010d\u00ed kvalitu, r\u00fdchlos\u0165 a presnos\u0165.<\/p>\n\n\n\n<figure class=\"wp-block-image size-full\"><img loading=\"lazy\" decoding=\"async\" width=\"250\" height=\"354\" src=\"https:\/\/buydiplomashop.com\/wp-content\/uploads\/2025\/11\/buy-birth-certificate.jpg\" alt=\"k\u00fapi\u0165 rodn\u00fd list\" class=\"wp-image-142\" srcset=\"https:\/\/buydiplomashop.com\/wp-content\/uploads\/2025\/11\/buy-birth-certificate.jpg 250w, https:\/\/buydiplomashop.com\/wp-content\/uploads\/2025\/11\/buy-birth-certificate-212x300.jpg 212w, https:\/\/buydiplomashop.com\/wp-content\/uploads\/2025\/11\/buy-birth-certificate-8x12.jpg 8w\" sizes=\"auto, (max-width: 250px) 100vw, 250px\" \/><\/figure>\n\n\n\n<hr class=\"wp-block-separator has-alpha-channel-opacity\"\/>\n\n\n\n<h3 class=\"wp-block-heading\">Poskytujeme rodn\u00e9 listy pre viacer\u00e9 krajiny<\/h3>\n\n\n\n<p>Pon\u00fakame <strong>medzin\u00e1rodn\u00fd rodn\u00fd list<\/strong> slu\u017eby, pri\u010dom \u0161abl\u00f3ny a form\u00e1ty s\u00fa k dispoz\u00edcii pre r\u00f4zne krajiny a regi\u00f3ny. Na\u0161i odborn\u00edci poznaj\u00fa region\u00e1lne \u0161t\u00fdly a form\u00e1tovanie dokumentov, \u010d\u00edm zabezpe\u010dia, \u017ee v\u00e1\u0161 dokument bude sp\u013a\u0148a\u0165 miestne o\u010dak\u00e1vania, \u010di u\u017e na praktick\u00e9 alebo prezenta\u010dn\u00e9 \u00fa\u010dely.<\/p>\n\n\n\n<p>Pri poh\u013eade na <strong>objedna\u0165 rodn\u00fd list online<\/strong> na \u00fa\u010dely cestovania, dokument\u00e1cie alebo overovania? M\u00e1me pre v\u00e1s rie\u0161enie.<\/p>\n\n\n\n<hr class=\"wp-block-separator has-alpha-channel-opacity\"\/>\n\n\n\n<h3 class=\"wp-block-heading\">D\u00f4veryhodn\u00e9 a d\u00f4vern\u00e9 slu\u017eby<\/h3>\n\n\n\n<p>Tis\u00edce klientov si vybrali <strong><a class=\"\" href=\"http:\/\/www.BuyDiplomaShop.com\">www.BuyDiplomaShop.com<\/a><\/strong> na <strong>k\u00fapi\u0165 rodn\u00e9 listy online<\/strong> bezpe\u010dne a spo\u013eahlivo. Dodr\u017eiavame pr\u00edsne protokoly o ochrane osobn\u00fdch \u00fadajov a nikdy neposkytujeme va\u0161e inform\u00e1cie tret\u00edm stran\u00e1m.<\/p>\n\n\n\n<p>\u2714 100% D\u00f4vern\u00e9<br>\u2714 Mo\u017enosti r\u00fdchleho dodania<br>\u2714 Prisp\u00f4soben\u00e9 form\u00e1ty a form\u00e1ty \u0161pecifick\u00e9 pre dan\u00fa krajinu<br>\u2714 Priate\u013esk\u00e1 z\u00e1kazn\u00edcka podpora<\/p>\n\n\n\n<hr class=\"wp-block-separator has-alpha-channel-opacity\"\/>\n\n\n\n<h2 class=\"wp-block-heading\">Ste pripraven\u00ed k\u00fapi\u0165 certifikovan\u00fd alebo n\u00e1hradn\u00fd rodn\u00fd list?<\/h2>\n\n\n\n<p>Nedovo\u013ete, aby v\u00e1s straten\u00fd alebo neaktu\u00e1lny rodn\u00fd list zdr\u017eal. Ak potrebujete <strong>k\u00fapi\u0165 rodn\u00fd list<\/strong>, nahradi\u0165 star\u00fa alebo po\u017eiada\u0165 o \u010fal\u0161iu <strong>overen\u00e1 k\u00f3pia rodn\u00e9ho listu<\/strong>, <strong><a class=\"\" href=\"http:\/\/www.BuyDiplomaShop.com\">www.BuyDiplomaShop.com<\/a><\/strong> je va\u0161e d\u00f4veryhodn\u00e9 rie\u0161enie.<\/p>\n\n\n\n<p>Vezmite si <a href=\"https:\/\/buydiplomashop.com\/nl\/neem-contact-op-met\/\">kontakt<\/a> a n\u00e1\u0161 t\u00edm v\u00e1m poskytne viac inform\u00e1ci\u00ed.<\/p>","protected":false},"excerpt":{"rendered":"<p>Buy a Birth Certificate Online \u2013 Fast, Secure &amp; Worldwide Delivery At www.BuyDiplomaShop.com, you can buy a birth certificate online quickly and discreetly, no matter where you&#8217;re located. Whether you\u2019ve lost your original, need a duplicate, or require a custom version for specific purposes, our platform makes it easy to order a certified birth certificate&hellip;&nbsp;<a href=\"https:\/\/buydiplomashop.com\/sk\/buy-a-birth-certificate\/\" rel=\"bookmark\"><span class=\"screen-reader-text\">K\u00fapi\u0165 rodn\u00fd list<\/span><\/a><\/p>","protected":false},"author":1,"featured_media":0,"parent":0,"menu_order":0,"comment_status":"closed","ping_status":"closed","template":"","meta":{"neve_meta_sidebar":"","neve_meta_container":"","neve_meta_enable_content_width":"","neve_meta_content_width":0,"neve_meta_title_alignment":"","neve_meta_author_avatar":"","neve_post_elements_order":"","neve_meta_disable_header":"","neve_meta_disable_footer":"","neve_meta_disable_title":"","footnotes":""},"class_list":["post-135","page","type-page","status-publish","hentry"],"yoast_head":"<!-- This site is optimized with the Yoast SEO plugin v27.5 - https:\/\/yoast.com\/product\/yoast-seo-wordpress\/ -->\n<title>Buy a Birth Certificate - Buy a diploma, certificate and degrees<\/title>\n<meta name=\"description\" content=\"Buy birth certificate online for Europe, America and many more countries. Official birth certificate for sale Telegram, Dark Web online.\" \/>\n<meta name=\"robots\" content=\"index, follow, max-snippet:-1, max-image-preview:large, max-video-preview:-1\" \/>\n<link rel=\"canonical\" href=\"https:\/\/buydiplomashop.com\/sk\/kupit-rodny-list\/\" \/>\n<meta property=\"og:locale\" content=\"sk_SK\" \/>\n<meta property=\"og:type\" content=\"article\" \/>\n<meta property=\"og:title\" content=\"Buy a Birth Certificate - Buy a diploma, certificate and degrees\" \/>\n<meta property=\"og:description\" content=\"Buy birth certificate online for Europe, America and many more countries. Official birth certificate for sale Telegram, Dark Web online.\" \/>\n<meta property=\"og:url\" content=\"https:\/\/buydiplomashop.com\/sk\/kupit-rodny-list\/\" \/>\n<meta property=\"og:site_name\" content=\"Buy a diploma, certificate and degrees\" \/>\n<meta property=\"article:modified_time\" content=\"2025-11-04T18:53:16+00:00\" \/>\n<meta property=\"og:image\" content=\"https:\/\/buydiplomashop.com\/wp-content\/uploads\/2025\/11\/buy-birth-certificate-online.jpg\" \/>\n\t<meta property=\"og:image:width\" content=\"780\" \/>\n\t<meta property=\"og:image:height\" content=\"480\" \/>\n\t<meta property=\"og:image:type\" content=\"image\/jpeg\" \/>\n<meta name=\"twitter:card\" content=\"summary_large_image\" \/>\n<meta name=\"twitter:label1\" content=\"Predpokladan\u00fd \u010das \u010d\u00edtania\" \/>\n\t<meta name=\"twitter:data1\" content=\"3 min\u00faty\" \/>\n<script type=\"application\/ld+json\" class=\"yoast-schema-graph\">{\"@context\":\"https:\\\/\\\/schema.org\",\"@graph\":[{\"@type\":\"WebPage\",\"@id\":\"https:\\\/\\\/buydiplomashop.com\\\/buy-a-birth-certificate\\\/\",\"url\":\"https:\\\/\\\/buydiplomashop.com\\\/buy-a-birth-certificate\\\/\",\"name\":\"Buy a Birth Certificate - Buy a diploma, certificate and degrees\",\"isPartOf\":{\"@id\":\"https:\\\/\\\/buydiplomashop.com\\\/#website\"},\"primaryImageOfPage\":{\"@id\":\"https:\\\/\\\/buydiplomashop.com\\\/buy-a-birth-certificate\\\/#primaryimage\"},\"image\":{\"@id\":\"https:\\\/\\\/buydiplomashop.com\\\/buy-a-birth-certificate\\\/#primaryimage\"},\"thumbnailUrl\":\"https:\\\/\\\/buydiplomashop.com\\\/wp-content\\\/uploads\\\/2025\\\/11\\\/buy-birth-certificate-online.jpg\",\"datePublished\":\"2025-07-25T17:57:02+00:00\",\"dateModified\":\"2025-11-04T18:53:16+00:00\",\"description\":\"Buy birth certificate online for Europe, America and many more countries. Official birth certificate for sale Telegram, Dark Web online.\",\"breadcrumb\":{\"@id\":\"https:\\\/\\\/buydiplomashop.com\\\/buy-a-birth-certificate\\\/#breadcrumb\"},\"inLanguage\":\"sk-SK\",\"potentialAction\":[{\"@type\":\"ReadAction\",\"target\":[\"https:\\\/\\\/buydiplomashop.com\\\/buy-a-birth-certificate\\\/\"]}]},{\"@type\":\"ImageObject\",\"inLanguage\":\"sk-SK\",\"@id\":\"https:\\\/\\\/buydiplomashop.com\\\/buy-a-birth-certificate\\\/#primaryimage\",\"url\":\"https:\\\/\\\/buydiplomashop.com\\\/wp-content\\\/uploads\\\/2025\\\/11\\\/buy-birth-certificate-online.jpg\",\"contentUrl\":\"https:\\\/\\\/buydiplomashop.com\\\/wp-content\\\/uploads\\\/2025\\\/11\\\/buy-birth-certificate-online.jpg\"},{\"@type\":\"BreadcrumbList\",\"@id\":\"https:\\\/\\\/buydiplomashop.com\\\/buy-a-birth-certificate\\\/#breadcrumb\",\"itemListElement\":[{\"@type\":\"ListItem\",\"position\":1,\"name\":\"Home\",\"item\":\"https:\\\/\\\/buydiplomashop.com\\\/\"},{\"@type\":\"ListItem\",\"position\":2,\"name\":\"Buy a Birth Certificate\"}]},{\"@type\":\"WebSite\",\"@id\":\"https:\\\/\\\/buydiplomashop.com\\\/#website\",\"url\":\"https:\\\/\\\/buydiplomashop.com\\\/\",\"name\":\"Buy a diploma, certificate and degrees\",\"description\":\"Buy a diploma online, certificates, degrees\",\"potentialAction\":[{\"@type\":\"SearchAction\",\"target\":{\"@type\":\"EntryPoint\",\"urlTemplate\":\"https:\\\/\\\/buydiplomashop.com\\\/?s={search_term_string}\"},\"query-input\":{\"@type\":\"PropertyValueSpecification\",\"valueRequired\":true,\"valueName\":\"search_term_string\"}}],\"inLanguage\":\"sk-SK\"}]}<\/script>\n<!-- \/ Yoast SEO plugin. -->","yoast_head_json":{"title":"K\u00fapi\u0165 rodn\u00fd list - K\u00fapi\u0165 diplom, certifik\u00e1t a tituly","description":"K\u00fapte si rodn\u00fd list online pre Eur\u00f3pu, Ameriku a mnoho \u010fal\u0161\u00edch kraj\u00edn. Ofici\u00e1lny rodn\u00fd list na predaj Telegram, Dark Web online.","robots":{"index":"index","follow":"follow","max-snippet":"max-snippet:-1","max-image-preview":"max-image-preview:large","max-video-preview":"max-video-preview:-1"},"canonical":"https:\/\/buydiplomashop.com\/sk\/kupit-rodny-list\/","og_locale":"sk_SK","og_type":"article","og_title":"Buy a Birth Certificate - Buy a diploma, certificate and degrees","og_description":"Buy birth certificate online for Europe, America and many more countries. Official birth certificate for sale Telegram, Dark Web online.","og_url":"https:\/\/buydiplomashop.com\/sk\/kupit-rodny-list\/","og_site_name":"Buy a diploma, certificate and degrees","article_modified_time":"2025-11-04T18:53:16+00:00","og_image":[{"width":780,"height":480,"url":"https:\/\/buydiplomashop.com\/wp-content\/uploads\/2025\/11\/buy-birth-certificate-online.jpg","type":"image\/jpeg"}],"twitter_card":"summary_large_image","twitter_misc":{"Predpokladan\u00fd \u010das \u010d\u00edtania":"3 min\u00faty"},"schema":{"@context":"https:\/\/schema.org","@graph":[{"@type":"WebPage","@id":"https:\/\/buydiplomashop.com\/buy-a-birth-certificate\/","url":"https:\/\/buydiplomashop.com\/buy-a-birth-certificate\/","name":"K\u00fapi\u0165 rodn\u00fd list - K\u00fapi\u0165 diplom, certifik\u00e1t a tituly","isPartOf":{"@id":"https:\/\/buydiplomashop.com\/#website"},"primaryImageOfPage":{"@id":"https:\/\/buydiplomashop.com\/buy-a-birth-certificate\/#primaryimage"},"image":{"@id":"https:\/\/buydiplomashop.com\/buy-a-birth-certificate\/#primaryimage"},"thumbnailUrl":"https:\/\/buydiplomashop.com\/wp-content\/uploads\/2025\/11\/buy-birth-certificate-online.jpg","datePublished":"2025-07-25T17:57:02+00:00","dateModified":"2025-11-04T18:53:16+00:00","description":"K\u00fapte si rodn\u00fd list online pre Eur\u00f3pu, Ameriku a mnoho \u010fal\u0161\u00edch kraj\u00edn. Ofici\u00e1lny rodn\u00fd list na predaj Telegram, Dark Web online.","breadcrumb":{"@id":"https:\/\/buydiplomashop.com\/buy-a-birth-certificate\/#breadcrumb"},"inLanguage":"sk-SK","potentialAction":[{"@type":"ReadAction","target":["https:\/\/buydiplomashop.com\/buy-a-birth-certificate\/"]}]},{"@type":"ImageObject","inLanguage":"sk-SK","@id":"https:\/\/buydiplomashop.com\/buy-a-birth-certificate\/#primaryimage","url":"https:\/\/buydiplomashop.com\/wp-content\/uploads\/2025\/11\/buy-birth-certificate-online.jpg","contentUrl":"https:\/\/buydiplomashop.com\/wp-content\/uploads\/2025\/11\/buy-birth-certificate-online.jpg"},{"@type":"BreadcrumbList","@id":"https:\/\/buydiplomashop.com\/buy-a-birth-certificate\/#breadcrumb","itemListElement":[{"@type":"ListItem","position":1,"name":"Home","item":"https:\/\/buydiplomashop.com\/"},{"@type":"ListItem","position":2,"name":"Buy a Birth Certificate"}]},{"@type":"WebSite","@id":"https:\/\/buydiplomashop.com\/#website","url":"https:\/\/buydiplomashop.com\/","name":"K\u00fapa diplomu, certifik\u00e1tu a titulov","description":"K\u00fapi\u0165 diplom online, certifik\u00e1ty, tituly","potentialAction":[{"@type":"SearchAction","target":{"@type":"EntryPoint","urlTemplate":"https:\/\/buydiplomashop.com\/?s={search_term_string}"},"query-input":{"@type":"PropertyValueSpecification","valueRequired":true,"valueName":"search_term_string"}}],"inLanguage":"sk-SK"}]}},"_links":{"self":[{"href":"https:\/\/buydiplomashop.com\/sk\/wp-json\/wp\/v2\/pages\/135","targetHints":{"allow":["GET"]}}],"collection":[{"href":"https:\/\/buydiplomashop.com\/sk\/wp-json\/wp\/v2\/pages"}],"about":[{"href":"https:\/\/buydiplomashop.com\/sk\/wp-json\/wp\/v2\/types\/page"}],"author":[{"embeddable":true,"href":"https:\/\/buydiplomashop.com\/sk\/wp-json\/wp\/v2\/users\/1"}],"replies":[{"embeddable":true,"href":"https:\/\/buydiplomashop.com\/sk\/wp-json\/wp\/v2\/comments?post=135"}],"version-history":[{"count":5,"href":"https:\/\/buydiplomashop.com\/sk\/wp-json\/wp\/v2\/pages\/135\/revisions"}],"predecessor-version":[{"id":146,"href":"https:\/\/buydiplomashop.com\/sk\/wp-json\/wp\/v2\/pages\/135\/revisions\/146"}],"wp:attachment":[{"href":"https:\/\/buydiplomashop.com\/sk\/wp-json\/wp\/v2\/media?parent=135"}],"curies":[{"name":"wp","href":"https:\/\/api.w.org\/{rel}","templated":true}]}}