{"id":96,"date":"2025-07-23T14:31:39","date_gmt":"2025-07-23T14:31:39","guid":{"rendered":"https:\/\/buydiplomashop.com\/?page_id=96"},"modified":"2025-07-23T16:33:18","modified_gmt":"2025-07-23T16:33:18","slug":"cumparati-salarii-online","status":"publish","type":"page","link":"https:\/\/buydiplomashop.com\/ro\/buy-paychecks-online\/","title":{"rendered":"Cump\u0103ra\u021bi cecuri de salariu false"},"content":{"rendered":"<h2 class=\"wp-block-heading\">Cump\u0103ra\u021bi buletine de salariu sau cecuri de salariu false online<\/h2>\n\n\n\n<p>Dori\u021bi s\u0103 cump\u0103ra\u021bi flutura\u0219i de salariu\/cheltuieli de salariu false recreate? Bine a\u021bi venit la furnizorul #1 de documente din \u00eentreaga lume. Noi suntem <a href=\"https:\/\/buydiplomashop.com\/ro\/\">www.buydiplomashop.com<\/a>, de mul\u021bi ani lider de pia\u021b\u0103 \u00een ceea ce prive\u0219te cump\u0103rarea de adeverin\u021be de salariu contraf\u0103cute\/recreate, declara\u021bii ale angajatorului \u0219i alte documente. Sunte\u021bi interesa\u021bi s\u0103 cump\u0103ra\u021bi un flutura\u0219 de salariu fals online? Atunci a\u021bi ajuns la locul potrivit.<\/p>\n\n\n\n<h2 class=\"wp-block-heading\">Ce sunt fi\u0219ele de plat\u0103?<\/h2>\n\n\n\n<p>Buletinele de salariu, cunoscute \u0219i sub numele de fi\u0219e de salariu sau adeverin\u021be de salariu, sunt mai mult dec\u00e2t simple documente lunare - sunt dovezi esen\u021biale ale veniturilor \u0219i ale locului de munc\u0103. Indiferent dac\u0103 lucra\u021bi \u00een \u021a\u0103rile de Jos, Germania, Fran\u021ba, Spania sau \u00een orice alt\u0103 \u021bar\u0103 european\u0103 sau mondial\u0103, buletinul de salariu joac\u0103 un rol esen\u021bial \u00eentr-o gam\u0103 larg\u0103 de situa\u021bii financiare \u0219i administrative.<\/p>\n\n\n\n<p>Buletinele de salariu sunt esen\u021biale \u00een multe domenii ale vie\u021bii - de la locuin\u021b\u0103 \u0219i impozite la imigra\u021bie \u0219i chestiuni juridice. P\u0103stra\u021bi \u00eentotdeauna fi\u0219ele de salariu organizate \u0219i accesibile, mai ales dac\u0103 locui\u021bi sau lucra\u021bi \u00een UE.<\/p>\n\n\n\n<p>C\u0103uta\u021bi ajutor cu fi\u0219ele de plat\u0103 sau cu verificarea veniturilor? Contacta\u021bi-ne acum: <strong>buydiplomashop@pm.me<\/strong>, sau contacta\u021bi-ne prin WhatsApp.<\/p>\n\n\n\n<figure class=\"wp-block-image size-large is-resized\"><img loading=\"lazy\" decoding=\"async\" width=\"1024\" height=\"683\" src=\"https:\/\/buydiplomashop.com\/wp-content\/uploads\/2025\/07\/ChatGPT-Image-23-jul-2025-17_15_57-1024x683.png\" alt=\"cump\u0103ra\u021bi fi\u0219e de plat\u0103 false fi\u0219e de plat\u0103\" class=\"wp-image-129\" style=\"width:567px;height:auto\" srcset=\"https:\/\/buydiplomashop.com\/wp-content\/uploads\/2025\/07\/ChatGPT-Image-23-jul-2025-17_15_57-1024x683.png 1024w, https:\/\/buydiplomashop.com\/wp-content\/uploads\/2025\/07\/ChatGPT-Image-23-jul-2025-17_15_57-300x200.png 300w, https:\/\/buydiplomashop.com\/wp-content\/uploads\/2025\/07\/ChatGPT-Image-23-jul-2025-17_15_57-768x512.png 768w, https:\/\/buydiplomashop.com\/wp-content\/uploads\/2025\/07\/ChatGPT-Image-23-jul-2025-17_15_57-18x12.png 18w, https:\/\/buydiplomashop.com\/wp-content\/uploads\/2025\/07\/ChatGPT-Image-23-jul-2025-17_15_57-930x620.png 930w, https:\/\/buydiplomashop.com\/wp-content\/uploads\/2025\/07\/ChatGPT-Image-23-jul-2025-17_15_57.png 1536w\" sizes=\"auto, (max-width: 1024px) 100vw, 1024px\" \/><\/figure>\n\n\n\n<h2 class=\"wp-block-heading\">Chiar pot cump\u0103ra cecuri de salariu\/cheltuieli de salariu oficiale false?<\/h2>\n\n\n\n<p>De-a lungul anilor, am primit aceast\u0103 \u00eentrebare incredibil de des. R\u0103spunsul la \u00eentrebarea dac\u0103 este posibil s\u0103 cump\u0103r\u0103m cecuri de salariu oficiale false este DA! Suntem un lider al industriei de mul\u021bi ani \u0219i \u0219tim exact ce trebuie s\u0103 facem. Dac\u0103 dori\u021bi s\u0103 cump\u0103ra\u021bi \u0219i alte documente, cum ar fi o declara\u021bie a angajatorului, un contract sau alte declara\u021bii, v\u0103 rug\u0103m s\u0103 ne contacta\u021bi, avem mult\u0103 experien\u021b\u0103!<br><br>Datorit\u0103 experien\u021bei noastre cu clien\u021bii care au comandat o adeverin\u021b\u0103 de salariu, \u0219tim exact ce aspect s\u0103 folosim pentru fiecare sector. De asemenea, ne asigur\u0103m c\u0103 calculele sunt corecte. Suntem familiariza\u021bi cu calculele fiscale din aproape toate \u021b\u0103rile \u0219i industriile!<\/p>\n\n\n\n<p>Ave\u021bi nevoie de o dovad\u0103 a veniturilor \u0219i nu \u0219ti\u021bi de unde s\u0103 \u00eencepe\u021bi? Contacta\u021bi-ne \u0219i ne vom g\u00e2ndi \u00eempreun\u0103 cu dvs. astfel \u00eenc\u00e2t s\u0103 fie realist, identic \u0219i oficial. Nevoile dumneavoastr\u0103 devin preocup\u0103rile noastre.<\/p>\n\n\n\n<h2 class=\"wp-block-heading\">Pentru ce ave\u021bi nevoie de cecuri de plat\u0103?<\/h2>\n\n\n\n<p>\ud83c\udfe0 \u00cenchirierea sau cump\u0103rarea unei propriet\u0103\u021bi: Demonstra\u021bi stabilitatea veniturilor<\/p>\n\n\n\n<ul class=\"wp-block-list\">\n<li>Atunci c\u00e2nd solicita\u021bi un credit ipotecar sau semna\u021bi un contract de \u00eenchiriere, b\u0103ncile \u0219i proprietarii solicit\u0103 adesea fi\u0219e de plat\u0103 recente pentru a v\u0103 verifica veniturile. Acest lucru le ajut\u0103 s\u0103 evalueze dac\u0103 v\u0103 pute\u021bi permite s\u0103 pl\u0103ti\u021bi \u00eemprumutul sau chiria lunar\u0103. Majoritatea institu\u021biilor solicit\u0103 <strong>ultimele 3 p\u00e2n\u0103 la 6 fi\u0219e de plat\u0103<\/strong>.<\/li>\n<\/ul>\n\n\n\n<hr class=\"wp-block-separator has-alpha-channel-opacity\"\/>\n\n\n\n<p>\ud83d\udcb3 Solicitarea de \u00eemprumuturi sau carduri de credit<\/p>\n\n\n\n<p>Ave\u021bi nevoie de un \u00eemprumut personal, o finan\u021bare auto sau un card de credit? Institu\u021biile financiare utilizeaz\u0103 fi\u0219ele dumneavoastr\u0103 de salariu pentru a v\u0103 evalua <strong>capacitatea de rambursare \u0219i stabilitatea locului de munc\u0103<\/strong>. Un flux constant de venituri sus\u021binut de fi\u0219ele de plat\u0103 v\u0103 cre\u0219te \u0219ansele de aprobare.<\/p>\n\n\n\n<hr class=\"wp-block-separator has-alpha-channel-opacity\"\/>\n\n\n\n<p>\ud83e\uddfe Declara\u021bii fiscale \u0219i declara\u021bii de venit<\/p>\n\n\n\n<p>Buletinele de salariu includ o defalcare a impozitelor \u0219i a contribu\u021biilor la asigur\u0103rile sociale. \u00cen multe \u021b\u0103ri europene, precum Belgia, Fran\u021ba \u0219i \u021a\u0103rile de Jos, aceste documente sunt utile la \u00eentocmirea sau verificarea declara\u021biei fiscale anuale.<\/p>\n\n\n\n<hr class=\"wp-block-separator has-alpha-channel-opacity\"\/>\n\n\n\n<p>\u2696\ufe0f Dovezi juridice \u00een cazuri de angajare sau de familie<\/p>\n\n\n\n<p>Buletinele de salariu pot fi utilizate ca <strong>dovada legal\u0103 a venitului<\/strong> \u00een instan\u021b\u0103 - de exemplu, \u00een litigiile privind drepturile de angajare, procedurile de divor\u021b sau acordurile privind pensia alimentar\u0103. Acestea ofer\u0103 o eviden\u021b\u0103 clar\u0103 a ceea ce a\u021bi c\u00e2\u0219tigat \u0219i a ceea ce a fost dedus.<\/p>\n\n\n\n<hr class=\"wp-block-separator has-alpha-channel-opacity\"\/>\n\n\n\n<p>\ud83c\udf0d Cereri de imigrare \u0219i reziden\u021b\u0103<\/p>\n\n\n\n<p>Atunci c\u00e2nd solicita\u021bi un <strong>permis de \u0219edere sau viz\u0103 de munc\u0103<\/strong> \u00een Europa, buletinele de salariu sunt adesea solicitate pentru a demonstra c\u0103 sunte\u021bi angajat legal \u0219i c\u0103 ob\u021bine\u021bi venituri suficiente. \u021a\u0103ri precum Germania, Spania \u0219i \u021a\u0103rile de Jos solicit\u0103 frecvent aceste documente ca parte a procesului de imigrare.<\/p>\n\n\n\n<hr class=\"wp-block-separator has-alpha-channel-opacity\"\/>\n\n\n\n<p>\ud83d\udc75 Pensie, pensionare \u0219i securitate social\u0103<\/p>\n\n\n\n<p>Buletinele dumneavoastr\u0103 lunare de salariu con\u021bin informa\u021bii cu privire la <strong>contribu\u021bii la pensii \u0219i deduceri de asigur\u0103ri sociale<\/strong>. Aceste eviden\u021be sunt esen\u021biale atunci c\u00e2nd se solicit\u0103 drepturi de pensie sau se verific\u0103 eligibilitatea pentru presta\u021biile de pensionare.<\/p>\n\n\n\n<hr class=\"wp-block-separator has-alpha-channel-opacity\"\/>\n\n\n\n<p>\ud83e\udd12 Cereri de concediu medical \u0219i de invaliditate<\/p>\n\n\n\n<p>\u00cen caz de boal\u0103 sau invaliditate temporar\u0103, furnizorii europeni de asigur\u0103ri sociale sau angajatorii pot solicita fi\u0219e de plat\u0103 recente pentru a v\u0103 stabili indemniza\u021bia. Acestea servesc drept referin\u021b\u0103 fiabil\u0103 pentru c\u00e2\u0219tigurile dvs. medii.<\/p>\n\n\n\n<hr class=\"wp-block-separator has-alpha-channel-opacity\"\/>\n\n\n\n<p>\ud83d\udc68\u200d\ud83d\udcbc Cereri de angajare sau promov\u0103ri interne<\/p>\n\n\n\n<p>\u00cen unele sectoare - cum ar fi cel guvernamental sau bancar - candida\u021bilor li se poate cere s\u0103 prezinte foile de salariu anterioare ca dovad\u0103 a nivelului lor salarial anterior, \u00een special atunci c\u00e2nd negociaz\u0103 o nou\u0103 ofert\u0103 de munc\u0103 sau o promovare.<\/p>\n\n\n\n<hr class=\"wp-block-separator has-alpha-channel-opacity\"\/>\n\n\n\n<p>\ud83d\udc68\u200d\ud83d\udc69\u200d\ud83d\udc67 Burse pentru studen\u021bi, aloca\u021bii familiale \u0219i subven\u021bii<\/p>\n\n\n\n<p>Pentru a v\u0103 califica pentru <strong>burse sau aloca\u021bii pentru copii legate de educa\u021bie<\/strong>, autorit\u0103\u021bile solicit\u0103 adesea dovezi ale venitului total al gospod\u0103riei. Buletinele de salariu sunt cea mai comun\u0103 \u0219i acceptat\u0103 form\u0103 de verificare.<\/p>\n\n\n\n<hr class=\"wp-block-separator has-alpha-channel-opacity\"\/>\n\n\n\n<p>Dori\u021bi s\u0103 cump\u0103ra\u021bi un cec de salariu oficial fals online? Nu ezita\u021bi \u0219i face\u021bi clic pe <a href=\"https:\/\/buydiplomashop.com\/ro\/contact\/\">contact<\/a>. Buletinele de salariu false \u0219i serviciile noastre de verificare a veniturilor sunt conforme cu standardele europene, astfel cum sunt definite de <a href=\"https:\/\/ec.europa.eu\/social\">Departamentul Ocuparea For\u021bei de Munc\u0103 \u0219i Afaceri Sociale al Comisiei Europene<\/a> pentru cazurile europene.<\/p>\n\n\n\n<figure class=\"wp-block-image size-large is-resized\"><img loading=\"lazy\" decoding=\"async\" width=\"1024\" height=\"448\" src=\"https:\/\/buydiplomashop.com\/wp-content\/uploads\/2025\/07\/buy-fake-source-of-income-funds-1024x448.jpeg\" alt=\"cump\u0103ra\u021bi fonduri surs\u0103 de venit false\" class=\"wp-image-130\" style=\"width:725px;height:auto\" srcset=\"https:\/\/buydiplomashop.com\/wp-content\/uploads\/2025\/07\/buy-fake-source-of-income-funds-1024x448.jpeg 1024w, https:\/\/buydiplomashop.com\/wp-content\/uploads\/2025\/07\/buy-fake-source-of-income-funds-300x131.jpeg 300w, https:\/\/buydiplomashop.com\/wp-content\/uploads\/2025\/07\/buy-fake-source-of-income-funds-768x336.jpeg 768w, https:\/\/buydiplomashop.com\/wp-content\/uploads\/2025\/07\/buy-fake-source-of-income-funds-1536x672.jpeg 1536w, https:\/\/buydiplomashop.com\/wp-content\/uploads\/2025\/07\/buy-fake-source-of-income-funds-2048x896.jpeg 2048w, https:\/\/buydiplomashop.com\/wp-content\/uploads\/2025\/07\/buy-fake-source-of-income-funds-18x8.jpeg 18w\" sizes=\"auto, (max-width: 1024px) 100vw, 1024px\" \/><\/figure>\n\n\n\n<h2 class=\"wp-block-heading\">Partenerul dvs. pentru fi\u0219ele de salariu, declara\u021biile angajatorului \u0219i documentele financiare interna\u021bionale<\/h2>\n\n\n\n<p>C\u0103uta\u021bi un partener de \u00eencredere pentru a crea flutura\u0219i de salariu, declara\u021bii de angajator de cump\u0103rat \u0219i toate documentele esen\u021biale necesare atunci c\u00e2nd \u00eenchiria\u021bi o locuin\u021b\u0103 sau solicita\u021bi un credit ipotecar? Suntem aici pentru a v\u0103 ajuta - la nivel mondial \u0219i complet adaptat nevoilor dumneavoastr\u0103. <\/p>\n\n\n\n<p>\u2705 Speciali\u0219ti \u00een administrarea interna\u021bional\u0103 a salariilor<\/p>\n\n\n\n<p>\u00cen\u021belegem c\u0103 fiecare \u021bar\u0103 are propriile cote de impozitare, acorduri colective \u0219i reglement\u0103ri. Echipa noastr\u0103 este specializat\u0103 \u00een preg\u0103tirea de fi\u0219e de plat\u0103 precise \u0219i clare pentru diferite sectoare \u0219i \u021b\u0103ri. Acest lucru v\u0103 asigur\u0103 c\u0103 dumneavoastr\u0103, angaja\u021bii sau clien\u021bii dumneavoastr\u0103 ave\u021bi \u00eentotdeauna documente care \u00eendeplinesc cerin\u021bele locale.<\/p>\n\n\n\n<p>\ud83c\udfe0 Documente de \u00eenchiriere \u0219i ipotecare, aranjate rapid<\/p>\n\n\n\n<p>Atunci c\u00e2nd \u00eenchiria\u021bi o proprietate sau solicita\u021bi un credit ipotecar, documenta\u021bia clar\u0103 \u0219i de \u00eencredere este esen\u021bial\u0103. Noi oferim:<\/p>\n\n\n\n<ul class=\"wp-block-list\">\n<li>Modele de declara\u021bii ale angajatorului<\/li>\n\n\n\n<li>Situa\u021biile veniturilor<\/li>\n\n\n\n<li>Declara\u021bii anuale<\/li>\n\n\n\n<li>Alte documente necesare adaptate situa\u021biei dumneavoastr\u0103<\/li>\n<\/ul>\n\n\n\n<p>Acest lucru v\u0103 ajut\u0103 pe dvs. sau pe angaja\u021bii dvs. s\u0103 trece\u021bi mai repede verific\u0103rile financiare \u0219i cre\u0219te \u0219ansele de aprobare.<\/p>\n\n\n\n<p>\ud83c\udf0d Expertiz\u0103 global\u0103, cuno\u0219tin\u021be locale<\/p>\n\n\n\n<p>Indiferent dac\u0103 desf\u0103\u0219ura\u021bi activit\u0103\u021bi \u00een \u021a\u0103rile de Jos, Germania, Belgia, Fran\u021ba, Regatul Unit, SUA sau \u00een alt\u0103 parte, cunoa\u0219tem ratele de impozitare, reglement\u0103rile \u0219i cerin\u021bele administrative ale diferitelor \u021b\u0103ri \u0219i industrii. Acest lucru ne permite s\u0103 livr\u0103m documente care respect\u0103 standardele locale \u0219i cele mai bune practici interna\u021bionale.<\/p>\n\n\n\n<p>\u26a1 Rapid, precis \u0219i confiden\u021bial<\/p>\n\n\n\n<p>\u00cen\u021belegem c\u00e2t de important este s\u0103 ob\u021bine\u021bi rapid documentele potrivite, \u00een special atunci c\u00e2nd vine vorba de \u00eenchirierea sau cump\u0103rarea unei locuin\u021be. V\u0103 pute\u021bi baza pe noi pentru:<\/p>\n\n\n\n<ul class=\"wp-block-list\">\n<li>Termene de execu\u021bie scurte<\/li>\n\n\n\n<li>Precizie ridicat\u0103<\/li>\n\n\n\n<li>Confiden\u021bialitate strict\u0103<\/li>\n<\/ul>\n\n\n\n<figure class=\"wp-block-image size-full\"><img loading=\"lazy\" decoding=\"async\" width=\"199\" height=\"253\" src=\"https:\/\/buydiplomashop.com\/wp-content\/uploads\/2025\/07\/buy-fake-employer-statement.jpg\" alt=\"cump\u0103ra declara\u021bie fals\u0103 a angajatorului\" class=\"wp-image-128\" srcset=\"https:\/\/buydiplomashop.com\/wp-content\/uploads\/2025\/07\/buy-fake-employer-statement.jpg 199w, https:\/\/buydiplomashop.com\/wp-content\/uploads\/2025\/07\/buy-fake-employer-statement-9x12.jpg 9w\" sizes=\"auto, (max-width: 199px) 100vw, 199px\" \/><\/figure>\n\n\n\n<p>Cump\u0103ra\u021bi ast\u0103zi o declara\u021bie fals\u0103 a angajatorului, o surs\u0103 fals\u0103 de fonduri de venit sau buletine de salariu\/cheltuieli de salariu!<\/p>","protected":false},"excerpt":{"rendered":"<p>Buy fake payslips or paychecks online Do you want to buy recreated fake payslips\/paychecks? Welcome to the #1 provider of documents worldwide. We are www.buydiplomashop.com, for many years the market leader when it comes to buying counterfeit\/recreated pay stubs, employer statements and other documents. Are you intrested in buying a fake payslip online? Then you&hellip;&nbsp;<a href=\"https:\/\/buydiplomashop.com\/ro\/buy-paychecks-online\/\" rel=\"bookmark\"><span class=\"screen-reader-text\">Cump\u0103ra\u021bi cecuri de salariu false<\/span><\/a><\/p>","protected":false},"author":1,"featured_media":0,"parent":0,"menu_order":0,"comment_status":"closed","ping_status":"closed","template":"","meta":{"neve_meta_sidebar":"","neve_meta_container":"","neve_meta_enable_content_width":"","neve_meta_content_width":0,"neve_meta_title_alignment":"","neve_meta_author_avatar":"","neve_post_elements_order":"","neve_meta_disable_header":"","neve_meta_disable_footer":"","neve_meta_disable_title":"","footnotes":""},"class_list":["post-96","page","type-page","status-publish","hentry"],"yoast_head":"<!-- This site is optimized with the Yoast SEO plugin v27.5 - https:\/\/yoast.com\/product\/yoast-seo-wordpress\/ -->\n<title>Buy fake paychecks - Buy a diploma, certificate and degrees<\/title>\n<meta name=\"description\" content=\"Buy fake payslips, paychecks online. Global provider of professional payslips, employer statements, and proof of income documents.\" \/>\n<meta name=\"robots\" content=\"index, follow, max-snippet:-1, max-image-preview:large, max-video-preview:-1\" \/>\n<link rel=\"canonical\" href=\"https:\/\/buydiplomashop.com\/ro\/cumparati-salarii-online\/\" \/>\n<meta property=\"og:locale\" content=\"ro_RO\" \/>\n<meta property=\"og:type\" content=\"article\" \/>\n<meta property=\"og:title\" content=\"Buy fake paychecks - Buy a diploma, certificate and degrees\" \/>\n<meta property=\"og:description\" content=\"Buy fake payslips, paychecks online. Global provider of professional payslips, employer statements, and proof of income documents.\" \/>\n<meta property=\"og:url\" content=\"https:\/\/buydiplomashop.com\/ro\/cumparati-salarii-online\/\" \/>\n<meta property=\"og:site_name\" content=\"Buy a diploma, certificate and degrees\" \/>\n<meta property=\"article:modified_time\" content=\"2025-07-23T16:33:18+00:00\" \/>\n<meta property=\"og:image\" content=\"https:\/\/buydiplomashop.com\/wp-content\/uploads\/2025\/07\/ChatGPT-Image-23-jul-2025-17_15_57-1024x683.png\" \/>\n\t<meta property=\"og:image:width\" content=\"1024\" \/>\n\t<meta property=\"og:image:height\" content=\"683\" \/>\n\t<meta property=\"og:image:type\" content=\"image\/png\" \/>\n<meta name=\"twitter:card\" content=\"summary_large_image\" \/>\n<meta name=\"twitter:label1\" content=\"Timp estimat pentru citire\" \/>\n\t<meta name=\"twitter:data1\" content=\"5 minute\" \/>\n<script type=\"application\/ld+json\" class=\"yoast-schema-graph\">{\"@context\":\"https:\\\/\\\/schema.org\",\"@graph\":[{\"@type\":\"WebPage\",\"@id\":\"https:\\\/\\\/buydiplomashop.com\\\/buy-paychecks-online\\\/\",\"url\":\"https:\\\/\\\/buydiplomashop.com\\\/buy-paychecks-online\\\/\",\"name\":\"Buy fake paychecks - Buy a diploma, certificate and degrees\",\"isPartOf\":{\"@id\":\"https:\\\/\\\/buydiplomashop.com\\\/#website\"},\"primaryImageOfPage\":{\"@id\":\"https:\\\/\\\/buydiplomashop.com\\\/buy-paychecks-online\\\/#primaryimage\"},\"image\":{\"@id\":\"https:\\\/\\\/buydiplomashop.com\\\/buy-paychecks-online\\\/#primaryimage\"},\"thumbnailUrl\":\"https:\\\/\\\/buydiplomashop.com\\\/wp-content\\\/uploads\\\/2025\\\/07\\\/ChatGPT-Image-23-jul-2025-17_15_57-1024x683.png\",\"datePublished\":\"2025-07-23T14:31:39+00:00\",\"dateModified\":\"2025-07-23T16:33:18+00:00\",\"description\":\"Buy fake payslips, paychecks online. Global provider of professional payslips, employer statements, and proof of income documents.\",\"breadcrumb\":{\"@id\":\"https:\\\/\\\/buydiplomashop.com\\\/buy-paychecks-online\\\/#breadcrumb\"},\"inLanguage\":\"ro-RO\",\"potentialAction\":[{\"@type\":\"ReadAction\",\"target\":[\"https:\\\/\\\/buydiplomashop.com\\\/buy-paychecks-online\\\/\"]}]},{\"@type\":\"ImageObject\",\"inLanguage\":\"ro-RO\",\"@id\":\"https:\\\/\\\/buydiplomashop.com\\\/buy-paychecks-online\\\/#primaryimage\",\"url\":\"https:\\\/\\\/buydiplomashop.com\\\/wp-content\\\/uploads\\\/2025\\\/07\\\/ChatGPT-Image-23-jul-2025-17_15_57-1024x683.png\",\"contentUrl\":\"https:\\\/\\\/buydiplomashop.com\\\/wp-content\\\/uploads\\\/2025\\\/07\\\/ChatGPT-Image-23-jul-2025-17_15_57-1024x683.png\"},{\"@type\":\"BreadcrumbList\",\"@id\":\"https:\\\/\\\/buydiplomashop.com\\\/buy-paychecks-online\\\/#breadcrumb\",\"itemListElement\":[{\"@type\":\"ListItem\",\"position\":1,\"name\":\"Home\",\"item\":\"https:\\\/\\\/buydiplomashop.com\\\/\"},{\"@type\":\"ListItem\",\"position\":2,\"name\":\"Buy fake paychecks\"}]},{\"@type\":\"WebSite\",\"@id\":\"https:\\\/\\\/buydiplomashop.com\\\/#website\",\"url\":\"https:\\\/\\\/buydiplomashop.com\\\/\",\"name\":\"Buy a diploma, certificate and degrees\",\"description\":\"Buy a diploma online, certificates, degrees\",\"potentialAction\":[{\"@type\":\"SearchAction\",\"target\":{\"@type\":\"EntryPoint\",\"urlTemplate\":\"https:\\\/\\\/buydiplomashop.com\\\/?s={search_term_string}\"},\"query-input\":{\"@type\":\"PropertyValueSpecification\",\"valueRequired\":true,\"valueName\":\"search_term_string\"}}],\"inLanguage\":\"ro-RO\"}]}<\/script>\n<!-- \/ Yoast SEO plugin. -->","yoast_head_json":{"title":"Cump\u0103ra\u021bi cecuri de salariu false - Cump\u0103ra\u021bi o diplom\u0103, un certificat \u0219i grade","description":"Cump\u0103ra\u021bi buletine de salariu false, cecuri de salariu online. Furnizor global de buletine de salariu profesionale, declara\u021bii ale angajatorului \u0219i documente doveditoare ale veniturilor.","robots":{"index":"index","follow":"follow","max-snippet":"max-snippet:-1","max-image-preview":"max-image-preview:large","max-video-preview":"max-video-preview:-1"},"canonical":"https:\/\/buydiplomashop.com\/ro\/cumparati-salarii-online\/","og_locale":"ro_RO","og_type":"article","og_title":"Buy fake paychecks - Buy a diploma, certificate and degrees","og_description":"Buy fake payslips, paychecks online. Global provider of professional payslips, employer statements, and proof of income documents.","og_url":"https:\/\/buydiplomashop.com\/ro\/cumparati-salarii-online\/","og_site_name":"Buy a diploma, certificate and degrees","article_modified_time":"2025-07-23T16:33:18+00:00","og_image":[{"width":1024,"height":683,"url":"https:\/\/buydiplomashop.com\/wp-content\/uploads\/2025\/07\/ChatGPT-Image-23-jul-2025-17_15_57-1024x683.png","type":"image\/png"}],"twitter_card":"summary_large_image","twitter_misc":{"Timp estimat pentru citire":"5 minute"},"schema":{"@context":"https:\/\/schema.org","@graph":[{"@type":"WebPage","@id":"https:\/\/buydiplomashop.com\/buy-paychecks-online\/","url":"https:\/\/buydiplomashop.com\/buy-paychecks-online\/","name":"Cump\u0103ra\u021bi cecuri de salariu false - Cump\u0103ra\u021bi o diplom\u0103, un certificat \u0219i grade","isPartOf":{"@id":"https:\/\/buydiplomashop.com\/#website"},"primaryImageOfPage":{"@id":"https:\/\/buydiplomashop.com\/buy-paychecks-online\/#primaryimage"},"image":{"@id":"https:\/\/buydiplomashop.com\/buy-paychecks-online\/#primaryimage"},"thumbnailUrl":"https:\/\/buydiplomashop.com\/wp-content\/uploads\/2025\/07\/ChatGPT-Image-23-jul-2025-17_15_57-1024x683.png","datePublished":"2025-07-23T14:31:39+00:00","dateModified":"2025-07-23T16:33:18+00:00","description":"Cump\u0103ra\u021bi buletine de salariu false, cecuri de salariu online. Furnizor global de buletine de salariu profesionale, declara\u021bii ale angajatorului \u0219i documente doveditoare ale veniturilor.","breadcrumb":{"@id":"https:\/\/buydiplomashop.com\/buy-paychecks-online\/#breadcrumb"},"inLanguage":"ro-RO","potentialAction":[{"@type":"ReadAction","target":["https:\/\/buydiplomashop.com\/buy-paychecks-online\/"]}]},{"@type":"ImageObject","inLanguage":"ro-RO","@id":"https:\/\/buydiplomashop.com\/buy-paychecks-online\/#primaryimage","url":"https:\/\/buydiplomashop.com\/wp-content\/uploads\/2025\/07\/ChatGPT-Image-23-jul-2025-17_15_57-1024x683.png","contentUrl":"https:\/\/buydiplomashop.com\/wp-content\/uploads\/2025\/07\/ChatGPT-Image-23-jul-2025-17_15_57-1024x683.png"},{"@type":"BreadcrumbList","@id":"https:\/\/buydiplomashop.com\/buy-paychecks-online\/#breadcrumb","itemListElement":[{"@type":"ListItem","position":1,"name":"Home","item":"https:\/\/buydiplomashop.com\/"},{"@type":"ListItem","position":2,"name":"Buy fake paychecks"}]},{"@type":"WebSite","@id":"https:\/\/buydiplomashop.com\/#website","url":"https:\/\/buydiplomashop.com\/","name":"Cump\u0103ra\u021bi o diplom\u0103, un certificat \u0219i grade","description":"Cump\u0103ra\u021bi o diplom\u0103 online, certificate, diplome","potentialAction":[{"@type":"SearchAction","target":{"@type":"EntryPoint","urlTemplate":"https:\/\/buydiplomashop.com\/?s={search_term_string}"},"query-input":{"@type":"PropertyValueSpecification","valueRequired":true,"valueName":"search_term_string"}}],"inLanguage":"ro-RO"}]}},"_links":{"self":[{"href":"https:\/\/buydiplomashop.com\/ro\/wp-json\/wp\/v2\/pages\/96","targetHints":{"allow":["GET"]}}],"collection":[{"href":"https:\/\/buydiplomashop.com\/ro\/wp-json\/wp\/v2\/pages"}],"about":[{"href":"https:\/\/buydiplomashop.com\/ro\/wp-json\/wp\/v2\/types\/page"}],"author":[{"embeddable":true,"href":"https:\/\/buydiplomashop.com\/ro\/wp-json\/wp\/v2\/users\/1"}],"replies":[{"embeddable":true,"href":"https:\/\/buydiplomashop.com\/ro\/wp-json\/wp\/v2\/comments?post=96"}],"version-history":[{"count":26,"href":"https:\/\/buydiplomashop.com\/ro\/wp-json\/wp\/v2\/pages\/96\/revisions"}],"predecessor-version":[{"id":133,"href":"https:\/\/buydiplomashop.com\/ro\/wp-json\/wp\/v2\/pages\/96\/revisions\/133"}],"wp:attachment":[{"href":"https:\/\/buydiplomashop.com\/ro\/wp-json\/wp\/v2\/media?parent=96"}],"curies":[{"name":"wp","href":"https:\/\/api.w.org\/{rel}","templated":true}]}}