{"id":52,"date":"2025-03-24T20:04:24","date_gmt":"2025-03-24T20:04:24","guid":{"rendered":"https:\/\/buydiplomashop.com\/?page_id=52"},"modified":"2025-03-24T20:48:11","modified_gmt":"2025-03-24T20:48:11","slug":"buy-diploma-online","status":"publish","type":"page","link":"https:\/\/buydiplomashop.com\/ro\/","title":{"rendered":"Cump\u0103ra\u021bi diploma online"},"content":{"rendered":"<h1 class=\"wp-block-heading\">Cump\u0103ra\u021bi diplome, certificate \u0219i diplome false de \u00eenalt\u0103 calitate. Autentic, oficial \u0219i rapid.<\/h1>\n\n\n\n<p>Dori\u021bi s\u0103 cump\u0103ra\u021bi o diplom\u0103? Cel mai bun mod de a comanda o diplom\u0103, un certificat sau un titlu este prin intermediul nostru. Avem cele mai bune modele, dezvoltate prin ani de experien\u021b\u0103 \u0219i un nivel ridicat de expertiz\u0103. Modelele se bazeaz\u0103 pe \u0219coala, universitatea, colegiul sau altele similare pe care le dori\u021bi. Alege\u021bi una dintre diplomele, certificatele sau pachetele noastre combinate pentru a \u00eencepe! <a href=\"https:\/\/buydiplomashop.com\/ro\/\">www.buydiplomashop.com<\/a>este gata s\u0103 v\u0103 ajute zi \u0219i noapte.<\/p>\n\n\n\n<p>Cump\u0103ra\u021bi o diplom\u0103 online? Este posibil? Pute\u021bi cump\u0103ra o diplom\u0103 24\/7. R\u0103spunsul la aceast\u0103 \u00eentrebare este \"da\". \u00cen zilele noastre pute\u021bi cump\u0103ra o diplom\u0103 online \u0219i, \u00een unele cazuri, chiar s\u0103 o \u00eenregistra\u021bi. Mai multe \u021b\u0103ri sunt printre op\u021biuni.<\/p>\n\n\n\n<figure class=\"wp-block-pullquote\"><blockquote><p>Dori\u021bi mai multe informa\u021bii? Nu mai ezita\u021bi. Face\u021bi clic pe <a href=\"https:\/\/buydiplomashop.com\/ro\/contact\/\">contact<\/a> sau trimite\u021bi un e-mail direct la:<\/p><cite><strong>Buydiplomashop@pm.me<\/strong><\/cite><\/blockquote><\/figure>\n\n\n\n<figure class=\"wp-block-image size-full is-resized\"><img loading=\"lazy\" decoding=\"async\" width=\"980\" height=\"980\" src=\"https:\/\/buydiplomashop.com\/wp-content\/uploads\/2025\/03\/diploma-kopen-vca-hbo-mbo-bachelor-duo-belgie-nederland.jpg\" alt=\"cump\u0103ra diplom\u0103\" class=\"wp-image-78\" style=\"width:531px;height:auto\" srcset=\"https:\/\/buydiplomashop.com\/wp-content\/uploads\/2025\/03\/diploma-kopen-vca-hbo-mbo-bachelor-duo-belgie-nederland.jpg 980w, https:\/\/buydiplomashop.com\/wp-content\/uploads\/2025\/03\/diploma-kopen-vca-hbo-mbo-bachelor-duo-belgie-nederland-300x300.jpg 300w, https:\/\/buydiplomashop.com\/wp-content\/uploads\/2025\/03\/diploma-kopen-vca-hbo-mbo-bachelor-duo-belgie-nederland-150x150.jpg 150w, https:\/\/buydiplomashop.com\/wp-content\/uploads\/2025\/03\/diploma-kopen-vca-hbo-mbo-bachelor-duo-belgie-nederland-768x768.jpg 768w, https:\/\/buydiplomashop.com\/wp-content\/uploads\/2025\/03\/diploma-kopen-vca-hbo-mbo-bachelor-duo-belgie-nederland-12x12.jpg 12w\" sizes=\"auto, (max-width: 980px) 100vw, 980px\" \/><\/figure>\n\n\n\n<h2 class=\"wp-block-heading\">De ce diplomele noastre arat\u0103 at\u00e2t de realist?<\/h2>\n\n\n\n<p>Datorit\u0103 a mai mult de 20 de ani de experien\u021b\u0103, am colectat un num\u0103r mare de documente academice pentru a ne asigura c\u0103 ve\u021bi ob\u021bine cea mai realist\u0103 diplom\u0103 fals\u0103 \u0219i transcriere de la \u0219coala dorit\u0103.<\/p>\n\n\n\n<ul class=\"wp-block-list\">\n<li>Noi potrivim numele \u0219colii, detaliile elevului, data absolvirii \u0219i semn\u0103turile realiste sunt incluse f\u0103r\u0103 costuri suplimentare!<\/li>\n\n\n\n<li>Vom face, de asemenea, o list\u0103 de note, dac\u0103 este cazul<\/li>\n\n\n\n<li>Furniz\u0103m o list\u0103 de cursuri standard sau personalizate pe lista dvs. de note<\/li>\n\n\n\n<li>Avem sigilii, embleme \u0219i logo-uri \u00een relief, \u00een relief, cu cerneal\u0103 plat\u0103 de \u00eenalt\u0103 calitate.<\/li>\n\n\n\n<li>Fiecare transcriere prezint\u0103 sigilii, embleme, logo-uri \u0219i steme full color specifice \u0219colii pe care a\u021bi absolvit-o.<\/li>\n\n\n\n<li>Toate diplomele sunt tip\u0103rite pe h\u00e2rtie pergament groas\u0103.<\/li>\n\n\n\n<li>Noi folosim <a href=\"https:\/\/www.ologrammi.com\/en\/holograms-for-courses-certificates\">holograme<\/a> pentru a verifica originalitatea transcrierii dumneavoastr\u0103.<\/li>\n\n\n\n<li>O sigiliu \"Registrar\" \u00een relief \u0219i semn\u0103tura registratorului este o op\u021biune disponibil\u0103!<\/li>\n\n\n\n<li>Oferim dovezi \u00eenainte de imprimare \u0219i e-mailuri cu produsul finit \u00een fi\u0219iere PDF de \u00eenalt\u0103 calitate.<\/li>\n<\/ul>\n\n\n\n<p>Face\u021bi clic pe <a href=\"https:\/\/buydiplomashop.com\/ro\/contact\/\">contact<\/a> \u0219i \u00eentreba\u021bi-ne despre posibilit\u0103\u021bi.<\/p>\n\n\n\n<figure class=\"wp-block-image size-full is-resized\"><img loading=\"lazy\" decoding=\"async\" width=\"980\" height=\"980\" src=\"https:\/\/buydiplomashop.com\/wp-content\/uploads\/2025\/03\/diploma-kopen.jpg\" alt=\"Cump\u0103ra\u021bi diplom\u0103, certificat sau grad oficial autentic fals\" class=\"wp-image-80\" style=\"width:470px;height:auto\" srcset=\"https:\/\/buydiplomashop.com\/wp-content\/uploads\/2025\/03\/diploma-kopen.jpg 980w, https:\/\/buydiplomashop.com\/wp-content\/uploads\/2025\/03\/diploma-kopen-300x300.jpg 300w, https:\/\/buydiplomashop.com\/wp-content\/uploads\/2025\/03\/diploma-kopen-150x150.jpg 150w, https:\/\/buydiplomashop.com\/wp-content\/uploads\/2025\/03\/diploma-kopen-768x768.jpg 768w, https:\/\/buydiplomashop.com\/wp-content\/uploads\/2025\/03\/diploma-kopen-12x12.jpg 12w\" sizes=\"auto, (max-width: 980px) 100vw, 980px\" \/><\/figure>\n\n\n\n<h3 class=\"wp-block-heading\">De ce s\u0103 cump\u0103ra\u021bi o diplom\u0103 de la www.buydiplomashop.com, furnizorul num\u0103rul 1?<\/h3>\n\n\n\n<p>Verific\u0103m \u00een mod regulat diplomele \u0219i certificatele de la concuren\u021bii no\u0219tri. Din p\u0103cate, calitatea de la al\u021bi furnizori este considerabil mai sc\u0103zut\u0103. Ei ofer\u0103 documente f\u0103r\u0103 filigran \u0219i de o calitate mult mai slab\u0103 dec\u00e2t cea pe care o putem produce noi.<\/p>\n\n\n\n<p>Pute\u021bi achizi\u021biona o diplom\u0103 de la noi din multe \u021b\u0103ri diferite. Exist\u0103 mai multe op\u021biuni \u00een func\u021bie de dorin\u021bele dumneavoastr\u0103. Spune\u021bi-ne de ce ave\u021bi nevoie \u0219i noi vom aranja totul!<\/p>\n\n\n\n<p>Anterior, a\u021bi putut cump\u0103ra o diplom\u0103, un grad \u0219i un certificat oficial autentic de la noi prin intermediul dark web sau Telegram. Suntem \u00eenc\u0103 activi online!<\/p>\n\n\n\n<figure class=\"wp-block-image size-large is-resized\"><img loading=\"lazy\" decoding=\"async\" width=\"1024\" height=\"1024\" src=\"https:\/\/buydiplomashop.com\/wp-content\/uploads\/2025\/03\/diploma-kopen-telegram-darkweb-1024x1024.png\" alt=\"cump\u0103ra diplom\u0103 telegram\u0103 dark web\" class=\"wp-image-77\" style=\"width:517px;height:auto\" srcset=\"https:\/\/buydiplomashop.com\/wp-content\/uploads\/2025\/03\/diploma-kopen-telegram-darkweb-1024x1024.png 1024w, https:\/\/buydiplomashop.com\/wp-content\/uploads\/2025\/03\/diploma-kopen-telegram-darkweb-300x300.png 300w, https:\/\/buydiplomashop.com\/wp-content\/uploads\/2025\/03\/diploma-kopen-telegram-darkweb-150x150.png 150w, https:\/\/buydiplomashop.com\/wp-content\/uploads\/2025\/03\/diploma-kopen-telegram-darkweb-768x768.png 768w, https:\/\/buydiplomashop.com\/wp-content\/uploads\/2025\/03\/diploma-kopen-telegram-darkweb-1536x1536.png 1536w, https:\/\/buydiplomashop.com\/wp-content\/uploads\/2025\/03\/diploma-kopen-telegram-darkweb-2048x2048.png 2048w, https:\/\/buydiplomashop.com\/wp-content\/uploads\/2025\/03\/diploma-kopen-telegram-darkweb-12x12.png 12w\" sizes=\"auto, (max-width: 1024px) 100vw, 1024px\" \/><\/figure>\n\n\n\n<p>Avem ani de experien\u021b\u0103 cu clien\u021bii care au dorit s\u0103 cumpere o diplom\u0103 online. \u00cenc\u0103 accept\u0103m misiuni, a\u0219a c\u0103 nu mai ezita\u021bi \u0219i contacta\u021bi-ne. Dac\u0103 este urgent\u0103, v\u0103 rug\u0103m s\u0103 ne anun\u021ba\u021bi pentru a o putea lua \u00een considerare.<\/p>\n\n\n\n<p>Lucr\u0103m f\u0103r\u0103 nicio obliga\u021bie, tu, ca client, e\u0219ti regele. Trat\u0103m datele dvs. cu cea mai mare grij\u0103 \u0219i stoc\u0103m c\u00e2t mai pu\u021bine date posibil. Ceea ce trebuie s\u0103 fie stocat este \u0219ters definitiv dup\u0103 finalizare.<\/p>\n\n\n\n<figure class=\"wp-block-image size-full\"><img loading=\"lazy\" decoding=\"async\" width=\"200\" height=\"200\" src=\"https:\/\/buydiplomashop.com\/wp-content\/uploads\/2025\/03\/diploma-kopen-ervaringen-reviews.jpg\" alt=\"cump\u0103ra autentic diplom\u0103 experien\u021be comentarii\" class=\"wp-image-76\" srcset=\"https:\/\/buydiplomashop.com\/wp-content\/uploads\/2025\/03\/diploma-kopen-ervaringen-reviews.jpg 200w, https:\/\/buydiplomashop.com\/wp-content\/uploads\/2025\/03\/diploma-kopen-ervaringen-reviews-150x150.jpg 150w, https:\/\/buydiplomashop.com\/wp-content\/uploads\/2025\/03\/diploma-kopen-ervaringen-reviews-12x12.jpg 12w\" sizes=\"auto, (max-width: 200px) 100vw, 200px\" \/><\/figure>","protected":false},"excerpt":{"rendered":"<p>Cump\u0103ra\u021bi diplome, certificate \u0219i diplome false de \u00eenalt\u0103 calitate. Autentic, oficial \u0219i rapid. Dori\u021bi s\u0103 cump\u0103ra\u021bi o diplom\u0103? Cel mai bun mod de a comanda o diplom\u0103, un certificat sau o diplom\u0103 este prin intermediul nostru. Avem cele mai bune modele, dezvoltate prin ani de experien\u021b\u0103 \u0219i un nivel ridicat de expertiz\u0103. Modelele se bazeaz\u0103 pe \u0219coala, universitatea, colegiul dorit...&nbsp;<a href=\"https:\/\/buydiplomashop.com\/ro\/\" rel=\"bookmark\"><span class=\"screen-reader-text\">Cump\u0103ra\u021bi diploma online<\/span><\/a><\/p>","protected":false},"author":1,"featured_media":0,"parent":0,"menu_order":0,"comment_status":"closed","ping_status":"closed","template":"","meta":{"neve_meta_sidebar":"","neve_meta_container":"","neve_meta_enable_content_width":"","neve_meta_content_width":0,"neve_meta_title_alignment":"","neve_meta_author_avatar":"","neve_post_elements_order":"","neve_meta_disable_header":"","neve_meta_disable_footer":"","neve_meta_disable_title":"","footnotes":""},"class_list":["post-52","page","type-page","status-publish","hentry"],"yoast_head":"<!-- This site is optimized with the Yoast SEO plugin v27.4 - https:\/\/yoast.com\/product\/yoast-seo-wordpress\/ -->\n<title>Buy diploma online - Buy a diploma, certificate and degrees<\/title>\n<meta name=\"description\" content=\"Buy a diploma online. Buy an officially fake, authentic degree certificate diploma via the dark web Telegram. Many reviews and experiences.\" \/>\n<meta name=\"robots\" content=\"index, follow, max-snippet:-1, max-image-preview:large, max-video-preview:-1\" \/>\n<link rel=\"canonical\" href=\"https:\/\/buydiplomashop.com\/ro\/\" \/>\n<meta property=\"og:locale\" content=\"ro_RO\" \/>\n<meta property=\"og:type\" content=\"article\" \/>\n<meta property=\"og:title\" content=\"Buy diploma online - Buy a diploma, certificate and degrees\" \/>\n<meta property=\"og:description\" content=\"Buy a diploma online. Buy an officially fake, authentic degree certificate diploma via the dark web Telegram. Many reviews and experiences.\" \/>\n<meta property=\"og:url\" content=\"https:\/\/buydiplomashop.com\/ro\/\" \/>\n<meta property=\"og:site_name\" content=\"Buy a diploma, certificate and degrees\" \/>\n<meta property=\"article:modified_time\" content=\"2025-03-24T20:48:11+00:00\" \/>\n<meta property=\"og:image\" content=\"https:\/\/buydiplomashop.com\/wp-content\/uploads\/2025\/03\/diploma-kopen-vca-hbo-mbo-bachelor-duo-belgie-nederland.jpg\" \/>\n\t<meta property=\"og:image:width\" content=\"980\" \/>\n\t<meta property=\"og:image:height\" content=\"980\" \/>\n\t<meta property=\"og:image:type\" content=\"image\/jpeg\" \/>\n<meta name=\"twitter:card\" content=\"summary_large_image\" \/>\n<meta name=\"twitter:label1\" content=\"Timp estimat pentru citire\" \/>\n\t<meta name=\"twitter:data1\" content=\"3 minute\" \/>\n<script type=\"application\/ld+json\" class=\"yoast-schema-graph\">{\"@context\":\"https:\\\/\\\/schema.org\",\"@graph\":[{\"@type\":\"WebPage\",\"@id\":\"https:\\\/\\\/buydiplomashop.com\\\/\",\"url\":\"https:\\\/\\\/buydiplomashop.com\\\/\",\"name\":\"Buy diploma online - Buy a diploma, certificate and degrees\",\"isPartOf\":{\"@id\":\"https:\\\/\\\/buydiplomashop.com\\\/#website\"},\"primaryImageOfPage\":{\"@id\":\"https:\\\/\\\/buydiplomashop.com\\\/#primaryimage\"},\"image\":{\"@id\":\"https:\\\/\\\/buydiplomashop.com\\\/#primaryimage\"},\"thumbnailUrl\":\"https:\\\/\\\/buydiplomashop.com\\\/wp-content\\\/uploads\\\/2025\\\/03\\\/diploma-kopen-vca-hbo-mbo-bachelor-duo-belgie-nederland.jpg\",\"datePublished\":\"2025-03-24T20:04:24+00:00\",\"dateModified\":\"2025-03-24T20:48:11+00:00\",\"description\":\"Buy a diploma online. Buy an officially fake, authentic degree certificate diploma via the dark web Telegram. Many reviews and experiences.\",\"breadcrumb\":{\"@id\":\"https:\\\/\\\/buydiplomashop.com\\\/#breadcrumb\"},\"inLanguage\":\"ro-RO\",\"potentialAction\":[{\"@type\":\"ReadAction\",\"target\":[\"https:\\\/\\\/buydiplomashop.com\\\/\"]}]},{\"@type\":\"ImageObject\",\"inLanguage\":\"ro-RO\",\"@id\":\"https:\\\/\\\/buydiplomashop.com\\\/#primaryimage\",\"url\":\"https:\\\/\\\/buydiplomashop.com\\\/wp-content\\\/uploads\\\/2025\\\/03\\\/diploma-kopen-vca-hbo-mbo-bachelor-duo-belgie-nederland.jpg\",\"contentUrl\":\"https:\\\/\\\/buydiplomashop.com\\\/wp-content\\\/uploads\\\/2025\\\/03\\\/diploma-kopen-vca-hbo-mbo-bachelor-duo-belgie-nederland.jpg\"},{\"@type\":\"BreadcrumbList\",\"@id\":\"https:\\\/\\\/buydiplomashop.com\\\/#breadcrumb\",\"itemListElement\":[{\"@type\":\"ListItem\",\"position\":1,\"name\":\"Home\",\"item\":\"https:\\\/\\\/buydiplomashop.com\\\/\"},{\"@type\":\"ListItem\",\"position\":2,\"name\":\"Buy diploma online\"}]},{\"@type\":\"WebSite\",\"@id\":\"https:\\\/\\\/buydiplomashop.com\\\/#website\",\"url\":\"https:\\\/\\\/buydiplomashop.com\\\/\",\"name\":\"Buy a diploma, certificate and degrees\",\"description\":\"Buy a diploma online, certificates, degrees\",\"potentialAction\":[{\"@type\":\"SearchAction\",\"target\":{\"@type\":\"EntryPoint\",\"urlTemplate\":\"https:\\\/\\\/buydiplomashop.com\\\/?s={search_term_string}\"},\"query-input\":{\"@type\":\"PropertyValueSpecification\",\"valueRequired\":true,\"valueName\":\"search_term_string\"}}],\"inLanguage\":\"ro-RO\"}]}<\/script>\n<!-- \/ Yoast SEO plugin. -->","yoast_head_json":{"title":"Cumpara diploma online - Cumpara o diplom\u0103, certificat \u0219i grade","description":"Cump\u0103ra\u021bi o diplom\u0103 online. Cump\u0103ra\u021bi o diplom\u0103 cu certificat de diplom\u0103 oficial fals\u0103, autentic\u0103 prin intermediul web-ului \u00eentunecat Telegram. Multe recenzii \u0219i experien\u021be.","robots":{"index":"index","follow":"follow","max-snippet":"max-snippet:-1","max-image-preview":"max-image-preview:large","max-video-preview":"max-video-preview:-1"},"canonical":"https:\/\/buydiplomashop.com\/ro\/","og_locale":"ro_RO","og_type":"article","og_title":"Buy diploma online - Buy a diploma, certificate and degrees","og_description":"Buy a diploma online. Buy an officially fake, authentic degree certificate diploma via the dark web Telegram. Many reviews and experiences.","og_url":"https:\/\/buydiplomashop.com\/ro\/","og_site_name":"Buy a diploma, certificate and degrees","article_modified_time":"2025-03-24T20:48:11+00:00","og_image":[{"width":980,"height":980,"url":"https:\/\/buydiplomashop.com\/wp-content\/uploads\/2025\/03\/diploma-kopen-vca-hbo-mbo-bachelor-duo-belgie-nederland.jpg","type":"image\/jpeg"}],"twitter_card":"summary_large_image","twitter_misc":{"Timp estimat pentru citire":"3 minute"},"schema":{"@context":"https:\/\/schema.org","@graph":[{"@type":"WebPage","@id":"https:\/\/buydiplomashop.com\/","url":"https:\/\/buydiplomashop.com\/","name":"Cumpara diploma online - Cumpara o diplom\u0103, certificat \u0219i grade","isPartOf":{"@id":"https:\/\/buydiplomashop.com\/#website"},"primaryImageOfPage":{"@id":"https:\/\/buydiplomashop.com\/#primaryimage"},"image":{"@id":"https:\/\/buydiplomashop.com\/#primaryimage"},"thumbnailUrl":"https:\/\/buydiplomashop.com\/wp-content\/uploads\/2025\/03\/diploma-kopen-vca-hbo-mbo-bachelor-duo-belgie-nederland.jpg","datePublished":"2025-03-24T20:04:24+00:00","dateModified":"2025-03-24T20:48:11+00:00","description":"Cump\u0103ra\u021bi o diplom\u0103 online. Cump\u0103ra\u021bi o diplom\u0103 cu certificat de diplom\u0103 oficial fals\u0103, autentic\u0103 prin intermediul web-ului \u00eentunecat Telegram. Multe recenzii \u0219i experien\u021be.","breadcrumb":{"@id":"https:\/\/buydiplomashop.com\/#breadcrumb"},"inLanguage":"ro-RO","potentialAction":[{"@type":"ReadAction","target":["https:\/\/buydiplomashop.com\/"]}]},{"@type":"ImageObject","inLanguage":"ro-RO","@id":"https:\/\/buydiplomashop.com\/#primaryimage","url":"https:\/\/buydiplomashop.com\/wp-content\/uploads\/2025\/03\/diploma-kopen-vca-hbo-mbo-bachelor-duo-belgie-nederland.jpg","contentUrl":"https:\/\/buydiplomashop.com\/wp-content\/uploads\/2025\/03\/diploma-kopen-vca-hbo-mbo-bachelor-duo-belgie-nederland.jpg"},{"@type":"BreadcrumbList","@id":"https:\/\/buydiplomashop.com\/#breadcrumb","itemListElement":[{"@type":"ListItem","position":1,"name":"Home","item":"https:\/\/buydiplomashop.com\/"},{"@type":"ListItem","position":2,"name":"Buy diploma online"}]},{"@type":"WebSite","@id":"https:\/\/buydiplomashop.com\/#website","url":"https:\/\/buydiplomashop.com\/","name":"Cump\u0103ra\u021bi o diplom\u0103, un certificat \u0219i grade","description":"Cump\u0103ra\u021bi o diplom\u0103 online, certificate, diplome","potentialAction":[{"@type":"SearchAction","target":{"@type":"EntryPoint","urlTemplate":"https:\/\/buydiplomashop.com\/?s={search_term_string}"},"query-input":{"@type":"PropertyValueSpecification","valueRequired":true,"valueName":"search_term_string"}}],"inLanguage":"ro-RO"}]}},"_links":{"self":[{"href":"https:\/\/buydiplomashop.com\/ro\/wp-json\/wp\/v2\/pages\/52","targetHints":{"allow":["GET"]}}],"collection":[{"href":"https:\/\/buydiplomashop.com\/ro\/wp-json\/wp\/v2\/pages"}],"about":[{"href":"https:\/\/buydiplomashop.com\/ro\/wp-json\/wp\/v2\/types\/page"}],"author":[{"embeddable":true,"href":"https:\/\/buydiplomashop.com\/ro\/wp-json\/wp\/v2\/users\/1"}],"replies":[{"embeddable":true,"href":"https:\/\/buydiplomashop.com\/ro\/wp-json\/wp\/v2\/comments?post=52"}],"version-history":[{"count":19,"href":"https:\/\/buydiplomashop.com\/ro\/wp-json\/wp\/v2\/pages\/52\/revisions"}],"predecessor-version":[{"id":93,"href":"https:\/\/buydiplomashop.com\/ro\/wp-json\/wp\/v2\/pages\/52\/revisions\/93"}],"wp:attachment":[{"href":"https:\/\/buydiplomashop.com\/ro\/wp-json\/wp\/v2\/media?parent=52"}],"curies":[{"name":"wp","href":"https:\/\/api.w.org\/{rel}","templated":true}]}}