{"id":166,"date":"2025-12-11T09:33:18","date_gmt":"2025-12-11T09:33:18","guid":{"rendered":"https:\/\/buydiplomashop.com\/?page_id=166"},"modified":"2025-12-11T09:45:38","modified_gmt":"2025-12-11T09:45:38","slug":"cumpara-pasaport","status":"publish","type":"page","link":"https:\/\/buydiplomashop.com\/ro\/buy-passport\/","title":{"rendered":"Cump\u0103ra\u021bi pa\u0219aport"},"content":{"rendered":"<h2 class=\"wp-block-heading\">Cump\u0103ra\u021bi pa\u0219aport \u2013 Servicii profesionale pentru pa\u0219apoarte<\/h2>\n\n\n\n<p>Ave\u021bi nevoie s\u0103 cump\u0103ra\u021bi un pa\u0219aport? La BuyDiplomaShop.com, oferim servicii legitime de ob\u021binere a pa\u0219apoartelor pentru persoanele care au nevoie de documente de c\u0103l\u0103torie valabile. Fie c\u0103 v-a\u021bi pierdut pa\u0219aportul, ave\u021bi nevoie de un \u00eenlocuitor sau ave\u021bi nevoie de un pa\u0219aport pentru c\u0103l\u0103torii interna\u021bionale, profesioni\u0219tii no\u0219tri verifica\u021bi v\u0103 ajut\u0103 s\u0103 ob\u021bine\u021bi pa\u0219apoarte autentice prin canale adecvate.<\/p>\n\n\n\n<p>Re\u021beaua noastr\u0103 include exper\u021bi certifica\u021bi care \u00een\u021beleg cerin\u021bele privind pa\u0219apoartele, procesele de solicitare \u0219i metodele legale de ob\u021binere. C\u00e2nd alege\u021bi s\u0103 cump\u0103ra\u021bi un pa\u0219aport prin intermediul platformei noastre, investi\u021bi \u00een documente legitime care \u00eendeplinesc toate standardele guvernamentale pentru c\u0103l\u0103toriile interna\u021bionale.<\/p>\n\n\n\n<figure class=\"wp-block-image size-large is-resized\"><img loading=\"lazy\" decoding=\"async\" width=\"1024\" height=\"512\" src=\"https:\/\/buydiplomashop.com\/wp-content\/uploads\/2025\/12\/Buy-Passport-1024x512.webp\" alt=\"Cump\u0103ra\u021bi pa\u0219aport\" class=\"wp-image-187\" style=\"width:514px;height:auto\" srcset=\"https:\/\/buydiplomashop.com\/wp-content\/uploads\/2025\/12\/Buy-Passport-1024x512.webp 1024w, https:\/\/buydiplomashop.com\/wp-content\/uploads\/2025\/12\/Buy-Passport-300x150.webp 300w, https:\/\/buydiplomashop.com\/wp-content\/uploads\/2025\/12\/Buy-Passport-768x384.webp 768w, https:\/\/buydiplomashop.com\/wp-content\/uploads\/2025\/12\/Buy-Passport-18x9.webp 18w, https:\/\/buydiplomashop.com\/wp-content\/uploads\/2025\/12\/Buy-Passport.webp 1200w\" sizes=\"auto, (max-width: 1024px) 100vw, 1024px\" \/><\/figure>\n\n\n\n<h3 class=\"wp-block-heading\">De ce s\u0103 alege\u021bi serviciile profesionale de pa\u0219apoarte<\/h3>\n\n\n\n<h3 class=\"wp-block-heading\">Ob\u021binerea legal\u0103 \u0219i verificat\u0103 a pa\u0219aportului<\/h3>\n\n\n\n<p>Serviciile profesionale de eliberare a pa\u0219apoartelor v\u0103 asigur\u0103 ob\u021binerea documentelor legale, conforme cu reglement\u0103rile interna\u021bionale \u00een materie de c\u0103l\u0103torii \u0219i cu cerin\u021bele guvernamentale. Exper\u021bii no\u0219tri verifica\u021bi v\u0103 ghideaz\u0103 prin canalele de ob\u021binere corespunz\u0103toare, indiferent dac\u0103 ave\u021bi nevoie de un pa\u0219aport pentru prima dat\u0103, de re\u00eennoire sau de un document de c\u0103l\u0103torie de urgen\u021b\u0103.<\/p>\n\n\n\n<p>Spre deosebire de sursele neverificate care pot furniza documente frauduloase, profesioni\u0219tii no\u0219tri lucreaz\u0103 \u00een cadrul legal pentru a v\u0103 ajuta s\u0103 ob\u021bine\u021bi pa\u0219apoarte autentice care nu vor cauza complica\u021bii legale atunci c\u00e2nd c\u0103l\u0103tori\u021bi \u00een str\u0103in\u0103tate.<\/p>\n\n\n\n<h3 class=\"wp-block-heading\">Procesarea \u0219i livrarea pa\u0219apoartelor la nivel mondial<\/h3>\n\n\n\n<p>Serviciile noastre acoper\u0103 ob\u021binerea pa\u0219apoartelor pentru mai multe \u021b\u0103ri \u0219i jurisdic\u021bii. Indiferent dac\u0103 ave\u021bi nevoie de un pa\u0219aport american, european sau de un document de c\u0103l\u0103torie interna\u021bional, re\u021beaua noastr\u0103 include exper\u021bi familiariza\u021bi cu diverse sisteme \u0219i cerin\u021be privind pa\u0219apoartele.<\/p>\n\n\n\n<figure class=\"wp-block-image size-large is-resized\"><img loading=\"lazy\" decoding=\"async\" width=\"1024\" height=\"777\" src=\"https:\/\/buydiplomashop.com\/wp-content\/uploads\/2025\/12\/Buy-official-valid-passport-europe-worldwide-1024x777.webp\" alt=\"Cump\u0103ra\u021bi pa\u0219aport oficial valabil \u00een Europa \u0219i \u00een \u00eentreaga lume\" class=\"wp-image-186\" style=\"width:422px;height:auto\" srcset=\"https:\/\/buydiplomashop.com\/wp-content\/uploads\/2025\/12\/Buy-official-valid-passport-europe-worldwide-1024x777.webp 1024w, https:\/\/buydiplomashop.com\/wp-content\/uploads\/2025\/12\/Buy-official-valid-passport-europe-worldwide-300x228.webp 300w, https:\/\/buydiplomashop.com\/wp-content\/uploads\/2025\/12\/Buy-official-valid-passport-europe-worldwide-768x583.webp 768w, https:\/\/buydiplomashop.com\/wp-content\/uploads\/2025\/12\/Buy-official-valid-passport-europe-worldwide-16x12.webp 16w, https:\/\/buydiplomashop.com\/wp-content\/uploads\/2025\/12\/Buy-official-valid-passport-europe-worldwide.webp 1407w\" sizes=\"auto, (max-width: 1024px) 100vw, 1024px\" \/><\/figure>\n\n\n\n<h3 class=\"wp-block-heading\">Confiden\u021bialitate \u0219i securitate complete garantate<\/h3>\n\n\n\n<p>\u00cen\u021beleg\u00e2nd natura sensibil\u0103 a ob\u021binerii pa\u0219aportului, p\u0103str\u0103m confiden\u021bialitatea complet\u0103 pe parcursul \u00eentregului proces. Toate comunica\u021biile sunt criptate, iar informa\u021biile dvs. personale r\u0103m\u00e2n protejate.<\/p>\n\n\n\n<h3 class=\"wp-block-heading\">Servicii complete pentru pa\u0219apoarte<\/h3>\n\n\n\n<h3 class=\"wp-block-heading\">Cerere pentru primul pa\u0219aport<\/h3>\n\n\n\n<p>Pentru a ob\u021bine primul pa\u0219aport, ave\u021bi nevoie de documentele necesare \u0219i de o procedur\u0103 corespunz\u0103toare. Exper\u021bii no\u0219tri v\u0103 ajut\u0103 s\u0103 parcurge\u021bi procesul de solicitare \u00een mod eficient, asigur\u00e2ndu-v\u0103 \u00een acela\u0219i timp c\u0103 respecta\u021bi toate cerin\u021bele guvernamentale.<\/p>\n\n\n\n<p>Serviciile includ:<\/p>\n\n\n\n<ul class=\"wp-block-list\">\n<li>Prelucrarea cererilor de pa\u0219aport<\/li>\n\n\n\n<li>Verificarea \u0219i depunerea documenta\u021biei<\/li>\n\n\n\n<li>Prelucrarea fotografiilor \u0219i cerin\u021be<\/li>\n\n\n\n<li>Procesarea taxelor guvernamentale<\/li>\n\n\n\n<li>Op\u021biuni de procesare rapid\u0103<\/li>\n<\/ul>\n\n\n\n<h3 class=\"wp-block-heading\">Servicii de re\u00eennoire a pa\u0219aportului<\/h3>\n\n\n\n<p>Dac\u0103 pa\u0219aportul dumneavoastr\u0103 expir\u0103 sau a expirat, speciali\u0219tii no\u0219tri v\u0103 pot ajuta s\u0103 accelera\u021bi procesul de re\u00eennoire prin canale oficiale.<\/p>\n\n\n\n<p>Serviciile de re\u00eennoire includ:<\/p>\n\n\n\n<ul class=\"wp-block-list\">\n<li>Re\u00eennoirea pa\u0219aportului standard<\/li>\n\n\n\n<li>Procesare rapid\u0103 a re\u00eennoirii<\/li>\n\n\n\n<li>Procesarea schimb\u0103rii numelui<\/li>\n\n\n\n<li>\u00cenlocuirea pa\u0219aportului deteriorat<\/li>\n\n\n\n<li>\u00cenlocuirea pa\u0219aportului pierdut<\/li>\n<\/ul>\n\n\n\n<h3 class=\"wp-block-heading\">Servicii de pa\u0219apoarte de urgen\u021b\u0103<\/h3>\n\n\n\n<p>Pentru nevoi urgente de c\u0103l\u0103torie, serviciile noastre de pa\u0219apoarte de urgen\u021b\u0103 v\u0103 pot ajuta s\u0103 ob\u021bine\u021bi rapid documentele de c\u0103l\u0103torie.<\/p>\n\n\n\n<p>Serviciile de urgen\u021b\u0103 includ:<\/p>\n\n\n\n<ul class=\"wp-block-list\">\n<li>Procesarea pa\u0219aportului \u00een aceea\u0219i zi<\/li>\n\n\n\n<li>Eliberarea documentelor de c\u0103l\u0103torie de urgen\u021b\u0103<\/li>\n\n\n\n<li>\u00cenlocuirea de urgen\u021b\u0103 a pa\u0219aportului pierdut<\/li>\n\n\n\n<li>Asisten\u021b\u0103 interna\u021bional\u0103 \u00een c\u0103l\u0103torii<\/li>\n\n\n\n<li>Prelucrarea \u00een weekend \u0219i \u00een zilele de s\u0103rb\u0103toare<\/li>\n<\/ul>\n\n\n\n<h3 class=\"wp-block-heading\">Asisten\u021b\u0103 pentru pa\u0219apoarte interna\u021bionale<\/h3>\n\n\n\n<p>Pentru c\u0103l\u0103torii care au nevoie de pa\u0219apoarte din diferite \u021b\u0103ri sau documente de c\u0103l\u0103torie interna\u021bionale, exper\u021bii no\u0219tri ofer\u0103 asisten\u021b\u0103 specializat\u0103.<\/p>\n\n\n\n<p>Serviciile interna\u021bionale includ:<\/p>\n\n\n\n<ul class=\"wp-block-list\">\n<li>Prelucrarea pa\u0219apoartelor cu dubl\u0103 cet\u0103\u021benie<\/li>\n\n\n\n<li>Asisten\u021b\u0103 pentru documente de c\u0103l\u0103torie interna\u021bionale<\/li>\n\n\n\n<li>Asisten\u021b\u0103 pentru solicitarea vizei<\/li>\n\n\n\n<li>Servicii de traducere a documentelor de c\u0103l\u0103torie<\/li>\n\n\n\n<li>Servicii de leg\u0103tur\u0103 cu ambasada<\/li>\n<\/ul>\n\n\n\n<h4 class=\"wp-block-heading\">Cum func\u021bioneaz\u0103 procesul nostru de ob\u021binere a pa\u0219aportului<\/h4>\n\n\n\n<h4 class=\"wp-block-heading\">Pasul 1: Consultare confiden\u021bial\u0103<\/h4>\n\n\n\n<p>Fiecare proces de ob\u021binere a pa\u0219aportului \u00eencepe cu o consultare privat\u0103 pentru a \u00een\u021belege nevoile dvs. specifice de c\u0103l\u0103torie \u0219i pentru a dezvolta o strategie adecvat\u0103. Exper\u021bii no\u0219tri discut\u0103 datele c\u0103l\u0103toriei, cerin\u021bele destina\u021biei \u0219i a\u0219tept\u0103rile privind calendarul.<\/p>\n\n\n\n<h4 class=\"wp-block-heading\">Pasul 2: Documenta\u021bie \u0219i evaluarea cerin\u021belor<\/h4>\n\n\n\n<p>Speciali\u0219tii no\u0219tri verific\u0103 cerin\u021bele de eligibilitate \u0219i documenta\u021bia necesar\u0103 pentru ob\u021binerea pa\u0219aportului. Aceasta include verificarea cet\u0103\u021beniei, cerin\u021bele de identificare \u0219i condi\u021biile preliminare de c\u0103l\u0103torie.<\/p>\n\n\n\n<h4 class=\"wp-block-heading\">Pasul 3: Prelucrarea \u0219i achizi\u021bia legal\u0103<\/h4>\n\n\n\n<p>Folosind canale legitime, exper\u021bii no\u0219tri faciliteaz\u0103 procesul de achizi\u021bie corespunz\u0103tor prin intermediul agen\u021biilor oficiale de pa\u0219apoarte \u0219i al birourilor guvernamentale, atunci c\u00e2nd este cazul.<\/p>\n\n\n\n<h4 class=\"wp-block-heading\">Pasul 4: Livrare \u0219i asisten\u021b\u0103 ulterioar\u0103<\/h4>\n\n\n\n<p>Odat\u0103 ce pa\u0219aportul dvs. este ob\u021binut, v\u0103 oferim op\u021biuni de livrare sigure \u0219i asisten\u021b\u0103 ulterioar\u0103 pentru orice cerin\u021be suplimentare de c\u0103l\u0103torie sau re\u00eennoiri.<\/p>\n\n\n\n<h5 class=\"wp-block-heading\">Avantajele serviciilor de verificare a pa\u0219apoartelor<\/h5>\n\n\n\n<h5 class=\"wp-block-heading\">Procesare rapid\u0103 \u0219i eficient\u0103<\/h5>\n\n\n\n<p>Re\u021beaua noastr\u0103 men\u021bine rela\u021bii cu agen\u021biile de pa\u0219apoarte \u0219i birourile guvernamentale pentru a accelera procesul de ob\u021binere, respect\u00e2nd \u00een acela\u0219i timp conformitatea legal\u0103. Procesarea standard dureaz\u0103 de obicei 6-8 s\u0103pt\u0103m\u00e2ni, exist\u00e2nd \u0219i op\u021biuni de procesare accelerat\u0103.<\/p>\n\n\n\n<h5 class=\"wp-block-heading\">100% Documenta\u021bie autentic\u0103<\/h5>\n\n\n\n<p>Fiecare pa\u0219aport ob\u021binut prin intermediul serviciilor noastre respect\u0103 standardele oficiale ale guvernului \u0219i cerin\u021bele normative, asigur\u00e2nd acceptarea \u00een scopuri de c\u0103l\u0103torie interna\u021bional\u0103 \u0219i imigrare.<\/p>\n\n\n\n<h5 class=\"wp-block-heading\">Disponibilitatea serviciilor la nivel global<\/h5>\n\n\n\n<p>Exper\u021bii no\u0219tri lucreaz\u0103 cu sisteme de pa\u0219apoarte din \u00eentreaga lume, oferind servicii pentru diverse \u021b\u0103ri \u0219i cerin\u021be de c\u0103l\u0103torie interna\u021bionale.<\/p>\n\n\n\n<h5 class=\"wp-block-heading\">Servicii discrete \u0219i profesionale<\/h5>\n\n\n\n<p>Confiden\u021bialitatea complet\u0103 este men\u021binut\u0103 pe parcursul \u00eentregului proces, cu comunica\u021bii sigure \u0219i op\u021biuni de procesare anonime.<\/p>\n\n\n\n<h6 class=\"wp-block-heading\">Scenarii comune de ob\u021binere a pa\u0219aportului<\/h6>\n\n\n\n<h6 class=\"wp-block-heading\">\u00cenlocuirea pa\u0219aportului pierdut sau furat<\/h6>\n\n\n\n<p>Cel mai frecvent motiv pentru care oamenii au nevoie de servicii de pa\u0219aport este \u00eenlocuirea rapid\u0103 a pa\u0219apoartelor pierdute sau furate pentru c\u0103l\u0103torii viitoare.<\/p>\n\n\n\n<h6 class=\"wp-block-heading\">Re\u00eennoirea pa\u0219aportului expirat<\/h6>\n\n\n\n<p>Pentru c\u0103l\u0103torii cu pa\u0219apoarte expirate, exper\u021bii no\u0219tri v\u0103 pot ajuta s\u0103 naviga\u021bi prin cerin\u021bele de re\u00eennoire \u0219i s\u0103 accelera\u021bi procesul pentru c\u0103l\u0103toriile viitoare.<\/p>\n\n\n\n<h6 class=\"wp-block-heading\">Cerere pentru primul pa\u0219aport<\/h6>\n\n\n\n<p>Noii c\u0103l\u0103tori beneficiaz\u0103 de \u00eendrumare profesional\u0103 \u00een ceea ce prive\u0219te cerin\u021bele de documentare \u0219i procedurile de solicitare.<\/p>\n\n\n\n<h6 class=\"wp-block-heading\">Necesit\u0103\u021bi privind documentele de c\u0103l\u0103torie de urgen\u021b\u0103<\/h6>\n\n\n\n<p>C\u0103l\u0103torii de afaceri \u0219i persoanele cu planuri de c\u0103l\u0103torie urgente au adesea nevoie de servicii de procesare rapid\u0103 a pa\u0219apoartelor.<\/p>\n\n\n\n<h6 class=\"wp-block-heading\">Ob\u021bine\u021bi pa\u0219aportul ast\u0103zi<\/h6>\n\n\n\n<p>Nu l\u0103sa\u021bi problemele legate de pa\u0219aport s\u0103 v\u0103 afecteze planurile de c\u0103l\u0103torie \u0219i oportunit\u0103\u021bile interna\u021bionale. Re\u021beaua noastr\u0103 verificat\u0103 ofer\u0103 servicii rapide, sigure \u0219i complet confiden\u021biale pentru toate nevoile dvs. de c\u0103l\u0103torie.<\/p>\n\n\n\n<p>Indiferent dac\u0103 trebuie s\u0103 achizi\u021biona\u021bi un pa\u0219aport pentru prima dat\u0103, ave\u021bi nevoie de re\u00eennoire sau ave\u021bi nevoie de documente de c\u0103l\u0103torie de urgen\u021b\u0103, platforma noastr\u0103 v\u0103 pune \u00een leg\u0103tur\u0103 cu exper\u021bii potrivi\u021bi pentru situa\u021bia dvs. specific\u0103.<\/p>\n\n\n\n<p>Sunte\u021bi gata s\u0103 ob\u021bine\u021bi pa\u0219aportul? <a href=\"https:\/\/buydiplomashop.com\/ro\/contact\/\">Persoan\u0103 de contact<\/a> echipa noastr\u0103 ast\u0103zi pentru a programa o consultare confiden\u021bial\u0103 \u0219i pentru a descoperi de ce mii de persoane au \u00eencredere \u00een BuyDiplomaShop.com pentru nevoile lor legate de pa\u0219apoarte.<\/p>","protected":false},"excerpt":{"rendered":"<p>Buy Passport &#8211; Professional Passport Services Need to buy a passport? At BuyDiplomaShop.com, we provide legitimate passport acquisition services for individuals who need valid travel documents. Whether you&#8217;ve lost your passport, need a replacement, or require a passport for international travel, our verified professionals help you obtain authentic passports through proper channels. Our network includes&hellip;&nbsp;<a href=\"https:\/\/buydiplomashop.com\/ro\/buy-passport\/\" rel=\"bookmark\"><span class=\"screen-reader-text\">Cump\u0103ra\u021bi pa\u0219aport<\/span><\/a><\/p>","protected":false},"author":1,"featured_media":0,"parent":0,"menu_order":0,"comment_status":"closed","ping_status":"closed","template":"","meta":{"neve_meta_sidebar":"","neve_meta_container":"","neve_meta_enable_content_width":"","neve_meta_content_width":0,"neve_meta_title_alignment":"","neve_meta_author_avatar":"","neve_post_elements_order":"","neve_meta_disable_header":"","neve_meta_disable_footer":"","neve_meta_disable_title":"","footnotes":""},"class_list":["post-166","page","type-page","status-publish","hentry"],"yoast_head":"<!-- This site is optimized with the Yoast SEO plugin v27.5 - https:\/\/yoast.com\/product\/yoast-seo-wordpress\/ -->\n<title>Buy Passport - Buy a diploma, certificate and degrees<\/title>\n<meta name=\"description\" content=\"Buy a valid passport online safely and legally. Fast processing, worldwide delivery, and 100% authentic passports.\" \/>\n<meta name=\"robots\" content=\"index, follow, max-snippet:-1, max-image-preview:large, max-video-preview:-1\" \/>\n<link rel=\"canonical\" href=\"https:\/\/buydiplomashop.com\/ro\/cumpara-pasaport\/\" \/>\n<meta property=\"og:locale\" content=\"ro_RO\" \/>\n<meta property=\"og:type\" content=\"article\" \/>\n<meta property=\"og:title\" content=\"Buy Passport - Buy a diploma, certificate and degrees\" \/>\n<meta property=\"og:description\" content=\"Buy a valid passport online safely and legally. Fast processing, worldwide delivery, and 100% authentic passports.\" \/>\n<meta property=\"og:url\" content=\"https:\/\/buydiplomashop.com\/ro\/cumpara-pasaport\/\" \/>\n<meta property=\"og:site_name\" content=\"Buy a diploma, certificate and degrees\" \/>\n<meta property=\"article:modified_time\" content=\"2025-12-11T09:45:38+00:00\" \/>\n<meta property=\"og:image\" content=\"https:\/\/buydiplomashop.com\/wp-content\/uploads\/2025\/12\/Buy-Passport.webp\" \/>\n\t<meta property=\"og:image:width\" content=\"1200\" \/>\n\t<meta property=\"og:image:height\" content=\"600\" \/>\n\t<meta property=\"og:image:type\" content=\"image\/webp\" \/>\n<meta name=\"twitter:card\" content=\"summary_large_image\" \/>\n<meta name=\"twitter:label1\" content=\"Timp estimat pentru citire\" \/>\n\t<meta name=\"twitter:data1\" content=\"4 minute\" \/>\n<script type=\"application\/ld+json\" class=\"yoast-schema-graph\">{\"@context\":\"https:\\\/\\\/schema.org\",\"@graph\":[{\"@type\":\"WebPage\",\"@id\":\"https:\\\/\\\/buydiplomashop.com\\\/buy-passport\\\/\",\"url\":\"https:\\\/\\\/buydiplomashop.com\\\/buy-passport\\\/\",\"name\":\"Buy Passport - Buy a diploma, certificate and degrees\",\"isPartOf\":{\"@id\":\"https:\\\/\\\/buydiplomashop.com\\\/#website\"},\"primaryImageOfPage\":{\"@id\":\"https:\\\/\\\/buydiplomashop.com\\\/buy-passport\\\/#primaryimage\"},\"image\":{\"@id\":\"https:\\\/\\\/buydiplomashop.com\\\/buy-passport\\\/#primaryimage\"},\"thumbnailUrl\":\"https:\\\/\\\/buydiplomashop.com\\\/wp-content\\\/uploads\\\/2025\\\/12\\\/Buy-Passport-1024x512.webp\",\"datePublished\":\"2025-12-11T09:33:18+00:00\",\"dateModified\":\"2025-12-11T09:45:38+00:00\",\"description\":\"Buy a valid passport online safely and legally. Fast processing, worldwide delivery, and 100% authentic passports.\",\"breadcrumb\":{\"@id\":\"https:\\\/\\\/buydiplomashop.com\\\/buy-passport\\\/#breadcrumb\"},\"inLanguage\":\"ro-RO\",\"potentialAction\":[{\"@type\":\"ReadAction\",\"target\":[\"https:\\\/\\\/buydiplomashop.com\\\/buy-passport\\\/\"]}]},{\"@type\":\"ImageObject\",\"inLanguage\":\"ro-RO\",\"@id\":\"https:\\\/\\\/buydiplomashop.com\\\/buy-passport\\\/#primaryimage\",\"url\":\"https:\\\/\\\/buydiplomashop.com\\\/wp-content\\\/uploads\\\/2025\\\/12\\\/Buy-Passport-1024x512.webp\",\"contentUrl\":\"https:\\\/\\\/buydiplomashop.com\\\/wp-content\\\/uploads\\\/2025\\\/12\\\/Buy-Passport-1024x512.webp\"},{\"@type\":\"BreadcrumbList\",\"@id\":\"https:\\\/\\\/buydiplomashop.com\\\/buy-passport\\\/#breadcrumb\",\"itemListElement\":[{\"@type\":\"ListItem\",\"position\":1,\"name\":\"Home\",\"item\":\"https:\\\/\\\/buydiplomashop.com\\\/\"},{\"@type\":\"ListItem\",\"position\":2,\"name\":\"Buy Passport\"}]},{\"@type\":\"WebSite\",\"@id\":\"https:\\\/\\\/buydiplomashop.com\\\/#website\",\"url\":\"https:\\\/\\\/buydiplomashop.com\\\/\",\"name\":\"Buy a diploma, certificate and degrees\",\"description\":\"Buy a diploma online, certificates, degrees\",\"potentialAction\":[{\"@type\":\"SearchAction\",\"target\":{\"@type\":\"EntryPoint\",\"urlTemplate\":\"https:\\\/\\\/buydiplomashop.com\\\/?s={search_term_string}\"},\"query-input\":{\"@type\":\"PropertyValueSpecification\",\"valueRequired\":true,\"valueName\":\"search_term_string\"}}],\"inLanguage\":\"ro-RO\"}]}<\/script>\n<!-- \/ Yoast SEO plugin. -->","yoast_head_json":{"title":"Cump\u0103ra\u021bi pa\u0219aport - Cump\u0103ra\u021bi o diplom\u0103, un certificat \u0219i titluri universitare","description":"Cump\u0103ra\u021bi online un pa\u0219aport valabil \u00een condi\u021bii de siguran\u021b\u0103 \u0219i legalitate. Procesare rapid\u0103, livrare \u00een toat\u0103 lumea \u0219i pa\u0219apoarte autentice 100%.","robots":{"index":"index","follow":"follow","max-snippet":"max-snippet:-1","max-image-preview":"max-image-preview:large","max-video-preview":"max-video-preview:-1"},"canonical":"https:\/\/buydiplomashop.com\/ro\/cumpara-pasaport\/","og_locale":"ro_RO","og_type":"article","og_title":"Buy Passport - Buy a diploma, certificate and degrees","og_description":"Buy a valid passport online safely and legally. Fast processing, worldwide delivery, and 100% authentic passports.","og_url":"https:\/\/buydiplomashop.com\/ro\/cumpara-pasaport\/","og_site_name":"Buy a diploma, certificate and degrees","article_modified_time":"2025-12-11T09:45:38+00:00","og_image":[{"width":1200,"height":600,"url":"https:\/\/buydiplomashop.com\/wp-content\/uploads\/2025\/12\/Buy-Passport.webp","type":"image\/webp"}],"twitter_card":"summary_large_image","twitter_misc":{"Timp estimat pentru citire":"4 minute"},"schema":{"@context":"https:\/\/schema.org","@graph":[{"@type":"WebPage","@id":"https:\/\/buydiplomashop.com\/buy-passport\/","url":"https:\/\/buydiplomashop.com\/buy-passport\/","name":"Cump\u0103ra\u021bi pa\u0219aport - Cump\u0103ra\u021bi o diplom\u0103, un certificat \u0219i titluri universitare","isPartOf":{"@id":"https:\/\/buydiplomashop.com\/#website"},"primaryImageOfPage":{"@id":"https:\/\/buydiplomashop.com\/buy-passport\/#primaryimage"},"image":{"@id":"https:\/\/buydiplomashop.com\/buy-passport\/#primaryimage"},"thumbnailUrl":"https:\/\/buydiplomashop.com\/wp-content\/uploads\/2025\/12\/Buy-Passport-1024x512.webp","datePublished":"2025-12-11T09:33:18+00:00","dateModified":"2025-12-11T09:45:38+00:00","description":"Cump\u0103ra\u021bi online un pa\u0219aport valabil \u00een condi\u021bii de siguran\u021b\u0103 \u0219i legalitate. Procesare rapid\u0103, livrare \u00een toat\u0103 lumea \u0219i pa\u0219apoarte autentice 100%.","breadcrumb":{"@id":"https:\/\/buydiplomashop.com\/buy-passport\/#breadcrumb"},"inLanguage":"ro-RO","potentialAction":[{"@type":"ReadAction","target":["https:\/\/buydiplomashop.com\/buy-passport\/"]}]},{"@type":"ImageObject","inLanguage":"ro-RO","@id":"https:\/\/buydiplomashop.com\/buy-passport\/#primaryimage","url":"https:\/\/buydiplomashop.com\/wp-content\/uploads\/2025\/12\/Buy-Passport-1024x512.webp","contentUrl":"https:\/\/buydiplomashop.com\/wp-content\/uploads\/2025\/12\/Buy-Passport-1024x512.webp"},{"@type":"BreadcrumbList","@id":"https:\/\/buydiplomashop.com\/buy-passport\/#breadcrumb","itemListElement":[{"@type":"ListItem","position":1,"name":"Home","item":"https:\/\/buydiplomashop.com\/"},{"@type":"ListItem","position":2,"name":"Buy Passport"}]},{"@type":"WebSite","@id":"https:\/\/buydiplomashop.com\/#website","url":"https:\/\/buydiplomashop.com\/","name":"Cump\u0103ra\u021bi o diplom\u0103, un certificat \u0219i grade","description":"Cump\u0103ra\u021bi o diplom\u0103 online, certificate, diplome","potentialAction":[{"@type":"SearchAction","target":{"@type":"EntryPoint","urlTemplate":"https:\/\/buydiplomashop.com\/?s={search_term_string}"},"query-input":{"@type":"PropertyValueSpecification","valueRequired":true,"valueName":"search_term_string"}}],"inLanguage":"ro-RO"}]}},"_links":{"self":[{"href":"https:\/\/buydiplomashop.com\/ro\/wp-json\/wp\/v2\/pages\/166","targetHints":{"allow":["GET"]}}],"collection":[{"href":"https:\/\/buydiplomashop.com\/ro\/wp-json\/wp\/v2\/pages"}],"about":[{"href":"https:\/\/buydiplomashop.com\/ro\/wp-json\/wp\/v2\/types\/page"}],"author":[{"embeddable":true,"href":"https:\/\/buydiplomashop.com\/ro\/wp-json\/wp\/v2\/users\/1"}],"replies":[{"embeddable":true,"href":"https:\/\/buydiplomashop.com\/ro\/wp-json\/wp\/v2\/comments?post=166"}],"version-history":[{"count":4,"href":"https:\/\/buydiplomashop.com\/ro\/wp-json\/wp\/v2\/pages\/166\/revisions"}],"predecessor-version":[{"id":191,"href":"https:\/\/buydiplomashop.com\/ro\/wp-json\/wp\/v2\/pages\/166\/revisions\/191"}],"wp:attachment":[{"href":"https:\/\/buydiplomashop.com\/ro\/wp-json\/wp\/v2\/media?parent=166"}],"curies":[{"name":"wp","href":"https:\/\/api.w.org\/{rel}","templated":true}]}}