{"id":135,"date":"2025-07-25T17:57:02","date_gmt":"2025-07-25T17:57:02","guid":{"rendered":"https:\/\/buydiplomashop.com\/?page_id=135"},"modified":"2025-11-04T18:53:16","modified_gmt":"2025-11-04T18:53:16","slug":"comprar-uma-certidao-de-nascimento","status":"publish","type":"page","link":"https:\/\/buydiplomashop.com\/pt\/buy-a-birth-certificate\/","title":{"rendered":"Comprar uma certid\u00e3o de nascimento"},"content":{"rendered":"<h2 class=\"wp-block-heading\">Comprar uma certid\u00e3o de nascimento online - Entrega r\u00e1pida, segura e mundial<\/h2>\n\n\n\n<p>Em <strong><a class=\"\" href=\"http:\/\/www.BuyDiplomaShop.com\">www.BuyDiplomaShop.com<\/a><\/strong>, pode <strong>comprar uma certid\u00e3o de nascimento<\/strong> online de forma r\u00e1pida e discreta, independentemente da sua localiza\u00e7\u00e3o. Quer tenha perdido o seu original, precise de um duplicado ou necessite de uma vers\u00e3o personalizada para fins espec\u00edficos, a nossa plataforma facilita <strong>pedir uma certid\u00e3o de nascimento certificada online<\/strong>, com entrega r\u00e1pida e envio global.<\/p>\n\n\n\n<p>A <strong>certid\u00e3o de nascimento<\/strong> \u00e9 um dos documentos legais mais essenciais na vida de uma pessoa. Serve como prova de identidade, cidadania e dados de nascimento e \u00e9 frequentemente exigido para pedidos como passaportes, bilhetes de identidade nacionais, matr\u00edculas na escola ou emprego.<\/p>\n\n\n\n<figure class=\"wp-block-image size-full is-resized\"><img loading=\"lazy\" decoding=\"async\" width=\"780\" height=\"480\" src=\"https:\/\/buydiplomashop.com\/wp-content\/uploads\/2025\/11\/buy-birth-certificate-online.jpg\" alt=\"comprar certid\u00e3o de nascimento online\" class=\"wp-image-141\" style=\"width:532px;height:auto\" srcset=\"https:\/\/buydiplomashop.com\/wp-content\/uploads\/2025\/11\/buy-birth-certificate-online.jpg 780w, https:\/\/buydiplomashop.com\/wp-content\/uploads\/2025\/11\/buy-birth-certificate-online-300x185.jpg 300w, https:\/\/buydiplomashop.com\/wp-content\/uploads\/2025\/11\/buy-birth-certificate-online-768x473.jpg 768w, https:\/\/buydiplomashop.com\/wp-content\/uploads\/2025\/11\/buy-birth-certificate-online-18x12.jpg 18w\" sizes=\"auto, (max-width: 780px) 100vw, 780px\" \/><\/figure>\n\n\n\n<hr class=\"wp-block-separator has-alpha-channel-opacity\"\/>\n\n\n\n<h3 class=\"wp-block-heading\">Porque \u00e9 que pode precisar de comprar uma certid\u00e3o de nascimento<\/h3>\n\n\n\n<p>H\u00e1 muitas situa\u00e7\u00f5es em que as pessoas precisam de <strong>comprar uma nova c\u00f3pia da certid\u00e3o de nascimento<\/strong> ou <strong>obter uma certid\u00e3o de nascimento de substitui\u00e7\u00e3o<\/strong>, incluindo:<\/p>\n\n\n\n<ul class=\"wp-block-list\">\n<li>Certid\u00e3o de nascimento original perdida ou danificada<\/li>\n\n\n\n<li>Necessidade de uma c\u00f3pia autenticada adicional para documenta\u00e7\u00e3o<\/li>\n\n\n\n<li>Atualiza\u00e7\u00e3o de informa\u00e7\u00f5es de nascimento desactualizadas ou incorrectas<\/li>\n\n\n\n<li>Documentos comprovativos das candidaturas oficiais<\/li>\n\n\n\n<li>Motivos pessoais, de privacidade ou de novidade<\/li>\n\n\n\n<li>Utiliza\u00e7\u00e3o em filmes, palcos ou meios de comunica\u00e7\u00e3o social em que <strong>certid\u00f5es de nascimento inovadoras<\/strong> s\u00e3o necess\u00e1rios<\/li>\n<\/ul>\n\n\n\n<p>Em <strong><a class=\"\" href=\"http:\/\/www.BuyDiplomaShop.com\">www.BuyDiplomaShop.com<\/a><\/strong>, compreendemos que estas necessidades variam de pessoa para pessoa. Quer esteja \u00e0 procura de <strong>obter uma nova certid\u00e3o de nascimento<\/strong> para uso pessoal ou como parte de um pacote de documentos de identidade, estamos aqui para ajudar com total confidencialidade.<\/p>\n\n\n\n<hr class=\"wp-block-separator has-alpha-channel-opacity\"\/>\n\n\n\n<h3 class=\"wp-block-heading\">Encomendar uma certid\u00e3o de nascimento online em 4 passos simples<\/h3>\n\n\n\n<ol class=\"wp-block-list\">\n<li><strong>Envie-nos um e-mail ou contacte-nos atrav\u00e9s do WhatsApp<\/strong><br>Envie os seus dados atrav\u00e9s do nosso formul\u00e1rio seguro em linha. Certifique-se de que as informa\u00e7\u00f5es s\u00e3o exactas, uma vez que ser\u00e3o utilizadas para gerar o seu certificado.<\/li>\n\n\n\n<li><strong>Revis\u00e3o da informa\u00e7\u00e3o<\/strong><br>Os nossos especialistas em documentos verificam os dados e contactam-no se for necess\u00e1rio algum esclarecimento.<\/li>\n\n\n\n<li><strong>Produ\u00e7\u00e3o de documentos<\/strong><br>Com base nas suas necessidades, criamos um <strong>registo de nascimento certificado<\/strong> que satisfa\u00e7a as suas especifica\u00e7\u00f5es.<\/li>\n\n\n\n<li><strong>Entrega segura<\/strong><br>A sua certid\u00e3o de nascimento nova ou de substitui\u00e7\u00e3o \u00e9 enviada para todo o mundo, de forma segura e discreta.<\/li>\n<\/ol>\n\n\n\n<p>Quer esteja a substituir um <strong>certid\u00e3o de nascimento perdida<\/strong> ou necessitar de um para fins oficiais ou privados, a nossa equipa garante qualidade, rapidez e precis\u00e3o.<\/p>\n\n\n\n<figure class=\"wp-block-image size-full\"><img loading=\"lazy\" decoding=\"async\" width=\"250\" height=\"354\" src=\"https:\/\/buydiplomashop.com\/wp-content\/uploads\/2025\/11\/buy-birth-certificate.jpg\" alt=\"comprar certid\u00e3o de nascimento\" class=\"wp-image-142\" srcset=\"https:\/\/buydiplomashop.com\/wp-content\/uploads\/2025\/11\/buy-birth-certificate.jpg 250w, https:\/\/buydiplomashop.com\/wp-content\/uploads\/2025\/11\/buy-birth-certificate-212x300.jpg 212w, https:\/\/buydiplomashop.com\/wp-content\/uploads\/2025\/11\/buy-birth-certificate-8x12.jpg 8w\" sizes=\"auto, (max-width: 250px) 100vw, 250px\" \/><\/figure>\n\n\n\n<hr class=\"wp-block-separator has-alpha-channel-opacity\"\/>\n\n\n\n<h3 class=\"wp-block-heading\">Fornecemos certid\u00f5es de nascimento para v\u00e1rios pa\u00edses<\/h3>\n\n\n\n<p>Oferecemos <strong>certid\u00e3o de nascimento internacional<\/strong> com modelos e formatos dispon\u00edveis para v\u00e1rios pa\u00edses e regi\u00f5es. Os nossos especialistas est\u00e3o familiarizados com os estilos e a formata\u00e7\u00e3o dos documentos regionais, garantindo que o seu documento corresponde \u00e0s expectativas locais, seja para fins pr\u00e1ticos ou de apresenta\u00e7\u00e3o.<\/p>\n\n\n\n<p>Procurando <strong>pedir uma certid\u00e3o de nascimento online<\/strong> para efeitos de viagem, documenta\u00e7\u00e3o ou verifica\u00e7\u00e3o? Temos tudo o que precisa.<\/p>\n\n\n\n<hr class=\"wp-block-separator has-alpha-channel-opacity\"\/>\n\n\n\n<h3 class=\"wp-block-heading\">Servi\u00e7o confidencial e de confian\u00e7a<\/h3>\n\n\n\n<p>Milhares de clientes escolheram <strong><a class=\"\" href=\"http:\/\/www.BuyDiplomaShop.com\">www.BuyDiplomaShop.com<\/a><\/strong> para <strong>comprar certid\u00f5es de nascimento online<\/strong> de forma segura e protegida. Mantemos protocolos de privacidade rigorosos e nunca partilhamos as suas informa\u00e7\u00f5es com terceiros.<\/p>\n\n\n\n<p>\u2714 100% Confidencial<br>Op\u00e7\u00f5es de entrega r\u00e1pida<br>Formatos personalizados e espec\u00edficos de cada pa\u00eds<br>Apoio ao cliente amig\u00e1vel<\/p>\n\n\n\n<hr class=\"wp-block-separator has-alpha-channel-opacity\"\/>\n\n\n\n<h2 class=\"wp-block-heading\">Pronto para comprar uma certid\u00e3o de nascimento certificada ou de substitui\u00e7\u00e3o?<\/h2>\n\n\n\n<p>N\u00e3o deixe que um registo de nascimento perdido ou desatualizado o atrase. Se precisar de <strong>comprar uma certid\u00e3o de nascimento<\/strong>, substituir um antigo ou solicitar um extra <strong>c\u00f3pia autenticada da certid\u00e3o de nascimento<\/strong>, <strong><a class=\"\" href=\"http:\/\/www.BuyDiplomaShop.com\">www.BuyDiplomaShop.com<\/a><\/strong> \u00e9 a sua solu\u00e7\u00e3o de confian\u00e7a.<\/p>\n\n\n\n<p>Tomar <a href=\"https:\/\/buydiplomashop.com\/nl\/neem-contact-op-met\/\">contacto<\/a> connosco e a nossa equipa dar-lhe-\u00e1 mais informa\u00e7\u00f5es.<\/p>","protected":false},"excerpt":{"rendered":"<p>Buy a Birth Certificate Online \u2013 Fast, Secure &amp; Worldwide Delivery At www.BuyDiplomaShop.com, you can buy a birth certificate online quickly and discreetly, no matter where you&#8217;re located. Whether you\u2019ve lost your original, need a duplicate, or require a custom version for specific purposes, our platform makes it easy to order a certified birth certificate&hellip;&nbsp;<a href=\"https:\/\/buydiplomashop.com\/pt\/buy-a-birth-certificate\/\" rel=\"bookmark\"><span class=\"screen-reader-text\">Comprar uma certid\u00e3o de nascimento<\/span><\/a><\/p>","protected":false},"author":1,"featured_media":0,"parent":0,"menu_order":0,"comment_status":"closed","ping_status":"closed","template":"","meta":{"neve_meta_sidebar":"","neve_meta_container":"","neve_meta_enable_content_width":"","neve_meta_content_width":0,"neve_meta_title_alignment":"","neve_meta_author_avatar":"","neve_post_elements_order":"","neve_meta_disable_header":"","neve_meta_disable_footer":"","neve_meta_disable_title":"","footnotes":""},"class_list":["post-135","page","type-page","status-publish","hentry"],"yoast_head":"<!-- This site is optimized with the Yoast SEO plugin v27.5 - https:\/\/yoast.com\/product\/yoast-seo-wordpress\/ -->\n<title>Buy a Birth Certificate - Buy a diploma, certificate and degrees<\/title>\n<meta name=\"description\" content=\"Buy birth certificate online for Europe, America and many more countries. Official birth certificate for sale Telegram, Dark Web online.\" \/>\n<meta name=\"robots\" content=\"index, follow, max-snippet:-1, max-image-preview:large, max-video-preview:-1\" \/>\n<link rel=\"canonical\" href=\"https:\/\/buydiplomashop.com\/pt\/comprar-uma-certidao-de-nascimento\/\" \/>\n<meta property=\"og:locale\" content=\"pt_PT\" \/>\n<meta property=\"og:type\" content=\"article\" \/>\n<meta property=\"og:title\" content=\"Buy a Birth Certificate - Buy a diploma, certificate and degrees\" \/>\n<meta property=\"og:description\" content=\"Buy birth certificate online for Europe, America and many more countries. Official birth certificate for sale Telegram, Dark Web online.\" \/>\n<meta property=\"og:url\" content=\"https:\/\/buydiplomashop.com\/pt\/comprar-uma-certidao-de-nascimento\/\" \/>\n<meta property=\"og:site_name\" content=\"Buy a diploma, certificate and degrees\" \/>\n<meta property=\"article:modified_time\" content=\"2025-11-04T18:53:16+00:00\" \/>\n<meta property=\"og:image\" content=\"https:\/\/buydiplomashop.com\/wp-content\/uploads\/2025\/11\/buy-birth-certificate-online.jpg\" \/>\n\t<meta property=\"og:image:width\" content=\"780\" \/>\n\t<meta property=\"og:image:height\" content=\"480\" \/>\n\t<meta property=\"og:image:type\" content=\"image\/jpeg\" \/>\n<meta name=\"twitter:card\" content=\"summary_large_image\" \/>\n<meta name=\"twitter:label1\" content=\"Tempo estimado de leitura\" \/>\n\t<meta name=\"twitter:data1\" content=\"3 minutos\" \/>\n<script type=\"application\/ld+json\" class=\"yoast-schema-graph\">{\"@context\":\"https:\\\/\\\/schema.org\",\"@graph\":[{\"@type\":\"WebPage\",\"@id\":\"https:\\\/\\\/buydiplomashop.com\\\/buy-a-birth-certificate\\\/\",\"url\":\"https:\\\/\\\/buydiplomashop.com\\\/buy-a-birth-certificate\\\/\",\"name\":\"Buy a Birth Certificate - Buy a diploma, certificate and degrees\",\"isPartOf\":{\"@id\":\"https:\\\/\\\/buydiplomashop.com\\\/#website\"},\"primaryImageOfPage\":{\"@id\":\"https:\\\/\\\/buydiplomashop.com\\\/buy-a-birth-certificate\\\/#primaryimage\"},\"image\":{\"@id\":\"https:\\\/\\\/buydiplomashop.com\\\/buy-a-birth-certificate\\\/#primaryimage\"},\"thumbnailUrl\":\"https:\\\/\\\/buydiplomashop.com\\\/wp-content\\\/uploads\\\/2025\\\/11\\\/buy-birth-certificate-online.jpg\",\"datePublished\":\"2025-07-25T17:57:02+00:00\",\"dateModified\":\"2025-11-04T18:53:16+00:00\",\"description\":\"Buy birth certificate online for Europe, America and many more countries. Official birth certificate for sale Telegram, Dark Web online.\",\"breadcrumb\":{\"@id\":\"https:\\\/\\\/buydiplomashop.com\\\/buy-a-birth-certificate\\\/#breadcrumb\"},\"inLanguage\":\"pt-PT\",\"potentialAction\":[{\"@type\":\"ReadAction\",\"target\":[\"https:\\\/\\\/buydiplomashop.com\\\/buy-a-birth-certificate\\\/\"]}]},{\"@type\":\"ImageObject\",\"inLanguage\":\"pt-PT\",\"@id\":\"https:\\\/\\\/buydiplomashop.com\\\/buy-a-birth-certificate\\\/#primaryimage\",\"url\":\"https:\\\/\\\/buydiplomashop.com\\\/wp-content\\\/uploads\\\/2025\\\/11\\\/buy-birth-certificate-online.jpg\",\"contentUrl\":\"https:\\\/\\\/buydiplomashop.com\\\/wp-content\\\/uploads\\\/2025\\\/11\\\/buy-birth-certificate-online.jpg\"},{\"@type\":\"BreadcrumbList\",\"@id\":\"https:\\\/\\\/buydiplomashop.com\\\/buy-a-birth-certificate\\\/#breadcrumb\",\"itemListElement\":[{\"@type\":\"ListItem\",\"position\":1,\"name\":\"Home\",\"item\":\"https:\\\/\\\/buydiplomashop.com\\\/\"},{\"@type\":\"ListItem\",\"position\":2,\"name\":\"Buy a Birth Certificate\"}]},{\"@type\":\"WebSite\",\"@id\":\"https:\\\/\\\/buydiplomashop.com\\\/#website\",\"url\":\"https:\\\/\\\/buydiplomashop.com\\\/\",\"name\":\"Buy a diploma, certificate and degrees\",\"description\":\"Buy a diploma online, certificates, degrees\",\"potentialAction\":[{\"@type\":\"SearchAction\",\"target\":{\"@type\":\"EntryPoint\",\"urlTemplate\":\"https:\\\/\\\/buydiplomashop.com\\\/?s={search_term_string}\"},\"query-input\":{\"@type\":\"PropertyValueSpecification\",\"valueRequired\":true,\"valueName\":\"search_term_string\"}}],\"inLanguage\":\"pt-PT\"}]}<\/script>\n<!-- \/ Yoast SEO plugin. -->","yoast_head_json":{"title":"Comprar uma certid\u00e3o de nascimento - Comprar um diploma, certificado e graus","description":"Comprar certid\u00e3o de nascimento online para a Europa, Am\u00e9rica e muitos outros pa\u00edses. Certid\u00e3o de nascimento oficial para venda Telegram, Dark Web online.","robots":{"index":"index","follow":"follow","max-snippet":"max-snippet:-1","max-image-preview":"max-image-preview:large","max-video-preview":"max-video-preview:-1"},"canonical":"https:\/\/buydiplomashop.com\/pt\/comprar-uma-certidao-de-nascimento\/","og_locale":"pt_PT","og_type":"article","og_title":"Buy a Birth Certificate - Buy a diploma, certificate and degrees","og_description":"Buy birth certificate online for Europe, America and many more countries. Official birth certificate for sale Telegram, Dark Web online.","og_url":"https:\/\/buydiplomashop.com\/pt\/comprar-uma-certidao-de-nascimento\/","og_site_name":"Buy a diploma, certificate and degrees","article_modified_time":"2025-11-04T18:53:16+00:00","og_image":[{"width":780,"height":480,"url":"https:\/\/buydiplomashop.com\/wp-content\/uploads\/2025\/11\/buy-birth-certificate-online.jpg","type":"image\/jpeg"}],"twitter_card":"summary_large_image","twitter_misc":{"Tempo estimado de leitura":"3 minutos"},"schema":{"@context":"https:\/\/schema.org","@graph":[{"@type":"WebPage","@id":"https:\/\/buydiplomashop.com\/buy-a-birth-certificate\/","url":"https:\/\/buydiplomashop.com\/buy-a-birth-certificate\/","name":"Comprar uma certid\u00e3o de nascimento - Comprar um diploma, certificado e graus","isPartOf":{"@id":"https:\/\/buydiplomashop.com\/#website"},"primaryImageOfPage":{"@id":"https:\/\/buydiplomashop.com\/buy-a-birth-certificate\/#primaryimage"},"image":{"@id":"https:\/\/buydiplomashop.com\/buy-a-birth-certificate\/#primaryimage"},"thumbnailUrl":"https:\/\/buydiplomashop.com\/wp-content\/uploads\/2025\/11\/buy-birth-certificate-online.jpg","datePublished":"2025-07-25T17:57:02+00:00","dateModified":"2025-11-04T18:53:16+00:00","description":"Comprar certid\u00e3o de nascimento online para a Europa, Am\u00e9rica e muitos outros pa\u00edses. Certid\u00e3o de nascimento oficial para venda Telegram, Dark Web online.","breadcrumb":{"@id":"https:\/\/buydiplomashop.com\/buy-a-birth-certificate\/#breadcrumb"},"inLanguage":"pt-PT","potentialAction":[{"@type":"ReadAction","target":["https:\/\/buydiplomashop.com\/buy-a-birth-certificate\/"]}]},{"@type":"ImageObject","inLanguage":"pt-PT","@id":"https:\/\/buydiplomashop.com\/buy-a-birth-certificate\/#primaryimage","url":"https:\/\/buydiplomashop.com\/wp-content\/uploads\/2025\/11\/buy-birth-certificate-online.jpg","contentUrl":"https:\/\/buydiplomashop.com\/wp-content\/uploads\/2025\/11\/buy-birth-certificate-online.jpg"},{"@type":"BreadcrumbList","@id":"https:\/\/buydiplomashop.com\/buy-a-birth-certificate\/#breadcrumb","itemListElement":[{"@type":"ListItem","position":1,"name":"Home","item":"https:\/\/buydiplomashop.com\/"},{"@type":"ListItem","position":2,"name":"Buy a Birth Certificate"}]},{"@type":"WebSite","@id":"https:\/\/buydiplomashop.com\/#website","url":"https:\/\/buydiplomashop.com\/","name":"Comprar um diploma, certificado e t\u00edtulos","description":"Comprar um diploma em linha, certificados, diplomas","potentialAction":[{"@type":"SearchAction","target":{"@type":"EntryPoint","urlTemplate":"https:\/\/buydiplomashop.com\/?s={search_term_string}"},"query-input":{"@type":"PropertyValueSpecification","valueRequired":true,"valueName":"search_term_string"}}],"inLanguage":"pt-PT"}]}},"_links":{"self":[{"href":"https:\/\/buydiplomashop.com\/pt\/wp-json\/wp\/v2\/pages\/135","targetHints":{"allow":["GET"]}}],"collection":[{"href":"https:\/\/buydiplomashop.com\/pt\/wp-json\/wp\/v2\/pages"}],"about":[{"href":"https:\/\/buydiplomashop.com\/pt\/wp-json\/wp\/v2\/types\/page"}],"author":[{"embeddable":true,"href":"https:\/\/buydiplomashop.com\/pt\/wp-json\/wp\/v2\/users\/1"}],"replies":[{"embeddable":true,"href":"https:\/\/buydiplomashop.com\/pt\/wp-json\/wp\/v2\/comments?post=135"}],"version-history":[{"count":5,"href":"https:\/\/buydiplomashop.com\/pt\/wp-json\/wp\/v2\/pages\/135\/revisions"}],"predecessor-version":[{"id":146,"href":"https:\/\/buydiplomashop.com\/pt\/wp-json\/wp\/v2\/pages\/135\/revisions\/146"}],"wp:attachment":[{"href":"https:\/\/buydiplomashop.com\/pt\/wp-json\/wp\/v2\/media?parent=135"}],"curies":[{"name":"wp","href":"https:\/\/api.w.org\/{rel}","templated":true}]}}