{"id":96,"date":"2025-07-23T14:31:39","date_gmt":"2025-07-23T14:31:39","guid":{"rendered":"https:\/\/buydiplomashop.com\/?page_id=96"},"modified":"2025-07-23T16:33:18","modified_gmt":"2025-07-23T16:33:18","slug":"kupic-wyplaty-online","status":"publish","type":"page","link":"https:\/\/buydiplomashop.com\/pl\/buy-paychecks-online\/","title":{"rendered":"Kup fa\u0142szywe czeki z wyp\u0142atami"},"content":{"rendered":"<h2 class=\"wp-block-heading\">Kup fa\u0142szywe odcinki wyp\u0142at lub czeki online<\/h2>\n\n\n\n<p>Czy chcesz kupi\u0107 odtworzone fa\u0142szywe odcinki wyp\u0142at? Witamy u dostawcy dokument\u00f3w #1 na ca\u0142ym \u015bwiecie. Jeste\u015bmy <a href=\"https:\/\/buydiplomashop.com\/pl\/\">www.buydiplomashop.com<\/a>od wielu lat jest liderem na rynku, je\u015bli chodzi o zakup podrobionych\/odtworzonych odcink\u00f3w wyp\u0142aty, o\u015bwiadcze\u0144 pracodawcy i innych dokument\u00f3w. Czy jeste\u015b zainteresowany zakupem fa\u0142szywego odcinka wyp\u0142aty online? W takim razie trafi\u0142e\u015b we w\u0142a\u015bciwe miejsce.<\/p>\n\n\n\n<h2 class=\"wp-block-heading\">Czym s\u0105 odcinki wyp\u0142at?<\/h2>\n\n\n\n<p>Odcinki wyp\u0142aty, znane r\u00f3wnie\u017c jako odcinki wynagrodzenia lub zestawienia wynagrodze\u0144, s\u0105 czym\u015b wi\u0119cej ni\u017c tylko comiesi\u0119cznymi dokumentami - s\u0105 niezb\u0119dnym dowodem dochodu i zatrudnienia. Niezale\u017cnie od tego, czy pracujesz w Holandii, Niemczech, Francji, Hiszpanii czy innym kraju europejskim lub \u015bwiatowym, Tw\u00f3j odcinek wyp\u0142aty odgrywa kluczow\u0105 rol\u0119 w wielu sytuacjach finansowych i administracyjnych.<\/p>\n\n\n\n<p>Odcinki wyp\u0142at s\u0105 niezb\u0119dne w wielu dziedzinach \u017cycia - od mieszkalnictwa i podatk\u00f3w po kwestie imigracyjne i prawne. Zawsze przechowuj swoje odcinki wynagrodzenia w uporz\u0105dkowany i dost\u0119pny spos\u00f3b, zw\u0142aszcza je\u015bli mieszkasz lub pracujesz w UE.<\/p>\n\n\n\n<p>Szukasz pomocy z odcinkami wyp\u0142at lub weryfikacj\u0105 dochod\u00f3w? Skontaktuj si\u0119 z nami teraz: <strong>buydiplomashop@pm.me<\/strong>lub skontaktuj si\u0119 z nami przez WhatsApp.<\/p>\n\n\n\n<figure class=\"wp-block-image size-large is-resized\"><img loading=\"lazy\" decoding=\"async\" width=\"1024\" height=\"683\" src=\"https:\/\/buydiplomashop.com\/wp-content\/uploads\/2025\/07\/ChatGPT-Image-23-jul-2025-17_15_57-1024x683.png\" alt=\"kup fa\u0142szywe odcinki wyp\u0142at\" class=\"wp-image-129\" style=\"width:567px;height:auto\" srcset=\"https:\/\/buydiplomashop.com\/wp-content\/uploads\/2025\/07\/ChatGPT-Image-23-jul-2025-17_15_57-1024x683.png 1024w, https:\/\/buydiplomashop.com\/wp-content\/uploads\/2025\/07\/ChatGPT-Image-23-jul-2025-17_15_57-300x200.png 300w, https:\/\/buydiplomashop.com\/wp-content\/uploads\/2025\/07\/ChatGPT-Image-23-jul-2025-17_15_57-768x512.png 768w, https:\/\/buydiplomashop.com\/wp-content\/uploads\/2025\/07\/ChatGPT-Image-23-jul-2025-17_15_57-18x12.png 18w, https:\/\/buydiplomashop.com\/wp-content\/uploads\/2025\/07\/ChatGPT-Image-23-jul-2025-17_15_57-930x620.png 930w, https:\/\/buydiplomashop.com\/wp-content\/uploads\/2025\/07\/ChatGPT-Image-23-jul-2025-17_15_57.png 1536w\" sizes=\"auto, (max-width: 1024px) 100vw, 1024px\" \/><\/figure>\n\n\n\n<h2 class=\"wp-block-heading\">Czy naprawd\u0119 mog\u0119 kupi\u0107 oficjalne fa\u0142szywe odcinki wyp\u0142aty?<\/h2>\n\n\n\n<p>Przez lata otrzymywali\u015bmy to pytanie niezwykle cz\u0119sto. Odpowied\u017a na pytanie, czy zakup oficjalnych fa\u0142szywych czek\u00f3w jest mo\u017cliwy, brzmi TAK! Jeste\u015bmy liderem w bran\u017cy od wielu lat i dok\u0142adnie wiemy, co robi\u0107. Je\u015bli chcesz r\u00f3wnie\u017c kupi\u0107 inne dokumenty, takie jak o\u015bwiadczenie pracodawcy, umow\u0119 lub inne o\u015bwiadczenia, skontaktuj si\u0119 z nami, mamy du\u017ce do\u015bwiadczenie!<br><br>Dzi\u0119ki naszemu do\u015bwiadczeniu z klientami, kt\u00f3rzy zam\u00f3wili odcinek wyp\u0142aty, dok\u0142adnie wiemy, jakiego uk\u0142adu u\u017cy\u0107 dla danej bran\u017cy. Upewniamy si\u0119 r\u00f3wnie\u017c, \u017ce obliczenia s\u0105 prawid\u0142owe. Znamy obliczenia podatkowe prawie wszystkich kraj\u00f3w i bran\u017c!<\/p>\n\n\n\n<p>Potrzebujesz dowodu dochodu i nie wiesz od czego zacz\u0105\u0107? Skontaktuj si\u0119 z nami, a zastanowimy si\u0119 razem z Tob\u0105, aby by\u0142o to realistyczne, identyczne i oficjalne. Twoje potrzeby stan\u0105 si\u0119 naszymi zmartwieniami.<\/p>\n\n\n\n<h2 class=\"wp-block-heading\">Do czego potrzebne s\u0105 wyp\u0142aty?<\/h2>\n\n\n\n<p>Wynajem lub zakup nieruchomo\u015bci: Poka\u017c stabilno\u015b\u0107 dochod\u00f3w<\/p>\n\n\n\n<ul class=\"wp-block-list\">\n<li>Podczas ubiegania si\u0119 o kredyt hipoteczny lub podpisywania umowy najmu, banki i wynajmuj\u0105cy cz\u0119sto wymagaj\u0105 aktualnych odcink\u00f3w wyp\u0142aty w celu weryfikacji dochod\u00f3w. Pomaga im to oceni\u0107, czy sta\u0107 Ci\u0119 na po\u017cyczk\u0119 lub miesi\u0119czny czynsz. Wi\u0119kszo\u015b\u0107 instytucji prosi o <strong>ostatnie 3 do 6 odcink\u00f3w wyp\u0142aty<\/strong>.<\/li>\n<\/ul>\n\n\n\n<hr class=\"wp-block-separator has-alpha-channel-opacity\"\/>\n\n\n\n<p>Ubieganie si\u0119 o po\u017cyczki lub karty kredytowe<\/p>\n\n\n\n<p>Potrzebujesz po\u017cyczki osobistej, finansowania samochodu lub karty kredytowej? Instytucje finansowe wykorzystuj\u0105 paski wynagrodze\u0144 do oceny Twoich <strong>zdolno\u015b\u0107 do sp\u0142aty i stabilno\u015b\u0107 zatrudnienia<\/strong>. Sta\u0142y strumie\u0144 dochod\u00f3w poparty odcinkami wyp\u0142at zwi\u0119ksza szanse na zatwierdzenie.<\/p>\n\n\n\n<hr class=\"wp-block-separator has-alpha-channel-opacity\"\/>\n\n\n\n<p>Sprawozdawczo\u015b\u0107 podatkowa i deklaracje dochod\u00f3w<\/p>\n\n\n\n<p>Payslipy zawieraj\u0105 zestawienie podatk\u00f3w i sk\u0142adek na ubezpieczenie spo\u0142eczne. W wielu krajach europejskich, takich jak Belgia, Francja i Holandia, dokumenty te s\u0105 przydatne podczas przygotowywania lub weryfikacji rocznego zeznania podatkowego.<\/p>\n\n\n\n<hr class=\"wp-block-separator has-alpha-channel-opacity\"\/>\n\n\n\n<p>\u2696\ufe0f Dowody prawne w sprawach pracowniczych lub rodzinnych<\/p>\n\n\n\n<p>Odcinki wynagrodze\u0144 mog\u0105 by\u0107 u\u017cywane jako <strong>prawny dow\u00f3d dochodu<\/strong> w sprawach s\u0105dowych - na przyk\u0142ad w sporach dotycz\u0105cych praw pracowniczych, post\u0119powaniach rozwodowych lub ustaleniach dotycz\u0105cych aliment\u00f3w. Zapewniaj\u0105 one jasny zapis tego, co zarobi\u0142e\u015b i co zosta\u0142o odliczone.<\/p>\n\n\n\n<hr class=\"wp-block-separator has-alpha-channel-opacity\"\/>\n\n\n\n<p>Aplikacje imigracyjne i pobytowe<\/p>\n\n\n\n<p>Podczas ubiegania si\u0119 o <strong>zezwolenie na pobyt lub wiza pracownicza<\/strong> W Europie odcinki wyp\u0142at s\u0105 cz\u0119sto wymagane, aby wykaza\u0107, \u017ce jeste\u015b legalnie zatrudniony i zarabiasz wystarczaj\u0105ce dochody. Kraje takie jak Niemcy, Hiszpania i Holandia cz\u0119sto prosz\u0105 o te dokumenty w ramach proces\u00f3w imigracyjnych.<\/p>\n\n\n\n<hr class=\"wp-block-separator has-alpha-channel-opacity\"\/>\n\n\n\n<p>\ud83d\udc75 Emerytura, renta i ubezpieczenie spo\u0142eczne<\/p>\n\n\n\n<p>Miesi\u0119czne odcinki wynagrodzenia zawieraj\u0105 informacje o <strong>sk\u0142adki emerytalne i potr\u0105cenia na ubezpieczenie spo\u0142eczne<\/strong>. Dokumentacja ta ma kluczowe znaczenie w przypadku ubiegania si\u0119 o uprawnienia emerytalne lub weryfikacji uprawnie\u0144 do \u015bwiadcze\u0144 emerytalnych.<\/p>\n\n\n\n<hr class=\"wp-block-separator has-alpha-channel-opacity\"\/>\n\n\n\n<p>Urlop chorobowy i roszczenia z tytu\u0142u niepe\u0142nosprawno\u015bci<\/p>\n\n\n\n<p>W przypadku choroby lub tymczasowej niezdolno\u015bci do pracy europejscy ubezpieczyciele spo\u0142eczni lub pracodawcy mog\u0105 wymaga\u0107 aktualnych odcink\u00f3w wyp\u0142aty w celu ustalenia wysoko\u015bci odszkodowania. S\u0142u\u017c\u0105 one jako wiarygodny punkt odniesienia dla \u015brednich zarobk\u00f3w.<\/p>\n\n\n\n<hr class=\"wp-block-separator has-alpha-channel-opacity\"\/>\n\n\n\n<p>\ud83d\udc68\u200d\ud83d\udcbc Podania o prac\u0119 lub awanse wewn\u0119trzne<\/p>\n\n\n\n<p>W niekt\u00f3rych sektorach - takich jak rz\u0105d czy bankowo\u015b\u0107 - kandydaci mog\u0105 zosta\u0107 poproszeni o przedstawienie poprzednich odcink\u00f3w wyp\u0142aty jako dowodu na poprzedni poziom wynagrodzenia, zw\u0142aszcza podczas negocjowania nowej oferty pracy lub awansu.<\/p>\n\n\n\n<hr class=\"wp-block-separator has-alpha-channel-opacity\"\/>\n\n\n\n<p>\ud83d\udc68\u200d\ud83d\udc69\u200d\ud83d\udc67 Stypendia studenckie, zasi\u0142ki rodzinne i dotacje<\/p>\n\n\n\n<p>Aby zakwalifikowa\u0107 si\u0119 do <strong>stypendia edukacyjne lub zasi\u0142ki na dzieci<\/strong>W\u0142adze cz\u0119sto prosz\u0105 o potwierdzenie ca\u0142kowitego dochodu gospodarstwa domowego. Najcz\u0119stsz\u0105 i najbardziej akceptowan\u0105 form\u0105 weryfikacji s\u0105 odcinki wyp\u0142at.<\/p>\n\n\n\n<hr class=\"wp-block-separator has-alpha-channel-opacity\"\/>\n\n\n\n<p>Chcesz kupi\u0107 fa\u0142szywy oficjalny czek online? Nie wahaj si\u0119 i kliknij <a href=\"https:\/\/buydiplomashop.com\/pl\/kontakt\/\">kontakt<\/a>. Nasze fa\u0142szywe odcinki wyp\u0142at i us\u0142ugi po\u015bwiadczania dochod\u00f3w s\u0105 zgodne z europejskimi standardami, okre\u015blonymi przez <a href=\"https:\/\/ec.europa.eu\/social\">Departament Zatrudnienia i Spraw Spo\u0142ecznych Komisji Europejskiej<\/a> dla przypadk\u00f3w europejskich.<\/p>\n\n\n\n<figure class=\"wp-block-image size-large is-resized\"><img loading=\"lazy\" decoding=\"async\" width=\"1024\" height=\"448\" src=\"https:\/\/buydiplomashop.com\/wp-content\/uploads\/2025\/07\/buy-fake-source-of-income-funds-1024x448.jpeg\" alt=\"Kup fa\u0142szywe \u017ar\u00f3d\u0142o dochod\u00f3w\" class=\"wp-image-130\" style=\"width:725px;height:auto\" srcset=\"https:\/\/buydiplomashop.com\/wp-content\/uploads\/2025\/07\/buy-fake-source-of-income-funds-1024x448.jpeg 1024w, https:\/\/buydiplomashop.com\/wp-content\/uploads\/2025\/07\/buy-fake-source-of-income-funds-300x131.jpeg 300w, https:\/\/buydiplomashop.com\/wp-content\/uploads\/2025\/07\/buy-fake-source-of-income-funds-768x336.jpeg 768w, https:\/\/buydiplomashop.com\/wp-content\/uploads\/2025\/07\/buy-fake-source-of-income-funds-1536x672.jpeg 1536w, https:\/\/buydiplomashop.com\/wp-content\/uploads\/2025\/07\/buy-fake-source-of-income-funds-2048x896.jpeg 2048w, https:\/\/buydiplomashop.com\/wp-content\/uploads\/2025\/07\/buy-fake-source-of-income-funds-18x8.jpeg 18w\" sizes=\"auto, (max-width: 1024px) 100vw, 1024px\" \/><\/figure>\n\n\n\n<h2 class=\"wp-block-heading\">Tw\u00f3j partner w zakresie list p\u0142ac, o\u015bwiadcze\u0144 pracodawcy i mi\u0119dzynarodowych dokument\u00f3w finansowych<\/h2>\n\n\n\n<p>Szukasz niezawodnego partnera do tworzenia odcink\u00f3w wyp\u0142at, o\u015bwiadcze\u0144 pracodawcy do kupienia i wszystkich niezb\u0119dnych dokument\u00f3w potrzebnych przy wynajmie domu lub ubieganiu si\u0119 o kredyt hipoteczny? Jeste\u015bmy tutaj, aby pom\u00f3c - na ca\u0142ym \u015bwiecie i w pe\u0142ni dostosowani do Twoich potrzeb. <\/p>\n\n\n\n<p>Specjali\u015bci w mi\u0119dzynarodowej administracji p\u0142acowej<\/p>\n\n\n\n<p>Rozumiemy, \u017ce ka\u017cdy kraj ma w\u0142asne stawki podatkowe, uk\u0142ady zbiorowe i przepisy. Nasz zesp\u00f3\u0142 specjalizuje si\u0119 w przygotowywaniu dok\u0142adnych, przejrzystych odcink\u00f3w wyp\u0142at dla r\u00f3\u017cnych sektor\u00f3w i kraj\u00f3w. Gwarantuje to, \u017ce Ty, Twoi pracownicy lub Twoi klienci zawsze maj\u0105 dokumenty spe\u0142niaj\u0105ce lokalne wymagania.<\/p>\n\n\n\n<p>Dokumenty dotycz\u0105ce wynajmu i kredytu hipotecznego, szybko za\u0142atwione<\/p>\n\n\n\n<p>W przypadku wynajmu nieruchomo\u015bci lub ubiegania si\u0119 o kredyt hipoteczny kluczowa jest przejrzysta i wiarygodna dokumentacja. Zapewniamy:<\/p>\n\n\n\n<ul class=\"wp-block-list\">\n<li>Wzory o\u015bwiadcze\u0144 pracodawcy<\/li>\n\n\n\n<li>Rachunek zysk\u00f3w i strat<\/li>\n\n\n\n<li>Zeznania roczne<\/li>\n\n\n\n<li>Inne wymagane dokumenty dostosowane do Twojej sytuacji<\/li>\n<\/ul>\n\n\n\n<p>Pomaga to Tobie lub Twoim pracownikom szybciej przej\u015b\u0107 kontrol\u0119 finansow\u0105 i zwi\u0119ksza szanse na zatwierdzenie.<\/p>\n\n\n\n<p>Globalne do\u015bwiadczenie, lokalna wiedza<\/p>\n\n\n\n<p>Niezale\u017cnie od tego, czy prowadzisz dzia\u0142alno\u015b\u0107 w Holandii, Niemczech, Belgii, Francji, Wielkiej Brytanii, USA czy w innym kraju, znamy stawki podatkowe, przepisy i wymogi administracyjne obowi\u0105zuj\u0105ce w r\u00f3\u017cnych krajach i bran\u017cach. Pozwala nam to dostarcza\u0107 dokumenty zgodne z lokalnymi standardami i najlepszymi praktykami mi\u0119dzynarodowymi.<\/p>\n\n\n\n<p>Szybko\u015b\u0107, dok\u0142adno\u015b\u0107 i poufno\u015b\u0107<\/p>\n\n\n\n<p>Rozumiemy, jak wa\u017cne jest szybkie uzyskanie odpowiednich dokument\u00f3w, zw\u0142aszcza je\u015bli chodzi o wynajem lub zakup domu. Mo\u017cesz na nas polega\u0107:<\/p>\n\n\n\n<ul class=\"wp-block-list\">\n<li>Kr\u00f3tkie czasy realizacji<\/li>\n\n\n\n<li>Wysoka dok\u0142adno\u015b\u0107<\/li>\n\n\n\n<li>\u015acis\u0142a poufno\u015b\u0107<\/li>\n<\/ul>\n\n\n\n<figure class=\"wp-block-image size-full\"><img loading=\"lazy\" decoding=\"async\" width=\"199\" height=\"253\" src=\"https:\/\/buydiplomashop.com\/wp-content\/uploads\/2025\/07\/buy-fake-employer-statement.jpg\" alt=\"kupi\u0107 fa\u0142szywe o\u015bwiadczenie pracodawcy\" class=\"wp-image-128\" srcset=\"https:\/\/buydiplomashop.com\/wp-content\/uploads\/2025\/07\/buy-fake-employer-statement.jpg 199w, https:\/\/buydiplomashop.com\/wp-content\/uploads\/2025\/07\/buy-fake-employer-statement-9x12.jpg 9w\" sizes=\"auto, (max-width: 199px) 100vw, 199px\" \/><\/figure>\n\n\n\n<p>Kup fa\u0142szywe o\u015bwiadczenie pracodawcy, fa\u0142szywe \u017ar\u00f3d\u0142o dochodu lub odcinki wyp\u0142aty ju\u017c dzi\u015b!<\/p>","protected":false},"excerpt":{"rendered":"<p>Buy fake payslips or paychecks online Do you want to buy recreated fake payslips\/paychecks? Welcome to the #1 provider of documents worldwide. We are www.buydiplomashop.com, for many years the market leader when it comes to buying counterfeit\/recreated pay stubs, employer statements and other documents. Are you intrested in buying a fake payslip online? Then you&hellip;&nbsp;<a href=\"https:\/\/buydiplomashop.com\/pl\/buy-paychecks-online\/\" rel=\"bookmark\"><span class=\"screen-reader-text\">Kup fa\u0142szywe czeki z wyp\u0142atami<\/span><\/a><\/p>","protected":false},"author":1,"featured_media":0,"parent":0,"menu_order":0,"comment_status":"closed","ping_status":"closed","template":"","meta":{"neve_meta_sidebar":"","neve_meta_container":"","neve_meta_enable_content_width":"","neve_meta_content_width":0,"neve_meta_title_alignment":"","neve_meta_author_avatar":"","neve_post_elements_order":"","neve_meta_disable_header":"","neve_meta_disable_footer":"","neve_meta_disable_title":"","footnotes":""},"class_list":["post-96","page","type-page","status-publish","hentry"],"yoast_head":"<!-- This site is optimized with the Yoast SEO plugin v27.5 - https:\/\/yoast.com\/product\/yoast-seo-wordpress\/ -->\n<title>Buy fake paychecks - Buy a diploma, certificate and degrees<\/title>\n<meta name=\"description\" content=\"Buy fake payslips, paychecks online. Global provider of professional payslips, employer statements, and proof of income documents.\" \/>\n<meta name=\"robots\" content=\"index, follow, max-snippet:-1, max-image-preview:large, max-video-preview:-1\" \/>\n<link rel=\"canonical\" href=\"https:\/\/buydiplomashop.com\/pl\/kupic-wyplaty-online\/\" \/>\n<meta property=\"og:locale\" content=\"pl_PL\" \/>\n<meta property=\"og:type\" content=\"article\" \/>\n<meta property=\"og:title\" content=\"Buy fake paychecks - Buy a diploma, certificate and degrees\" \/>\n<meta property=\"og:description\" content=\"Buy fake payslips, paychecks online. Global provider of professional payslips, employer statements, and proof of income documents.\" \/>\n<meta property=\"og:url\" content=\"https:\/\/buydiplomashop.com\/pl\/kupic-wyplaty-online\/\" \/>\n<meta property=\"og:site_name\" content=\"Buy a diploma, certificate and degrees\" \/>\n<meta property=\"article:modified_time\" content=\"2025-07-23T16:33:18+00:00\" \/>\n<meta property=\"og:image\" content=\"https:\/\/buydiplomashop.com\/wp-content\/uploads\/2025\/07\/ChatGPT-Image-23-jul-2025-17_15_57-1024x683.png\" \/>\n\t<meta property=\"og:image:width\" content=\"1024\" \/>\n\t<meta property=\"og:image:height\" content=\"683\" \/>\n\t<meta property=\"og:image:type\" content=\"image\/png\" \/>\n<meta name=\"twitter:card\" content=\"summary_large_image\" \/>\n<meta name=\"twitter:label1\" content=\"Szacowany czas czytania\" \/>\n\t<meta name=\"twitter:data1\" content=\"5 minut\" \/>\n<script type=\"application\/ld+json\" class=\"yoast-schema-graph\">{\"@context\":\"https:\\\/\\\/schema.org\",\"@graph\":[{\"@type\":\"WebPage\",\"@id\":\"https:\\\/\\\/buydiplomashop.com\\\/buy-paychecks-online\\\/\",\"url\":\"https:\\\/\\\/buydiplomashop.com\\\/buy-paychecks-online\\\/\",\"name\":\"Buy fake paychecks - Buy a diploma, certificate and degrees\",\"isPartOf\":{\"@id\":\"https:\\\/\\\/buydiplomashop.com\\\/#website\"},\"primaryImageOfPage\":{\"@id\":\"https:\\\/\\\/buydiplomashop.com\\\/buy-paychecks-online\\\/#primaryimage\"},\"image\":{\"@id\":\"https:\\\/\\\/buydiplomashop.com\\\/buy-paychecks-online\\\/#primaryimage\"},\"thumbnailUrl\":\"https:\\\/\\\/buydiplomashop.com\\\/wp-content\\\/uploads\\\/2025\\\/07\\\/ChatGPT-Image-23-jul-2025-17_15_57-1024x683.png\",\"datePublished\":\"2025-07-23T14:31:39+00:00\",\"dateModified\":\"2025-07-23T16:33:18+00:00\",\"description\":\"Buy fake payslips, paychecks online. Global provider of professional payslips, employer statements, and proof of income documents.\",\"breadcrumb\":{\"@id\":\"https:\\\/\\\/buydiplomashop.com\\\/buy-paychecks-online\\\/#breadcrumb\"},\"inLanguage\":\"pl-PL\",\"potentialAction\":[{\"@type\":\"ReadAction\",\"target\":[\"https:\\\/\\\/buydiplomashop.com\\\/buy-paychecks-online\\\/\"]}]},{\"@type\":\"ImageObject\",\"inLanguage\":\"pl-PL\",\"@id\":\"https:\\\/\\\/buydiplomashop.com\\\/buy-paychecks-online\\\/#primaryimage\",\"url\":\"https:\\\/\\\/buydiplomashop.com\\\/wp-content\\\/uploads\\\/2025\\\/07\\\/ChatGPT-Image-23-jul-2025-17_15_57-1024x683.png\",\"contentUrl\":\"https:\\\/\\\/buydiplomashop.com\\\/wp-content\\\/uploads\\\/2025\\\/07\\\/ChatGPT-Image-23-jul-2025-17_15_57-1024x683.png\"},{\"@type\":\"BreadcrumbList\",\"@id\":\"https:\\\/\\\/buydiplomashop.com\\\/buy-paychecks-online\\\/#breadcrumb\",\"itemListElement\":[{\"@type\":\"ListItem\",\"position\":1,\"name\":\"Home\",\"item\":\"https:\\\/\\\/buydiplomashop.com\\\/\"},{\"@type\":\"ListItem\",\"position\":2,\"name\":\"Buy fake paychecks\"}]},{\"@type\":\"WebSite\",\"@id\":\"https:\\\/\\\/buydiplomashop.com\\\/#website\",\"url\":\"https:\\\/\\\/buydiplomashop.com\\\/\",\"name\":\"Buy a diploma, certificate and degrees\",\"description\":\"Buy a diploma online, certificates, degrees\",\"potentialAction\":[{\"@type\":\"SearchAction\",\"target\":{\"@type\":\"EntryPoint\",\"urlTemplate\":\"https:\\\/\\\/buydiplomashop.com\\\/?s={search_term_string}\"},\"query-input\":{\"@type\":\"PropertyValueSpecification\",\"valueRequired\":true,\"valueName\":\"search_term_string\"}}],\"inLanguage\":\"pl-PL\"}]}<\/script>\n<!-- \/ Yoast SEO plugin. -->","yoast_head_json":{"title":"Kup fa\u0142szywe czeki z wyp\u0142at\u0105 - Kup dyplom, certyfikat i stopnie naukowe","description":"Kup fa\u0142szywe odcinki wyp\u0142at, czeki online. Globalny dostawca profesjonalnych odcink\u00f3w wyp\u0142at, o\u015bwiadcze\u0144 pracodawcy i dokument\u00f3w potwierdzaj\u0105cych doch\u00f3d.","robots":{"index":"index","follow":"follow","max-snippet":"max-snippet:-1","max-image-preview":"max-image-preview:large","max-video-preview":"max-video-preview:-1"},"canonical":"https:\/\/buydiplomashop.com\/pl\/kupic-wyplaty-online\/","og_locale":"pl_PL","og_type":"article","og_title":"Buy fake paychecks - Buy a diploma, certificate and degrees","og_description":"Buy fake payslips, paychecks online. Global provider of professional payslips, employer statements, and proof of income documents.","og_url":"https:\/\/buydiplomashop.com\/pl\/kupic-wyplaty-online\/","og_site_name":"Buy a diploma, certificate and degrees","article_modified_time":"2025-07-23T16:33:18+00:00","og_image":[{"width":1024,"height":683,"url":"https:\/\/buydiplomashop.com\/wp-content\/uploads\/2025\/07\/ChatGPT-Image-23-jul-2025-17_15_57-1024x683.png","type":"image\/png"}],"twitter_card":"summary_large_image","twitter_misc":{"Szacowany czas czytania":"5 minut"},"schema":{"@context":"https:\/\/schema.org","@graph":[{"@type":"WebPage","@id":"https:\/\/buydiplomashop.com\/buy-paychecks-online\/","url":"https:\/\/buydiplomashop.com\/buy-paychecks-online\/","name":"Kup fa\u0142szywe czeki z wyp\u0142at\u0105 - Kup dyplom, certyfikat i stopnie naukowe","isPartOf":{"@id":"https:\/\/buydiplomashop.com\/#website"},"primaryImageOfPage":{"@id":"https:\/\/buydiplomashop.com\/buy-paychecks-online\/#primaryimage"},"image":{"@id":"https:\/\/buydiplomashop.com\/buy-paychecks-online\/#primaryimage"},"thumbnailUrl":"https:\/\/buydiplomashop.com\/wp-content\/uploads\/2025\/07\/ChatGPT-Image-23-jul-2025-17_15_57-1024x683.png","datePublished":"2025-07-23T14:31:39+00:00","dateModified":"2025-07-23T16:33:18+00:00","description":"Kup fa\u0142szywe odcinki wyp\u0142at, czeki online. Globalny dostawca profesjonalnych odcink\u00f3w wyp\u0142at, o\u015bwiadcze\u0144 pracodawcy i dokument\u00f3w potwierdzaj\u0105cych doch\u00f3d.","breadcrumb":{"@id":"https:\/\/buydiplomashop.com\/buy-paychecks-online\/#breadcrumb"},"inLanguage":"pl-PL","potentialAction":[{"@type":"ReadAction","target":["https:\/\/buydiplomashop.com\/buy-paychecks-online\/"]}]},{"@type":"ImageObject","inLanguage":"pl-PL","@id":"https:\/\/buydiplomashop.com\/buy-paychecks-online\/#primaryimage","url":"https:\/\/buydiplomashop.com\/wp-content\/uploads\/2025\/07\/ChatGPT-Image-23-jul-2025-17_15_57-1024x683.png","contentUrl":"https:\/\/buydiplomashop.com\/wp-content\/uploads\/2025\/07\/ChatGPT-Image-23-jul-2025-17_15_57-1024x683.png"},{"@type":"BreadcrumbList","@id":"https:\/\/buydiplomashop.com\/buy-paychecks-online\/#breadcrumb","itemListElement":[{"@type":"ListItem","position":1,"name":"Home","item":"https:\/\/buydiplomashop.com\/"},{"@type":"ListItem","position":2,"name":"Buy fake paychecks"}]},{"@type":"WebSite","@id":"https:\/\/buydiplomashop.com\/#website","url":"https:\/\/buydiplomashop.com\/","name":"Kup dyplom, certyfikat i stopnie naukowe","description":"Kup dyplom online, certyfikaty, stopnie naukowe","potentialAction":[{"@type":"SearchAction","target":{"@type":"EntryPoint","urlTemplate":"https:\/\/buydiplomashop.com\/?s={search_term_string}"},"query-input":{"@type":"PropertyValueSpecification","valueRequired":true,"valueName":"search_term_string"}}],"inLanguage":"pl-PL"}]}},"_links":{"self":[{"href":"https:\/\/buydiplomashop.com\/pl\/wp-json\/wp\/v2\/pages\/96","targetHints":{"allow":["GET"]}}],"collection":[{"href":"https:\/\/buydiplomashop.com\/pl\/wp-json\/wp\/v2\/pages"}],"about":[{"href":"https:\/\/buydiplomashop.com\/pl\/wp-json\/wp\/v2\/types\/page"}],"author":[{"embeddable":true,"href":"https:\/\/buydiplomashop.com\/pl\/wp-json\/wp\/v2\/users\/1"}],"replies":[{"embeddable":true,"href":"https:\/\/buydiplomashop.com\/pl\/wp-json\/wp\/v2\/comments?post=96"}],"version-history":[{"count":26,"href":"https:\/\/buydiplomashop.com\/pl\/wp-json\/wp\/v2\/pages\/96\/revisions"}],"predecessor-version":[{"id":133,"href":"https:\/\/buydiplomashop.com\/pl\/wp-json\/wp\/v2\/pages\/96\/revisions\/133"}],"wp:attachment":[{"href":"https:\/\/buydiplomashop.com\/pl\/wp-json\/wp\/v2\/media?parent=96"}],"curies":[{"name":"wp","href":"https:\/\/api.w.org\/{rel}","templated":true}]}}