{"id":52,"date":"2025-03-24T20:04:24","date_gmt":"2025-03-24T20:04:24","guid":{"rendered":"https:\/\/buydiplomashop.com\/?page_id=52"},"modified":"2025-03-24T20:48:11","modified_gmt":"2025-03-24T20:48:11","slug":"buy-diploma-online","status":"publish","type":"page","link":"https:\/\/buydiplomashop.com\/pl\/","title":{"rendered":"Kup dyplom online"},"content":{"rendered":"<h1 class=\"wp-block-heading\">Kup wysokiej jako\u015bci fa\u0142szywe dyplomy, certyfikaty i stopnie naukowe. Autentyczne, oficjalne i szybkie.<\/h1>\n\n\n\n<p>Chcesz kupi\u0107 dyplom? Najlepszym sposobem na zam\u00f3wienie dyplomu, certyfikatu lub stopnia naukowego jest skorzystanie z naszej oferty. Mamy najlepsze projekty, opracowane dzi\u0119ki wieloletniemu do\u015bwiadczeniu i wysokiemu poziomowi wiedzy specjalistycznej. Projekty s\u0105 oparte na wybranej szkole, uniwersytecie, college'u lub podobnym. Wybierz jeden z naszych dyplom\u00f3w, transkrypcji lub pakiet\u00f3w, aby rozpocz\u0105\u0107! <a href=\"https:\/\/buydiplomashop.com\/pl\/\">www.buydiplomashop.com<\/a>zesp\u00f3\u0142 jest gotowy do pomocy w dzie\u0144 i w nocy.<\/p>\n\n\n\n<p>Kupi\u0107 dyplom przez internet? Czy to mo\u017cliwe? Dyplom mo\u017cna kupi\u0107 24\/7. Odpowied\u017a na to pytanie brzmi \"tak\". W dzisiejszych czasach mo\u017cna kupi\u0107 dyplom online, a w niekt\u00f3rych przypadkach nawet go zarejestrowa\u0107. Do wyboru jest kilka kraj\u00f3w.<\/p>\n\n\n\n<figure class=\"wp-block-pullquote\"><blockquote><p>Chcesz uzyska\u0107 wi\u0119cej informacji? Przesta\u0144 si\u0119 waha\u0107. Kliknij <a href=\"https:\/\/buydiplomashop.com\/pl\/kontakt\/\">kontakt<\/a> lub wys\u0142a\u0107 wiadomo\u015b\u0107 e-mail bezpo\u015brednio na adres:<\/p><cite><strong>Buydiplomashop@pm.me<\/strong><\/cite><\/blockquote><\/figure>\n\n\n\n<figure class=\"wp-block-image size-full is-resized\"><img loading=\"lazy\" decoding=\"async\" width=\"980\" height=\"980\" src=\"https:\/\/buydiplomashop.com\/wp-content\/uploads\/2025\/03\/diploma-kopen-vca-hbo-mbo-bachelor-duo-belgie-nederland.jpg\" alt=\"kupi\u0107 dyplom\" class=\"wp-image-78\" style=\"width:531px;height:auto\" srcset=\"https:\/\/buydiplomashop.com\/wp-content\/uploads\/2025\/03\/diploma-kopen-vca-hbo-mbo-bachelor-duo-belgie-nederland.jpg 980w, https:\/\/buydiplomashop.com\/wp-content\/uploads\/2025\/03\/diploma-kopen-vca-hbo-mbo-bachelor-duo-belgie-nederland-300x300.jpg 300w, https:\/\/buydiplomashop.com\/wp-content\/uploads\/2025\/03\/diploma-kopen-vca-hbo-mbo-bachelor-duo-belgie-nederland-150x150.jpg 150w, https:\/\/buydiplomashop.com\/wp-content\/uploads\/2025\/03\/diploma-kopen-vca-hbo-mbo-bachelor-duo-belgie-nederland-768x768.jpg 768w, https:\/\/buydiplomashop.com\/wp-content\/uploads\/2025\/03\/diploma-kopen-vca-hbo-mbo-bachelor-duo-belgie-nederland-12x12.jpg 12w\" sizes=\"auto, (max-width: 980px) 100vw, 980px\" \/><\/figure>\n\n\n\n<h2 class=\"wp-block-heading\">Dlaczego nasze dyplomy wygl\u0105daj\u0105 tak realistycznie?<\/h2>\n\n\n\n<p>Dzi\u0119ki ponad 20-letniemu do\u015bwiadczeniu zebrali\u015bmy du\u017c\u0105 liczb\u0119 dokument\u00f3w akademickich, aby zapewni\u0107, \u017ce otrzymasz najbardziej realistyczn\u0105 podr\u00f3bk\u0119 dyplomu i transkrypcji z wybranej szko\u0142y.<\/p>\n\n\n\n<ul class=\"wp-block-list\">\n<li>Dopasowujemy nazw\u0119 szko\u0142y, dane ucznia, dat\u0119 uko\u0144czenia szko\u0142y i realistyczne podpisy bez dodatkowych koszt\u00f3w!<\/li>\n\n\n\n<li>W stosownych przypadkach sporz\u0105dzimy r\u00f3wnie\u017c list\u0119 ocen<\/li>\n\n\n\n<li>Zapewniamy list\u0119 standardowych lub niestandardowych kurs\u00f3w na li\u015bcie ocen<\/li>\n\n\n\n<li>Posiadamy wypuk\u0142e, wyt\u0142aczane, wysokiej jako\u015bci p\u0142askie piecz\u0119cie tuszowe, emblematy i logo.<\/li>\n\n\n\n<li>Ka\u017cda transkrypcja zawiera pe\u0142nokolorowe piecz\u0119cie, emblematy, logo i herby charakterystyczne dla szko\u0142y, kt\u00f3r\u0105 uko\u0144czy\u0142e\u015b.<\/li>\n\n\n\n<li>Wszystkie dyplomy s\u0105 drukowane na grubym papierze pergaminowym.<\/li>\n\n\n\n<li>U\u017cywamy <a href=\"https:\/\/www.ologrammi.com\/en\/holograms-for-courses-certificates\">hologramy<\/a> aby zweryfikowa\u0107 oryginalno\u015b\u0107 transkrypcji.<\/li>\n\n\n\n<li>T\u0142oczona piecz\u0119\u0107 \"Registrar\" i podpis Registrara s\u0105 dost\u0119pn\u0105 opcj\u0105!<\/li>\n\n\n\n<li>Oferujemy wydruki pr\u00f3bne przed drukowaniem oraz wiadomo\u015bci e-mail z gotowym produktem w wysokiej jako\u015bci plikach PDF.<\/li>\n<\/ul>\n\n\n\n<p>Kliknij <a href=\"https:\/\/buydiplomashop.com\/pl\/kontakt\/\">kontakt<\/a> i zapytaj nas o mo\u017cliwo\u015bci.<\/p>\n\n\n\n<figure class=\"wp-block-image size-full is-resized\"><img loading=\"lazy\" decoding=\"async\" width=\"980\" height=\"980\" src=\"https:\/\/buydiplomashop.com\/wp-content\/uploads\/2025\/03\/diploma-kopen.jpg\" alt=\"Kup oficjalny autentyczny fa\u0142szywy dyplom, certyfikat lub stopie\u0144 naukowy\" class=\"wp-image-80\" style=\"width:470px;height:auto\" srcset=\"https:\/\/buydiplomashop.com\/wp-content\/uploads\/2025\/03\/diploma-kopen.jpg 980w, https:\/\/buydiplomashop.com\/wp-content\/uploads\/2025\/03\/diploma-kopen-300x300.jpg 300w, https:\/\/buydiplomashop.com\/wp-content\/uploads\/2025\/03\/diploma-kopen-150x150.jpg 150w, https:\/\/buydiplomashop.com\/wp-content\/uploads\/2025\/03\/diploma-kopen-768x768.jpg 768w, https:\/\/buydiplomashop.com\/wp-content\/uploads\/2025\/03\/diploma-kopen-12x12.jpg 12w\" sizes=\"auto, (max-width: 980px) 100vw, 980px\" \/><\/figure>\n\n\n\n<h3 class=\"wp-block-heading\">Dlaczego warto kupi\u0107 dyplom od www.buydiplomashop.com, dostawcy numer 1?<\/h3>\n\n\n\n<p>Regularnie sprawdzamy dyplomy i certyfikaty naszych konkurent\u00f3w. Niestety, jako\u015b\u0107 innych dostawc\u00f3w jest znacznie ni\u017csza. Oferuj\u0105 oni dokumenty bez znak\u00f3w wodnych i o znacznie gorszej jako\u015bci ni\u017c ta, kt\u00f3r\u0105 my jeste\u015bmy w stanie wyprodukowa\u0107.<\/p>\n\n\n\n<p>Mo\u017cesz kupi\u0107 u nas dyplom z wielu r\u00f3\u017cnych kraj\u00f3w. Istnieje kilka opcji w zale\u017cno\u015bci od \u017cycze\u0144. Daj nam zna\u0107, czego potrzebujesz, a my to zorganizujemy!<\/p>\n\n\n\n<p>Wcze\u015bniej mo\u017cna by\u0142o kupi\u0107 od nas autentyczny oficjalny dyplom, stopie\u0144 naukowy i certyfikat za po\u015brednictwem ciemnej sieci lub Telegramu. Nadal jeste\u015bmy aktywni online!<\/p>\n\n\n\n<figure class=\"wp-block-image size-large is-resized\"><img loading=\"lazy\" decoding=\"async\" width=\"1024\" height=\"1024\" src=\"https:\/\/buydiplomashop.com\/wp-content\/uploads\/2025\/03\/diploma-kopen-telegram-darkweb-1024x1024.png\" alt=\"kupi\u0107 telegram dyplomowy dark web\" class=\"wp-image-77\" style=\"width:517px;height:auto\" srcset=\"https:\/\/buydiplomashop.com\/wp-content\/uploads\/2025\/03\/diploma-kopen-telegram-darkweb-1024x1024.png 1024w, https:\/\/buydiplomashop.com\/wp-content\/uploads\/2025\/03\/diploma-kopen-telegram-darkweb-300x300.png 300w, https:\/\/buydiplomashop.com\/wp-content\/uploads\/2025\/03\/diploma-kopen-telegram-darkweb-150x150.png 150w, https:\/\/buydiplomashop.com\/wp-content\/uploads\/2025\/03\/diploma-kopen-telegram-darkweb-768x768.png 768w, https:\/\/buydiplomashop.com\/wp-content\/uploads\/2025\/03\/diploma-kopen-telegram-darkweb-1536x1536.png 1536w, https:\/\/buydiplomashop.com\/wp-content\/uploads\/2025\/03\/diploma-kopen-telegram-darkweb-2048x2048.png 2048w, https:\/\/buydiplomashop.com\/wp-content\/uploads\/2025\/03\/diploma-kopen-telegram-darkweb-12x12.png 12w\" sizes=\"auto, (max-width: 1024px) 100vw, 1024px\" \/><\/figure>\n\n\n\n<p>Mamy wieloletnie do\u015bwiadczenie z klientami, kt\u00f3rzy chcieli kupi\u0107 dyplom online. Wci\u0105\u017c przyjmujemy zlecenia, wi\u0119c przesta\u0144 si\u0119 waha\u0107 i skontaktuj si\u0119 z nami. Je\u015bli jest to pilne, daj nam zna\u0107, aby\u015bmy mogli wzi\u0105\u0107 to pod uwag\u0119.<\/p>\n\n\n\n<p>Pracujemy bez zobowi\u0105za\u0144, a Ty jako klient jeste\u015b najwa\u017cniejszy. Z danymi obchodzimy si\u0119 z najwy\u017csz\u0105 staranno\u015bci\u0105 i przechowujemy ich jak najmniej. To, co musi by\u0107 przechowywane, jest trwale usuwane po zako\u0144czeniu.<\/p>\n\n\n\n<figure class=\"wp-block-image size-full\"><img loading=\"lazy\" decoding=\"async\" width=\"200\" height=\"200\" src=\"https:\/\/buydiplomashop.com\/wp-content\/uploads\/2025\/03\/diploma-kopen-ervaringen-reviews.jpg\" alt=\"kupi\u0107 autentyczne do\u015bwiadczenia dyplomowe opinie\" class=\"wp-image-76\" srcset=\"https:\/\/buydiplomashop.com\/wp-content\/uploads\/2025\/03\/diploma-kopen-ervaringen-reviews.jpg 200w, https:\/\/buydiplomashop.com\/wp-content\/uploads\/2025\/03\/diploma-kopen-ervaringen-reviews-150x150.jpg 150w, https:\/\/buydiplomashop.com\/wp-content\/uploads\/2025\/03\/diploma-kopen-ervaringen-reviews-12x12.jpg 12w\" sizes=\"auto, (max-width: 200px) 100vw, 200px\" \/><\/figure>","protected":false},"excerpt":{"rendered":"<p>Kup wysokiej jako\u015bci fa\u0142szywe dyplomy, certyfikaty i stopnie naukowe. Autentyczne, oficjalne i szybkie. Chcesz kupi\u0107 dyplom? Najlepszym sposobem na zam\u00f3wienie dyplomu, certyfikatu lub stopnia naukowego jest skorzystanie z naszej oferty. Mamy najlepsze wzory, opracowane dzi\u0119ki wieloletniemu do\u015bwiadczeniu i wysokiemu poziomowi wiedzy specjalistycznej. Wzory s\u0105 oparte na wybranej szkole, uniwersytecie,...&nbsp;<a href=\"https:\/\/buydiplomashop.com\/pl\/\" rel=\"bookmark\"><span class=\"screen-reader-text\">Kup dyplom online<\/span><\/a><\/p>","protected":false},"author":1,"featured_media":0,"parent":0,"menu_order":0,"comment_status":"closed","ping_status":"closed","template":"","meta":{"neve_meta_sidebar":"","neve_meta_container":"","neve_meta_enable_content_width":"","neve_meta_content_width":0,"neve_meta_title_alignment":"","neve_meta_author_avatar":"","neve_post_elements_order":"","neve_meta_disable_header":"","neve_meta_disable_footer":"","neve_meta_disable_title":"","footnotes":""},"class_list":["post-52","page","type-page","status-publish","hentry"],"yoast_head":"<!-- This site is optimized with the Yoast SEO plugin v27.5 - https:\/\/yoast.com\/product\/yoast-seo-wordpress\/ -->\n<title>Buy diploma online - Buy a diploma, certificate and degrees<\/title>\n<meta name=\"description\" content=\"Buy a diploma online. Buy an officially fake, authentic degree certificate diploma via the dark web Telegram. Many reviews and experiences.\" \/>\n<meta name=\"robots\" content=\"index, follow, max-snippet:-1, max-image-preview:large, max-video-preview:-1\" \/>\n<link rel=\"canonical\" href=\"https:\/\/buydiplomashop.com\/pl\/\" \/>\n<meta property=\"og:locale\" content=\"pl_PL\" \/>\n<meta property=\"og:type\" content=\"article\" \/>\n<meta property=\"og:title\" content=\"Buy diploma online - Buy a diploma, certificate and degrees\" \/>\n<meta property=\"og:description\" content=\"Buy a diploma online. Buy an officially fake, authentic degree certificate diploma via the dark web Telegram. Many reviews and experiences.\" \/>\n<meta property=\"og:url\" content=\"https:\/\/buydiplomashop.com\/pl\/\" \/>\n<meta property=\"og:site_name\" content=\"Buy a diploma, certificate and degrees\" \/>\n<meta property=\"article:modified_time\" content=\"2025-03-24T20:48:11+00:00\" \/>\n<meta property=\"og:image\" content=\"https:\/\/buydiplomashop.com\/wp-content\/uploads\/2025\/03\/diploma-kopen-vca-hbo-mbo-bachelor-duo-belgie-nederland.jpg\" \/>\n\t<meta property=\"og:image:width\" content=\"980\" \/>\n\t<meta property=\"og:image:height\" content=\"980\" \/>\n\t<meta property=\"og:image:type\" content=\"image\/jpeg\" \/>\n<meta name=\"twitter:card\" content=\"summary_large_image\" \/>\n<meta name=\"twitter:label1\" content=\"Szacowany czas czytania\" \/>\n\t<meta name=\"twitter:data1\" content=\"3 minuty\" \/>\n<script type=\"application\/ld+json\" class=\"yoast-schema-graph\">{\"@context\":\"https:\\\/\\\/schema.org\",\"@graph\":[{\"@type\":\"WebPage\",\"@id\":\"https:\\\/\\\/buydiplomashop.com\\\/\",\"url\":\"https:\\\/\\\/buydiplomashop.com\\\/\",\"name\":\"Buy diploma online - Buy a diploma, certificate and degrees\",\"isPartOf\":{\"@id\":\"https:\\\/\\\/buydiplomashop.com\\\/#website\"},\"primaryImageOfPage\":{\"@id\":\"https:\\\/\\\/buydiplomashop.com\\\/#primaryimage\"},\"image\":{\"@id\":\"https:\\\/\\\/buydiplomashop.com\\\/#primaryimage\"},\"thumbnailUrl\":\"https:\\\/\\\/buydiplomashop.com\\\/wp-content\\\/uploads\\\/2025\\\/03\\\/diploma-kopen-vca-hbo-mbo-bachelor-duo-belgie-nederland.jpg\",\"datePublished\":\"2025-03-24T20:04:24+00:00\",\"dateModified\":\"2025-03-24T20:48:11+00:00\",\"description\":\"Buy a diploma online. Buy an officially fake, authentic degree certificate diploma via the dark web Telegram. Many reviews and experiences.\",\"breadcrumb\":{\"@id\":\"https:\\\/\\\/buydiplomashop.com\\\/#breadcrumb\"},\"inLanguage\":\"pl-PL\",\"potentialAction\":[{\"@type\":\"ReadAction\",\"target\":[\"https:\\\/\\\/buydiplomashop.com\\\/\"]}]},{\"@type\":\"ImageObject\",\"inLanguage\":\"pl-PL\",\"@id\":\"https:\\\/\\\/buydiplomashop.com\\\/#primaryimage\",\"url\":\"https:\\\/\\\/buydiplomashop.com\\\/wp-content\\\/uploads\\\/2025\\\/03\\\/diploma-kopen-vca-hbo-mbo-bachelor-duo-belgie-nederland.jpg\",\"contentUrl\":\"https:\\\/\\\/buydiplomashop.com\\\/wp-content\\\/uploads\\\/2025\\\/03\\\/diploma-kopen-vca-hbo-mbo-bachelor-duo-belgie-nederland.jpg\"},{\"@type\":\"BreadcrumbList\",\"@id\":\"https:\\\/\\\/buydiplomashop.com\\\/#breadcrumb\",\"itemListElement\":[{\"@type\":\"ListItem\",\"position\":1,\"name\":\"Home\",\"item\":\"https:\\\/\\\/buydiplomashop.com\\\/\"},{\"@type\":\"ListItem\",\"position\":2,\"name\":\"Buy diploma online\"}]},{\"@type\":\"WebSite\",\"@id\":\"https:\\\/\\\/buydiplomashop.com\\\/#website\",\"url\":\"https:\\\/\\\/buydiplomashop.com\\\/\",\"name\":\"Buy a diploma, certificate and degrees\",\"description\":\"Buy a diploma online, certificates, degrees\",\"potentialAction\":[{\"@type\":\"SearchAction\",\"target\":{\"@type\":\"EntryPoint\",\"urlTemplate\":\"https:\\\/\\\/buydiplomashop.com\\\/?s={search_term_string}\"},\"query-input\":{\"@type\":\"PropertyValueSpecification\",\"valueRequired\":true,\"valueName\":\"search_term_string\"}}],\"inLanguage\":\"pl-PL\"}]}<\/script>\n<!-- \/ Yoast SEO plugin. -->","yoast_head_json":{"title":"Kup dyplom online - Kup dyplom, certyfikat i stopnie naukowe","description":"Kup dyplom online. Kup oficjalnie fa\u0142szywy, autentyczny dyplom uko\u0144czenia studi\u00f3w za po\u015brednictwem ciemnej sieci Telegram. Wiele recenzji i do\u015bwiadcze\u0144.","robots":{"index":"index","follow":"follow","max-snippet":"max-snippet:-1","max-image-preview":"max-image-preview:large","max-video-preview":"max-video-preview:-1"},"canonical":"https:\/\/buydiplomashop.com\/pl\/","og_locale":"pl_PL","og_type":"article","og_title":"Buy diploma online - Buy a diploma, certificate and degrees","og_description":"Buy a diploma online. Buy an officially fake, authentic degree certificate diploma via the dark web Telegram. Many reviews and experiences.","og_url":"https:\/\/buydiplomashop.com\/pl\/","og_site_name":"Buy a diploma, certificate and degrees","article_modified_time":"2025-03-24T20:48:11+00:00","og_image":[{"width":980,"height":980,"url":"https:\/\/buydiplomashop.com\/wp-content\/uploads\/2025\/03\/diploma-kopen-vca-hbo-mbo-bachelor-duo-belgie-nederland.jpg","type":"image\/jpeg"}],"twitter_card":"summary_large_image","twitter_misc":{"Szacowany czas czytania":"3 minuty"},"schema":{"@context":"https:\/\/schema.org","@graph":[{"@type":"WebPage","@id":"https:\/\/buydiplomashop.com\/","url":"https:\/\/buydiplomashop.com\/","name":"Kup dyplom online - Kup dyplom, certyfikat i stopnie naukowe","isPartOf":{"@id":"https:\/\/buydiplomashop.com\/#website"},"primaryImageOfPage":{"@id":"https:\/\/buydiplomashop.com\/#primaryimage"},"image":{"@id":"https:\/\/buydiplomashop.com\/#primaryimage"},"thumbnailUrl":"https:\/\/buydiplomashop.com\/wp-content\/uploads\/2025\/03\/diploma-kopen-vca-hbo-mbo-bachelor-duo-belgie-nederland.jpg","datePublished":"2025-03-24T20:04:24+00:00","dateModified":"2025-03-24T20:48:11+00:00","description":"Kup dyplom online. Kup oficjalnie fa\u0142szywy, autentyczny dyplom uko\u0144czenia studi\u00f3w za po\u015brednictwem ciemnej sieci Telegram. Wiele recenzji i do\u015bwiadcze\u0144.","breadcrumb":{"@id":"https:\/\/buydiplomashop.com\/#breadcrumb"},"inLanguage":"pl-PL","potentialAction":[{"@type":"ReadAction","target":["https:\/\/buydiplomashop.com\/"]}]},{"@type":"ImageObject","inLanguage":"pl-PL","@id":"https:\/\/buydiplomashop.com\/#primaryimage","url":"https:\/\/buydiplomashop.com\/wp-content\/uploads\/2025\/03\/diploma-kopen-vca-hbo-mbo-bachelor-duo-belgie-nederland.jpg","contentUrl":"https:\/\/buydiplomashop.com\/wp-content\/uploads\/2025\/03\/diploma-kopen-vca-hbo-mbo-bachelor-duo-belgie-nederland.jpg"},{"@type":"BreadcrumbList","@id":"https:\/\/buydiplomashop.com\/#breadcrumb","itemListElement":[{"@type":"ListItem","position":1,"name":"Home","item":"https:\/\/buydiplomashop.com\/"},{"@type":"ListItem","position":2,"name":"Buy diploma online"}]},{"@type":"WebSite","@id":"https:\/\/buydiplomashop.com\/#website","url":"https:\/\/buydiplomashop.com\/","name":"Kup dyplom, certyfikat i stopnie naukowe","description":"Kup dyplom online, certyfikaty, stopnie naukowe","potentialAction":[{"@type":"SearchAction","target":{"@type":"EntryPoint","urlTemplate":"https:\/\/buydiplomashop.com\/?s={search_term_string}"},"query-input":{"@type":"PropertyValueSpecification","valueRequired":true,"valueName":"search_term_string"}}],"inLanguage":"pl-PL"}]}},"_links":{"self":[{"href":"https:\/\/buydiplomashop.com\/pl\/wp-json\/wp\/v2\/pages\/52","targetHints":{"allow":["GET"]}}],"collection":[{"href":"https:\/\/buydiplomashop.com\/pl\/wp-json\/wp\/v2\/pages"}],"about":[{"href":"https:\/\/buydiplomashop.com\/pl\/wp-json\/wp\/v2\/types\/page"}],"author":[{"embeddable":true,"href":"https:\/\/buydiplomashop.com\/pl\/wp-json\/wp\/v2\/users\/1"}],"replies":[{"embeddable":true,"href":"https:\/\/buydiplomashop.com\/pl\/wp-json\/wp\/v2\/comments?post=52"}],"version-history":[{"count":19,"href":"https:\/\/buydiplomashop.com\/pl\/wp-json\/wp\/v2\/pages\/52\/revisions"}],"predecessor-version":[{"id":93,"href":"https:\/\/buydiplomashop.com\/pl\/wp-json\/wp\/v2\/pages\/52\/revisions\/93"}],"wp:attachment":[{"href":"https:\/\/buydiplomashop.com\/pl\/wp-json\/wp\/v2\/media?parent=52"}],"curies":[{"name":"wp","href":"https:\/\/api.w.org\/{rel}","templated":true}]}}