{"id":52,"date":"2025-03-24T20:04:24","date_gmt":"2025-03-24T20:04:24","guid":{"rendered":"https:\/\/buydiplomashop.com\/?page_id=52"},"modified":"2025-03-24T20:48:11","modified_gmt":"2025-03-24T20:48:11","slug":"buy-diploma-online","status":"publish","type":"page","link":"https:\/\/buydiplomashop.com\/nb\/","title":{"rendered":"Kj\u00f8p vitnem\u00e5l p\u00e5 nett"},"content":{"rendered":"<h1 class=\"wp-block-heading\">Kj\u00f8p falske vitnem\u00e5l, sertifikater og grader av h\u00f8y kvalitet. Autentisk, offisiell og rask.<\/h1>\n\n\n\n<p>Vil du kj\u00f8pe et vitnem\u00e5l? Den beste m\u00e5ten \u00e5 bestille et diplom, sertifikat eller grad p\u00e5 er gjennom oss. Vi har de beste designene, utviklet gjennom mange \u00e5rs erfaring og et h\u00f8yt kompetanseniv\u00e5. Designene er basert p\u00e5 din \u00f8nskede skole, universitet, h\u00f8yskole eller lignende. Velg et av v\u00e5re vitnem\u00e5l, vitnem\u00e5lsutskrifter eller pakkel\u00f8sninger for \u00e5 komme i gang! <a href=\"https:\/\/buydiplomashop.com\/nb\/\">www.buydiplomashop.com<\/a>Teamet v\u00e5rt st\u00e5r klar til \u00e5 hjelpe deg dag og natt.<\/p>\n\n\n\n<p>Kj\u00f8pe et vitnem\u00e5l p\u00e5 nett? Er det mulig? Du kan kj\u00f8pe et vitnem\u00e5l 24\/7. Svaret p\u00e5 dette er \"ja\". I dag kan du kj\u00f8pe vitnem\u00e5l p\u00e5 nettet, og i noen tilfeller til og med f\u00e5 det registrert. Flere land er blant alternativene.<\/p>\n\n\n\n<figure class=\"wp-block-pullquote\"><blockquote><p>Vil du ha mer informasjon? Slutt \u00e5 n\u00f8le. Klikk p\u00e5 <a href=\"https:\/\/buydiplomashop.com\/nb\/kontakt\/\">kontakt<\/a> eller send en e-post direkte til:<\/p><cite><strong>Buydiplomashop@pm.me<\/strong><\/cite><\/blockquote><\/figure>\n\n\n\n<figure class=\"wp-block-image size-full is-resized\"><img loading=\"lazy\" decoding=\"async\" width=\"980\" height=\"980\" src=\"https:\/\/buydiplomashop.com\/wp-content\/uploads\/2025\/03\/diploma-kopen-vca-hbo-mbo-bachelor-duo-belgie-nederland.jpg\" alt=\"kj\u00f8pe diplom\" class=\"wp-image-78\" style=\"width:531px;height:auto\" srcset=\"https:\/\/buydiplomashop.com\/wp-content\/uploads\/2025\/03\/diploma-kopen-vca-hbo-mbo-bachelor-duo-belgie-nederland.jpg 980w, https:\/\/buydiplomashop.com\/wp-content\/uploads\/2025\/03\/diploma-kopen-vca-hbo-mbo-bachelor-duo-belgie-nederland-300x300.jpg 300w, https:\/\/buydiplomashop.com\/wp-content\/uploads\/2025\/03\/diploma-kopen-vca-hbo-mbo-bachelor-duo-belgie-nederland-150x150.jpg 150w, https:\/\/buydiplomashop.com\/wp-content\/uploads\/2025\/03\/diploma-kopen-vca-hbo-mbo-bachelor-duo-belgie-nederland-768x768.jpg 768w, https:\/\/buydiplomashop.com\/wp-content\/uploads\/2025\/03\/diploma-kopen-vca-hbo-mbo-bachelor-duo-belgie-nederland-12x12.jpg 12w\" sizes=\"auto, (max-width: 980px) 100vw, 980px\" \/><\/figure>\n\n\n\n<h2 class=\"wp-block-heading\">Hvorfor ser vitnem\u00e5lene v\u00e5re s\u00e5 realistiske ut?<\/h2>\n\n\n\n<p>Takket v\u00e6re mer enn 20 \u00e5rs erfaring har vi samlet et stort antall akademiske dokumenter for \u00e5 sikre at du f\u00e5r det mest realistiske falske vitnem\u00e5let og karakterutskriften fra din \u00f8nskede skole.<\/p>\n\n\n\n<ul class=\"wp-block-list\">\n<li>Vi matcher skolens navn, elevopplysninger, eksamensdato og realistiske signaturer er inkludert uten ekstra kostnad!<\/li>\n\n\n\n<li>Vi vil ogs\u00e5 lage en karakterliste hvis det er aktuelt<\/li>\n\n\n\n<li>Vi tilbyr en liste over standard eller tilpassede kurs p\u00e5 karakterlisten din<\/li>\n\n\n\n<li>Vi har opph\u00f8yde, pregede, flate blekkforseglinger, emblemer og logoer av h\u00f8y kvalitet.<\/li>\n\n\n\n<li>Hver utskrift inneholder segl, emblemer, logoer og v\u00e5penskjold i farger som er spesifikke for skolen du ble uteksaminert fra.<\/li>\n\n\n\n<li>Alle diplomer trykkes p\u00e5 kraftig pergamentpapir.<\/li>\n\n\n\n<li>Vi bruker <a href=\"https:\/\/www.ologrammi.com\/en\/holograms-for-courses-certificates\">hologrammer<\/a> for \u00e5 bekrefte originaliteten av transkripsjonen din.<\/li>\n\n\n\n<li>Et preget \"Registrar\"-segl og underskrift av registratoren er et tilgjengelig alternativ!<\/li>\n\n\n\n<li>Vi tilbyr pr\u00f8vetrykk f\u00f8r trykking og e-post med det ferdige produktet i PDF-filer av h\u00f8y kvalitet.<\/li>\n<\/ul>\n\n\n\n<p>Klikk p\u00e5 <a href=\"https:\/\/buydiplomashop.com\/nb\/kontakt\/\">kontakt<\/a> og sp\u00f8r oss om mulighetene.<\/p>\n\n\n\n<figure class=\"wp-block-image size-full is-resized\"><img loading=\"lazy\" decoding=\"async\" width=\"980\" height=\"980\" src=\"https:\/\/buydiplomashop.com\/wp-content\/uploads\/2025\/03\/diploma-kopen.jpg\" alt=\"Kj\u00f8p offisielt autentisk falskt vitnem\u00e5l, sertifikat eller grad\" class=\"wp-image-80\" style=\"width:470px;height:auto\" srcset=\"https:\/\/buydiplomashop.com\/wp-content\/uploads\/2025\/03\/diploma-kopen.jpg 980w, https:\/\/buydiplomashop.com\/wp-content\/uploads\/2025\/03\/diploma-kopen-300x300.jpg 300w, https:\/\/buydiplomashop.com\/wp-content\/uploads\/2025\/03\/diploma-kopen-150x150.jpg 150w, https:\/\/buydiplomashop.com\/wp-content\/uploads\/2025\/03\/diploma-kopen-768x768.jpg 768w, https:\/\/buydiplomashop.com\/wp-content\/uploads\/2025\/03\/diploma-kopen-12x12.jpg 12w\" sizes=\"auto, (max-width: 980px) 100vw, 980px\" \/><\/figure>\n\n\n\n<h3 class=\"wp-block-heading\">Hvorfor kj\u00f8pe et vitnem\u00e5l fra www.buydiplomashop.com, den st\u00f8rste leverand\u00f8ren?<\/h3>\n\n\n\n<p>Vi sjekker jevnlig vitnem\u00e5l og sertifikater fra v\u00e5re konkurrenter. Dessverre er kvaliteten fra andre leverand\u00f8rer betydelig lavere. De tilbyr dokumenter uten vannmerke og av mye d\u00e5rligere kvalitet enn det vi kan produsere.<\/p>\n\n\n\n<p>Du kan kj\u00f8pe vitnem\u00e5l fra mange forskjellige land hos oss. Det finnes flere alternativer avhengig av dine \u00f8nsker. Gi oss beskjed om hva du trenger, s\u00e5 ordner vi det!<\/p>\n\n\n\n<p>Tidligere kunne du kj\u00f8pe et autentisk offisielt vitnem\u00e5l, grad og sertifikat fra oss via det m\u00f8rke nettet eller Telegram. Vi er fortsatt aktive p\u00e5 nettet!<\/p>\n\n\n\n<figure class=\"wp-block-image size-large is-resized\"><img loading=\"lazy\" decoding=\"async\" width=\"1024\" height=\"1024\" src=\"https:\/\/buydiplomashop.com\/wp-content\/uploads\/2025\/03\/diploma-kopen-telegram-darkweb-1024x1024.png\" alt=\"kj\u00f8p diplom telegram m\u00f8rkt nett\" class=\"wp-image-77\" style=\"width:517px;height:auto\" srcset=\"https:\/\/buydiplomashop.com\/wp-content\/uploads\/2025\/03\/diploma-kopen-telegram-darkweb-1024x1024.png 1024w, https:\/\/buydiplomashop.com\/wp-content\/uploads\/2025\/03\/diploma-kopen-telegram-darkweb-300x300.png 300w, https:\/\/buydiplomashop.com\/wp-content\/uploads\/2025\/03\/diploma-kopen-telegram-darkweb-150x150.png 150w, https:\/\/buydiplomashop.com\/wp-content\/uploads\/2025\/03\/diploma-kopen-telegram-darkweb-768x768.png 768w, https:\/\/buydiplomashop.com\/wp-content\/uploads\/2025\/03\/diploma-kopen-telegram-darkweb-1536x1536.png 1536w, https:\/\/buydiplomashop.com\/wp-content\/uploads\/2025\/03\/diploma-kopen-telegram-darkweb-2048x2048.png 2048w, https:\/\/buydiplomashop.com\/wp-content\/uploads\/2025\/03\/diploma-kopen-telegram-darkweb-12x12.png 12w\" sizes=\"auto, (max-width: 1024px) 100vw, 1024px\" \/><\/figure>\n\n\n\n<p>Vi har mange \u00e5rs erfaring med kunder som \u00f8nsket \u00e5 kj\u00f8pe et vitnem\u00e5l online. Vi aksepterer fortsatt oppdrag, s\u00e5 slutt \u00e5 n\u00f8le og kontakt oss. Hvis det haster, vennligst gi oss beskjed slik at vi kan ta hensyn til det.<\/p>\n\n\n\n<p>Vi jobber helt uforpliktende, du som kunde er kongen. Vi h\u00e5ndterer dataene dine med den st\u00f8rste forsiktighet og lagrer s\u00e5 lite som mulig. Det som m\u00e5 lagres, slettes permanent etter at oppdraget er fullf\u00f8rt.<\/p>\n\n\n\n<figure class=\"wp-block-image size-full\"><img loading=\"lazy\" decoding=\"async\" width=\"200\" height=\"200\" src=\"https:\/\/buydiplomashop.com\/wp-content\/uploads\/2025\/03\/diploma-kopen-ervaringen-reviews.jpg\" alt=\"kj\u00f8p autentiske diplomopplevelser anmeldelser\" class=\"wp-image-76\" srcset=\"https:\/\/buydiplomashop.com\/wp-content\/uploads\/2025\/03\/diploma-kopen-ervaringen-reviews.jpg 200w, https:\/\/buydiplomashop.com\/wp-content\/uploads\/2025\/03\/diploma-kopen-ervaringen-reviews-150x150.jpg 150w, https:\/\/buydiplomashop.com\/wp-content\/uploads\/2025\/03\/diploma-kopen-ervaringen-reviews-12x12.jpg 12w\" sizes=\"auto, (max-width: 200px) 100vw, 200px\" \/><\/figure>","protected":false},"excerpt":{"rendered":"<p>Kj\u00f8p falske vitnem\u00e5l, sertifikater og grader av h\u00f8y kvalitet. Autentisk, offisiell og rask. Vil du kj\u00f8pe et vitnem\u00e5l? Den beste m\u00e5ten \u00e5 bestille et vitnem\u00e5l, sertifikat eller grad er gjennom oss. Vi har de beste designene, utviklet gjennom mange \u00e5rs erfaring og et h\u00f8yt kompetanseniv\u00e5. Designene er basert p\u00e5 \u00f8nsket skole, universitet, h\u00f8yskole ...&nbsp;<a href=\"https:\/\/buydiplomashop.com\/nb\/\" rel=\"bookmark\"><span class=\"screen-reader-text\">Kj\u00f8p vitnem\u00e5l p\u00e5 nett<\/span><\/a><\/p>","protected":false},"author":1,"featured_media":0,"parent":0,"menu_order":0,"comment_status":"closed","ping_status":"closed","template":"","meta":{"neve_meta_sidebar":"","neve_meta_container":"","neve_meta_enable_content_width":"","neve_meta_content_width":0,"neve_meta_title_alignment":"","neve_meta_author_avatar":"","neve_post_elements_order":"","neve_meta_disable_header":"","neve_meta_disable_footer":"","neve_meta_disable_title":"","footnotes":""},"class_list":["post-52","page","type-page","status-publish","hentry"],"yoast_head":"<!-- This site is optimized with the Yoast SEO plugin v27.5 - https:\/\/yoast.com\/product\/yoast-seo-wordpress\/ -->\n<title>Buy diploma online - Buy a diploma, certificate and degrees<\/title>\n<meta name=\"description\" content=\"Buy a diploma online. Buy an officially fake, authentic degree certificate diploma via the dark web Telegram. Many reviews and experiences.\" \/>\n<meta name=\"robots\" content=\"index, follow, max-snippet:-1, max-image-preview:large, max-video-preview:-1\" \/>\n<link rel=\"canonical\" href=\"https:\/\/buydiplomashop.com\/nb\/\" \/>\n<meta property=\"og:locale\" content=\"nb_NO\" \/>\n<meta property=\"og:type\" content=\"article\" \/>\n<meta property=\"og:title\" content=\"Buy diploma online - Buy a diploma, certificate and degrees\" \/>\n<meta property=\"og:description\" content=\"Buy a diploma online. Buy an officially fake, authentic degree certificate diploma via the dark web Telegram. Many reviews and experiences.\" \/>\n<meta property=\"og:url\" content=\"https:\/\/buydiplomashop.com\/nb\/\" \/>\n<meta property=\"og:site_name\" content=\"Buy a diploma, certificate and degrees\" \/>\n<meta property=\"article:modified_time\" content=\"2025-03-24T20:48:11+00:00\" \/>\n<meta property=\"og:image\" content=\"https:\/\/buydiplomashop.com\/wp-content\/uploads\/2025\/03\/diploma-kopen-vca-hbo-mbo-bachelor-duo-belgie-nederland.jpg\" \/>\n\t<meta property=\"og:image:width\" content=\"980\" \/>\n\t<meta property=\"og:image:height\" content=\"980\" \/>\n\t<meta property=\"og:image:type\" content=\"image\/jpeg\" \/>\n<meta name=\"twitter:card\" content=\"summary_large_image\" \/>\n<meta name=\"twitter:label1\" content=\"Ansl. lesetid\" \/>\n\t<meta name=\"twitter:data1\" content=\"3 minutter\" \/>\n<script type=\"application\/ld+json\" class=\"yoast-schema-graph\">{\"@context\":\"https:\\\/\\\/schema.org\",\"@graph\":[{\"@type\":\"WebPage\",\"@id\":\"https:\\\/\\\/buydiplomashop.com\\\/\",\"url\":\"https:\\\/\\\/buydiplomashop.com\\\/\",\"name\":\"Buy diploma online - Buy a diploma, certificate and degrees\",\"isPartOf\":{\"@id\":\"https:\\\/\\\/buydiplomashop.com\\\/#website\"},\"primaryImageOfPage\":{\"@id\":\"https:\\\/\\\/buydiplomashop.com\\\/#primaryimage\"},\"image\":{\"@id\":\"https:\\\/\\\/buydiplomashop.com\\\/#primaryimage\"},\"thumbnailUrl\":\"https:\\\/\\\/buydiplomashop.com\\\/wp-content\\\/uploads\\\/2025\\\/03\\\/diploma-kopen-vca-hbo-mbo-bachelor-duo-belgie-nederland.jpg\",\"datePublished\":\"2025-03-24T20:04:24+00:00\",\"dateModified\":\"2025-03-24T20:48:11+00:00\",\"description\":\"Buy a diploma online. Buy an officially fake, authentic degree certificate diploma via the dark web Telegram. Many reviews and experiences.\",\"breadcrumb\":{\"@id\":\"https:\\\/\\\/buydiplomashop.com\\\/#breadcrumb\"},\"inLanguage\":\"nb-NO\",\"potentialAction\":[{\"@type\":\"ReadAction\",\"target\":[\"https:\\\/\\\/buydiplomashop.com\\\/\"]}]},{\"@type\":\"ImageObject\",\"inLanguage\":\"nb-NO\",\"@id\":\"https:\\\/\\\/buydiplomashop.com\\\/#primaryimage\",\"url\":\"https:\\\/\\\/buydiplomashop.com\\\/wp-content\\\/uploads\\\/2025\\\/03\\\/diploma-kopen-vca-hbo-mbo-bachelor-duo-belgie-nederland.jpg\",\"contentUrl\":\"https:\\\/\\\/buydiplomashop.com\\\/wp-content\\\/uploads\\\/2025\\\/03\\\/diploma-kopen-vca-hbo-mbo-bachelor-duo-belgie-nederland.jpg\"},{\"@type\":\"BreadcrumbList\",\"@id\":\"https:\\\/\\\/buydiplomashop.com\\\/#breadcrumb\",\"itemListElement\":[{\"@type\":\"ListItem\",\"position\":1,\"name\":\"Home\",\"item\":\"https:\\\/\\\/buydiplomashop.com\\\/\"},{\"@type\":\"ListItem\",\"position\":2,\"name\":\"Buy diploma online\"}]},{\"@type\":\"WebSite\",\"@id\":\"https:\\\/\\\/buydiplomashop.com\\\/#website\",\"url\":\"https:\\\/\\\/buydiplomashop.com\\\/\",\"name\":\"Buy a diploma, certificate and degrees\",\"description\":\"Buy a diploma online, certificates, degrees\",\"potentialAction\":[{\"@type\":\"SearchAction\",\"target\":{\"@type\":\"EntryPoint\",\"urlTemplate\":\"https:\\\/\\\/buydiplomashop.com\\\/?s={search_term_string}\"},\"query-input\":{\"@type\":\"PropertyValueSpecification\",\"valueRequired\":true,\"valueName\":\"search_term_string\"}}],\"inLanguage\":\"nb-NO\"}]}<\/script>\n<!-- \/ Yoast SEO plugin. -->","yoast_head_json":{"title":"Kj\u00f8p vitnem\u00e5l online - Kj\u00f8p vitnem\u00e5l, sertifikat og grader","description":"Kj\u00f8p et vitnem\u00e5l online. Kj\u00f8p et offisielt falskt, autentisk vitnem\u00e5l via det m\u00f8rke nettet Telegram. Mange anmeldelser og erfaringer.","robots":{"index":"index","follow":"follow","max-snippet":"max-snippet:-1","max-image-preview":"max-image-preview:large","max-video-preview":"max-video-preview:-1"},"canonical":"https:\/\/buydiplomashop.com\/nb\/","og_locale":"nb_NO","og_type":"article","og_title":"Buy diploma online - Buy a diploma, certificate and degrees","og_description":"Buy a diploma online. Buy an officially fake, authentic degree certificate diploma via the dark web Telegram. Many reviews and experiences.","og_url":"https:\/\/buydiplomashop.com\/nb\/","og_site_name":"Buy a diploma, certificate and degrees","article_modified_time":"2025-03-24T20:48:11+00:00","og_image":[{"width":980,"height":980,"url":"https:\/\/buydiplomashop.com\/wp-content\/uploads\/2025\/03\/diploma-kopen-vca-hbo-mbo-bachelor-duo-belgie-nederland.jpg","type":"image\/jpeg"}],"twitter_card":"summary_large_image","twitter_misc":{"Ansl. lesetid":"3 minutter"},"schema":{"@context":"https:\/\/schema.org","@graph":[{"@type":"WebPage","@id":"https:\/\/buydiplomashop.com\/","url":"https:\/\/buydiplomashop.com\/","name":"Kj\u00f8p vitnem\u00e5l online - Kj\u00f8p vitnem\u00e5l, sertifikat og grader","isPartOf":{"@id":"https:\/\/buydiplomashop.com\/#website"},"primaryImageOfPage":{"@id":"https:\/\/buydiplomashop.com\/#primaryimage"},"image":{"@id":"https:\/\/buydiplomashop.com\/#primaryimage"},"thumbnailUrl":"https:\/\/buydiplomashop.com\/wp-content\/uploads\/2025\/03\/diploma-kopen-vca-hbo-mbo-bachelor-duo-belgie-nederland.jpg","datePublished":"2025-03-24T20:04:24+00:00","dateModified":"2025-03-24T20:48:11+00:00","description":"Kj\u00f8p et vitnem\u00e5l online. Kj\u00f8p et offisielt falskt, autentisk vitnem\u00e5l via det m\u00f8rke nettet Telegram. Mange anmeldelser og erfaringer.","breadcrumb":{"@id":"https:\/\/buydiplomashop.com\/#breadcrumb"},"inLanguage":"nb-NO","potentialAction":[{"@type":"ReadAction","target":["https:\/\/buydiplomashop.com\/"]}]},{"@type":"ImageObject","inLanguage":"nb-NO","@id":"https:\/\/buydiplomashop.com\/#primaryimage","url":"https:\/\/buydiplomashop.com\/wp-content\/uploads\/2025\/03\/diploma-kopen-vca-hbo-mbo-bachelor-duo-belgie-nederland.jpg","contentUrl":"https:\/\/buydiplomashop.com\/wp-content\/uploads\/2025\/03\/diploma-kopen-vca-hbo-mbo-bachelor-duo-belgie-nederland.jpg"},{"@type":"BreadcrumbList","@id":"https:\/\/buydiplomashop.com\/#breadcrumb","itemListElement":[{"@type":"ListItem","position":1,"name":"Home","item":"https:\/\/buydiplomashop.com\/"},{"@type":"ListItem","position":2,"name":"Buy diploma online"}]},{"@type":"WebSite","@id":"https:\/\/buydiplomashop.com\/#website","url":"https:\/\/buydiplomashop.com\/","name":"Kj\u00f8p vitnem\u00e5l, sertifikater og grader","description":"Kj\u00f8p et vitnem\u00e5l p\u00e5 nettet, sertifikater, grader","potentialAction":[{"@type":"SearchAction","target":{"@type":"EntryPoint","urlTemplate":"https:\/\/buydiplomashop.com\/?s={search_term_string}"},"query-input":{"@type":"PropertyValueSpecification","valueRequired":true,"valueName":"search_term_string"}}],"inLanguage":"nb-NO"}]}},"_links":{"self":[{"href":"https:\/\/buydiplomashop.com\/nb\/wp-json\/wp\/v2\/pages\/52","targetHints":{"allow":["GET"]}}],"collection":[{"href":"https:\/\/buydiplomashop.com\/nb\/wp-json\/wp\/v2\/pages"}],"about":[{"href":"https:\/\/buydiplomashop.com\/nb\/wp-json\/wp\/v2\/types\/page"}],"author":[{"embeddable":true,"href":"https:\/\/buydiplomashop.com\/nb\/wp-json\/wp\/v2\/users\/1"}],"replies":[{"embeddable":true,"href":"https:\/\/buydiplomashop.com\/nb\/wp-json\/wp\/v2\/comments?post=52"}],"version-history":[{"count":19,"href":"https:\/\/buydiplomashop.com\/nb\/wp-json\/wp\/v2\/pages\/52\/revisions"}],"predecessor-version":[{"id":93,"href":"https:\/\/buydiplomashop.com\/nb\/wp-json\/wp\/v2\/pages\/52\/revisions\/93"}],"wp:attachment":[{"href":"https:\/\/buydiplomashop.com\/nb\/wp-json\/wp\/v2\/media?parent=52"}],"curies":[{"name":"wp","href":"https:\/\/api.w.org\/{rel}","templated":true}]}}