{"id":52,"date":"2025-03-24T20:04:24","date_gmt":"2025-03-24T20:04:24","guid":{"rendered":"https:\/\/buydiplomashop.com\/?page_id=52"},"modified":"2025-03-24T20:48:11","modified_gmt":"2025-03-24T20:48:11","slug":"buy-diploma-online","status":"publish","type":"page","link":"https:\/\/buydiplomashop.com\/lt\/","title":{"rendered":"Pirkti diplom\u0105 internetu"},"content":{"rendered":"<h1 class=\"wp-block-heading\">Pirkite auk\u0161tos kokyb\u0117s netikrus diplomus, sertifikatus ir laipsnius. Autenti\u0161ki, oficial\u016bs ir greiti.<\/h1>\n\n\n\n<p>Norite \u012fsigyti diplom\u0105? Geriausias b\u016bdas u\u017esisakyti diplom\u0105, pa\u017eym\u0117jim\u0105 ar laipsn\u012f - per mus. Turime geriausius dizainus, sukurtus per ilgamet\u0119 patirt\u012f ir auk\u0161t\u0105 kompetencijos lyg\u012f. Dizainai kuriami pagal j\u016bs\u0173 norim\u0105 mokykl\u0105, universitet\u0105, koled\u017e\u0105 ar pan. Pasirinkite vien\u0105 i\u0161 m\u016bs\u0173 diplom\u0173, pa\u017eym\u0173 ar komplektini\u0173 paket\u0173 ir prad\u0117kite! <a href=\"https:\/\/buydiplomashop.com\/lt\/\">www.buydiplomashop.com<\/a>\"komanda yra pasirengusi jums pad\u0117ti dien\u0105 ir nakt\u012f.<\/p>\n\n\n\n<p>Pirkti diplom\u0105 internetu? Ar tai \u012fmanoma? Diplom\u0105 galite nusipirkti 24 valandas per par\u0105, 7 dienas per savait\u0119. Atsakymas \u012f \u0161\u012f klausim\u0105 yra \"taip\". \u0160iuo metu diplom\u0105 galite nusipirkti internetu, o kai kuriais atvejais net j\u012f u\u017eregistruoti. Tarp \u0161i\u0173 galimybi\u0173 yra keletas \u0161ali\u0173.<\/p>\n\n\n\n<figure class=\"wp-block-pullquote\"><blockquote><p>Norite gauti daugiau informacijos? Nustokite dvejoti. Spustel\u0117kite <a href=\"https:\/\/buydiplomashop.com\/lt\/susisiekite-su\/\">Susisiekite su<\/a> arba si\u0173skite el. lai\u0161k\u0105 tiesiogiai adresu:<\/p><cite><strong>Buydiplomashop@pm.me<\/strong><\/cite><\/blockquote><\/figure>\n\n\n\n<figure class=\"wp-block-image size-full is-resized\"><img loading=\"lazy\" decoding=\"async\" width=\"980\" height=\"980\" src=\"https:\/\/buydiplomashop.com\/wp-content\/uploads\/2025\/03\/diploma-kopen-vca-hbo-mbo-bachelor-duo-belgie-nederland.jpg\" alt=\"pirkti diplom\u0105\" class=\"wp-image-78\" style=\"width:531px;height:auto\" srcset=\"https:\/\/buydiplomashop.com\/wp-content\/uploads\/2025\/03\/diploma-kopen-vca-hbo-mbo-bachelor-duo-belgie-nederland.jpg 980w, https:\/\/buydiplomashop.com\/wp-content\/uploads\/2025\/03\/diploma-kopen-vca-hbo-mbo-bachelor-duo-belgie-nederland-300x300.jpg 300w, https:\/\/buydiplomashop.com\/wp-content\/uploads\/2025\/03\/diploma-kopen-vca-hbo-mbo-bachelor-duo-belgie-nederland-150x150.jpg 150w, https:\/\/buydiplomashop.com\/wp-content\/uploads\/2025\/03\/diploma-kopen-vca-hbo-mbo-bachelor-duo-belgie-nederland-768x768.jpg 768w, https:\/\/buydiplomashop.com\/wp-content\/uploads\/2025\/03\/diploma-kopen-vca-hbo-mbo-bachelor-duo-belgie-nederland-12x12.jpg 12w\" sizes=\"auto, (max-width: 980px) 100vw, 980px\" \/><\/figure>\n\n\n\n<h2 class=\"wp-block-heading\">Kod\u0117l m\u016bs\u0173 diplomai atrodo tokie tikrovi\u0161ki?<\/h2>\n\n\n\n<p>D\u0117l daugiau nei 20 met\u0173 patirties surinkome daugyb\u0119 akademini\u0173 dokument\u0173, kad u\u017etikrintume, jog gausite tikrovi\u0161kiausi\u0105 norimos mokyklos diplomo ir i\u0161ra\u0161o klastot\u0119.<\/p>\n\n\n\n<ul class=\"wp-block-list\">\n<li>Mes suderiname j\u016bs\u0173 mokyklos pavadinim\u0105, mokinio duomenis, i\u0161leistuvi\u0173 dat\u0105 ir tikrovi\u0161kus para\u0161us be joki\u0173 papildom\u0173 i\u0161laid\u0173!<\/li>\n\n\n\n<li>Jei reikia, taip pat sudarysime pa\u017eymi\u0173 s\u0105ra\u0161\u0105.<\/li>\n\n\n\n<li>Pateikiame standartini\u0173 arba pritaikyt\u0173 kurs\u0173 s\u0105ra\u0161\u0105 j\u016bs\u0173 klasi\u0173 s\u0105ra\u0161e.<\/li>\n\n\n\n<li>Turime reljefini\u0173, reljefini\u0173, auk\u0161tos kokyb\u0117s plok\u0161\u010di\u0173 ra\u0161alo antspaud\u0173, emblem\u0173 ir logotip\u0173.<\/li>\n\n\n\n<li>Kiekviename nuora\u0161e yra spalvoti antspaudai, emblemos, logotipai ir herbai, b\u016bdingi mokyklai, kuri\u0105 baig\u0117te.<\/li>\n\n\n\n<li>Visi diplomai spausdinami ant sunkaus pergamentinio popieriaus.<\/li>\n\n\n\n<li>Mes naudojame <a href=\"https:\/\/www.ologrammi.com\/en\/holograms-for-courses-certificates\">hologramos<\/a> patikrinti j\u016bs\u0173 nuora\u0161o originalum\u0105.<\/li>\n\n\n\n<li>Galima pasirinkti \u012fspaust\u0105 \"Registratoriaus\" antspaud\u0105 ir registratoriaus para\u0161\u0105!<\/li>\n\n\n\n<li>Si\u016blome bandom\u0105sias kopijas prie\u0161 spausdinim\u0105 ir el. lai\u0161kus su galutiniu produktu auk\u0161tos kokyb\u0117s PDF failuose.<\/li>\n<\/ul>\n\n\n\n<p>Spustel\u0117kite <a href=\"https:\/\/buydiplomashop.com\/lt\/susisiekite-su\/\">Susisiekite su<\/a> ir pasiteiraukite apie galimybes.<\/p>\n\n\n\n<figure class=\"wp-block-image size-full is-resized\"><img loading=\"lazy\" decoding=\"async\" width=\"980\" height=\"980\" src=\"https:\/\/buydiplomashop.com\/wp-content\/uploads\/2025\/03\/diploma-kopen.jpg\" alt=\"Pirkti oficial\u0173 autenti\u0161k\u0105 suklastot\u0105 diplom\u0105, sertifikat\u0105 ar laipsn\u012f\" class=\"wp-image-80\" style=\"width:470px;height:auto\" srcset=\"https:\/\/buydiplomashop.com\/wp-content\/uploads\/2025\/03\/diploma-kopen.jpg 980w, https:\/\/buydiplomashop.com\/wp-content\/uploads\/2025\/03\/diploma-kopen-300x300.jpg 300w, https:\/\/buydiplomashop.com\/wp-content\/uploads\/2025\/03\/diploma-kopen-150x150.jpg 150w, https:\/\/buydiplomashop.com\/wp-content\/uploads\/2025\/03\/diploma-kopen-768x768.jpg 768w, https:\/\/buydiplomashop.com\/wp-content\/uploads\/2025\/03\/diploma-kopen-12x12.jpg 12w\" sizes=\"auto, (max-width: 980px) 100vw, 980px\" \/><\/figure>\n\n\n\n<h3 class=\"wp-block-heading\">Kod\u0117l verta pirkti diplom\u0105 i\u0161 www.buydiplomashop.com, pirmojo tiek\u0117jo?<\/h3>\n\n\n\n<p>Reguliariai tikriname konkurent\u0173 diplomus ir sertifikatus. Deja, kit\u0173 paslaug\u0173 teik\u0117j\u0173 kokyb\u0117 yra gerokai prastesn\u0117. Jie si\u016blo dokumentus be vandens \u017eenkl\u0173 ir daug prastesn\u0117s kokyb\u0117s, nei galime pagaminti mes.<\/p>\n\n\n\n<p>Pas mus galite \u012fsigyti diplom\u0105 i\u0161 daugelio \u0161ali\u0173. Priklausomai nuo j\u016bs\u0173 pageidavim\u0173, galite rinktis i\u0161 keli\u0173 variant\u0173. Prane\u0161kite mums, ko jums reikia, ir mes pasir\u016bpinsime!<\/p>\n\n\n\n<p>Anks\u010diau autenti\u0161k\u0105 oficial\u0173 diplom\u0105, laipsn\u012f ir sertifikat\u0105 i\u0161 m\u016bs\u0173 gal\u0117jote \u012fsigyti per tams\u0173j\u012f internet\u0105 arba \"Telegram\". Mes vis dar aktyviai veikiame internete!<\/p>\n\n\n\n<figure class=\"wp-block-image size-large is-resized\"><img loading=\"lazy\" decoding=\"async\" width=\"1024\" height=\"1024\" src=\"https:\/\/buydiplomashop.com\/wp-content\/uploads\/2025\/03\/diploma-kopen-telegram-darkweb-1024x1024.png\" alt=\"pirkti diplomas telegramos tamsaus interneto\" class=\"wp-image-77\" style=\"width:517px;height:auto\" srcset=\"https:\/\/buydiplomashop.com\/wp-content\/uploads\/2025\/03\/diploma-kopen-telegram-darkweb-1024x1024.png 1024w, https:\/\/buydiplomashop.com\/wp-content\/uploads\/2025\/03\/diploma-kopen-telegram-darkweb-300x300.png 300w, https:\/\/buydiplomashop.com\/wp-content\/uploads\/2025\/03\/diploma-kopen-telegram-darkweb-150x150.png 150w, https:\/\/buydiplomashop.com\/wp-content\/uploads\/2025\/03\/diploma-kopen-telegram-darkweb-768x768.png 768w, https:\/\/buydiplomashop.com\/wp-content\/uploads\/2025\/03\/diploma-kopen-telegram-darkweb-1536x1536.png 1536w, https:\/\/buydiplomashop.com\/wp-content\/uploads\/2025\/03\/diploma-kopen-telegram-darkweb-2048x2048.png 2048w, https:\/\/buydiplomashop.com\/wp-content\/uploads\/2025\/03\/diploma-kopen-telegram-darkweb-12x12.png 12w\" sizes=\"auto, (max-width: 1024px) 100vw, 1024px\" \/><\/figure>\n\n\n\n<p>Turime ilgamet\u0117s patirties su klientais, kurie nor\u0117jo \u012fsigyti diplom\u0105 internetu. Mes vis dar priimame u\u017eduotis, tod\u0117l nustokite dvejoti ir susisiekite su mumis. Jei u\u017eduotis skubi, prane\u0161kite mums, kad gal\u0117tume \u012f j\u0105 atsi\u017evelgti.<\/p>\n\n\n\n<p>Dirbame ne\u012fpareigojan\u010diai, j\u016bs, kaip klientas, esate svarbiausias. J\u016bs\u0173 duomenis tvarkome itin kruop\u0161\u010diai ir saugome kuo ma\u017eiau. Tai, k\u0105 reikia saugoti, baigus darb\u0105 visam laikui i\u0161trinama.<\/p>\n\n\n\n<figure class=\"wp-block-image size-full\"><img loading=\"lazy\" decoding=\"async\" width=\"200\" height=\"200\" src=\"https:\/\/buydiplomashop.com\/wp-content\/uploads\/2025\/03\/diploma-kopen-ervaringen-reviews.jpg\" alt=\"pirkti autenti\u0161k\u0105 diplom\u0105 patirtis atsiliepimai\" class=\"wp-image-76\" srcset=\"https:\/\/buydiplomashop.com\/wp-content\/uploads\/2025\/03\/diploma-kopen-ervaringen-reviews.jpg 200w, https:\/\/buydiplomashop.com\/wp-content\/uploads\/2025\/03\/diploma-kopen-ervaringen-reviews-150x150.jpg 150w, https:\/\/buydiplomashop.com\/wp-content\/uploads\/2025\/03\/diploma-kopen-ervaringen-reviews-12x12.jpg 12w\" sizes=\"auto, (max-width: 200px) 100vw, 200px\" \/><\/figure>","protected":false},"excerpt":{"rendered":"<p>Pirkite auk\u0161tos kokyb\u0117s netikrus diplomus, sertifikatus ir laipsnius. Autenti\u0161ki, oficial\u016bs ir greiti. Norite nusipirkti diplom\u0105? Geriausias b\u016bdas u\u017esisakyti diplom\u0105, pa\u017eym\u0117jim\u0105 ar laipsn\u012f - per mus. Turime geriausius dizainus, sukurtus per ilgamet\u0119 patirt\u012f ir auk\u0161t\u0105 kompetencijos lyg\u012f. Dizainai kuriami atsi\u017evelgiant \u012f j\u016bs\u0173 norim\u0105 mokyklos, universiteto, koled\u017eo...&nbsp;<a href=\"https:\/\/buydiplomashop.com\/lt\/\" rel=\"bookmark\"><span class=\"screen-reader-text\">Pirkti diplom\u0105 internetu<\/span><\/a><\/p>","protected":false},"author":1,"featured_media":0,"parent":0,"menu_order":0,"comment_status":"closed","ping_status":"closed","template":"","meta":{"neve_meta_sidebar":"","neve_meta_container":"","neve_meta_enable_content_width":"","neve_meta_content_width":0,"neve_meta_title_alignment":"","neve_meta_author_avatar":"","neve_post_elements_order":"","neve_meta_disable_header":"","neve_meta_disable_footer":"","neve_meta_disable_title":"","footnotes":""},"class_list":["post-52","page","type-page","status-publish","hentry"],"yoast_head":"<!-- This site is optimized with the Yoast SEO plugin v27.5 - https:\/\/yoast.com\/product\/yoast-seo-wordpress\/ -->\n<title>Buy diploma online - Buy a diploma, certificate and degrees<\/title>\n<meta name=\"description\" content=\"Buy a diploma online. Buy an officially fake, authentic degree certificate diploma via the dark web Telegram. Many reviews and experiences.\" \/>\n<meta name=\"robots\" content=\"index, follow, max-snippet:-1, max-image-preview:large, max-video-preview:-1\" \/>\n<link rel=\"canonical\" href=\"https:\/\/buydiplomashop.com\/lt\/\" \/>\n<meta property=\"og:locale\" content=\"lt_LT\" \/>\n<meta property=\"og:type\" content=\"article\" \/>\n<meta property=\"og:title\" content=\"Buy diploma online - Buy a diploma, certificate and degrees\" \/>\n<meta property=\"og:description\" content=\"Buy a diploma online. Buy an officially fake, authentic degree certificate diploma via the dark web Telegram. Many reviews and experiences.\" \/>\n<meta property=\"og:url\" content=\"https:\/\/buydiplomashop.com\/lt\/\" \/>\n<meta property=\"og:site_name\" content=\"Buy a diploma, certificate and degrees\" \/>\n<meta property=\"article:modified_time\" content=\"2025-03-24T20:48:11+00:00\" \/>\n<meta property=\"og:image\" content=\"https:\/\/buydiplomashop.com\/wp-content\/uploads\/2025\/03\/diploma-kopen-vca-hbo-mbo-bachelor-duo-belgie-nederland.jpg\" \/>\n\t<meta property=\"og:image:width\" content=\"980\" \/>\n\t<meta property=\"og:image:height\" content=\"980\" \/>\n\t<meta property=\"og:image:type\" content=\"image\/jpeg\" \/>\n<meta name=\"twitter:card\" content=\"summary_large_image\" \/>\n<meta name=\"twitter:label1\" content=\"Est. reading time\" \/>\n\t<meta name=\"twitter:data1\" content=\"3 minut\u0117s\" \/>\n<script type=\"application\/ld+json\" class=\"yoast-schema-graph\">{\"@context\":\"https:\\\/\\\/schema.org\",\"@graph\":[{\"@type\":\"WebPage\",\"@id\":\"https:\\\/\\\/buydiplomashop.com\\\/\",\"url\":\"https:\\\/\\\/buydiplomashop.com\\\/\",\"name\":\"Buy diploma online - Buy a diploma, certificate and degrees\",\"isPartOf\":{\"@id\":\"https:\\\/\\\/buydiplomashop.com\\\/#website\"},\"primaryImageOfPage\":{\"@id\":\"https:\\\/\\\/buydiplomashop.com\\\/#primaryimage\"},\"image\":{\"@id\":\"https:\\\/\\\/buydiplomashop.com\\\/#primaryimage\"},\"thumbnailUrl\":\"https:\\\/\\\/buydiplomashop.com\\\/wp-content\\\/uploads\\\/2025\\\/03\\\/diploma-kopen-vca-hbo-mbo-bachelor-duo-belgie-nederland.jpg\",\"datePublished\":\"2025-03-24T20:04:24+00:00\",\"dateModified\":\"2025-03-24T20:48:11+00:00\",\"description\":\"Buy a diploma online. Buy an officially fake, authentic degree certificate diploma via the dark web Telegram. Many reviews and experiences.\",\"breadcrumb\":{\"@id\":\"https:\\\/\\\/buydiplomashop.com\\\/#breadcrumb\"},\"inLanguage\":\"lt-LT\",\"potentialAction\":[{\"@type\":\"ReadAction\",\"target\":[\"https:\\\/\\\/buydiplomashop.com\\\/\"]}]},{\"@type\":\"ImageObject\",\"inLanguage\":\"lt-LT\",\"@id\":\"https:\\\/\\\/buydiplomashop.com\\\/#primaryimage\",\"url\":\"https:\\\/\\\/buydiplomashop.com\\\/wp-content\\\/uploads\\\/2025\\\/03\\\/diploma-kopen-vca-hbo-mbo-bachelor-duo-belgie-nederland.jpg\",\"contentUrl\":\"https:\\\/\\\/buydiplomashop.com\\\/wp-content\\\/uploads\\\/2025\\\/03\\\/diploma-kopen-vca-hbo-mbo-bachelor-duo-belgie-nederland.jpg\"},{\"@type\":\"BreadcrumbList\",\"@id\":\"https:\\\/\\\/buydiplomashop.com\\\/#breadcrumb\",\"itemListElement\":[{\"@type\":\"ListItem\",\"position\":1,\"name\":\"Home\",\"item\":\"https:\\\/\\\/buydiplomashop.com\\\/\"},{\"@type\":\"ListItem\",\"position\":2,\"name\":\"Buy diploma online\"}]},{\"@type\":\"WebSite\",\"@id\":\"https:\\\/\\\/buydiplomashop.com\\\/#website\",\"url\":\"https:\\\/\\\/buydiplomashop.com\\\/\",\"name\":\"Buy a diploma, certificate and degrees\",\"description\":\"Buy a diploma online, certificates, degrees\",\"potentialAction\":[{\"@type\":\"SearchAction\",\"target\":{\"@type\":\"EntryPoint\",\"urlTemplate\":\"https:\\\/\\\/buydiplomashop.com\\\/?s={search_term_string}\"},\"query-input\":{\"@type\":\"PropertyValueSpecification\",\"valueRequired\":true,\"valueName\":\"search_term_string\"}}],\"inLanguage\":\"lt-LT\"}]}<\/script>\n<!-- \/ Yoast SEO plugin. -->","yoast_head_json":{"title":"Pirkti diplom\u0105 internetu - Pirkti diplom\u0105, sertifikat\u0105 ir laipsnius","description":"Pirkite diplom\u0105 internetu. \u012esigykite oficialiai suklastot\u0105, autenti\u0161k\u0105 diplomo diplom\u0105 per tams\u0173j\u012f tinkl\u0105 \"Telegram\". Daug atsiliepim\u0173 ir patirties.","robots":{"index":"index","follow":"follow","max-snippet":"max-snippet:-1","max-image-preview":"max-image-preview:large","max-video-preview":"max-video-preview:-1"},"canonical":"https:\/\/buydiplomashop.com\/lt\/","og_locale":"lt_LT","og_type":"article","og_title":"Buy diploma online - Buy a diploma, certificate and degrees","og_description":"Buy a diploma online. Buy an officially fake, authentic degree certificate diploma via the dark web Telegram. Many reviews and experiences.","og_url":"https:\/\/buydiplomashop.com\/lt\/","og_site_name":"Buy a diploma, certificate and degrees","article_modified_time":"2025-03-24T20:48:11+00:00","og_image":[{"width":980,"height":980,"url":"https:\/\/buydiplomashop.com\/wp-content\/uploads\/2025\/03\/diploma-kopen-vca-hbo-mbo-bachelor-duo-belgie-nederland.jpg","type":"image\/jpeg"}],"twitter_card":"summary_large_image","twitter_misc":{"Est. reading time":"3 minut\u0117s"},"schema":{"@context":"https:\/\/schema.org","@graph":[{"@type":"WebPage","@id":"https:\/\/buydiplomashop.com\/","url":"https:\/\/buydiplomashop.com\/","name":"Pirkti diplom\u0105 internetu - Pirkti diplom\u0105, sertifikat\u0105 ir laipsnius","isPartOf":{"@id":"https:\/\/buydiplomashop.com\/#website"},"primaryImageOfPage":{"@id":"https:\/\/buydiplomashop.com\/#primaryimage"},"image":{"@id":"https:\/\/buydiplomashop.com\/#primaryimage"},"thumbnailUrl":"https:\/\/buydiplomashop.com\/wp-content\/uploads\/2025\/03\/diploma-kopen-vca-hbo-mbo-bachelor-duo-belgie-nederland.jpg","datePublished":"2025-03-24T20:04:24+00:00","dateModified":"2025-03-24T20:48:11+00:00","description":"Pirkite diplom\u0105 internetu. \u012esigykite oficialiai suklastot\u0105, autenti\u0161k\u0105 diplomo diplom\u0105 per tams\u0173j\u012f tinkl\u0105 \"Telegram\". Daug atsiliepim\u0173 ir patirties.","breadcrumb":{"@id":"https:\/\/buydiplomashop.com\/#breadcrumb"},"inLanguage":"lt-LT","potentialAction":[{"@type":"ReadAction","target":["https:\/\/buydiplomashop.com\/"]}]},{"@type":"ImageObject","inLanguage":"lt-LT","@id":"https:\/\/buydiplomashop.com\/#primaryimage","url":"https:\/\/buydiplomashop.com\/wp-content\/uploads\/2025\/03\/diploma-kopen-vca-hbo-mbo-bachelor-duo-belgie-nederland.jpg","contentUrl":"https:\/\/buydiplomashop.com\/wp-content\/uploads\/2025\/03\/diploma-kopen-vca-hbo-mbo-bachelor-duo-belgie-nederland.jpg"},{"@type":"BreadcrumbList","@id":"https:\/\/buydiplomashop.com\/#breadcrumb","itemListElement":[{"@type":"ListItem","position":1,"name":"Home","item":"https:\/\/buydiplomashop.com\/"},{"@type":"ListItem","position":2,"name":"Buy diploma online"}]},{"@type":"WebSite","@id":"https:\/\/buydiplomashop.com\/#website","url":"https:\/\/buydiplomashop.com\/","name":"\u012esigykite diplom\u0105, sertifikat\u0105 ir laipsnius","description":"Pirkti diplom\u0105 internetu, sertifikatus, laipsnius","potentialAction":[{"@type":"SearchAction","target":{"@type":"EntryPoint","urlTemplate":"https:\/\/buydiplomashop.com\/?s={search_term_string}"},"query-input":{"@type":"PropertyValueSpecification","valueRequired":true,"valueName":"search_term_string"}}],"inLanguage":"lt-LT"}]}},"_links":{"self":[{"href":"https:\/\/buydiplomashop.com\/lt\/wp-json\/wp\/v2\/pages\/52","targetHints":{"allow":["GET"]}}],"collection":[{"href":"https:\/\/buydiplomashop.com\/lt\/wp-json\/wp\/v2\/pages"}],"about":[{"href":"https:\/\/buydiplomashop.com\/lt\/wp-json\/wp\/v2\/types\/page"}],"author":[{"embeddable":true,"href":"https:\/\/buydiplomashop.com\/lt\/wp-json\/wp\/v2\/users\/1"}],"replies":[{"embeddable":true,"href":"https:\/\/buydiplomashop.com\/lt\/wp-json\/wp\/v2\/comments?post=52"}],"version-history":[{"count":19,"href":"https:\/\/buydiplomashop.com\/lt\/wp-json\/wp\/v2\/pages\/52\/revisions"}],"predecessor-version":[{"id":93,"href":"https:\/\/buydiplomashop.com\/lt\/wp-json\/wp\/v2\/pages\/52\/revisions\/93"}],"wp:attachment":[{"href":"https:\/\/buydiplomashop.com\/lt\/wp-json\/wp\/v2\/media?parent=52"}],"curies":[{"name":"wp","href":"https:\/\/api.w.org\/{rel}","templated":true}]}}