{"id":52,"date":"2025-03-24T20:04:24","date_gmt":"2025-03-24T20:04:24","guid":{"rendered":"https:\/\/buydiplomashop.com\/?page_id=52"},"modified":"2025-03-24T20:48:11","modified_gmt":"2025-03-24T20:48:11","slug":"buy-diploma-online","status":"publish","type":"page","link":"https:\/\/buydiplomashop.com\/is\/","title":{"rendered":"Kauptu pr\u00f3fsk\u00edrteini \u00e1 netinu"},"content":{"rendered":"<h1 class=\"wp-block-heading\">Kauptu h\u00e1g\u00e6\u00f0a falsa\u00f0 pr\u00f3fsk\u00edrteini, vottor\u00f0 og gr\u00e1\u00f0ur. Ekta, opinbert og hratt.<\/h1>\n\n\n\n<p>Viltu kaupa pr\u00f3fsk\u00edrteini? Besta lei\u00f0in til a\u00f0 panta pr\u00f3fsk\u00edrteini, vottor\u00f0 e\u00f0a gr\u00e1\u00f0u er \u00ed gegnum okkur. Vi\u00f0 erum me\u00f0 bestu h\u00f6nnunina, \u00fer\u00f3u\u00f0 me\u00f0 margra \u00e1ra reynslu og mikilli s\u00e9rfr\u00e6\u00f0i\u00feekkingu. H\u00f6nnun er bygg\u00f0 \u00e1 vi\u00f0komandi sk\u00f3la, h\u00e1sk\u00f3la, h\u00e1sk\u00f3la e\u00f0a \u00e1l\u00edka. Veldu eitt af pr\u00f3fsk\u00edrteinum okkar, afritum e\u00f0a b\u00fantum pakka til a\u00f0 byrja! <a href=\"https:\/\/buydiplomashop.com\/is\/\">www.buydiplomashop.com<\/a>Teymi\u00f0 er tilb\u00fai\u00f0 til a\u00f0 hj\u00e1lpa \u00fe\u00e9r dag og n\u00f3tt.<\/p>\n\n\n\n<p>Kaupa pr\u00f3fsk\u00edrteini \u00e1 netinu? Er \u00fea\u00f0 m\u00f6gulegt? H\u00e6gt er a\u00f0 kaupa dipl\u00f3ma 24\/7. Svari\u00f0 vi\u00f0 \u00feessu er &quot;j\u00e1&quot;. N\u00fa \u00e1 d\u00f6gum er h\u00e6gt a\u00f0 kaupa pr\u00f3fsk\u00edrteini \u00e1 netinu og \u00ed sumum tilfellum jafnvel hafa \u00fea\u00f0 skr\u00e1\u00f0. Nokkur l\u00f6nd eru me\u00f0al valkosta.<\/p>\n\n\n\n<figure class=\"wp-block-pullquote\"><blockquote><p>Viltu frekari uppl\u00fdsingar? H\u00e6ttu a\u00f0 hika. Smelltu \u00e1 <a href=\"https:\/\/buydiplomashop.com\/is\/samband\/\">samband<\/a> e\u00f0a sendu t\u00f6lvup\u00f3st beint \u00e1:<\/p><cite><strong>Buydiplomashop@pm.me<\/strong><\/cite><\/blockquote><\/figure>\n\n\n\n<figure class=\"wp-block-image size-full is-resized\"><img loading=\"lazy\" decoding=\"async\" width=\"980\" height=\"980\" src=\"https:\/\/buydiplomashop.com\/wp-content\/uploads\/2025\/03\/diploma-kopen-vca-hbo-mbo-bachelor-duo-belgie-nederland.jpg\" alt=\"kaupa pr\u00f3fsk\u00edrteini\" class=\"wp-image-78\" style=\"width:531px;height:auto\" srcset=\"https:\/\/buydiplomashop.com\/wp-content\/uploads\/2025\/03\/diploma-kopen-vca-hbo-mbo-bachelor-duo-belgie-nederland.jpg 980w, https:\/\/buydiplomashop.com\/wp-content\/uploads\/2025\/03\/diploma-kopen-vca-hbo-mbo-bachelor-duo-belgie-nederland-300x300.jpg 300w, https:\/\/buydiplomashop.com\/wp-content\/uploads\/2025\/03\/diploma-kopen-vca-hbo-mbo-bachelor-duo-belgie-nederland-150x150.jpg 150w, https:\/\/buydiplomashop.com\/wp-content\/uploads\/2025\/03\/diploma-kopen-vca-hbo-mbo-bachelor-duo-belgie-nederland-768x768.jpg 768w, https:\/\/buydiplomashop.com\/wp-content\/uploads\/2025\/03\/diploma-kopen-vca-hbo-mbo-bachelor-duo-belgie-nederland-12x12.jpg 12w\" sizes=\"auto, (max-width: 980px) 100vw, 980px\" \/><\/figure>\n\n\n\n<h2 class=\"wp-block-heading\">Af hverju l\u00edta pr\u00f3fsk\u00edrteini okkar svona raunh\u00e6f \u00fat?<\/h2>\n\n\n\n<p>\u00de\u00f6kk s\u00e9 meira en 20 \u00e1ra reynslu h\u00f6fum vi\u00f0 safna\u00f0 miklum fj\u00f6lda akadem\u00edskra skjala til a\u00f0 tryggja a\u00f0 \u00fe\u00fa f\u00e1ir raunh\u00e6fasta falsa pr\u00f3fsk\u00edrteini\u00f0 og afriti\u00f0 fr\u00e1 vi\u00f0komandi sk\u00f3la.<\/p>\n\n\n\n<ul class=\"wp-block-list\">\n<li>Vi\u00f0 p\u00f6ssum vi\u00f0 sk\u00f3lanafni\u00f0 \u00feitt, uppl\u00fdsingar nemenda, \u00fatskriftardagsetningu og raunh\u00e6far undirskriftir eru innifalin \u00e1n aukakostna\u00f0ar!<\/li>\n\n\n\n<li>Einnig munum vi\u00f0 gera einkunnalista ef vi\u00f0 \u00e1<\/li>\n\n\n\n<li>Vi\u00f0 bj\u00f3\u00f0um upp \u00e1 lista yfir sta\u00f0la\u00f0a e\u00f0a s\u00e9rsni\u00f0na n\u00e1mskei\u00f0 \u00e1 einkunnalistanum \u00fe\u00ednum<\/li>\n\n\n\n<li>Vi\u00f0 h\u00f6fum h\u00e6kka\u00f0, upphleypt, h\u00e1g\u00e6\u00f0a flatt blek\u00fe\u00e9ttingar, merki og l\u00f3g\u00f3.<\/li>\n\n\n\n<li>Hvert afrit inniheldur innsigli \u00ed fullum lit, merki, l\u00f3g\u00f3 og skjaldarmerki sem eru s\u00e9rstaklega vi\u00f0 sk\u00f3lann sem \u00fe\u00fa \u00fatskrifa\u00f0ist \u00far.<\/li>\n\n\n\n<li>\u00d6ll pr\u00f3fsk\u00edrteini eru prentu\u00f0 \u00e1 \u00feungan smj\u00f6rpapp\u00edr.<\/li>\n\n\n\n<li>Vi\u00f0 notum <a href=\"https:\/\/www.ologrammi.com\/en\/holograms-for-courses-certificates\">heilmyndir<\/a> til a\u00f0 sannreyna frumleika afrits \u00fe\u00edns.<\/li>\n\n\n\n<li>Upphleypt \u201eritara\u201c innsigli og undirskrift skr\u00e1setjara er \u00ed bo\u00f0i!<\/li>\n\n\n\n<li>Vi\u00f0 bj\u00f3\u00f0um prufur fyrir prentun og t\u00f6lvup\u00f3st me\u00f0 fullunna v\u00f6ru \u00ed h\u00e1g\u00e6\u00f0a PDF skj\u00f6lum.<\/li>\n<\/ul>\n\n\n\n<p>Smelltu \u00e1 <a href=\"https:\/\/buydiplomashop.com\/is\/samband\/\">samband<\/a> og spur\u00f0u okkur um m\u00f6guleikana.<\/p>\n\n\n\n<figure class=\"wp-block-image size-full is-resized\"><img loading=\"lazy\" decoding=\"async\" width=\"980\" height=\"980\" src=\"https:\/\/buydiplomashop.com\/wp-content\/uploads\/2025\/03\/diploma-kopen.jpg\" alt=\"Kauptu opinbert ekta falsa\u00f0 pr\u00f3fsk\u00edrteini, vottor\u00f0 e\u00f0a gr\u00e1\u00f0u\" class=\"wp-image-80\" style=\"width:470px;height:auto\" srcset=\"https:\/\/buydiplomashop.com\/wp-content\/uploads\/2025\/03\/diploma-kopen.jpg 980w, https:\/\/buydiplomashop.com\/wp-content\/uploads\/2025\/03\/diploma-kopen-300x300.jpg 300w, https:\/\/buydiplomashop.com\/wp-content\/uploads\/2025\/03\/diploma-kopen-150x150.jpg 150w, https:\/\/buydiplomashop.com\/wp-content\/uploads\/2025\/03\/diploma-kopen-768x768.jpg 768w, https:\/\/buydiplomashop.com\/wp-content\/uploads\/2025\/03\/diploma-kopen-12x12.jpg 12w\" sizes=\"auto, (max-width: 980px) 100vw, 980px\" \/><\/figure>\n\n\n\n<h3 class=\"wp-block-heading\">Af hverju a\u00f0 kaupa pr\u00f3fsk\u00edrteini fr\u00e1 www.buydiplomashop.com, veitanda n\u00famer 1?<\/h3>\n\n\n\n<p>Vi\u00f0 sko\u00f0um reglulega pr\u00f3fsk\u00edrteini og vottor\u00f0 fr\u00e1 keppendum okkar. \u00dev\u00ed mi\u00f0ur eru g\u00e6\u00f0in fr\u00e1 \u00f6\u00f0rum veitendum t\u00f6luvert minni. \u00deeir bj\u00f3\u00f0a upp \u00e1 skj\u00f6l \u00e1n vatnsmerkja og af miklu lakari g\u00e6\u00f0um en vi\u00f0 getum framleitt.<\/p>\n\n\n\n<p>\u00de\u00fa getur keypt pr\u00f3fsk\u00edrteini hj\u00e1 okkur fr\u00e1 m\u00f6rgum mismunandi l\u00f6ndum. \u00dea\u00f0 eru nokkrir m\u00f6guleikar eftir \u00f3skum \u00fe\u00ednum. L\u00e1ttu okkur vita hva\u00f0 \u00fe\u00fa \u00fearft og vi\u00f0 reddum \u00fev\u00ed!<\/p>\n\n\n\n<p>\u00c1\u00f0ur gat \u00fe\u00fa keypt ekta opinbert pr\u00f3fsk\u00edrteini, gr\u00e1\u00f0u og vottor\u00f0 af okkur \u00ed gegnum myrka vefinn e\u00f0a s\u00edmskeyti. Vi\u00f0 erum enn virk \u00e1 netinu!<\/p>\n\n\n\n<figure class=\"wp-block-image size-large is-resized\"><img loading=\"lazy\" decoding=\"async\" width=\"1024\" height=\"1024\" src=\"https:\/\/buydiplomashop.com\/wp-content\/uploads\/2025\/03\/diploma-kopen-telegram-darkweb-1024x1024.png\" alt=\"kaupa pr\u00f3fsk\u00edrteini s\u00edmskeyti myrkur vefur\" class=\"wp-image-77\" style=\"width:517px;height:auto\" srcset=\"https:\/\/buydiplomashop.com\/wp-content\/uploads\/2025\/03\/diploma-kopen-telegram-darkweb-1024x1024.png 1024w, https:\/\/buydiplomashop.com\/wp-content\/uploads\/2025\/03\/diploma-kopen-telegram-darkweb-300x300.png 300w, https:\/\/buydiplomashop.com\/wp-content\/uploads\/2025\/03\/diploma-kopen-telegram-darkweb-150x150.png 150w, https:\/\/buydiplomashop.com\/wp-content\/uploads\/2025\/03\/diploma-kopen-telegram-darkweb-768x768.png 768w, https:\/\/buydiplomashop.com\/wp-content\/uploads\/2025\/03\/diploma-kopen-telegram-darkweb-1536x1536.png 1536w, https:\/\/buydiplomashop.com\/wp-content\/uploads\/2025\/03\/diploma-kopen-telegram-darkweb-2048x2048.png 2048w, https:\/\/buydiplomashop.com\/wp-content\/uploads\/2025\/03\/diploma-kopen-telegram-darkweb-12x12.png 12w\" sizes=\"auto, (max-width: 1024px) 100vw, 1024px\" \/><\/figure>\n\n\n\n<p>Vi\u00f0 h\u00f6fum margra \u00e1ra reynslu af vi\u00f0skiptavinum sem vildu kaupa pr\u00f3fsk\u00edrteini \u00e1 netinu. Vi\u00f0 erum enn a\u00f0 taka vi\u00f0 verkefnum svo h\u00e6ttu a\u00f0 hika og haf\u00f0u samband. Ef \u00fea\u00f0 er br\u00fdnt, vinsamlegast l\u00e1ttu okkur vita svo vi\u00f0 getum teki\u00f0 tillit til \u00feess.<\/p>\n\n\n\n<p>Vi\u00f0 vinnum \u00e1n skuldbindinga, \u00fe\u00fa sem vi\u00f0skiptavinur ert konungur. Vi\u00f0 me\u00f0h\u00f6ndlum g\u00f6gnin \u00fe\u00edn af fyllstu var\u00fa\u00f0 og geymum eins l\u00edti\u00f0 og m\u00f6gulegt er. \u00dea\u00f0 sem \u00fearf a\u00f0 geyma er varanlega eytt eftir a\u00f0 \u00fev\u00ed er loki\u00f0.<\/p>\n\n\n\n<figure class=\"wp-block-image size-full\"><img loading=\"lazy\" decoding=\"async\" width=\"200\" height=\"200\" src=\"https:\/\/buydiplomashop.com\/wp-content\/uploads\/2025\/03\/diploma-kopen-ervaringen-reviews.jpg\" alt=\"kaupa ekta pr\u00f3fsk\u00edrteini reynslu umsagnir\" class=\"wp-image-76\" srcset=\"https:\/\/buydiplomashop.com\/wp-content\/uploads\/2025\/03\/diploma-kopen-ervaringen-reviews.jpg 200w, https:\/\/buydiplomashop.com\/wp-content\/uploads\/2025\/03\/diploma-kopen-ervaringen-reviews-150x150.jpg 150w, https:\/\/buydiplomashop.com\/wp-content\/uploads\/2025\/03\/diploma-kopen-ervaringen-reviews-12x12.jpg 12w\" sizes=\"auto, (max-width: 200px) 100vw, 200px\" \/><\/figure>","protected":false},"excerpt":{"rendered":"<p>Kauptu h\u00e1g\u00e6\u00f0a falsa pr\u00f3fsk\u00edrteini, vottor\u00f0 og pr\u00f3fgr\u00e1\u00f0ur. \u00c1rei\u00f0anleg, opinber og flj\u00f3tleg. Viltu kaupa pr\u00f3fsk\u00edrteini? Besta lei\u00f0in til a\u00f0 panta pr\u00f3fsk\u00edrteini, vottor\u00f0 e\u00f0a gr\u00e1\u00f0u er \u00ed gegnum okkur. Vi\u00f0 h\u00f6fum bestu h\u00f6nnunina, \u00fer\u00f3a\u00f0a me\u00f0 \u00e1ra reynslu og mikilli \u00feekkingu. H\u00f6nnunin er bygg\u00f0 \u00e1 \u00fe\u00ednum \u00f3skask\u00f3la, h\u00e1sk\u00f3la, framhaldssk\u00f3la...&nbsp;<a href=\"https:\/\/buydiplomashop.com\/is\/\" rel=\"bookmark\"><span class=\"screen-reader-text\">Kauptu pr\u00f3fsk\u00edrteini \u00e1 netinu<\/span><\/a><\/p>","protected":false},"author":1,"featured_media":0,"parent":0,"menu_order":0,"comment_status":"closed","ping_status":"closed","template":"","meta":{"neve_meta_sidebar":"","neve_meta_container":"","neve_meta_enable_content_width":"","neve_meta_content_width":0,"neve_meta_title_alignment":"","neve_meta_author_avatar":"","neve_post_elements_order":"","neve_meta_disable_header":"","neve_meta_disable_footer":"","neve_meta_disable_title":"","footnotes":""},"class_list":["post-52","page","type-page","status-publish","hentry"],"yoast_head":"<!-- This site is optimized with the Yoast SEO plugin v27.5 - https:\/\/yoast.com\/product\/yoast-seo-wordpress\/ -->\n<title>Buy diploma online - Buy a diploma, certificate and degrees<\/title>\n<meta name=\"description\" content=\"Buy a diploma online. Buy an officially fake, authentic degree certificate diploma via the dark web Telegram. Many reviews and experiences.\" \/>\n<meta name=\"robots\" content=\"index, follow, max-snippet:-1, max-image-preview:large, max-video-preview:-1\" \/>\n<link rel=\"canonical\" href=\"https:\/\/buydiplomashop.com\/is\/\" \/>\n<meta property=\"og:locale\" content=\"is_IS\" \/>\n<meta property=\"og:type\" content=\"article\" \/>\n<meta property=\"og:title\" content=\"Buy diploma online - Buy a diploma, certificate and degrees\" \/>\n<meta property=\"og:description\" content=\"Buy a diploma online. Buy an officially fake, authentic degree certificate diploma via the dark web Telegram. Many reviews and experiences.\" \/>\n<meta property=\"og:url\" content=\"https:\/\/buydiplomashop.com\/is\/\" \/>\n<meta property=\"og:site_name\" content=\"Buy a diploma, certificate and degrees\" \/>\n<meta property=\"article:modified_time\" content=\"2025-03-24T20:48:11+00:00\" \/>\n<meta property=\"og:image\" content=\"https:\/\/buydiplomashop.com\/wp-content\/uploads\/2025\/03\/diploma-kopen-vca-hbo-mbo-bachelor-duo-belgie-nederland.jpg\" \/>\n\t<meta property=\"og:image:width\" content=\"980\" \/>\n\t<meta property=\"og:image:height\" content=\"980\" \/>\n\t<meta property=\"og:image:type\" content=\"image\/jpeg\" \/>\n<meta name=\"twitter:card\" content=\"summary_large_image\" \/>\n<meta name=\"twitter:label1\" content=\"Est. reading time\" \/>\n\t<meta name=\"twitter:data1\" content=\"3 minutes\" \/>\n<script type=\"application\/ld+json\" class=\"yoast-schema-graph\">{\"@context\":\"https:\\\/\\\/schema.org\",\"@graph\":[{\"@type\":\"WebPage\",\"@id\":\"https:\\\/\\\/buydiplomashop.com\\\/\",\"url\":\"https:\\\/\\\/buydiplomashop.com\\\/\",\"name\":\"Buy diploma online - Buy a diploma, certificate and degrees\",\"isPartOf\":{\"@id\":\"https:\\\/\\\/buydiplomashop.com\\\/#website\"},\"primaryImageOfPage\":{\"@id\":\"https:\\\/\\\/buydiplomashop.com\\\/#primaryimage\"},\"image\":{\"@id\":\"https:\\\/\\\/buydiplomashop.com\\\/#primaryimage\"},\"thumbnailUrl\":\"https:\\\/\\\/buydiplomashop.com\\\/wp-content\\\/uploads\\\/2025\\\/03\\\/diploma-kopen-vca-hbo-mbo-bachelor-duo-belgie-nederland.jpg\",\"datePublished\":\"2025-03-24T20:04:24+00:00\",\"dateModified\":\"2025-03-24T20:48:11+00:00\",\"description\":\"Buy a diploma online. Buy an officially fake, authentic degree certificate diploma via the dark web Telegram. Many reviews and experiences.\",\"breadcrumb\":{\"@id\":\"https:\\\/\\\/buydiplomashop.com\\\/#breadcrumb\"},\"inLanguage\":\"is\",\"potentialAction\":[{\"@type\":\"ReadAction\",\"target\":[\"https:\\\/\\\/buydiplomashop.com\\\/\"]}]},{\"@type\":\"ImageObject\",\"inLanguage\":\"is\",\"@id\":\"https:\\\/\\\/buydiplomashop.com\\\/#primaryimage\",\"url\":\"https:\\\/\\\/buydiplomashop.com\\\/wp-content\\\/uploads\\\/2025\\\/03\\\/diploma-kopen-vca-hbo-mbo-bachelor-duo-belgie-nederland.jpg\",\"contentUrl\":\"https:\\\/\\\/buydiplomashop.com\\\/wp-content\\\/uploads\\\/2025\\\/03\\\/diploma-kopen-vca-hbo-mbo-bachelor-duo-belgie-nederland.jpg\"},{\"@type\":\"BreadcrumbList\",\"@id\":\"https:\\\/\\\/buydiplomashop.com\\\/#breadcrumb\",\"itemListElement\":[{\"@type\":\"ListItem\",\"position\":1,\"name\":\"Home\",\"item\":\"https:\\\/\\\/buydiplomashop.com\\\/\"},{\"@type\":\"ListItem\",\"position\":2,\"name\":\"Buy diploma online\"}]},{\"@type\":\"WebSite\",\"@id\":\"https:\\\/\\\/buydiplomashop.com\\\/#website\",\"url\":\"https:\\\/\\\/buydiplomashop.com\\\/\",\"name\":\"Buy a diploma, certificate and degrees\",\"description\":\"Buy a diploma online, certificates, degrees\",\"potentialAction\":[{\"@type\":\"SearchAction\",\"target\":{\"@type\":\"EntryPoint\",\"urlTemplate\":\"https:\\\/\\\/buydiplomashop.com\\\/?s={search_term_string}\"},\"query-input\":{\"@type\":\"PropertyValueSpecification\",\"valueRequired\":true,\"valueName\":\"search_term_string\"}}],\"inLanguage\":\"is\"}]}<\/script>\n<!-- \/ Yoast SEO plugin. -->","yoast_head_json":{"title":"Kauptu pr\u00f3fsk\u00edrteini \u00e1 netinu - Kauptu pr\u00f3fsk\u00edrteini, vottor\u00f0 og gr\u00e1\u00f0ur","description":"Kauptu pr\u00f3fsk\u00edrteini \u00e1 netinu. Kauptu opinberlega falsa\u00f0, ekta pr\u00f3fsk\u00edrteini \u00ed gegnum myrka vefs\u00edmskeyti\u00f0. Margar umsagnir og reynslus\u00f6gur.","robots":{"index":"index","follow":"follow","max-snippet":"max-snippet:-1","max-image-preview":"max-image-preview:large","max-video-preview":"max-video-preview:-1"},"canonical":"https:\/\/buydiplomashop.com\/is\/","og_locale":"is_IS","og_type":"article","og_title":"Buy diploma online - Buy a diploma, certificate and degrees","og_description":"Buy a diploma online. Buy an officially fake, authentic degree certificate diploma via the dark web Telegram. Many reviews and experiences.","og_url":"https:\/\/buydiplomashop.com\/is\/","og_site_name":"Buy a diploma, certificate and degrees","article_modified_time":"2025-03-24T20:48:11+00:00","og_image":[{"width":980,"height":980,"url":"https:\/\/buydiplomashop.com\/wp-content\/uploads\/2025\/03\/diploma-kopen-vca-hbo-mbo-bachelor-duo-belgie-nederland.jpg","type":"image\/jpeg"}],"twitter_card":"summary_large_image","twitter_misc":{"Est. reading time":"3 minutes"},"schema":{"@context":"https:\/\/schema.org","@graph":[{"@type":"WebPage","@id":"https:\/\/buydiplomashop.com\/","url":"https:\/\/buydiplomashop.com\/","name":"Kauptu pr\u00f3fsk\u00edrteini \u00e1 netinu - Kauptu pr\u00f3fsk\u00edrteini, vottor\u00f0 og gr\u00e1\u00f0ur","isPartOf":{"@id":"https:\/\/buydiplomashop.com\/#website"},"primaryImageOfPage":{"@id":"https:\/\/buydiplomashop.com\/#primaryimage"},"image":{"@id":"https:\/\/buydiplomashop.com\/#primaryimage"},"thumbnailUrl":"https:\/\/buydiplomashop.com\/wp-content\/uploads\/2025\/03\/diploma-kopen-vca-hbo-mbo-bachelor-duo-belgie-nederland.jpg","datePublished":"2025-03-24T20:04:24+00:00","dateModified":"2025-03-24T20:48:11+00:00","description":"Kauptu pr\u00f3fsk\u00edrteini \u00e1 netinu. Kauptu opinberlega falsa\u00f0, ekta pr\u00f3fsk\u00edrteini \u00ed gegnum myrka vefs\u00edmskeyti\u00f0. Margar umsagnir og reynslus\u00f6gur.","breadcrumb":{"@id":"https:\/\/buydiplomashop.com\/#breadcrumb"},"inLanguage":"is","potentialAction":[{"@type":"ReadAction","target":["https:\/\/buydiplomashop.com\/"]}]},{"@type":"ImageObject","inLanguage":"is","@id":"https:\/\/buydiplomashop.com\/#primaryimage","url":"https:\/\/buydiplomashop.com\/wp-content\/uploads\/2025\/03\/diploma-kopen-vca-hbo-mbo-bachelor-duo-belgie-nederland.jpg","contentUrl":"https:\/\/buydiplomashop.com\/wp-content\/uploads\/2025\/03\/diploma-kopen-vca-hbo-mbo-bachelor-duo-belgie-nederland.jpg"},{"@type":"BreadcrumbList","@id":"https:\/\/buydiplomashop.com\/#breadcrumb","itemListElement":[{"@type":"ListItem","position":1,"name":"Home","item":"https:\/\/buydiplomashop.com\/"},{"@type":"ListItem","position":2,"name":"Buy diploma online"}]},{"@type":"WebSite","@id":"https:\/\/buydiplomashop.com\/#website","url":"https:\/\/buydiplomashop.com\/","name":"Kauptu pr\u00f3fsk\u00edrteini, vottor\u00f0 og gr\u00e1\u00f0ur","description":"Kauptu pr\u00f3fsk\u00edrteini \u00e1 netinu, sk\u00edrteini, gr\u00e1\u00f0ur","potentialAction":[{"@type":"SearchAction","target":{"@type":"EntryPoint","urlTemplate":"https:\/\/buydiplomashop.com\/?s={search_term_string}"},"query-input":{"@type":"PropertyValueSpecification","valueRequired":true,"valueName":"search_term_string"}}],"inLanguage":"is"}]}},"_links":{"self":[{"href":"https:\/\/buydiplomashop.com\/is\/wp-json\/wp\/v2\/pages\/52","targetHints":{"allow":["GET"]}}],"collection":[{"href":"https:\/\/buydiplomashop.com\/is\/wp-json\/wp\/v2\/pages"}],"about":[{"href":"https:\/\/buydiplomashop.com\/is\/wp-json\/wp\/v2\/types\/page"}],"author":[{"embeddable":true,"href":"https:\/\/buydiplomashop.com\/is\/wp-json\/wp\/v2\/users\/1"}],"replies":[{"embeddable":true,"href":"https:\/\/buydiplomashop.com\/is\/wp-json\/wp\/v2\/comments?post=52"}],"version-history":[{"count":19,"href":"https:\/\/buydiplomashop.com\/is\/wp-json\/wp\/v2\/pages\/52\/revisions"}],"predecessor-version":[{"id":93,"href":"https:\/\/buydiplomashop.com\/is\/wp-json\/wp\/v2\/pages\/52\/revisions\/93"}],"wp:attachment":[{"href":"https:\/\/buydiplomashop.com\/is\/wp-json\/wp\/v2\/media?parent=52"}],"curies":[{"name":"wp","href":"https:\/\/api.w.org\/{rel}","templated":true}]}}