{"id":135,"date":"2025-07-25T17:57:02","date_gmt":"2025-07-25T17:57:02","guid":{"rendered":"https:\/\/buydiplomashop.com\/?page_id=135"},"modified":"2025-11-04T18:53:16","modified_gmt":"2025-11-04T18:53:16","slug":"kaupa-faedingarvottord","status":"publish","type":"page","link":"https:\/\/buydiplomashop.com\/is\/buy-a-birth-certificate\/","title":{"rendered":"Kaupa f\u00e6\u00f0ingarvottor\u00f0"},"content":{"rendered":"<h2 class=\"wp-block-heading\">Kauptu f\u00e6\u00f0ingarvottor\u00f0 \u00e1 netinu \u2013 Hr\u00f6\u00f0, \u00f6rugg og afhending um allan heim<\/h2>\n\n\n\n<p>\u00c1 <strong><a class=\"\" href=\"http:\/\/www.BuyDiplomaShop.com\">www.BuyDiplomaShop.com<\/a><\/strong>, \u00fe\u00fa getur <strong>kaupa f\u00e6\u00f0ingarvottor\u00f0<\/strong> \u00e1 netinu, flj\u00f3tt og \u00e1 n\u00e6\u00f0i, sama hvar \u00fe\u00fa ert sta\u00f0settur. Hvort sem \u00fe\u00fa hefur t\u00fdnt frumritinu, \u00fearft afrit e\u00f0a s\u00e9rsni\u00f0na \u00fatg\u00e1fu \u00ed \u00e1kve\u00f0num tilgangi, \u00fe\u00e1 gerir vettvangur okkar \u00fea\u00f0 au\u00f0velt a\u00f0 <strong>panta sta\u00f0fest f\u00e6\u00f0ingarvottor\u00f0 \u00e1 netinu<\/strong>, me\u00f0 hra\u00f0ri afgrei\u00f0slut\u00edma og al\u00fej\u00f3\u00f0legri sendingu.<\/p>\n\n\n\n<p>A <strong>f\u00e6\u00f0ingarvottor\u00f0<\/strong> er eitt mikilv\u00e6gasta lagalega skjali\u00f0 \u00ed l\u00edfi einstaklings. \u00dea\u00f0 \u00fej\u00f3nar sem s\u00f6nnun \u00e1 sj\u00e1lfsmynd, r\u00edkisfangi og f\u00e6\u00f0ingaruppl\u00fdsingum og er oft krafist fyrir ums\u00f3knir eins og vegabr\u00e9f, \u00fej\u00f3\u00f0ernisskilr\u00edki, sk\u00f3laskr\u00e1ningu e\u00f0a atvinnu.<\/p>\n\n\n\n<figure class=\"wp-block-image size-full is-resized\"><img loading=\"lazy\" decoding=\"async\" width=\"780\" height=\"480\" src=\"https:\/\/buydiplomashop.com\/wp-content\/uploads\/2025\/11\/buy-birth-certificate-online.jpg\" alt=\"kaupa f\u00e6\u00f0ingarvottor\u00f0 \u00e1 netinu\" class=\"wp-image-141\" style=\"width:532px;height:auto\" srcset=\"https:\/\/buydiplomashop.com\/wp-content\/uploads\/2025\/11\/buy-birth-certificate-online.jpg 780w, https:\/\/buydiplomashop.com\/wp-content\/uploads\/2025\/11\/buy-birth-certificate-online-300x185.jpg 300w, https:\/\/buydiplomashop.com\/wp-content\/uploads\/2025\/11\/buy-birth-certificate-online-768x473.jpg 768w, https:\/\/buydiplomashop.com\/wp-content\/uploads\/2025\/11\/buy-birth-certificate-online-18x12.jpg 18w\" sizes=\"auto, (max-width: 780px) 100vw, 780px\" \/><\/figure>\n\n\n\n<hr class=\"wp-block-separator has-alpha-channel-opacity\"\/>\n\n\n\n<h3 class=\"wp-block-heading\">Af hverju \u00fe\u00fa g\u00e6tir \u00feurft a\u00f0 kaupa f\u00e6\u00f0ingarvottor\u00f0<\/h3>\n\n\n\n<p>\u00dea\u00f0 eru margar a\u00f0st\u00e6\u00f0ur \u00fear sem f\u00f3lk \u00fearf a\u00f0 <strong>kaupa n\u00fdtt eintak af f\u00e6\u00f0ingarvottor\u00f0i<\/strong> e\u00f0a <strong>f\u00e1 n\u00fdtt f\u00e6\u00f0ingarvottor\u00f0<\/strong>, \u00fear \u00e1 me\u00f0al:<\/p>\n\n\n\n<ul class=\"wp-block-list\">\n<li>T\u00fdnt e\u00f0a skemmt upprunalegt f\u00e6\u00f0ingarvottor\u00f0<\/li>\n\n\n\n<li>\u00de\u00f6rf fyrir auka sta\u00f0fest eintak til skjalager\u00f0ar<\/li>\n\n\n\n<li>Uppf\u00e6rsla \u00e1 \u00fareltum e\u00f0a r\u00f6ngum f\u00e6\u00f0ingaruppl\u00fdsingum<\/li>\n\n\n\n<li>Stu\u00f0ningsg\u00f6gn fyrir opinberar ums\u00f3knir<\/li>\n\n\n\n<li>Pers\u00f3nulegar, fri\u00f0helgis- e\u00f0a n\u00fdm\u00e6lis\u00e1st\u00e6\u00f0ur<\/li>\n\n\n\n<li>Notkun kvikmynda, \u00e1 svi\u00f0i e\u00f0a \u00ed fj\u00f6lmi\u00f0lum \u00fear sem <strong>n\u00fdjung f\u00e6\u00f0ingarvottor\u00f0a<\/strong> eru nau\u00f0synleg<\/li>\n<\/ul>\n\n\n\n<p>\u00c1 <strong><a class=\"\" href=\"http:\/\/www.BuyDiplomaShop.com\">www.BuyDiplomaShop.com<\/a><\/strong>, vi\u00f0 skiljum a\u00f0 \u00feessar \u00fearfir eru mismunandi eftir einstaklingum. Hvort sem \u00fe\u00fa ert a\u00f0 leita a\u00f0 <strong>f\u00e1 n\u00fdtt f\u00e6\u00f0ingarvottor\u00f0<\/strong> Til einkanota e\u00f0a sem hluta af pers\u00f3nuskilr\u00edkjapakka, vi\u00f0 erum h\u00e9r til a\u00f0 a\u00f0sto\u00f0a me\u00f0 fullum tr\u00fana\u00f0i.<\/p>\n\n\n\n<hr class=\"wp-block-separator has-alpha-channel-opacity\"\/>\n\n\n\n<h3 class=\"wp-block-heading\">Panta\u00f0u f\u00e6\u00f0ingarvottor\u00f0 \u00e1 netinu \u00ed 4 einf\u00f6ldum skrefum<\/h3>\n\n\n\n<ol class=\"wp-block-list\">\n<li><strong>Sendi\u00f0 okkur t\u00f6lvup\u00f3st e\u00f0a hafi\u00f0 samband \u00ed gegnum WhatsApp<\/strong><br>Sendu inn uppl\u00fdsingar \u00fe\u00ednar \u00ed gegnum \u00f6ruggt ey\u00f0ubla\u00f0 \u00e1 netinu okkar. Gakktu \u00far skugga um a\u00f0 uppl\u00fdsingarnar s\u00e9u r\u00e9ttar, \u00fear sem \u00fe\u00e6r ver\u00f0a nota\u00f0ar til a\u00f0 b\u00faa til sk\u00edrteini\u00f0 \u00feitt.<\/li>\n\n\n\n<li><strong>Uppl\u00fdsingayfirlit<\/strong><br>Skjalas\u00e9rfr\u00e6\u00f0ingar okkar sta\u00f0festa g\u00f6gnin og hafa samband vi\u00f0 \u00feig ef eitthva\u00f0 \u00fearfnast sk\u00fdringa.<\/li>\n\n\n\n<li><strong>Skjalaframlei\u00f0sla<\/strong><br>Byggt \u00e1 kr\u00f6fum \u00fe\u00ednum b\u00faum vi\u00f0 til <strong>sta\u00f0fest f\u00e6\u00f0ingarvottor\u00f0<\/strong> sem uppfyllir forskriftir \u00fe\u00ednar.<\/li>\n\n\n\n<li><strong>\u00d6rugg afhending<\/strong><br>N\u00fdja e\u00f0a n\u00fdja f\u00e6\u00f0ingarvottor\u00f0i\u00f0 \u00feitt er sent um allan heim, \u00e1 \u00f6ruggan og n\u00e6\u00f0i h\u00e1tt.<\/li>\n<\/ol>\n\n\n\n<p>Hvort sem \u00fe\u00fa ert a\u00f0 skipta \u00fat <strong>t\u00fdnt f\u00e6\u00f0ingarvottor\u00f0<\/strong> e\u00f0a \u00fearft eitt \u00ed opinberum e\u00f0a einkatilgangi, \u00fe\u00e1 tryggir teymi\u00f0 okkar g\u00e6\u00f0i, hra\u00f0a og n\u00e1kv\u00e6mni.<\/p>\n\n\n\n<figure class=\"wp-block-image size-full\"><img loading=\"lazy\" decoding=\"async\" width=\"250\" height=\"354\" src=\"https:\/\/buydiplomashop.com\/wp-content\/uploads\/2025\/11\/buy-birth-certificate.jpg\" alt=\"kaupa f\u00e6\u00f0ingarvottor\u00f0\" class=\"wp-image-142\" srcset=\"https:\/\/buydiplomashop.com\/wp-content\/uploads\/2025\/11\/buy-birth-certificate.jpg 250w, https:\/\/buydiplomashop.com\/wp-content\/uploads\/2025\/11\/buy-birth-certificate-212x300.jpg 212w, https:\/\/buydiplomashop.com\/wp-content\/uploads\/2025\/11\/buy-birth-certificate-8x12.jpg 8w\" sizes=\"auto, (max-width: 250px) 100vw, 250px\" \/><\/figure>\n\n\n\n<hr class=\"wp-block-separator has-alpha-channel-opacity\"\/>\n\n\n\n<h3 class=\"wp-block-heading\">Vi\u00f0 \u00fatvegum f\u00e6\u00f0ingarvottor\u00f0 fyrir fj\u00f6lm\u00f6rg l\u00f6nd<\/h3>\n\n\n\n<p>Vi\u00f0 bj\u00f3\u00f0um upp \u00e1 <strong>al\u00fej\u00f3\u00f0legt f\u00e6\u00f0ingarvottor\u00f0<\/strong> \u00fej\u00f3nustu, me\u00f0 sni\u00f0m\u00e1tum og sni\u00f0um \u00ed bo\u00f0i fyrir \u00fdmis l\u00f6nd og sv\u00e6\u00f0i. S\u00e9rfr\u00e6\u00f0ingar okkar \u00feekkja sv\u00e6\u00f0isbundin st\u00edl og sni\u00f0 skjala og tryggja a\u00f0 skjali\u00f0 \u00feitt uppfylli sta\u00f0bundnar v\u00e6ntingar, hvort sem er \u00ed hagn\u00fdtum tilgangi e\u00f0a \u00ed kynningarskyni.<\/p>\n\n\n\n<p>A\u00f0 leita a\u00f0 <strong>panta f\u00e6\u00f0ingarvottor\u00f0 \u00e1 netinu<\/strong> Til fer\u00f0alaga, skjalager\u00f0ar e\u00f0a sta\u00f0festingar? Vi\u00f0 sj\u00e1um um \u00fea\u00f0.<\/p>\n\n\n\n<hr class=\"wp-block-separator has-alpha-channel-opacity\"\/>\n\n\n\n<h3 class=\"wp-block-heading\">Traust og tr\u00fana\u00f0ar\u00fej\u00f3nusta<\/h3>\n\n\n\n<p>\u00de\u00fasundir vi\u00f0skiptavina hafa vali\u00f0 <strong><a class=\"\" href=\"http:\/\/www.BuyDiplomaShop.com\">www.BuyDiplomaShop.com<\/a><\/strong> til <strong>kaupa f\u00e6\u00f0ingarvottor\u00f0 \u00e1 netinu<\/strong> \u00f6rugglega og tryggt. Vi\u00f0 fylgjum str\u00f6ngum pers\u00f3nuverndarreglum og deilum aldrei uppl\u00fdsingum \u00fe\u00ednum me\u00f0 \u00feri\u00f0ja a\u00f0ila.<\/p>\n\n\n\n<p>\u2714 100% tr\u00fana\u00f0arm\u00e1l<br>\u2714 Hra\u00f0ari afhendingarm\u00f6guleikar<br>\u2714 S\u00e9rsni\u00f0in og landsbundin sni\u00f0<br>\u2714 Vingjarnleg \u00fej\u00f3nusta vi\u00f0 vi\u00f0skiptavini<\/p>\n\n\n\n<hr class=\"wp-block-separator has-alpha-channel-opacity\"\/>\n\n\n\n<h2 class=\"wp-block-heading\">Tilb\u00fainn\/n a\u00f0 kaupa sta\u00f0fest f\u00e6\u00f0ingarvottor\u00f0 e\u00f0a varaf\u00e6\u00f0ingarvottor\u00f0?<\/h2>\n\n\n\n<p>L\u00e1ttu ekki t\u00fdnda e\u00f0a \u00farelta f\u00e6\u00f0ingarvottor\u00f0 halda \u00fe\u00e9r aftur. Ef \u00fe\u00fa \u00fearft <strong>kaupa f\u00e6\u00f0ingarvottor\u00f0<\/strong>, skipta \u00fat g\u00f6mlu e\u00f0a bi\u00f0ja um auka <strong>sta\u00f0fest afrit af f\u00e6\u00f0ingarvottor\u00f0i<\/strong>, <strong><a class=\"\" href=\"http:\/\/www.BuyDiplomaShop.com\">www.BuyDiplomaShop.com<\/a><\/strong> er traust lausn \u00fe\u00edn.<\/p>\n\n\n\n<p>Taka <a href=\"https:\/\/buydiplomashop.com\/nl\/neem-contact-op-met\/\">samband<\/a> me\u00f0 okkur og teymi\u00f0 okkar mun veita \u00fe\u00e9r frekari uppl\u00fdsingar.<\/p>","protected":false},"excerpt":{"rendered":"<p>Buy a Birth Certificate Online \u2013 Fast, Secure &amp; Worldwide Delivery At www.BuyDiplomaShop.com, you can buy a birth certificate online quickly and discreetly, no matter where you&#8217;re located. Whether you\u2019ve lost your original, need a duplicate, or require a custom version for specific purposes, our platform makes it easy to order a certified birth certificate&hellip;&nbsp;<a href=\"https:\/\/buydiplomashop.com\/is\/buy-a-birth-certificate\/\" rel=\"bookmark\"><span class=\"screen-reader-text\">Kaupa f\u00e6\u00f0ingarvottor\u00f0<\/span><\/a><\/p>","protected":false},"author":1,"featured_media":0,"parent":0,"menu_order":0,"comment_status":"closed","ping_status":"closed","template":"","meta":{"neve_meta_sidebar":"","neve_meta_container":"","neve_meta_enable_content_width":"","neve_meta_content_width":0,"neve_meta_title_alignment":"","neve_meta_author_avatar":"","neve_post_elements_order":"","neve_meta_disable_header":"","neve_meta_disable_footer":"","neve_meta_disable_title":"","footnotes":""},"class_list":["post-135","page","type-page","status-publish","hentry"],"yoast_head":"<!-- This site is optimized with the Yoast SEO plugin v27.5 - https:\/\/yoast.com\/product\/yoast-seo-wordpress\/ -->\n<title>Buy a Birth Certificate - Buy a diploma, certificate and degrees<\/title>\n<meta name=\"description\" content=\"Buy birth certificate online for Europe, America and many more countries. Official birth certificate for sale Telegram, Dark Web online.\" \/>\n<meta name=\"robots\" content=\"index, follow, max-snippet:-1, max-image-preview:large, max-video-preview:-1\" \/>\n<link rel=\"canonical\" href=\"https:\/\/buydiplomashop.com\/is\/kaupa-faedingarvottord\/\" \/>\n<meta property=\"og:locale\" content=\"is_IS\" \/>\n<meta property=\"og:type\" content=\"article\" \/>\n<meta property=\"og:title\" content=\"Buy a Birth Certificate - Buy a diploma, certificate and degrees\" \/>\n<meta property=\"og:description\" content=\"Buy birth certificate online for Europe, America and many more countries. Official birth certificate for sale Telegram, Dark Web online.\" \/>\n<meta property=\"og:url\" content=\"https:\/\/buydiplomashop.com\/is\/kaupa-faedingarvottord\/\" \/>\n<meta property=\"og:site_name\" content=\"Buy a diploma, certificate and degrees\" \/>\n<meta property=\"article:modified_time\" content=\"2025-11-04T18:53:16+00:00\" \/>\n<meta property=\"og:image\" content=\"https:\/\/buydiplomashop.com\/wp-content\/uploads\/2025\/11\/buy-birth-certificate-online.jpg\" \/>\n\t<meta property=\"og:image:width\" content=\"780\" \/>\n\t<meta property=\"og:image:height\" content=\"480\" \/>\n\t<meta property=\"og:image:type\" content=\"image\/jpeg\" \/>\n<meta name=\"twitter:card\" content=\"summary_large_image\" \/>\n<meta name=\"twitter:label1\" content=\"Est. reading time\" \/>\n\t<meta name=\"twitter:data1\" content=\"3 minutes\" \/>\n<script type=\"application\/ld+json\" class=\"yoast-schema-graph\">{\"@context\":\"https:\\\/\\\/schema.org\",\"@graph\":[{\"@type\":\"WebPage\",\"@id\":\"https:\\\/\\\/buydiplomashop.com\\\/buy-a-birth-certificate\\\/\",\"url\":\"https:\\\/\\\/buydiplomashop.com\\\/buy-a-birth-certificate\\\/\",\"name\":\"Buy a Birth Certificate - Buy a diploma, certificate and degrees\",\"isPartOf\":{\"@id\":\"https:\\\/\\\/buydiplomashop.com\\\/#website\"},\"primaryImageOfPage\":{\"@id\":\"https:\\\/\\\/buydiplomashop.com\\\/buy-a-birth-certificate\\\/#primaryimage\"},\"image\":{\"@id\":\"https:\\\/\\\/buydiplomashop.com\\\/buy-a-birth-certificate\\\/#primaryimage\"},\"thumbnailUrl\":\"https:\\\/\\\/buydiplomashop.com\\\/wp-content\\\/uploads\\\/2025\\\/11\\\/buy-birth-certificate-online.jpg\",\"datePublished\":\"2025-07-25T17:57:02+00:00\",\"dateModified\":\"2025-11-04T18:53:16+00:00\",\"description\":\"Buy birth certificate online for Europe, America and many more countries. Official birth certificate for sale Telegram, Dark Web online.\",\"breadcrumb\":{\"@id\":\"https:\\\/\\\/buydiplomashop.com\\\/buy-a-birth-certificate\\\/#breadcrumb\"},\"inLanguage\":\"is\",\"potentialAction\":[{\"@type\":\"ReadAction\",\"target\":[\"https:\\\/\\\/buydiplomashop.com\\\/buy-a-birth-certificate\\\/\"]}]},{\"@type\":\"ImageObject\",\"inLanguage\":\"is\",\"@id\":\"https:\\\/\\\/buydiplomashop.com\\\/buy-a-birth-certificate\\\/#primaryimage\",\"url\":\"https:\\\/\\\/buydiplomashop.com\\\/wp-content\\\/uploads\\\/2025\\\/11\\\/buy-birth-certificate-online.jpg\",\"contentUrl\":\"https:\\\/\\\/buydiplomashop.com\\\/wp-content\\\/uploads\\\/2025\\\/11\\\/buy-birth-certificate-online.jpg\"},{\"@type\":\"BreadcrumbList\",\"@id\":\"https:\\\/\\\/buydiplomashop.com\\\/buy-a-birth-certificate\\\/#breadcrumb\",\"itemListElement\":[{\"@type\":\"ListItem\",\"position\":1,\"name\":\"Home\",\"item\":\"https:\\\/\\\/buydiplomashop.com\\\/\"},{\"@type\":\"ListItem\",\"position\":2,\"name\":\"Buy a Birth Certificate\"}]},{\"@type\":\"WebSite\",\"@id\":\"https:\\\/\\\/buydiplomashop.com\\\/#website\",\"url\":\"https:\\\/\\\/buydiplomashop.com\\\/\",\"name\":\"Buy a diploma, certificate and degrees\",\"description\":\"Buy a diploma online, certificates, degrees\",\"potentialAction\":[{\"@type\":\"SearchAction\",\"target\":{\"@type\":\"EntryPoint\",\"urlTemplate\":\"https:\\\/\\\/buydiplomashop.com\\\/?s={search_term_string}\"},\"query-input\":{\"@type\":\"PropertyValueSpecification\",\"valueRequired\":true,\"valueName\":\"search_term_string\"}}],\"inLanguage\":\"is\"}]}<\/script>\n<!-- \/ Yoast SEO plugin. -->","yoast_head_json":{"title":"Kauptu f\u00e6\u00f0ingarvottor\u00f0 - Kauptu pr\u00f3fsk\u00edrteini, vottor\u00f0 og pr\u00f3fgr\u00e1\u00f0ur","description":"Kauptu f\u00e6\u00f0ingarvottor\u00f0 \u00e1 netinu fyrir Evr\u00f3pu, Amer\u00edku og m\u00f6rg fleiri l\u00f6nd. Opinbert f\u00e6\u00f0ingarvottor\u00f0 til s\u00f6lu \u00ed Telegram, Dark Web \u00e1 netinu.","robots":{"index":"index","follow":"follow","max-snippet":"max-snippet:-1","max-image-preview":"max-image-preview:large","max-video-preview":"max-video-preview:-1"},"canonical":"https:\/\/buydiplomashop.com\/is\/kaupa-faedingarvottord\/","og_locale":"is_IS","og_type":"article","og_title":"Buy a Birth Certificate - Buy a diploma, certificate and degrees","og_description":"Buy birth certificate online for Europe, America and many more countries. Official birth certificate for sale Telegram, Dark Web online.","og_url":"https:\/\/buydiplomashop.com\/is\/kaupa-faedingarvottord\/","og_site_name":"Buy a diploma, certificate and degrees","article_modified_time":"2025-11-04T18:53:16+00:00","og_image":[{"width":780,"height":480,"url":"https:\/\/buydiplomashop.com\/wp-content\/uploads\/2025\/11\/buy-birth-certificate-online.jpg","type":"image\/jpeg"}],"twitter_card":"summary_large_image","twitter_misc":{"Est. reading time":"3 minutes"},"schema":{"@context":"https:\/\/schema.org","@graph":[{"@type":"WebPage","@id":"https:\/\/buydiplomashop.com\/buy-a-birth-certificate\/","url":"https:\/\/buydiplomashop.com\/buy-a-birth-certificate\/","name":"Kauptu f\u00e6\u00f0ingarvottor\u00f0 - Kauptu pr\u00f3fsk\u00edrteini, vottor\u00f0 og pr\u00f3fgr\u00e1\u00f0ur","isPartOf":{"@id":"https:\/\/buydiplomashop.com\/#website"},"primaryImageOfPage":{"@id":"https:\/\/buydiplomashop.com\/buy-a-birth-certificate\/#primaryimage"},"image":{"@id":"https:\/\/buydiplomashop.com\/buy-a-birth-certificate\/#primaryimage"},"thumbnailUrl":"https:\/\/buydiplomashop.com\/wp-content\/uploads\/2025\/11\/buy-birth-certificate-online.jpg","datePublished":"2025-07-25T17:57:02+00:00","dateModified":"2025-11-04T18:53:16+00:00","description":"Kauptu f\u00e6\u00f0ingarvottor\u00f0 \u00e1 netinu fyrir Evr\u00f3pu, Amer\u00edku og m\u00f6rg fleiri l\u00f6nd. Opinbert f\u00e6\u00f0ingarvottor\u00f0 til s\u00f6lu \u00ed Telegram, Dark Web \u00e1 netinu.","breadcrumb":{"@id":"https:\/\/buydiplomashop.com\/buy-a-birth-certificate\/#breadcrumb"},"inLanguage":"is","potentialAction":[{"@type":"ReadAction","target":["https:\/\/buydiplomashop.com\/buy-a-birth-certificate\/"]}]},{"@type":"ImageObject","inLanguage":"is","@id":"https:\/\/buydiplomashop.com\/buy-a-birth-certificate\/#primaryimage","url":"https:\/\/buydiplomashop.com\/wp-content\/uploads\/2025\/11\/buy-birth-certificate-online.jpg","contentUrl":"https:\/\/buydiplomashop.com\/wp-content\/uploads\/2025\/11\/buy-birth-certificate-online.jpg"},{"@type":"BreadcrumbList","@id":"https:\/\/buydiplomashop.com\/buy-a-birth-certificate\/#breadcrumb","itemListElement":[{"@type":"ListItem","position":1,"name":"Home","item":"https:\/\/buydiplomashop.com\/"},{"@type":"ListItem","position":2,"name":"Buy a Birth Certificate"}]},{"@type":"WebSite","@id":"https:\/\/buydiplomashop.com\/#website","url":"https:\/\/buydiplomashop.com\/","name":"Kauptu pr\u00f3fsk\u00edrteini, vottor\u00f0 og gr\u00e1\u00f0ur","description":"Kauptu pr\u00f3fsk\u00edrteini \u00e1 netinu, sk\u00edrteini, gr\u00e1\u00f0ur","potentialAction":[{"@type":"SearchAction","target":{"@type":"EntryPoint","urlTemplate":"https:\/\/buydiplomashop.com\/?s={search_term_string}"},"query-input":{"@type":"PropertyValueSpecification","valueRequired":true,"valueName":"search_term_string"}}],"inLanguage":"is"}]}},"_links":{"self":[{"href":"https:\/\/buydiplomashop.com\/is\/wp-json\/wp\/v2\/pages\/135","targetHints":{"allow":["GET"]}}],"collection":[{"href":"https:\/\/buydiplomashop.com\/is\/wp-json\/wp\/v2\/pages"}],"about":[{"href":"https:\/\/buydiplomashop.com\/is\/wp-json\/wp\/v2\/types\/page"}],"author":[{"embeddable":true,"href":"https:\/\/buydiplomashop.com\/is\/wp-json\/wp\/v2\/users\/1"}],"replies":[{"embeddable":true,"href":"https:\/\/buydiplomashop.com\/is\/wp-json\/wp\/v2\/comments?post=135"}],"version-history":[{"count":5,"href":"https:\/\/buydiplomashop.com\/is\/wp-json\/wp\/v2\/pages\/135\/revisions"}],"predecessor-version":[{"id":146,"href":"https:\/\/buydiplomashop.com\/is\/wp-json\/wp\/v2\/pages\/135\/revisions\/146"}],"wp:attachment":[{"href":"https:\/\/buydiplomashop.com\/is\/wp-json\/wp\/v2\/media?parent=135"}],"curies":[{"name":"wp","href":"https:\/\/api.w.org\/{rel}","templated":true}]}}