{"id":96,"date":"2025-07-23T14:31:39","date_gmt":"2025-07-23T14:31:39","guid":{"rendered":"https:\/\/buydiplomashop.com\/?page_id=96"},"modified":"2025-07-23T16:33:18","modified_gmt":"2025-07-23T16:33:18","slug":"fizetesi-csekkek-online-vasarlasa","status":"publish","type":"page","link":"https:\/\/buydiplomashop.com\/hu\/buy-paychecks-online\/","title":{"rendered":"V\u00e1s\u00e1roljon hamis fizet\u00e9si csekket"},"content":{"rendered":"<h2 class=\"wp-block-heading\">Hamis fizet\u00e9si jegyz\u00e9kek vagy fizet\u00e9si csekkek online v\u00e1s\u00e1rl\u00e1sa<\/h2>\n\n\n\n<p>\u00dajragy\u00e1rtott hamis b\u00e9rpap\u00edrokat\/fizet\u00e9si csekkeket szeretne v\u00e1s\u00e1rolni? \u00dcdv\u00f6z\u00f6lj\u00fck az #1 dokumentumszolg\u00e1ltat\u00f3n\u00e1l vil\u00e1gszerte. Mi vagyunk <a href=\"https:\/\/buydiplomashop.com\/hu\/\">www.buydiplomashop.com<\/a>, \u00e9vek \u00f3ta piacvezet\u0151 a hamis\u00edtott\/hamis\u00edtott b\u00e9rletigazol\u00e1sok, munk\u00e1ltat\u00f3i nyilatkozatok \u00e9s egy\u00e9b dokumentumok v\u00e1s\u00e1rl\u00e1sa ter\u00e9n. \u00c9rdekli a hamis\u00edtott b\u00e9rpap\u00edr online v\u00e1s\u00e1rl\u00e1sa? Akkor a legjobb helyen j\u00e1r.<\/p>\n\n\n\n<h2 class=\"wp-block-heading\">Mi az a fizet\u00e9si jegyz\u00e9k?<\/h2>\n\n\n\n<p>A b\u00e9relsz\u00e1mol\u00e1s, m\u00e1s n\u00e9ven b\u00e9relsz\u00e1mol\u00e1s vagy b\u00e9rkimutat\u00e1s t\u00f6bb mint havi dokumentum - a j\u00f6vedelem \u00e9s a munkaviszony alapvet\u0151 bizony\u00edt\u00e9ka. Ak\u00e1r Hollandi\u00e1ban, N\u00e9metorsz\u00e1gban, Franciaorsz\u00e1gban, Spanyolorsz\u00e1gban, Spanyolorsz\u00e1gban vagy b\u00e1rmely m\u00e1s eur\u00f3pai vagy vil\u00e1gm\u00e9ret\u0171 orsz\u00e1gban dolgozik, a fizet\u00e9si bizonylat kulcsfontoss\u00e1g\u00fa szerepet j\u00e1tszik sz\u00e1mos p\u00e9nz\u00fcgyi \u00e9s adminisztrat\u00edv helyzetben.<\/p>\n\n\n\n<p>A fizet\u00e9si jegyz\u00e9kek az \u00e9let sz\u00e1mos ter\u00fclet\u00e9n n\u00e9lk\u00fcl\u00f6zhetetlenek - a lakhat\u00e1st\u00f3l \u00e9s az ad\u00f3z\u00e1st\u00f3l kezdve a bev\u00e1ndorl\u00e1si \u00e9s jogi \u00fcgyekig. Tartsa mindig rendszerezve \u00e9s hozz\u00e1f\u00e9rhet\u0151en a fizet\u00e9si bizonylatokat, k\u00fcl\u00f6n\u00f6sen, ha az EU-ban \u00e9l vagy dolgozik.<\/p>\n\n\n\n<p>Seg\u00edts\u00e9get keres a b\u00e9rsz\u00e1mfejt\u00e9shez vagy a j\u00f6vedelemigazol\u00e1shoz? Vegye fel vel\u00fcnk a kapcsolatot: <strong>buydiplomashop@pm.me<\/strong>, vagy l\u00e9pjen kapcsolatba vel\u00fcnk WhatsAppon kereszt\u00fcl.<\/p>\n\n\n\n<figure class=\"wp-block-image size-large is-resized\"><img loading=\"lazy\" decoding=\"async\" width=\"1024\" height=\"683\" src=\"https:\/\/buydiplomashop.com\/wp-content\/uploads\/2025\/07\/ChatGPT-Image-23-jul-2025-17_15_57-1024x683.png\" alt=\"v\u00e1s\u00e1rolni hamis b\u00e9relsz\u00e1mol\u00e1sok fizet\u00e9si csekkek\" class=\"wp-image-129\" style=\"width:567px;height:auto\" srcset=\"https:\/\/buydiplomashop.com\/wp-content\/uploads\/2025\/07\/ChatGPT-Image-23-jul-2025-17_15_57-1024x683.png 1024w, https:\/\/buydiplomashop.com\/wp-content\/uploads\/2025\/07\/ChatGPT-Image-23-jul-2025-17_15_57-300x200.png 300w, https:\/\/buydiplomashop.com\/wp-content\/uploads\/2025\/07\/ChatGPT-Image-23-jul-2025-17_15_57-768x512.png 768w, https:\/\/buydiplomashop.com\/wp-content\/uploads\/2025\/07\/ChatGPT-Image-23-jul-2025-17_15_57-18x12.png 18w, https:\/\/buydiplomashop.com\/wp-content\/uploads\/2025\/07\/ChatGPT-Image-23-jul-2025-17_15_57-930x620.png 930w, https:\/\/buydiplomashop.com\/wp-content\/uploads\/2025\/07\/ChatGPT-Image-23-jul-2025-17_15_57.png 1536w\" sizes=\"auto, (max-width: 1024px) 100vw, 1024px\" \/><\/figure>\n\n\n\n<h2 class=\"wp-block-heading\">T\u00e9nyleg v\u00e1s\u00e1rolhatok hivatalos hamis fizet\u00e9si csekket\/fizet\u00e9si bizonylatot?<\/h2>\n\n\n\n<p>Az \u00e9vek sor\u00e1n hihetetlen\u00fcl gyakran kaptuk ezt a k\u00e9rd\u00e9st. A v\u00e1lasz arra a k\u00e9rd\u00e9sre, hogy lehets\u00e9ges-e hivatalos hamis b\u00e9rletet v\u00e1s\u00e1rolni, IGEN! Sok \u00e9ve vagyunk az ipar\u00e1g vezet\u0151i, \u00e9s pontosan tudjuk, mit kell tenn\u00fcnk. Ha m\u00e1s dokumentumokat is szeretne v\u00e1s\u00e1rolni, mint p\u00e9ld\u00e1ul munk\u00e1ltat\u00f3i nyilatkozatot, szerz\u0151d\u00e9st vagy egy\u00e9b nyilatkozatokat, k\u00e9rj\u00fck, vegye fel vel\u00fcnk a kapcsolatot, nagy tapasztalatunk van!<br><br>A fizet\u00e9si csekket megrendel\u0151 \u00fcgyfeleinkkel szerzett tapasztalatainknak k\u00f6sz\u00f6nhet\u0151en pontosan tudjuk, hogy melyik \u00e1gazathoz milyen elrendez\u00e9st kell haszn\u00e1lni. Arra is \u00fcgyel\u00fcnk, hogy a sz\u00e1m\u00edt\u00e1sok helyesek legyenek. Szinte minden orsz\u00e1g \u00e9s ipar\u00e1g ad\u00f3sz\u00e1m\u00edt\u00e1sait ismerj\u00fck!<\/p>\n\n\n\n<p>Sz\u00fcks\u00e9ge van j\u00f6vedelemigazol\u00e1sra, \u00e9s nem tudja, hol kezdje? Vegye fel vel\u00fcnk a kapcsolatot, \u00e9s mi egy\u00fctt gondolkodunk \u00d6nnel, hogy az re\u00e1lis, azonos \u00e9s hivatalos legyen. Az \u00d6n ig\u00e9nyei a mi gondjainkk\u00e1 v\u00e1lnak.<\/p>\n\n\n\n<h2 class=\"wp-block-heading\">Mire kell a fizet\u00e9s?<\/h2>\n\n\n\n<p>\ud83c\udfe0 Ingatlan b\u00e9rl\u00e9se vagy v\u00e1s\u00e1rl\u00e1sa: Mutasd meg a j\u00f6vedelmi stabilit\u00e1st<\/p>\n\n\n\n<ul class=\"wp-block-list\">\n<li>Jelz\u00e1loghitel ig\u00e9nyl\u00e9sekor vagy b\u00e9rleti szerz\u0151d\u00e9s al\u00e1\u00edr\u00e1sakor a bankok \u00e9s a b\u00e9rbead\u00f3k gyakran k\u00e9rnek friss b\u00e9relsz\u00e1mol\u00e1st az \u00d6n j\u00f6vedelm\u00e9nek igazol\u00e1s\u00e1ra. Ez seg\u00edt nekik felm\u00e9rni, hogy \u00d6n megengedheti-e mag\u00e1nak a hitelt vagy a havi b\u00e9rleti d\u00edjat. A legt\u00f6bb int\u00e9zm\u00e9ny a k\u00f6vetkez\u0151ket k\u00e9ri <strong>az utols\u00f3 3-6 b\u00e9rsz\u00e1mfejt\u00e9s<\/strong>.<\/li>\n<\/ul>\n\n\n\n<hr class=\"wp-block-separator has-alpha-channel-opacity\"\/>\n\n\n\n<p>\ud83d\udcb3 Hitelek vagy hitelk\u00e1rty\u00e1k ig\u00e9nyl\u00e9se<\/p>\n\n\n\n<p>Szem\u00e9lyi k\u00f6lcs\u00f6nre, aut\u00f3finansz\u00edroz\u00e1sra vagy hitelk\u00e1rty\u00e1ra van sz\u00fcks\u00e9ge? A p\u00e9nzint\u00e9zetek az \u00d6n b\u00e9relsz\u00e1mol\u00e1sa alapj\u00e1n \u00e9rt\u00e9kelik az \u00d6n <strong>visszafizet\u00e9si k\u00e9pess\u00e9g \u00e9s munkahelyi stabilit\u00e1s<\/strong>. A fizet\u00e9si bizonylatokkal al\u00e1t\u00e1masztott \u00e1lland\u00f3 j\u00f6vedelem n\u00f6veli a j\u00f3v\u00e1hagy\u00e1s es\u00e9ly\u00e9t.<\/p>\n\n\n\n<hr class=\"wp-block-separator has-alpha-channel-opacity\"\/>\n\n\n\n<p>\ud83e\uddfe Ad\u00f3bevall\u00e1s \u00e9s j\u00f6vedelemnyilatkozatok<\/p>\n\n\n\n<p>A b\u00e9rsz\u00e1mfejt\u00e9sek tartalmazz\u00e1k az ad\u00f3k \u00e9s t\u00e1rsadalombiztos\u00edt\u00e1si j\u00e1rul\u00e9kok bont\u00e1s\u00e1t. Sz\u00e1mos eur\u00f3pai orsz\u00e1gban, p\u00e9ld\u00e1ul Belgiumban, Franciaorsz\u00e1gban \u00e9s Hollandi\u00e1ban ezek a dokumentumok hasznosak az \u00e9ves ad\u00f3bevall\u00e1s elk\u00e9sz\u00edt\u00e9sekor vagy ellen\u0151rz\u00e9sekor.<\/p>\n\n\n\n<hr class=\"wp-block-separator has-alpha-channel-opacity\"\/>\n\n\n\n<p>\u2696\ufe0f Jogi bizony\u00edt\u00e9kok foglalkoztat\u00e1si vagy csal\u00e1di \u00fcgyekben<\/p>\n\n\n\n<p>A fizet\u00e9si jegyz\u00e9kek felhaszn\u00e1lhat\u00f3k <strong>t\u00f6rv\u00e9nyes j\u00f6vedelemigazol\u00e1s<\/strong> b\u00edr\u00f3s\u00e1gi \u00fcgyekben - p\u00e9ld\u00e1ul munkajogi vit\u00e1kban, v\u00e1l\u00f3perekben vagy tart\u00e1sd\u00edj-meg\u00e1llapod\u00e1sokban. Egy\u00e9rtelm\u0171 nyilv\u00e1ntart\u00e1st ny\u00fajtanak arr\u00f3l, hogy \u00d6n mit keresett, \u00e9s mit vontak le bel\u0151le.<\/p>\n\n\n\n<hr class=\"wp-block-separator has-alpha-channel-opacity\"\/>\n\n\n\n<p>\ud83c\udf0d Bev\u00e1ndorl\u00e1si \u00e9s leteleped\u00e9si k\u00e9relmek<\/p>\n\n\n\n<p>Amikor a k\u00e9relem beny\u00fajt\u00e1sakor <strong>tart\u00f3zkod\u00e1si enged\u00e9ly vagy munkav\u00e1llal\u00e1si v\u00edzum<\/strong> Eur\u00f3p\u00e1ban gyakran megk\u00f6vetelik a b\u00e9relsz\u00e1mol\u00e1st annak igazol\u00e1s\u00e1ra, hogy \u00d6n jogszer\u0171en dolgozik \u00e9s elegend\u0151 j\u00f6vedelmet szerez. Az olyan orsz\u00e1gok, mint N\u00e9metorsz\u00e1g, Spanyolorsz\u00e1g \u00e9s Hollandia a bev\u00e1ndorl\u00e1si elj\u00e1r\u00e1s r\u00e9szek\u00e9nt \u00e1ltal\u00e1ban k\u00e9rik ezeket a dokumentumokat.<\/p>\n\n\n\n<hr class=\"wp-block-separator has-alpha-channel-opacity\"\/>\n\n\n\n<p>\ud83d\udc75 Nyugd\u00edj, nyugd\u00edj \u00e9s t\u00e1rsadalombiztos\u00edt\u00e1s<\/p>\n\n\n\n<p>Az \u00d6n havi b\u00e9rjegyz\u00e9ke tartalmazza az \u00d6n <strong>nyugd\u00edjj\u00e1rul\u00e9kok \u00e9s t\u00e1rsadalombiztos\u00edt\u00e1si levon\u00e1sok<\/strong>. Ezek a nyilv\u00e1ntart\u00e1sok d\u00f6nt\u0151 fontoss\u00e1g\u00faak a nyugd\u00edjjogosults\u00e1g ig\u00e9nyl\u00e9s\u00e9n\u00e9l vagy a nyugd\u00edjell\u00e1t\u00e1sra val\u00f3 jogosults\u00e1g ellen\u0151rz\u00e9s\u00e9n\u00e9l.<\/p>\n\n\n\n<hr class=\"wp-block-separator has-alpha-channel-opacity\"\/>\n\n\n\n<p>\ud83e\udd12 Betegszabads\u00e1g \u00e9s rokkants\u00e1gi ig\u00e9nyek<\/p>\n\n\n\n<p>Betegs\u00e9g vagy \u00e1tmeneti munkak\u00e9ptelens\u00e9g eset\u00e9n az eur\u00f3pai t\u00e1rsadalombiztos\u00edt\u00f3k vagy a munk\u00e1ltat\u00f3k a k\u00e1rt\u00e9r\u00edt\u00e9s meg\u00e1llap\u00edt\u00e1s\u00e1hoz k\u00e9rhetik a legut\u00f3bbi b\u00e9relsz\u00e1mol\u00e1sokat. Ezek megb\u00edzhat\u00f3 referenciak\u00e9nt szolg\u00e1lnak az \u00d6n \u00e1tlagkereset\u00e9re vonatkoz\u00f3an.<\/p>\n\n\n\n<hr class=\"wp-block-separator has-alpha-channel-opacity\"\/>\n\n\n\n<p>\ud83d\udc68\u200d\ud83d\udcbc \u00c1ll\u00e1sp\u00e1ly\u00e1zatok vagy bels\u0151 el\u0151l\u00e9ptet\u00e9sek<\/p>\n\n\n\n<p>Egyes \u00e1gazatokban - p\u00e9ld\u00e1ul a korm\u00e1nyzati vagy a banki szektorban - a p\u00e1ly\u00e1z\u00f3knak be kell mutatniuk kor\u00e1bbi b\u00e9relsz\u00e1mol\u00e1saikat, k\u00fcl\u00f6n\u00f6sen \u00faj \u00e1ll\u00e1saj\u00e1nlat vagy el\u0151l\u00e9ptet\u00e9s t\u00e1rgyal\u00e1sakor.<\/p>\n\n\n\n<hr class=\"wp-block-separator has-alpha-channel-opacity\"\/>\n\n\n\n<p>\ud83d\udc68\u200d\ud83d\udc69\u200d\ud83d\udc67 Hallgat\u00f3i \u00f6szt\u00f6nd\u00edjak, csal\u00e1di p\u00f3tl\u00e9k \u00e9s t\u00e1mogat\u00e1sok<\/p>\n\n\n\n<p>Ahhoz, hogy jogosult legyen a <strong>oktat\u00e1ssal kapcsolatos t\u00e1mogat\u00e1sok vagy gyermeknevel\u00e9si ell\u00e1t\u00e1sok<\/strong>, a hat\u00f3s\u00e1gok gyakran k\u00e9rik a h\u00e1ztart\u00e1s teljes j\u00f6vedelm\u00e9nek igazol\u00e1s\u00e1t. Az igazol\u00e1s legelterjedtebb \u00e9s legelfogadottabb form\u00e1ja a fizet\u00e9si jegyz\u00e9k.<\/p>\n\n\n\n<hr class=\"wp-block-separator has-alpha-channel-opacity\"\/>\n\n\n\n<p>Szeretne hamis hivatalos fizet\u00e9si csekket v\u00e1s\u00e1rolni online? Ne habozzon \u00e9s kattintson a <a href=\"https:\/\/buydiplomashop.com\/hu\/kapcsolatfelvetel\/\">kapcsolatfelv\u00e9tel<\/a>. Hamis b\u00e9relsz\u00e1mol\u00e1si \u00e9s j\u00f6vedelemigazol\u00e1si szolg\u00e1ltat\u00e1saink megfelelnek az eur\u00f3pai szabv\u00e1nyoknak, ahogyan azt a <a href=\"https:\/\/ec.europa.eu\/social\">Az Eur\u00f3pai Bizotts\u00e1g Foglalkoztat\u00e1si \u00e9s Szoci\u00e1lis \u00dcgyek F\u0151oszt\u00e1lya<\/a> az eur\u00f3pai esetek eset\u00e9ben.<\/p>\n\n\n\n<figure class=\"wp-block-image size-large is-resized\"><img loading=\"lazy\" decoding=\"async\" width=\"1024\" height=\"448\" src=\"https:\/\/buydiplomashop.com\/wp-content\/uploads\/2025\/07\/buy-fake-source-of-income-funds-1024x448.jpeg\" alt=\"hamis j\u00f6vedelemforr\u00e1st v\u00e1s\u00e1rolnak alapok\" class=\"wp-image-130\" style=\"width:725px;height:auto\" srcset=\"https:\/\/buydiplomashop.com\/wp-content\/uploads\/2025\/07\/buy-fake-source-of-income-funds-1024x448.jpeg 1024w, https:\/\/buydiplomashop.com\/wp-content\/uploads\/2025\/07\/buy-fake-source-of-income-funds-300x131.jpeg 300w, https:\/\/buydiplomashop.com\/wp-content\/uploads\/2025\/07\/buy-fake-source-of-income-funds-768x336.jpeg 768w, https:\/\/buydiplomashop.com\/wp-content\/uploads\/2025\/07\/buy-fake-source-of-income-funds-1536x672.jpeg 1536w, https:\/\/buydiplomashop.com\/wp-content\/uploads\/2025\/07\/buy-fake-source-of-income-funds-2048x896.jpeg 2048w, https:\/\/buydiplomashop.com\/wp-content\/uploads\/2025\/07\/buy-fake-source-of-income-funds-18x8.jpeg 18w\" sizes=\"auto, (max-width: 1024px) 100vw, 1024px\" \/><\/figure>\n\n\n\n<h2 class=\"wp-block-heading\">Az \u00d6n partnere a b\u00e9relsz\u00e1mol\u00e1sok, munk\u00e1ltat\u00f3i nyilatkozatok \u00e9s nemzetk\u00f6zi p\u00e9nz\u00fcgyi dokumentumok ter\u00e9n<\/h2>\n\n\n\n<p>Megb\u00edzhat\u00f3 partnert keres a b\u00e9rpap\u00edrok, a munk\u00e1ltat\u00f3i nyilatkozatok megv\u00e1s\u00e1rl\u00e1s\u00e1hoz, valamint a lak\u00e1sb\u00e9rl\u00e9shez vagy jelz\u00e1loghitel ig\u00e9nyl\u00e9s\u00e9hez sz\u00fcks\u00e9ges \u00f6sszes alapvet\u0151 dokumentum elk\u00e9sz\u00edt\u00e9s\u00e9hez? Mi itt vagyunk, hogy seg\u00edts\u00fcnk - vil\u00e1gszerte \u00e9s teljes m\u00e9rt\u00e9kben az \u00d6n ig\u00e9nyeihez igazodva. <\/p>\n\n\n\n<p>\u2705 A nemzetk\u00f6zi b\u00e9rsz\u00e1mfejt\u00e9s specialist\u00e1i<\/p>\n\n\n\n<p>Tudjuk, hogy minden orsz\u00e1gnak megvannak a maga ad\u00f3kulcsai, kollekt\u00edv szerz\u0151d\u00e9sei \u00e9s szab\u00e1lyai. Csapatunk a k\u00fcl\u00f6nb\u00f6z\u0151 \u00e1gazatok \u00e9s orsz\u00e1gok pontos \u00e9s egy\u00e9rtelm\u0171 b\u00e9relsz\u00e1mol\u00e1s\u00e1nak elk\u00e9sz\u00edt\u00e9s\u00e9re specializ\u00e1l\u00f3dott. Ez biztos\u00edtja, hogy \u00d6n, alkalmazottai vagy \u00fcgyfelei mindig a helyi k\u00f6vetelm\u00e9nyeknek megfelel\u0151 dokumentumokkal rendelkezzenek.<\/p>\n\n\n\n<p>\ud83c\udfe0 B\u00e9rleti \u00e9s jelz\u00e1log dokumentumok, gyorsan elrendezve<\/p>\n\n\n\n<p>Ingatlan b\u00e9rl\u00e9se vagy jelz\u00e1loghitel ig\u00e9nyl\u00e9se eset\u00e9n az egy\u00e9rtelm\u0171 \u00e9s megb\u00edzhat\u00f3 dokument\u00e1ci\u00f3 elengedhetetlen. Mi biztos\u00edtjuk:<\/p>\n\n\n\n<ul class=\"wp-block-list\">\n<li>Munkaad\u00f3i nyilatkozat sablonok<\/li>\n\n\n\n<li>Bev\u00e9teli kimutat\u00e1sok<\/li>\n\n\n\n<li>\u00c9ves kimutat\u00e1sok<\/li>\n\n\n\n<li>Az \u00d6n helyzet\u00e9hez igazod\u00f3 egy\u00e9b sz\u00fcks\u00e9ges dokumentumok<\/li>\n<\/ul>\n\n\n\n<p>Ez seg\u00edt \u00d6nnek vagy alkalmazottainak gyorsabban \u00e1tjutni a p\u00e9nz\u00fcgyi sz\u0171r\u00e9seken, \u00e9s n\u00f6veli a j\u00f3v\u00e1hagy\u00e1s es\u00e9ly\u00e9t.<\/p>\n\n\n\n<p>\ud83c\udf0d Glob\u00e1lis szak\u00e9rtelem, helyi tud\u00e1s<\/p>\n\n\n\n<p>Ak\u00e1r Hollandi\u00e1ban, N\u00e9metorsz\u00e1gban, Belgiumban, Franciaorsz\u00e1gban, az Egyes\u00fclt Kir\u00e1lys\u00e1gban, az Egyes\u00fclt \u00c1llamokban vagy m\u00e1shol tev\u00e9kenykedik, ismerj\u00fck a k\u00fcl\u00f6nb\u00f6z\u0151 orsz\u00e1gok \u00e9s ipar\u00e1gak ad\u00f3kulcsait, szab\u00e1lyait \u00e9s adminisztrat\u00edv k\u00f6vetelm\u00e9nyeit. Ez lehet\u0151v\u00e9 teszi sz\u00e1munkra, hogy a helyi el\u0151\u00edr\u00e1soknak \u00e9s a nemzetk\u00f6zi legjobb gyakorlatoknak megfelel\u0151 dokumentumokat ny\u00fajtsunk be.<\/p>\n\n\n\n<p>\u26a1 Gyors, pontos \u00e9s bizalmas<\/p>\n\n\n\n<p>Meg\u00e9rtj\u00fck, hogy mennyire fontos a megfelel\u0151 dokumentumok gyors beszerz\u00e9se, k\u00fcl\u00f6n\u00f6sen, ha lak\u00e1sb\u00e9rl\u00e9sr\u0151l vagy -v\u00e1s\u00e1rl\u00e1sr\u00f3l van sz\u00f3. Sz\u00e1m\u00edthat r\u00e1nk:<\/p>\n\n\n\n<ul class=\"wp-block-list\">\n<li>R\u00f6vid \u00e1tfut\u00e1si id\u0151<\/li>\n\n\n\n<li>Nagy pontoss\u00e1g<\/li>\n\n\n\n<li>Szigor\u00fa titoktart\u00e1s<\/li>\n<\/ul>\n\n\n\n<figure class=\"wp-block-image size-full\"><img loading=\"lazy\" decoding=\"async\" width=\"199\" height=\"253\" src=\"https:\/\/buydiplomashop.com\/wp-content\/uploads\/2025\/07\/buy-fake-employer-statement.jpg\" alt=\"v\u00e1s\u00e1rolni hamis munk\u00e1ltat\u00f3i nyilatkozat\" class=\"wp-image-128\" srcset=\"https:\/\/buydiplomashop.com\/wp-content\/uploads\/2025\/07\/buy-fake-employer-statement.jpg 199w, https:\/\/buydiplomashop.com\/wp-content\/uploads\/2025\/07\/buy-fake-employer-statement-9x12.jpg 9w\" sizes=\"auto, (max-width: 199px) 100vw, 199px\" \/><\/figure>\n\n\n\n<p>V\u00e1s\u00e1roljon hamis munk\u00e1ltat\u00f3i nyilatkozatot, hamis j\u00f6vedelemforr\u00e1st vagy b\u00e9relsz\u00e1mol\u00e1st\/fizet\u00e9si csekket m\u00e9g ma!<\/p>","protected":false},"excerpt":{"rendered":"<p>Buy fake payslips or paychecks online Do you want to buy recreated fake payslips\/paychecks? Welcome to the #1 provider of documents worldwide. We are www.buydiplomashop.com, for many years the market leader when it comes to buying counterfeit\/recreated pay stubs, employer statements and other documents. Are you intrested in buying a fake payslip online? Then you&hellip;&nbsp;<a href=\"https:\/\/buydiplomashop.com\/hu\/buy-paychecks-online\/\" rel=\"bookmark\"><span class=\"screen-reader-text\">V\u00e1s\u00e1roljon hamis fizet\u00e9si csekket<\/span><\/a><\/p>","protected":false},"author":1,"featured_media":0,"parent":0,"menu_order":0,"comment_status":"closed","ping_status":"closed","template":"","meta":{"neve_meta_sidebar":"","neve_meta_container":"","neve_meta_enable_content_width":"","neve_meta_content_width":0,"neve_meta_title_alignment":"","neve_meta_author_avatar":"","neve_post_elements_order":"","neve_meta_disable_header":"","neve_meta_disable_footer":"","neve_meta_disable_title":"","footnotes":""},"class_list":["post-96","page","type-page","status-publish","hentry"],"yoast_head":"<!-- This site is optimized with the Yoast SEO plugin v27.5 - https:\/\/yoast.com\/product\/yoast-seo-wordpress\/ -->\n<title>Buy fake paychecks - Buy a diploma, certificate and degrees<\/title>\n<meta name=\"description\" content=\"Buy fake payslips, paychecks online. Global provider of professional payslips, employer statements, and proof of income documents.\" \/>\n<meta name=\"robots\" content=\"index, follow, max-snippet:-1, max-image-preview:large, max-video-preview:-1\" \/>\n<link rel=\"canonical\" href=\"https:\/\/buydiplomashop.com\/hu\/fizetesi-csekkek-online-vasarlasa\/\" \/>\n<meta property=\"og:locale\" content=\"hu_HU\" \/>\n<meta property=\"og:type\" content=\"article\" \/>\n<meta property=\"og:title\" content=\"Buy fake paychecks - Buy a diploma, certificate and degrees\" \/>\n<meta property=\"og:description\" content=\"Buy fake payslips, paychecks online. Global provider of professional payslips, employer statements, and proof of income documents.\" \/>\n<meta property=\"og:url\" content=\"https:\/\/buydiplomashop.com\/hu\/fizetesi-csekkek-online-vasarlasa\/\" \/>\n<meta property=\"og:site_name\" content=\"Buy a diploma, certificate and degrees\" \/>\n<meta property=\"article:modified_time\" content=\"2025-07-23T16:33:18+00:00\" \/>\n<meta property=\"og:image\" content=\"https:\/\/buydiplomashop.com\/wp-content\/uploads\/2025\/07\/ChatGPT-Image-23-jul-2025-17_15_57-1024x683.png\" \/>\n\t<meta property=\"og:image:width\" content=\"1024\" \/>\n\t<meta property=\"og:image:height\" content=\"683\" \/>\n\t<meta property=\"og:image:type\" content=\"image\/png\" \/>\n<meta name=\"twitter:card\" content=\"summary_large_image\" \/>\n<meta name=\"twitter:label1\" content=\"Becs\u00fclt olvas\u00e1si id\u0151\" \/>\n\t<meta name=\"twitter:data1\" content=\"5 perc\" \/>\n<script type=\"application\/ld+json\" class=\"yoast-schema-graph\">{\"@context\":\"https:\\\/\\\/schema.org\",\"@graph\":[{\"@type\":\"WebPage\",\"@id\":\"https:\\\/\\\/buydiplomashop.com\\\/buy-paychecks-online\\\/\",\"url\":\"https:\\\/\\\/buydiplomashop.com\\\/buy-paychecks-online\\\/\",\"name\":\"Buy fake paychecks - Buy a diploma, certificate and degrees\",\"isPartOf\":{\"@id\":\"https:\\\/\\\/buydiplomashop.com\\\/#website\"},\"primaryImageOfPage\":{\"@id\":\"https:\\\/\\\/buydiplomashop.com\\\/buy-paychecks-online\\\/#primaryimage\"},\"image\":{\"@id\":\"https:\\\/\\\/buydiplomashop.com\\\/buy-paychecks-online\\\/#primaryimage\"},\"thumbnailUrl\":\"https:\\\/\\\/buydiplomashop.com\\\/wp-content\\\/uploads\\\/2025\\\/07\\\/ChatGPT-Image-23-jul-2025-17_15_57-1024x683.png\",\"datePublished\":\"2025-07-23T14:31:39+00:00\",\"dateModified\":\"2025-07-23T16:33:18+00:00\",\"description\":\"Buy fake payslips, paychecks online. Global provider of professional payslips, employer statements, and proof of income documents.\",\"breadcrumb\":{\"@id\":\"https:\\\/\\\/buydiplomashop.com\\\/buy-paychecks-online\\\/#breadcrumb\"},\"inLanguage\":\"hu\",\"potentialAction\":[{\"@type\":\"ReadAction\",\"target\":[\"https:\\\/\\\/buydiplomashop.com\\\/buy-paychecks-online\\\/\"]}]},{\"@type\":\"ImageObject\",\"inLanguage\":\"hu\",\"@id\":\"https:\\\/\\\/buydiplomashop.com\\\/buy-paychecks-online\\\/#primaryimage\",\"url\":\"https:\\\/\\\/buydiplomashop.com\\\/wp-content\\\/uploads\\\/2025\\\/07\\\/ChatGPT-Image-23-jul-2025-17_15_57-1024x683.png\",\"contentUrl\":\"https:\\\/\\\/buydiplomashop.com\\\/wp-content\\\/uploads\\\/2025\\\/07\\\/ChatGPT-Image-23-jul-2025-17_15_57-1024x683.png\"},{\"@type\":\"BreadcrumbList\",\"@id\":\"https:\\\/\\\/buydiplomashop.com\\\/buy-paychecks-online\\\/#breadcrumb\",\"itemListElement\":[{\"@type\":\"ListItem\",\"position\":1,\"name\":\"Home\",\"item\":\"https:\\\/\\\/buydiplomashop.com\\\/\"},{\"@type\":\"ListItem\",\"position\":2,\"name\":\"Buy fake paychecks\"}]},{\"@type\":\"WebSite\",\"@id\":\"https:\\\/\\\/buydiplomashop.com\\\/#website\",\"url\":\"https:\\\/\\\/buydiplomashop.com\\\/\",\"name\":\"Buy a diploma, certificate and degrees\",\"description\":\"Buy a diploma online, certificates, degrees\",\"potentialAction\":[{\"@type\":\"SearchAction\",\"target\":{\"@type\":\"EntryPoint\",\"urlTemplate\":\"https:\\\/\\\/buydiplomashop.com\\\/?s={search_term_string}\"},\"query-input\":{\"@type\":\"PropertyValueSpecification\",\"valueRequired\":true,\"valueName\":\"search_term_string\"}}],\"inLanguage\":\"hu\"}]}<\/script>\n<!-- \/ Yoast SEO plugin. -->","yoast_head_json":{"title":"V\u00e1s\u00e1roljon hamis fizet\u00e9si csekket - V\u00e1s\u00e1roljon diplom\u00e1t, bizony\u00edtv\u00e1nyt \u00e9s diplom\u00e1t","description":"V\u00e1s\u00e1roljon hamis b\u00e9rpap\u00edrokat, fizet\u00e9si csekkeket online. Professzion\u00e1lis b\u00e9relsz\u00e1mol\u00e1sok, munk\u00e1ltat\u00f3i nyilatkozatok \u00e9s j\u00f6vedelemigazol\u00e1sok glob\u00e1lis szolg\u00e1ltat\u00f3ja.","robots":{"index":"index","follow":"follow","max-snippet":"max-snippet:-1","max-image-preview":"max-image-preview:large","max-video-preview":"max-video-preview:-1"},"canonical":"https:\/\/buydiplomashop.com\/hu\/fizetesi-csekkek-online-vasarlasa\/","og_locale":"hu_HU","og_type":"article","og_title":"Buy fake paychecks - Buy a diploma, certificate and degrees","og_description":"Buy fake payslips, paychecks online. Global provider of professional payslips, employer statements, and proof of income documents.","og_url":"https:\/\/buydiplomashop.com\/hu\/fizetesi-csekkek-online-vasarlasa\/","og_site_name":"Buy a diploma, certificate and degrees","article_modified_time":"2025-07-23T16:33:18+00:00","og_image":[{"width":1024,"height":683,"url":"https:\/\/buydiplomashop.com\/wp-content\/uploads\/2025\/07\/ChatGPT-Image-23-jul-2025-17_15_57-1024x683.png","type":"image\/png"}],"twitter_card":"summary_large_image","twitter_misc":{"Becs\u00fclt olvas\u00e1si id\u0151":"5 perc"},"schema":{"@context":"https:\/\/schema.org","@graph":[{"@type":"WebPage","@id":"https:\/\/buydiplomashop.com\/buy-paychecks-online\/","url":"https:\/\/buydiplomashop.com\/buy-paychecks-online\/","name":"V\u00e1s\u00e1roljon hamis fizet\u00e9si csekket - V\u00e1s\u00e1roljon diplom\u00e1t, bizony\u00edtv\u00e1nyt \u00e9s diplom\u00e1t","isPartOf":{"@id":"https:\/\/buydiplomashop.com\/#website"},"primaryImageOfPage":{"@id":"https:\/\/buydiplomashop.com\/buy-paychecks-online\/#primaryimage"},"image":{"@id":"https:\/\/buydiplomashop.com\/buy-paychecks-online\/#primaryimage"},"thumbnailUrl":"https:\/\/buydiplomashop.com\/wp-content\/uploads\/2025\/07\/ChatGPT-Image-23-jul-2025-17_15_57-1024x683.png","datePublished":"2025-07-23T14:31:39+00:00","dateModified":"2025-07-23T16:33:18+00:00","description":"V\u00e1s\u00e1roljon hamis b\u00e9rpap\u00edrokat, fizet\u00e9si csekkeket online. Professzion\u00e1lis b\u00e9relsz\u00e1mol\u00e1sok, munk\u00e1ltat\u00f3i nyilatkozatok \u00e9s j\u00f6vedelemigazol\u00e1sok glob\u00e1lis szolg\u00e1ltat\u00f3ja.","breadcrumb":{"@id":"https:\/\/buydiplomashop.com\/buy-paychecks-online\/#breadcrumb"},"inLanguage":"hu","potentialAction":[{"@type":"ReadAction","target":["https:\/\/buydiplomashop.com\/buy-paychecks-online\/"]}]},{"@type":"ImageObject","inLanguage":"hu","@id":"https:\/\/buydiplomashop.com\/buy-paychecks-online\/#primaryimage","url":"https:\/\/buydiplomashop.com\/wp-content\/uploads\/2025\/07\/ChatGPT-Image-23-jul-2025-17_15_57-1024x683.png","contentUrl":"https:\/\/buydiplomashop.com\/wp-content\/uploads\/2025\/07\/ChatGPT-Image-23-jul-2025-17_15_57-1024x683.png"},{"@type":"BreadcrumbList","@id":"https:\/\/buydiplomashop.com\/buy-paychecks-online\/#breadcrumb","itemListElement":[{"@type":"ListItem","position":1,"name":"Home","item":"https:\/\/buydiplomashop.com\/"},{"@type":"ListItem","position":2,"name":"Buy fake paychecks"}]},{"@type":"WebSite","@id":"https:\/\/buydiplomashop.com\/#website","url":"https:\/\/buydiplomashop.com\/","name":"Diploma, bizony\u00edtv\u00e1ny \u00e9s oklevelek v\u00e1s\u00e1rl\u00e1sa","description":"Diploma online v\u00e1s\u00e1rl\u00e1sa, bizony\u00edtv\u00e1nyok, oklevelek, diplom\u00e1k","potentialAction":[{"@type":"SearchAction","target":{"@type":"EntryPoint","urlTemplate":"https:\/\/buydiplomashop.com\/?s={search_term_string}"},"query-input":{"@type":"PropertyValueSpecification","valueRequired":true,"valueName":"search_term_string"}}],"inLanguage":"hu"}]}},"_links":{"self":[{"href":"https:\/\/buydiplomashop.com\/hu\/wp-json\/wp\/v2\/pages\/96","targetHints":{"allow":["GET"]}}],"collection":[{"href":"https:\/\/buydiplomashop.com\/hu\/wp-json\/wp\/v2\/pages"}],"about":[{"href":"https:\/\/buydiplomashop.com\/hu\/wp-json\/wp\/v2\/types\/page"}],"author":[{"embeddable":true,"href":"https:\/\/buydiplomashop.com\/hu\/wp-json\/wp\/v2\/users\/1"}],"replies":[{"embeddable":true,"href":"https:\/\/buydiplomashop.com\/hu\/wp-json\/wp\/v2\/comments?post=96"}],"version-history":[{"count":26,"href":"https:\/\/buydiplomashop.com\/hu\/wp-json\/wp\/v2\/pages\/96\/revisions"}],"predecessor-version":[{"id":133,"href":"https:\/\/buydiplomashop.com\/hu\/wp-json\/wp\/v2\/pages\/96\/revisions\/133"}],"wp:attachment":[{"href":"https:\/\/buydiplomashop.com\/hu\/wp-json\/wp\/v2\/media?parent=96"}],"curies":[{"name":"wp","href":"https:\/\/api.w.org\/{rel}","templated":true}]}}