{"id":52,"date":"2025-03-24T20:04:24","date_gmt":"2025-03-24T20:04:24","guid":{"rendered":"https:\/\/buydiplomashop.com\/?page_id=52"},"modified":"2025-03-24T20:48:11","modified_gmt":"2025-03-24T20:48:11","slug":"buy-diploma-online","status":"publish","type":"page","link":"https:\/\/buydiplomashop.com\/hu\/","title":{"rendered":"Diplom\u00e1t v\u00e1s\u00e1rolni online"},"content":{"rendered":"<h1 class=\"wp-block-heading\">V\u00e1s\u00e1roljon kiv\u00e1l\u00f3 min\u0151s\u00e9g\u0171 hamis diplom\u00e1t, bizony\u00edtv\u00e1nyokat \u00e9s okleveleket. Hiteles, hivatalos \u00e9s gyors.<\/h1>\n\n\n\n<p>Diplom\u00e1t szeretne v\u00e1s\u00e1rolni? A legjobb m\u00f3dja annak, hogy diplom\u00e1t, oklevelet vagy diplom\u00e1t rendeljen, ha rajtunk kereszt\u00fcl int\u00e9zi. A legjobb tervekkel rendelkez\u00fcnk, amelyeket t\u00f6bb\u00e9ves tapasztalat \u00e9s magas szint\u0171 szak\u00e9rtelem r\u00e9v\u00e9n fejlesztett\u00fcnk ki. A tervek az \u00d6n \u00e1ltal k\u00edv\u00e1nt iskola, egyetem, f\u0151iskola vagy hasonl\u00f3 alapj\u00e1n k\u00e9sz\u00fclnek. V\u00e1lasszon egyet diplom\u00e1ink, \u00e1tirataink vagy csomagjaink k\u00f6z\u00fcl, \u00e9s kezdje el! <a href=\"https:\/\/buydiplomashop.com\/hu\/\">www.buydiplomashop.com<\/a>csapata \u00e9jjel-nappal k\u00e9szen \u00e1ll arra, hogy seg\u00edtsen \u00d6nnek.<\/p>\n\n\n\n<p>Diplom\u00e1t v\u00e1s\u00e1rolni online? Lehets\u00e9ges ez? A nap 24 \u00f3r\u00e1j\u00e1ban, a nap 24 \u00f3r\u00e1j\u00e1ban v\u00e1s\u00e1rolhat diplom\u00e1t. A v\u00e1lasz erre a k\u00e9rd\u00e9sre \"igen\". Manaps\u00e1g m\u00e1r online is lehet diplom\u00e1t v\u00e1s\u00e1rolni, \u00e9s bizonyos esetekben m\u00e9g be is jegyeztetheti azt. T\u00f6bb orsz\u00e1g is szerepel a lehet\u0151s\u00e9gek k\u00f6z\u00f6tt.<\/p>\n\n\n\n<figure class=\"wp-block-pullquote\"><blockquote><p>Szeretne t\u00f6bb inform\u00e1ci\u00f3t? Ne habozzon tov\u00e1bb. Kattintson a <a href=\"https:\/\/buydiplomashop.com\/hu\/kapcsolatfelvetel\/\">kapcsolatfelv\u00e9tel<\/a> vagy k\u00fcldj\u00f6n e-mailt k\u00f6zvetlen\u00fcl a k\u00f6vetkez\u0151 c\u00edmre:<\/p><cite><strong>Buydiplomashop@pm.me<\/strong><\/cite><\/blockquote><\/figure>\n\n\n\n<figure class=\"wp-block-image size-full is-resized\"><img loading=\"lazy\" decoding=\"async\" width=\"980\" height=\"980\" src=\"https:\/\/buydiplomashop.com\/wp-content\/uploads\/2025\/03\/diploma-kopen-vca-hbo-mbo-bachelor-duo-belgie-nederland.jpg\" alt=\"oklev\u00e9lv\u00e1s\u00e1rl\u00e1s\" class=\"wp-image-78\" style=\"width:531px;height:auto\" srcset=\"https:\/\/buydiplomashop.com\/wp-content\/uploads\/2025\/03\/diploma-kopen-vca-hbo-mbo-bachelor-duo-belgie-nederland.jpg 980w, https:\/\/buydiplomashop.com\/wp-content\/uploads\/2025\/03\/diploma-kopen-vca-hbo-mbo-bachelor-duo-belgie-nederland-300x300.jpg 300w, https:\/\/buydiplomashop.com\/wp-content\/uploads\/2025\/03\/diploma-kopen-vca-hbo-mbo-bachelor-duo-belgie-nederland-150x150.jpg 150w, https:\/\/buydiplomashop.com\/wp-content\/uploads\/2025\/03\/diploma-kopen-vca-hbo-mbo-bachelor-duo-belgie-nederland-768x768.jpg 768w, https:\/\/buydiplomashop.com\/wp-content\/uploads\/2025\/03\/diploma-kopen-vca-hbo-mbo-bachelor-duo-belgie-nederland-12x12.jpg 12w\" sizes=\"auto, (max-width: 980px) 100vw, 980px\" \/><\/figure>\n\n\n\n<h2 class=\"wp-block-heading\">Mi\u00e9rt n\u00e9znek ki olyan val\u00f3s\u00e1gh\u0171en a diplom\u00e1ink?<\/h2>\n\n\n\n<p>T\u00f6bb mint 20 \u00e9ves tapasztalatunknak k\u00f6sz\u00f6nhet\u0151en nagysz\u00e1m\u00fa egyetemi dokumentumot gy\u0171jt\u00f6tt\u00fcnk \u00f6ssze, hogy biztos\u00edtsuk, hogy a leg\u00e9leth\u0171bb hamis diplom\u00e1t \u00e9s \u00e1tiratot kapja a k\u00edv\u00e1nt iskol\u00e1b\u00f3l.<\/p>\n\n\n\n<ul class=\"wp-block-list\">\n<li>Megfeleltetj\u00fck az iskola nev\u00e9t, a di\u00e1k adatait, az \u00e9retts\u00e9gi d\u00e1tum\u00e1t \u00e9s a re\u00e1lis al\u00e1\u00edr\u00e1sokat k\u00fcl\u00f6n k\u00f6lts\u00e9g n\u00e9lk\u00fcl!<\/li>\n\n\n\n<li>Adott esetben oszt\u00e1lyzatlist\u00e1t is k\u00e9sz\u00edt\u00fcnk<\/li>\n\n\n\n<li>Az \u00d6n oszt\u00e1lyzatlist\u00e1j\u00e1n szerepl\u0151 szabv\u00e1nyos vagy testreszabott kurzusok list\u00e1j\u00e1t adjuk meg.<\/li>\n\n\n\n<li>Emelt, dombornyomott, kiv\u00e1l\u00f3 min\u0151s\u00e9g\u0171, s\u00edk tint\u00e1s pecs\u00e9teket, embl\u00e9m\u00e1kat \u00e9s log\u00f3kat k\u00edn\u00e1lunk.<\/li>\n\n\n\n<li>Minden \u00e1tirat sz\u00ednes pecs\u00e9teket, embl\u00e9m\u00e1kat, log\u00f3kat \u00e9s c\u00edmereket tartalmaz, amelyek az \u00d6n \u00e1ltal v\u00e9gzett iskol\u00e1ra jellemz\u0151ek.<\/li>\n\n\n\n<li>Minden oklevelet neh\u00e9z pergamenpap\u00edrra nyomtatnak.<\/li>\n\n\n\n<li>Haszn\u00e1ljuk <a href=\"https:\/\/www.ologrammi.com\/en\/holograms-for-courses-certificates\">hologramok<\/a> az \u00e1tirat eredetis\u00e9g\u00e9nek ellen\u0151rz\u00e9s\u00e9re.<\/li>\n\n\n\n<li>A dombornyomott \"Regisztr\u00e1tor\" pecs\u00e9t \u00e9s a Regisztr\u00e1tor al\u00e1\u00edr\u00e1sa el\u00e9rhet\u0151 opci\u00f3!<\/li>\n\n\n\n<li>Nyomtat\u00e1s el\u0151tt korrekt\u00far\u00e1kat \u00e9s a k\u00e9sz term\u00e9ket tartalmaz\u00f3 e-maileket k\u00edn\u00e1lunk kiv\u00e1l\u00f3 min\u0151s\u00e9g\u0171 PDF-f\u00e1jlokban.<\/li>\n<\/ul>\n\n\n\n<p>Kattintson a <a href=\"https:\/\/buydiplomashop.com\/hu\/kapcsolatfelvetel\/\">kapcsolatfelv\u00e9tel<\/a> \u00e9s k\u00e9rdezzen minket a lehet\u0151s\u00e9gekr\u0151l.<\/p>\n\n\n\n<figure class=\"wp-block-image size-full is-resized\"><img loading=\"lazy\" decoding=\"async\" width=\"980\" height=\"980\" src=\"https:\/\/buydiplomashop.com\/wp-content\/uploads\/2025\/03\/diploma-kopen.jpg\" alt=\"V\u00e1s\u00e1roljon hivatalos hiteles hamis diplom\u00e1t, bizony\u00edtv\u00e1nyt vagy diplom\u00e1t\" class=\"wp-image-80\" style=\"width:470px;height:auto\" srcset=\"https:\/\/buydiplomashop.com\/wp-content\/uploads\/2025\/03\/diploma-kopen.jpg 980w, https:\/\/buydiplomashop.com\/wp-content\/uploads\/2025\/03\/diploma-kopen-300x300.jpg 300w, https:\/\/buydiplomashop.com\/wp-content\/uploads\/2025\/03\/diploma-kopen-150x150.jpg 150w, https:\/\/buydiplomashop.com\/wp-content\/uploads\/2025\/03\/diploma-kopen-768x768.jpg 768w, https:\/\/buydiplomashop.com\/wp-content\/uploads\/2025\/03\/diploma-kopen-12x12.jpg 12w\" sizes=\"auto, (max-width: 980px) 100vw, 980px\" \/><\/figure>\n\n\n\n<h3 class=\"wp-block-heading\">Mi\u00e9rt \u00e9rdemes a www.buydiplomashop.com, az 1. sz\u00e1m\u00fa szolg\u00e1ltat\u00f3t\u00f3l diplom\u00e1t v\u00e1s\u00e1rolni?<\/h3>\n\n\n\n<p>Rendszeresen ellen\u0151rizz\u00fck versenyt\u00e1rsaink diplom\u00e1it \u00e9s tan\u00fas\u00edtv\u00e1nyait. Sajnos a t\u00f6bbi szolg\u00e1ltat\u00f3t\u00f3l sz\u00e1rmaz\u00f3 min\u0151s\u00e9g l\u00e9nyegesen alacsonyabb. \u0150k v\u00edzjel n\u00e9lk\u00fcli \u00e9s sokkal rosszabb min\u0151s\u00e9g\u0171 dokumentumokat k\u00edn\u00e1lnak, mint amilyeneket mi tudunk el\u0151\u00e1ll\u00edtani.<\/p>\n\n\n\n<p>Sz\u00e1mos orsz\u00e1gb\u00f3l v\u00e1s\u00e1rolhat t\u0151l\u00fcnk diplom\u00e1t. Az \u00d6n k\u00edv\u00e1ns\u00e1gait\u00f3l f\u00fcgg\u0151en t\u00f6bbf\u00e9le lehet\u0151s\u00e9g k\u00f6z\u00fcl v\u00e1laszthat. Tudassa vel\u00fcnk, hogy mire van sz\u00fcks\u00e9ge, \u00e9s mi elint\u00e9zz\u00fck!<\/p>\n\n\n\n<p>Kor\u00e1bban a s\u00f6t\u00e9t weben vagy a Telegramon kereszt\u00fcl v\u00e1s\u00e1rolhatott t\u0151l\u00fcnk hiteles hivatalos diplom\u00e1t, diplom\u00e1t \u00e9s tan\u00fas\u00edtv\u00e1nyt. M\u00e9g mindig akt\u00edvak vagyunk online!<\/p>\n\n\n\n<figure class=\"wp-block-image size-large is-resized\"><img loading=\"lazy\" decoding=\"async\" width=\"1024\" height=\"1024\" src=\"https:\/\/buydiplomashop.com\/wp-content\/uploads\/2025\/03\/diploma-kopen-telegram-darkweb-1024x1024.png\" alt=\"v\u00e1s\u00e1rolni diploma telegram s\u00f6t\u00e9t web\" class=\"wp-image-77\" style=\"width:517px;height:auto\" srcset=\"https:\/\/buydiplomashop.com\/wp-content\/uploads\/2025\/03\/diploma-kopen-telegram-darkweb-1024x1024.png 1024w, https:\/\/buydiplomashop.com\/wp-content\/uploads\/2025\/03\/diploma-kopen-telegram-darkweb-300x300.png 300w, https:\/\/buydiplomashop.com\/wp-content\/uploads\/2025\/03\/diploma-kopen-telegram-darkweb-150x150.png 150w, https:\/\/buydiplomashop.com\/wp-content\/uploads\/2025\/03\/diploma-kopen-telegram-darkweb-768x768.png 768w, https:\/\/buydiplomashop.com\/wp-content\/uploads\/2025\/03\/diploma-kopen-telegram-darkweb-1536x1536.png 1536w, https:\/\/buydiplomashop.com\/wp-content\/uploads\/2025\/03\/diploma-kopen-telegram-darkweb-2048x2048.png 2048w, https:\/\/buydiplomashop.com\/wp-content\/uploads\/2025\/03\/diploma-kopen-telegram-darkweb-12x12.png 12w\" sizes=\"auto, (max-width: 1024px) 100vw, 1024px\" \/><\/figure>\n\n\n\n<p>T\u00f6bb \u00e9ves tapasztalatunk van olyan \u00fcgyfelekkel, akik online akartak diplom\u00e1t v\u00e1s\u00e1rolni. M\u00e9g mindig fogadunk megb\u00edz\u00e1sokat, ez\u00e9rt ne habozzon, hanem vegye fel vel\u00fcnk a kapcsolatot. Ha s\u00fcrg\u0151s, k\u00e9rj\u00fck, tudassa vel\u00fcnk, hogy figyelembe tudjuk venni.<\/p>\n\n\n\n<p>K\u00f6telezetts\u00e9gv\u00e1llal\u00e1s n\u00e9lk\u00fcl dolgozunk, \u00d6n mint \u00fcgyf\u00e9l a kir\u00e1ly. Az \u00d6n adatait a legnagyobb gondoss\u00e1ggal kezelj\u00fck, \u00e9s a lehet\u0151 legkevesebbet t\u00e1roljuk. Amit m\u00e9gis t\u00e1rolni kell, azt a befejez\u00e9s ut\u00e1n v\u00e9glegesen t\u00f6r\u00f6lj\u00fck.<\/p>\n\n\n\n<figure class=\"wp-block-image size-full\"><img loading=\"lazy\" decoding=\"async\" width=\"200\" height=\"200\" src=\"https:\/\/buydiplomashop.com\/wp-content\/uploads\/2025\/03\/diploma-kopen-ervaringen-reviews.jpg\" alt=\"v\u00e1s\u00e1rolni hiteles diploma tapasztalatok v\u00e9lem\u00e9nyek\" class=\"wp-image-76\" srcset=\"https:\/\/buydiplomashop.com\/wp-content\/uploads\/2025\/03\/diploma-kopen-ervaringen-reviews.jpg 200w, https:\/\/buydiplomashop.com\/wp-content\/uploads\/2025\/03\/diploma-kopen-ervaringen-reviews-150x150.jpg 150w, https:\/\/buydiplomashop.com\/wp-content\/uploads\/2025\/03\/diploma-kopen-ervaringen-reviews-12x12.jpg 12w\" sizes=\"auto, (max-width: 200px) 100vw, 200px\" \/><\/figure>","protected":false},"excerpt":{"rendered":"<p>Buy high quality fake diploma, certificates and degrees. Authentic, official and fast. Want to buy a diploma? The best way to order a diploma, certificate or degree is through us. We have the best designs, developed through years of experience and a high level of expertise. Designs are based on your desired school, university, college&hellip;&nbsp;<a href=\"https:\/\/buydiplomashop.com\/hu\/\" rel=\"bookmark\"><span class=\"screen-reader-text\">Diplom\u00e1t v\u00e1s\u00e1rolni online<\/span><\/a><\/p>","protected":false},"author":1,"featured_media":0,"parent":0,"menu_order":0,"comment_status":"closed","ping_status":"closed","template":"","meta":{"neve_meta_sidebar":"","neve_meta_container":"","neve_meta_enable_content_width":"","neve_meta_content_width":0,"neve_meta_title_alignment":"","neve_meta_author_avatar":"","neve_post_elements_order":"","neve_meta_disable_header":"","neve_meta_disable_footer":"","neve_meta_disable_title":"","footnotes":""},"class_list":["post-52","page","type-page","status-publish","hentry"],"yoast_head":"<!-- This site is optimized with the Yoast SEO plugin v27.5 - https:\/\/yoast.com\/product\/yoast-seo-wordpress\/ -->\n<title>Buy diploma online - Buy a diploma, certificate and degrees<\/title>\n<meta name=\"description\" content=\"Buy a diploma online. Buy an officially fake, authentic degree certificate diploma via the dark web Telegram. Many reviews and experiences.\" \/>\n<meta name=\"robots\" content=\"index, follow, max-snippet:-1, max-image-preview:large, max-video-preview:-1\" \/>\n<link rel=\"canonical\" href=\"https:\/\/buydiplomashop.com\/hu\/\" \/>\n<meta property=\"og:locale\" content=\"hu_HU\" \/>\n<meta property=\"og:type\" content=\"article\" \/>\n<meta property=\"og:title\" content=\"Buy diploma online - Buy a diploma, certificate and degrees\" \/>\n<meta property=\"og:description\" content=\"Buy a diploma online. Buy an officially fake, authentic degree certificate diploma via the dark web Telegram. Many reviews and experiences.\" \/>\n<meta property=\"og:url\" content=\"https:\/\/buydiplomashop.com\/hu\/\" \/>\n<meta property=\"og:site_name\" content=\"Buy a diploma, certificate and degrees\" \/>\n<meta property=\"article:modified_time\" content=\"2025-03-24T20:48:11+00:00\" \/>\n<meta property=\"og:image\" content=\"https:\/\/buydiplomashop.com\/wp-content\/uploads\/2025\/03\/diploma-kopen-vca-hbo-mbo-bachelor-duo-belgie-nederland.jpg\" \/>\n\t<meta property=\"og:image:width\" content=\"980\" \/>\n\t<meta property=\"og:image:height\" content=\"980\" \/>\n\t<meta property=\"og:image:type\" content=\"image\/jpeg\" \/>\n<meta name=\"twitter:card\" content=\"summary_large_image\" \/>\n<meta name=\"twitter:label1\" content=\"Becs\u00fclt olvas\u00e1si id\u0151\" \/>\n\t<meta name=\"twitter:data1\" content=\"3 perc\" \/>\n<script type=\"application\/ld+json\" class=\"yoast-schema-graph\">{\"@context\":\"https:\\\/\\\/schema.org\",\"@graph\":[{\"@type\":\"WebPage\",\"@id\":\"https:\\\/\\\/buydiplomashop.com\\\/\",\"url\":\"https:\\\/\\\/buydiplomashop.com\\\/\",\"name\":\"Buy diploma online - Buy a diploma, certificate and degrees\",\"isPartOf\":{\"@id\":\"https:\\\/\\\/buydiplomashop.com\\\/#website\"},\"primaryImageOfPage\":{\"@id\":\"https:\\\/\\\/buydiplomashop.com\\\/#primaryimage\"},\"image\":{\"@id\":\"https:\\\/\\\/buydiplomashop.com\\\/#primaryimage\"},\"thumbnailUrl\":\"https:\\\/\\\/buydiplomashop.com\\\/wp-content\\\/uploads\\\/2025\\\/03\\\/diploma-kopen-vca-hbo-mbo-bachelor-duo-belgie-nederland.jpg\",\"datePublished\":\"2025-03-24T20:04:24+00:00\",\"dateModified\":\"2025-03-24T20:48:11+00:00\",\"description\":\"Buy a diploma online. Buy an officially fake, authentic degree certificate diploma via the dark web Telegram. Many reviews and experiences.\",\"breadcrumb\":{\"@id\":\"https:\\\/\\\/buydiplomashop.com\\\/#breadcrumb\"},\"inLanguage\":\"hu\",\"potentialAction\":[{\"@type\":\"ReadAction\",\"target\":[\"https:\\\/\\\/buydiplomashop.com\\\/\"]}]},{\"@type\":\"ImageObject\",\"inLanguage\":\"hu\",\"@id\":\"https:\\\/\\\/buydiplomashop.com\\\/#primaryimage\",\"url\":\"https:\\\/\\\/buydiplomashop.com\\\/wp-content\\\/uploads\\\/2025\\\/03\\\/diploma-kopen-vca-hbo-mbo-bachelor-duo-belgie-nederland.jpg\",\"contentUrl\":\"https:\\\/\\\/buydiplomashop.com\\\/wp-content\\\/uploads\\\/2025\\\/03\\\/diploma-kopen-vca-hbo-mbo-bachelor-duo-belgie-nederland.jpg\"},{\"@type\":\"BreadcrumbList\",\"@id\":\"https:\\\/\\\/buydiplomashop.com\\\/#breadcrumb\",\"itemListElement\":[{\"@type\":\"ListItem\",\"position\":1,\"name\":\"Home\",\"item\":\"https:\\\/\\\/buydiplomashop.com\\\/\"},{\"@type\":\"ListItem\",\"position\":2,\"name\":\"Buy diploma online\"}]},{\"@type\":\"WebSite\",\"@id\":\"https:\\\/\\\/buydiplomashop.com\\\/#website\",\"url\":\"https:\\\/\\\/buydiplomashop.com\\\/\",\"name\":\"Buy a diploma, certificate and degrees\",\"description\":\"Buy a diploma online, certificates, degrees\",\"potentialAction\":[{\"@type\":\"SearchAction\",\"target\":{\"@type\":\"EntryPoint\",\"urlTemplate\":\"https:\\\/\\\/buydiplomashop.com\\\/?s={search_term_string}\"},\"query-input\":{\"@type\":\"PropertyValueSpecification\",\"valueRequired\":true,\"valueName\":\"search_term_string\"}}],\"inLanguage\":\"hu\"}]}<\/script>\n<!-- \/ Yoast SEO plugin. -->","yoast_head_json":{"title":"Diplomav\u00e1s\u00e1rl\u00e1s online - Diplomav\u00e1s\u00e1rl\u00e1s, bizony\u00edtv\u00e1nyok \u00e9s diplom\u00e1k v\u00e1s\u00e1rl\u00e1sa","description":"Diplomav\u00e1s\u00e1rl\u00e1s online. V\u00e1s\u00e1roljon hivatalosan hamis, hiteles diplom\u00e1t oklevelet a dark webes Telegramon kereszt\u00fcl. Sok \u00e9rt\u00e9kel\u00e9s \u00e9s tapasztalat.","robots":{"index":"index","follow":"follow","max-snippet":"max-snippet:-1","max-image-preview":"max-image-preview:large","max-video-preview":"max-video-preview:-1"},"canonical":"https:\/\/buydiplomashop.com\/hu\/","og_locale":"hu_HU","og_type":"article","og_title":"Buy diploma online - Buy a diploma, certificate and degrees","og_description":"Buy a diploma online. Buy an officially fake, authentic degree certificate diploma via the dark web Telegram. Many reviews and experiences.","og_url":"https:\/\/buydiplomashop.com\/hu\/","og_site_name":"Buy a diploma, certificate and degrees","article_modified_time":"2025-03-24T20:48:11+00:00","og_image":[{"width":980,"height":980,"url":"https:\/\/buydiplomashop.com\/wp-content\/uploads\/2025\/03\/diploma-kopen-vca-hbo-mbo-bachelor-duo-belgie-nederland.jpg","type":"image\/jpeg"}],"twitter_card":"summary_large_image","twitter_misc":{"Becs\u00fclt olvas\u00e1si id\u0151":"3 perc"},"schema":{"@context":"https:\/\/schema.org","@graph":[{"@type":"WebPage","@id":"https:\/\/buydiplomashop.com\/","url":"https:\/\/buydiplomashop.com\/","name":"Diplomav\u00e1s\u00e1rl\u00e1s online - Diplomav\u00e1s\u00e1rl\u00e1s, bizony\u00edtv\u00e1nyok \u00e9s diplom\u00e1k v\u00e1s\u00e1rl\u00e1sa","isPartOf":{"@id":"https:\/\/buydiplomashop.com\/#website"},"primaryImageOfPage":{"@id":"https:\/\/buydiplomashop.com\/#primaryimage"},"image":{"@id":"https:\/\/buydiplomashop.com\/#primaryimage"},"thumbnailUrl":"https:\/\/buydiplomashop.com\/wp-content\/uploads\/2025\/03\/diploma-kopen-vca-hbo-mbo-bachelor-duo-belgie-nederland.jpg","datePublished":"2025-03-24T20:04:24+00:00","dateModified":"2025-03-24T20:48:11+00:00","description":"Diplomav\u00e1s\u00e1rl\u00e1s online. V\u00e1s\u00e1roljon hivatalosan hamis, hiteles diplom\u00e1t oklevelet a dark webes Telegramon kereszt\u00fcl. Sok \u00e9rt\u00e9kel\u00e9s \u00e9s tapasztalat.","breadcrumb":{"@id":"https:\/\/buydiplomashop.com\/#breadcrumb"},"inLanguage":"hu","potentialAction":[{"@type":"ReadAction","target":["https:\/\/buydiplomashop.com\/"]}]},{"@type":"ImageObject","inLanguage":"hu","@id":"https:\/\/buydiplomashop.com\/#primaryimage","url":"https:\/\/buydiplomashop.com\/wp-content\/uploads\/2025\/03\/diploma-kopen-vca-hbo-mbo-bachelor-duo-belgie-nederland.jpg","contentUrl":"https:\/\/buydiplomashop.com\/wp-content\/uploads\/2025\/03\/diploma-kopen-vca-hbo-mbo-bachelor-duo-belgie-nederland.jpg"},{"@type":"BreadcrumbList","@id":"https:\/\/buydiplomashop.com\/#breadcrumb","itemListElement":[{"@type":"ListItem","position":1,"name":"Home","item":"https:\/\/buydiplomashop.com\/"},{"@type":"ListItem","position":2,"name":"Buy diploma online"}]},{"@type":"WebSite","@id":"https:\/\/buydiplomashop.com\/#website","url":"https:\/\/buydiplomashop.com\/","name":"Diploma, bizony\u00edtv\u00e1ny \u00e9s oklevelek v\u00e1s\u00e1rl\u00e1sa","description":"Diploma online v\u00e1s\u00e1rl\u00e1sa, bizony\u00edtv\u00e1nyok, oklevelek, diplom\u00e1k","potentialAction":[{"@type":"SearchAction","target":{"@type":"EntryPoint","urlTemplate":"https:\/\/buydiplomashop.com\/?s={search_term_string}"},"query-input":{"@type":"PropertyValueSpecification","valueRequired":true,"valueName":"search_term_string"}}],"inLanguage":"hu"}]}},"_links":{"self":[{"href":"https:\/\/buydiplomashop.com\/hu\/wp-json\/wp\/v2\/pages\/52","targetHints":{"allow":["GET"]}}],"collection":[{"href":"https:\/\/buydiplomashop.com\/hu\/wp-json\/wp\/v2\/pages"}],"about":[{"href":"https:\/\/buydiplomashop.com\/hu\/wp-json\/wp\/v2\/types\/page"}],"author":[{"embeddable":true,"href":"https:\/\/buydiplomashop.com\/hu\/wp-json\/wp\/v2\/users\/1"}],"replies":[{"embeddable":true,"href":"https:\/\/buydiplomashop.com\/hu\/wp-json\/wp\/v2\/comments?post=52"}],"version-history":[{"count":19,"href":"https:\/\/buydiplomashop.com\/hu\/wp-json\/wp\/v2\/pages\/52\/revisions"}],"predecessor-version":[{"id":93,"href":"https:\/\/buydiplomashop.com\/hu\/wp-json\/wp\/v2\/pages\/52\/revisions\/93"}],"wp:attachment":[{"href":"https:\/\/buydiplomashop.com\/hu\/wp-json\/wp\/v2\/media?parent=52"}],"curies":[{"name":"wp","href":"https:\/\/api.w.org\/{rel}","templated":true}]}}