{"id":168,"date":"2025-12-11T09:33:59","date_gmt":"2025-12-11T09:33:59","guid":{"rendered":"https:\/\/buydiplomashop.com\/?page_id=168"},"modified":"2025-12-11T09:38:39","modified_gmt":"2025-12-11T09:38:39","slug":"jogositvany-vasarlas","status":"publish","type":"page","link":"https:\/\/buydiplomashop.com\/hu\/buy-driving-license\/","title":{"rendered":"Vezet\u0151i enged\u00e9ly v\u00e1s\u00e1rl\u00e1sa"},"content":{"rendered":"<h2 class=\"wp-block-heading\">Vezet\u0151i enged\u00e9ly v\u00e1s\u00e1rl\u00e1sa \u2013 Professzion\u00e1lis vezet\u0151i enged\u00e9ly szolg\u00e1ltat\u00e1sok<\/h2>\n\n\n\n<p>Sz\u00fcks\u00e9ge van vezet\u0151i enged\u00e9lyre? A BuyDiplomaShop.com weboldalon t\u00f6rv\u00e9nyes vezet\u0151i enged\u00e9ly megszerz\u00e9si szolg\u00e1ltat\u00e1sokat ny\u00fajtunk azoknak, akik \u00e9rv\u00e9nyes vezet\u0151i okm\u00e1nyokra szorulnak. Ak\u00e1r elvesztette a vezet\u0151i enged\u00e9ly\u00e9t, ak\u00e1r p\u00f3tl\u00e1sra van sz\u00fcks\u00e9ge, ak\u00e1r nemzetk\u00f6zi utaz\u00e1shoz sz\u00fcks\u00e9ges a vezet\u0151i enged\u00e9ly, hiteles szakembereink seg\u00edtenek \u00d6nnek a megfelel\u0151 csatorn\u00e1kon kereszt\u00fcl hiteles vezet\u0151i okm\u00e1nyok megszerz\u00e9s\u00e9ben.<\/p>\n\n\n\n<p>H\u00e1l\u00f3zatunkban olyan min\u0151s\u00edtett szak\u00e9rt\u0151k dolgoznak, akik ismerik a vezet\u0151i enged\u00e9ly megszerz\u00e9s\u00e9nek k\u00f6vetelm\u00e9nyeit, a vizsgaelj\u00e1r\u00e1sokat \u00e9s a leg\u00e1lis megszerz\u00e9si m\u00f3dszereket. Ha platformunkon kereszt\u00fcl vezet\u0151i enged\u00e9lyt v\u00e1s\u00e1rol, akkor olyan t\u00f6rv\u00e9nyes dokumentumba fektet be, amely minden szab\u00e1lyoz\u00e1si el\u0151\u00edr\u00e1st teljes\u00edt.<\/p>\n\n\n\n<p>Sz\u00fcks\u00e9ge van m\u00e1s dokumentumra? N\u00e9zze meg: <a href=\"https:\/\/buydiplomashop.com\/hu\/\">V\u00e1s\u00e1roljon diplom\u00e1t online<\/a>, <a href=\"https:\/\/buydiplomashop.com\/hu\/szemelyi-igazolvany-vasarlas\/\">szem\u00e9lyi igazolv\u00e1ny v\u00e1s\u00e1rl\u00e1sa<\/a> vagy <a href=\"https:\/\/buydiplomashop.com\/hu\/utlevel-vasarlas\/\">\u00fatlevelet v\u00e1s\u00e1rolni<\/a> vagy n\u00e9zze \u00e1t \u00e9tlapunkat. <\/p>\n\n\n\n<figure class=\"wp-block-image size-full\"><img loading=\"lazy\" decoding=\"async\" width=\"282\" height=\"178\" src=\"https:\/\/buydiplomashop.com\/wp-content\/uploads\/2025\/12\/buy-driving-license.jpg\" alt=\"jogos\u00edtv\u00e1ny v\u00e1s\u00e1rl\u00e1s\" class=\"wp-image-175\" srcset=\"https:\/\/buydiplomashop.com\/wp-content\/uploads\/2025\/12\/buy-driving-license.jpg 282w, https:\/\/buydiplomashop.com\/wp-content\/uploads\/2025\/12\/buy-driving-license-18x12.jpg 18w\" sizes=\"auto, (max-width: 282px) 100vw, 282px\" \/><\/figure>\n\n\n\n<h3 class=\"wp-block-heading\">Mi\u00e9rt \u00e9rdemes professzion\u00e1lis vezet\u0151i enged\u00e9ly szolg\u00e1ltat\u00e1sokat v\u00e1lasztani?<\/h3>\n\n\n\n<h3 class=\"wp-block-heading\">Jogi \u00e9s hiteles\u00edtett licenc megszerz\u00e9se<\/h3>\n\n\n\n<p>A professzion\u00e1lis vezet\u0151i enged\u00e9ly szolg\u00e1ltat\u00e1sok biztos\u00edtj\u00e1k, hogy \u00d6n a helyi \u00e9s nemzetk\u00f6zi el\u0151\u00edr\u00e1soknak megfelel\u0151, t\u00f6rv\u00e9nyes dokumentumokat szerezzen be. Ellen\u0151rz\u00f6tt szak\u00e9rt\u0151ink v\u00e9gigvezetik \u00d6nt a megfelel\u0151 beszerz\u00e9si csatorn\u00e1kon, f\u00fcggetlen\u00fcl att\u00f3l, hogy els\u0151 alkalommal ig\u00e9nyel-e enged\u00e9lyt, p\u00f3tl\u00e1st vagy nemzetk\u00f6zi vezet\u0151i enged\u00e9lyt.<\/p>\n\n\n\n<p>A hamis dokumentumokat szolg\u00e1ltat\u00f3, nem ellen\u0151rz\u00f6tt forr\u00e1sokkal ellent\u00e9tben szakembereink a jogi keretek k\u00f6z\u00f6tt dolgoznak, hogy \u00d6n olyan hiteles enged\u00e9lyeket szerezhessen, amelyek nem okoznak jogi bonyodalmakat.<\/p>\n\n\n\n<h3 class=\"wp-block-heading\">Vil\u00e1gszint\u0171 licencfeldolgoz\u00e1s \u00e9s -k\u00e9zbes\u00edt\u00e9s<\/h3>\n\n\n\n<p>Szolg\u00e1ltat\u00e1saink t\u00f6bb orsz\u00e1g \u00e9s joghat\u00f3s\u00e1g vezet\u0151i enged\u00e9ly\u00e9nek megszerz\u00e9s\u00e9t is lefedik. Ak\u00e1r amerikai vezet\u0151i enged\u00e9lyre, eur\u00f3pai vezet\u0151i enged\u00e9lyre vagy nemzetk\u00f6zi vezet\u0151i igazolv\u00e1nyra van sz\u00fcks\u00e9ge, h\u00e1l\u00f3zatunkban sz\u00e1mos, a k\u00fcl\u00f6nb\u00f6z\u0151 enged\u00e9lyez\u00e9si rendszerekkel j\u00f3l ismer\u0151s szak\u00e9rt\u0151 tal\u00e1lhat\u00f3.<\/p>\n\n\n\n<h3 class=\"wp-block-heading\">Teljes adatv\u00e9delem \u00e9s biztons\u00e1g garant\u00e1lva<\/h3>\n\n\n\n<p>A vezet\u0151i enged\u00e9ly megszerz\u00e9s\u00e9nek \u00e9rz\u00e9keny jelleg\u00e9t figyelembe v\u00e9ve, a teljes folyamat sor\u00e1n teljes titoktart\u00e1st biztos\u00edtunk. Minden kommunik\u00e1ci\u00f3 titkos\u00edtott, \u00e9s szem\u00e9lyes adatai v\u00e9delem alatt \u00e1llnak.<\/p>\n\n\n\n<h3 class=\"wp-block-heading\">\u00c1tfog\u00f3 vezet\u0151i enged\u00e9ly szolg\u00e1ltat\u00e1sok<\/h3>\n\n\n\n<h3 class=\"wp-block-heading\">Els\u0151 alkalommal t\u00f6rt\u00e9n\u0151 vezet\u0151i enged\u00e9ly megszerz\u00e9se<\/h3>\n\n\n\n<p>Az els\u0151 vezet\u0151i enged\u00e9ly megszerz\u00e9s\u00e9hez megfelel\u0151 vizsg\u00e1k \u00e9s dokumentumok sz\u00fcks\u00e9gesek. Szak\u00e9rt\u0151ink seg\u00edtenek \u00d6nnek a folyamat hat\u00e9kony lebonyol\u00edt\u00e1s\u00e1ban, biztos\u00edtva egy\u00fattal az \u00f6sszes k\u00f6vetelm\u00e9ny teljes\u00edt\u00e9s\u00e9t.<\/p>\n\n\n\n<p>A szolg\u00e1ltat\u00e1sok tartalma:<\/p>\n\n\n\n<ul class=\"wp-block-list\">\n<li>G\u00e9pj\u00e1rm\u0171vezet\u0151i oktat\u00e1si program elv\u00e9gz\u00e9se<\/li>\n\n\n\n<li>\u00cdr\u00e1sbeli vizsga el\u0151k\u00e9sz\u00edt\u00e9se \u00e9s seg\u00edts\u00e9gny\u00fajt\u00e1s<\/li>\n\n\n\n<li>\u00datteszt \u00fctemez\u00e9se \u00e9s \u00fatmutat\u00e1s<\/li>\n\n\n\n<li>Dokumentumok feldolgoz\u00e1sa \u00e9s beny\u00fajt\u00e1sa<\/li>\n\n\n\n<li>Enged\u00e9ly \u00e1tv\u00e9tele \u00e9s k\u00e9zbes\u00edt\u00e9se<\/li>\n<\/ul>\n\n\n\n<figure class=\"wp-block-image size-full\"><img loading=\"lazy\" decoding=\"async\" width=\"350\" height=\"223\" src=\"https:\/\/buydiplomashop.com\/wp-content\/uploads\/2025\/12\/buy-a-real-official-valid-driving-license-online.jpg\" alt=\"v\u00e1s\u00e1roljon val\u00f3di, hivatalos, \u00e9rv\u00e9nyes vezet\u0151i enged\u00e9lyt online\" class=\"wp-image-174\" srcset=\"https:\/\/buydiplomashop.com\/wp-content\/uploads\/2025\/12\/buy-a-real-official-valid-driving-license-online.jpg 350w, https:\/\/buydiplomashop.com\/wp-content\/uploads\/2025\/12\/buy-a-real-official-valid-driving-license-online-300x191.jpg 300w, https:\/\/buydiplomashop.com\/wp-content\/uploads\/2025\/12\/buy-a-real-official-valid-driving-license-online-18x12.jpg 18w\" sizes=\"auto, (max-width: 350px) 100vw, 350px\" \/><\/figure>\n\n\n\n<h3 class=\"wp-block-heading\">Elveszett vagy p\u00f3tolt jogos\u00edtv\u00e1ny szolg\u00e1ltat\u00e1sok<\/h3>\n\n\n\n<p>Ha elvesztette a vezet\u0151i enged\u00e9ly\u00e9t, vagy s\u00e9r\u00fcl\u00e9s miatt cser\u00e9re szorul, szak\u00e9rt\u0151ink hivatalos csatorn\u00e1kon kereszt\u00fcl seg\u00edthetnek a cser\u00e9l\u00e9si folyamat felgyors\u00edt\u00e1s\u00e1ban.<\/p>\n\n\n\n<p>A csere szolg\u00e1ltat\u00e1sok a k\u00f6vetkez\u0151ket tartalmazz\u00e1k:<\/p>\n\n\n\n<ul class=\"wp-block-list\">\n<li>Elveszett jogos\u00edtv\u00e1ny dokument\u00e1ci\u00f3<\/li>\n\n\n\n<li>S\u00e9r\u00fclt jogos\u00edtv\u00e1ny p\u00f3tl\u00e1sa<\/li>\n\n\n\n<li>N\u00e9vv\u00e1ltoztat\u00e1s feldolgoz\u00e1sa<\/li>\n\n\n\n<li>C\u00edmfriss\u00edt\u00e9si szolg\u00e1ltat\u00e1sok<\/li>\n\n\n\n<li>Gyors\u00edtott feldolgoz\u00e1si lehet\u0151s\u00e9gek<\/li>\n<\/ul>\n\n\n\n<h3 class=\"wp-block-heading\">Nemzetk\u00f6zi vezet\u0151i enged\u00e9lyekhez kapcsol\u00f3d\u00f3 seg\u00edts\u00e9gny\u00fajt\u00e1s<\/h3>\n\n\n\n<p>Az utaz\u00f3k \u00e9s a k\u00fclf\u00f6ld\u00f6n \u00e9l\u0151 expatok sz\u00e1m\u00e1ra a nemzetk\u00f6zi vezet\u0151i enged\u00e9ly elengedhetetlen a k\u00fclf\u00f6ldi orsz\u00e1gokban val\u00f3 leg\u00e1lis vezet\u00e9shez. Szak\u00e9rt\u0151ink seg\u00edtenek \u00d6nnek a megfelel\u0151 nemzetk\u00f6zi okm\u00e1nyok megszerz\u00e9s\u00e9ben.<\/p>\n\n\n\n<p>A nemzetk\u00f6zi szolg\u00e1ltat\u00e1sok a k\u00f6vetkez\u0151ket tartalmazz\u00e1k:<\/p>\n\n\n\n<ul class=\"wp-block-list\">\n<li>Nemzetk\u00f6zi vezet\u0151i enged\u00e9ly (IDP) feldolgoz\u00e1sa<\/li>\n\n\n\n<li>Orsz\u00e1gspecifikus licenc\u00e1talak\u00edt\u00e1s<\/li>\n\n\n\n<li>Ford\u00edt\u00e1si szolg\u00e1ltat\u00e1sok k\u00fclf\u00f6ldi enged\u00e9lyekhez<\/li>\n\n\n\n<li>K\u00fclf\u00f6ldiek sz\u00e1m\u00e1ra sz\u00fcks\u00e9ges jogi vezet\u00e9si dokumentumok<\/li>\n\n\n\n<li>Ideiglenes l\u00e1togat\u00f3i enged\u00e9lyekhez ny\u00fajtott seg\u00edts\u00e9g<\/li>\n<\/ul>\n\n\n\n<h3 class=\"wp-block-heading\">Kereskedelmi j\u00e1rm\u0171vezet\u0151i enged\u00e9ly (CDL) szolg\u00e1ltat\u00e1sok<\/h3>\n\n\n\n<p>A kereskedelmi enged\u00e9lyt ig\u00e9nyl\u0151 hivat\u00e1sos j\u00e1rm\u0171vezet\u0151k ig\u00e9nybe vehetik speci\u00e1lis CDL-megszerz\u00e9si szolg\u00e1ltat\u00e1sainkat.<\/p>\n\n\n\n<p>A CDL szolg\u00e1ltat\u00e1sok a k\u00f6vetkez\u0151ket tartalmazz\u00e1k:<\/p>\n\n\n\n<ul class=\"wp-block-list\">\n<li>A, B \u00e9s C oszt\u00e1ly\u00fa jogos\u00edtv\u00e1ny megszerz\u00e9se<\/li>\n\n\n\n<li>J\u00f3v\u00e1hagy\u00e1s feldolgoz\u00e1sa (vesz\u00e9lyes \u00e1ruk, tart\u00e1lykocsik stb.)<\/li>\n\n\n\n<li>Orvosi igazol\u00e1s elk\u00e9sz\u00edt\u00e9s\u00e9ben val\u00f3 seg\u00edts\u00e9gny\u00fajt\u00e1s<\/li>\n\n\n\n<li>K\u00e9szs\u00e9gek tesztel\u00e9s\u00e9nek koordin\u00e1l\u00e1sa<\/li>\n\n\n\n<li>Haszonj\u00e1rm\u0171-k\u00e9pz\u00e9sre val\u00f3 beutal\u00e1sok<\/li>\n<\/ul>\n\n\n\n<h4 class=\"wp-block-heading\">Hogyan m\u0171k\u00f6dik a vezet\u0151i enged\u00e9ly kiad\u00e1si folyamatunk?<\/h4>\n\n\n\n<h4 class=\"wp-block-heading\">1. l\u00e9p\u00e9s: Bizalmas konzult\u00e1ci\u00f3<\/h4>\n\n\n\n<p>Minden enged\u00e9ly megszerz\u00e9se egy szem\u00e9lyes konzult\u00e1ci\u00f3val kezd\u0151dik, amelynek c\u00e9lja az \u00d6n egyedi ig\u00e9nyeinek meg\u00e9rt\u00e9se \u00e9s a megfelel\u0151 strat\u00e9gia kidolgoz\u00e1sa. Szak\u00e9rt\u0151ink megbesz\u00e9lik \u00d6nnel a helyzet\u00e9t, a sz\u00fcks\u00e9ges enged\u00e9ly t\u00edpus\u00e1t \u00e9s az id\u0151beli elv\u00e1r\u00e1sokat.<\/p>\n\n\n\n<h4 class=\"wp-block-heading\">2. l\u00e9p\u00e9s: Dokument\u00e1ci\u00f3 \u00e9s k\u00f6vetelm\u00e9nyek \u00e9rt\u00e9kel\u00e9se<\/h4>\n\n\n\n<p>Szak\u00e9rt\u0151ink \u00e1ttekintik az enged\u00e9ly megszerz\u00e9s\u00e9hez sz\u00fcks\u00e9ges jogosults\u00e1gi k\u00f6vetelm\u00e9nyeket \u00e9s dokumentumokat. Ez mag\u00e1ban foglalja a szem\u00e9lyazonoss\u00e1g ellen\u0151rz\u00e9s\u00e9t, a lak\u00f3helyre vonatkoz\u00f3 k\u00f6vetelm\u00e9nyeket \u00e9s a vizsg\u00e1k el\u0151felt\u00e9teleit.<\/p>\n\n\n\n<h4 class=\"wp-block-heading\">3. l\u00e9p\u00e9s: Feldolgoz\u00e1s \u00e9s jogszer\u0171 megszerz\u00e9s<\/h4>\n\n\n\n<p>Szak\u00e9rt\u0151ink t\u00f6rv\u00e9nyes csatorn\u00e1kat haszn\u00e1lva el\u0151seg\u00edtik a megfelel\u0151 beszerz\u00e9si folyamatot a hivatalos vizsgak\u00f6zpontokon \u00e9s enged\u00e9lyez\u0151 hat\u00f3s\u00e1gokon kereszt\u00fcl, amennyiben ez alkalmazhat\u00f3.<\/p>\n\n\n\n<h4 class=\"wp-block-heading\">4. l\u00e9p\u00e9s: Sz\u00e1ll\u00edt\u00e1s \u00e9s ut\u00f3lagos t\u00e1mogat\u00e1s<\/h4>\n\n\n\n<p>A licenc megszerz\u00e9se ut\u00e1n biztons\u00e1gos sz\u00e1ll\u00edt\u00e1si lehet\u0151s\u00e9geket \u00e9s ut\u00f3lagos t\u00e1mogat\u00e1st biztos\u00edtunk minden tov\u00e1bbi ig\u00e9ny vagy meg\u00faj\u00edt\u00e1s eset\u00e9n.<\/p>\n\n\n\n<h5 class=\"wp-block-heading\">A hiteles\u00edtett vezet\u0151i enged\u00e9ly szolg\u00e1ltat\u00e1sok el\u0151nyei<\/h5>\n\n\n\n<h5 class=\"wp-block-heading\">Gyors \u00e9s hat\u00e9kony feldolgoz\u00e1s<\/h5>\n\n\n\n<p>H\u00e1l\u00f3zatunk kapcsolatot tart fenn tesztel\u0151 k\u00f6zpontokkal \u00e9s enged\u00e9lyez\u0151 hat\u00f3s\u00e1gokkal, hogy a jogi el\u0151\u00edr\u00e1sok betart\u00e1sa mellett gyors\u00edtsa az akviz\u00edci\u00f3s folyamatot.<\/p>\n\n\n\n<h5 class=\"wp-block-heading\">100% Hiteles dokument\u00e1ci\u00f3<\/h5>\n\n\n\n<p>A szolg\u00e1ltat\u00e1sainkon kereszt\u00fcl megszerzett minden jogos\u00edtv\u00e1ny megfelel a hivatalos szabv\u00e1nyoknak \u00e9s szab\u00e1lyoz\u00e1si k\u00f6vetelm\u00e9nyeknek, \u00edgy biztos\u00edtva a vezet\u00e9shez, foglalkoztat\u00e1shoz \u00e9s azonos\u00edt\u00e1shoz val\u00f3 elfogadotts\u00e1got.<\/p>\n\n\n\n<h5 class=\"wp-block-heading\">Glob\u00e1lis szolg\u00e1ltat\u00e1s el\u00e9rhet\u0151s\u00e9g<\/h5>\n\n\n\n<p>Szak\u00e9rt\u0151ink vil\u00e1gszerte m\u0171k\u00f6d\u0151 enged\u00e9lyez\u00e9si rendszerekkel dolgoznak, \u00e9s k\u00fcl\u00f6nb\u00f6z\u0151 orsz\u00e1gok \u00e9s joghat\u00f3s\u00e1gok sz\u00e1m\u00e1ra ny\u00fajtanak szolg\u00e1ltat\u00e1sokat.<\/p>\n\n\n\n<h5 class=\"wp-block-heading\">Diszkr\u00e9t \u00e9s professzion\u00e1lis szolg\u00e1ltat\u00e1s<\/h5>\n\n\n\n<p>A teljes folyamat sor\u00e1n teljes titoktart\u00e1s biztos\u00edtott, biztons\u00e1gos kommunik\u00e1ci\u00f3val \u00e9s n\u00e9vtelen feldolgoz\u00e1si lehet\u0151s\u00e9gekkel.<\/p>\n\n\n\n<h6 class=\"wp-block-heading\">Gyakori vezet\u0151i enged\u00e9ly megszerz\u00e9si esetek<\/h6>\n\n\n\n<h6 class=\"wp-block-heading\">Elveszett vagy ellopott jogos\u00edtv\u00e1ny p\u00f3tl\u00e1sa<\/h6>\n\n\n\n<p>Az emberek leggyakrabban az\u00e9rt ig\u00e9nylik a vezet\u0151i enged\u00e9lyekkel kapcsolatos szolg\u00e1ltat\u00e1sokat, hogy elvesztett vagy ellopott enged\u00e9ly\u00fcket gyorsan \u00e9s hat\u00e9konyan p\u00f3tolj\u00e1k.<\/p>\n\n\n\n<h6 class=\"wp-block-heading\">Lej\u00e1rt enged\u00e9ly meg\u00faj\u00edt\u00e1sa<\/h6>\n\n\n\n<p>Lej\u00e1rt enged\u00e9llyel rendelkez\u0151 szem\u00e9lyek sz\u00e1m\u00e1ra szak\u00e9rt\u0151ink seg\u00edtenek eligazodni a meg\u00faj\u00edt\u00e1si k\u00f6vetelm\u00e9nyekben \u00e9s felgyors\u00edtani az elj\u00e1r\u00e1st.<\/p>\n\n\n\n<h6 class=\"wp-block-heading\">Nemzetk\u00f6zi jogos\u00edtv\u00e1ny \u00e1tv\u00e1lt\u00e1s<\/h6>\n\n\n\n<p>A k\u00fclf\u00f6ld\u00f6n \u00e9l\u0151 \u00e9s hossz\u00fa t\u00e1v\u00fa utaz\u00f3knak gyakran sz\u00fcks\u00e9g\u00fck van k\u00fclf\u00f6ldi jogos\u00edtv\u00e1nyuk helyi jogos\u00edtv\u00e1nny\u00e1 t\u00f6rt\u00e9n\u0151 \u00e1tv\u00e1lt\u00e1s\u00e1ra vagy nemzetk\u00f6zi enged\u00e9ly megszerz\u00e9s\u00e9re.<\/p>\n\n\n\n<h6 class=\"wp-block-heading\">Els\u0151 alkalommal t\u00f6rt\u00e9n\u0151 enged\u00e9ly megszerz\u00e9se<\/h6>\n\n\n\n<p>Az \u00faj j\u00e1rm\u0171vezet\u0151k professzion\u00e1lis \u00fatmutat\u00e1st kapnak a tesztel\u00e9si k\u00f6vetelm\u00e9nyek \u00e9s a dokument\u00e1ci\u00f3s folyamatok tekintet\u00e9ben.<\/p>\n\n\n\n<h6 class=\"wp-block-heading\">Szerezze meg m\u00e9g ma a vezet\u0151i enged\u00e9ly\u00e9t!<\/h6>\n\n\n\n<p>Ne hagyja, hogy a jogos\u00edtv\u00e1nyi probl\u00e9m\u00e1k befoly\u00e1solj\u00e1k mobilit\u00e1s\u00e1t \u00e9s mindennapi tev\u00e9kenys\u00e9geit. Ellen\u0151rz\u00f6tt h\u00e1l\u00f3zatunk gyors, biztons\u00e1gos \u00e9s teljesen bizalmas jogos\u00edtv\u00e1ny-szolg\u00e1ltat\u00e1sokat ny\u00fajt minden ig\u00e9ny\u00e9nek kiel\u00e9g\u00edt\u00e9s\u00e9re.<\/p>\n\n\n\n<p>Ak\u00e1r el\u0151sz\u00f6r szeretne vezet\u0151i enged\u00e9lyt v\u00e1s\u00e1rolni, ak\u00e1r p\u00f3tl\u00e1sra van sz\u00fcks\u00e9ge, ak\u00e1r nemzetk\u00f6zi vezet\u0151i enged\u00e9lyre van sz\u00fcks\u00e9ge, platformunk \u00f6sszek\u00f6ti \u00d6nt a konkr\u00e9t helyzet\u00e9hez legmegfelel\u0151bb szak\u00e9rt\u0151kkel.<\/p>\n\n\n\n<p>K\u00e9szen \u00e1llsz a jogos\u00edtv\u00e1ny megszerz\u00e9s\u00e9re? <a href=\"https:\/\/buydiplomashop.com\/hu\/kapcsolatfelvetel\/\">Kapcsolat<\/a> csapatunkkal m\u00e9g ma, hogy megbesz\u00e9ljen egy bizalmas konzult\u00e1ci\u00f3t, \u00e9s megtudja, mi\u00e9rt b\u00edznak benn\u00fcnk ezrek. <a href=\"https:\/\/buydiplomashop.com\/hu\/\">BuyDiplomaShop.com<\/a> vezet\u0151i enged\u00e9ly\u00fckkel kapcsolatos ig\u00e9nyeikhez.<\/p>","protected":false},"excerpt":{"rendered":"<p>Buy Driving License &#8211; Professional Driver&#8217;s License Services Need to buy a driving license? At BuyDiplomaShop.com, we provide legitimate driver&#8217;s license acquisition services for individuals who need valid driving credentials. Whether you&#8217;ve lost your license, need a replacement, or require a license for international travel, our verified professionals help you obtain authentic driving documents through&hellip;&nbsp;<a href=\"https:\/\/buydiplomashop.com\/hu\/buy-driving-license\/\" rel=\"bookmark\"><span class=\"screen-reader-text\">Vezet\u0151i enged\u00e9ly v\u00e1s\u00e1rl\u00e1sa<\/span><\/a><\/p>","protected":false},"author":1,"featured_media":0,"parent":0,"menu_order":0,"comment_status":"closed","ping_status":"closed","template":"","meta":{"neve_meta_sidebar":"","neve_meta_container":"","neve_meta_enable_content_width":"","neve_meta_content_width":0,"neve_meta_title_alignment":"","neve_meta_author_avatar":"","neve_post_elements_order":"","neve_meta_disable_header":"","neve_meta_disable_footer":"","neve_meta_disable_title":"","footnotes":""},"class_list":["post-168","page","type-page","status-publish","hentry"],"yoast_head":"<!-- This site is optimized with the Yoast SEO plugin v27.5 - https:\/\/yoast.com\/product\/yoast-seo-wordpress\/ -->\n<title>Buy Driving License - Buy a diploma, certificate and degrees<\/title>\n<meta name=\"description\" content=\"Buy a valid driving license online safely and legally. Fast processing, worldwide delivery, and 100% authentic licenses.\" \/>\n<meta name=\"robots\" content=\"index, follow, max-snippet:-1, max-image-preview:large, max-video-preview:-1\" \/>\n<link rel=\"canonical\" href=\"https:\/\/buydiplomashop.com\/hu\/jogositvany-vasarlas\/\" \/>\n<meta property=\"og:locale\" content=\"hu_HU\" \/>\n<meta property=\"og:type\" content=\"article\" \/>\n<meta property=\"og:title\" content=\"Buy Driving License - Buy a diploma, certificate and degrees\" \/>\n<meta property=\"og:description\" content=\"Buy a valid driving license online safely and legally. Fast processing, worldwide delivery, and 100% authentic licenses.\" \/>\n<meta property=\"og:url\" content=\"https:\/\/buydiplomashop.com\/hu\/jogositvany-vasarlas\/\" \/>\n<meta property=\"og:site_name\" content=\"Buy a diploma, certificate and degrees\" \/>\n<meta property=\"article:modified_time\" content=\"2025-12-11T09:38:39+00:00\" \/>\n<meta property=\"og:image\" content=\"https:\/\/buydiplomashop.com\/wp-content\/uploads\/2025\/12\/buy-driving-license.jpg\" \/>\n\t<meta property=\"og:image:width\" content=\"282\" \/>\n\t<meta property=\"og:image:height\" content=\"178\" \/>\n\t<meta property=\"og:image:type\" content=\"image\/jpeg\" \/>\n<meta name=\"twitter:card\" content=\"summary_large_image\" \/>\n<meta name=\"twitter:label1\" content=\"Becs\u00fclt olvas\u00e1si id\u0151\" \/>\n\t<meta name=\"twitter:data1\" content=\"5 perc\" \/>\n<script type=\"application\/ld+json\" class=\"yoast-schema-graph\">{\"@context\":\"https:\\\/\\\/schema.org\",\"@graph\":[{\"@type\":\"WebPage\",\"@id\":\"https:\\\/\\\/buydiplomashop.com\\\/buy-driving-license\\\/\",\"url\":\"https:\\\/\\\/buydiplomashop.com\\\/buy-driving-license\\\/\",\"name\":\"Buy Driving License - Buy a diploma, certificate and degrees\",\"isPartOf\":{\"@id\":\"https:\\\/\\\/buydiplomashop.com\\\/#website\"},\"primaryImageOfPage\":{\"@id\":\"https:\\\/\\\/buydiplomashop.com\\\/buy-driving-license\\\/#primaryimage\"},\"image\":{\"@id\":\"https:\\\/\\\/buydiplomashop.com\\\/buy-driving-license\\\/#primaryimage\"},\"thumbnailUrl\":\"https:\\\/\\\/buydiplomashop.com\\\/wp-content\\\/uploads\\\/2025\\\/12\\\/buy-driving-license.jpg\",\"datePublished\":\"2025-12-11T09:33:59+00:00\",\"dateModified\":\"2025-12-11T09:38:39+00:00\",\"description\":\"Buy a valid driving license online safely and legally. Fast processing, worldwide delivery, and 100% authentic licenses.\",\"breadcrumb\":{\"@id\":\"https:\\\/\\\/buydiplomashop.com\\\/buy-driving-license\\\/#breadcrumb\"},\"inLanguage\":\"hu\",\"potentialAction\":[{\"@type\":\"ReadAction\",\"target\":[\"https:\\\/\\\/buydiplomashop.com\\\/buy-driving-license\\\/\"]}]},{\"@type\":\"ImageObject\",\"inLanguage\":\"hu\",\"@id\":\"https:\\\/\\\/buydiplomashop.com\\\/buy-driving-license\\\/#primaryimage\",\"url\":\"https:\\\/\\\/buydiplomashop.com\\\/wp-content\\\/uploads\\\/2025\\\/12\\\/buy-driving-license.jpg\",\"contentUrl\":\"https:\\\/\\\/buydiplomashop.com\\\/wp-content\\\/uploads\\\/2025\\\/12\\\/buy-driving-license.jpg\"},{\"@type\":\"BreadcrumbList\",\"@id\":\"https:\\\/\\\/buydiplomashop.com\\\/buy-driving-license\\\/#breadcrumb\",\"itemListElement\":[{\"@type\":\"ListItem\",\"position\":1,\"name\":\"Home\",\"item\":\"https:\\\/\\\/buydiplomashop.com\\\/\"},{\"@type\":\"ListItem\",\"position\":2,\"name\":\"Buy Driving License\"}]},{\"@type\":\"WebSite\",\"@id\":\"https:\\\/\\\/buydiplomashop.com\\\/#website\",\"url\":\"https:\\\/\\\/buydiplomashop.com\\\/\",\"name\":\"Buy a diploma, certificate and degrees\",\"description\":\"Buy a diploma online, certificates, degrees\",\"potentialAction\":[{\"@type\":\"SearchAction\",\"target\":{\"@type\":\"EntryPoint\",\"urlTemplate\":\"https:\\\/\\\/buydiplomashop.com\\\/?s={search_term_string}\"},\"query-input\":{\"@type\":\"PropertyValueSpecification\",\"valueRequired\":true,\"valueName\":\"search_term_string\"}}],\"inLanguage\":\"hu\"}]}<\/script>\n<!-- \/ Yoast SEO plugin. -->","yoast_head_json":{"title":"Vezet\u0151i enged\u00e9ly v\u00e1s\u00e1rl\u00e1sa - Oklev\u00e9l, bizony\u00edtv\u00e1ny \u00e9s diplom\u00e1k v\u00e1s\u00e1rl\u00e1sa","description":"V\u00e1s\u00e1roljon \u00e9rv\u00e9nyes vezet\u0151i enged\u00e9lyt online, biztons\u00e1gosan \u00e9s leg\u00e1lisan. Gyors feldolgoz\u00e1s, vil\u00e1gszint\u0171 sz\u00e1ll\u00edt\u00e1s \u00e9s 100% hiteles enged\u00e9lyek.","robots":{"index":"index","follow":"follow","max-snippet":"max-snippet:-1","max-image-preview":"max-image-preview:large","max-video-preview":"max-video-preview:-1"},"canonical":"https:\/\/buydiplomashop.com\/hu\/jogositvany-vasarlas\/","og_locale":"hu_HU","og_type":"article","og_title":"Buy Driving License - Buy a diploma, certificate and degrees","og_description":"Buy a valid driving license online safely and legally. Fast processing, worldwide delivery, and 100% authentic licenses.","og_url":"https:\/\/buydiplomashop.com\/hu\/jogositvany-vasarlas\/","og_site_name":"Buy a diploma, certificate and degrees","article_modified_time":"2025-12-11T09:38:39+00:00","og_image":[{"width":282,"height":178,"url":"https:\/\/buydiplomashop.com\/wp-content\/uploads\/2025\/12\/buy-driving-license.jpg","type":"image\/jpeg"}],"twitter_card":"summary_large_image","twitter_misc":{"Becs\u00fclt olvas\u00e1si id\u0151":"5 perc"},"schema":{"@context":"https:\/\/schema.org","@graph":[{"@type":"WebPage","@id":"https:\/\/buydiplomashop.com\/buy-driving-license\/","url":"https:\/\/buydiplomashop.com\/buy-driving-license\/","name":"Vezet\u0151i enged\u00e9ly v\u00e1s\u00e1rl\u00e1sa - Oklev\u00e9l, bizony\u00edtv\u00e1ny \u00e9s diplom\u00e1k v\u00e1s\u00e1rl\u00e1sa","isPartOf":{"@id":"https:\/\/buydiplomashop.com\/#website"},"primaryImageOfPage":{"@id":"https:\/\/buydiplomashop.com\/buy-driving-license\/#primaryimage"},"image":{"@id":"https:\/\/buydiplomashop.com\/buy-driving-license\/#primaryimage"},"thumbnailUrl":"https:\/\/buydiplomashop.com\/wp-content\/uploads\/2025\/12\/buy-driving-license.jpg","datePublished":"2025-12-11T09:33:59+00:00","dateModified":"2025-12-11T09:38:39+00:00","description":"V\u00e1s\u00e1roljon \u00e9rv\u00e9nyes vezet\u0151i enged\u00e9lyt online, biztons\u00e1gosan \u00e9s leg\u00e1lisan. Gyors feldolgoz\u00e1s, vil\u00e1gszint\u0171 sz\u00e1ll\u00edt\u00e1s \u00e9s 100% hiteles enged\u00e9lyek.","breadcrumb":{"@id":"https:\/\/buydiplomashop.com\/buy-driving-license\/#breadcrumb"},"inLanguage":"hu","potentialAction":[{"@type":"ReadAction","target":["https:\/\/buydiplomashop.com\/buy-driving-license\/"]}]},{"@type":"ImageObject","inLanguage":"hu","@id":"https:\/\/buydiplomashop.com\/buy-driving-license\/#primaryimage","url":"https:\/\/buydiplomashop.com\/wp-content\/uploads\/2025\/12\/buy-driving-license.jpg","contentUrl":"https:\/\/buydiplomashop.com\/wp-content\/uploads\/2025\/12\/buy-driving-license.jpg"},{"@type":"BreadcrumbList","@id":"https:\/\/buydiplomashop.com\/buy-driving-license\/#breadcrumb","itemListElement":[{"@type":"ListItem","position":1,"name":"Home","item":"https:\/\/buydiplomashop.com\/"},{"@type":"ListItem","position":2,"name":"Buy Driving License"}]},{"@type":"WebSite","@id":"https:\/\/buydiplomashop.com\/#website","url":"https:\/\/buydiplomashop.com\/","name":"Diploma, bizony\u00edtv\u00e1ny \u00e9s oklevelek v\u00e1s\u00e1rl\u00e1sa","description":"Diploma online v\u00e1s\u00e1rl\u00e1sa, bizony\u00edtv\u00e1nyok, oklevelek, diplom\u00e1k","potentialAction":[{"@type":"SearchAction","target":{"@type":"EntryPoint","urlTemplate":"https:\/\/buydiplomashop.com\/?s={search_term_string}"},"query-input":{"@type":"PropertyValueSpecification","valueRequired":true,"valueName":"search_term_string"}}],"inLanguage":"hu"}]}},"_links":{"self":[{"href":"https:\/\/buydiplomashop.com\/hu\/wp-json\/wp\/v2\/pages\/168","targetHints":{"allow":["GET"]}}],"collection":[{"href":"https:\/\/buydiplomashop.com\/hu\/wp-json\/wp\/v2\/pages"}],"about":[{"href":"https:\/\/buydiplomashop.com\/hu\/wp-json\/wp\/v2\/types\/page"}],"author":[{"embeddable":true,"href":"https:\/\/buydiplomashop.com\/hu\/wp-json\/wp\/v2\/users\/1"}],"replies":[{"embeddable":true,"href":"https:\/\/buydiplomashop.com\/hu\/wp-json\/wp\/v2\/comments?post=168"}],"version-history":[{"count":6,"href":"https:\/\/buydiplomashop.com\/hu\/wp-json\/wp\/v2\/pages\/168\/revisions"}],"predecessor-version":[{"id":179,"href":"https:\/\/buydiplomashop.com\/hu\/wp-json\/wp\/v2\/pages\/168\/revisions\/179"}],"wp:attachment":[{"href":"https:\/\/buydiplomashop.com\/hu\/wp-json\/wp\/v2\/media?parent=168"}],"curies":[{"name":"wp","href":"https:\/\/api.w.org\/{rel}","templated":true}]}}