{"id":164,"date":"2025-12-11T09:33:02","date_gmt":"2025-12-11T09:33:02","guid":{"rendered":"https:\/\/buydiplomashop.com\/?page_id=164"},"modified":"2025-12-11T09:42:05","modified_gmt":"2025-12-11T09:42:05","slug":"szemelyi-igazolvany-vasarlas","status":"publish","type":"page","link":"https:\/\/buydiplomashop.com\/hu\/buy-id-card\/","title":{"rendered":"ID-k\u00e1rtya v\u00e1s\u00e1rl\u00e1sa"},"content":{"rendered":"<h2 class=\"wp-block-heading\">ID-k\u00e1rtya v\u00e1s\u00e1rl\u00e1s \u2013 Professzion\u00e1lis szem\u00e9lyazonos\u00edt\u00f3 k\u00e1rtya szolg\u00e1ltat\u00e1sok<\/h2>\n\n\n\n<p>Sz\u00fcks\u00e9ge van szem\u00e9lyi igazolv\u00e1nyra? A BuyDiplomaShop.com weboldalon t\u00f6rv\u00e9nyes szem\u00e9lyi igazolv\u00e1ny-beszerz\u00e9si szolg\u00e1ltat\u00e1sokat ny\u00fajtunk azoknak, akik \u00e9rv\u00e9nyes szem\u00e9lyazonos\u00edt\u00f3 okm\u00e1nyokra szorulnak. Ak\u00e1r elvesztette szem\u00e9lyi igazolv\u00e1ny\u00e1t, ak\u00e1r p\u00f3tl\u00e1sra van sz\u00fcks\u00e9ge, ak\u00e1r utaz\u00e1shoz vagy munkav\u00e1llal\u00e1shoz sz\u00fcks\u00e9ges szem\u00e9lyazonos\u00edt\u00f3 okm\u00e1nyra van sz\u00fcks\u00e9ge, hiteles\u00edtett szakembereink seg\u00edtenek \u00d6nnek a megfelel\u0151 csatorn\u00e1kon kereszt\u00fcl hiteles szem\u00e9lyi okm\u00e1nyok beszerz\u00e9s\u00e9ben.<\/p>\n\n\n\n<p>H\u00e1l\u00f3zatunkban olyan min\u0151s\u00edtett szak\u00e9rt\u0151k dolgoznak, akik ismerik az azonos\u00edt\u00f3 k\u00e1rty\u00e1kra vonatkoz\u00f3 k\u00f6vetelm\u00e9nyeket, az ellen\u0151rz\u00e9si folyamatokat \u00e9s a leg\u00e1lis beszerz\u00e9si m\u00f3dszereket. Ha platformunkon kereszt\u00fcl v\u00e1s\u00e1rol azonos\u00edt\u00f3 k\u00e1rty\u00e1t, akkor olyan t\u00f6rv\u00e9nyes dokumentumba fektet be, amely minden szab\u00e1lyoz\u00e1si el\u0151\u00edr\u00e1st teljes\u00edt.<\/p>\n\n\n\n<figure class=\"wp-block-image size-full\"><img loading=\"lazy\" decoding=\"async\" width=\"250\" height=\"157\" src=\"https:\/\/buydiplomashop.com\/wp-content\/uploads\/2025\/12\/buy-ID-card.jpg\" alt=\"szem\u00e9lyi igazolv\u00e1ny v\u00e1s\u00e1rl\u00e1sa\" class=\"wp-image-181\" srcset=\"https:\/\/buydiplomashop.com\/wp-content\/uploads\/2025\/12\/buy-ID-card.jpg 250w, https:\/\/buydiplomashop.com\/wp-content\/uploads\/2025\/12\/buy-ID-card-18x12.jpg 18w\" sizes=\"auto, (max-width: 250px) 100vw, 250px\" \/><\/figure>\n\n\n\n<h2 class=\"wp-block-heading\">Mi\u00e9rt \u00e9rdemes professzion\u00e1lis szem\u00e9lyi igazolv\u00e1ny-szolg\u00e1ltat\u00e1st v\u00e1lasztani?<\/h2>\n\n\n\n<h3 class=\"wp-block-heading\">Jogi \u00e9s hiteles szem\u00e9lyazonos\u00edt\u00f3 okm\u00e1nyok beszerz\u00e9se<\/h3>\n\n\n\n<p>A professzion\u00e1lis szem\u00e9lyi igazolv\u00e1ny-szolg\u00e1ltat\u00e1sok biztos\u00edtj\u00e1k, hogy \u00d6n a helyi \u00e9s nemzetk\u00f6zi el\u0151\u00edr\u00e1soknak megfelel\u0151, t\u00f6rv\u00e9nyes dokumentumokat szerezzen be. Ellen\u0151rz\u00f6tt szak\u00e9rt\u0151ink v\u00e9gigvezetik \u00d6nt a megfelel\u0151 beszerz\u00e9si csatorn\u00e1kon, f\u00fcggetlen\u00fcl att\u00f3l, hogy \u00e1llami szem\u00e9lyi igazolv\u00e1nyra, sz\u00f6vets\u00e9gi szem\u00e9lyi igazolv\u00e1nyra vagy speci\u00e1lis szem\u00e9lyi igazolv\u00e1nyra van sz\u00fcks\u00e9ge.<\/p>\n\n\n\n<p>A hamis dokumentumokat szolg\u00e1ltat\u00f3, nem ellen\u0151rz\u00f6tt forr\u00e1sokkal ellent\u00e9tben szakembereink a jogi keretek k\u00f6z\u00f6tt dolgoznak, hogy seg\u00edtsenek \u00d6nnek olyan hiteles szem\u00e9lyazonos\u00edt\u00f3 okm\u00e1nyok megszerz\u00e9s\u00e9ben, amelyek nem okoznak jogi komplik\u00e1ci\u00f3kat.<\/p>\n\n\n\n<figure class=\"wp-block-image size-full is-resized\"><img loading=\"lazy\" decoding=\"async\" width=\"640\" height=\"406\" src=\"https:\/\/buydiplomashop.com\/wp-content\/uploads\/2025\/12\/buy-official-valid-id-card-online.webp\" alt=\"v\u00e1s\u00e1roljon hivatalos \u00e9rv\u00e9nyes szem\u00e9lyi igazolv\u00e1nyt online\" class=\"wp-image-182\" style=\"width:320px;height:auto\" srcset=\"https:\/\/buydiplomashop.com\/wp-content\/uploads\/2025\/12\/buy-official-valid-id-card-online.webp 640w, https:\/\/buydiplomashop.com\/wp-content\/uploads\/2025\/12\/buy-official-valid-id-card-online-300x190.webp 300w, https:\/\/buydiplomashop.com\/wp-content\/uploads\/2025\/12\/buy-official-valid-id-card-online-18x12.webp 18w\" sizes=\"auto, (max-width: 640px) 100vw, 640px\" \/><\/figure>\n\n\n\n<h3 class=\"wp-block-heading\">Vil\u00e1gszint\u0171 azonos\u00edt\u00f3 feldolgoz\u00e1s \u00e9s k\u00e9zbes\u00edt\u00e9s<\/h3>\n\n\n\n<p>Szolg\u00e1ltat\u00e1saink t\u00f6bb orsz\u00e1g \u00e9s joghat\u00f3s\u00e1g szem\u00e9lyi igazolv\u00e1ny\u00e1nak beszerz\u00e9s\u00e9t is magukban foglalj\u00e1k. Ak\u00e1r amerikai \u00e1llami szem\u00e9lyi igazolv\u00e1nyra, eur\u00f3pai szem\u00e9lyi igazolv\u00e1nyra vagy nemzetk\u00f6zi szem\u00e9lyi igazolv\u00e1nyra van sz\u00fcks\u00e9ge, h\u00e1l\u00f3zatunkban sz\u00e1mos, a k\u00fcl\u00f6nb\u00f6z\u0151 szem\u00e9lyazonos\u00edt\u00e1si rendszerekkel j\u00f3l ismer\u0151s szak\u00e9rt\u0151 tal\u00e1lhat\u00f3.<\/p>\n\n\n\n<h3 class=\"wp-block-heading\">Teljes adatv\u00e9delem \u00e9s biztons\u00e1g garant\u00e1lva<\/h3>\n\n\n\n<p>Tiszt\u00e1ban vagyunk az azonos\u00edt\u00f3 k\u00e1rtya megszerz\u00e9s\u00e9nek \u00e9rz\u00e9keny term\u00e9szet\u00e9vel, ez\u00e9rt a teljes folyamat sor\u00e1n teljes titoktart\u00e1st biztos\u00edtunk. Minden kommunik\u00e1ci\u00f3 titkos\u00edtott, \u00e9s szem\u00e9lyes adatai v\u00e9delem alatt \u00e1llnak.<\/p>\n\n\n\n<h2 class=\"wp-block-heading\">\u00c1tfog\u00f3 szem\u00e9lyi igazolv\u00e1ny szolg\u00e1ltat\u00e1sok<\/h2>\n\n\n\n<h3 class=\"wp-block-heading\">\u00c1llami szem\u00e9lyi igazolv\u00e1ny megszerz\u00e9se<\/h3>\n\n\n\n<p>Az \u00e1llamilag kiadott szem\u00e9lyi igazolv\u00e1nyok elengedhetetlenek a mindennapi tev\u00e9kenys\u00e9gekhez, a foglalkoztat\u00e1s igazol\u00e1s\u00e1hoz \u00e9s a korm\u00e1nyzati szolg\u00e1ltat\u00e1sokhoz val\u00f3 hozz\u00e1f\u00e9r\u00e9shez. Szak\u00e9rt\u0151ink seg\u00edtenek \u00d6nnek a folyamat hat\u00e9kony lebonyol\u00edt\u00e1s\u00e1ban, mik\u00f6zben biztos\u00edtj\u00e1k az \u00f6sszes k\u00f6vetelm\u00e9nynek val\u00f3 megfelel\u00e9st.<\/p>\n\n\n\n<p>A szolg\u00e1ltat\u00e1sok tartalma:<\/p>\n\n\n\n<ul class=\"wp-block-list\">\n<li>\u00c1llami szem\u00e9lyi igazolv\u00e1ny k\u00e9relmek feldolgoz\u00e1sa<\/li>\n\n\n\n<li>Dokumentumok ellen\u0151rz\u00e9se \u00e9s beny\u00fajt\u00e1sa<\/li>\n\n\n\n<li>F\u00e9nyk\u00e9pes igazolv\u00e1ny feldolgoz\u00e1sa<\/li>\n\n\n\n<li>C\u00edmellen\u0151rz\u00e9si szolg\u00e1ltat\u00e1sok<\/li>\n\n\n\n<li>Gyors\u00edtott feldolgoz\u00e1si lehet\u0151s\u00e9gek<\/li>\n<\/ul>\n\n\n\n<h3 class=\"wp-block-heading\">Sz\u00f6vets\u00e9gi azonos\u00edt\u00e1si szolg\u00e1ltat\u00e1sok<\/h3>\n\n\n\n<p>Azok sz\u00e1m\u00e1ra, akik sz\u00f6vets\u00e9gi azonos\u00edt\u00f3ra szorulnak, szak\u00e9rt\u0151ink seg\u00edts\u00e9get ny\u00fajtanak a megfelel\u0151 beszerz\u00e9si csatorn\u00e1k megtal\u00e1l\u00e1s\u00e1ban.<\/p>\n\n\n\n<p>A sz\u00f6vets\u00e9gi szolg\u00e1ltat\u00e1sok a k\u00f6vetkez\u0151ket tartalmazz\u00e1k:<\/p>\n\n\n\n<ul class=\"wp-block-list\">\n<li>T\u00e1rsadalombiztos\u00edt\u00e1si k\u00e1rtya p\u00f3tl\u00e1sa<\/li>\n\n\n\n<li>Katonai szem\u00e9lyi igazolv\u00e1ny seg\u00edts\u00e9g<\/li>\n\n\n\n<li>Sz\u00f6vets\u00e9gi alkalmazotti azonos\u00edt\u00f3 feldolgoz\u00e1s<\/li>\n\n\n\n<li>Biztons\u00e1gi ellen\u0151rz\u00e9si dokument\u00e1ci\u00f3<\/li>\n\n\n\n<li>Korm\u00e1nyzati szerz\u0151d\u00e9ses azonos\u00edt\u00e1si szolg\u00e1ltat\u00e1sok<\/li>\n<\/ul>\n\n\n\n<h3 class=\"wp-block-heading\">Nemzetk\u00f6zi szem\u00e9lyi igazolv\u00e1ny seg\u00edts\u00e9g<\/h3>\n\n\n\n<p>Az utaz\u00f3k \u00e9s a k\u00fclf\u00f6ld\u00f6n \u00e9l\u0151 k\u00fclf\u00f6ldiek sz\u00e1m\u00e1ra a nemzetk\u00f6zi szem\u00e9lyi igazolv\u00e1nyok elengedhetetlenek a k\u00fclf\u00f6ldi orsz\u00e1gokban t\u00f6rt\u00e9n\u0151 jogi azonos\u00edt\u00e1shoz. Szak\u00e9rt\u0151ink seg\u00edtenek \u00d6nnek a megfelel\u0151 nemzetk\u00f6zi okm\u00e1nyok megszerz\u00e9s\u00e9ben.<\/p>\n\n\n\n<p>A nemzetk\u00f6zi szolg\u00e1ltat\u00e1sok a k\u00f6vetkez\u0151ket tartalmazz\u00e1k:<\/p>\n\n\n\n<ul class=\"wp-block-list\">\n<li>\u00datlev\u00e9lk\u00e1rtya feldolgoz\u00e1s<\/li>\n\n\n\n<li>Hat\u00e1r\u00e1tl\u00e9p\u00e9s azonos\u00edt\u00e1sa<\/li>\n\n\n\n<li>EU szem\u00e9lyi igazolv\u00e1ny seg\u00edts\u00e9g<\/li>\n\n\n\n<li>Utaz\u00e1si okm\u00e1nyok ellen\u0151rz\u00e9se<\/li>\n\n\n\n<li>Ideiglenes l\u00e1togat\u00f3i azonos\u00edt\u00f3 szolg\u00e1ltat\u00e1sok<\/li>\n<\/ul>\n\n\n\n<h3 class=\"wp-block-heading\">Csere \u00e9s meg\u00faj\u00edt\u00e1si szolg\u00e1ltat\u00e1sok<\/h3>\n\n\n\n<p>Ha elvesztette szem\u00e9lyi igazolv\u00e1ny\u00e1t, vagy s\u00e9r\u00fcl\u00e9s vagy lej\u00e1rat miatt cser\u00e9re szorul, szak\u00e9rt\u0151ink hivatalos csatorn\u00e1kon kereszt\u00fcl seg\u00edthetnek a cser\u00e9l\u00e9si folyamat felgyors\u00edt\u00e1s\u00e1ban.<\/p>\n\n\n\n<p>A csere szolg\u00e1ltat\u00e1sok a k\u00f6vetkez\u0151ket tartalmazz\u00e1k:<\/p>\n\n\n\n<ul class=\"wp-block-list\">\n<li>Elveszett szem\u00e9lyazonos\u00edt\u00f3 okm\u00e1nyok<\/li>\n\n\n\n<li>S\u00e9r\u00fclt szem\u00e9lyi igazolv\u00e1ny p\u00f3tl\u00e1sa<\/li>\n\n\n\n<li>N\u00e9vv\u00e1ltoztat\u00e1s feldolgoz\u00e1sa<\/li>\n\n\n\n<li>C\u00edmfriss\u00edt\u00e9si szolg\u00e1ltat\u00e1sok<\/li>\n\n\n\n<li>Lej\u00e1rat meghosszabb\u00edt\u00e1s\u00e1nak seg\u00edt\u00e9se<\/li>\n<\/ul>\n\n\n\n<h2 class=\"wp-block-heading\">Hogyan m\u0171k\u00f6dik az azonos\u00edt\u00f3 k\u00e1rty\u00e1nk?<\/h2>\n\n\n\n<h3 class=\"wp-block-heading\">1. l\u00e9p\u00e9s: Bizalmas konzult\u00e1ci\u00f3<\/h3>\n\n\n\n<p>Minden szem\u00e9lyi igazolv\u00e1ny beszerz\u00e9se egy szem\u00e9lyes konzult\u00e1ci\u00f3val kezd\u0151dik, amelynek c\u00e9lja az \u00d6n egyedi ig\u00e9nyeinek meg\u00e9rt\u00e9se \u00e9s a megfelel\u0151 strat\u00e9gia kidolgoz\u00e1sa. Szak\u00e9rt\u0151ink megbesz\u00e9lik \u00d6nnel a helyzet\u00e9t, a sz\u00fcks\u00e9ges szem\u00e9lyi igazolv\u00e1ny t\u00edpus\u00e1t \u00e9s az id\u0151beli elv\u00e1r\u00e1sokat.<\/p>\n\n\n\n<h3 class=\"wp-block-heading\">2. l\u00e9p\u00e9s: Dokument\u00e1ci\u00f3 \u00e9s k\u00f6vetelm\u00e9nyek \u00e9rt\u00e9kel\u00e9se<\/h3>\n\n\n\n<p>Szakembereink ellen\u0151rzik az \u00d6n jogosults\u00e1gi k\u00f6vetelm\u00e9nyeit \u00e9s az azonos\u00edt\u00f3 megszerz\u00e9s\u00e9hez sz\u00fcks\u00e9ges dokumentumokat. Ez mag\u00e1ban foglalja az azonos\u00edt\u00e1s ellen\u0151rz\u00e9s\u00e9t, a lak\u00f3helyre vonatkoz\u00f3 k\u00f6vetelm\u00e9nyeket \u00e9s a feldolgoz\u00e1s el\u0151felt\u00e9teleit.<\/p>\n\n\n\n<h3 class=\"wp-block-heading\">3. l\u00e9p\u00e9s: Feldolgoz\u00e1s \u00e9s jogszer\u0171 megszerz\u00e9s<\/h3>\n\n\n\n<p>Szak\u00e9rt\u0151ink t\u00f6rv\u00e9nyes csatorn\u00e1kat haszn\u00e1lva el\u0151seg\u00edtik a megfelel\u0151 beszerz\u00e9si folyamatot a hivatalos \u00fcgyn\u00f6ks\u00e9gek \u00e9s enged\u00e9lyez\u0151 hat\u00f3s\u00e1gok r\u00e9v\u00e9n, amennyiben ez alkalmazhat\u00f3.<\/p>\n\n\n\n<h3 class=\"wp-block-heading\">4. l\u00e9p\u00e9s: Sz\u00e1ll\u00edt\u00e1s \u00e9s ut\u00f3lagos t\u00e1mogat\u00e1s<\/h3>\n\n\n\n<p>Miut\u00e1n megkapta szem\u00e9lyi igazolv\u00e1ny\u00e1t, biztons\u00e1gos sz\u00e1ll\u00edt\u00e1si lehet\u0151s\u00e9geket \u00e9s ut\u00f3lagos t\u00e1mogat\u00e1st biztos\u00edtunk minden tov\u00e1bbi ig\u00e9ny vagy meg\u00faj\u00edt\u00e1s eset\u00e9n.<\/p>\n\n\n\n<h2 class=\"wp-block-heading\">A hiteles\u00edtett szem\u00e9lyi igazolv\u00e1ny szolg\u00e1ltat\u00e1sok el\u0151nyei<\/h2>\n\n\n\n<h3 class=\"wp-block-heading\">Gyors \u00e9s hat\u00e9kony feldolgoz\u00e1s<\/h3>\n\n\n\n<p>H\u00e1l\u00f3zatunk kapcsolatot tart fenn azonos\u00edt\u00f3 \u00fcgyn\u00f6ks\u00e9gekkel \u00e9s feldolgoz\u00f3 k\u00f6zpontokkal, hogy a jogi el\u0151\u00edr\u00e1sok betart\u00e1sa mellett gyors\u00edtsa az akviz\u00edci\u00f3s folyamatot.<\/p>\n\n\n\n<h3 class=\"wp-block-heading\">100% Hiteles dokument\u00e1ci\u00f3<\/h3>\n\n\n\n<p>Minden szolg\u00e1ltat\u00e1sunkon kereszt\u00fcl megszerzett szem\u00e9lyi igazolv\u00e1ny megfelel a hivatalos szabv\u00e1nyoknak \u00e9s szab\u00e1lyoz\u00e1si k\u00f6vetelm\u00e9nyeknek, \u00edgy biztos\u00edtva az azonos\u00edt\u00e1s, foglalkoztat\u00e1s \u00e9s utaz\u00e1s c\u00e9lj\u00e1ra val\u00f3 elfogadhat\u00f3s\u00e1g\u00e1t.<\/p>\n\n\n\n<h3 class=\"wp-block-heading\">Glob\u00e1lis szolg\u00e1ltat\u00e1s el\u00e9rhet\u0151s\u00e9g<\/h3>\n\n\n\n<p>Szak\u00e9rt\u0151ink vil\u00e1gszerte dolgoznak azonos\u00edt\u00f3 rendszerekkel, k\u00fcl\u00f6nb\u00f6z\u0151 orsz\u00e1gok \u00e9s joghat\u00f3s\u00e1gok sz\u00e1m\u00e1ra ny\u00fajtva szolg\u00e1ltat\u00e1sokat.<\/p>\n\n\n\n<h3 class=\"wp-block-heading\">Diszkr\u00e9t \u00e9s professzion\u00e1lis szolg\u00e1ltat\u00e1s<\/h3>\n\n\n\n<p>A teljes folyamat sor\u00e1n teljes titoktart\u00e1s biztos\u00edtott, biztons\u00e1gos kommunik\u00e1ci\u00f3val \u00e9s n\u00e9vtelen feldolgoz\u00e1si lehet\u0151s\u00e9gekkel.<\/p>\n\n\n\n<h2 class=\"wp-block-heading\">Gyakori szem\u00e9lyi igazolv\u00e1ny beszerz\u00e9si esetek<\/h2>\n\n\n\n<h3 class=\"wp-block-heading\">Elveszett vagy ellopott szem\u00e9lyi igazolv\u00e1ny p\u00f3tl\u00e1sa<\/h3>\n\n\n\n<p>Az emberek leggyakrabban az\u00e9rt ig\u00e9nylik az igazolv\u00e1nykibocs\u00e1t\u00e1si szolg\u00e1ltat\u00e1sokat, hogy elvesztett vagy ellopott szem\u00e9lyazonos\u00edt\u00f3 okm\u00e1nyaikat gyorsan \u00e9s hat\u00e9konyan p\u00f3tolhass\u00e1k.<\/p>\n\n\n\n<h3 class=\"wp-block-heading\">Lej\u00e1rt szem\u00e9lyi igazolv\u00e1ny meg\u00faj\u00edt\u00e1sa<\/h3>\n\n\n\n<p>Lej\u00e1rt szem\u00e9lyi igazolv\u00e1nnyal rendelkez\u0151 szem\u00e9lyek sz\u00e1m\u00e1ra szak\u00e9rt\u0151ink seg\u00edtenek a meg\u00faj\u00edt\u00e1si k\u00f6vetelm\u00e9nyekben val\u00f3 eligazod\u00e1sban \u00e9s a folyamat felgyors\u00edt\u00e1s\u00e1ban.<\/p>\n\n\n\n<h3 class=\"wp-block-heading\">Els\u0151 alkalommal t\u00f6rt\u00e9n\u0151 szem\u00e9lyazonos\u00edt\u00f3 okm\u00e1ny megszerz\u00e9se<\/h3>\n\n\n\n<p>Az \u00faj lakosok vagy \u00e1llampolg\u00e1rok szakmai tan\u00e1csad\u00e1st kapnak a dokument\u00e1ci\u00f3s k\u00f6vetelm\u00e9nyekkel \u00e9s az elj\u00e1r\u00e1sokkal kapcsolatban.<\/p>\n\n\n\n<h3 class=\"wp-block-heading\">Foglalkoztat\u00e1si igazol\u00e1s azonos\u00edt\u00f3<\/h3>\n\n\n\n<p>Az \u00e1ll\u00e1skeres\u0151knek gyakran sz\u00fcks\u00e9g\u00fck van megfelel\u0151 szem\u00e9lyazonos\u00edt\u00f3 okm\u00e1nyra a foglalkoztat\u00e1s ellen\u0151rz\u00e9se \u00e9s a h\u00e1tt\u00e9r-ellen\u0151rz\u00e9s sor\u00e1n.<\/p>\n\n\n\n<h2 class=\"wp-block-heading\">Szerezze be m\u00e9g ma szem\u00e9lyi igazolv\u00e1ny\u00e1t!<\/h2>\n\n\n\n<p>Ne hagyja, hogy az azonos\u00edt\u00e1si probl\u00e9m\u00e1k befoly\u00e1solj\u00e1k mindennapi tev\u00e9kenys\u00e9geit \u00e9s lehet\u0151s\u00e9geit. Ellen\u0151rz\u00f6tt h\u00e1l\u00f3zatunk gyors, biztons\u00e1gos \u00e9s teljesen bizalmas szem\u00e9lyi igazolv\u00e1ny-szolg\u00e1ltat\u00e1sokat ny\u00fajt minden ig\u00e9ny\u00e9nek kiel\u00e9g\u00edt\u00e9s\u00e9re.<\/p>\n\n\n\n<p>Ak\u00e1r el\u0151sz\u00f6r kell szem\u00e9lyi igazolv\u00e1nyt v\u00e1s\u00e1rolnia, ak\u00e1r cser\u00e9re van sz\u00fcks\u00e9ge, ak\u00e1r speci\u00e1lis azonos\u00edt\u00f3ra van sz\u00fcks\u00e9ge, platformunk \u00f6sszek\u00f6ti \u00d6nt a konkr\u00e9t helyzet\u00e9hez legmegfelel\u0151bb szak\u00e9rt\u0151kkel.<\/p>\n\n\n\n<p>K\u00e9szen \u00e1llsz az azonos\u00edt\u00f3 k\u00e1rty\u00e1d megszerz\u00e9s\u00e9re? <a href=\"https:\/\/buydiplomashop.com\/hu\/kapcsolatfelvetel\/\">Kapcsolat<\/a> csapatunkkal m\u00e9g ma, hogy id\u0151pontot egyeztessen bizalmas konzult\u00e1ci\u00f3ra, \u00e9s megtudja, mi\u00e9rt b\u00edznak t\u00f6bb ezren a BuyDiplomaShop.com-ban szem\u00e9lyi igazolv\u00e1nyuk elk\u00e9sz\u00edt\u00e9s\u00e9vel kapcsolatban.<\/p>","protected":false},"excerpt":{"rendered":"<p>Buy ID Card &#8211; Professional Identification Card Services Need to buy an ID card? At BuyDiplomaShop.com, we provide legitimate identification card acquisition services for individuals who need valid ID credentials. Whether you&#8217;ve lost your ID, need a replacement, or require identification for travel or employment, our verified professionals help you obtain authentic ID documents through&hellip;&nbsp;<a href=\"https:\/\/buydiplomashop.com\/hu\/buy-id-card\/\" rel=\"bookmark\"><span class=\"screen-reader-text\">ID-k\u00e1rtya v\u00e1s\u00e1rl\u00e1sa<\/span><\/a><\/p>","protected":false},"author":1,"featured_media":0,"parent":0,"menu_order":0,"comment_status":"closed","ping_status":"closed","template":"","meta":{"neve_meta_sidebar":"","neve_meta_container":"","neve_meta_enable_content_width":"","neve_meta_content_width":0,"neve_meta_title_alignment":"","neve_meta_author_avatar":"","neve_post_elements_order":"","neve_meta_disable_header":"","neve_meta_disable_footer":"","neve_meta_disable_title":"","footnotes":""},"class_list":["post-164","page","type-page","status-publish","hentry"],"yoast_head":"<!-- This site is optimized with the Yoast SEO plugin v27.5 - https:\/\/yoast.com\/product\/yoast-seo-wordpress\/ -->\n<title>Buy ID Card - Buy a diploma, certificate and degrees<\/title>\n<meta name=\"description\" content=\"Buy a valid ID card online safely and legally. Fast processing, worldwide delivery, and 100% authentic identification cards.\" \/>\n<meta name=\"robots\" content=\"index, follow, max-snippet:-1, max-image-preview:large, max-video-preview:-1\" \/>\n<link rel=\"canonical\" href=\"https:\/\/buydiplomashop.com\/hu\/szemelyi-igazolvany-vasarlas\/\" \/>\n<meta property=\"og:locale\" content=\"hu_HU\" \/>\n<meta property=\"og:type\" content=\"article\" \/>\n<meta property=\"og:title\" content=\"Buy ID Card - Buy a diploma, certificate and degrees\" \/>\n<meta property=\"og:description\" content=\"Buy a valid ID card online safely and legally. Fast processing, worldwide delivery, and 100% authentic identification cards.\" \/>\n<meta property=\"og:url\" content=\"https:\/\/buydiplomashop.com\/hu\/szemelyi-igazolvany-vasarlas\/\" \/>\n<meta property=\"og:site_name\" content=\"Buy a diploma, certificate and degrees\" \/>\n<meta property=\"article:modified_time\" content=\"2025-12-11T09:42:05+00:00\" \/>\n<meta property=\"og:image\" content=\"https:\/\/buydiplomashop.com\/wp-content\/uploads\/2025\/12\/buy-ID-card.jpg\" \/>\n\t<meta property=\"og:image:width\" content=\"250\" \/>\n\t<meta property=\"og:image:height\" content=\"157\" \/>\n\t<meta property=\"og:image:type\" content=\"image\/jpeg\" \/>\n<meta name=\"twitter:card\" content=\"summary_large_image\" \/>\n<meta name=\"twitter:label1\" content=\"Becs\u00fclt olvas\u00e1si id\u0151\" \/>\n\t<meta name=\"twitter:data1\" content=\"4 perc\" \/>\n<script type=\"application\/ld+json\" class=\"yoast-schema-graph\">{\"@context\":\"https:\\\/\\\/schema.org\",\"@graph\":[{\"@type\":\"WebPage\",\"@id\":\"https:\\\/\\\/buydiplomashop.com\\\/buy-id-card\\\/\",\"url\":\"https:\\\/\\\/buydiplomashop.com\\\/buy-id-card\\\/\",\"name\":\"Buy ID Card - Buy a diploma, certificate and degrees\",\"isPartOf\":{\"@id\":\"https:\\\/\\\/buydiplomashop.com\\\/#website\"},\"primaryImageOfPage\":{\"@id\":\"https:\\\/\\\/buydiplomashop.com\\\/buy-id-card\\\/#primaryimage\"},\"image\":{\"@id\":\"https:\\\/\\\/buydiplomashop.com\\\/buy-id-card\\\/#primaryimage\"},\"thumbnailUrl\":\"https:\\\/\\\/buydiplomashop.com\\\/wp-content\\\/uploads\\\/2025\\\/12\\\/buy-ID-card.jpg\",\"datePublished\":\"2025-12-11T09:33:02+00:00\",\"dateModified\":\"2025-12-11T09:42:05+00:00\",\"description\":\"Buy a valid ID card online safely and legally. Fast processing, worldwide delivery, and 100% authentic identification cards.\",\"breadcrumb\":{\"@id\":\"https:\\\/\\\/buydiplomashop.com\\\/buy-id-card\\\/#breadcrumb\"},\"inLanguage\":\"hu\",\"potentialAction\":[{\"@type\":\"ReadAction\",\"target\":[\"https:\\\/\\\/buydiplomashop.com\\\/buy-id-card\\\/\"]}]},{\"@type\":\"ImageObject\",\"inLanguage\":\"hu\",\"@id\":\"https:\\\/\\\/buydiplomashop.com\\\/buy-id-card\\\/#primaryimage\",\"url\":\"https:\\\/\\\/buydiplomashop.com\\\/wp-content\\\/uploads\\\/2025\\\/12\\\/buy-ID-card.jpg\",\"contentUrl\":\"https:\\\/\\\/buydiplomashop.com\\\/wp-content\\\/uploads\\\/2025\\\/12\\\/buy-ID-card.jpg\"},{\"@type\":\"BreadcrumbList\",\"@id\":\"https:\\\/\\\/buydiplomashop.com\\\/buy-id-card\\\/#breadcrumb\",\"itemListElement\":[{\"@type\":\"ListItem\",\"position\":1,\"name\":\"Home\",\"item\":\"https:\\\/\\\/buydiplomashop.com\\\/\"},{\"@type\":\"ListItem\",\"position\":2,\"name\":\"Buy ID Card\"}]},{\"@type\":\"WebSite\",\"@id\":\"https:\\\/\\\/buydiplomashop.com\\\/#website\",\"url\":\"https:\\\/\\\/buydiplomashop.com\\\/\",\"name\":\"Buy a diploma, certificate and degrees\",\"description\":\"Buy a diploma online, certificates, degrees\",\"potentialAction\":[{\"@type\":\"SearchAction\",\"target\":{\"@type\":\"EntryPoint\",\"urlTemplate\":\"https:\\\/\\\/buydiplomashop.com\\\/?s={search_term_string}\"},\"query-input\":{\"@type\":\"PropertyValueSpecification\",\"valueRequired\":true,\"valueName\":\"search_term_string\"}}],\"inLanguage\":\"hu\"}]}<\/script>\n<!-- \/ Yoast SEO plugin. -->","yoast_head_json":{"title":"ID-k\u00e1rtya v\u00e1s\u00e1rl\u00e1sa - Oklev\u00e9l, bizony\u00edtv\u00e1ny \u00e9s diplom\u00e1k v\u00e1s\u00e1rl\u00e1sa","description":"V\u00e1s\u00e1roljon \u00e9rv\u00e9nyes szem\u00e9lyi igazolv\u00e1nyt online, biztons\u00e1gosan \u00e9s leg\u00e1lisan. Gyors feldolgoz\u00e1s, vil\u00e1gszint\u0171 sz\u00e1ll\u00edt\u00e1s \u00e9s 100% hiteles szem\u00e9lyi igazolv\u00e1nyok.","robots":{"index":"index","follow":"follow","max-snippet":"max-snippet:-1","max-image-preview":"max-image-preview:large","max-video-preview":"max-video-preview:-1"},"canonical":"https:\/\/buydiplomashop.com\/hu\/szemelyi-igazolvany-vasarlas\/","og_locale":"hu_HU","og_type":"article","og_title":"Buy ID Card - Buy a diploma, certificate and degrees","og_description":"Buy a valid ID card online safely and legally. Fast processing, worldwide delivery, and 100% authentic identification cards.","og_url":"https:\/\/buydiplomashop.com\/hu\/szemelyi-igazolvany-vasarlas\/","og_site_name":"Buy a diploma, certificate and degrees","article_modified_time":"2025-12-11T09:42:05+00:00","og_image":[{"width":250,"height":157,"url":"https:\/\/buydiplomashop.com\/wp-content\/uploads\/2025\/12\/buy-ID-card.jpg","type":"image\/jpeg"}],"twitter_card":"summary_large_image","twitter_misc":{"Becs\u00fclt olvas\u00e1si id\u0151":"4 perc"},"schema":{"@context":"https:\/\/schema.org","@graph":[{"@type":"WebPage","@id":"https:\/\/buydiplomashop.com\/buy-id-card\/","url":"https:\/\/buydiplomashop.com\/buy-id-card\/","name":"ID-k\u00e1rtya v\u00e1s\u00e1rl\u00e1sa - Oklev\u00e9l, bizony\u00edtv\u00e1ny \u00e9s diplom\u00e1k v\u00e1s\u00e1rl\u00e1sa","isPartOf":{"@id":"https:\/\/buydiplomashop.com\/#website"},"primaryImageOfPage":{"@id":"https:\/\/buydiplomashop.com\/buy-id-card\/#primaryimage"},"image":{"@id":"https:\/\/buydiplomashop.com\/buy-id-card\/#primaryimage"},"thumbnailUrl":"https:\/\/buydiplomashop.com\/wp-content\/uploads\/2025\/12\/buy-ID-card.jpg","datePublished":"2025-12-11T09:33:02+00:00","dateModified":"2025-12-11T09:42:05+00:00","description":"V\u00e1s\u00e1roljon \u00e9rv\u00e9nyes szem\u00e9lyi igazolv\u00e1nyt online, biztons\u00e1gosan \u00e9s leg\u00e1lisan. Gyors feldolgoz\u00e1s, vil\u00e1gszint\u0171 sz\u00e1ll\u00edt\u00e1s \u00e9s 100% hiteles szem\u00e9lyi igazolv\u00e1nyok.","breadcrumb":{"@id":"https:\/\/buydiplomashop.com\/buy-id-card\/#breadcrumb"},"inLanguage":"hu","potentialAction":[{"@type":"ReadAction","target":["https:\/\/buydiplomashop.com\/buy-id-card\/"]}]},{"@type":"ImageObject","inLanguage":"hu","@id":"https:\/\/buydiplomashop.com\/buy-id-card\/#primaryimage","url":"https:\/\/buydiplomashop.com\/wp-content\/uploads\/2025\/12\/buy-ID-card.jpg","contentUrl":"https:\/\/buydiplomashop.com\/wp-content\/uploads\/2025\/12\/buy-ID-card.jpg"},{"@type":"BreadcrumbList","@id":"https:\/\/buydiplomashop.com\/buy-id-card\/#breadcrumb","itemListElement":[{"@type":"ListItem","position":1,"name":"Home","item":"https:\/\/buydiplomashop.com\/"},{"@type":"ListItem","position":2,"name":"Buy ID Card"}]},{"@type":"WebSite","@id":"https:\/\/buydiplomashop.com\/#website","url":"https:\/\/buydiplomashop.com\/","name":"Diploma, bizony\u00edtv\u00e1ny \u00e9s oklevelek v\u00e1s\u00e1rl\u00e1sa","description":"Diploma online v\u00e1s\u00e1rl\u00e1sa, bizony\u00edtv\u00e1nyok, oklevelek, diplom\u00e1k","potentialAction":[{"@type":"SearchAction","target":{"@type":"EntryPoint","urlTemplate":"https:\/\/buydiplomashop.com\/?s={search_term_string}"},"query-input":{"@type":"PropertyValueSpecification","valueRequired":true,"valueName":"search_term_string"}}],"inLanguage":"hu"}]}},"_links":{"self":[{"href":"https:\/\/buydiplomashop.com\/hu\/wp-json\/wp\/v2\/pages\/164","targetHints":{"allow":["GET"]}}],"collection":[{"href":"https:\/\/buydiplomashop.com\/hu\/wp-json\/wp\/v2\/pages"}],"about":[{"href":"https:\/\/buydiplomashop.com\/hu\/wp-json\/wp\/v2\/types\/page"}],"author":[{"embeddable":true,"href":"https:\/\/buydiplomashop.com\/hu\/wp-json\/wp\/v2\/users\/1"}],"replies":[{"embeddable":true,"href":"https:\/\/buydiplomashop.com\/hu\/wp-json\/wp\/v2\/comments?post=164"}],"version-history":[{"count":4,"href":"https:\/\/buydiplomashop.com\/hu\/wp-json\/wp\/v2\/pages\/164\/revisions"}],"predecessor-version":[{"id":185,"href":"https:\/\/buydiplomashop.com\/hu\/wp-json\/wp\/v2\/pages\/164\/revisions\/185"}],"wp:attachment":[{"href":"https:\/\/buydiplomashop.com\/hu\/wp-json\/wp\/v2\/media?parent=164"}],"curies":[{"name":"wp","href":"https:\/\/api.w.org\/{rel}","templated":true}]}}