{"id":52,"date":"2025-03-24T20:04:24","date_gmt":"2025-03-24T20:04:24","guid":{"rendered":"https:\/\/buydiplomashop.com\/?page_id=52"},"modified":"2025-03-24T20:48:11","modified_gmt":"2025-03-24T20:48:11","slug":"buy-diploma-online","status":"publish","type":"page","link":"https:\/\/buydiplomashop.com\/fr\/","title":{"rendered":"Acheter un dipl\u00f4me en ligne"},"content":{"rendered":"<h1 class=\"wp-block-heading\">Achetez des faux dipl\u00f4mes, certificats et titres de haute qualit\u00e9. Authentique, officiel et rapide.<\/h1>\n\n\n\n<p>Vous voulez acheter un dipl\u00f4me ? La meilleure fa\u00e7on de commander un dipl\u00f4me, un certificat ou un grade est de passer par nous. Nous disposons des meilleurs mod\u00e8les, \u00e9labor\u00e9s gr\u00e2ce \u00e0 des ann\u00e9es d'exp\u00e9rience et \u00e0 un haut niveau d'expertise. Les mod\u00e8les sont bas\u00e9s sur l'\u00e9cole, l'universit\u00e9, le coll\u00e8ge ou l'\u00e9tablissement similaire de votre choix. Choisissez l'un de nos dipl\u00f4mes, l'un de nos relev\u00e9s de notes ou l'une de nos offres group\u00e9es pour commencer ! <a href=\"https:\/\/buydiplomashop.com\/fr\/\">www.buydiplomashop.com<\/a>est pr\u00eate \u00e0 vous aider jour et nuit.<\/p>\n\n\n\n<p>Acheter un dipl\u00f4me en ligne ? Est-ce possible ? Vous pouvez acheter un dipl\u00f4me 24 heures sur 24, 7 jours sur 7. La r\u00e9ponse \u00e0 cette question est \"oui\". Aujourd'hui, il est possible d'acheter un dipl\u00f4me en ligne et, dans certains cas, de le faire enregistrer. Plusieurs pays font partie des options.<\/p>\n\n\n\n<figure class=\"wp-block-pullquote\"><blockquote><p>Vous souhaitez plus d'informations ? N'h\u00e9sitez plus. Cliquez sur <a href=\"https:\/\/buydiplomashop.com\/fr\/contact\/\">contact<\/a> ou envoyez un courriel directement \u00e0<\/p><cite><strong>Buydiplomashop@pm.me<\/strong><\/cite><\/blockquote><\/figure>\n\n\n\n<figure class=\"wp-block-image size-full is-resized\"><img loading=\"lazy\" decoding=\"async\" width=\"980\" height=\"980\" src=\"https:\/\/buydiplomashop.com\/wp-content\/uploads\/2025\/03\/diploma-kopen-vca-hbo-mbo-bachelor-duo-belgie-nederland.jpg\" alt=\"acheter un dipl\u00f4me\" class=\"wp-image-78\" style=\"width:531px;height:auto\" srcset=\"https:\/\/buydiplomashop.com\/wp-content\/uploads\/2025\/03\/diploma-kopen-vca-hbo-mbo-bachelor-duo-belgie-nederland.jpg 980w, https:\/\/buydiplomashop.com\/wp-content\/uploads\/2025\/03\/diploma-kopen-vca-hbo-mbo-bachelor-duo-belgie-nederland-300x300.jpg 300w, https:\/\/buydiplomashop.com\/wp-content\/uploads\/2025\/03\/diploma-kopen-vca-hbo-mbo-bachelor-duo-belgie-nederland-150x150.jpg 150w, https:\/\/buydiplomashop.com\/wp-content\/uploads\/2025\/03\/diploma-kopen-vca-hbo-mbo-bachelor-duo-belgie-nederland-768x768.jpg 768w, https:\/\/buydiplomashop.com\/wp-content\/uploads\/2025\/03\/diploma-kopen-vca-hbo-mbo-bachelor-duo-belgie-nederland-12x12.jpg 12w\" sizes=\"auto, (max-width: 980px) 100vw, 980px\" \/><\/figure>\n\n\n\n<h2 class=\"wp-block-heading\">Pourquoi nos dipl\u00f4mes ont-ils l'air si r\u00e9alistes ?<\/h2>\n\n\n\n<p>Gr\u00e2ce \u00e0 plus de 20 ans d'exp\u00e9rience, nous avons rassembl\u00e9 un grand nombre de documents acad\u00e9miques afin de vous garantir le faux dipl\u00f4me et le faux relev\u00e9 de notes les plus r\u00e9alistes de l'\u00e9cole souhait\u00e9e.<\/p>\n\n\n\n<ul class=\"wp-block-list\">\n<li>Nous faisons correspondre le nom de votre \u00e9cole, les d\u00e9tails de l'\u00e9l\u00e8ve, la date de remise des dipl\u00f4mes et des signatures r\u00e9alistes sont incluses sans frais suppl\u00e9mentaires !<\/li>\n\n\n\n<li>Nous dresserons \u00e9galement une liste de notes, le cas \u00e9ch\u00e9ant<\/li>\n\n\n\n<li>Nous fournissons une liste de cours standard ou personnalis\u00e9s sur votre liste de notes.<\/li>\n\n\n\n<li>Nous proposons des sceaux, des embl\u00e8mes et des logos en relief, en relief et \u00e0 l'encre plate de haute qualit\u00e9.<\/li>\n\n\n\n<li>Chaque relev\u00e9 de notes comporte des sceaux, des embl\u00e8mes, des logos et des armoiries en couleur, propres \u00e0 l'\u00e9cole o\u00f9 vous avez obtenu votre dipl\u00f4me.<\/li>\n\n\n\n<li>Tous les dipl\u00f4mes sont imprim\u00e9s sur du papier parchemin \u00e9pais.<\/li>\n\n\n\n<li>Nous utilisons <a href=\"https:\/\/www.ologrammi.com\/en\/holograms-for-courses-certificates\">hologrammes<\/a> pour v\u00e9rifier l'originalit\u00e9 de votre transcription.<\/li>\n\n\n\n<li>Un sceau \"Registrar\" en relief et la signature du registraire sont disponibles en option !<\/li>\n\n\n\n<li>Nous proposons des \u00e9preuves avant impression et des courriels avec le produit fini dans des fichiers PDF de haute qualit\u00e9.<\/li>\n<\/ul>\n\n\n\n<p>Cliquez sur <a href=\"https:\/\/buydiplomashop.com\/fr\/contact\/\">contact<\/a> et demandez-nous quelles sont les possibilit\u00e9s.<\/p>\n\n\n\n<figure class=\"wp-block-image size-full is-resized\"><img loading=\"lazy\" decoding=\"async\" width=\"980\" height=\"980\" src=\"https:\/\/buydiplomashop.com\/wp-content\/uploads\/2025\/03\/diploma-kopen.jpg\" alt=\"Acheter un faux dipl\u00f4me, un faux certificat ou un faux grade officiel\" class=\"wp-image-80\" style=\"width:470px;height:auto\" srcset=\"https:\/\/buydiplomashop.com\/wp-content\/uploads\/2025\/03\/diploma-kopen.jpg 980w, https:\/\/buydiplomashop.com\/wp-content\/uploads\/2025\/03\/diploma-kopen-300x300.jpg 300w, https:\/\/buydiplomashop.com\/wp-content\/uploads\/2025\/03\/diploma-kopen-150x150.jpg 150w, https:\/\/buydiplomashop.com\/wp-content\/uploads\/2025\/03\/diploma-kopen-768x768.jpg 768w, https:\/\/buydiplomashop.com\/wp-content\/uploads\/2025\/03\/diploma-kopen-12x12.jpg 12w\" sizes=\"auto, (max-width: 980px) 100vw, 980px\" \/><\/figure>\n\n\n\n<h3 class=\"wp-block-heading\">Pourquoi acheter un dipl\u00f4me sur www.buydiplomashop.com, le fournisseur num\u00e9ro 1 ?<\/h3>\n\n\n\n<p>Nous v\u00e9rifions r\u00e9guli\u00e8rement les dipl\u00f4mes et les certificats de nos concurrents. Malheureusement, la qualit\u00e9 des autres fournisseurs est nettement inf\u00e9rieure. Ils proposent des documents sans filigrane et d'une qualit\u00e9 bien inf\u00e9rieure \u00e0 celle que nous pouvons produire.<\/p>\n\n\n\n<p>Vous pouvez acheter chez nous un dipl\u00f4me en provenance de nombreux pays. Il existe plusieurs options en fonction de vos souhaits. Faites-nous part de vos besoins et nous nous en chargerons !<\/p>\n\n\n\n<p>Auparavant, vous pouviez acheter un dipl\u00f4me officiel authentique, un dipl\u00f4me et un certificat via le dark web ou Telegram. Nous sommes toujours actifs en ligne !<\/p>\n\n\n\n<figure class=\"wp-block-image size-large is-resized\"><img loading=\"lazy\" decoding=\"async\" width=\"1024\" height=\"1024\" src=\"https:\/\/buydiplomashop.com\/wp-content\/uploads\/2025\/03\/diploma-kopen-telegram-darkweb-1024x1024.png\" alt=\"acheter dipl\u00f4me telegram dark web\" class=\"wp-image-77\" style=\"width:517px;height:auto\" srcset=\"https:\/\/buydiplomashop.com\/wp-content\/uploads\/2025\/03\/diploma-kopen-telegram-darkweb-1024x1024.png 1024w, https:\/\/buydiplomashop.com\/wp-content\/uploads\/2025\/03\/diploma-kopen-telegram-darkweb-300x300.png 300w, https:\/\/buydiplomashop.com\/wp-content\/uploads\/2025\/03\/diploma-kopen-telegram-darkweb-150x150.png 150w, https:\/\/buydiplomashop.com\/wp-content\/uploads\/2025\/03\/diploma-kopen-telegram-darkweb-768x768.png 768w, https:\/\/buydiplomashop.com\/wp-content\/uploads\/2025\/03\/diploma-kopen-telegram-darkweb-1536x1536.png 1536w, https:\/\/buydiplomashop.com\/wp-content\/uploads\/2025\/03\/diploma-kopen-telegram-darkweb-2048x2048.png 2048w, https:\/\/buydiplomashop.com\/wp-content\/uploads\/2025\/03\/diploma-kopen-telegram-darkweb-12x12.png 12w\" sizes=\"auto, (max-width: 1024px) 100vw, 1024px\" \/><\/figure>\n\n\n\n<p>Nous avons des ann\u00e9es d'exp\u00e9rience avec des clients qui voulaient acheter un dipl\u00f4me en ligne. Nous acceptons encore des missions, alors n'h\u00e9sitez plus et contactez-nous. S'il s'agit d'une mission urgente, veuillez nous en informer afin que nous puissions en tenir compte.<\/p>\n\n\n\n<p>Nous travaillons sans engagement, vous \u00eates roi en tant que client. Nous traitons vos donn\u00e9es avec le plus grand soin et les stockons le moins possible. Ce qui doit \u00eatre stock\u00e9 est d\u00e9finitivement supprim\u00e9 apr\u00e8s l'ach\u00e8vement du projet.<\/p>\n\n\n\n<figure class=\"wp-block-image size-full\"><img loading=\"lazy\" decoding=\"async\" width=\"200\" height=\"200\" src=\"https:\/\/buydiplomashop.com\/wp-content\/uploads\/2025\/03\/diploma-kopen-ervaringen-reviews.jpg\" alt=\"buy authentic diploma experiences reviews\" class=\"wp-image-76\" srcset=\"https:\/\/buydiplomashop.com\/wp-content\/uploads\/2025\/03\/diploma-kopen-ervaringen-reviews.jpg 200w, https:\/\/buydiplomashop.com\/wp-content\/uploads\/2025\/03\/diploma-kopen-ervaringen-reviews-150x150.jpg 150w, https:\/\/buydiplomashop.com\/wp-content\/uploads\/2025\/03\/diploma-kopen-ervaringen-reviews-12x12.jpg 12w\" sizes=\"auto, (max-width: 200px) 100vw, 200px\" \/><\/figure>","protected":false},"excerpt":{"rendered":"<p>Achetez des faux dipl\u00f4mes, certificats et titres de haute qualit\u00e9. Authentique, officiel et rapide. Vous voulez acheter un dipl\u00f4me ? La meilleure fa\u00e7on de commander un dipl\u00f4me, un certificat ou un grade est de passer par nous. Nous disposons des meilleurs mod\u00e8les, d\u00e9velopp\u00e9s gr\u00e2ce \u00e0 des ann\u00e9es d'exp\u00e9rience et \u00e0 un haut niveau d'expertise. Les mod\u00e8les sont bas\u00e9s sur l'\u00e9cole, l'universit\u00e9, le coll\u00e8ge que vous souhaitez...&nbsp;<a href=\"https:\/\/buydiplomashop.com\/fr\/\" rel=\"bookmark\"><span class=\"screen-reader-text\">Acheter un dipl\u00f4me en ligne<\/span><\/a><\/p>","protected":false},"author":1,"featured_media":0,"parent":0,"menu_order":0,"comment_status":"closed","ping_status":"closed","template":"","meta":{"neve_meta_sidebar":"","neve_meta_container":"","neve_meta_enable_content_width":"","neve_meta_content_width":0,"neve_meta_title_alignment":"","neve_meta_author_avatar":"","neve_post_elements_order":"","neve_meta_disable_header":"","neve_meta_disable_footer":"","neve_meta_disable_title":"","footnotes":""},"class_list":["post-52","page","type-page","status-publish","hentry"],"yoast_head":"<!-- This site is optimized with the Yoast SEO plugin v27.5 - https:\/\/yoast.com\/product\/yoast-seo-wordpress\/ -->\n<title>Buy diploma online - Buy a diploma, certificate and degrees<\/title>\n<meta name=\"description\" content=\"Buy a diploma online. Buy an officially fake, authentic degree certificate diploma via the dark web Telegram. Many reviews and experiences.\" \/>\n<meta name=\"robots\" content=\"index, follow, max-snippet:-1, max-image-preview:large, max-video-preview:-1\" \/>\n<link rel=\"canonical\" href=\"https:\/\/buydiplomashop.com\/fr\/\" \/>\n<meta property=\"og:locale\" content=\"fr_FR\" \/>\n<meta property=\"og:type\" content=\"article\" \/>\n<meta property=\"og:title\" content=\"Buy diploma online - Buy a diploma, certificate and degrees\" \/>\n<meta property=\"og:description\" content=\"Buy a diploma online. Buy an officially fake, authentic degree certificate diploma via the dark web Telegram. Many reviews and experiences.\" \/>\n<meta property=\"og:url\" content=\"https:\/\/buydiplomashop.com\/fr\/\" \/>\n<meta property=\"og:site_name\" content=\"Buy a diploma, certificate and degrees\" \/>\n<meta property=\"article:modified_time\" content=\"2025-03-24T20:48:11+00:00\" \/>\n<meta property=\"og:image\" content=\"https:\/\/buydiplomashop.com\/wp-content\/uploads\/2025\/03\/diploma-kopen-vca-hbo-mbo-bachelor-duo-belgie-nederland.jpg\" \/>\n\t<meta property=\"og:image:width\" content=\"980\" \/>\n\t<meta property=\"og:image:height\" content=\"980\" \/>\n\t<meta property=\"og:image:type\" content=\"image\/jpeg\" \/>\n<meta name=\"twitter:card\" content=\"summary_large_image\" \/>\n<meta name=\"twitter:label1\" content=\"Dur\u00e9e de lecture estim\u00e9e\" \/>\n\t<meta name=\"twitter:data1\" content=\"3 minutes\" \/>\n<script type=\"application\/ld+json\" class=\"yoast-schema-graph\">{\"@context\":\"https:\\\/\\\/schema.org\",\"@graph\":[{\"@type\":\"WebPage\",\"@id\":\"https:\\\/\\\/buydiplomashop.com\\\/\",\"url\":\"https:\\\/\\\/buydiplomashop.com\\\/\",\"name\":\"Buy diploma online - Buy a diploma, certificate and degrees\",\"isPartOf\":{\"@id\":\"https:\\\/\\\/buydiplomashop.com\\\/#website\"},\"primaryImageOfPage\":{\"@id\":\"https:\\\/\\\/buydiplomashop.com\\\/#primaryimage\"},\"image\":{\"@id\":\"https:\\\/\\\/buydiplomashop.com\\\/#primaryimage\"},\"thumbnailUrl\":\"https:\\\/\\\/buydiplomashop.com\\\/wp-content\\\/uploads\\\/2025\\\/03\\\/diploma-kopen-vca-hbo-mbo-bachelor-duo-belgie-nederland.jpg\",\"datePublished\":\"2025-03-24T20:04:24+00:00\",\"dateModified\":\"2025-03-24T20:48:11+00:00\",\"description\":\"Buy a diploma online. Buy an officially fake, authentic degree certificate diploma via the dark web Telegram. Many reviews and experiences.\",\"breadcrumb\":{\"@id\":\"https:\\\/\\\/buydiplomashop.com\\\/#breadcrumb\"},\"inLanguage\":\"fr-FR\",\"potentialAction\":[{\"@type\":\"ReadAction\",\"target\":[\"https:\\\/\\\/buydiplomashop.com\\\/\"]}]},{\"@type\":\"ImageObject\",\"inLanguage\":\"fr-FR\",\"@id\":\"https:\\\/\\\/buydiplomashop.com\\\/#primaryimage\",\"url\":\"https:\\\/\\\/buydiplomashop.com\\\/wp-content\\\/uploads\\\/2025\\\/03\\\/diploma-kopen-vca-hbo-mbo-bachelor-duo-belgie-nederland.jpg\",\"contentUrl\":\"https:\\\/\\\/buydiplomashop.com\\\/wp-content\\\/uploads\\\/2025\\\/03\\\/diploma-kopen-vca-hbo-mbo-bachelor-duo-belgie-nederland.jpg\"},{\"@type\":\"BreadcrumbList\",\"@id\":\"https:\\\/\\\/buydiplomashop.com\\\/#breadcrumb\",\"itemListElement\":[{\"@type\":\"ListItem\",\"position\":1,\"name\":\"Home\",\"item\":\"https:\\\/\\\/buydiplomashop.com\\\/\"},{\"@type\":\"ListItem\",\"position\":2,\"name\":\"Buy diploma online\"}]},{\"@type\":\"WebSite\",\"@id\":\"https:\\\/\\\/buydiplomashop.com\\\/#website\",\"url\":\"https:\\\/\\\/buydiplomashop.com\\\/\",\"name\":\"Buy a diploma, certificate and degrees\",\"description\":\"Buy a diploma online, certificates, degrees\",\"potentialAction\":[{\"@type\":\"SearchAction\",\"target\":{\"@type\":\"EntryPoint\",\"urlTemplate\":\"https:\\\/\\\/buydiplomashop.com\\\/?s={search_term_string}\"},\"query-input\":{\"@type\":\"PropertyValueSpecification\",\"valueRequired\":true,\"valueName\":\"search_term_string\"}}],\"inLanguage\":\"fr-FR\"}]}<\/script>\n<!-- \/ Yoast SEO plugin. -->","yoast_head_json":{"title":"Acheter un dipl\u00f4me en ligne - Acheter un dipl\u00f4me, un certificat et des titres","description":"Acheter un dipl\u00f4me en ligne. Achetez un dipl\u00f4me officiellement faux et authentique via le dark web Telegram. Nombreux commentaires et exp\u00e9riences.","robots":{"index":"index","follow":"follow","max-snippet":"max-snippet:-1","max-image-preview":"max-image-preview:large","max-video-preview":"max-video-preview:-1"},"canonical":"https:\/\/buydiplomashop.com\/fr\/","og_locale":"fr_FR","og_type":"article","og_title":"Buy diploma online - Buy a diploma, certificate and degrees","og_description":"Buy a diploma online. Buy an officially fake, authentic degree certificate diploma via the dark web Telegram. Many reviews and experiences.","og_url":"https:\/\/buydiplomashop.com\/fr\/","og_site_name":"Buy a diploma, certificate and degrees","article_modified_time":"2025-03-24T20:48:11+00:00","og_image":[{"width":980,"height":980,"url":"https:\/\/buydiplomashop.com\/wp-content\/uploads\/2025\/03\/diploma-kopen-vca-hbo-mbo-bachelor-duo-belgie-nederland.jpg","type":"image\/jpeg"}],"twitter_card":"summary_large_image","twitter_misc":{"Dur\u00e9e de lecture estim\u00e9e":"3 minutes"},"schema":{"@context":"https:\/\/schema.org","@graph":[{"@type":"WebPage","@id":"https:\/\/buydiplomashop.com\/","url":"https:\/\/buydiplomashop.com\/","name":"Acheter un dipl\u00f4me en ligne - Acheter un dipl\u00f4me, un certificat et des titres","isPartOf":{"@id":"https:\/\/buydiplomashop.com\/#website"},"primaryImageOfPage":{"@id":"https:\/\/buydiplomashop.com\/#primaryimage"},"image":{"@id":"https:\/\/buydiplomashop.com\/#primaryimage"},"thumbnailUrl":"https:\/\/buydiplomashop.com\/wp-content\/uploads\/2025\/03\/diploma-kopen-vca-hbo-mbo-bachelor-duo-belgie-nederland.jpg","datePublished":"2025-03-24T20:04:24+00:00","dateModified":"2025-03-24T20:48:11+00:00","description":"Acheter un dipl\u00f4me en ligne. Achetez un dipl\u00f4me officiellement faux et authentique via le dark web Telegram. Nombreux commentaires et exp\u00e9riences.","breadcrumb":{"@id":"https:\/\/buydiplomashop.com\/#breadcrumb"},"inLanguage":"fr-FR","potentialAction":[{"@type":"ReadAction","target":["https:\/\/buydiplomashop.com\/"]}]},{"@type":"ImageObject","inLanguage":"fr-FR","@id":"https:\/\/buydiplomashop.com\/#primaryimage","url":"https:\/\/buydiplomashop.com\/wp-content\/uploads\/2025\/03\/diploma-kopen-vca-hbo-mbo-bachelor-duo-belgie-nederland.jpg","contentUrl":"https:\/\/buydiplomashop.com\/wp-content\/uploads\/2025\/03\/diploma-kopen-vca-hbo-mbo-bachelor-duo-belgie-nederland.jpg"},{"@type":"BreadcrumbList","@id":"https:\/\/buydiplomashop.com\/#breadcrumb","itemListElement":[{"@type":"ListItem","position":1,"name":"Home","item":"https:\/\/buydiplomashop.com\/"},{"@type":"ListItem","position":2,"name":"Buy diploma online"}]},{"@type":"WebSite","@id":"https:\/\/buydiplomashop.com\/#website","url":"https:\/\/buydiplomashop.com\/","name":"Acheter un dipl\u00f4me, un certificat ou un titre","description":"Acheter un dipl\u00f4me en ligne, des certificats, des dipl\u00f4mes","potentialAction":[{"@type":"SearchAction","target":{"@type":"EntryPoint","urlTemplate":"https:\/\/buydiplomashop.com\/?s={search_term_string}"},"query-input":{"@type":"PropertyValueSpecification","valueRequired":true,"valueName":"search_term_string"}}],"inLanguage":"fr-FR"}]}},"_links":{"self":[{"href":"https:\/\/buydiplomashop.com\/fr\/wp-json\/wp\/v2\/pages\/52","targetHints":{"allow":["GET"]}}],"collection":[{"href":"https:\/\/buydiplomashop.com\/fr\/wp-json\/wp\/v2\/pages"}],"about":[{"href":"https:\/\/buydiplomashop.com\/fr\/wp-json\/wp\/v2\/types\/page"}],"author":[{"embeddable":true,"href":"https:\/\/buydiplomashop.com\/fr\/wp-json\/wp\/v2\/users\/1"}],"replies":[{"embeddable":true,"href":"https:\/\/buydiplomashop.com\/fr\/wp-json\/wp\/v2\/comments?post=52"}],"version-history":[{"count":19,"href":"https:\/\/buydiplomashop.com\/fr\/wp-json\/wp\/v2\/pages\/52\/revisions"}],"predecessor-version":[{"id":93,"href":"https:\/\/buydiplomashop.com\/fr\/wp-json\/wp\/v2\/pages\/52\/revisions\/93"}],"wp:attachment":[{"href":"https:\/\/buydiplomashop.com\/fr\/wp-json\/wp\/v2\/media?parent=52"}],"curies":[{"name":"wp","href":"https:\/\/api.w.org\/{rel}","templated":true}]}}