{"id":192,"date":"2025-12-13T19:03:20","date_gmt":"2025-12-13T19:03:20","guid":{"rendered":"https:\/\/buydiplomashop.com\/?page_id=192"},"modified":"2025-12-13T19:10:46","modified_gmt":"2025-12-13T19:10:46","slug":"recherche-de-plaque-dimmatriculation","status":"publish","type":"page","link":"https:\/\/buydiplomashop.com\/fr\/license-plate-lookup\/","title":{"rendered":"Recherche de plaque d'immatriculation"},"content":{"rendered":"<h2 class=\"wp-block-heading\">Recherche de plaque d'immatriculation \u2013 Services professionnels d'information sur les v\u00e9hicules<\/h2>\n\n\n\n<p>Vous avez besoin de rechercher des informations sur une plaque d'immatriculation ? Chez BuyDiplomaShop.com, nous fournissons des services l\u00e9gitimes de recherche de plaques d'immatriculation aux personnes qui ont besoin d'informations pr\u00e9cises sur l'immatriculation des v\u00e9hicules, les propri\u00e9taires et l'historique complet des v\u00e9hicules. Que vous achetiez une voiture d'occasion, v\u00e9rifiiez les d\u00e9tails d'un v\u00e9hicule ou meniez des recherches, nos professionnels certifi\u00e9s vous aident \u00e0 obtenir des informations authentiques sur les v\u00e9hicules par les voies appropri\u00e9es.<\/p>\n\n\n\n<p>Notre r\u00e9seau comprend des experts certifi\u00e9s qui ma\u00eetrisent les syst\u00e8mes d'immatriculation des v\u00e9hicules, l'acc\u00e8s aux bases de donn\u00e9es et les m\u00e9thodes de recherche d'informations juridiques. En choisissant notre service de recherche de plaques d'immatriculation, vous investissez dans des informations l\u00e9gitimes sur les v\u00e9hicules qui r\u00e9pondent \u00e0 toutes les normes r\u00e9glementaires et exigences en mati\u00e8re de confidentialit\u00e9.<\/p>\n\n\n\n<figure class=\"wp-block-image size-full\"><img loading=\"lazy\" decoding=\"async\" width=\"440\" height=\"248\" src=\"https:\/\/buydiplomashop.com\/wp-content\/uploads\/2025\/12\/license-plate-lookup.webp\" alt=\"recherche de plaque d&#039;immatriculation\" class=\"wp-image-203\" srcset=\"https:\/\/buydiplomashop.com\/wp-content\/uploads\/2025\/12\/license-plate-lookup.webp 440w, https:\/\/buydiplomashop.com\/wp-content\/uploads\/2025\/12\/license-plate-lookup-300x169.webp 300w, https:\/\/buydiplomashop.com\/wp-content\/uploads\/2025\/12\/license-plate-lookup-18x10.webp 18w\" sizes=\"auto, (max-width: 440px) 100vw, 440px\" \/><\/figure>\n\n\n\n<h3 class=\"wp-block-heading\">Pourquoi choisir des services professionnels de recherche de plaques d'immatriculation ?<\/h3>\n\n\n\n<h3 class=\"wp-block-heading\">Informations l\u00e9gales et v\u00e9rifi\u00e9es sur le v\u00e9hicule<\/h3>\n\n\n\n<p>Les services professionnels de recherche d'informations sur les permis vous garantissent d'obtenir des informations l\u00e9gitimes sur les v\u00e9hicules, conformes aux lois et r\u00e9glementations en mati\u00e8re de confidentialit\u00e9. Nos experts certifi\u00e9s vous guident \u00e0 travers les canaux appropri\u00e9s de recherche d'informations, vous fournissant des donn\u00e9es pr\u00e9cises tout en respectant les limites l\u00e9gales.<\/p>\n\n\n\n<p>Contrairement aux sources non v\u00e9rifi\u00e9es qui peuvent fournir des informations obsol\u00e8tes ou incorrectes, nos professionnels travaillent avec des bases de donn\u00e9es officielles et des canaux l\u00e9gaux pour vous aider \u00e0 obtenir des informations authentiques et fiables sur les v\u00e9hicules.<\/p>\n\n\n\n<figure class=\"wp-block-image size-full\"><img loading=\"lazy\" decoding=\"async\" width=\"512\" height=\"299\" src=\"https:\/\/buydiplomashop.com\/wp-content\/uploads\/2025\/12\/Vehicle-information-lookup.png\" alt=\"Recherche d&#039;informations sur un v\u00e9hicule\" class=\"wp-image-204\" srcset=\"https:\/\/buydiplomashop.com\/wp-content\/uploads\/2025\/12\/Vehicle-information-lookup.png 512w, https:\/\/buydiplomashop.com\/wp-content\/uploads\/2025\/12\/Vehicle-information-lookup-300x175.png 300w, https:\/\/buydiplomashop.com\/wp-content\/uploads\/2025\/12\/Vehicle-information-lookup-18x12.png 18w\" sizes=\"auto, (max-width: 512px) 100vw, 512px\" \/><\/figure>\n\n\n\n<h3 class=\"wp-block-heading\">Acc\u00e8s complet aux donn\u00e9es du v\u00e9hicule<\/h3>\n\n\n\n<p>Nos services donnent acc\u00e8s \u00e0 des bases de donn\u00e9es exhaustives sur les v\u00e9hicules, comprenant notamment les d\u00e9tails d'immatriculation, l'historique des propri\u00e9taires, les ant\u00e9c\u00e9dents d'accidents et les sp\u00e9cifications techniques. Que vous ayez besoin d'une v\u00e9rification du num\u00e9ro d'identification du v\u00e9hicule (VIN), du statut des privil\u00e8ges ou d'informations sur les rappels, notre r\u00e9seau comprend des experts familiaris\u00e9s avec divers syst\u00e8mes de donn\u00e9es sur les v\u00e9hicules.<\/p>\n\n\n\n<h3 class=\"wp-block-heading\">Confidentialit\u00e9 et s\u00e9curit\u00e9 totales garanties<\/h3>\n\n\n\n<p>Conscients du caract\u00e8re sensible des recherches d'informations sur les v\u00e9hicules, nous garantissons une confidentialit\u00e9 totale tout au long du processus. Toutes les communications sont crypt\u00e9es et vos informations personnelles restent prot\u00e9g\u00e9es.<\/p>\n\n\n\n<h4 class=\"wp-block-heading\">Services complets de recherche de plaques d'immatriculation<\/h4>\n\n\n\n<h4 class=\"wp-block-heading\">Recherche d'informations sur l'immatriculation d'un v\u00e9hicule<\/h4>\n\n\n\n<p>Il est essentiel d'obtenir les informations actuelles relatives \u00e0 l'immatriculation d'un v\u00e9hicule \u00e0 diverses fins, notamment pour v\u00e9rifier l'achat d'un v\u00e9hicule, faire une d\u00e9claration de sinistre ou engager une proc\u00e9dure judiciaire. Nos experts fournissent des informations d'immatriculation pr\u00e9cises par des voies l\u00e9gitimes.<\/p>\n\n\n\n<p>Les services comprennent :<\/p>\n\n\n\n<ul class=\"wp-block-list\">\n<li>Statut actuel de l'enregistrement<\/li>\n\n\n\n<li>Dates d'expiration de l'enregistrement<\/li>\n\n\n\n<li>V\u00e9rification de la marque, du mod\u00e8le et de l'ann\u00e9e du v\u00e9hicule<\/li>\n\n\n\n<li>D\u00e9tails relatifs \u00e0 l'enregistrement au niveau de l'\u00c9tat et du comt\u00e9<\/li>\n\n\n\n<li>Confirmation de la validit\u00e9 de la plaque d'immatriculation<\/li>\n<\/ul>\n\n\n\n<figure class=\"wp-block-image size-large is-resized\"><img loading=\"lazy\" decoding=\"async\" width=\"1024\" height=\"508\" src=\"https:\/\/buydiplomashop.com\/wp-content\/uploads\/2025\/12\/Vehicle-registration-lookup-1024x508.webp\" alt=\"Recherche d&#039;immatriculation de v\u00e9hicule\" class=\"wp-image-205\" style=\"width:454px;height:auto\" srcset=\"https:\/\/buydiplomashop.com\/wp-content\/uploads\/2025\/12\/Vehicle-registration-lookup-1024x508.webp 1024w, https:\/\/buydiplomashop.com\/wp-content\/uploads\/2025\/12\/Vehicle-registration-lookup-300x149.webp 300w, https:\/\/buydiplomashop.com\/wp-content\/uploads\/2025\/12\/Vehicle-registration-lookup-768x381.webp 768w, https:\/\/buydiplomashop.com\/wp-content\/uploads\/2025\/12\/Vehicle-registration-lookup-1536x762.webp 1536w, https:\/\/buydiplomashop.com\/wp-content\/uploads\/2025\/12\/Vehicle-registration-lookup-2048x1016.webp 2048w, https:\/\/buydiplomashop.com\/wp-content\/uploads\/2025\/12\/Vehicle-registration-lookup-18x9.webp 18w\" sizes=\"auto, (max-width: 1024px) 100vw, 1024px\" \/><\/figure>\n\n\n\n<h4 class=\"wp-block-heading\">Recherche d'historique et de propri\u00e9t\u00e9 du v\u00e9hicule<\/h4>\n\n\n\n<p>Il est essentiel de conna\u00eetre l'historique et les ant\u00e9c\u00e9dents de propri\u00e9t\u00e9 d'un v\u00e9hicule pour prendre une d\u00e9cision \u00e9clair\u00e9e. Nos sp\u00e9cialistes fournissent des rapports d'historique complets \u00e0 partir de bases de donn\u00e9es officielles.<\/p>\n\n\n\n<p>Les services historiques comprennent :<\/p>\n\n\n\n<ul class=\"wp-block-list\">\n<li>Ant\u00e9c\u00e9dents de propri\u00e9t\u00e9<\/li>\n\n\n\n<li>Historique des accidents et des dommages<\/li>\n\n\n\n<li>Rapports de vol et de r\u00e9cup\u00e9ration<\/li>\n\n\n\n<li>Statut du privil\u00e8ge et du pr\u00eat<\/li>\n\n\n\n<li>Rappel et informations de s\u00e9curit\u00e9<\/li>\n<\/ul>\n\n\n\n<h4 class=\"wp-block-heading\">Services de v\u00e9rification et de d\u00e9codage des num\u00e9ros d'identification des v\u00e9hicules (VIN)<\/h4>\n\n\n\n<p>Les num\u00e9ros d'identification des v\u00e9hicules contiennent des informations d\u00e9taill\u00e9es sur les sp\u00e9cifications et l'historique des v\u00e9hicules. Nos experts d\u00e9codent les NIV afin de fournir des informations d\u00e9taill\u00e9es sur les v\u00e9hicules.<\/p>\n\n\n\n<p>Les services VIN comprennent :<\/p>\n\n\n\n<ul class=\"wp-block-list\">\n<li>Sp\u00e9cifications compl\u00e8tes du v\u00e9hicule<\/li>\n\n\n\n<li>D\u00e9tails et dates de fabrication<\/li>\n\n\n\n<li>Informations sur le moteur et la transmission<\/li>\n\n\n\n<li>Liste des \u00e9quipements et fonctionnalit\u00e9s<\/li>\n\n\n\n<li>\u00c9valuations de la valeur marchande<\/li>\n<\/ul>\n\n\n\n<h4 class=\"wp-block-heading\">Recherche de v\u00e9hicules utilitaires et de flottes<\/h4>\n\n\n\n<p>Pour les entreprises qui ont besoin d'informations sur les v\u00e9hicules \u00e0 des fins de gestion de flotte ou \u00e0 des fins commerciales, nos sp\u00e9cialistes fournissent des services de recherche sp\u00e9cialis\u00e9s.<\/p>\n\n\n\n<p>Les services commerciaux comprennent :<\/p>\n\n\n\n<ul class=\"wp-block-list\">\n<li>Statut d'immatriculation des v\u00e9hicules utilitaires<\/li>\n\n\n\n<li>Informations sur les v\u00e9hicules de la flotte<\/li>\n\n\n\n<li>Assistance pour la v\u00e9rification d'assurance<\/li>\n\n\n\n<li>Recherches de privil\u00e8ges commerciaux<\/li>\n\n\n\n<li>V\u00e9rification de la propri\u00e9t\u00e9 de l'entreprise<\/li>\n<\/ul>\n\n\n\n<h5 class=\"wp-block-heading\">Comment fonctionne notre processus de recherche de plaques d'immatriculation<\/h5>\n\n\n\n<h5 class=\"wp-block-heading\">\u00c9tape 1 : Consultation confidentielle<\/h5>\n\n\n\n<p>Chaque recherche de plaque d'immatriculation commence par une consultation priv\u00e9e afin de comprendre vos besoins sp\u00e9cifiques et d'\u00e9laborer une strat\u00e9gie de recherche appropri\u00e9e. Nos experts discutent avec vous de vos exigences, des d\u00e9tails du v\u00e9hicule et des informations recherch\u00e9es.<\/p>\n\n\n\n<h5 class=\"wp-block-heading\">\u00c9tape 2 : Acc\u00e8s \u00e0 la base de donn\u00e9es et r\u00e9cup\u00e9ration des informations<\/h5>\n\n\n\n<p>Nos professionnels acc\u00e8dent \u00e0 des bases de donn\u00e9es l\u00e9gitimes sur les v\u00e9hicules et \u00e0 des registres officiels afin d'obtenir des informations pr\u00e9cises tout en respectant la conformit\u00e9 l\u00e9gale et les normes de confidentialit\u00e9.<\/p>\n\n\n\n<h5 class=\"wp-block-heading\">\u00c9tape 3 : V\u00e9rification et recoupement<\/h5>\n\n\n\n<p>\u00c0 l'aide de plusieurs sources de donn\u00e9es, nos experts v\u00e9rifient l'exactitude des informations et recoupent les d\u00e9tails afin de garantir des r\u00e9sultats complets et fiables.<\/p>\n\n\n\n<h5 class=\"wp-block-heading\">\u00c9tape 4 : Remise du rapport et soutien au suivi<\/h5>\n\n\n\n<p>Une fois les informations relatives \u00e0 votre v\u00e9hicule compil\u00e9es, nous vous fournissons un rapport d\u00e9taill\u00e9 contenant toutes les informations pertinentes et vous offrons un suivi pour toute question ou demande suppl\u00e9mentaire.<\/p>\n\n\n\n<h5 class=\"wp-block-heading\">Avantages des services de recherche de plaques d'immatriculation v\u00e9rifi\u00e9es<\/h5>\n\n\n\n<h5 class=\"wp-block-heading\">Recherche rapide et pr\u00e9cise d'informations<\/h5>\n\n\n\n<p>Notre r\u00e9seau maintient l'acc\u00e8s aux bases de donn\u00e9es en temps r\u00e9el sur les v\u00e9hicules et aux registres officiels, garantissant ainsi une recherche rapide et pr\u00e9cise des informations tout en respectant la conformit\u00e9 l\u00e9gale.<\/p>\n\n\n\n<h5 class=\"wp-block-heading\">100% Donn\u00e9es authentiques sur les v\u00e9hicules<\/h5>\n\n\n\n<p>Chaque recherche de plaque d'immatriculation effectu\u00e9e via nos services fournit des informations v\u00e9rifi\u00e9es provenant de sources officielles, garantissant ainsi leur exactitude pour les d\u00e9cisions importantes et \u00e0 des fins juridiques.<\/p>\n\n\n\n<h5 class=\"wp-block-heading\">Acc\u00e8s \u00e0 plusieurs bases de donn\u00e9es<\/h5>\n\n\n\n<p>Nos experts travaillent avec diverses bases de donn\u00e9es et syst\u00e8mes d'information sur les v\u00e9hicules, fournissant des donn\u00e9es compl\u00e8tes provenant de multiples sources pour obtenir des informations exhaustives sur les v\u00e9hicules.<\/p>\n\n\n\n<h5 class=\"wp-block-heading\">Service discret et professionnel<\/h5>\n\n\n\n<p>Une confidentialit\u00e9 totale est garantie tout au long du processus, gr\u00e2ce \u00e0 des communications s\u00e9curis\u00e9es et \u00e0 un traitement professionnel des informations sensibles.<\/p>\n\n\n\n<h6 class=\"wp-block-heading\">Sc\u00e9narios courants de recherche de plaques d'immatriculation<\/h6>\n\n\n\n<h3 class=\"wp-block-heading\">V\u00e9rification de l'achat d'une voiture d'occasion<\/h3>\n\n\n\n<p>La raison la plus fr\u00e9quente pour laquelle les gens ont besoin de services de recherche de plaques d'immatriculation est la v\u00e9rification des informations relatives au v\u00e9hicule avant l'achat d'une voiture d'occasion.<\/p>\n\n\n\n<h6 class=\"wp-block-heading\">Enqu\u00eate sur l'historique du v\u00e9hicule<\/h6>\n\n\n\n<p>Les propri\u00e9taires de voitures ont souvent besoin de rapports historiques complets pour les d\u00e9clarations de sinistre, la planification de l'entretien ou \u00e0 des fins de v\u00e9rification personnelle.<\/p>\n\n\n\n<h6 class=\"wp-block-heading\">Assurance et exigences l\u00e9gales<\/h6>\n\n\n\n<p>Les compagnies d'assurance et les professionnels du droit ont besoin d'informations pr\u00e9cises sur les v\u00e9hicules pour le traitement des sinistres et les proc\u00e9dures judiciaires.<\/p>\n\n\n\n<h6 class=\"wp-block-heading\">Gestion de flotte et utilisation professionnelle<\/h6>\n\n\n\n<p>Les entreprises disposant d'un parc automobile ont besoin d'informations r\u00e9guli\u00e8rement mises \u00e0 jour \u00e0 des fins de gestion et de conformit\u00e9.<\/p>\n\n\n\n<h6 class=\"wp-block-heading\">Acc\u00e8s \u00e0 la base de donn\u00e9es de recherche d'informations sur les v\u00e9hicules<\/h6>\n\n\n\n<h6 class=\"wp-block-heading\">Registres des v\u00e9hicules motoris\u00e9s de l'\u00c9tat<\/h6>\n\n\n\n<p>Acc\u00e8s aux registres officiels du d\u00e9partement des v\u00e9hicules motoris\u00e9s de l'\u00c9tat pour obtenir des informations sur l'immatriculation et la propri\u00e9t\u00e9 actuelles.<\/p>\n\n\n\n<h6 class=\"wp-block-heading\">Bases de donn\u00e9es nationales sur les v\u00e9hicules<\/h6>\n\n\n\n<p>Acc\u00e8s complet aux syst\u00e8mes nationaux d'information sur les v\u00e9hicules pour conna\u00eetre l'historique des accidents, les rappels et les sp\u00e9cifications techniques.<\/p>\n\n\n\n<h6 class=\"wp-block-heading\">Bases de donn\u00e9es sur les assurances et les sinistres<\/h6>\n\n\n\n<p>Acc\u00e8s aux bases de donn\u00e9es du secteur des assurances pour consulter l'historique des sinistres et les \u00e9valuations des dommages.<\/p>\n\n\n\n<h6 class=\"wp-block-heading\">Registres commerciaux et hypoth\u00e9caires<\/h6>\n\n\n\n<p>Acc\u00e8s aux bases de donn\u00e9es sur les v\u00e9hicules commerciaux et les cr\u00e9anciers privil\u00e9gi\u00e9s \u00e0 des fins de v\u00e9rification commerciale et financi\u00e8re.<\/p>\n\n\n\n<h6 class=\"wp-block-heading\">Obtenez d\u00e8s aujourd'hui les informations relatives \u00e0 votre plaque d'immatriculation<\/h6>\n\n\n\n<p>Ne laissez pas les lacunes dans les informations sur les v\u00e9hicules influencer vos d\u00e9cisions importantes. Notre r\u00e9seau v\u00e9rifi\u00e9 fournit des services de recherche de plaques d'immatriculation rapides, pr\u00e9cis et totalement confidentiels pour tous vos besoins en mati\u00e8re d'informations sur les v\u00e9hicules.<\/p>\n\n\n\n<p>Que vous ayez besoin de rechercher des informations sur une plaque d'immatriculation pour l'achat d'un v\u00e9hicule, de v\u00e9rifier un num\u00e9ro d'identification de v\u00e9hicule (VIN) ou d'obtenir des rapports complets sur l'historique d'un v\u00e9hicule, notre plateforme vous met en relation avec les experts adapt\u00e9s \u00e0 votre situation sp\u00e9cifique.<\/p>\n\n\n\n<p>Pr\u00eat \u00e0 rechercher des informations sur une plaque d'immatriculation ? <a href=\"https:\/\/buydiplomashop.com\/fr\/contact\/\">Contact<\/a> Notre \u00e9quipe aujourd'hui pour planifier votre consultation confidentielle et d\u00e9couvrir pourquoi des milliers de personnes font confiance \u00e0 BuyDiplomaShop.com pour leurs besoins en mati\u00e8re d'informations sur les v\u00e9hicules.<\/p>\n\n\n\n<p>Que vous ayez besoin d'une v\u00e9rification d'immatriculation, d'une recherche de propri\u00e9taire ou d'une recherche de plaque d'immatriculation, nos services professionnels vous fournissent les informations pr\u00e9cises dont vous avez besoin.<\/p>","protected":false},"excerpt":{"rendered":"<p>License Plate Lookup &#8211; Professional Vehicle Information Services Need to lookup license plate information? At BuyDiplomaShop.com, we provide legitimate license plate lookup services for individuals who need accurate vehicle registration details, ownership information, and comprehensive vehicle history reports. Whether you&#8217;re buying a used car, verifying vehicle details, or conducting research, our verified professionals help you&hellip;&nbsp;<a href=\"https:\/\/buydiplomashop.com\/fr\/license-plate-lookup\/\" rel=\"bookmark\"><span class=\"screen-reader-text\">Recherche de plaque d'immatriculation<\/span><\/a><\/p>","protected":false},"author":1,"featured_media":0,"parent":0,"menu_order":0,"comment_status":"closed","ping_status":"closed","template":"","meta":{"neve_meta_sidebar":"","neve_meta_container":"","neve_meta_enable_content_width":"","neve_meta_content_width":0,"neve_meta_title_alignment":"","neve_meta_author_avatar":"","neve_post_elements_order":"","neve_meta_disable_header":"","neve_meta_disable_footer":"","neve_meta_disable_title":"","footnotes":""},"class_list":["post-192","page","type-page","status-publish","hentry"],"yoast_head":"<!-- This site is optimized with the Yoast SEO plugin v27.5 - https:\/\/yoast.com\/product\/yoast-seo-wordpress\/ -->\n<title>License Plate Lookup - Buy a diploma, certificate and degrees<\/title>\n<meta name=\"description\" content=\"Lookup license plate information and vehicle registration details. Vehicle history and ownership information. Search any license plate now.\" \/>\n<meta name=\"robots\" content=\"index, follow, max-snippet:-1, max-image-preview:large, max-video-preview:-1\" \/>\n<link rel=\"canonical\" href=\"https:\/\/buydiplomashop.com\/fr\/recherche-de-plaque-dimmatriculation\/\" \/>\n<meta property=\"og:locale\" content=\"fr_FR\" \/>\n<meta property=\"og:type\" content=\"article\" \/>\n<meta property=\"og:title\" content=\"License Plate Lookup - Buy a diploma, certificate and degrees\" \/>\n<meta property=\"og:description\" content=\"Lookup license plate information and vehicle registration details. Vehicle history and ownership information. Search any license plate now.\" \/>\n<meta property=\"og:url\" content=\"https:\/\/buydiplomashop.com\/fr\/recherche-de-plaque-dimmatriculation\/\" \/>\n<meta property=\"og:site_name\" content=\"Buy a diploma, certificate and degrees\" \/>\n<meta property=\"article:modified_time\" content=\"2025-12-13T19:10:46+00:00\" \/>\n<meta property=\"og:image\" content=\"https:\/\/buydiplomashop.com\/wp-content\/uploads\/2025\/12\/license-plate-lookup.webp\" \/>\n\t<meta property=\"og:image:width\" content=\"440\" \/>\n\t<meta property=\"og:image:height\" content=\"248\" \/>\n\t<meta property=\"og:image:type\" content=\"image\/webp\" \/>\n<meta name=\"twitter:card\" content=\"summary_large_image\" \/>\n<meta name=\"twitter:label1\" content=\"Dur\u00e9e de lecture estim\u00e9e\" \/>\n\t<meta name=\"twitter:data1\" content=\"5 minutes\" \/>\n<script type=\"application\/ld+json\" class=\"yoast-schema-graph\">{\"@context\":\"https:\\\/\\\/schema.org\",\"@graph\":[{\"@type\":\"WebPage\",\"@id\":\"https:\\\/\\\/buydiplomashop.com\\\/license-plate-lookup\\\/\",\"url\":\"https:\\\/\\\/buydiplomashop.com\\\/license-plate-lookup\\\/\",\"name\":\"License Plate Lookup - Buy a diploma, certificate and degrees\",\"isPartOf\":{\"@id\":\"https:\\\/\\\/buydiplomashop.com\\\/#website\"},\"primaryImageOfPage\":{\"@id\":\"https:\\\/\\\/buydiplomashop.com\\\/license-plate-lookup\\\/#primaryimage\"},\"image\":{\"@id\":\"https:\\\/\\\/buydiplomashop.com\\\/license-plate-lookup\\\/#primaryimage\"},\"thumbnailUrl\":\"https:\\\/\\\/buydiplomashop.com\\\/wp-content\\\/uploads\\\/2025\\\/12\\\/license-plate-lookup.webp\",\"datePublished\":\"2025-12-13T19:03:20+00:00\",\"dateModified\":\"2025-12-13T19:10:46+00:00\",\"description\":\"Lookup license plate information and vehicle registration details. Vehicle history and ownership information. Search any license plate now.\",\"breadcrumb\":{\"@id\":\"https:\\\/\\\/buydiplomashop.com\\\/license-plate-lookup\\\/#breadcrumb\"},\"inLanguage\":\"fr-FR\",\"potentialAction\":[{\"@type\":\"ReadAction\",\"target\":[\"https:\\\/\\\/buydiplomashop.com\\\/license-plate-lookup\\\/\"]}]},{\"@type\":\"ImageObject\",\"inLanguage\":\"fr-FR\",\"@id\":\"https:\\\/\\\/buydiplomashop.com\\\/license-plate-lookup\\\/#primaryimage\",\"url\":\"https:\\\/\\\/buydiplomashop.com\\\/wp-content\\\/uploads\\\/2025\\\/12\\\/license-plate-lookup.webp\",\"contentUrl\":\"https:\\\/\\\/buydiplomashop.com\\\/wp-content\\\/uploads\\\/2025\\\/12\\\/license-plate-lookup.webp\"},{\"@type\":\"BreadcrumbList\",\"@id\":\"https:\\\/\\\/buydiplomashop.com\\\/license-plate-lookup\\\/#breadcrumb\",\"itemListElement\":[{\"@type\":\"ListItem\",\"position\":1,\"name\":\"Home\",\"item\":\"https:\\\/\\\/buydiplomashop.com\\\/\"},{\"@type\":\"ListItem\",\"position\":2,\"name\":\"License Plate Lookup\"}]},{\"@type\":\"WebSite\",\"@id\":\"https:\\\/\\\/buydiplomashop.com\\\/#website\",\"url\":\"https:\\\/\\\/buydiplomashop.com\\\/\",\"name\":\"Buy a diploma, certificate and degrees\",\"description\":\"Buy a diploma online, certificates, degrees\",\"potentialAction\":[{\"@type\":\"SearchAction\",\"target\":{\"@type\":\"EntryPoint\",\"urlTemplate\":\"https:\\\/\\\/buydiplomashop.com\\\/?s={search_term_string}\"},\"query-input\":{\"@type\":\"PropertyValueSpecification\",\"valueRequired\":true,\"valueName\":\"search_term_string\"}}],\"inLanguage\":\"fr-FR\"}]}<\/script>\n<!-- \/ Yoast SEO plugin. -->","yoast_head_json":{"title":"Recherche de plaque d'immatriculation - Acheter un dipl\u00f4me, un certificat ou un titre universitaire","description":"Recherchez les informations relatives aux plaques d'immatriculation et aux immatriculations de v\u00e9hicules. Historique du v\u00e9hicule et informations sur les propri\u00e9taires. Recherchez d\u00e8s maintenant n'importe quelle plaque d'immatriculation.","robots":{"index":"index","follow":"follow","max-snippet":"max-snippet:-1","max-image-preview":"max-image-preview:large","max-video-preview":"max-video-preview:-1"},"canonical":"https:\/\/buydiplomashop.com\/fr\/recherche-de-plaque-dimmatriculation\/","og_locale":"fr_FR","og_type":"article","og_title":"License Plate Lookup - Buy a diploma, certificate and degrees","og_description":"Lookup license plate information and vehicle registration details. Vehicle history and ownership information. Search any license plate now.","og_url":"https:\/\/buydiplomashop.com\/fr\/recherche-de-plaque-dimmatriculation\/","og_site_name":"Buy a diploma, certificate and degrees","article_modified_time":"2025-12-13T19:10:46+00:00","og_image":[{"width":440,"height":248,"url":"https:\/\/buydiplomashop.com\/wp-content\/uploads\/2025\/12\/license-plate-lookup.webp","type":"image\/webp"}],"twitter_card":"summary_large_image","twitter_misc":{"Dur\u00e9e de lecture estim\u00e9e":"5 minutes"},"schema":{"@context":"https:\/\/schema.org","@graph":[{"@type":"WebPage","@id":"https:\/\/buydiplomashop.com\/license-plate-lookup\/","url":"https:\/\/buydiplomashop.com\/license-plate-lookup\/","name":"Recherche de plaque d'immatriculation - Acheter un dipl\u00f4me, un certificat ou un titre universitaire","isPartOf":{"@id":"https:\/\/buydiplomashop.com\/#website"},"primaryImageOfPage":{"@id":"https:\/\/buydiplomashop.com\/license-plate-lookup\/#primaryimage"},"image":{"@id":"https:\/\/buydiplomashop.com\/license-plate-lookup\/#primaryimage"},"thumbnailUrl":"https:\/\/buydiplomashop.com\/wp-content\/uploads\/2025\/12\/license-plate-lookup.webp","datePublished":"2025-12-13T19:03:20+00:00","dateModified":"2025-12-13T19:10:46+00:00","description":"Recherchez les informations relatives aux plaques d'immatriculation et aux immatriculations de v\u00e9hicules. Historique du v\u00e9hicule et informations sur les propri\u00e9taires. Recherchez d\u00e8s maintenant n'importe quelle plaque d'immatriculation.","breadcrumb":{"@id":"https:\/\/buydiplomashop.com\/license-plate-lookup\/#breadcrumb"},"inLanguage":"fr-FR","potentialAction":[{"@type":"ReadAction","target":["https:\/\/buydiplomashop.com\/license-plate-lookup\/"]}]},{"@type":"ImageObject","inLanguage":"fr-FR","@id":"https:\/\/buydiplomashop.com\/license-plate-lookup\/#primaryimage","url":"https:\/\/buydiplomashop.com\/wp-content\/uploads\/2025\/12\/license-plate-lookup.webp","contentUrl":"https:\/\/buydiplomashop.com\/wp-content\/uploads\/2025\/12\/license-plate-lookup.webp"},{"@type":"BreadcrumbList","@id":"https:\/\/buydiplomashop.com\/license-plate-lookup\/#breadcrumb","itemListElement":[{"@type":"ListItem","position":1,"name":"Home","item":"https:\/\/buydiplomashop.com\/"},{"@type":"ListItem","position":2,"name":"License Plate Lookup"}]},{"@type":"WebSite","@id":"https:\/\/buydiplomashop.com\/#website","url":"https:\/\/buydiplomashop.com\/","name":"Acheter un dipl\u00f4me, un certificat ou un titre","description":"Acheter un dipl\u00f4me en ligne, des certificats, des dipl\u00f4mes","potentialAction":[{"@type":"SearchAction","target":{"@type":"EntryPoint","urlTemplate":"https:\/\/buydiplomashop.com\/?s={search_term_string}"},"query-input":{"@type":"PropertyValueSpecification","valueRequired":true,"valueName":"search_term_string"}}],"inLanguage":"fr-FR"}]}},"_links":{"self":[{"href":"https:\/\/buydiplomashop.com\/fr\/wp-json\/wp\/v2\/pages\/192","targetHints":{"allow":["GET"]}}],"collection":[{"href":"https:\/\/buydiplomashop.com\/fr\/wp-json\/wp\/v2\/pages"}],"about":[{"href":"https:\/\/buydiplomashop.com\/fr\/wp-json\/wp\/v2\/types\/page"}],"author":[{"embeddable":true,"href":"https:\/\/buydiplomashop.com\/fr\/wp-json\/wp\/v2\/users\/1"}],"replies":[{"embeddable":true,"href":"https:\/\/buydiplomashop.com\/fr\/wp-json\/wp\/v2\/comments?post=192"}],"version-history":[{"count":12,"href":"https:\/\/buydiplomashop.com\/fr\/wp-json\/wp\/v2\/pages\/192\/revisions"}],"predecessor-version":[{"id":212,"href":"https:\/\/buydiplomashop.com\/fr\/wp-json\/wp\/v2\/pages\/192\/revisions\/212"}],"wp:attachment":[{"href":"https:\/\/buydiplomashop.com\/fr\/wp-json\/wp\/v2\/media?parent=192"}],"curies":[{"name":"wp","href":"https:\/\/api.w.org\/{rel}","templated":true}]}}