{"id":96,"date":"2025-07-23T14:31:39","date_gmt":"2025-07-23T14:31:39","guid":{"rendered":"https:\/\/buydiplomashop.com\/?page_id=96"},"modified":"2025-07-23T16:33:18","modified_gmt":"2025-07-23T16:33:18","slug":"osta-palgatsekke-internetis","status":"publish","type":"page","link":"https:\/\/buydiplomashop.com\/et\/buy-paychecks-online\/","title":{"rendered":"Osta v\u00f5ltsitud palgat\u0161ekke"},"content":{"rendered":"<h2 class=\"wp-block-heading\">Osta v\u00f5ltsitud palgat\u00f5endeid v\u00f5i palgat\u0161ekke internetis<\/h2>\n\n\n\n<p>Kas soovite osta v\u00f5ltsitud v\u00f5ltsitud palgalehti\/palgalehti? Tere tulemast #1 dokumendipakkuja juurde kogu maailmas. Me oleme <a href=\"https:\/\/buydiplomashop.com\/et\/\">www.buydiplomashop.com<\/a>, aastaid turuliider v\u00f5ltsitud\/reprodutseeritud palgat\u00f5endite, t\u00f6\u00f6andjate v\u00e4ljav\u00f5tete ja muude dokumentide ostmisel. Kas olete huvitatud v\u00f5ltsitud palgat\u00f5endite ostmisest internetis? Siis olete j\u00f5udnud \u00f5igesse kohta.<\/p>\n\n\n\n<h2 class=\"wp-block-heading\">Mis on palgalehte?<\/h2>\n\n\n\n<p>Palgat\u00f5endid, mida tuntakse ka palgat\u00f5endite v\u00f5i palgat\u00f5endite nime all, on midagi enamat kui lihtsalt igakuised dokumendid - need on olulised sissetuleku ja t\u00f6\u00f6tamise t\u00f5endid. Olenemata sellest, kas t\u00f6\u00f6tate Madalmaades, Saksamaal, Prantsusmaal, Hispaanias v\u00f5i m\u00f5nes teises Euroopa v\u00f5i maailma riigis, on teie palgat\u00f5endil oluline roll paljudes finants- ja haldussituatsioonides.<\/p>\n\n\n\n<p>Palgalehti on vaja paljudes eluvaldkondades - alates eluasemest ja maksudest kuni sisser\u00e4nde- ja juriidiliste k\u00fcsimusteni. Hoidke oma palgalehed alati korrastatult ja k\u00e4ttesaadavana, eriti kui elate v\u00f5i t\u00f6\u00f6tate ELis.<\/p>\n\n\n\n<p>Kas otsite abi oma palgakorralduse v\u00f5i sissetulekute kontrollimisega? V\u00f5tke meiega n\u00fc\u00fcd \u00fchendust: <strong>buydiplomashop@pm.me<\/strong>v\u00f5i v\u00f5tke meiega \u00fchendust WhatsAppi kaudu.<\/p>\n\n\n\n<figure class=\"wp-block-image size-large is-resized\"><img loading=\"lazy\" decoding=\"async\" width=\"1024\" height=\"683\" src=\"https:\/\/buydiplomashop.com\/wp-content\/uploads\/2025\/07\/ChatGPT-Image-23-jul-2025-17_15_57-1024x683.png\" alt=\"osta v\u00f5ltsitud palgalehti\" class=\"wp-image-129\" style=\"width:567px;height:auto\" srcset=\"https:\/\/buydiplomashop.com\/wp-content\/uploads\/2025\/07\/ChatGPT-Image-23-jul-2025-17_15_57-1024x683.png 1024w, https:\/\/buydiplomashop.com\/wp-content\/uploads\/2025\/07\/ChatGPT-Image-23-jul-2025-17_15_57-300x200.png 300w, https:\/\/buydiplomashop.com\/wp-content\/uploads\/2025\/07\/ChatGPT-Image-23-jul-2025-17_15_57-768x512.png 768w, https:\/\/buydiplomashop.com\/wp-content\/uploads\/2025\/07\/ChatGPT-Image-23-jul-2025-17_15_57-18x12.png 18w, https:\/\/buydiplomashop.com\/wp-content\/uploads\/2025\/07\/ChatGPT-Image-23-jul-2025-17_15_57-930x620.png 930w, https:\/\/buydiplomashop.com\/wp-content\/uploads\/2025\/07\/ChatGPT-Image-23-jul-2025-17_15_57.png 1536w\" sizes=\"auto, (max-width: 1024px) 100vw, 1024px\" \/><\/figure>\n\n\n\n<h2 class=\"wp-block-heading\">Kas ma v\u00f5in t\u00f5esti osta ametlikke v\u00f5ltsitud palgat\u0161ekke\/palgalehti?<\/h2>\n\n\n\n<p>Aastate jooksul oleme seda k\u00fcsimust saanud uskumatult sageli. Vastus k\u00fcsimusele, kas ametliku v\u00f5ltspalga ostmine on v\u00f5imalik, on JAH! Oleme juba aastaid olnud valdkonna liider ja teame t\u00e4pselt, mida teha. Kui soovite osta ka muid dokumente, nagu n\u00e4iteks t\u00f6\u00f6andja avaldus, leping v\u00f5i muud avaldused, v\u00f5tke meiega \u00fchendust, meil on palju kogemusi!<br><br>T\u00e4nu meie kogemustele palgakannete tellijatega teame t\u00e4pselt, millist kujundust millise t\u00f6\u00f6stusharu jaoks kasutada. Samuti hoolitseme selle eest, et arvutused oleksid \u00f5iged. Me tunneme peaaegu k\u00f5igi riikide ja t\u00f6\u00f6stusharude maksude arvutusi!<\/p>\n\n\n\n<p>Vajate sissetuleku t\u00f5endamist ja ei tea, kust alustada? V\u00f5tke meiega \u00fchendust ja me m\u00f5tleme koos teiega, et see oleks realistlik, identne ja ametlik. Teie vajadustest saavad meie mured.<\/p>\n\n\n\n<h2 class=\"wp-block-heading\">Milleks on teil vaja palgakontot?<\/h2>\n\n\n\n<p>\ud83c\udfe0 Kinnisvara rentimine v\u00f5i ostmine: N\u00e4ita sissetuleku stabiilsust<\/p>\n\n\n\n<ul class=\"wp-block-list\">\n<li>H\u00fcpoteegi taotlemisel v\u00f5i \u00fc\u00fcrilepingu s\u00f5lmimisel n\u00f5uavad pangad ja \u00fc\u00fcrileandjad sageli hiljutisi palgat\u00f5endeid, et kontrollida teie sissetulekut. See aitab neil hinnata, kas te saate endale laenu v\u00f5i igakuist \u00fc\u00fcri lubada. Enamik asutusi k\u00fcsib <strong>viimased 3 kuni 6 palgakonto v\u00e4ljav\u00f5tet<\/strong>.<\/li>\n<\/ul>\n\n\n\n<hr class=\"wp-block-separator has-alpha-channel-opacity\"\/>\n\n\n\n<p>\ud83d\udcb3 Laenu v\u00f5i krediitkaardi taotlemine<\/p>\n\n\n\n<p>Kas vajate isiklikku laenu, autofinantseerimist v\u00f5i krediitkaarti? Finantsasutused kasutavad teie palgalehte teie palgaarvete hindamiseks. <strong>tagasimaksev\u00f5ime ja t\u00f6\u00f6koha stabiilsus<\/strong>. Stabiilne sissetulek, mida toetavad teie palgalehti, suurendab teie v\u00f5imalusi heakskiidu saamiseks.<\/p>\n\n\n\n<hr class=\"wp-block-separator has-alpha-channel-opacity\"\/>\n\n\n\n<p>\ud83e\uddfe Maksudeklaratsioonid ja tuludeklaratsioonid<\/p>\n\n\n\n<p>Palgalehti sisaldavad maksude ja sotsiaalkindlustusmaksete jaotust. Paljudes Euroopa riikides, n\u00e4iteks Belgias, Prantsusmaal ja Madalmaades, on need dokumendid kasulikud iga-aastase maksudeklaratsiooni koostamisel v\u00f5i kontrollimisel.<\/p>\n\n\n\n<hr class=\"wp-block-separator has-alpha-channel-opacity\"\/>\n\n\n\n<p>\u2696\ufe0f \u00d5iguslikud t\u00f5endid t\u00f6\u00f6h\u00f5ive- v\u00f5i perekonnaasjades<\/p>\n\n\n\n<p>Palgalehe v\u00f5ib kasutada <strong>seaduslik sissetulekut\u00f5end<\/strong> kohtumenetlustes - n\u00e4iteks vaidlused t\u00f6\u00f6\u00f5iguste, abielulahutuse v\u00f5i elatise maksmise korra \u00fcle. Need annavad selge \u00fclevaate sellest, mida olete teeninud ja mida on maha arvatud.<\/p>\n\n\n\n<hr class=\"wp-block-separator has-alpha-channel-opacity\"\/>\n\n\n\n<p>\ud83c\udf0d Immigratsiooni- ja elamisloa taotlused<\/p>\n\n\n\n<p>Kui taotletakse <strong>elamisluba v\u00f5i t\u00f6\u00f6viisa<\/strong> Euroopas n\u00f5utakse sageli palgat\u00f5endeid, et t\u00f5endada, et te olete seaduslik t\u00f6\u00f6taja ja teenite piisavat sissetulekut. Sellised riigid nagu Saksamaa, Hispaania ja Madalmaad k\u00fcsivad neid dokumente tavaliselt sisser\u00e4nde protsessi raames.<\/p>\n\n\n\n<hr class=\"wp-block-separator has-alpha-channel-opacity\"\/>\n\n\n\n<p>\ud83d\udc75 Pension, pension ja sotsiaalkindlustus<\/p>\n\n\n\n<p>Teie igakuised palgalehed sisaldavad teavet teie <strong>pensionimaksed ja sotsiaalkindlustusmaksed<\/strong>. Need andmed on olulised pensioni\u00f5iguste taotlemisel v\u00f5i pensionih\u00fcvitiste saamise \u00f5iguse kontrollimisel.<\/p>\n\n\n\n<hr class=\"wp-block-separator has-alpha-channel-opacity\"\/>\n\n\n\n<p>\ud83e\udd12 Haiguspuhkus ja t\u00f6\u00f6v\u00f5imetusn\u00f5uded<\/p>\n\n\n\n<p>Haiguse v\u00f5i ajutise t\u00f6\u00f6v\u00f5imetuse korral v\u00f5ivad Euroopa sotsiaalkindlustusasutused v\u00f5i t\u00f6\u00f6andjad n\u00f5uda teie h\u00fcvitise m\u00e4\u00e4ramiseks hiljutisi palgat\u00f5endeid. Need on teie keskmise sissetuleku usaldusv\u00e4\u00e4rseks v\u00f5rdluseks.<\/p>\n\n\n\n<hr class=\"wp-block-separator has-alpha-channel-opacity\"\/>\n\n\n\n<p>\ud83d\udc68\u200d\ud83d\udcbc T\u00f6\u00f6kohataotlused v\u00f5i sisemised edutamised<\/p>\n\n\n\n<p>M\u00f5nes sektoris - n\u00e4iteks valitsussektoris v\u00f5i panganduses - v\u00f5idakse kandidaadil paluda esitada varasemad palgat\u00f5endid, et t\u00f5endada oma varasemat palgataset, eriti kui ta peab l\u00e4bir\u00e4\u00e4kimisi uue t\u00f6\u00f6pakkumise v\u00f5i edutamise \u00fcle.<\/p>\n\n\n\n<hr class=\"wp-block-separator has-alpha-channel-opacity\"\/>\n\n\n\n<p>\ud83d\udc68\u200d\ud83d\udc69\u200d\ud83d\udc67 \u00d5ppetoetused, peretoetused ja subsiidiumid<\/p>\n\n\n\n<p>Kvalifitseerumiseks <strong>haridusega seotud toetused v\u00f5i lastetoetused<\/strong>, n\u00f5uavad ametiasutused sageli t\u00f5endeid leibkonna kogusissetuleku kohta. K\u00f5ige tavalisem ja aktsepteeritum t\u00f5endamisviis on palgat\u00f5endid.<\/p>\n\n\n\n<hr class=\"wp-block-separator has-alpha-channel-opacity\"\/>\n\n\n\n<p>Kas soovite osta v\u00f5ltsitud ametlikku palgat\u00f5endit veebist? \u00c4rge kartke ja kl\u00f5psake <a href=\"https:\/\/buydiplomashop.com\/et\/kontakt\/\">kontakt<\/a>. Meie v\u00f5ltsitud palgat\u00f5endid ja sissetuleku t\u00f5endamise teenused vastavad Euroopa standarditele, nagu on kirjeldatud Euroopa Liidu Teatajas. <a href=\"https:\/\/ec.europa.eu\/social\">Euroopa Komisjoni t\u00f6\u00f6h\u00f5ive ja sotsiaalk\u00fcsimuste osakond<\/a> Euroopa juhtumite puhul.<\/p>\n\n\n\n<figure class=\"wp-block-image size-large is-resized\"><img loading=\"lazy\" decoding=\"async\" width=\"1024\" height=\"448\" src=\"https:\/\/buydiplomashop.com\/wp-content\/uploads\/2025\/07\/buy-fake-source-of-income-funds-1024x448.jpeg\" alt=\"osta v\u00f5ltsitud tuluallikaid\" class=\"wp-image-130\" style=\"width:725px;height:auto\" srcset=\"https:\/\/buydiplomashop.com\/wp-content\/uploads\/2025\/07\/buy-fake-source-of-income-funds-1024x448.jpeg 1024w, https:\/\/buydiplomashop.com\/wp-content\/uploads\/2025\/07\/buy-fake-source-of-income-funds-300x131.jpeg 300w, https:\/\/buydiplomashop.com\/wp-content\/uploads\/2025\/07\/buy-fake-source-of-income-funds-768x336.jpeg 768w, https:\/\/buydiplomashop.com\/wp-content\/uploads\/2025\/07\/buy-fake-source-of-income-funds-1536x672.jpeg 1536w, https:\/\/buydiplomashop.com\/wp-content\/uploads\/2025\/07\/buy-fake-source-of-income-funds-2048x896.jpeg 2048w, https:\/\/buydiplomashop.com\/wp-content\/uploads\/2025\/07\/buy-fake-source-of-income-funds-18x8.jpeg 18w\" sizes=\"auto, (max-width: 1024px) 100vw, 1024px\" \/><\/figure>\n\n\n\n<h2 class=\"wp-block-heading\">Teie partner palgalehtede, t\u00f6\u00f6andjate aruannete ja rahvusvaheliste finantsdokumentide jaoks<\/h2>\n\n\n\n<p>Kas otsite usaldusv\u00e4\u00e4rset partnerit, kes koostaks palgat\u00f5endeid, t\u00f6\u00f6andjate v\u00e4ljav\u00f5tteid, mida saab osta, ja k\u00f5iki olulisi dokumente, mida on vaja kodu \u00fc\u00fcrimisel v\u00f5i h\u00fcpoteegi taotlemisel? Me oleme siin, et aidata - \u00fclemaailmselt ja t\u00e4ielikult teie vajadustele vastavalt. <\/p>\n\n\n\n<p>\u2705 Rahvusvahelise palgaarvestuse spetsialistid<\/p>\n\n\n\n<p>Me m\u00f5istame, et igal riigil on oma maksum\u00e4\u00e4rad, kollektiivlepingud ja eeskirjad. Meie meeskond on spetsialiseerunud t\u00e4psete ja selgete palgalehtede koostamisele erinevate sektorite ja riikide jaoks. See tagab, et teil, teie t\u00f6\u00f6tajatel v\u00f5i klientidel on alati kohalikele n\u00f5uetele vastavad dokumendid.<\/p>\n\n\n\n<p>\ud83c\udfe0 Rendi- ja h\u00fcpoteegidokumendid, kiiresti korraldatud<\/p>\n\n\n\n<p>Kinnisvara \u00fc\u00fcrimisel v\u00f5i h\u00fcpoteegi taotlemisel on olulised selged ja usaldusv\u00e4\u00e4rsed dokumendid. Me pakume:<\/p>\n\n\n\n<ul class=\"wp-block-list\">\n<li>T\u00f6\u00f6andja avalduse mallid<\/li>\n\n\n\n<li>Tuludeklaratsioonid<\/li>\n\n\n\n<li>Aastaaruanded<\/li>\n\n\n\n<li>Muud n\u00f5utavad dokumendid, mis on kohandatud vastavalt teie olukorrale<\/li>\n<\/ul>\n\n\n\n<p>See aitab teil v\u00f5i teie t\u00f6\u00f6tajatel finantskontrolli kiiremini l\u00e4bida ja suurendab heakskiidu saamise v\u00f5imalusi.<\/p>\n\n\n\n<p>\ud83c\udf0d \u00dclemaailmsed teadmised, kohalikud teadmised<\/p>\n\n\n\n<p>Olenemata sellest, kas tegutsete Madalmaades, Saksamaal, Belgias, Prantsusmaal, \u00dchendkuningriigis, USAs v\u00f5i mujal, me teame erinevate riikide ja t\u00f6\u00f6stusharude maksum\u00e4\u00e4rasid, eeskirju ja haldusn\u00f5udeid. See v\u00f5imaldab meil pakkuda dokumente, mis vastavad kohalikele standarditele ja rahvusvahelistele parimatele tavadele.<\/p>\n\n\n\n<p>\u26a1 Kiire, t\u00e4pne ja konfidentsiaalne<\/p>\n\n\n\n<p>Me m\u00f5istame, kui oluline on kiiresti saada \u00f5iged dokumendid, eriti kui tegemist on kodu \u00fc\u00fcrimise v\u00f5i ostmisega. Meile v\u00f5ite loota j\u00e4rgmistes k\u00fcsimustes:<\/p>\n\n\n\n<ul class=\"wp-block-list\">\n<li>L\u00fchikesed l\u00e4bit\u00f6\u00f6tamisajad<\/li>\n\n\n\n<li>K\u00f5rge t\u00e4psus<\/li>\n\n\n\n<li>Range konfidentsiaalsus<\/li>\n<\/ul>\n\n\n\n<figure class=\"wp-block-image size-full\"><img loading=\"lazy\" decoding=\"async\" width=\"199\" height=\"253\" src=\"https:\/\/buydiplomashop.com\/wp-content\/uploads\/2025\/07\/buy-fake-employer-statement.jpg\" alt=\"osta v\u00f5ltsitud t\u00f6\u00f6andja avaldus\" class=\"wp-image-128\" srcset=\"https:\/\/buydiplomashop.com\/wp-content\/uploads\/2025\/07\/buy-fake-employer-statement.jpg 199w, https:\/\/buydiplomashop.com\/wp-content\/uploads\/2025\/07\/buy-fake-employer-statement-9x12.jpg 9w\" sizes=\"auto, (max-width: 199px) 100vw, 199px\" \/><\/figure>\n\n\n\n<p>Ostke oma v\u00f5ltsitud t\u00f6\u00f6andja v\u00e4ljav\u00f5te, v\u00f5ltsitud tuluallikas v\u00f5i palgaleht\/palgaleht juba t\u00e4na!<\/p>","protected":false},"excerpt":{"rendered":"<p>Buy fake payslips or paychecks online Do you want to buy recreated fake payslips\/paychecks? Welcome to the #1 provider of documents worldwide. We are www.buydiplomashop.com, for many years the market leader when it comes to buying counterfeit\/recreated pay stubs, employer statements and other documents. Are you intrested in buying a fake payslip online? Then you&hellip;&nbsp;<a href=\"https:\/\/buydiplomashop.com\/et\/buy-paychecks-online\/\" rel=\"bookmark\"><span class=\"screen-reader-text\">Osta v\u00f5ltsitud palgat\u0161ekke<\/span><\/a><\/p>","protected":false},"author":1,"featured_media":0,"parent":0,"menu_order":0,"comment_status":"closed","ping_status":"closed","template":"","meta":{"neve_meta_sidebar":"","neve_meta_container":"","neve_meta_enable_content_width":"","neve_meta_content_width":0,"neve_meta_title_alignment":"","neve_meta_author_avatar":"","neve_post_elements_order":"","neve_meta_disable_header":"","neve_meta_disable_footer":"","neve_meta_disable_title":"","footnotes":""},"class_list":["post-96","page","type-page","status-publish","hentry"],"yoast_head":"<!-- This site is optimized with the Yoast SEO plugin v27.5 - https:\/\/yoast.com\/product\/yoast-seo-wordpress\/ -->\n<title>Buy fake paychecks - Buy a diploma, certificate and degrees<\/title>\n<meta name=\"description\" content=\"Buy fake payslips, paychecks online. Global provider of professional payslips, employer statements, and proof of income documents.\" \/>\n<meta name=\"robots\" content=\"index, follow, max-snippet:-1, max-image-preview:large, max-video-preview:-1\" \/>\n<link rel=\"canonical\" href=\"https:\/\/buydiplomashop.com\/et\/osta-palgatsekke-internetis\/\" \/>\n<meta property=\"og:locale\" content=\"et_EE\" \/>\n<meta property=\"og:type\" content=\"article\" \/>\n<meta property=\"og:title\" content=\"Buy fake paychecks - Buy a diploma, certificate and degrees\" \/>\n<meta property=\"og:description\" content=\"Buy fake payslips, paychecks online. Global provider of professional payslips, employer statements, and proof of income documents.\" \/>\n<meta property=\"og:url\" content=\"https:\/\/buydiplomashop.com\/et\/osta-palgatsekke-internetis\/\" \/>\n<meta property=\"og:site_name\" content=\"Buy a diploma, certificate and degrees\" \/>\n<meta property=\"article:modified_time\" content=\"2025-07-23T16:33:18+00:00\" \/>\n<meta property=\"og:image\" content=\"https:\/\/buydiplomashop.com\/wp-content\/uploads\/2025\/07\/ChatGPT-Image-23-jul-2025-17_15_57-1024x683.png\" \/>\n\t<meta property=\"og:image:width\" content=\"1024\" \/>\n\t<meta property=\"og:image:height\" content=\"683\" \/>\n\t<meta property=\"og:image:type\" content=\"image\/png\" \/>\n<meta name=\"twitter:card\" content=\"summary_large_image\" \/>\n<meta name=\"twitter:label1\" content=\"Est. reading time\" \/>\n\t<meta name=\"twitter:data1\" content=\"5 minutit\" \/>\n<script type=\"application\/ld+json\" class=\"yoast-schema-graph\">{\"@context\":\"https:\\\/\\\/schema.org\",\"@graph\":[{\"@type\":\"WebPage\",\"@id\":\"https:\\\/\\\/buydiplomashop.com\\\/buy-paychecks-online\\\/\",\"url\":\"https:\\\/\\\/buydiplomashop.com\\\/buy-paychecks-online\\\/\",\"name\":\"Buy fake paychecks - Buy a diploma, certificate and degrees\",\"isPartOf\":{\"@id\":\"https:\\\/\\\/buydiplomashop.com\\\/#website\"},\"primaryImageOfPage\":{\"@id\":\"https:\\\/\\\/buydiplomashop.com\\\/buy-paychecks-online\\\/#primaryimage\"},\"image\":{\"@id\":\"https:\\\/\\\/buydiplomashop.com\\\/buy-paychecks-online\\\/#primaryimage\"},\"thumbnailUrl\":\"https:\\\/\\\/buydiplomashop.com\\\/wp-content\\\/uploads\\\/2025\\\/07\\\/ChatGPT-Image-23-jul-2025-17_15_57-1024x683.png\",\"datePublished\":\"2025-07-23T14:31:39+00:00\",\"dateModified\":\"2025-07-23T16:33:18+00:00\",\"description\":\"Buy fake payslips, paychecks online. Global provider of professional payslips, employer statements, and proof of income documents.\",\"breadcrumb\":{\"@id\":\"https:\\\/\\\/buydiplomashop.com\\\/buy-paychecks-online\\\/#breadcrumb\"},\"inLanguage\":\"et\",\"potentialAction\":[{\"@type\":\"ReadAction\",\"target\":[\"https:\\\/\\\/buydiplomashop.com\\\/buy-paychecks-online\\\/\"]}]},{\"@type\":\"ImageObject\",\"inLanguage\":\"et\",\"@id\":\"https:\\\/\\\/buydiplomashop.com\\\/buy-paychecks-online\\\/#primaryimage\",\"url\":\"https:\\\/\\\/buydiplomashop.com\\\/wp-content\\\/uploads\\\/2025\\\/07\\\/ChatGPT-Image-23-jul-2025-17_15_57-1024x683.png\",\"contentUrl\":\"https:\\\/\\\/buydiplomashop.com\\\/wp-content\\\/uploads\\\/2025\\\/07\\\/ChatGPT-Image-23-jul-2025-17_15_57-1024x683.png\"},{\"@type\":\"BreadcrumbList\",\"@id\":\"https:\\\/\\\/buydiplomashop.com\\\/buy-paychecks-online\\\/#breadcrumb\",\"itemListElement\":[{\"@type\":\"ListItem\",\"position\":1,\"name\":\"Home\",\"item\":\"https:\\\/\\\/buydiplomashop.com\\\/\"},{\"@type\":\"ListItem\",\"position\":2,\"name\":\"Buy fake paychecks\"}]},{\"@type\":\"WebSite\",\"@id\":\"https:\\\/\\\/buydiplomashop.com\\\/#website\",\"url\":\"https:\\\/\\\/buydiplomashop.com\\\/\",\"name\":\"Buy a diploma, certificate and degrees\",\"description\":\"Buy a diploma online, certificates, degrees\",\"potentialAction\":[{\"@type\":\"SearchAction\",\"target\":{\"@type\":\"EntryPoint\",\"urlTemplate\":\"https:\\\/\\\/buydiplomashop.com\\\/?s={search_term_string}\"},\"query-input\":{\"@type\":\"PropertyValueSpecification\",\"valueRequired\":true,\"valueName\":\"search_term_string\"}}],\"inLanguage\":\"et\"}]}<\/script>\n<!-- \/ Yoast SEO plugin. -->","yoast_head_json":{"title":"Osta v\u00f5ltsitud palgat\u0161ekid - Osta diplom, sertifikaat ja kraadid","description":"Osta v\u00f5ltsitud palgalehti, palgat\u0161ekke internetis. Professionaalsete palgat\u00f5endite, t\u00f6\u00f6andjate v\u00e4ljav\u00f5tete ja sissetulekut t\u00f5endavate dokumentide \u00fclemaailmne pakkuja.","robots":{"index":"index","follow":"follow","max-snippet":"max-snippet:-1","max-image-preview":"max-image-preview:large","max-video-preview":"max-video-preview:-1"},"canonical":"https:\/\/buydiplomashop.com\/et\/osta-palgatsekke-internetis\/","og_locale":"et_EE","og_type":"article","og_title":"Buy fake paychecks - Buy a diploma, certificate and degrees","og_description":"Buy fake payslips, paychecks online. Global provider of professional payslips, employer statements, and proof of income documents.","og_url":"https:\/\/buydiplomashop.com\/et\/osta-palgatsekke-internetis\/","og_site_name":"Buy a diploma, certificate and degrees","article_modified_time":"2025-07-23T16:33:18+00:00","og_image":[{"width":1024,"height":683,"url":"https:\/\/buydiplomashop.com\/wp-content\/uploads\/2025\/07\/ChatGPT-Image-23-jul-2025-17_15_57-1024x683.png","type":"image\/png"}],"twitter_card":"summary_large_image","twitter_misc":{"Est. reading time":"5 minutit"},"schema":{"@context":"https:\/\/schema.org","@graph":[{"@type":"WebPage","@id":"https:\/\/buydiplomashop.com\/buy-paychecks-online\/","url":"https:\/\/buydiplomashop.com\/buy-paychecks-online\/","name":"Osta v\u00f5ltsitud palgat\u0161ekid - Osta diplom, sertifikaat ja kraadid","isPartOf":{"@id":"https:\/\/buydiplomashop.com\/#website"},"primaryImageOfPage":{"@id":"https:\/\/buydiplomashop.com\/buy-paychecks-online\/#primaryimage"},"image":{"@id":"https:\/\/buydiplomashop.com\/buy-paychecks-online\/#primaryimage"},"thumbnailUrl":"https:\/\/buydiplomashop.com\/wp-content\/uploads\/2025\/07\/ChatGPT-Image-23-jul-2025-17_15_57-1024x683.png","datePublished":"2025-07-23T14:31:39+00:00","dateModified":"2025-07-23T16:33:18+00:00","description":"Osta v\u00f5ltsitud palgalehti, palgat\u0161ekke internetis. Professionaalsete palgat\u00f5endite, t\u00f6\u00f6andjate v\u00e4ljav\u00f5tete ja sissetulekut t\u00f5endavate dokumentide \u00fclemaailmne pakkuja.","breadcrumb":{"@id":"https:\/\/buydiplomashop.com\/buy-paychecks-online\/#breadcrumb"},"inLanguage":"et","potentialAction":[{"@type":"ReadAction","target":["https:\/\/buydiplomashop.com\/buy-paychecks-online\/"]}]},{"@type":"ImageObject","inLanguage":"et","@id":"https:\/\/buydiplomashop.com\/buy-paychecks-online\/#primaryimage","url":"https:\/\/buydiplomashop.com\/wp-content\/uploads\/2025\/07\/ChatGPT-Image-23-jul-2025-17_15_57-1024x683.png","contentUrl":"https:\/\/buydiplomashop.com\/wp-content\/uploads\/2025\/07\/ChatGPT-Image-23-jul-2025-17_15_57-1024x683.png"},{"@type":"BreadcrumbList","@id":"https:\/\/buydiplomashop.com\/buy-paychecks-online\/#breadcrumb","itemListElement":[{"@type":"ListItem","position":1,"name":"Home","item":"https:\/\/buydiplomashop.com\/"},{"@type":"ListItem","position":2,"name":"Buy fake paychecks"}]},{"@type":"WebSite","@id":"https:\/\/buydiplomashop.com\/#website","url":"https:\/\/buydiplomashop.com\/","name":"Osta diplom, sertifikaat ja diplomid","description":"Osta diplom online, sertifikaadid, kraadid","potentialAction":[{"@type":"SearchAction","target":{"@type":"EntryPoint","urlTemplate":"https:\/\/buydiplomashop.com\/?s={search_term_string}"},"query-input":{"@type":"PropertyValueSpecification","valueRequired":true,"valueName":"search_term_string"}}],"inLanguage":"et"}]}},"_links":{"self":[{"href":"https:\/\/buydiplomashop.com\/et\/wp-json\/wp\/v2\/pages\/96","targetHints":{"allow":["GET"]}}],"collection":[{"href":"https:\/\/buydiplomashop.com\/et\/wp-json\/wp\/v2\/pages"}],"about":[{"href":"https:\/\/buydiplomashop.com\/et\/wp-json\/wp\/v2\/types\/page"}],"author":[{"embeddable":true,"href":"https:\/\/buydiplomashop.com\/et\/wp-json\/wp\/v2\/users\/1"}],"replies":[{"embeddable":true,"href":"https:\/\/buydiplomashop.com\/et\/wp-json\/wp\/v2\/comments?post=96"}],"version-history":[{"count":26,"href":"https:\/\/buydiplomashop.com\/et\/wp-json\/wp\/v2\/pages\/96\/revisions"}],"predecessor-version":[{"id":133,"href":"https:\/\/buydiplomashop.com\/et\/wp-json\/wp\/v2\/pages\/96\/revisions\/133"}],"wp:attachment":[{"href":"https:\/\/buydiplomashop.com\/et\/wp-json\/wp\/v2\/media?parent=96"}],"curies":[{"name":"wp","href":"https:\/\/api.w.org\/{rel}","templated":true}]}}