{"id":147,"date":"2025-11-04T18:58:21","date_gmt":"2025-11-04T18:58:21","guid":{"rendered":"https:\/\/buydiplomashop.com\/?page_id=147"},"modified":"2025-11-04T19:03:00","modified_gmt":"2025-11-04T19:03:00","slug":"osta-ulikooli-diplom","status":"publish","type":"page","link":"https:\/\/buydiplomashop.com\/et\/buy-university-diploma\/","title":{"rendered":"Osta \u00fclikooli diplom"},"content":{"rendered":"<h2 class=\"wp-block-heading\"><strong>Osta t\u00f5eline \u00fclikooli diplom, mis kajastab sinu kogemusi ja saavutusi<\/strong><\/h2>\n\n\n\n<p><strong>Ostmine<\/strong> <strong>\u00fclikooli diplom<\/strong> v\u00f5i selle teenimine on \u00fcks elu k\u00f5ige julgemaid otsuseid, m\u00e4rk pingutustest, distsipliinist ja saavutustest.<br>Kuid t\u00e4nases maailmas on paljudel spetsialistidel juba k\u00f5rgharidusega inimeste teadmised ja kogemused olemas, kuid puuduvad ametlikud dokumendid, mis seda t\u00f5estaksid.<br>Veebilehel <strong>BuyDiplomaShop<\/strong>, pakume me <strong>turvaline, konfidentsiaalne ja usaldusv\u00e4\u00e4rne viis<\/strong> saada <strong>realistlik ja kontrollitav k\u00f5rgharidusdiplom<\/strong>, ilma aastaid kestva \u00f5ppimise v\u00f5i keeruliste protseduuride l\u00e4bimata.<\/p>\n\n\n\n<p>Meie dokumendid on loodud autentsete akadeemiliste mallide alusel, koos <strong>ametlikud pitsatid, registreerimisnumbrid ja t\u00e4pne vorming<\/strong>. Iga diplom, mille me tarnime, vastab k\u00f5rgeimatele disaini ja detailide standarditele, tagades, et see n\u00e4eb v\u00e4lja ja tundub nagu ehtne originaal.<\/p>\n\n\n\n<figure class=\"wp-block-image size-full is-resized\"><img loading=\"lazy\" decoding=\"async\" width=\"700\" height=\"320\" src=\"https:\/\/buydiplomashop.com\/wp-content\/uploads\/2025\/11\/buy-university-diploma.png\" alt=\"osta \u00fclikooli diplom\" class=\"wp-image-152\" style=\"width:463px;height:auto\" srcset=\"https:\/\/buydiplomashop.com\/wp-content\/uploads\/2025\/11\/buy-university-diploma.png 700w, https:\/\/buydiplomashop.com\/wp-content\/uploads\/2025\/11\/buy-university-diploma-300x137.png 300w, https:\/\/buydiplomashop.com\/wp-content\/uploads\/2025\/11\/buy-university-diploma-18x8.png 18w\" sizes=\"auto, (max-width: 700px) 100vw, 700px\" \/><\/figure>\n\n\n\n<hr class=\"wp-block-separator has-alpha-channel-opacity\"\/>\n\n\n\n<h3 class=\"wp-block-heading\">\ud83c\udfdb\ufe0f <strong>Miks inimesed otsustavad osta \u00fclikooli diplomit<\/strong><\/h3>\n\n\n\n<p>On lugematuid p\u00f5hjusi, miks inimesed p\u00f6\u00f6rduvad usaldusv\u00e4\u00e4rse teenuse, nagu BuyDiplomaShop, poole. M\u00f5ned soovivad <strong>asendada kaotatud diplom<\/strong>, teised vajavad \u00fchte <strong>isiklikud rekordid, tunnustamine v\u00f5i professionaalne v\u00e4ljapanek<\/strong>.<br>Samuti aitame kliente, kes on \u00f5ppinud v\u00e4lismaal ja soovivad <strong>rahvusvahelistele akadeemilistele vormidele vastav dokument<\/strong>.<\/p>\n\n\n\n<p>Ehtsa v\u00e4limusega diplom v\u00f5ib teid aidata:<\/p>\n\n\n\n<ul class=\"wp-block-list\">\n<li><strong>Kinnitage oma kogemused<\/strong> v\u00f5i varasematest uuringutest,<\/li>\n\n\n\n<li><strong>Toetage oma karj\u00e4\u00e4ri edendamist<\/strong>,<\/li>\n\n\n\n<li><strong>Parandage oma isiklikku v\u00f5i \u00e4rilist kuvandit<\/strong>,<\/li>\n\n\n\n<li>V\u00f5i lihtsalt <strong>asendada kahjustatud v\u00f5i puuduv sertifikaat<\/strong>.<\/li>\n<\/ul>\n\n\n\n<p>Meie diplomid on koostatud kasutades autentseid \u00fclikoolide disainilahendusi ingliskeelsetest riikidest ja rahvusvaheliselt tunnustatud institutsioonidest.<\/p>\n\n\n\n<hr class=\"wp-block-separator has-alpha-channel-opacity\"\/>\n\n\n\n<h4 class=\"wp-block-heading\">\ud83d\udd10 <strong>Autentsuse ja kvaliteedi garantii<\/strong><\/h4>\n\n\n\n<p>Iga meie toodetud dokument l\u00e4bib hoolika kontrolliprotsessi.<br>Tagame, et <strong>kujundus, allkirjad, kirjat\u00fc\u00fcbid ja pitsatid<\/strong> vastavad ideaalselt tegelikele akadeemilistele standarditele.<br>K\u00f5ik materjalid on tr\u00fckitud <strong>k\u00f5rgekvaliteediline diplomipaber, millel on sisseehitatud turvaelemendid<\/strong>, luues professionaalse ja p\u00fcsiva tulemuse.<\/p>\n\n\n\n<p>Lisateave meie standardite kohta lehel <a href=\"#\">Autentsuse garantii<\/a> lehel v\u00f5i k\u00fclastage <a href=\"#\">Meie kohta<\/a> m\u00f5ista, kuidas me tagame konfidentsiaalsuse ja t\u00e4psuse igas etapis.<\/p>\n\n\n\n<hr class=\"wp-block-separator has-alpha-channel-opacity\"\/>\n\n\n\n<h5 class=\"wp-block-heading\">\ud83e\udde9 <strong>Valige oma tase ja v\u00e4li<\/strong><\/h5>\n\n\n\n<p>Kas te otsite <strong>Bakalaureuse\u00f5pe<\/strong>, <strong>Magistri\u00f5pe<\/strong>, v\u00f5i <strong>Doktori\u00f5pe<\/strong> diplom, meie eksperdid oskavad teid \u00f5ige valiku juurde suunata.<br>Lisateavet leiate meie spetsiaalsetelt lehek\u00fclgedelt:<\/p>\n\n\n\n<ul class=\"wp-block-list\">\n<li><a href=\"#\">Osta bakalaureusetunnistus<\/a><\/li>\n\n\n\n<li><a href=\"#\">Osta magistridiplom<\/a><\/li>\n\n\n\n<li><a href=\"#\">Osta doktorikraad<\/a><\/li>\n<\/ul>\n\n\n\n<p>Iga dokumenti saab kohandada vastavalt teie akadeemilisele valdkonnale - \u00e4ri, teadus, tehnoloogia, kunst v\u00f5i humanitaarteadused -, tagades, et see sobib ideaalselt teie isikliku profiiliga.<\/p>\n\n\n\n<figure class=\"wp-block-image size-full\"><img loading=\"lazy\" decoding=\"async\" width=\"400\" height=\"300\" src=\"https:\/\/buydiplomashop.com\/wp-content\/uploads\/2025\/11\/buy-university-diploma-online-for-sale.jpg\" alt=\"osta \u00fclikooli diplom online m\u00fc\u00fcgiks\" class=\"wp-image-151\" srcset=\"https:\/\/buydiplomashop.com\/wp-content\/uploads\/2025\/11\/buy-university-diploma-online-for-sale.jpg 400w, https:\/\/buydiplomashop.com\/wp-content\/uploads\/2025\/11\/buy-university-diploma-online-for-sale-300x225.jpg 300w, https:\/\/buydiplomashop.com\/wp-content\/uploads\/2025\/11\/buy-university-diploma-online-for-sale-16x12.jpg 16w\" sizes=\"auto, (max-width: 400px) 100vw, 400px\" \/><\/figure>\n\n\n\n<hr class=\"wp-block-separator has-alpha-channel-opacity\"\/>\n\n\n\n<h6 class=\"wp-block-heading\">\ud83c\udf0d <strong>\u00dclemaailmne formaat ja tunnustamine<\/strong><\/h6>\n\n\n\n<p>Meie diplomid j\u00e4rgivad <strong>rahvusvahelise \u00fclikooli struktuur<\/strong>, \u00fchildub USAs, \u00dchendkuningriigis, Kanadas, Austraalias ja Euroopas kasutatavate akadeemiliste s\u00fcsteemidega.<br>Soovi korral v\u00f5ivad need sisaldada mitmekeelseid elemente, mis on ideaalsed rahvusvaheliselt tegutsevatele klientidele.<\/p>\n\n\n\n<p>Lisateavet \u00fclemaailmsete diplomivormide kohta leiate haridusalasest viitedokumendist <a href=\"https:\/\/www.wes.org\">Maailma haridusteenused (WES)<\/a>, rahvusvaheliste akadeemiliste standardite usaldusv\u00e4\u00e4rne autoriteet.<br><\/p>\n\n\n\n<hr class=\"wp-block-separator has-alpha-channel-opacity\"\/>\n\n\n\n<h6 class=\"wp-block-heading\">\ud83d\udce9 <strong>Diskreetne ja isiklik toetus<\/strong><\/h6>\n\n\n\n<p>Meie tugimeeskond vastab teie k\u00fcsimustele konfidentsiaalselt.<br>V\u00f5ite meiega igal ajal \u00fchendust v\u00f5tta aadressil <strong>BuyDiplomaShop@pm.me<\/strong>.<br>Iga p\u00e4ringut k\u00e4sitletakse privaatselt ja professionaalselt, teie usaldus ja privaatsus on esikohal.<\/p>","protected":false},"excerpt":{"rendered":"<p>Buy a Real University Diploma That Reflects Your Experience and Achievements Buying university diploma or earning it is one of life\u2019s most brave decision, a sign of effort, discipline, and accomplishment.But in today\u2019s world, many professionals already possess the knowledge and experience of a graduate, yet lack the official paperwork to prove it.At BuyDiplomaShop, we&hellip;&nbsp;<a href=\"https:\/\/buydiplomashop.com\/et\/buy-university-diploma\/\" rel=\"bookmark\"><span class=\"screen-reader-text\">Osta \u00fclikooli diplom<\/span><\/a><\/p>","protected":false},"author":1,"featured_media":0,"parent":0,"menu_order":0,"comment_status":"closed","ping_status":"closed","template":"","meta":{"neve_meta_sidebar":"","neve_meta_container":"","neve_meta_enable_content_width":"","neve_meta_content_width":0,"neve_meta_title_alignment":"","neve_meta_author_avatar":"","neve_post_elements_order":"","neve_meta_disable_header":"","neve_meta_disable_footer":"","neve_meta_disable_title":"","footnotes":""},"class_list":["post-147","page","type-page","status-publish","hentry"],"yoast_head":"<!-- This site is optimized with the Yoast SEO plugin v27.5 - https:\/\/yoast.com\/product\/yoast-seo-wordpress\/ -->\n<title>Buy University Diploma - Buy a diploma, certificate and degrees<\/title>\n<meta name=\"description\" content=\"Buy a real university diploma online with full authenticity and confidentiality. Genuine design, premium quality, and verified details.\" \/>\n<meta name=\"robots\" content=\"index, follow, max-snippet:-1, max-image-preview:large, max-video-preview:-1\" \/>\n<link rel=\"canonical\" href=\"https:\/\/buydiplomashop.com\/et\/osta-ulikooli-diplom\/\" \/>\n<meta property=\"og:locale\" content=\"et_EE\" \/>\n<meta property=\"og:type\" content=\"article\" \/>\n<meta property=\"og:title\" content=\"Buy University Diploma - Buy a diploma, certificate and degrees\" \/>\n<meta property=\"og:description\" content=\"Buy a real university diploma online with full authenticity and confidentiality. Genuine design, premium quality, and verified details.\" \/>\n<meta property=\"og:url\" content=\"https:\/\/buydiplomashop.com\/et\/osta-ulikooli-diplom\/\" \/>\n<meta property=\"og:site_name\" content=\"Buy a diploma, certificate and degrees\" \/>\n<meta property=\"article:modified_time\" content=\"2025-11-04T19:03:00+00:00\" \/>\n<meta property=\"og:image\" content=\"https:\/\/buydiplomashop.com\/wp-content\/uploads\/2025\/11\/buy-university-diploma.png\" \/>\n\t<meta property=\"og:image:width\" content=\"700\" \/>\n\t<meta property=\"og:image:height\" content=\"320\" \/>\n\t<meta property=\"og:image:type\" content=\"image\/png\" \/>\n<meta name=\"twitter:card\" content=\"summary_large_image\" \/>\n<meta name=\"twitter:label1\" content=\"Est. reading time\" \/>\n\t<meta name=\"twitter:data1\" content=\"3 minutit\" \/>\n<script type=\"application\/ld+json\" class=\"yoast-schema-graph\">{\"@context\":\"https:\\\/\\\/schema.org\",\"@graph\":[{\"@type\":\"WebPage\",\"@id\":\"https:\\\/\\\/buydiplomashop.com\\\/buy-university-diploma\\\/\",\"url\":\"https:\\\/\\\/buydiplomashop.com\\\/buy-university-diploma\\\/\",\"name\":\"Buy University Diploma - Buy a diploma, certificate and degrees\",\"isPartOf\":{\"@id\":\"https:\\\/\\\/buydiplomashop.com\\\/#website\"},\"primaryImageOfPage\":{\"@id\":\"https:\\\/\\\/buydiplomashop.com\\\/buy-university-diploma\\\/#primaryimage\"},\"image\":{\"@id\":\"https:\\\/\\\/buydiplomashop.com\\\/buy-university-diploma\\\/#primaryimage\"},\"thumbnailUrl\":\"https:\\\/\\\/buydiplomashop.com\\\/wp-content\\\/uploads\\\/2025\\\/11\\\/buy-university-diploma.png\",\"datePublished\":\"2025-11-04T18:58:21+00:00\",\"dateModified\":\"2025-11-04T19:03:00+00:00\",\"description\":\"Buy a real university diploma online with full authenticity and confidentiality. Genuine design, premium quality, and verified details.\",\"breadcrumb\":{\"@id\":\"https:\\\/\\\/buydiplomashop.com\\\/buy-university-diploma\\\/#breadcrumb\"},\"inLanguage\":\"et\",\"potentialAction\":[{\"@type\":\"ReadAction\",\"target\":[\"https:\\\/\\\/buydiplomashop.com\\\/buy-university-diploma\\\/\"]}]},{\"@type\":\"ImageObject\",\"inLanguage\":\"et\",\"@id\":\"https:\\\/\\\/buydiplomashop.com\\\/buy-university-diploma\\\/#primaryimage\",\"url\":\"https:\\\/\\\/buydiplomashop.com\\\/wp-content\\\/uploads\\\/2025\\\/11\\\/buy-university-diploma.png\",\"contentUrl\":\"https:\\\/\\\/buydiplomashop.com\\\/wp-content\\\/uploads\\\/2025\\\/11\\\/buy-university-diploma.png\"},{\"@type\":\"BreadcrumbList\",\"@id\":\"https:\\\/\\\/buydiplomashop.com\\\/buy-university-diploma\\\/#breadcrumb\",\"itemListElement\":[{\"@type\":\"ListItem\",\"position\":1,\"name\":\"Home\",\"item\":\"https:\\\/\\\/buydiplomashop.com\\\/\"},{\"@type\":\"ListItem\",\"position\":2,\"name\":\"Buy University Diploma\"}]},{\"@type\":\"WebSite\",\"@id\":\"https:\\\/\\\/buydiplomashop.com\\\/#website\",\"url\":\"https:\\\/\\\/buydiplomashop.com\\\/\",\"name\":\"Buy a diploma, certificate and degrees\",\"description\":\"Buy a diploma online, certificates, degrees\",\"potentialAction\":[{\"@type\":\"SearchAction\",\"target\":{\"@type\":\"EntryPoint\",\"urlTemplate\":\"https:\\\/\\\/buydiplomashop.com\\\/?s={search_term_string}\"},\"query-input\":{\"@type\":\"PropertyValueSpecification\",\"valueRequired\":true,\"valueName\":\"search_term_string\"}}],\"inLanguage\":\"et\"}]}<\/script>\n<!-- \/ Yoast SEO plugin. -->","yoast_head_json":{"title":"Osta \u00fclikooli diplom - Osta diplom, sertifikaat ja kraadid","description":"Osta t\u00f5eline \u00fclikooli diplom internetis, mis on t\u00e4ielikult autentne ja konfidentsiaalne. Ehtne disain, esmaklassiline kvaliteet ja kontrollitud andmed.","robots":{"index":"index","follow":"follow","max-snippet":"max-snippet:-1","max-image-preview":"max-image-preview:large","max-video-preview":"max-video-preview:-1"},"canonical":"https:\/\/buydiplomashop.com\/et\/osta-ulikooli-diplom\/","og_locale":"et_EE","og_type":"article","og_title":"Buy University Diploma - Buy a diploma, certificate and degrees","og_description":"Buy a real university diploma online with full authenticity and confidentiality. Genuine design, premium quality, and verified details.","og_url":"https:\/\/buydiplomashop.com\/et\/osta-ulikooli-diplom\/","og_site_name":"Buy a diploma, certificate and degrees","article_modified_time":"2025-11-04T19:03:00+00:00","og_image":[{"width":700,"height":320,"url":"https:\/\/buydiplomashop.com\/wp-content\/uploads\/2025\/11\/buy-university-diploma.png","type":"image\/png"}],"twitter_card":"summary_large_image","twitter_misc":{"Est. reading time":"3 minutit"},"schema":{"@context":"https:\/\/schema.org","@graph":[{"@type":"WebPage","@id":"https:\/\/buydiplomashop.com\/buy-university-diploma\/","url":"https:\/\/buydiplomashop.com\/buy-university-diploma\/","name":"Osta \u00fclikooli diplom - Osta diplom, sertifikaat ja kraadid","isPartOf":{"@id":"https:\/\/buydiplomashop.com\/#website"},"primaryImageOfPage":{"@id":"https:\/\/buydiplomashop.com\/buy-university-diploma\/#primaryimage"},"image":{"@id":"https:\/\/buydiplomashop.com\/buy-university-diploma\/#primaryimage"},"thumbnailUrl":"https:\/\/buydiplomashop.com\/wp-content\/uploads\/2025\/11\/buy-university-diploma.png","datePublished":"2025-11-04T18:58:21+00:00","dateModified":"2025-11-04T19:03:00+00:00","description":"Osta t\u00f5eline \u00fclikooli diplom internetis, mis on t\u00e4ielikult autentne ja konfidentsiaalne. Ehtne disain, esmaklassiline kvaliteet ja kontrollitud andmed.","breadcrumb":{"@id":"https:\/\/buydiplomashop.com\/buy-university-diploma\/#breadcrumb"},"inLanguage":"et","potentialAction":[{"@type":"ReadAction","target":["https:\/\/buydiplomashop.com\/buy-university-diploma\/"]}]},{"@type":"ImageObject","inLanguage":"et","@id":"https:\/\/buydiplomashop.com\/buy-university-diploma\/#primaryimage","url":"https:\/\/buydiplomashop.com\/wp-content\/uploads\/2025\/11\/buy-university-diploma.png","contentUrl":"https:\/\/buydiplomashop.com\/wp-content\/uploads\/2025\/11\/buy-university-diploma.png"},{"@type":"BreadcrumbList","@id":"https:\/\/buydiplomashop.com\/buy-university-diploma\/#breadcrumb","itemListElement":[{"@type":"ListItem","position":1,"name":"Home","item":"https:\/\/buydiplomashop.com\/"},{"@type":"ListItem","position":2,"name":"Buy University Diploma"}]},{"@type":"WebSite","@id":"https:\/\/buydiplomashop.com\/#website","url":"https:\/\/buydiplomashop.com\/","name":"Osta diplom, sertifikaat ja diplomid","description":"Osta diplom online, sertifikaadid, kraadid","potentialAction":[{"@type":"SearchAction","target":{"@type":"EntryPoint","urlTemplate":"https:\/\/buydiplomashop.com\/?s={search_term_string}"},"query-input":{"@type":"PropertyValueSpecification","valueRequired":true,"valueName":"search_term_string"}}],"inLanguage":"et"}]}},"_links":{"self":[{"href":"https:\/\/buydiplomashop.com\/et\/wp-json\/wp\/v2\/pages\/147","targetHints":{"allow":["GET"]}}],"collection":[{"href":"https:\/\/buydiplomashop.com\/et\/wp-json\/wp\/v2\/pages"}],"about":[{"href":"https:\/\/buydiplomashop.com\/et\/wp-json\/wp\/v2\/types\/page"}],"author":[{"embeddable":true,"href":"https:\/\/buydiplomashop.com\/et\/wp-json\/wp\/v2\/users\/1"}],"replies":[{"embeddable":true,"href":"https:\/\/buydiplomashop.com\/et\/wp-json\/wp\/v2\/comments?post=147"}],"version-history":[{"count":10,"href":"https:\/\/buydiplomashop.com\/et\/wp-json\/wp\/v2\/pages\/147\/revisions"}],"predecessor-version":[{"id":161,"href":"https:\/\/buydiplomashop.com\/et\/wp-json\/wp\/v2\/pages\/147\/revisions\/161"}],"wp:attachment":[{"href":"https:\/\/buydiplomashop.com\/et\/wp-json\/wp\/v2\/media?parent=147"}],"curies":[{"name":"wp","href":"https:\/\/api.w.org\/{rel}","templated":true}]}}