{"id":96,"date":"2025-07-23T14:31:39","date_gmt":"2025-07-23T14:31:39","guid":{"rendered":"https:\/\/buydiplomashop.com\/?page_id=96"},"modified":"2025-07-23T16:33:18","modified_gmt":"2025-07-23T16:33:18","slug":"comprar-cheques-de-pago-en-linea","status":"publish","type":"page","link":"https:\/\/buydiplomashop.com\/es\/buy-paychecks-online\/","title":{"rendered":"Comprar n\u00f3minas falsas"},"content":{"rendered":"<h2 class=\"wp-block-heading\">Comprar n\u00f3minas o cheques falsos por Internet<\/h2>\n\n\n\n<p>\u00bfDesea comprar n\u00f3minas\/cheques de pago falsos recreados? Bienvenido al proveedor de documentos #1 en todo el mundo. Somos <a href=\"https:\/\/buydiplomashop.com\/es\/\">www.buydiplomashop.com<\/a>es desde hace a\u00f1os el l\u00edder del mercado en la compra de recibos de sueldo falsos\/recreados, declaraciones de la empresa y otros documentos. \u00bfEst\u00e1 interesado en comprar una n\u00f3mina falsa online? Entonces ha llegado al lugar adecuado.<\/p>\n\n\n\n<h2 class=\"wp-block-heading\">\u00bfQu\u00e9 son las n\u00f3minas?<\/h2>\n\n\n\n<p>Las n\u00f3minas, tambi\u00e9n conocidas como recibos de sueldo o extractos salariales, son algo m\u00e1s que simples documentos mensuales: son una prueba esencial de los ingresos y el empleo. Tanto si trabaja en Holanda, Alemania, Francia, Espa\u00f1a o cualquier otro pa\u00eds europeo o del resto del mundo, su n\u00f3mina desempe\u00f1a un papel clave en una amplia gama de situaciones financieras y administrativas.<\/p>\n\n\n\n<p>Las n\u00f3minas son esenciales en muchos \u00e1mbitos de la vida: desde la vivienda y los impuestos hasta la inmigraci\u00f3n y los asuntos legales. Tenga siempre sus n\u00f3minas organizadas y accesibles, sobre todo si vive o trabaja en la UE.<\/p>\n\n\n\n<p>\u00bfNecesita ayuda con sus n\u00f3minas o la comprobaci\u00f3n de sus ingresos? P\u00f3ngase en contacto con nosotros: <strong>buydiplomashop@pm.me<\/strong>o p\u00f3ngase en contacto con nosotros a trav\u00e9s de WhatsApp.<\/p>\n\n\n\n<figure class=\"wp-block-image size-large is-resized\"><img loading=\"lazy\" decoding=\"async\" width=\"1024\" height=\"683\" src=\"https:\/\/buydiplomashop.com\/wp-content\/uploads\/2025\/07\/ChatGPT-Image-23-jul-2025-17_15_57-1024x683.png\" alt=\"comprar n\u00f3minas falsas\" class=\"wp-image-129\" style=\"width:567px;height:auto\" srcset=\"https:\/\/buydiplomashop.com\/wp-content\/uploads\/2025\/07\/ChatGPT-Image-23-jul-2025-17_15_57-1024x683.png 1024w, https:\/\/buydiplomashop.com\/wp-content\/uploads\/2025\/07\/ChatGPT-Image-23-jul-2025-17_15_57-300x200.png 300w, https:\/\/buydiplomashop.com\/wp-content\/uploads\/2025\/07\/ChatGPT-Image-23-jul-2025-17_15_57-768x512.png 768w, https:\/\/buydiplomashop.com\/wp-content\/uploads\/2025\/07\/ChatGPT-Image-23-jul-2025-17_15_57-18x12.png 18w, https:\/\/buydiplomashop.com\/wp-content\/uploads\/2025\/07\/ChatGPT-Image-23-jul-2025-17_15_57-930x620.png 930w, https:\/\/buydiplomashop.com\/wp-content\/uploads\/2025\/07\/ChatGPT-Image-23-jul-2025-17_15_57.png 1536w\" sizes=\"auto, (max-width: 1024px) 100vw, 1024px\" \/><\/figure>\n\n\n\n<h2 class=\"wp-block-heading\">\u00bfPuedo comprar realmente n\u00f3minas o recibos de sueldo oficiales falsos?<\/h2>\n\n\n\n<p>A lo largo de los a\u00f1os, hemos recibido esa pregunta con una frecuencia incre\u00edble. La respuesta a la pregunta de si es posible comprar n\u00f3minas oficiales falsas es \u00a1SI! Somos l\u00edderes del sector desde hace muchos a\u00f1os y sabemos exactamente lo que hay que hacer. Si tambi\u00e9n quiere comprar otros documentos como una declaraci\u00f3n del empleador, un contrato u otras declaraciones, p\u00f3ngase en contacto con nosotros, \u00a1tenemos mucha experiencia!<br><br>Gracias a nuestra experiencia con clientes que han pedido un recibo de sueldo, sabemos exactamente qu\u00e9 dise\u00f1o utilizar para cada sector. Tambi\u00e9n nos aseguramos de que los c\u00e1lculos sean correctos. Conocemos los c\u00e1lculos fiscales de casi todos los pa\u00edses y sectores.<\/p>\n\n\n\n<p>\u00bfNecesita un justificante de ingresos y no sabe por d\u00f3nde empezar? P\u00f3ngase en contacto con nosotros y pensaremos con usted para que sea realista, id\u00e9ntico y oficial. Sus necesidades se convierten en nuestras preocupaciones.<\/p>\n\n\n\n<h2 class=\"wp-block-heading\">\u00bfPara qu\u00e9 necesitas cheques?<\/h2>\n\n\n\n<p>\ud83c\udfe0 Alquilar o comprar una propiedad: Mostrar estabilidad de ingresos<\/p>\n\n\n\n<ul class=\"wp-block-list\">\n<li>Al solicitar una hipoteca o firmar un contrato de alquiler, los bancos y arrendadores suelen exigir n\u00f3minas recientes para comprobar tus ingresos. Esto les ayuda a evaluar si puedes permitirte el pr\u00e9stamo o el alquiler mensual. La mayor\u00eda de las entidades piden <strong>las \u00faltimas 3 a 6 n\u00f3minas<\/strong>.<\/li>\n<\/ul>\n\n\n\n<hr class=\"wp-block-separator has-alpha-channel-opacity\"\/>\n\n\n\n<p>\ud83d\udcb3 Solicitar pr\u00e9stamos o tarjetas de cr\u00e9dito<\/p>\n\n\n\n<p>\u00bfNecesita un pr\u00e9stamo personal, la financiaci\u00f3n de un coche o una tarjeta de cr\u00e9dito? Las entidades financieras utilizan tus n\u00f3minas para evaluar tu <strong>capacidad de reembolso y estabilidad laboral<\/strong>. Un flujo de ingresos constante respaldado por sus n\u00f3minas aumenta sus posibilidades de aprobaci\u00f3n.<\/p>\n\n\n\n<hr class=\"wp-block-separator has-alpha-channel-opacity\"\/>\n\n\n\n<p>\ud83e\uddfe Declaraci\u00f3n de la renta y declaraci\u00f3n de la renta<\/p>\n\n\n\n<p>Las n\u00f3minas incluyen un desglose de los impuestos y las cotizaciones a la Seguridad Social. En muchos pa\u00edses europeos, como B\u00e9lgica, Francia y los Pa\u00edses Bajos, estos documentos son \u00fatiles para preparar o verificar la declaraci\u00f3n anual de la renta.<\/p>\n\n\n\n<hr class=\"wp-block-separator has-alpha-channel-opacity\"\/>\n\n\n\n<p>\u2696\ufe0f Pruebas jur\u00eddicas en casos laborales o familiares<\/p>\n\n\n\n<p>Las n\u00f3minas pueden utilizarse como <strong>prueba legal de ingresos<\/strong> en los tribunales, por ejemplo, en litigios sobre derechos laborales, procesos de divorcio o acuerdos de pensi\u00f3n alimenticia. Proporcionan un registro claro de lo que has ganado y lo que se te ha deducido.<\/p>\n\n\n\n<hr class=\"wp-block-separator has-alpha-channel-opacity\"\/>\n\n\n\n<p>\ud83c\udf0d Solicitudes de inmigraci\u00f3n y residencia<\/p>\n\n\n\n<p>Al solicitar un <strong>permiso de residencia o visado de trabajo<\/strong> En Europa, las n\u00f3minas suelen ser necesarias para demostrar que se tiene un empleo legal y que se perciben ingresos suficientes. Pa\u00edses como Alemania, Espa\u00f1a y los Pa\u00edses Bajos suelen pedir estos documentos como parte del proceso de inmigraci\u00f3n.<\/p>\n\n\n\n<hr class=\"wp-block-separator has-alpha-channel-opacity\"\/>\n\n\n\n<p>\ud83d\udc75 Pensi\u00f3n, jubilaci\u00f3n y seguridad social<\/p>\n\n\n\n<p>Sus n\u00f3minas mensuales contienen informaci\u00f3n sobre <strong>cotizaciones a la pensi\u00f3n y retenciones a la seguridad social<\/strong>. Estos registros son cruciales a la hora de reclamar derechos de pensi\u00f3n o verificar el derecho a prestaciones de jubilaci\u00f3n.<\/p>\n\n\n\n<hr class=\"wp-block-separator has-alpha-channel-opacity\"\/>\n\n\n\n<p>\ud83e\udd12 Solicitudes de baja por enfermedad e incapacidad laboral<\/p>\n\n\n\n<p>En caso de enfermedad o incapacidad temporal, los seguros sociales europeos o las empresas pueden exigir n\u00f3minas recientes para determinar su indemnizaci\u00f3n. Sirven como referencia fiable de tus ingresos medios.<\/p>\n\n\n\n<hr class=\"wp-block-separator has-alpha-channel-opacity\"\/>\n\n\n\n<p>\ud83d\udc68\u200d\ud83d\udcbc Solicitudes de empleo o promociones internas<\/p>\n\n\n\n<p>En algunos sectores, como la administraci\u00f3n p\u00fablica o la banca, se puede pedir a los candidatos que presenten n\u00f3minas anteriores como prueba de su nivel salarial previo, sobre todo al negociar una nueva oferta de trabajo o un ascenso.<\/p>\n\n\n\n<hr class=\"wp-block-separator has-alpha-channel-opacity\"\/>\n\n\n\n<p>\ud83d\udc68\u200d\ud83d\udc69\u200d\ud83d\udc67 Becas, ayudas familiares y subvenciones para estudiantes<\/p>\n\n\n\n<p>Para poder optar a <strong>becas o prestaciones por hijos a cargo relacionadas con la educaci\u00f3n<\/strong>Las autoridades suelen pedir pruebas de los ingresos totales del hogar. Las n\u00f3minas son la forma de comprobaci\u00f3n m\u00e1s com\u00fan y aceptada.<\/p>\n\n\n\n<hr class=\"wp-block-separator has-alpha-channel-opacity\"\/>\n\n\n\n<p>\u00bfQuiere comprar una n\u00f3mina oficial falsa por Internet? No lo dude y haga clic en <a href=\"https:\/\/buydiplomashop.com\/es\/pongase-en-contacto-con\/\">p\u00f3ngase en contacto con<\/a>. Nuestros servicios de falsificaci\u00f3n de n\u00f3minas y justificantes de ingresos cumplen las normas europeas, tal como establece la <a href=\"https:\/\/ec.europa.eu\/social\">Departamento de Empleo y Asuntos Sociales de la Comisi\u00f3n Europea<\/a> para los casos europeos.<\/p>\n\n\n\n<figure class=\"wp-block-image size-large is-resized\"><img loading=\"lazy\" decoding=\"async\" width=\"1024\" height=\"448\" src=\"https:\/\/buydiplomashop.com\/wp-content\/uploads\/2025\/07\/buy-fake-source-of-income-funds-1024x448.jpeg\" alt=\"comprar falsas fuentes de ingresos\" class=\"wp-image-130\" style=\"width:725px;height:auto\" srcset=\"https:\/\/buydiplomashop.com\/wp-content\/uploads\/2025\/07\/buy-fake-source-of-income-funds-1024x448.jpeg 1024w, https:\/\/buydiplomashop.com\/wp-content\/uploads\/2025\/07\/buy-fake-source-of-income-funds-300x131.jpeg 300w, https:\/\/buydiplomashop.com\/wp-content\/uploads\/2025\/07\/buy-fake-source-of-income-funds-768x336.jpeg 768w, https:\/\/buydiplomashop.com\/wp-content\/uploads\/2025\/07\/buy-fake-source-of-income-funds-1536x672.jpeg 1536w, https:\/\/buydiplomashop.com\/wp-content\/uploads\/2025\/07\/buy-fake-source-of-income-funds-2048x896.jpeg 2048w, https:\/\/buydiplomashop.com\/wp-content\/uploads\/2025\/07\/buy-fake-source-of-income-funds-18x8.jpeg 18w\" sizes=\"auto, (max-width: 1024px) 100vw, 1024px\" \/><\/figure>\n\n\n\n<h2 class=\"wp-block-heading\">Su socio para n\u00f3minas, declaraciones de la empresa y documentos financieros internacionales<\/h2>\n\n\n\n<p>\u00bfBusca un socio de confianza para crear n\u00f3minas, declaraciones de la empresa para comprar y todos los documentos esenciales necesarios a la hora de alquilar una vivienda o solicitar una hipoteca? Estamos aqu\u00ed para ayudarle, en todo el mundo y totalmente adaptados a sus necesidades. <\/p>\n\n\n\n<p>\u2705 Especialistas en administraci\u00f3n internacional de n\u00f3minas<\/p>\n\n\n\n<p>Entendemos que cada pa\u00eds tiene sus propios tipos impositivos, convenios colectivos y normativas. Nuestro equipo est\u00e1 especializado en preparar n\u00f3minas precisas y claras para distintos sectores y pa\u00edses. Esto garantiza que usted, sus empleados o sus clientes dispongan siempre de documentos que cumplan los requisitos locales.<\/p>\n\n\n\n<p>\ud83c\udfe0 Documentos de alquiler e hipoteca, r\u00e1pidamente arreglados.<\/p>\n\n\n\n<p>A la hora de alquilar una vivienda o solicitar una hipoteca, es fundamental disponer de documentaci\u00f3n clara y fidedigna. Nosotros se la proporcionamos:<\/p>\n\n\n\n<ul class=\"wp-block-list\">\n<li>Modelos de declaraci\u00f3n del empleador<\/li>\n\n\n\n<li>Cuentas de resultados<\/li>\n\n\n\n<li>Declaraciones anuales<\/li>\n\n\n\n<li>Otros documentos necesarios adaptados a su situaci\u00f3n<\/li>\n<\/ul>\n\n\n\n<p>Esto le ayuda a usted o a sus empleados a pasar los controles financieros m\u00e1s r\u00e1pidamente y aumenta las posibilidades de aprobaci\u00f3n.<\/p>\n\n\n\n<p>\ud83c\udf0d Experiencia global, conocimiento local<\/p>\n\n\n\n<p>Tanto si opera en los Pa\u00edses Bajos, Alemania, B\u00e9lgica, Francia, el Reino Unido, Estados Unidos o cualquier otro pa\u00eds, conocemos los tipos impositivos, la normativa y los requisitos administrativos de los distintos pa\u00edses y sectores. Esto nos permite entregar documentos que cumplen las normas locales y las mejores pr\u00e1cticas internacionales.<\/p>\n\n\n\n<p>\u26a1 Rapidez, precisi\u00f3n y confidencialidad<\/p>\n\n\n\n<p>Entendemos lo importante que es obtener r\u00e1pidamente los documentos adecuados, especialmente cuando se trata de alquilar o comprar una vivienda. Puede confiar en nosotros para:<\/p>\n\n\n\n<ul class=\"wp-block-list\">\n<li>Plazos de entrega cortos<\/li>\n\n\n\n<li>Alta precisi\u00f3n<\/li>\n\n\n\n<li>Estricta confidencialidad<\/li>\n<\/ul>\n\n\n\n<figure class=\"wp-block-image size-full\"><img loading=\"lazy\" decoding=\"async\" width=\"199\" height=\"253\" src=\"https:\/\/buydiplomashop.com\/wp-content\/uploads\/2025\/07\/buy-fake-employer-statement.jpg\" alt=\"comprar declaraci\u00f3n de empresa falsa\" class=\"wp-image-128\" srcset=\"https:\/\/buydiplomashop.com\/wp-content\/uploads\/2025\/07\/buy-fake-employer-statement.jpg 199w, https:\/\/buydiplomashop.com\/wp-content\/uploads\/2025\/07\/buy-fake-employer-statement-9x12.jpg 9w\" sizes=\"auto, (max-width: 199px) 100vw, 199px\" \/><\/figure>\n\n\n\n<p>\u00a1Compre hoy mismo su declaraci\u00f3n de empresa falsa, su fuente de ingresos falsa o su n\u00f3mina!<\/p>","protected":false},"excerpt":{"rendered":"<p>Buy fake payslips or paychecks online Do you want to buy recreated fake payslips\/paychecks? Welcome to the #1 provider of documents worldwide. We are www.buydiplomashop.com, for many years the market leader when it comes to buying counterfeit\/recreated pay stubs, employer statements and other documents. Are you intrested in buying a fake payslip online? Then you&hellip;&nbsp;<a href=\"https:\/\/buydiplomashop.com\/es\/buy-paychecks-online\/\" rel=\"bookmark\"><span class=\"screen-reader-text\">Comprar n\u00f3minas falsas<\/span><\/a><\/p>","protected":false},"author":1,"featured_media":0,"parent":0,"menu_order":0,"comment_status":"closed","ping_status":"closed","template":"","meta":{"neve_meta_sidebar":"","neve_meta_container":"","neve_meta_enable_content_width":"","neve_meta_content_width":0,"neve_meta_title_alignment":"","neve_meta_author_avatar":"","neve_post_elements_order":"","neve_meta_disable_header":"","neve_meta_disable_footer":"","neve_meta_disable_title":"","footnotes":""},"class_list":["post-96","page","type-page","status-publish","hentry"],"yoast_head":"<!-- This site is optimized with the Yoast SEO plugin v27.5 - https:\/\/yoast.com\/product\/yoast-seo-wordpress\/ -->\n<title>Buy fake paychecks - Buy a diploma, certificate and degrees<\/title>\n<meta name=\"description\" content=\"Buy fake payslips, paychecks online. Global provider of professional payslips, employer statements, and proof of income documents.\" \/>\n<meta name=\"robots\" content=\"index, follow, max-snippet:-1, max-image-preview:large, max-video-preview:-1\" \/>\n<link rel=\"canonical\" href=\"https:\/\/buydiplomashop.com\/es\/comprar-cheques-de-pago-en-linea\/\" \/>\n<meta property=\"og:locale\" content=\"es_ES\" \/>\n<meta property=\"og:type\" content=\"article\" \/>\n<meta property=\"og:title\" content=\"Buy fake paychecks - Buy a diploma, certificate and degrees\" \/>\n<meta property=\"og:description\" content=\"Buy fake payslips, paychecks online. Global provider of professional payslips, employer statements, and proof of income documents.\" \/>\n<meta property=\"og:url\" content=\"https:\/\/buydiplomashop.com\/es\/comprar-cheques-de-pago-en-linea\/\" \/>\n<meta property=\"og:site_name\" content=\"Buy a diploma, certificate and degrees\" \/>\n<meta property=\"article:modified_time\" content=\"2025-07-23T16:33:18+00:00\" \/>\n<meta property=\"og:image\" content=\"https:\/\/buydiplomashop.com\/wp-content\/uploads\/2025\/07\/ChatGPT-Image-23-jul-2025-17_15_57-1024x683.png\" \/>\n\t<meta property=\"og:image:width\" content=\"1024\" \/>\n\t<meta property=\"og:image:height\" content=\"683\" \/>\n\t<meta property=\"og:image:type\" content=\"image\/png\" \/>\n<meta name=\"twitter:card\" content=\"summary_large_image\" \/>\n<meta name=\"twitter:label1\" content=\"Tiempo de lectura\" \/>\n\t<meta name=\"twitter:data1\" content=\"5 minutos\" \/>\n<script type=\"application\/ld+json\" class=\"yoast-schema-graph\">{\"@context\":\"https:\\\/\\\/schema.org\",\"@graph\":[{\"@type\":\"WebPage\",\"@id\":\"https:\\\/\\\/buydiplomashop.com\\\/buy-paychecks-online\\\/\",\"url\":\"https:\\\/\\\/buydiplomashop.com\\\/buy-paychecks-online\\\/\",\"name\":\"Buy fake paychecks - Buy a diploma, certificate and degrees\",\"isPartOf\":{\"@id\":\"https:\\\/\\\/buydiplomashop.com\\\/#website\"},\"primaryImageOfPage\":{\"@id\":\"https:\\\/\\\/buydiplomashop.com\\\/buy-paychecks-online\\\/#primaryimage\"},\"image\":{\"@id\":\"https:\\\/\\\/buydiplomashop.com\\\/buy-paychecks-online\\\/#primaryimage\"},\"thumbnailUrl\":\"https:\\\/\\\/buydiplomashop.com\\\/wp-content\\\/uploads\\\/2025\\\/07\\\/ChatGPT-Image-23-jul-2025-17_15_57-1024x683.png\",\"datePublished\":\"2025-07-23T14:31:39+00:00\",\"dateModified\":\"2025-07-23T16:33:18+00:00\",\"description\":\"Buy fake payslips, paychecks online. Global provider of professional payslips, employer statements, and proof of income documents.\",\"breadcrumb\":{\"@id\":\"https:\\\/\\\/buydiplomashop.com\\\/buy-paychecks-online\\\/#breadcrumb\"},\"inLanguage\":\"es\",\"potentialAction\":[{\"@type\":\"ReadAction\",\"target\":[\"https:\\\/\\\/buydiplomashop.com\\\/buy-paychecks-online\\\/\"]}]},{\"@type\":\"ImageObject\",\"inLanguage\":\"es\",\"@id\":\"https:\\\/\\\/buydiplomashop.com\\\/buy-paychecks-online\\\/#primaryimage\",\"url\":\"https:\\\/\\\/buydiplomashop.com\\\/wp-content\\\/uploads\\\/2025\\\/07\\\/ChatGPT-Image-23-jul-2025-17_15_57-1024x683.png\",\"contentUrl\":\"https:\\\/\\\/buydiplomashop.com\\\/wp-content\\\/uploads\\\/2025\\\/07\\\/ChatGPT-Image-23-jul-2025-17_15_57-1024x683.png\"},{\"@type\":\"BreadcrumbList\",\"@id\":\"https:\\\/\\\/buydiplomashop.com\\\/buy-paychecks-online\\\/#breadcrumb\",\"itemListElement\":[{\"@type\":\"ListItem\",\"position\":1,\"name\":\"Home\",\"item\":\"https:\\\/\\\/buydiplomashop.com\\\/\"},{\"@type\":\"ListItem\",\"position\":2,\"name\":\"Buy fake paychecks\"}]},{\"@type\":\"WebSite\",\"@id\":\"https:\\\/\\\/buydiplomashop.com\\\/#website\",\"url\":\"https:\\\/\\\/buydiplomashop.com\\\/\",\"name\":\"Buy a diploma, certificate and degrees\",\"description\":\"Buy a diploma online, certificates, degrees\",\"potentialAction\":[{\"@type\":\"SearchAction\",\"target\":{\"@type\":\"EntryPoint\",\"urlTemplate\":\"https:\\\/\\\/buydiplomashop.com\\\/?s={search_term_string}\"},\"query-input\":{\"@type\":\"PropertyValueSpecification\",\"valueRequired\":true,\"valueName\":\"search_term_string\"}}],\"inLanguage\":\"es\"}]}<\/script>\n<!-- \/ Yoast SEO plugin. -->","yoast_head_json":{"title":"Comprar n\u00f3minas falsas - Comprar un diploma, certificado y t\u00edtulos","description":"Comprar n\u00f3minas falsas, cheques de pago en l\u00ednea. Proveedor mundial de n\u00f3minas profesionales, declaraciones de empresa y documentos acreditativos de ingresos.","robots":{"index":"index","follow":"follow","max-snippet":"max-snippet:-1","max-image-preview":"max-image-preview:large","max-video-preview":"max-video-preview:-1"},"canonical":"https:\/\/buydiplomashop.com\/es\/comprar-cheques-de-pago-en-linea\/","og_locale":"es_ES","og_type":"article","og_title":"Buy fake paychecks - Buy a diploma, certificate and degrees","og_description":"Buy fake payslips, paychecks online. Global provider of professional payslips, employer statements, and proof of income documents.","og_url":"https:\/\/buydiplomashop.com\/es\/comprar-cheques-de-pago-en-linea\/","og_site_name":"Buy a diploma, certificate and degrees","article_modified_time":"2025-07-23T16:33:18+00:00","og_image":[{"width":1024,"height":683,"url":"https:\/\/buydiplomashop.com\/wp-content\/uploads\/2025\/07\/ChatGPT-Image-23-jul-2025-17_15_57-1024x683.png","type":"image\/png"}],"twitter_card":"summary_large_image","twitter_misc":{"Tiempo de lectura":"5 minutos"},"schema":{"@context":"https:\/\/schema.org","@graph":[{"@type":"WebPage","@id":"https:\/\/buydiplomashop.com\/buy-paychecks-online\/","url":"https:\/\/buydiplomashop.com\/buy-paychecks-online\/","name":"Comprar n\u00f3minas falsas - Comprar un diploma, certificado y t\u00edtulos","isPartOf":{"@id":"https:\/\/buydiplomashop.com\/#website"},"primaryImageOfPage":{"@id":"https:\/\/buydiplomashop.com\/buy-paychecks-online\/#primaryimage"},"image":{"@id":"https:\/\/buydiplomashop.com\/buy-paychecks-online\/#primaryimage"},"thumbnailUrl":"https:\/\/buydiplomashop.com\/wp-content\/uploads\/2025\/07\/ChatGPT-Image-23-jul-2025-17_15_57-1024x683.png","datePublished":"2025-07-23T14:31:39+00:00","dateModified":"2025-07-23T16:33:18+00:00","description":"Comprar n\u00f3minas falsas, cheques de pago en l\u00ednea. Proveedor mundial de n\u00f3minas profesionales, declaraciones de empresa y documentos acreditativos de ingresos.","breadcrumb":{"@id":"https:\/\/buydiplomashop.com\/buy-paychecks-online\/#breadcrumb"},"inLanguage":"es","potentialAction":[{"@type":"ReadAction","target":["https:\/\/buydiplomashop.com\/buy-paychecks-online\/"]}]},{"@type":"ImageObject","inLanguage":"es","@id":"https:\/\/buydiplomashop.com\/buy-paychecks-online\/#primaryimage","url":"https:\/\/buydiplomashop.com\/wp-content\/uploads\/2025\/07\/ChatGPT-Image-23-jul-2025-17_15_57-1024x683.png","contentUrl":"https:\/\/buydiplomashop.com\/wp-content\/uploads\/2025\/07\/ChatGPT-Image-23-jul-2025-17_15_57-1024x683.png"},{"@type":"BreadcrumbList","@id":"https:\/\/buydiplomashop.com\/buy-paychecks-online\/#breadcrumb","itemListElement":[{"@type":"ListItem","position":1,"name":"Home","item":"https:\/\/buydiplomashop.com\/"},{"@type":"ListItem","position":2,"name":"Buy fake paychecks"}]},{"@type":"WebSite","@id":"https:\/\/buydiplomashop.com\/#website","url":"https:\/\/buydiplomashop.com\/","name":"Comprar un diploma, certificado y t\u00edtulos","description":"Comprar un diploma en l\u00ednea, certificados, t\u00edtulos","potentialAction":[{"@type":"SearchAction","target":{"@type":"EntryPoint","urlTemplate":"https:\/\/buydiplomashop.com\/?s={search_term_string}"},"query-input":{"@type":"PropertyValueSpecification","valueRequired":true,"valueName":"search_term_string"}}],"inLanguage":"es"}]}},"_links":{"self":[{"href":"https:\/\/buydiplomashop.com\/es\/wp-json\/wp\/v2\/pages\/96","targetHints":{"allow":["GET"]}}],"collection":[{"href":"https:\/\/buydiplomashop.com\/es\/wp-json\/wp\/v2\/pages"}],"about":[{"href":"https:\/\/buydiplomashop.com\/es\/wp-json\/wp\/v2\/types\/page"}],"author":[{"embeddable":true,"href":"https:\/\/buydiplomashop.com\/es\/wp-json\/wp\/v2\/users\/1"}],"replies":[{"embeddable":true,"href":"https:\/\/buydiplomashop.com\/es\/wp-json\/wp\/v2\/comments?post=96"}],"version-history":[{"count":26,"href":"https:\/\/buydiplomashop.com\/es\/wp-json\/wp\/v2\/pages\/96\/revisions"}],"predecessor-version":[{"id":133,"href":"https:\/\/buydiplomashop.com\/es\/wp-json\/wp\/v2\/pages\/96\/revisions\/133"}],"wp:attachment":[{"href":"https:\/\/buydiplomashop.com\/es\/wp-json\/wp\/v2\/media?parent=96"}],"curies":[{"name":"wp","href":"https:\/\/api.w.org\/{rel}","templated":true}]}}