{"id":192,"date":"2025-12-13T19:03:20","date_gmt":"2025-12-13T19:03:20","guid":{"rendered":"https:\/\/buydiplomashop.com\/?page_id=192"},"modified":"2025-12-13T19:10:46","modified_gmt":"2025-12-13T19:10:46","slug":"busqueda-de-matriculas","status":"publish","type":"page","link":"https:\/\/buydiplomashop.com\/es\/license-plate-lookup\/","title":{"rendered":"B\u00fasqueda de matr\u00edculas"},"content":{"rendered":"<h2 class=\"wp-block-heading\">B\u00fasqueda de matr\u00edculas: servicios profesionales de informaci\u00f3n sobre veh\u00edculos<\/h2>\n\n\n\n<p>\u00bfNecesita buscar informaci\u00f3n sobre una matr\u00edcula? En BuyDiplomaShop.com, ofrecemos servicios leg\u00edtimos de b\u00fasqueda de matr\u00edculas para personas que necesitan datos precisos sobre el registro de veh\u00edculos, informaci\u00f3n sobre la propiedad y informes completos sobre el historial de los veh\u00edculos. Tanto si va a comprar un coche de segunda mano, como si desea verificar los datos de un veh\u00edculo o realizar una investigaci\u00f3n, nuestros profesionales verificados le ayudar\u00e1n a obtener informaci\u00f3n aut\u00e9ntica sobre el veh\u00edculo a trav\u00e9s de los canales adecuados.<\/p>\n\n\n\n<p>Nuestra red incluye expertos certificados que conocen los sistemas de matriculaci\u00f3n de veh\u00edculos, el acceso a bases de datos y los m\u00e9todos de recuperaci\u00f3n de informaci\u00f3n legal. Al elegir nuestro servicio de b\u00fasqueda de matr\u00edculas, usted est\u00e1 invirtiendo en informaci\u00f3n leg\u00edtima sobre veh\u00edculos que cumple con todas las normas reglamentarias y los requisitos de privacidad.<\/p>\n\n\n\n<figure class=\"wp-block-image size-full\"><img loading=\"lazy\" decoding=\"async\" width=\"440\" height=\"248\" src=\"https:\/\/buydiplomashop.com\/wp-content\/uploads\/2025\/12\/license-plate-lookup.webp\" alt=\"b\u00fasqueda de matr\u00edculas\" class=\"wp-image-203\" srcset=\"https:\/\/buydiplomashop.com\/wp-content\/uploads\/2025\/12\/license-plate-lookup.webp 440w, https:\/\/buydiplomashop.com\/wp-content\/uploads\/2025\/12\/license-plate-lookup-300x169.webp 300w, https:\/\/buydiplomashop.com\/wp-content\/uploads\/2025\/12\/license-plate-lookup-18x10.webp 18w\" sizes=\"auto, (max-width: 440px) 100vw, 440px\" \/><\/figure>\n\n\n\n<h3 class=\"wp-block-heading\">\u00bfPor qu\u00e9 elegir servicios profesionales de b\u00fasqueda de matr\u00edculas?<\/h3>\n\n\n\n<h3 class=\"wp-block-heading\">Informaci\u00f3n legal y verificada sobre el veh\u00edculo<\/h3>\n\n\n\n<p>Los servicios de b\u00fasqueda de informaci\u00f3n sobre licencias profesionales le garantizan que obtendr\u00e1 informaci\u00f3n leg\u00edtima sobre veh\u00edculos que cumple con las leyes y normativas de privacidad. Nuestros expertos verificados le guiar\u00e1n a trav\u00e9s de los canales adecuados para la obtenci\u00f3n de informaci\u00f3n, proporcion\u00e1ndole datos precisos y respetando los l\u00edmites legales.<\/p>\n\n\n\n<p>A diferencia de las fuentes no verificadas que pueden proporcionar informaci\u00f3n desactualizada o incorrecta, nuestros profesionales trabajan con bases de datos oficiales y canales legales para ayudarle a obtener datos aut\u00e9nticos sobre los veh\u00edculos en los que puede confiar.<\/p>\n\n\n\n<figure class=\"wp-block-image size-full\"><img loading=\"lazy\" decoding=\"async\" width=\"512\" height=\"299\" src=\"https:\/\/buydiplomashop.com\/wp-content\/uploads\/2025\/12\/Vehicle-information-lookup.png\" alt=\"B\u00fasqueda de informaci\u00f3n sobre veh\u00edculos\" class=\"wp-image-204\" srcset=\"https:\/\/buydiplomashop.com\/wp-content\/uploads\/2025\/12\/Vehicle-information-lookup.png 512w, https:\/\/buydiplomashop.com\/wp-content\/uploads\/2025\/12\/Vehicle-information-lookup-300x175.png 300w, https:\/\/buydiplomashop.com\/wp-content\/uploads\/2025\/12\/Vehicle-information-lookup-18x12.png 18w\" sizes=\"auto, (max-width: 512px) 100vw, 512px\" \/><\/figure>\n\n\n\n<h3 class=\"wp-block-heading\">Acceso completo a los datos del veh\u00edculo<\/h3>\n\n\n\n<p>Nuestros servicios proporcionan acceso a amplias bases de datos con informaci\u00f3n sobre veh\u00edculos, incluyendo datos de matriculaci\u00f3n, historial de propietarios, registros de accidentes y especificaciones t\u00e9cnicas. Tanto si necesita verificar el n\u00famero de bastidor (VIN), el estado de los grav\u00e1menes o la informaci\u00f3n sobre retiradas, nuestra red cuenta con expertos familiarizados con diversos sistemas de datos sobre veh\u00edculos.<\/p>\n\n\n\n<h3 class=\"wp-block-heading\">Privacidad y seguridad completas garantizadas<\/h3>\n\n\n\n<p>Conscientes de la naturaleza sensible de la b\u00fasqueda de informaci\u00f3n sobre veh\u00edculos, mantenemos una confidencialidad total durante todo el proceso. Todas las comunicaciones est\u00e1n encriptadas y su informaci\u00f3n personal permanece protegida.<\/p>\n\n\n\n<h4 class=\"wp-block-heading\">Servicios integrales de b\u00fasqueda de matr\u00edculas<\/h4>\n\n\n\n<h4 class=\"wp-block-heading\">B\u00fasqueda de informaci\u00f3n sobre el registro de veh\u00edculos<\/h4>\n\n\n\n<p>Obtener los datos actuales del registro de un veh\u00edculo es esencial para diversos fines, como la verificaci\u00f3n de la compra de un veh\u00edculo, las reclamaciones de seguros y los procedimientos legales. Nuestros expertos proporcionan informaci\u00f3n precisa sobre el registro a trav\u00e9s de canales leg\u00edtimos.<\/p>\n\n\n\n<p>Los servicios incluyen:<\/p>\n\n\n\n<ul class=\"wp-block-list\">\n<li>Estado actual del registro<\/li>\n\n\n\n<li>Fechas de vencimiento del registro<\/li>\n\n\n\n<li>Verificaci\u00f3n de la marca, el modelo y el a\u00f1o del veh\u00edculo.<\/li>\n\n\n\n<li>Detalles del registro estatal y del condado<\/li>\n\n\n\n<li>Confirmaci\u00f3n de la validez de la matr\u00edcula<\/li>\n<\/ul>\n\n\n\n<figure class=\"wp-block-image size-large is-resized\"><img loading=\"lazy\" decoding=\"async\" width=\"1024\" height=\"508\" src=\"https:\/\/buydiplomashop.com\/wp-content\/uploads\/2025\/12\/Vehicle-registration-lookup-1024x508.webp\" alt=\"B\u00fasqueda de matr\u00edculas de veh\u00edculos\" class=\"wp-image-205\" style=\"width:454px;height:auto\" srcset=\"https:\/\/buydiplomashop.com\/wp-content\/uploads\/2025\/12\/Vehicle-registration-lookup-1024x508.webp 1024w, https:\/\/buydiplomashop.com\/wp-content\/uploads\/2025\/12\/Vehicle-registration-lookup-300x149.webp 300w, https:\/\/buydiplomashop.com\/wp-content\/uploads\/2025\/12\/Vehicle-registration-lookup-768x381.webp 768w, https:\/\/buydiplomashop.com\/wp-content\/uploads\/2025\/12\/Vehicle-registration-lookup-1536x762.webp 1536w, https:\/\/buydiplomashop.com\/wp-content\/uploads\/2025\/12\/Vehicle-registration-lookup-2048x1016.webp 2048w, https:\/\/buydiplomashop.com\/wp-content\/uploads\/2025\/12\/Vehicle-registration-lookup-18x9.webp 18w\" sizes=\"auto, (max-width: 1024px) 100vw, 1024px\" \/><\/figure>\n\n\n\n<h4 class=\"wp-block-heading\">B\u00fasqueda del historial y la propiedad del veh\u00edculo<\/h4>\n\n\n\n<p>Conocer el historial y los antecedentes de propiedad de un veh\u00edculo es fundamental para tomar una decisi\u00f3n informada. Nuestros especialistas proporcionan informes completos del historial a trav\u00e9s de bases de datos oficiales.<\/p>\n\n\n\n<p>Los servicios hist\u00f3ricos incluyen:<\/p>\n\n\n\n<ul class=\"wp-block-list\">\n<li>Registros de propiedad anteriores<\/li>\n\n\n\n<li>Historial de accidentes y da\u00f1os<\/li>\n\n\n\n<li>Informes de robo y recuperaci\u00f3n<\/li>\n\n\n\n<li>Estado del gravamen y del pr\u00e9stamo<\/li>\n\n\n\n<li>Informaci\u00f3n sobre retiradas y seguridad<\/li>\n<\/ul>\n\n\n\n<h4 class=\"wp-block-heading\">Servicios de verificaci\u00f3n y decodificaci\u00f3n de n\u00fameros de identificaci\u00f3n vehicular (VIN)<\/h4>\n\n\n\n<p>Los n\u00fameros de identificaci\u00f3n de veh\u00edculos contienen amplia informaci\u00f3n sobre las especificaciones y el historial de los veh\u00edculos. Nuestros expertos descodifican los VIN para proporcionar informaci\u00f3n detallada sobre los veh\u00edculos.<\/p>\n\n\n\n<p>Los servicios VIN incluyen:<\/p>\n\n\n\n<ul class=\"wp-block-list\">\n<li>Especificaciones completas del veh\u00edculo<\/li>\n\n\n\n<li>Detalles y fechas de fabricaci\u00f3n<\/li>\n\n\n\n<li>Informaci\u00f3n sobre el motor y la transmisi\u00f3n<\/li>\n\n\n\n<li>Lista de equipos y caracter\u00edsticas<\/li>\n\n\n\n<li>Evaluaciones del valor de mercado<\/li>\n<\/ul>\n\n\n\n<h4 class=\"wp-block-heading\">B\u00fasqueda de veh\u00edculos comerciales y flotas<\/h4>\n\n\n\n<p>Para las empresas que necesitan informaci\u00f3n sobre veh\u00edculos con fines comerciales o de gesti\u00f3n de flotas, nuestros especialistas ofrecen servicios de b\u00fasqueda especializados.<\/p>\n\n\n\n<p>Los servicios comerciales incluyen:<\/p>\n\n\n\n<ul class=\"wp-block-list\">\n<li>Estado del registro de veh\u00edculos comerciales<\/li>\n\n\n\n<li>Informaci\u00f3n sobre los veh\u00edculos de la flota<\/li>\n\n\n\n<li>Asistencia para la verificaci\u00f3n del seguro<\/li>\n\n\n\n<li>B\u00fasquedas de grav\u00e1menes comerciales<\/li>\n\n\n\n<li>Verificaci\u00f3n de la titularidad de la empresa<\/li>\n<\/ul>\n\n\n\n<h5 class=\"wp-block-heading\">C\u00f3mo funciona nuestro proceso de b\u00fasqueda de matr\u00edculas<\/h5>\n\n\n\n<h5 class=\"wp-block-heading\">Paso 1: Consulta confidencial<\/h5>\n\n\n\n<p>Cada b\u00fasqueda de matr\u00edculas comienza con una consulta privada para comprender sus necesidades espec\u00edficas y desarrollar una estrategia de b\u00fasqueda adecuada. Nuestros expertos analizan sus requisitos, los detalles del veh\u00edculo y los objetivos de informaci\u00f3n.<\/p>\n\n\n\n<h5 class=\"wp-block-heading\">Paso 2: Acceso a la base de datos y recuperaci\u00f3n de informaci\u00f3n<\/h5>\n\n\n\n<p>Nuestros profesionales acceden a bases de datos leg\u00edtimas de veh\u00edculos y registros oficiales para obtener informaci\u00f3n precisa, al tiempo que mantienen el cumplimiento legal y los est\u00e1ndares de privacidad.<\/p>\n\n\n\n<h5 class=\"wp-block-heading\">Paso 3: Verificaci\u00f3n y referencia cruzada<\/h5>\n\n\n\n<p>Utilizando m\u00faltiples fuentes de datos, nuestros expertos verifican la exactitud de la informaci\u00f3n y cotejan los detalles para garantizar resultados completos y fiables.<\/p>\n\n\n\n<h5 class=\"wp-block-heading\">Paso 4: Entrega del informe y asistencia de seguimiento<\/h5>\n\n\n\n<p>Una vez recopilada la informaci\u00f3n de su veh\u00edculo, le proporcionamos un informe detallado con todos los datos relevantes y le ofrecemos asistencia de seguimiento para cualquier pregunta o requisito adicional.<\/p>\n\n\n\n<h5 class=\"wp-block-heading\">Ventajas de los servicios de b\u00fasqueda de matr\u00edculas verificadas<\/h5>\n\n\n\n<h5 class=\"wp-block-heading\">Recuperaci\u00f3n r\u00e1pida y precisa de informaci\u00f3n<\/h5>\n\n\n\n<p>Nuestra red mantiene acceso a bases de datos de veh\u00edculos en tiempo real y registros oficiales, lo que garantiza una recuperaci\u00f3n r\u00e1pida y precisa de la informaci\u00f3n, al tiempo que se mantiene el cumplimiento legal.<\/p>\n\n\n\n<h5 class=\"wp-block-heading\">100% Datos aut\u00e9nticos del veh\u00edculo<\/h5>\n\n\n\n<p>Cada consulta de matr\u00edculas a trav\u00e9s de nuestros servicios proporciona informaci\u00f3n verificada procedente de fuentes oficiales, lo que garantiza la precisi\u00f3n necesaria para tomar decisiones importantes y para fines legales.<\/p>\n\n\n\n<h5 class=\"wp-block-heading\">Acceso a m\u00faltiples bases de datos<\/h5>\n\n\n\n<p>Nuestros expertos trabajan con diversas bases de datos e informaci\u00f3n sobre veh\u00edculos, proporcionando datos exhaustivos procedentes de m\u00faltiples fuentes para ofrecer informaci\u00f3n completa sobre los veh\u00edculos.<\/p>\n\n\n\n<h5 class=\"wp-block-heading\">Servicio discreto y profesional<\/h5>\n\n\n\n<p>Se mantiene la confidencialidad total durante todo el proceso, con comunicaciones seguras y un manejo profesional de la informaci\u00f3n confidencial.<\/p>\n\n\n\n<h6 class=\"wp-block-heading\">Situaciones habituales en la b\u00fasqueda de matr\u00edculas<\/h6>\n\n\n\n<h3 class=\"wp-block-heading\">Verificaci\u00f3n de compra de autom\u00f3vil usado<\/h3>\n\n\n\n<p>La raz\u00f3n m\u00e1s frecuente por la que las personas necesitan servicios de b\u00fasqueda de matr\u00edculas es para verificar la informaci\u00f3n del veh\u00edculo antes de comprar un coche usado.<\/p>\n\n\n\n<h6 class=\"wp-block-heading\">Investigaci\u00f3n del historial del veh\u00edculo<\/h6>\n\n\n\n<p>Los propietarios de autom\u00f3viles suelen necesitar informes hist\u00f3ricos completos para reclamaciones de seguros, planificaci\u00f3n de mantenimiento o fines de verificaci\u00f3n personal.<\/p>\n\n\n\n<h6 class=\"wp-block-heading\">Requisitos legales y de seguros<\/h6>\n\n\n\n<p>Las compa\u00f1\u00edas de seguros y los profesionales del \u00e1mbito jur\u00eddico necesitan informaci\u00f3n precisa sobre los veh\u00edculos para tramitar las reclamaciones y llevar a cabo los procedimientos legales.<\/p>\n\n\n\n<h6 class=\"wp-block-heading\">Gesti\u00f3n de flotas y uso comercial<\/h6>\n\n\n\n<p>Las empresas con flotas de veh\u00edculos necesitan actualizaciones peri\u00f3dicas de informaci\u00f3n con fines de gesti\u00f3n y cumplimiento normativo.<\/p>\n\n\n\n<h6 class=\"wp-block-heading\">Acceso a la base de datos de b\u00fasqueda de informaci\u00f3n sobre veh\u00edculos<\/h6>\n\n\n\n<h6 class=\"wp-block-heading\">Registros estatales de veh\u00edculos motorizados<\/h6>\n\n\n\n<p>Acceso a los registros oficiales del departamento de veh\u00edculos motorizados del estado para obtener informaci\u00f3n actualizada sobre la matriculaci\u00f3n y la propiedad.<\/p>\n\n\n\n<h6 class=\"wp-block-heading\">Bases de datos nacionales de veh\u00edculos<\/h6>\n\n\n\n<p>Acceso completo a los sistemas nacionales de informaci\u00f3n sobre veh\u00edculos para consultar el historial de accidentes, la informaci\u00f3n sobre retiradas y las especificaciones t\u00e9cnicas.<\/p>\n\n\n\n<h6 class=\"wp-block-heading\">Bases de datos de seguros y reclamaciones<\/h6>\n\n\n\n<p>Acceso a bases de datos del sector asegurador para consultar el historial de siniestros y las evaluaciones de da\u00f1os.<\/p>\n\n\n\n<h6 class=\"wp-block-heading\">Registros comerciales y de grav\u00e1menes<\/h6>\n\n\n\n<p>Acceso a bases de datos de veh\u00edculos comerciales y titulares de derechos de retenci\u00f3n con fines de verificaci\u00f3n comercial y financiera.<\/p>\n\n\n\n<h6 class=\"wp-block-heading\">Obtenga hoy mismo la informaci\u00f3n de su matr\u00edcula<\/h6>\n\n\n\n<p>No permita que la falta de informaci\u00f3n sobre los veh\u00edculos afecte sus decisiones importantes. Nuestra red verificada ofrece servicios de b\u00fasqueda de matr\u00edculas r\u00e1pidos, precisos y totalmente confidenciales para todas sus necesidades de informaci\u00f3n sobre veh\u00edculos.<\/p>\n\n\n\n<p>Ya sea que necesite consultar la informaci\u00f3n de la matr\u00edcula para comprar un veh\u00edculo, requiera la verificaci\u00f3n del n\u00famero de identificaci\u00f3n del veh\u00edculo (VIN) o necesite informes completos del historial del veh\u00edculo, nuestra plataforma le pone en contacto con los expertos adecuados para su situaci\u00f3n espec\u00edfica.<\/p>\n\n\n\n<p>\u00bfListo para buscar informaci\u00f3n sobre matr\u00edculas? <a href=\"https:\/\/buydiplomashop.com\/es\/pongase-en-contacto-con\/\">P\u00f3ngase en contacto con<\/a> Nuestro equipo hoy mismo para programar su consulta confidencial y descubrir por qu\u00e9 miles de personas conf\u00edan en BuyDiplomaShop.com para satisfacer sus necesidades de informaci\u00f3n sobre veh\u00edculos.<\/p>\n\n\n\n<p>Ya sea que necesite verificar el registro de un veh\u00edculo, consultar la titularidad de un autom\u00f3vil o buscar una matr\u00edcula, nuestros servicios profesionales le proporcionan la informaci\u00f3n precisa que necesita.<\/p>","protected":false},"excerpt":{"rendered":"<p>License Plate Lookup &#8211; Professional Vehicle Information Services Need to lookup license plate information? At BuyDiplomaShop.com, we provide legitimate license plate lookup services for individuals who need accurate vehicle registration details, ownership information, and comprehensive vehicle history reports. Whether you&#8217;re buying a used car, verifying vehicle details, or conducting research, our verified professionals help you&hellip;&nbsp;<a href=\"https:\/\/buydiplomashop.com\/es\/license-plate-lookup\/\" rel=\"bookmark\"><span class=\"screen-reader-text\">B\u00fasqueda de matr\u00edculas<\/span><\/a><\/p>","protected":false},"author":1,"featured_media":0,"parent":0,"menu_order":0,"comment_status":"closed","ping_status":"closed","template":"","meta":{"neve_meta_sidebar":"","neve_meta_container":"","neve_meta_enable_content_width":"","neve_meta_content_width":0,"neve_meta_title_alignment":"","neve_meta_author_avatar":"","neve_post_elements_order":"","neve_meta_disable_header":"","neve_meta_disable_footer":"","neve_meta_disable_title":"","footnotes":""},"class_list":["post-192","page","type-page","status-publish","hentry"],"yoast_head":"<!-- This site is optimized with the Yoast SEO plugin v27.5 - https:\/\/yoast.com\/product\/yoast-seo-wordpress\/ -->\n<title>License Plate Lookup - Buy a diploma, certificate and degrees<\/title>\n<meta name=\"description\" content=\"Lookup license plate information and vehicle registration details. Vehicle history and ownership information. Search any license plate now.\" \/>\n<meta name=\"robots\" content=\"index, follow, max-snippet:-1, max-image-preview:large, max-video-preview:-1\" \/>\n<link rel=\"canonical\" href=\"https:\/\/buydiplomashop.com\/es\/busqueda-de-matriculas\/\" \/>\n<meta property=\"og:locale\" content=\"es_ES\" \/>\n<meta property=\"og:type\" content=\"article\" \/>\n<meta property=\"og:title\" content=\"License Plate Lookup - Buy a diploma, certificate and degrees\" \/>\n<meta property=\"og:description\" content=\"Lookup license plate information and vehicle registration details. Vehicle history and ownership information. Search any license plate now.\" \/>\n<meta property=\"og:url\" content=\"https:\/\/buydiplomashop.com\/es\/busqueda-de-matriculas\/\" \/>\n<meta property=\"og:site_name\" content=\"Buy a diploma, certificate and degrees\" \/>\n<meta property=\"article:modified_time\" content=\"2025-12-13T19:10:46+00:00\" \/>\n<meta property=\"og:image\" content=\"https:\/\/buydiplomashop.com\/wp-content\/uploads\/2025\/12\/license-plate-lookup.webp\" \/>\n\t<meta property=\"og:image:width\" content=\"440\" \/>\n\t<meta property=\"og:image:height\" content=\"248\" \/>\n\t<meta property=\"og:image:type\" content=\"image\/webp\" \/>\n<meta name=\"twitter:card\" content=\"summary_large_image\" \/>\n<meta name=\"twitter:label1\" content=\"Tiempo de lectura\" \/>\n\t<meta name=\"twitter:data1\" content=\"5 minutos\" \/>\n<script type=\"application\/ld+json\" class=\"yoast-schema-graph\">{\"@context\":\"https:\\\/\\\/schema.org\",\"@graph\":[{\"@type\":\"WebPage\",\"@id\":\"https:\\\/\\\/buydiplomashop.com\\\/license-plate-lookup\\\/\",\"url\":\"https:\\\/\\\/buydiplomashop.com\\\/license-plate-lookup\\\/\",\"name\":\"License Plate Lookup - Buy a diploma, certificate and degrees\",\"isPartOf\":{\"@id\":\"https:\\\/\\\/buydiplomashop.com\\\/#website\"},\"primaryImageOfPage\":{\"@id\":\"https:\\\/\\\/buydiplomashop.com\\\/license-plate-lookup\\\/#primaryimage\"},\"image\":{\"@id\":\"https:\\\/\\\/buydiplomashop.com\\\/license-plate-lookup\\\/#primaryimage\"},\"thumbnailUrl\":\"https:\\\/\\\/buydiplomashop.com\\\/wp-content\\\/uploads\\\/2025\\\/12\\\/license-plate-lookup.webp\",\"datePublished\":\"2025-12-13T19:03:20+00:00\",\"dateModified\":\"2025-12-13T19:10:46+00:00\",\"description\":\"Lookup license plate information and vehicle registration details. Vehicle history and ownership information. Search any license plate now.\",\"breadcrumb\":{\"@id\":\"https:\\\/\\\/buydiplomashop.com\\\/license-plate-lookup\\\/#breadcrumb\"},\"inLanguage\":\"es\",\"potentialAction\":[{\"@type\":\"ReadAction\",\"target\":[\"https:\\\/\\\/buydiplomashop.com\\\/license-plate-lookup\\\/\"]}]},{\"@type\":\"ImageObject\",\"inLanguage\":\"es\",\"@id\":\"https:\\\/\\\/buydiplomashop.com\\\/license-plate-lookup\\\/#primaryimage\",\"url\":\"https:\\\/\\\/buydiplomashop.com\\\/wp-content\\\/uploads\\\/2025\\\/12\\\/license-plate-lookup.webp\",\"contentUrl\":\"https:\\\/\\\/buydiplomashop.com\\\/wp-content\\\/uploads\\\/2025\\\/12\\\/license-plate-lookup.webp\"},{\"@type\":\"BreadcrumbList\",\"@id\":\"https:\\\/\\\/buydiplomashop.com\\\/license-plate-lookup\\\/#breadcrumb\",\"itemListElement\":[{\"@type\":\"ListItem\",\"position\":1,\"name\":\"Home\",\"item\":\"https:\\\/\\\/buydiplomashop.com\\\/\"},{\"@type\":\"ListItem\",\"position\":2,\"name\":\"License Plate Lookup\"}]},{\"@type\":\"WebSite\",\"@id\":\"https:\\\/\\\/buydiplomashop.com\\\/#website\",\"url\":\"https:\\\/\\\/buydiplomashop.com\\\/\",\"name\":\"Buy a diploma, certificate and degrees\",\"description\":\"Buy a diploma online, certificates, degrees\",\"potentialAction\":[{\"@type\":\"SearchAction\",\"target\":{\"@type\":\"EntryPoint\",\"urlTemplate\":\"https:\\\/\\\/buydiplomashop.com\\\/?s={search_term_string}\"},\"query-input\":{\"@type\":\"PropertyValueSpecification\",\"valueRequired\":true,\"valueName\":\"search_term_string\"}}],\"inLanguage\":\"es\"}]}<\/script>\n<!-- \/ Yoast SEO plugin. -->","yoast_head_json":{"title":"B\u00fasqueda de matr\u00edculas - Compra un diploma, certificado y t\u00edtulos universitarios","description":"Busque informaci\u00f3n sobre matr\u00edculas y detalles del registro de veh\u00edculos. Historial del veh\u00edculo e informaci\u00f3n sobre la propiedad. Busque cualquier matr\u00edcula ahora mismo.","robots":{"index":"index","follow":"follow","max-snippet":"max-snippet:-1","max-image-preview":"max-image-preview:large","max-video-preview":"max-video-preview:-1"},"canonical":"https:\/\/buydiplomashop.com\/es\/busqueda-de-matriculas\/","og_locale":"es_ES","og_type":"article","og_title":"License Plate Lookup - Buy a diploma, certificate and degrees","og_description":"Lookup license plate information and vehicle registration details. Vehicle history and ownership information. Search any license plate now.","og_url":"https:\/\/buydiplomashop.com\/es\/busqueda-de-matriculas\/","og_site_name":"Buy a diploma, certificate and degrees","article_modified_time":"2025-12-13T19:10:46+00:00","og_image":[{"width":440,"height":248,"url":"https:\/\/buydiplomashop.com\/wp-content\/uploads\/2025\/12\/license-plate-lookup.webp","type":"image\/webp"}],"twitter_card":"summary_large_image","twitter_misc":{"Tiempo de lectura":"5 minutos"},"schema":{"@context":"https:\/\/schema.org","@graph":[{"@type":"WebPage","@id":"https:\/\/buydiplomashop.com\/license-plate-lookup\/","url":"https:\/\/buydiplomashop.com\/license-plate-lookup\/","name":"B\u00fasqueda de matr\u00edculas - Compra un diploma, certificado y t\u00edtulos universitarios","isPartOf":{"@id":"https:\/\/buydiplomashop.com\/#website"},"primaryImageOfPage":{"@id":"https:\/\/buydiplomashop.com\/license-plate-lookup\/#primaryimage"},"image":{"@id":"https:\/\/buydiplomashop.com\/license-plate-lookup\/#primaryimage"},"thumbnailUrl":"https:\/\/buydiplomashop.com\/wp-content\/uploads\/2025\/12\/license-plate-lookup.webp","datePublished":"2025-12-13T19:03:20+00:00","dateModified":"2025-12-13T19:10:46+00:00","description":"Busque informaci\u00f3n sobre matr\u00edculas y detalles del registro de veh\u00edculos. Historial del veh\u00edculo e informaci\u00f3n sobre la propiedad. Busque cualquier matr\u00edcula ahora mismo.","breadcrumb":{"@id":"https:\/\/buydiplomashop.com\/license-plate-lookup\/#breadcrumb"},"inLanguage":"es","potentialAction":[{"@type":"ReadAction","target":["https:\/\/buydiplomashop.com\/license-plate-lookup\/"]}]},{"@type":"ImageObject","inLanguage":"es","@id":"https:\/\/buydiplomashop.com\/license-plate-lookup\/#primaryimage","url":"https:\/\/buydiplomashop.com\/wp-content\/uploads\/2025\/12\/license-plate-lookup.webp","contentUrl":"https:\/\/buydiplomashop.com\/wp-content\/uploads\/2025\/12\/license-plate-lookup.webp"},{"@type":"BreadcrumbList","@id":"https:\/\/buydiplomashop.com\/license-plate-lookup\/#breadcrumb","itemListElement":[{"@type":"ListItem","position":1,"name":"Home","item":"https:\/\/buydiplomashop.com\/"},{"@type":"ListItem","position":2,"name":"License Plate Lookup"}]},{"@type":"WebSite","@id":"https:\/\/buydiplomashop.com\/#website","url":"https:\/\/buydiplomashop.com\/","name":"Comprar un diploma, certificado y t\u00edtulos","description":"Comprar un diploma en l\u00ednea, certificados, t\u00edtulos","potentialAction":[{"@type":"SearchAction","target":{"@type":"EntryPoint","urlTemplate":"https:\/\/buydiplomashop.com\/?s={search_term_string}"},"query-input":{"@type":"PropertyValueSpecification","valueRequired":true,"valueName":"search_term_string"}}],"inLanguage":"es"}]}},"_links":{"self":[{"href":"https:\/\/buydiplomashop.com\/es\/wp-json\/wp\/v2\/pages\/192","targetHints":{"allow":["GET"]}}],"collection":[{"href":"https:\/\/buydiplomashop.com\/es\/wp-json\/wp\/v2\/pages"}],"about":[{"href":"https:\/\/buydiplomashop.com\/es\/wp-json\/wp\/v2\/types\/page"}],"author":[{"embeddable":true,"href":"https:\/\/buydiplomashop.com\/es\/wp-json\/wp\/v2\/users\/1"}],"replies":[{"embeddable":true,"href":"https:\/\/buydiplomashop.com\/es\/wp-json\/wp\/v2\/comments?post=192"}],"version-history":[{"count":12,"href":"https:\/\/buydiplomashop.com\/es\/wp-json\/wp\/v2\/pages\/192\/revisions"}],"predecessor-version":[{"id":212,"href":"https:\/\/buydiplomashop.com\/es\/wp-json\/wp\/v2\/pages\/192\/revisions\/212"}],"wp:attachment":[{"href":"https:\/\/buydiplomashop.com\/es\/wp-json\/wp\/v2\/media?parent=192"}],"curies":[{"name":"wp","href":"https:\/\/api.w.org\/{rel}","templated":true}]}}