{"id":135,"date":"2025-07-25T17:57:02","date_gmt":"2025-07-25T17:57:02","guid":{"rendered":"https:\/\/buydiplomashop.com\/?page_id=135"},"modified":"2025-11-04T18:53:16","modified_gmt":"2025-11-04T18:53:16","slug":"comprar-un-certificado-de-nacimiento","status":"publish","type":"page","link":"https:\/\/buydiplomashop.com\/es\/buy-a-birth-certificate\/","title":{"rendered":"Comprar un certificado de nacimiento"},"content":{"rendered":"<h2 class=\"wp-block-heading\">Comprar un certificado de nacimiento en l\u00ednea - Entrega r\u00e1pida, segura y en todo el mundo<\/h2>\n\n\n\n<p>En <strong><a class=\"\" href=\"http:\/\/www.BuyDiplomaShop.com\">www.BuyDiplomaShop.com<\/a><\/strong>, puede <strong>comprar un certificado de nacimiento<\/strong> en l\u00ednea de forma r\u00e1pida y discreta, independientemente de d\u00f3nde se encuentre. Tanto si ha perdido su original como si necesita un duplicado o una versi\u00f3n personalizada para fines espec\u00edficos, nuestra plataforma le facilita las cosas <strong>solicitar un certificado de nacimiento en l\u00ednea<\/strong>, con plazos de entrega r\u00e1pidos y env\u00edos a todo el mundo.<\/p>\n\n\n\n<p>A <strong>partida de nacimiento<\/strong> es uno de los documentos legales m\u00e1s esenciales en la vida de una persona. Sirve como prueba de identidad, ciudadan\u00eda y datos de nacimiento, y a menudo es necesario para solicitudes como pasaportes, documentos nacionales de identidad, matr\u00edcula escolar o empleo.<\/p>\n\n\n\n<figure class=\"wp-block-image size-full is-resized\"><img loading=\"lazy\" decoding=\"async\" width=\"780\" height=\"480\" src=\"https:\/\/buydiplomashop.com\/wp-content\/uploads\/2025\/11\/buy-birth-certificate-online.jpg\" alt=\"comprar certificado de nacimiento en l\u00ednea\" class=\"wp-image-141\" style=\"width:532px;height:auto\" srcset=\"https:\/\/buydiplomashop.com\/wp-content\/uploads\/2025\/11\/buy-birth-certificate-online.jpg 780w, https:\/\/buydiplomashop.com\/wp-content\/uploads\/2025\/11\/buy-birth-certificate-online-300x185.jpg 300w, https:\/\/buydiplomashop.com\/wp-content\/uploads\/2025\/11\/buy-birth-certificate-online-768x473.jpg 768w, https:\/\/buydiplomashop.com\/wp-content\/uploads\/2025\/11\/buy-birth-certificate-online-18x12.jpg 18w\" sizes=\"auto, (max-width: 780px) 100vw, 780px\" \/><\/figure>\n\n\n\n<hr class=\"wp-block-separator has-alpha-channel-opacity\"\/>\n\n\n\n<h3 class=\"wp-block-heading\">Por qu\u00e9 puede necesitar comprar un certificado de nacimiento<\/h3>\n\n\n\n<p>Hay muchas situaciones en las que la gente necesita <strong>comprar una nueva copia del certificado de nacimiento<\/strong> o <strong>obtener una partida de nacimiento sustitutoria<\/strong>, incluyendo:<\/p>\n\n\n\n<ul class=\"wp-block-list\">\n<li>Partida de nacimiento original perdida o da\u00f1ada<\/li>\n\n\n\n<li>Necesidad de una copia certificada adicional para la documentaci\u00f3n<\/li>\n\n\n\n<li>Actualizaci\u00f3n de datos de nacimiento obsoletos o incorrectos<\/li>\n\n\n\n<li>Documentos justificativos de las solicitudes oficiales<\/li>\n\n\n\n<li>Razones personales, de privacidad o de novedad<\/li>\n\n\n\n<li>Uso en cine, teatro o medios de comunicaci\u00f3n <strong>nuevos certificados de nacimiento<\/strong> son necesarios<\/li>\n<\/ul>\n\n\n\n<p>En <strong><a class=\"\" href=\"http:\/\/www.BuyDiplomaShop.com\">www.BuyDiplomaShop.com<\/a><\/strong>, Entendemos que estas necesidades var\u00edan de una persona a otra. Tanto si busca <strong>obtener un nuevo certificado de nacimiento<\/strong> para uso personal o como parte de un paquete de documentos de identidad, estamos aqu\u00ed para ayudarle con total confidencialidad.<\/p>\n\n\n\n<hr class=\"wp-block-separator has-alpha-channel-opacity\"\/>\n\n\n\n<h3 class=\"wp-block-heading\">Pedir un certificado de nacimiento en l\u00ednea en 4 sencillos pasos<\/h3>\n\n\n\n<ol class=\"wp-block-list\">\n<li><strong>Env\u00edenos un correo electr\u00f3nico o p\u00f3ngase en contacto con nosotros a trav\u00e9s de WhatsApp<\/strong><br>Env\u00ede sus datos a trav\u00e9s de nuestro formulario seguro en l\u00ednea. Aseg\u00farese de que la informaci\u00f3n es correcta, ya que se utilizar\u00e1 para generar su certificado.<\/li>\n\n\n\n<li><strong>Informaci\u00f3n<\/strong><br>Nuestros especialistas en documentos verifican los datos y se ponen en contacto con usted si hay que aclarar algo.<\/li>\n\n\n\n<li><strong>Producci\u00f3n de documentos<\/strong><br>En funci\u00f3n de sus necesidades, creamos un <strong>certificado de nacimiento<\/strong> que cumpla sus especificaciones.<\/li>\n\n\n\n<li><strong>Entrega segura<\/strong><br>Su certificado de nacimiento nuevo o de sustituci\u00f3n se env\u00eda a todo el mundo de forma segura y discreta.<\/li>\n<\/ol>\n\n\n\n<p>Tanto si sustituye un <strong>partida de nacimiento perdida<\/strong> o necesita uno para fines oficiales o privados, nuestro equipo le garantiza calidad, rapidez y precisi\u00f3n.<\/p>\n\n\n\n<figure class=\"wp-block-image size-full\"><img loading=\"lazy\" decoding=\"async\" width=\"250\" height=\"354\" src=\"https:\/\/buydiplomashop.com\/wp-content\/uploads\/2025\/11\/buy-birth-certificate.jpg\" alt=\"comprar certificado de nacimiento\" class=\"wp-image-142\" srcset=\"https:\/\/buydiplomashop.com\/wp-content\/uploads\/2025\/11\/buy-birth-certificate.jpg 250w, https:\/\/buydiplomashop.com\/wp-content\/uploads\/2025\/11\/buy-birth-certificate-212x300.jpg 212w, https:\/\/buydiplomashop.com\/wp-content\/uploads\/2025\/11\/buy-birth-certificate-8x12.jpg 8w\" sizes=\"auto, (max-width: 250px) 100vw, 250px\" \/><\/figure>\n\n\n\n<hr class=\"wp-block-separator has-alpha-channel-opacity\"\/>\n\n\n\n<h3 class=\"wp-block-heading\">Proporcionamos certificados de nacimiento de varios pa\u00edses<\/h3>\n\n\n\n<p>Ofrecemos <strong>certificado internacional de nacimiento<\/strong> con plantillas y formatos disponibles para varios pa\u00edses y regiones. Nuestros expertos est\u00e1n familiarizados con los estilos y formatos de los documentos regionales, lo que garantiza que su documento cumpla las expectativas locales, ya sea con fines pr\u00e1cticos o de presentaci\u00f3n.<\/p>\n\n\n\n<p>Con vistas a <strong>pedir un certificado de nacimiento en l\u00ednea<\/strong> con fines de viaje, documentaci\u00f3n o verificaci\u00f3n? Lo tenemos cubierto.<\/p>\n\n\n\n<hr class=\"wp-block-separator has-alpha-channel-opacity\"\/>\n\n\n\n<h3 class=\"wp-block-heading\">Servicio de confianza y confidencial<\/h3>\n\n\n\n<p>Miles de clientes han elegido <strong><a class=\"\" href=\"http:\/\/www.BuyDiplomaShop.com\">www.BuyDiplomaShop.com<\/a><\/strong> a <strong>comprar certificados de nacimiento en l\u00ednea<\/strong> de forma segura. Mantenemos estrictos protocolos de privacidad y nunca compartimos su informaci\u00f3n con terceros.<\/p>\n\n\n\n<p>\u2714 100% Confidencial<br>\u2714 Opciones de entrega r\u00e1pida<br>\u2714 Formatos personalizados y espec\u00edficos de cada pa\u00eds<br>\u2714 Atenci\u00f3n al cliente amable<\/p>\n\n\n\n<hr class=\"wp-block-separator has-alpha-channel-opacity\"\/>\n\n\n\n<h2 class=\"wp-block-heading\">\u00bfEst\u00e1 listo para comprar un certificado de nacimiento o una partida de nacimiento sustitutoria?<\/h2>\n\n\n\n<p>No deje que un acta de nacimiento perdida o anticuada le frene. Si necesita <strong>comprar un certificado de nacimiento<\/strong>, Sustituya uno antiguo o solicite uno adicional. <strong>copia certificada del certificado de nacimiento<\/strong>, <strong><a class=\"\" href=\"http:\/\/www.BuyDiplomaShop.com\">www.BuyDiplomaShop.com<\/a><\/strong> es su soluci\u00f3n de confianza.<\/p>\n\n\n\n<p>Toma <a href=\"https:\/\/buydiplomashop.com\/nl\/neem-contact-op-met\/\">p\u00f3ngase en contacto con<\/a> con nosotros y nuestro equipo le dar\u00e1 m\u00e1s informaci\u00f3n.<\/p>","protected":false},"excerpt":{"rendered":"<p>Buy a Birth Certificate Online \u2013 Fast, Secure &amp; Worldwide Delivery At www.BuyDiplomaShop.com, you can buy a birth certificate online quickly and discreetly, no matter where you&#8217;re located. Whether you\u2019ve lost your original, need a duplicate, or require a custom version for specific purposes, our platform makes it easy to order a certified birth certificate&hellip;&nbsp;<a href=\"https:\/\/buydiplomashop.com\/es\/buy-a-birth-certificate\/\" rel=\"bookmark\"><span class=\"screen-reader-text\">Comprar un certificado de nacimiento<\/span><\/a><\/p>","protected":false},"author":1,"featured_media":0,"parent":0,"menu_order":0,"comment_status":"closed","ping_status":"closed","template":"","meta":{"neve_meta_sidebar":"","neve_meta_container":"","neve_meta_enable_content_width":"","neve_meta_content_width":0,"neve_meta_title_alignment":"","neve_meta_author_avatar":"","neve_post_elements_order":"","neve_meta_disable_header":"","neve_meta_disable_footer":"","neve_meta_disable_title":"","footnotes":""},"class_list":["post-135","page","type-page","status-publish","hentry"],"yoast_head":"<!-- This site is optimized with the Yoast SEO plugin v27.5 - https:\/\/yoast.com\/product\/yoast-seo-wordpress\/ -->\n<title>Buy a Birth Certificate - Buy a diploma, certificate and degrees<\/title>\n<meta name=\"description\" content=\"Buy birth certificate online for Europe, America and many more countries. Official birth certificate for sale Telegram, Dark Web online.\" \/>\n<meta name=\"robots\" content=\"index, follow, max-snippet:-1, max-image-preview:large, max-video-preview:-1\" \/>\n<link rel=\"canonical\" href=\"https:\/\/buydiplomashop.com\/es\/comprar-un-certificado-de-nacimiento\/\" \/>\n<meta property=\"og:locale\" content=\"es_ES\" \/>\n<meta property=\"og:type\" content=\"article\" \/>\n<meta property=\"og:title\" content=\"Buy a Birth Certificate - Buy a diploma, certificate and degrees\" \/>\n<meta property=\"og:description\" content=\"Buy birth certificate online for Europe, America and many more countries. Official birth certificate for sale Telegram, Dark Web online.\" \/>\n<meta property=\"og:url\" content=\"https:\/\/buydiplomashop.com\/es\/comprar-un-certificado-de-nacimiento\/\" \/>\n<meta property=\"og:site_name\" content=\"Buy a diploma, certificate and degrees\" \/>\n<meta property=\"article:modified_time\" content=\"2025-11-04T18:53:16+00:00\" \/>\n<meta property=\"og:image\" content=\"https:\/\/buydiplomashop.com\/wp-content\/uploads\/2025\/11\/buy-birth-certificate-online.jpg\" \/>\n\t<meta property=\"og:image:width\" content=\"780\" \/>\n\t<meta property=\"og:image:height\" content=\"480\" \/>\n\t<meta property=\"og:image:type\" content=\"image\/jpeg\" \/>\n<meta name=\"twitter:card\" content=\"summary_large_image\" \/>\n<meta name=\"twitter:label1\" content=\"Tiempo de lectura\" \/>\n\t<meta name=\"twitter:data1\" content=\"3 minutos\" \/>\n<script type=\"application\/ld+json\" class=\"yoast-schema-graph\">{\"@context\":\"https:\\\/\\\/schema.org\",\"@graph\":[{\"@type\":\"WebPage\",\"@id\":\"https:\\\/\\\/buydiplomashop.com\\\/buy-a-birth-certificate\\\/\",\"url\":\"https:\\\/\\\/buydiplomashop.com\\\/buy-a-birth-certificate\\\/\",\"name\":\"Buy a Birth Certificate - Buy a diploma, certificate and degrees\",\"isPartOf\":{\"@id\":\"https:\\\/\\\/buydiplomashop.com\\\/#website\"},\"primaryImageOfPage\":{\"@id\":\"https:\\\/\\\/buydiplomashop.com\\\/buy-a-birth-certificate\\\/#primaryimage\"},\"image\":{\"@id\":\"https:\\\/\\\/buydiplomashop.com\\\/buy-a-birth-certificate\\\/#primaryimage\"},\"thumbnailUrl\":\"https:\\\/\\\/buydiplomashop.com\\\/wp-content\\\/uploads\\\/2025\\\/11\\\/buy-birth-certificate-online.jpg\",\"datePublished\":\"2025-07-25T17:57:02+00:00\",\"dateModified\":\"2025-11-04T18:53:16+00:00\",\"description\":\"Buy birth certificate online for Europe, America and many more countries. Official birth certificate for sale Telegram, Dark Web online.\",\"breadcrumb\":{\"@id\":\"https:\\\/\\\/buydiplomashop.com\\\/buy-a-birth-certificate\\\/#breadcrumb\"},\"inLanguage\":\"es\",\"potentialAction\":[{\"@type\":\"ReadAction\",\"target\":[\"https:\\\/\\\/buydiplomashop.com\\\/buy-a-birth-certificate\\\/\"]}]},{\"@type\":\"ImageObject\",\"inLanguage\":\"es\",\"@id\":\"https:\\\/\\\/buydiplomashop.com\\\/buy-a-birth-certificate\\\/#primaryimage\",\"url\":\"https:\\\/\\\/buydiplomashop.com\\\/wp-content\\\/uploads\\\/2025\\\/11\\\/buy-birth-certificate-online.jpg\",\"contentUrl\":\"https:\\\/\\\/buydiplomashop.com\\\/wp-content\\\/uploads\\\/2025\\\/11\\\/buy-birth-certificate-online.jpg\"},{\"@type\":\"BreadcrumbList\",\"@id\":\"https:\\\/\\\/buydiplomashop.com\\\/buy-a-birth-certificate\\\/#breadcrumb\",\"itemListElement\":[{\"@type\":\"ListItem\",\"position\":1,\"name\":\"Home\",\"item\":\"https:\\\/\\\/buydiplomashop.com\\\/\"},{\"@type\":\"ListItem\",\"position\":2,\"name\":\"Buy a Birth Certificate\"}]},{\"@type\":\"WebSite\",\"@id\":\"https:\\\/\\\/buydiplomashop.com\\\/#website\",\"url\":\"https:\\\/\\\/buydiplomashop.com\\\/\",\"name\":\"Buy a diploma, certificate and degrees\",\"description\":\"Buy a diploma online, certificates, degrees\",\"potentialAction\":[{\"@type\":\"SearchAction\",\"target\":{\"@type\":\"EntryPoint\",\"urlTemplate\":\"https:\\\/\\\/buydiplomashop.com\\\/?s={search_term_string}\"},\"query-input\":{\"@type\":\"PropertyValueSpecification\",\"valueRequired\":true,\"valueName\":\"search_term_string\"}}],\"inLanguage\":\"es\"}]}<\/script>\n<!-- \/ Yoast SEO plugin. -->","yoast_head_json":{"title":"Comprar un certificado de nacimiento - Comprar un diploma, certificado y t\u00edtulos","description":"Comprar certificado de nacimiento online para Europa, Am\u00e9rica y muchos m\u00e1s pa\u00edses. Certificado de nacimiento oficial para la venta Telegrama, Dark Web en l\u00ednea.","robots":{"index":"index","follow":"follow","max-snippet":"max-snippet:-1","max-image-preview":"max-image-preview:large","max-video-preview":"max-video-preview:-1"},"canonical":"https:\/\/buydiplomashop.com\/es\/comprar-un-certificado-de-nacimiento\/","og_locale":"es_ES","og_type":"article","og_title":"Buy a Birth Certificate - Buy a diploma, certificate and degrees","og_description":"Buy birth certificate online for Europe, America and many more countries. Official birth certificate for sale Telegram, Dark Web online.","og_url":"https:\/\/buydiplomashop.com\/es\/comprar-un-certificado-de-nacimiento\/","og_site_name":"Buy a diploma, certificate and degrees","article_modified_time":"2025-11-04T18:53:16+00:00","og_image":[{"width":780,"height":480,"url":"https:\/\/buydiplomashop.com\/wp-content\/uploads\/2025\/11\/buy-birth-certificate-online.jpg","type":"image\/jpeg"}],"twitter_card":"summary_large_image","twitter_misc":{"Tiempo de lectura":"3 minutos"},"schema":{"@context":"https:\/\/schema.org","@graph":[{"@type":"WebPage","@id":"https:\/\/buydiplomashop.com\/buy-a-birth-certificate\/","url":"https:\/\/buydiplomashop.com\/buy-a-birth-certificate\/","name":"Comprar un certificado de nacimiento - Comprar un diploma, certificado y t\u00edtulos","isPartOf":{"@id":"https:\/\/buydiplomashop.com\/#website"},"primaryImageOfPage":{"@id":"https:\/\/buydiplomashop.com\/buy-a-birth-certificate\/#primaryimage"},"image":{"@id":"https:\/\/buydiplomashop.com\/buy-a-birth-certificate\/#primaryimage"},"thumbnailUrl":"https:\/\/buydiplomashop.com\/wp-content\/uploads\/2025\/11\/buy-birth-certificate-online.jpg","datePublished":"2025-07-25T17:57:02+00:00","dateModified":"2025-11-04T18:53:16+00:00","description":"Comprar certificado de nacimiento online para Europa, Am\u00e9rica y muchos m\u00e1s pa\u00edses. Certificado de nacimiento oficial para la venta Telegrama, Dark Web en l\u00ednea.","breadcrumb":{"@id":"https:\/\/buydiplomashop.com\/buy-a-birth-certificate\/#breadcrumb"},"inLanguage":"es","potentialAction":[{"@type":"ReadAction","target":["https:\/\/buydiplomashop.com\/buy-a-birth-certificate\/"]}]},{"@type":"ImageObject","inLanguage":"es","@id":"https:\/\/buydiplomashop.com\/buy-a-birth-certificate\/#primaryimage","url":"https:\/\/buydiplomashop.com\/wp-content\/uploads\/2025\/11\/buy-birth-certificate-online.jpg","contentUrl":"https:\/\/buydiplomashop.com\/wp-content\/uploads\/2025\/11\/buy-birth-certificate-online.jpg"},{"@type":"BreadcrumbList","@id":"https:\/\/buydiplomashop.com\/buy-a-birth-certificate\/#breadcrumb","itemListElement":[{"@type":"ListItem","position":1,"name":"Home","item":"https:\/\/buydiplomashop.com\/"},{"@type":"ListItem","position":2,"name":"Buy a Birth Certificate"}]},{"@type":"WebSite","@id":"https:\/\/buydiplomashop.com\/#website","url":"https:\/\/buydiplomashop.com\/","name":"Comprar un diploma, certificado y t\u00edtulos","description":"Comprar un diploma en l\u00ednea, certificados, t\u00edtulos","potentialAction":[{"@type":"SearchAction","target":{"@type":"EntryPoint","urlTemplate":"https:\/\/buydiplomashop.com\/?s={search_term_string}"},"query-input":{"@type":"PropertyValueSpecification","valueRequired":true,"valueName":"search_term_string"}}],"inLanguage":"es"}]}},"_links":{"self":[{"href":"https:\/\/buydiplomashop.com\/es\/wp-json\/wp\/v2\/pages\/135","targetHints":{"allow":["GET"]}}],"collection":[{"href":"https:\/\/buydiplomashop.com\/es\/wp-json\/wp\/v2\/pages"}],"about":[{"href":"https:\/\/buydiplomashop.com\/es\/wp-json\/wp\/v2\/types\/page"}],"author":[{"embeddable":true,"href":"https:\/\/buydiplomashop.com\/es\/wp-json\/wp\/v2\/users\/1"}],"replies":[{"embeddable":true,"href":"https:\/\/buydiplomashop.com\/es\/wp-json\/wp\/v2\/comments?post=135"}],"version-history":[{"count":5,"href":"https:\/\/buydiplomashop.com\/es\/wp-json\/wp\/v2\/pages\/135\/revisions"}],"predecessor-version":[{"id":146,"href":"https:\/\/buydiplomashop.com\/es\/wp-json\/wp\/v2\/pages\/135\/revisions\/146"}],"wp:attachment":[{"href":"https:\/\/buydiplomashop.com\/es\/wp-json\/wp\/v2\/media?parent=135"}],"curies":[{"name":"wp","href":"https:\/\/api.w.org\/{rel}","templated":true}]}}