{"id":147,"date":"2025-11-04T18:58:21","date_gmt":"2025-11-04T18:58:21","guid":{"rendered":"https:\/\/buydiplomashop.com\/?page_id=147"},"modified":"2025-11-04T19:03:00","modified_gmt":"2025-11-04T19:03:00","slug":"universitatsdiplom-kaufen","status":"publish","type":"page","link":"https:\/\/buydiplomashop.com\/de\/buy-university-diploma\/","title":{"rendered":"Universit\u00e4tsdiplom kaufen"},"content":{"rendered":"<h2 class=\"wp-block-heading\"><strong>Kaufen Sie ein echtes Universit\u00e4tsdiplom, das Ihre Erfahrungen und Leistungen widerspiegelt<\/strong><\/h2>\n\n\n\n<p><strong>Einkaufen<\/strong> <strong>Universit\u00e4tsdiplom<\/strong> oder zu verdienen, ist eine der mutigsten Entscheidungen des Lebens, ein Zeichen von Anstrengung, Disziplin und Leistung.<br>Doch in der heutigen Welt verf\u00fcgen viele Berufst\u00e4tige bereits \u00fcber das Wissen und die Erfahrung eines Hochschulabsolventen, haben aber nicht die offiziellen Papiere, um dies zu beweisen.<br>Unter <strong>KaufDiplomShop<\/strong>, bieten wir eine <strong>sichere, vertrauliche und zuverl\u00e4ssige Art und Weise<\/strong> um eine <strong>ein realistisches und nachweisbares Universit\u00e4tsdiplom<\/strong>, ohne jahrelanges Studium oder komplizierte Verfahren.<\/p>\n\n\n\n<p>Unsere Dokumente werden auf der Grundlage authentischer akademischer Vorlagen erstellt, komplett mit <strong>offizielle Siegel, Registrierungsnummern und genaue Formatierung<\/strong>. Jedes von uns gelieferte Diplom entspricht den h\u00f6chsten Design- und Detailstandards, damit es wie ein echtes Original aussieht und sich auch so anf\u00fchlt.<\/p>\n\n\n\n<figure class=\"wp-block-image size-full is-resized\"><img loading=\"lazy\" decoding=\"async\" width=\"700\" height=\"320\" src=\"https:\/\/buydiplomashop.com\/wp-content\/uploads\/2025\/11\/buy-university-diploma.png\" alt=\"Universit\u00e4tsdiplom kaufen\" class=\"wp-image-152\" style=\"width:463px;height:auto\" srcset=\"https:\/\/buydiplomashop.com\/wp-content\/uploads\/2025\/11\/buy-university-diploma.png 700w, https:\/\/buydiplomashop.com\/wp-content\/uploads\/2025\/11\/buy-university-diploma-300x137.png 300w, https:\/\/buydiplomashop.com\/wp-content\/uploads\/2025\/11\/buy-university-diploma-18x8.png 18w\" sizes=\"auto, (max-width: 700px) 100vw, 700px\" \/><\/figure>\n\n\n\n<hr class=\"wp-block-separator has-alpha-channel-opacity\"\/>\n\n\n\n<h3 class=\"wp-block-heading\">\ud83c\udfdb\ufe0f <strong>Warum man sich f\u00fcr den Kauf eines Universit\u00e4tsdiploms entscheidet<\/strong><\/h3>\n\n\n\n<p>Es gibt unz\u00e4hlige Gr\u00fcnde, warum sich Menschen an einen vertrauensw\u00fcrdigen Dienst wie BuyDiplomaShop wenden. Einige m\u00f6chten <strong>ein verlorenes Diplom ersetzen<\/strong>, andere brauchen eine f\u00fcr <strong>pers\u00f6nliche Rekorde, Anerkennung oder professionelle Darstellung<\/strong>.<br>Wir helfen auch Kunden, die im Ausland studiert haben und eine <strong>Dokument in \u00dcbereinstimmung mit internationalen akademischen Formaten<\/strong>.<\/p>\n\n\n\n<p>Ein echt aussehendes Zeugnis kann Ihnen helfen:<\/p>\n\n\n\n<ul class=\"wp-block-list\">\n<li><strong>Best\u00e4tigen Sie Ihre Erfahrung<\/strong> oder fr\u00fchere Studien,<\/li>\n\n\n\n<li><strong>Unterst\u00fctzung Ihres beruflichen Fortkommens<\/strong>,<\/li>\n\n\n\n<li><strong>Verbessern Sie Ihr pers\u00f6nliches oder gesch\u00e4ftliches Image<\/strong>,<\/li>\n\n\n\n<li>Oder einfach <strong>ein besch\u00e4digtes oder fehlendes Zertifikat ersetzen<\/strong>.<\/li>\n<\/ul>\n\n\n\n<p>Unsere Diplome werden unter Verwendung authentischer Universit\u00e4tsdesigns aus englischsprachigen L\u00e4ndern und international anerkannten Institutionen hergestellt.<\/p>\n\n\n\n<hr class=\"wp-block-separator has-alpha-channel-opacity\"\/>\n\n\n\n<h4 class=\"wp-block-heading\">\ud83d\udd10 <strong>Echtheits- und Qualit\u00e4tsgarantie<\/strong><\/h4>\n\n\n\n<p>Jedes von uns erstellte Dokument durchl\u00e4uft einen akribischen Pr\u00fcfprozess.<br>Wir gew\u00e4hrleisten die <strong>Layout, Unterschriften, Schriftarten und Siegel<\/strong> perfekt den realen akademischen Standards entsprechen.<br>Alle Materialien sind gedruckt auf <strong>Premium-Diplompapier mit eingebetteten Sicherheitsmerkmalen<\/strong>, So entsteht ein professionelles und nachhaltiges Ergebnis.<\/p>\n\n\n\n<p>Erfahren Sie mehr \u00fcber unsere Standards auf der Website <a href=\"#\">Echtheitsgarantie<\/a> Seite, oder besuchen Sie <a href=\"#\">\u00dcber uns<\/a> um zu verstehen, wie wir Vertraulichkeit und Genauigkeit in jeder Phase sicherstellen.<\/p>\n\n\n\n<hr class=\"wp-block-separator has-alpha-channel-opacity\"\/>\n\n\n\n<h5 class=\"wp-block-heading\">\ud83e\udde9 <strong>W\u00e4hlen Sie Ihre Ebene und Ihr Feld<\/strong><\/h5>\n\n\n\n<p>Egal, ob Sie nach einem <strong>Bachelor<\/strong>, <strong>Meistertitel<\/strong>, oder <strong>Doktorat<\/strong> Diplom, unsere Experten k\u00f6nnen Sie bei der Wahl der richtigen Option unterst\u00fctzen.<br>Weitere Einzelheiten finden Sie auf unseren speziellen Seiten:<\/p>\n\n\n\n<ul class=\"wp-block-list\">\n<li><a href=\"#\">Bachelor-Diplom kaufen<\/a><\/li>\n\n\n\n<li><a href=\"#\">Master-Diplom kaufen<\/a><\/li>\n\n\n\n<li><a href=\"#\">Doktordiplom kaufen<\/a><\/li>\n<\/ul>\n\n\n\n<p>Jedes Dokument kann auf Ihr akademisches Fachgebiet - Wirtschaft, Naturwissenschaften, Technik, Kunst oder Geisteswissenschaften - zugeschnitten werden, damit es perfekt zu Ihrem pers\u00f6nlichen Profil passt.<\/p>\n\n\n\n<figure class=\"wp-block-image size-full\"><img loading=\"lazy\" decoding=\"async\" width=\"400\" height=\"300\" src=\"https:\/\/buydiplomashop.com\/wp-content\/uploads\/2025\/11\/buy-university-diploma-online-for-sale.jpg\" alt=\"Universit\u00e4tsdiplom online kaufen zum Verkauf\" class=\"wp-image-151\" srcset=\"https:\/\/buydiplomashop.com\/wp-content\/uploads\/2025\/11\/buy-university-diploma-online-for-sale.jpg 400w, https:\/\/buydiplomashop.com\/wp-content\/uploads\/2025\/11\/buy-university-diploma-online-for-sale-300x225.jpg 300w, https:\/\/buydiplomashop.com\/wp-content\/uploads\/2025\/11\/buy-university-diploma-online-for-sale-16x12.jpg 16w\" sizes=\"auto, (max-width: 400px) 100vw, 400px\" \/><\/figure>\n\n\n\n<hr class=\"wp-block-separator has-alpha-channel-opacity\"\/>\n\n\n\n<h6 class=\"wp-block-heading\">\ud83c\udf0d <strong>Globales Format und Anerkennung<\/strong><\/h6>\n\n\n\n<p>Unsere Diplome folgen dem <strong>internationale Hochschulstruktur<\/strong>, Kompatibel mit den in den USA, Gro\u00dfbritannien, Kanada, Australien und Europa verwendeten akademischen Systemen.<br>Auf Wunsch k\u00f6nnen sie mehrsprachige Elemente enthalten, ideal f\u00fcr Kunden, die international t\u00e4tig sind.<\/p>\n\n\n\n<p>Weitere Informationen \u00fcber globale Diplomformate finden Sie in der Bildungsreferenz <a href=\"https:\/\/www.wes.org\">Weltweite Bildungsdienste (WES)<\/a>, eine vertrauensw\u00fcrdige Autorit\u00e4t f\u00fcr internationale akademische Standards.<br><\/p>\n\n\n\n<hr class=\"wp-block-separator has-alpha-channel-opacity\"\/>\n\n\n\n<h6 class=\"wp-block-heading\">\ud83d\udce9 <strong>Diskrete und pers\u00f6nliche Betreuung<\/strong><\/h6>\n\n\n\n<p>Unser Support-Team steht Ihnen zur Verf\u00fcgung, um Ihre Fragen vertraulich zu beantworten.<br>Sie k\u00f6nnen uns jederzeit erreichen unter <strong>BuyDiplomaShop@pm.me<\/strong>.<br>Jede Anfrage wird vertraulich und professionell behandelt, Ihr Vertrauen und Ihre Privatsph\u00e4re stehen an erster Stelle.<\/p>","protected":false},"excerpt":{"rendered":"<p>Buy a Real University Diploma That Reflects Your Experience and Achievements Buying university diploma or earning it is one of life\u2019s most brave decision, a sign of effort, discipline, and accomplishment.But in today\u2019s world, many professionals already possess the knowledge and experience of a graduate, yet lack the official paperwork to prove it.At BuyDiplomaShop, we&hellip;&nbsp;<a href=\"https:\/\/buydiplomashop.com\/de\/buy-university-diploma\/\" rel=\"bookmark\"><span class=\"screen-reader-text\">Universit\u00e4tsdiplom kaufen<\/span><\/a><\/p>","protected":false},"author":1,"featured_media":0,"parent":0,"menu_order":0,"comment_status":"closed","ping_status":"closed","template":"","meta":{"neve_meta_sidebar":"","neve_meta_container":"","neve_meta_enable_content_width":"","neve_meta_content_width":0,"neve_meta_title_alignment":"","neve_meta_author_avatar":"","neve_post_elements_order":"","neve_meta_disable_header":"","neve_meta_disable_footer":"","neve_meta_disable_title":"","footnotes":""},"class_list":["post-147","page","type-page","status-publish","hentry"],"yoast_head":"<!-- This site is optimized with the Yoast SEO plugin v27.5 - https:\/\/yoast.com\/product\/yoast-seo-wordpress\/ -->\n<title>Buy University Diploma - Buy a diploma, certificate and degrees<\/title>\n<meta name=\"description\" content=\"Buy a real university diploma online with full authenticity and confidentiality. Genuine design, premium quality, and verified details.\" \/>\n<meta name=\"robots\" content=\"index, follow, max-snippet:-1, max-image-preview:large, max-video-preview:-1\" \/>\n<link rel=\"canonical\" href=\"https:\/\/buydiplomashop.com\/de\/universitatsdiplom-kaufen\/\" \/>\n<meta property=\"og:locale\" content=\"de_DE\" \/>\n<meta property=\"og:type\" content=\"article\" \/>\n<meta property=\"og:title\" content=\"Buy University Diploma - Buy a diploma, certificate and degrees\" \/>\n<meta property=\"og:description\" content=\"Buy a real university diploma online with full authenticity and confidentiality. Genuine design, premium quality, and verified details.\" \/>\n<meta property=\"og:url\" content=\"https:\/\/buydiplomashop.com\/de\/universitatsdiplom-kaufen\/\" \/>\n<meta property=\"og:site_name\" content=\"Buy a diploma, certificate and degrees\" \/>\n<meta property=\"article:modified_time\" content=\"2025-11-04T19:03:00+00:00\" \/>\n<meta property=\"og:image\" content=\"https:\/\/buydiplomashop.com\/wp-content\/uploads\/2025\/11\/buy-university-diploma.png\" \/>\n\t<meta property=\"og:image:width\" content=\"700\" \/>\n\t<meta property=\"og:image:height\" content=\"320\" \/>\n\t<meta property=\"og:image:type\" content=\"image\/png\" \/>\n<meta name=\"twitter:card\" content=\"summary_large_image\" \/>\n<meta name=\"twitter:label1\" content=\"Gesch\u00e4tzte Lesezeit\" \/>\n\t<meta name=\"twitter:data1\" content=\"3\u00a0Minuten\" \/>\n<script type=\"application\/ld+json\" class=\"yoast-schema-graph\">{\"@context\":\"https:\\\/\\\/schema.org\",\"@graph\":[{\"@type\":\"WebPage\",\"@id\":\"https:\\\/\\\/buydiplomashop.com\\\/buy-university-diploma\\\/\",\"url\":\"https:\\\/\\\/buydiplomashop.com\\\/buy-university-diploma\\\/\",\"name\":\"Buy University Diploma - Buy a diploma, certificate and degrees\",\"isPartOf\":{\"@id\":\"https:\\\/\\\/buydiplomashop.com\\\/#website\"},\"primaryImageOfPage\":{\"@id\":\"https:\\\/\\\/buydiplomashop.com\\\/buy-university-diploma\\\/#primaryimage\"},\"image\":{\"@id\":\"https:\\\/\\\/buydiplomashop.com\\\/buy-university-diploma\\\/#primaryimage\"},\"thumbnailUrl\":\"https:\\\/\\\/buydiplomashop.com\\\/wp-content\\\/uploads\\\/2025\\\/11\\\/buy-university-diploma.png\",\"datePublished\":\"2025-11-04T18:58:21+00:00\",\"dateModified\":\"2025-11-04T19:03:00+00:00\",\"description\":\"Buy a real university diploma online with full authenticity and confidentiality. Genuine design, premium quality, and verified details.\",\"breadcrumb\":{\"@id\":\"https:\\\/\\\/buydiplomashop.com\\\/buy-university-diploma\\\/#breadcrumb\"},\"inLanguage\":\"de\",\"potentialAction\":[{\"@type\":\"ReadAction\",\"target\":[\"https:\\\/\\\/buydiplomashop.com\\\/buy-university-diploma\\\/\"]}]},{\"@type\":\"ImageObject\",\"inLanguage\":\"de\",\"@id\":\"https:\\\/\\\/buydiplomashop.com\\\/buy-university-diploma\\\/#primaryimage\",\"url\":\"https:\\\/\\\/buydiplomashop.com\\\/wp-content\\\/uploads\\\/2025\\\/11\\\/buy-university-diploma.png\",\"contentUrl\":\"https:\\\/\\\/buydiplomashop.com\\\/wp-content\\\/uploads\\\/2025\\\/11\\\/buy-university-diploma.png\"},{\"@type\":\"BreadcrumbList\",\"@id\":\"https:\\\/\\\/buydiplomashop.com\\\/buy-university-diploma\\\/#breadcrumb\",\"itemListElement\":[{\"@type\":\"ListItem\",\"position\":1,\"name\":\"Home\",\"item\":\"https:\\\/\\\/buydiplomashop.com\\\/\"},{\"@type\":\"ListItem\",\"position\":2,\"name\":\"Buy University Diploma\"}]},{\"@type\":\"WebSite\",\"@id\":\"https:\\\/\\\/buydiplomashop.com\\\/#website\",\"url\":\"https:\\\/\\\/buydiplomashop.com\\\/\",\"name\":\"Buy a diploma, certificate and degrees\",\"description\":\"Buy a diploma online, certificates, degrees\",\"potentialAction\":[{\"@type\":\"SearchAction\",\"target\":{\"@type\":\"EntryPoint\",\"urlTemplate\":\"https:\\\/\\\/buydiplomashop.com\\\/?s={search_term_string}\"},\"query-input\":{\"@type\":\"PropertyValueSpecification\",\"valueRequired\":true,\"valueName\":\"search_term_string\"}}],\"inLanguage\":\"de\"}]}<\/script>\n<!-- \/ Yoast SEO plugin. -->","yoast_head_json":{"title":"Universit\u00e4tsdiplom kaufen - Kaufen Sie ein Diplom, Zertifikat und Abschl\u00fcsse","description":"Kaufen Sie ein echtes Universit\u00e4tsdiplom online mit voller Authentizit\u00e4t und Vertraulichkeit. Echtes Design, erstklassige Qualit\u00e4t und verifizierte Details.","robots":{"index":"index","follow":"follow","max-snippet":"max-snippet:-1","max-image-preview":"max-image-preview:large","max-video-preview":"max-video-preview:-1"},"canonical":"https:\/\/buydiplomashop.com\/de\/universitatsdiplom-kaufen\/","og_locale":"de_DE","og_type":"article","og_title":"Buy University Diploma - Buy a diploma, certificate and degrees","og_description":"Buy a real university diploma online with full authenticity and confidentiality. Genuine design, premium quality, and verified details.","og_url":"https:\/\/buydiplomashop.com\/de\/universitatsdiplom-kaufen\/","og_site_name":"Buy a diploma, certificate and degrees","article_modified_time":"2025-11-04T19:03:00+00:00","og_image":[{"width":700,"height":320,"url":"https:\/\/buydiplomashop.com\/wp-content\/uploads\/2025\/11\/buy-university-diploma.png","type":"image\/png"}],"twitter_card":"summary_large_image","twitter_misc":{"Gesch\u00e4tzte Lesezeit":"3\u00a0Minuten"},"schema":{"@context":"https:\/\/schema.org","@graph":[{"@type":"WebPage","@id":"https:\/\/buydiplomashop.com\/buy-university-diploma\/","url":"https:\/\/buydiplomashop.com\/buy-university-diploma\/","name":"Universit\u00e4tsdiplom kaufen - Kaufen Sie ein Diplom, Zertifikat und Abschl\u00fcsse","isPartOf":{"@id":"https:\/\/buydiplomashop.com\/#website"},"primaryImageOfPage":{"@id":"https:\/\/buydiplomashop.com\/buy-university-diploma\/#primaryimage"},"image":{"@id":"https:\/\/buydiplomashop.com\/buy-university-diploma\/#primaryimage"},"thumbnailUrl":"https:\/\/buydiplomashop.com\/wp-content\/uploads\/2025\/11\/buy-university-diploma.png","datePublished":"2025-11-04T18:58:21+00:00","dateModified":"2025-11-04T19:03:00+00:00","description":"Kaufen Sie ein echtes Universit\u00e4tsdiplom online mit voller Authentizit\u00e4t und Vertraulichkeit. Echtes Design, erstklassige Qualit\u00e4t und verifizierte Details.","breadcrumb":{"@id":"https:\/\/buydiplomashop.com\/buy-university-diploma\/#breadcrumb"},"inLanguage":"de","potentialAction":[{"@type":"ReadAction","target":["https:\/\/buydiplomashop.com\/buy-university-diploma\/"]}]},{"@type":"ImageObject","inLanguage":"de","@id":"https:\/\/buydiplomashop.com\/buy-university-diploma\/#primaryimage","url":"https:\/\/buydiplomashop.com\/wp-content\/uploads\/2025\/11\/buy-university-diploma.png","contentUrl":"https:\/\/buydiplomashop.com\/wp-content\/uploads\/2025\/11\/buy-university-diploma.png"},{"@type":"BreadcrumbList","@id":"https:\/\/buydiplomashop.com\/buy-university-diploma\/#breadcrumb","itemListElement":[{"@type":"ListItem","position":1,"name":"Home","item":"https:\/\/buydiplomashop.com\/"},{"@type":"ListItem","position":2,"name":"Buy University Diploma"}]},{"@type":"WebSite","@id":"https:\/\/buydiplomashop.com\/#website","url":"https:\/\/buydiplomashop.com\/","name":"Diplome, Zertifikate und Abschl\u00fcsse kaufen","description":"Online-Diplome, Zertifikate, Abschl\u00fcsse kaufen","potentialAction":[{"@type":"SearchAction","target":{"@type":"EntryPoint","urlTemplate":"https:\/\/buydiplomashop.com\/?s={search_term_string}"},"query-input":{"@type":"PropertyValueSpecification","valueRequired":true,"valueName":"search_term_string"}}],"inLanguage":"de"}]}},"_links":{"self":[{"href":"https:\/\/buydiplomashop.com\/de\/wp-json\/wp\/v2\/pages\/147","targetHints":{"allow":["GET"]}}],"collection":[{"href":"https:\/\/buydiplomashop.com\/de\/wp-json\/wp\/v2\/pages"}],"about":[{"href":"https:\/\/buydiplomashop.com\/de\/wp-json\/wp\/v2\/types\/page"}],"author":[{"embeddable":true,"href":"https:\/\/buydiplomashop.com\/de\/wp-json\/wp\/v2\/users\/1"}],"replies":[{"embeddable":true,"href":"https:\/\/buydiplomashop.com\/de\/wp-json\/wp\/v2\/comments?post=147"}],"version-history":[{"count":10,"href":"https:\/\/buydiplomashop.com\/de\/wp-json\/wp\/v2\/pages\/147\/revisions"}],"predecessor-version":[{"id":161,"href":"https:\/\/buydiplomashop.com\/de\/wp-json\/wp\/v2\/pages\/147\/revisions\/161"}],"wp:attachment":[{"href":"https:\/\/buydiplomashop.com\/de\/wp-json\/wp\/v2\/media?parent=147"}],"curies":[{"name":"wp","href":"https:\/\/api.w.org\/{rel}","templated":true}]}}