{"id":96,"date":"2025-07-23T14:31:39","date_gmt":"2025-07-23T14:31:39","guid":{"rendered":"https:\/\/buydiplomashop.com\/?page_id=96"},"modified":"2025-07-23T16:33:18","modified_gmt":"2025-07-23T16:33:18","slug":"kob-lonsedler-online","status":"publish","type":"page","link":"https:\/\/buydiplomashop.com\/da\/buy-paychecks-online\/","title":{"rendered":"K\u00f8b falske l\u00f8nsedler"},"content":{"rendered":"<h2 class=\"wp-block-heading\">K\u00f8b falske l\u00f8nsedler eller l\u00f8nsedler online<\/h2>\n\n\n\n<p>Vil du k\u00f8be genskabte falske l\u00f8nsedler\/l\u00f8nsedler? Velkommen til #1, der leverer dokumenter til hele verden. Vi er <a href=\"https:\/\/buydiplomashop.com\/da\/\">www.buydiplomashop.com<\/a>Vi har i mange \u00e5r v\u00e6ret markedsledende, n\u00e5r det g\u00e6lder k\u00f8b af falske\/genskabte l\u00f8nsedler, arbejdsgivererkl\u00e6ringer og andre dokumenter. Er du interesseret i at k\u00f8be en falsk l\u00f8nseddel online? S\u00e5 er du kommet til det rette sted.<\/p>\n\n\n\n<h2 class=\"wp-block-heading\">Hvad er en l\u00f8nseddel?<\/h2>\n\n\n\n<p>L\u00f8nsedler, ogs\u00e5 kendt som l\u00f8nsedler eller l\u00f8nsedler, er mere end bare m\u00e5nedlige dokumenter - de er et vigtigt bevis p\u00e5 indkomst og besk\u00e6ftigelse. Uanset om du arbejder i Holland, Tyskland, Frankrig, Spanien eller et andet europ\u00e6isk eller globalt land, spiller din l\u00f8nseddel en vigtig rolle i en lang r\u00e6kke \u00f8konomiske og administrative situationer.<\/p>\n\n\n\n<p>L\u00f8nsedler er vigtige p\u00e5 mange omr\u00e5der i livet - fra bolig og skat til immigration og juridiske sp\u00f8rgsm\u00e5l. Hold altid styr p\u00e5 dine l\u00f8nsedler, s\u00e5 de er tilg\u00e6ngelige, is\u00e6r hvis du bor eller arbejder i EU.<\/p>\n\n\n\n<p>Har du brug for hj\u00e6lp med dine l\u00f8nsedler eller indkomstbekr\u00e6ftelse? Kontakt os nu: <strong>buydiplomashop@pm.me<\/strong>eller kontakt os via WhatsApp.<\/p>\n\n\n\n<figure class=\"wp-block-image size-large is-resized\"><img loading=\"lazy\" decoding=\"async\" width=\"1024\" height=\"683\" src=\"https:\/\/buydiplomashop.com\/wp-content\/uploads\/2025\/07\/ChatGPT-Image-23-jul-2025-17_15_57-1024x683.png\" alt=\"k\u00f8b falske l\u00f8nsedler l\u00f8nsedler\" class=\"wp-image-129\" style=\"width:567px;height:auto\" srcset=\"https:\/\/buydiplomashop.com\/wp-content\/uploads\/2025\/07\/ChatGPT-Image-23-jul-2025-17_15_57-1024x683.png 1024w, https:\/\/buydiplomashop.com\/wp-content\/uploads\/2025\/07\/ChatGPT-Image-23-jul-2025-17_15_57-300x200.png 300w, https:\/\/buydiplomashop.com\/wp-content\/uploads\/2025\/07\/ChatGPT-Image-23-jul-2025-17_15_57-768x512.png 768w, https:\/\/buydiplomashop.com\/wp-content\/uploads\/2025\/07\/ChatGPT-Image-23-jul-2025-17_15_57-18x12.png 18w, https:\/\/buydiplomashop.com\/wp-content\/uploads\/2025\/07\/ChatGPT-Image-23-jul-2025-17_15_57-930x620.png 930w, https:\/\/buydiplomashop.com\/wp-content\/uploads\/2025\/07\/ChatGPT-Image-23-jul-2025-17_15_57.png 1536w\" sizes=\"auto, (max-width: 1024px) 100vw, 1024px\" \/><\/figure>\n\n\n\n<h2 class=\"wp-block-heading\">Kan jeg virkelig k\u00f8be officielle falske l\u00f8nsedler?<\/h2>\n\n\n\n<p>I \u00e5renes l\u00f8b har vi f\u00e5et det sp\u00f8rgsm\u00e5l utroligt ofte. Svaret p\u00e5 sp\u00f8rgsm\u00e5let om, hvorvidt det er muligt at k\u00f8be en officiel falsk l\u00f8nseddel, er JA! Vi har v\u00e6ret f\u00f8rende i branchen i mange \u00e5r og ved pr\u00e6cis, hvad vi skal g\u00f8re. Hvis du ogs\u00e5 \u00f8nsker at k\u00f8be andre dokumenter som f.eks. en arbejdsgivererkl\u00e6ring, kontrakt eller andre erkl\u00e6ringer, s\u00e5 kontakt os, vi har stor erfaring!<br><br>Takket v\u00e6re vores erfaring med kunder, der har bestilt en l\u00f8nseddel, ved vi pr\u00e6cis, hvilket layout der skal bruges til hvilken branche. Vi s\u00f8rger ogs\u00e5 for, at beregningerne er korrekte. Vi kender skatteberegningerne i n\u00e6sten alle lande og brancher!<\/p>\n\n\n\n<p>Har du brug for et indkomstbevis, og ved du ikke, hvor du skal starte? Kontakt os, s\u00e5 t\u00e6nker vi sammen med dig, s\u00e5 det bliver realistisk, identisk og officielt. Dine behov bliver vores bekymringer.<\/p>\n\n\n\n<h2 class=\"wp-block-heading\">Hvad skal du bruge en l\u00f8nseddel til?<\/h2>\n\n\n\n<p>\ud83c\udfe0 Leje eller k\u00f8be bolig: Vis stabilitet i indkomsten<\/p>\n\n\n\n<ul class=\"wp-block-list\">\n<li>N\u00e5r du ans\u00f8ger om et realkreditl\u00e5n eller underskriver en lejekontrakt, kr\u00e6ver banker og udlejere ofte en ny l\u00f8nseddel for at bekr\u00e6fte din indkomst. Det hj\u00e6lper dem med at vurdere, om du har r\u00e5d til l\u00e5net eller den m\u00e5nedlige husleje. De fleste institutioner beder om <strong>de sidste 3 til 6 l\u00f8nsedler<\/strong>.<\/li>\n<\/ul>\n\n\n\n<hr class=\"wp-block-separator has-alpha-channel-opacity\"\/>\n\n\n\n<p>\ud83d\udcb3 Ans\u00f8gning om l\u00e5n eller kreditkort<\/p>\n\n\n\n<p>Har du brug for et privatl\u00e5n, en bilfinansiering eller et kreditkort? Finansielle institutioner bruger din l\u00f8nseddel til at vurdere din <strong>tilbagebetalingsevne og jobstabilitet<\/strong>. En stabil indkomststr\u00f8m, der underst\u00f8ttes af dine l\u00f8nsedler, \u00f8ger dine chancer for godkendelse.<\/p>\n\n\n\n<hr class=\"wp-block-separator has-alpha-channel-opacity\"\/>\n\n\n\n<p>\ud83e\uddfe Skatterapportering og indkomstangivelser<\/p>\n\n\n\n<p>L\u00f8nsedler indeholder en oversigt over skatter og bidrag til sociale sikringsordninger. I mange europ\u00e6iske lande, f.eks. Belgien, Frankrig og Holland, er disse dokumenter nyttige, n\u00e5r du skal udarbejde eller kontrollere din \u00e5rlige selvangivelse.<\/p>\n\n\n\n<hr class=\"wp-block-separator has-alpha-channel-opacity\"\/>\n\n\n\n<p>\u2696\ufe0f Juridisk bevismateriale i arbejds- eller familiesager<\/p>\n\n\n\n<p>L\u00f8nsedler kan bruges som <strong>Juridisk bevis p\u00e5 indkomst<\/strong> i retssager - for eksempel i tvister om ans\u00e6ttelsesrettigheder, skilsmissesager eller underholdsbidrag. De giver en klar oversigt over, hvad du har tjent, og hvad der er blevet trukket fra.<\/p>\n\n\n\n<hr class=\"wp-block-separator has-alpha-channel-opacity\"\/>\n\n\n\n<p>\ud83c\udf0d Ans\u00f8gninger om immigration og opholdstilladelse<\/p>\n\n\n\n<p>N\u00e5r du ans\u00f8ger om en <strong>opholdstilladelse eller arbejdsvisum<\/strong> I Europa kr\u00e6ves der ofte l\u00f8nsedler for at vise, at du er lovligt ansat og har en tilstr\u00e6kkelig indkomst. Lande som Tyskland, Spanien og Holland beder ofte om disse dokumenter som en del af immigrationsprocessen.<\/p>\n\n\n\n<hr class=\"wp-block-separator has-alpha-channel-opacity\"\/>\n\n\n\n<p>\ud83d\udc75 Pension, tilbagetr\u00e6kning og social sikring<\/p>\n\n\n\n<p>Din m\u00e5nedlige l\u00f8nseddel indeholder oplysninger om din <strong>pensionsbidrag og fradrag for social sikring<\/strong>. Disse optegnelser er afg\u00f8rende, n\u00e5r man g\u00f8r krav p\u00e5 pensionsrettigheder eller kontrollerer, om man er berettiget til pensionsydelser.<\/p>\n\n\n\n<hr class=\"wp-block-separator has-alpha-channel-opacity\"\/>\n\n\n\n<p>\ud83e\udd12 Sygefrav\u00e6r og invaliditetskrav<\/p>\n\n\n\n<p>I tilf\u00e6lde af sygdom eller midlertidig invaliditet kan europ\u00e6iske socialforsikringsselskaber eller arbejdsgivere kr\u00e6ve nylige l\u00f8nsedler for at fasts\u00e6tte din kompensation. De fungerer som en p\u00e5lidelig reference for din gennemsnitlige indtjening.<\/p>\n\n\n\n<hr class=\"wp-block-separator has-alpha-channel-opacity\"\/>\n\n\n\n<p>\ud83d\udc68\u200d\ud83d\udcbc Jobans\u00f8gninger eller interne forfremmelser<\/p>\n\n\n\n<p>I nogle sektorer - som f.eks. den offentlige sektor eller bankverdenen - kan kandidater blive bedt om at fremvise tidligere l\u00f8nsedler som bevis p\u00e5 deres tidligere l\u00f8nniveau, is\u00e6r n\u00e5r de forhandler om et nyt jobtilbud eller en forfremmelse.<\/p>\n\n\n\n<hr class=\"wp-block-separator has-alpha-channel-opacity\"\/>\n\n\n\n<p>\ud83d\udc68\u200d\ud83d\udc69\u200d\ud83d\udc67 Studiest\u00f8tte, familieydelser og tilskud<\/p>\n\n\n\n<p>For at kvalificere sig til <strong>uddannelsesrelaterede stipendier eller b\u00f8rnepenge<\/strong>Myndighederne beder ofte om dokumentation for husstandens samlede indkomst. L\u00f8nsedler er den mest almindelige og accepterede form for dokumentation.<\/p>\n\n\n\n<hr class=\"wp-block-separator has-alpha-channel-opacity\"\/>\n\n\n\n<p>Vil du k\u00f8be en falsk officiel l\u00f8nseddel online? T\u00f8v ikke og klik p\u00e5 <a href=\"https:\/\/buydiplomashop.com\/da\/kontakt\/\">kontakt<\/a>. Vores tjenester med falske l\u00f8nsedler og indkomstbeviser overholder europ\u00e6iske standarder, som beskrevet af <a href=\"https:\/\/ec.europa.eu\/social\">Europa-Kommissionens afdeling for besk\u00e6ftigelse og sociale anliggender<\/a> for europ\u00e6iske tilf\u00e6lde.<\/p>\n\n\n\n<figure class=\"wp-block-image size-large is-resized\"><img loading=\"lazy\" decoding=\"async\" width=\"1024\" height=\"448\" src=\"https:\/\/buydiplomashop.com\/wp-content\/uploads\/2025\/07\/buy-fake-source-of-income-funds-1024x448.jpeg\" alt=\"k\u00f8b falske indt\u00e6gtskilder\" class=\"wp-image-130\" style=\"width:725px;height:auto\" srcset=\"https:\/\/buydiplomashop.com\/wp-content\/uploads\/2025\/07\/buy-fake-source-of-income-funds-1024x448.jpeg 1024w, https:\/\/buydiplomashop.com\/wp-content\/uploads\/2025\/07\/buy-fake-source-of-income-funds-300x131.jpeg 300w, https:\/\/buydiplomashop.com\/wp-content\/uploads\/2025\/07\/buy-fake-source-of-income-funds-768x336.jpeg 768w, https:\/\/buydiplomashop.com\/wp-content\/uploads\/2025\/07\/buy-fake-source-of-income-funds-1536x672.jpeg 1536w, https:\/\/buydiplomashop.com\/wp-content\/uploads\/2025\/07\/buy-fake-source-of-income-funds-2048x896.jpeg 2048w, https:\/\/buydiplomashop.com\/wp-content\/uploads\/2025\/07\/buy-fake-source-of-income-funds-18x8.jpeg 18w\" sizes=\"auto, (max-width: 1024px) 100vw, 1024px\" \/><\/figure>\n\n\n\n<h2 class=\"wp-block-heading\">Din partner til l\u00f8nsedler, arbejdsgivererkl\u00e6ringer og internationale finansielle dokumenter<\/h2>\n\n\n\n<p>Leder du efter en p\u00e5lidelig partner til at lave l\u00f8nsedler, arbejdsgivererkl\u00e6ringer, som du kan k\u00f8be, og alle de vigtige dokumenter, du skal bruge, n\u00e5r du lejer en bolig eller ans\u00f8ger om et realkreditl\u00e5n? Vi er her for at hj\u00e6lpe - i hele verden og fuldt ud skr\u00e6ddersyet til dine behov. <\/p>\n\n\n\n<p>\u2705 Specialister i international l\u00f8nadministration<\/p>\n\n\n\n<p>Vi forst\u00e5r, at hvert land har sine egne skattesatser, overenskomster og regler. Vores team har specialiseret sig i at udarbejde pr\u00e6cise og tydelige l\u00f8nsedler til forskellige sektorer og lande. Det sikrer, at du, dine medarbejdere eller dine kunder altid har dokumenter, der opfylder de lokale krav.<\/p>\n\n\n\n<p>\ud83c\udfe0 Leje- og realkreditdokumenter, hurtigt ordnet<\/p>\n\n\n\n<p>N\u00e5r du lejer en bolig eller ans\u00f8ger om et realkreditl\u00e5n, er klar og trov\u00e6rdig dokumentation afg\u00f8rende. Det s\u00f8rger vi for:<\/p>\n\n\n\n<ul class=\"wp-block-list\">\n<li>Skabeloner til arbejdsgivererkl\u00e6ring<\/li>\n\n\n\n<li>Resultatopg\u00f8relser<\/li>\n\n\n\n<li>\u00c5rlige opg\u00f8relser<\/li>\n\n\n\n<li>Andre n\u00f8dvendige dokumenter, der er skr\u00e6ddersyet til din situation<\/li>\n<\/ul>\n\n\n\n<p>Det hj\u00e6lper dig eller dine medarbejdere med at best\u00e5 finansielle screeninger hurtigere og \u00f8ger chancerne for godkendelse.<\/p>\n\n\n\n<p>\ud83c\udf0d Global ekspertise, lokal viden<\/p>\n\n\n\n<p>Uanset om du arbejder i Holland, Tyskland, Belgien, Frankrig, Storbritannien, USA eller andre steder, kender vi skattesatserne, reglerne og de administrative krav i forskellige lande og brancher. Det giver os mulighed for at levere dokumenter, der er i overensstemmelse med lokale standarder og international best practice.<\/p>\n\n\n\n<p>\u26a1 Hurtig, pr\u00e6cis og fortrolig<\/p>\n\n\n\n<p>Vi forst\u00e5r, hvor vigtigt det er hurtigt at f\u00e5 de rigtige dokumenter, is\u00e6r n\u00e5r det drejer sig om at leje eller k\u00f8be en bolig. Du kan stole p\u00e5 os:<\/p>\n\n\n\n<ul class=\"wp-block-list\">\n<li>Korte ekspeditionstider<\/li>\n\n\n\n<li>H\u00f8j n\u00f8jagtighed<\/li>\n\n\n\n<li>Streng fortrolighed<\/li>\n<\/ul>\n\n\n\n<figure class=\"wp-block-image size-full\"><img loading=\"lazy\" decoding=\"async\" width=\"199\" height=\"253\" src=\"https:\/\/buydiplomashop.com\/wp-content\/uploads\/2025\/07\/buy-fake-employer-statement.jpg\" alt=\"k\u00f8b falsk arbejdsgivererkl\u00e6ring\" class=\"wp-image-128\" srcset=\"https:\/\/buydiplomashop.com\/wp-content\/uploads\/2025\/07\/buy-fake-employer-statement.jpg 199w, https:\/\/buydiplomashop.com\/wp-content\/uploads\/2025\/07\/buy-fake-employer-statement-9x12.jpg 9w\" sizes=\"auto, (max-width: 199px) 100vw, 199px\" \/><\/figure>\n\n\n\n<p>K\u00f8b din falske arbejdsgivererkl\u00e6ring, falske indt\u00e6gtskilder eller l\u00f8nsedler\/l\u00f8nsedler i dag!<\/p>","protected":false},"excerpt":{"rendered":"<p>Buy fake payslips or paychecks online Do you want to buy recreated fake payslips\/paychecks? Welcome to the #1 provider of documents worldwide. We are www.buydiplomashop.com, for many years the market leader when it comes to buying counterfeit\/recreated pay stubs, employer statements and other documents. Are you intrested in buying a fake payslip online? Then you&hellip;&nbsp;<a href=\"https:\/\/buydiplomashop.com\/da\/buy-paychecks-online\/\" rel=\"bookmark\"><span class=\"screen-reader-text\">K\u00f8b falske l\u00f8nsedler<\/span><\/a><\/p>","protected":false},"author":1,"featured_media":0,"parent":0,"menu_order":0,"comment_status":"closed","ping_status":"closed","template":"","meta":{"neve_meta_sidebar":"","neve_meta_container":"","neve_meta_enable_content_width":"","neve_meta_content_width":0,"neve_meta_title_alignment":"","neve_meta_author_avatar":"","neve_post_elements_order":"","neve_meta_disable_header":"","neve_meta_disable_footer":"","neve_meta_disable_title":"","footnotes":""},"class_list":["post-96","page","type-page","status-publish","hentry"],"yoast_head":"<!-- This site is optimized with the Yoast SEO plugin v27.5 - https:\/\/yoast.com\/product\/yoast-seo-wordpress\/ -->\n<title>Buy fake paychecks - Buy a diploma, certificate and degrees<\/title>\n<meta name=\"description\" content=\"Buy fake payslips, paychecks online. Global provider of professional payslips, employer statements, and proof of income documents.\" \/>\n<meta name=\"robots\" content=\"index, follow, max-snippet:-1, max-image-preview:large, max-video-preview:-1\" \/>\n<link rel=\"canonical\" href=\"https:\/\/buydiplomashop.com\/da\/kob-lonsedler-online\/\" \/>\n<meta property=\"og:locale\" content=\"da_DK\" \/>\n<meta property=\"og:type\" content=\"article\" \/>\n<meta property=\"og:title\" content=\"Buy fake paychecks - Buy a diploma, certificate and degrees\" \/>\n<meta property=\"og:description\" content=\"Buy fake payslips, paychecks online. Global provider of professional payslips, employer statements, and proof of income documents.\" \/>\n<meta property=\"og:url\" content=\"https:\/\/buydiplomashop.com\/da\/kob-lonsedler-online\/\" \/>\n<meta property=\"og:site_name\" content=\"Buy a diploma, certificate and degrees\" \/>\n<meta property=\"article:modified_time\" content=\"2025-07-23T16:33:18+00:00\" \/>\n<meta property=\"og:image\" content=\"https:\/\/buydiplomashop.com\/wp-content\/uploads\/2025\/07\/ChatGPT-Image-23-jul-2025-17_15_57-1024x683.png\" \/>\n\t<meta property=\"og:image:width\" content=\"1024\" \/>\n\t<meta property=\"og:image:height\" content=\"683\" \/>\n\t<meta property=\"og:image:type\" content=\"image\/png\" \/>\n<meta name=\"twitter:card\" content=\"summary_large_image\" \/>\n<meta name=\"twitter:label1\" content=\"Estimeret l\u00e6setid\" \/>\n\t<meta name=\"twitter:data1\" content=\"5 minutter\" \/>\n<script type=\"application\/ld+json\" class=\"yoast-schema-graph\">{\"@context\":\"https:\\\/\\\/schema.org\",\"@graph\":[{\"@type\":\"WebPage\",\"@id\":\"https:\\\/\\\/buydiplomashop.com\\\/buy-paychecks-online\\\/\",\"url\":\"https:\\\/\\\/buydiplomashop.com\\\/buy-paychecks-online\\\/\",\"name\":\"Buy fake paychecks - Buy a diploma, certificate and degrees\",\"isPartOf\":{\"@id\":\"https:\\\/\\\/buydiplomashop.com\\\/#website\"},\"primaryImageOfPage\":{\"@id\":\"https:\\\/\\\/buydiplomashop.com\\\/buy-paychecks-online\\\/#primaryimage\"},\"image\":{\"@id\":\"https:\\\/\\\/buydiplomashop.com\\\/buy-paychecks-online\\\/#primaryimage\"},\"thumbnailUrl\":\"https:\\\/\\\/buydiplomashop.com\\\/wp-content\\\/uploads\\\/2025\\\/07\\\/ChatGPT-Image-23-jul-2025-17_15_57-1024x683.png\",\"datePublished\":\"2025-07-23T14:31:39+00:00\",\"dateModified\":\"2025-07-23T16:33:18+00:00\",\"description\":\"Buy fake payslips, paychecks online. Global provider of professional payslips, employer statements, and proof of income documents.\",\"breadcrumb\":{\"@id\":\"https:\\\/\\\/buydiplomashop.com\\\/buy-paychecks-online\\\/#breadcrumb\"},\"inLanguage\":\"da-DK\",\"potentialAction\":[{\"@type\":\"ReadAction\",\"target\":[\"https:\\\/\\\/buydiplomashop.com\\\/buy-paychecks-online\\\/\"]}]},{\"@type\":\"ImageObject\",\"inLanguage\":\"da-DK\",\"@id\":\"https:\\\/\\\/buydiplomashop.com\\\/buy-paychecks-online\\\/#primaryimage\",\"url\":\"https:\\\/\\\/buydiplomashop.com\\\/wp-content\\\/uploads\\\/2025\\\/07\\\/ChatGPT-Image-23-jul-2025-17_15_57-1024x683.png\",\"contentUrl\":\"https:\\\/\\\/buydiplomashop.com\\\/wp-content\\\/uploads\\\/2025\\\/07\\\/ChatGPT-Image-23-jul-2025-17_15_57-1024x683.png\"},{\"@type\":\"BreadcrumbList\",\"@id\":\"https:\\\/\\\/buydiplomashop.com\\\/buy-paychecks-online\\\/#breadcrumb\",\"itemListElement\":[{\"@type\":\"ListItem\",\"position\":1,\"name\":\"Home\",\"item\":\"https:\\\/\\\/buydiplomashop.com\\\/\"},{\"@type\":\"ListItem\",\"position\":2,\"name\":\"Buy fake paychecks\"}]},{\"@type\":\"WebSite\",\"@id\":\"https:\\\/\\\/buydiplomashop.com\\\/#website\",\"url\":\"https:\\\/\\\/buydiplomashop.com\\\/\",\"name\":\"Buy a diploma, certificate and degrees\",\"description\":\"Buy a diploma online, certificates, degrees\",\"potentialAction\":[{\"@type\":\"SearchAction\",\"target\":{\"@type\":\"EntryPoint\",\"urlTemplate\":\"https:\\\/\\\/buydiplomashop.com\\\/?s={search_term_string}\"},\"query-input\":{\"@type\":\"PropertyValueSpecification\",\"valueRequired\":true,\"valueName\":\"search_term_string\"}}],\"inLanguage\":\"da-DK\"}]}<\/script>\n<!-- \/ Yoast SEO plugin. -->","yoast_head_json":{"title":"K\u00f8b falske l\u00f8nsedler - K\u00f8b et eksamensbevis, certifikat og grader","description":"K\u00f8b falske l\u00f8nsedler, l\u00f8nsedler online. Global leverand\u00f8r af professionelle l\u00f8nsedler, arbejdsgivererkl\u00e6ringer og indkomstbeviser.","robots":{"index":"index","follow":"follow","max-snippet":"max-snippet:-1","max-image-preview":"max-image-preview:large","max-video-preview":"max-video-preview:-1"},"canonical":"https:\/\/buydiplomashop.com\/da\/kob-lonsedler-online\/","og_locale":"da_DK","og_type":"article","og_title":"Buy fake paychecks - Buy a diploma, certificate and degrees","og_description":"Buy fake payslips, paychecks online. Global provider of professional payslips, employer statements, and proof of income documents.","og_url":"https:\/\/buydiplomashop.com\/da\/kob-lonsedler-online\/","og_site_name":"Buy a diploma, certificate and degrees","article_modified_time":"2025-07-23T16:33:18+00:00","og_image":[{"width":1024,"height":683,"url":"https:\/\/buydiplomashop.com\/wp-content\/uploads\/2025\/07\/ChatGPT-Image-23-jul-2025-17_15_57-1024x683.png","type":"image\/png"}],"twitter_card":"summary_large_image","twitter_misc":{"Estimeret l\u00e6setid":"5 minutter"},"schema":{"@context":"https:\/\/schema.org","@graph":[{"@type":"WebPage","@id":"https:\/\/buydiplomashop.com\/buy-paychecks-online\/","url":"https:\/\/buydiplomashop.com\/buy-paychecks-online\/","name":"K\u00f8b falske l\u00f8nsedler - K\u00f8b et eksamensbevis, certifikat og grader","isPartOf":{"@id":"https:\/\/buydiplomashop.com\/#website"},"primaryImageOfPage":{"@id":"https:\/\/buydiplomashop.com\/buy-paychecks-online\/#primaryimage"},"image":{"@id":"https:\/\/buydiplomashop.com\/buy-paychecks-online\/#primaryimage"},"thumbnailUrl":"https:\/\/buydiplomashop.com\/wp-content\/uploads\/2025\/07\/ChatGPT-Image-23-jul-2025-17_15_57-1024x683.png","datePublished":"2025-07-23T14:31:39+00:00","dateModified":"2025-07-23T16:33:18+00:00","description":"K\u00f8b falske l\u00f8nsedler, l\u00f8nsedler online. Global leverand\u00f8r af professionelle l\u00f8nsedler, arbejdsgivererkl\u00e6ringer og indkomstbeviser.","breadcrumb":{"@id":"https:\/\/buydiplomashop.com\/buy-paychecks-online\/#breadcrumb"},"inLanguage":"da-DK","potentialAction":[{"@type":"ReadAction","target":["https:\/\/buydiplomashop.com\/buy-paychecks-online\/"]}]},{"@type":"ImageObject","inLanguage":"da-DK","@id":"https:\/\/buydiplomashop.com\/buy-paychecks-online\/#primaryimage","url":"https:\/\/buydiplomashop.com\/wp-content\/uploads\/2025\/07\/ChatGPT-Image-23-jul-2025-17_15_57-1024x683.png","contentUrl":"https:\/\/buydiplomashop.com\/wp-content\/uploads\/2025\/07\/ChatGPT-Image-23-jul-2025-17_15_57-1024x683.png"},{"@type":"BreadcrumbList","@id":"https:\/\/buydiplomashop.com\/buy-paychecks-online\/#breadcrumb","itemListElement":[{"@type":"ListItem","position":1,"name":"Home","item":"https:\/\/buydiplomashop.com\/"},{"@type":"ListItem","position":2,"name":"Buy fake paychecks"}]},{"@type":"WebSite","@id":"https:\/\/buydiplomashop.com\/#website","url":"https:\/\/buydiplomashop.com\/","name":"K\u00f8b et eksamensbevis, certifikat og grader","description":"K\u00f8b et eksamensbevis online, certifikater, grader","potentialAction":[{"@type":"SearchAction","target":{"@type":"EntryPoint","urlTemplate":"https:\/\/buydiplomashop.com\/?s={search_term_string}"},"query-input":{"@type":"PropertyValueSpecification","valueRequired":true,"valueName":"search_term_string"}}],"inLanguage":"da-DK"}]}},"_links":{"self":[{"href":"https:\/\/buydiplomashop.com\/da\/wp-json\/wp\/v2\/pages\/96","targetHints":{"allow":["GET"]}}],"collection":[{"href":"https:\/\/buydiplomashop.com\/da\/wp-json\/wp\/v2\/pages"}],"about":[{"href":"https:\/\/buydiplomashop.com\/da\/wp-json\/wp\/v2\/types\/page"}],"author":[{"embeddable":true,"href":"https:\/\/buydiplomashop.com\/da\/wp-json\/wp\/v2\/users\/1"}],"replies":[{"embeddable":true,"href":"https:\/\/buydiplomashop.com\/da\/wp-json\/wp\/v2\/comments?post=96"}],"version-history":[{"count":26,"href":"https:\/\/buydiplomashop.com\/da\/wp-json\/wp\/v2\/pages\/96\/revisions"}],"predecessor-version":[{"id":133,"href":"https:\/\/buydiplomashop.com\/da\/wp-json\/wp\/v2\/pages\/96\/revisions\/133"}],"wp:attachment":[{"href":"https:\/\/buydiplomashop.com\/da\/wp-json\/wp\/v2\/media?parent=96"}],"curies":[{"name":"wp","href":"https:\/\/api.w.org\/{rel}","templated":true}]}}