{"id":52,"date":"2025-03-24T20:04:24","date_gmt":"2025-03-24T20:04:24","guid":{"rendered":"https:\/\/buydiplomashop.com\/?page_id=52"},"modified":"2025-03-24T20:48:11","modified_gmt":"2025-03-24T20:48:11","slug":"buy-diploma-online","status":"publish","type":"page","link":"https:\/\/buydiplomashop.com\/da\/","title":{"rendered":"K\u00f8b eksamensbevis online"},"content":{"rendered":"<h1 class=\"wp-block-heading\">K\u00f8b falske eksamensbeviser, certifikater og grader i h\u00f8j kvalitet. Autentisk, officielt og hurtigt.<\/h1>\n\n\n\n<p>Vil du k\u00f8be et eksamensbevis? Den bedste m\u00e5de at bestille et diplom, et certifikat eller en grad p\u00e5 er gennem os. Vi har de bedste designs, udviklet gennem mange \u00e5rs erfaring og et h\u00f8jt ekspertiseniveau. Designet er baseret p\u00e5 din \u00f8nskede skole, universitet, h\u00f8jskole eller lignende. V\u00e6lg et af vores eksamensbeviser, udskrifter eller samlede pakker for at komme i gang! <a href=\"https:\/\/buydiplomashop.com\/da\/\">www.buydiplomashop.com<\/a>'s team er klar til at hj\u00e6lpe dig dag og nat.<\/p>\n\n\n\n<p>K\u00f8be et eksamensbevis online? Er det muligt? Du kan k\u00f8be et eksamensbevis 24\/7. Svaret p\u00e5 dette er \"ja\". I dag kan du k\u00f8be et eksamensbevis online og i nogle tilf\u00e6lde endda f\u00e5 det registreret. Flere lande er blandt mulighederne.<\/p>\n\n\n\n<figure class=\"wp-block-pullquote\"><blockquote><p>Vil du gerne have mere information? Hold op med at t\u00f8ve. Klik p\u00e5 <a href=\"https:\/\/buydiplomashop.com\/da\/kontakt\/\">kontakt<\/a> eller send en e-mail direkte til:<\/p><cite><strong>Buydiplomashop@pm.me<\/strong><\/cite><\/blockquote><\/figure>\n\n\n\n<figure class=\"wp-block-image size-full is-resized\"><img loading=\"lazy\" decoding=\"async\" width=\"980\" height=\"980\" src=\"https:\/\/buydiplomashop.com\/wp-content\/uploads\/2025\/03\/diploma-kopen-vca-hbo-mbo-bachelor-duo-belgie-nederland.jpg\" alt=\"K\u00f8b eksamensbevis\" class=\"wp-image-78\" style=\"width:531px;height:auto\" srcset=\"https:\/\/buydiplomashop.com\/wp-content\/uploads\/2025\/03\/diploma-kopen-vca-hbo-mbo-bachelor-duo-belgie-nederland.jpg 980w, https:\/\/buydiplomashop.com\/wp-content\/uploads\/2025\/03\/diploma-kopen-vca-hbo-mbo-bachelor-duo-belgie-nederland-300x300.jpg 300w, https:\/\/buydiplomashop.com\/wp-content\/uploads\/2025\/03\/diploma-kopen-vca-hbo-mbo-bachelor-duo-belgie-nederland-150x150.jpg 150w, https:\/\/buydiplomashop.com\/wp-content\/uploads\/2025\/03\/diploma-kopen-vca-hbo-mbo-bachelor-duo-belgie-nederland-768x768.jpg 768w, https:\/\/buydiplomashop.com\/wp-content\/uploads\/2025\/03\/diploma-kopen-vca-hbo-mbo-bachelor-duo-belgie-nederland-12x12.jpg 12w\" sizes=\"auto, (max-width: 980px) 100vw, 980px\" \/><\/figure>\n\n\n\n<h2 class=\"wp-block-heading\">Hvorfor ser vores eksamensbeviser s\u00e5 realistiske ud?<\/h2>\n\n\n\n<p>Takket v\u00e6re mere end 20 \u00e5rs erfaring har vi samlet et stort antal akademiske dokumenter for at sikre, at du f\u00e5r det mest realistiske falske eksamensbevis og udskrift fra din \u00f8nskede skole.<\/p>\n\n\n\n<ul class=\"wp-block-list\">\n<li>Vi matcher dit skolenavn, elevoplysninger, eksamensdato og realistiske underskrifter er inkluderet uden ekstra omkostninger!<\/li>\n\n\n\n<li>Vi laver ogs\u00e5 en karakterliste, hvis det er relevant.<\/li>\n\n\n\n<li>Vi leverer en liste over standardkurser eller tilpassede kurser p\u00e5 din karakterliste<\/li>\n\n\n\n<li>Vi har h\u00e6vede, pr\u00e6gede, flade kvalitetsstempler, emblemer og logoer.<\/li>\n\n\n\n<li>Hver udskrift har segl, emblemer, logoer og v\u00e5benskjolde i fuld farve, som er specifikke for den skole, du dimitterede fra.<\/li>\n\n\n\n<li>Alle diplomer er trykt p\u00e5 kraftigt pergamentpapir.<\/li>\n\n\n\n<li>Vi bruger <a href=\"https:\/\/www.ologrammi.com\/en\/holograms-for-courses-certificates\">hologrammer<\/a> for at bekr\u00e6fte originaliteten af din udskrift.<\/li>\n\n\n\n<li>Et pr\u00e6get \"Registrar\"-segl og registratorens underskrift er en tilg\u00e6ngelig mulighed!<\/li>\n\n\n\n<li>Vi tilbyder pr\u00f8vetryk f\u00f8r trykning og e-mails med det f\u00e6rdige produkt i PDF-filer af h\u00f8j kvalitet.<\/li>\n<\/ul>\n\n\n\n<p>Klik p\u00e5 <a href=\"https:\/\/buydiplomashop.com\/da\/kontakt\/\">kontakt<\/a> og sp\u00f8rg os om mulighederne.<\/p>\n\n\n\n<figure class=\"wp-block-image size-full is-resized\"><img loading=\"lazy\" decoding=\"async\" width=\"980\" height=\"980\" src=\"https:\/\/buydiplomashop.com\/wp-content\/uploads\/2025\/03\/diploma-kopen.jpg\" alt=\"K\u00f8b officielt autentisk falsk eksamensbevis, certifikat eller grad\" class=\"wp-image-80\" style=\"width:470px;height:auto\" srcset=\"https:\/\/buydiplomashop.com\/wp-content\/uploads\/2025\/03\/diploma-kopen.jpg 980w, https:\/\/buydiplomashop.com\/wp-content\/uploads\/2025\/03\/diploma-kopen-300x300.jpg 300w, https:\/\/buydiplomashop.com\/wp-content\/uploads\/2025\/03\/diploma-kopen-150x150.jpg 150w, https:\/\/buydiplomashop.com\/wp-content\/uploads\/2025\/03\/diploma-kopen-768x768.jpg 768w, https:\/\/buydiplomashop.com\/wp-content\/uploads\/2025\/03\/diploma-kopen-12x12.jpg 12w\" sizes=\"auto, (max-width: 980px) 100vw, 980px\" \/><\/figure>\n\n\n\n<h3 class=\"wp-block-heading\">Hvorfor k\u00f8be et eksamensbevis fra www.buydiplomashop.com, den st\u00f8rste udbyder?<\/h3>\n\n\n\n<p>Vi tjekker regelm\u00e6ssigt eksamensbeviser og certifikater fra vores konkurrenter. Desv\u00e6rre er kvaliteten fra andre udbydere betydeligt lavere. De tilbyder dokumenter uden vandm\u00e6rker og i en meget d\u00e5rligere kvalitet, end vi kan producere.<\/p>\n\n\n\n<p>Du kan k\u00f8be et diplom hos os fra mange forskellige lande. Der er flere muligheder afh\u00e6ngigt af dine \u00f8nsker. Lad os vide, hvad du har brug for, s\u00e5 ordner vi det!<\/p>\n\n\n\n<p>Tidligere kunne du k\u00f8be et autentisk officielt eksamensbevis, grad og certifikat fra os via det m\u00f8rke web eller Telegram. Vi er stadig aktive online!<\/p>\n\n\n\n<figure class=\"wp-block-image size-large is-resized\"><img loading=\"lazy\" decoding=\"async\" width=\"1024\" height=\"1024\" src=\"https:\/\/buydiplomashop.com\/wp-content\/uploads\/2025\/03\/diploma-kopen-telegram-darkweb-1024x1024.png\" alt=\"k\u00f8b eksamensbevis telegram m\u00f8rkt web\" class=\"wp-image-77\" style=\"width:517px;height:auto\" srcset=\"https:\/\/buydiplomashop.com\/wp-content\/uploads\/2025\/03\/diploma-kopen-telegram-darkweb-1024x1024.png 1024w, https:\/\/buydiplomashop.com\/wp-content\/uploads\/2025\/03\/diploma-kopen-telegram-darkweb-300x300.png 300w, https:\/\/buydiplomashop.com\/wp-content\/uploads\/2025\/03\/diploma-kopen-telegram-darkweb-150x150.png 150w, https:\/\/buydiplomashop.com\/wp-content\/uploads\/2025\/03\/diploma-kopen-telegram-darkweb-768x768.png 768w, https:\/\/buydiplomashop.com\/wp-content\/uploads\/2025\/03\/diploma-kopen-telegram-darkweb-1536x1536.png 1536w, https:\/\/buydiplomashop.com\/wp-content\/uploads\/2025\/03\/diploma-kopen-telegram-darkweb-2048x2048.png 2048w, https:\/\/buydiplomashop.com\/wp-content\/uploads\/2025\/03\/diploma-kopen-telegram-darkweb-12x12.png 12w\" sizes=\"auto, (max-width: 1024px) 100vw, 1024px\" \/><\/figure>\n\n\n\n<p>Vi har mange \u00e5rs erfaring med kunder, der \u00f8nskede at k\u00f8be et eksamensbevis online. Vi tager stadig imod opgaver, s\u00e5 t\u00f8v ikke med at kontakte os. Hvis det haster, s\u00e5 lad os det vide, s\u00e5 vi kan tage h\u00f8jde for det.<\/p>\n\n\n\n<p>Vi arbejder uforpligtende, og du som kunde er kongen. Vi h\u00e5ndterer dine data med den st\u00f8rste omhu og gemmer s\u00e5 lidt som muligt. Det, der skal gemmes, slettes permanent, n\u00e5r vi er f\u00e6rdige.<\/p>\n\n\n\n<figure class=\"wp-block-image size-full\"><img loading=\"lazy\" decoding=\"async\" width=\"200\" height=\"200\" src=\"https:\/\/buydiplomashop.com\/wp-content\/uploads\/2025\/03\/diploma-kopen-ervaringen-reviews.jpg\" alt=\"k\u00f8b autentiske eksamensoplevelser anmeldelser\" class=\"wp-image-76\" srcset=\"https:\/\/buydiplomashop.com\/wp-content\/uploads\/2025\/03\/diploma-kopen-ervaringen-reviews.jpg 200w, https:\/\/buydiplomashop.com\/wp-content\/uploads\/2025\/03\/diploma-kopen-ervaringen-reviews-150x150.jpg 150w, https:\/\/buydiplomashop.com\/wp-content\/uploads\/2025\/03\/diploma-kopen-ervaringen-reviews-12x12.jpg 12w\" sizes=\"auto, (max-width: 200px) 100vw, 200px\" \/><\/figure>","protected":false},"excerpt":{"rendered":"<p>K\u00f8b falske eksamensbeviser, certifikater og grader i h\u00f8j kvalitet. Autentisk, officielt og hurtigt. Vil du k\u00f8be et eksamensbevis? Den bedste m\u00e5de at bestille et eksamensbevis, certifikat eller grad p\u00e5 er gennem os. Vi har de bedste designs, udviklet gennem mange \u00e5rs erfaring og et h\u00f8jt niveau af ekspertise. Designet er baseret p\u00e5 din \u00f8nskede skole, universitet, h\u00f8jskole...&nbsp;<a href=\"https:\/\/buydiplomashop.com\/da\/\" rel=\"bookmark\"><span class=\"screen-reader-text\">K\u00f8b eksamensbevis online<\/span><\/a><\/p>","protected":false},"author":1,"featured_media":0,"parent":0,"menu_order":0,"comment_status":"closed","ping_status":"closed","template":"","meta":{"neve_meta_sidebar":"","neve_meta_container":"","neve_meta_enable_content_width":"","neve_meta_content_width":0,"neve_meta_title_alignment":"","neve_meta_author_avatar":"","neve_post_elements_order":"","neve_meta_disable_header":"","neve_meta_disable_footer":"","neve_meta_disable_title":"","footnotes":""},"class_list":["post-52","page","type-page","status-publish","hentry"],"yoast_head":"<!-- This site is optimized with the Yoast SEO plugin v27.5 - https:\/\/yoast.com\/product\/yoast-seo-wordpress\/ -->\n<title>Buy diploma online - Buy a diploma, certificate and degrees<\/title>\n<meta name=\"description\" content=\"Buy a diploma online. Buy an officially fake, authentic degree certificate diploma via the dark web Telegram. Many reviews and experiences.\" \/>\n<meta name=\"robots\" content=\"index, follow, max-snippet:-1, max-image-preview:large, max-video-preview:-1\" \/>\n<link rel=\"canonical\" href=\"https:\/\/buydiplomashop.com\/da\/\" \/>\n<meta property=\"og:locale\" content=\"da_DK\" \/>\n<meta property=\"og:type\" content=\"article\" \/>\n<meta property=\"og:title\" content=\"Buy diploma online - Buy a diploma, certificate and degrees\" \/>\n<meta property=\"og:description\" content=\"Buy a diploma online. Buy an officially fake, authentic degree certificate diploma via the dark web Telegram. Many reviews and experiences.\" \/>\n<meta property=\"og:url\" content=\"https:\/\/buydiplomashop.com\/da\/\" \/>\n<meta property=\"og:site_name\" content=\"Buy a diploma, certificate and degrees\" \/>\n<meta property=\"article:modified_time\" content=\"2025-03-24T20:48:11+00:00\" \/>\n<meta property=\"og:image\" content=\"https:\/\/buydiplomashop.com\/wp-content\/uploads\/2025\/03\/diploma-kopen-vca-hbo-mbo-bachelor-duo-belgie-nederland.jpg\" \/>\n\t<meta property=\"og:image:width\" content=\"980\" \/>\n\t<meta property=\"og:image:height\" content=\"980\" \/>\n\t<meta property=\"og:image:type\" content=\"image\/jpeg\" \/>\n<meta name=\"twitter:card\" content=\"summary_large_image\" \/>\n<meta name=\"twitter:label1\" content=\"Estimeret l\u00e6setid\" \/>\n\t<meta name=\"twitter:data1\" content=\"3 minutter\" \/>\n<script type=\"application\/ld+json\" class=\"yoast-schema-graph\">{\"@context\":\"https:\\\/\\\/schema.org\",\"@graph\":[{\"@type\":\"WebPage\",\"@id\":\"https:\\\/\\\/buydiplomashop.com\\\/\",\"url\":\"https:\\\/\\\/buydiplomashop.com\\\/\",\"name\":\"Buy diploma online - Buy a diploma, certificate and degrees\",\"isPartOf\":{\"@id\":\"https:\\\/\\\/buydiplomashop.com\\\/#website\"},\"primaryImageOfPage\":{\"@id\":\"https:\\\/\\\/buydiplomashop.com\\\/#primaryimage\"},\"image\":{\"@id\":\"https:\\\/\\\/buydiplomashop.com\\\/#primaryimage\"},\"thumbnailUrl\":\"https:\\\/\\\/buydiplomashop.com\\\/wp-content\\\/uploads\\\/2025\\\/03\\\/diploma-kopen-vca-hbo-mbo-bachelor-duo-belgie-nederland.jpg\",\"datePublished\":\"2025-03-24T20:04:24+00:00\",\"dateModified\":\"2025-03-24T20:48:11+00:00\",\"description\":\"Buy a diploma online. Buy an officially fake, authentic degree certificate diploma via the dark web Telegram. Many reviews and experiences.\",\"breadcrumb\":{\"@id\":\"https:\\\/\\\/buydiplomashop.com\\\/#breadcrumb\"},\"inLanguage\":\"da-DK\",\"potentialAction\":[{\"@type\":\"ReadAction\",\"target\":[\"https:\\\/\\\/buydiplomashop.com\\\/\"]}]},{\"@type\":\"ImageObject\",\"inLanguage\":\"da-DK\",\"@id\":\"https:\\\/\\\/buydiplomashop.com\\\/#primaryimage\",\"url\":\"https:\\\/\\\/buydiplomashop.com\\\/wp-content\\\/uploads\\\/2025\\\/03\\\/diploma-kopen-vca-hbo-mbo-bachelor-duo-belgie-nederland.jpg\",\"contentUrl\":\"https:\\\/\\\/buydiplomashop.com\\\/wp-content\\\/uploads\\\/2025\\\/03\\\/diploma-kopen-vca-hbo-mbo-bachelor-duo-belgie-nederland.jpg\"},{\"@type\":\"BreadcrumbList\",\"@id\":\"https:\\\/\\\/buydiplomashop.com\\\/#breadcrumb\",\"itemListElement\":[{\"@type\":\"ListItem\",\"position\":1,\"name\":\"Home\",\"item\":\"https:\\\/\\\/buydiplomashop.com\\\/\"},{\"@type\":\"ListItem\",\"position\":2,\"name\":\"Buy diploma online\"}]},{\"@type\":\"WebSite\",\"@id\":\"https:\\\/\\\/buydiplomashop.com\\\/#website\",\"url\":\"https:\\\/\\\/buydiplomashop.com\\\/\",\"name\":\"Buy a diploma, certificate and degrees\",\"description\":\"Buy a diploma online, certificates, degrees\",\"potentialAction\":[{\"@type\":\"SearchAction\",\"target\":{\"@type\":\"EntryPoint\",\"urlTemplate\":\"https:\\\/\\\/buydiplomashop.com\\\/?s={search_term_string}\"},\"query-input\":{\"@type\":\"PropertyValueSpecification\",\"valueRequired\":true,\"valueName\":\"search_term_string\"}}],\"inLanguage\":\"da-DK\"}]}<\/script>\n<!-- \/ Yoast SEO plugin. -->","yoast_head_json":{"title":"K\u00f8b eksamensbevis online - K\u00f8b et eksamensbevis, certifikat og grader","description":"K\u00f8b et eksamensbevis online. K\u00f8b et officielt falsk, autentisk eksamensbevis via det m\u00f8rke web Telegram. Mange anmeldelser og erfaringer.","robots":{"index":"index","follow":"follow","max-snippet":"max-snippet:-1","max-image-preview":"max-image-preview:large","max-video-preview":"max-video-preview:-1"},"canonical":"https:\/\/buydiplomashop.com\/da\/","og_locale":"da_DK","og_type":"article","og_title":"Buy diploma online - Buy a diploma, certificate and degrees","og_description":"Buy a diploma online. Buy an officially fake, authentic degree certificate diploma via the dark web Telegram. Many reviews and experiences.","og_url":"https:\/\/buydiplomashop.com\/da\/","og_site_name":"Buy a diploma, certificate and degrees","article_modified_time":"2025-03-24T20:48:11+00:00","og_image":[{"width":980,"height":980,"url":"https:\/\/buydiplomashop.com\/wp-content\/uploads\/2025\/03\/diploma-kopen-vca-hbo-mbo-bachelor-duo-belgie-nederland.jpg","type":"image\/jpeg"}],"twitter_card":"summary_large_image","twitter_misc":{"Estimeret l\u00e6setid":"3 minutter"},"schema":{"@context":"https:\/\/schema.org","@graph":[{"@type":"WebPage","@id":"https:\/\/buydiplomashop.com\/","url":"https:\/\/buydiplomashop.com\/","name":"K\u00f8b eksamensbevis online - K\u00f8b et eksamensbevis, certifikat og grader","isPartOf":{"@id":"https:\/\/buydiplomashop.com\/#website"},"primaryImageOfPage":{"@id":"https:\/\/buydiplomashop.com\/#primaryimage"},"image":{"@id":"https:\/\/buydiplomashop.com\/#primaryimage"},"thumbnailUrl":"https:\/\/buydiplomashop.com\/wp-content\/uploads\/2025\/03\/diploma-kopen-vca-hbo-mbo-bachelor-duo-belgie-nederland.jpg","datePublished":"2025-03-24T20:04:24+00:00","dateModified":"2025-03-24T20:48:11+00:00","description":"K\u00f8b et eksamensbevis online. K\u00f8b et officielt falsk, autentisk eksamensbevis via det m\u00f8rke web Telegram. Mange anmeldelser og erfaringer.","breadcrumb":{"@id":"https:\/\/buydiplomashop.com\/#breadcrumb"},"inLanguage":"da-DK","potentialAction":[{"@type":"ReadAction","target":["https:\/\/buydiplomashop.com\/"]}]},{"@type":"ImageObject","inLanguage":"da-DK","@id":"https:\/\/buydiplomashop.com\/#primaryimage","url":"https:\/\/buydiplomashop.com\/wp-content\/uploads\/2025\/03\/diploma-kopen-vca-hbo-mbo-bachelor-duo-belgie-nederland.jpg","contentUrl":"https:\/\/buydiplomashop.com\/wp-content\/uploads\/2025\/03\/diploma-kopen-vca-hbo-mbo-bachelor-duo-belgie-nederland.jpg"},{"@type":"BreadcrumbList","@id":"https:\/\/buydiplomashop.com\/#breadcrumb","itemListElement":[{"@type":"ListItem","position":1,"name":"Home","item":"https:\/\/buydiplomashop.com\/"},{"@type":"ListItem","position":2,"name":"Buy diploma online"}]},{"@type":"WebSite","@id":"https:\/\/buydiplomashop.com\/#website","url":"https:\/\/buydiplomashop.com\/","name":"K\u00f8b et eksamensbevis, certifikat og grader","description":"K\u00f8b et eksamensbevis online, certifikater, grader","potentialAction":[{"@type":"SearchAction","target":{"@type":"EntryPoint","urlTemplate":"https:\/\/buydiplomashop.com\/?s={search_term_string}"},"query-input":{"@type":"PropertyValueSpecification","valueRequired":true,"valueName":"search_term_string"}}],"inLanguage":"da-DK"}]}},"_links":{"self":[{"href":"https:\/\/buydiplomashop.com\/da\/wp-json\/wp\/v2\/pages\/52","targetHints":{"allow":["GET"]}}],"collection":[{"href":"https:\/\/buydiplomashop.com\/da\/wp-json\/wp\/v2\/pages"}],"about":[{"href":"https:\/\/buydiplomashop.com\/da\/wp-json\/wp\/v2\/types\/page"}],"author":[{"embeddable":true,"href":"https:\/\/buydiplomashop.com\/da\/wp-json\/wp\/v2\/users\/1"}],"replies":[{"embeddable":true,"href":"https:\/\/buydiplomashop.com\/da\/wp-json\/wp\/v2\/comments?post=52"}],"version-history":[{"count":19,"href":"https:\/\/buydiplomashop.com\/da\/wp-json\/wp\/v2\/pages\/52\/revisions"}],"predecessor-version":[{"id":93,"href":"https:\/\/buydiplomashop.com\/da\/wp-json\/wp\/v2\/pages\/52\/revisions\/93"}],"wp:attachment":[{"href":"https:\/\/buydiplomashop.com\/da\/wp-json\/wp\/v2\/media?parent=52"}],"curies":[{"name":"wp","href":"https:\/\/api.w.org\/{rel}","templated":true}]}}