{"id":135,"date":"2025-07-25T17:57:02","date_gmt":"2025-07-25T17:57:02","guid":{"rendered":"https:\/\/buydiplomashop.com\/?page_id=135"},"modified":"2025-11-04T18:53:16","modified_gmt":"2025-11-04T18:53:16","slug":"kob-en-fodselsattest","status":"publish","type":"page","link":"https:\/\/buydiplomashop.com\/da\/buy-a-birth-certificate\/","title":{"rendered":"K\u00f8b en f\u00f8dselsattest"},"content":{"rendered":"<h2 class=\"wp-block-heading\">K\u00f8b en f\u00f8dselsattest online - hurtig, sikker og verdensomsp\u00e6ndende levering<\/h2>\n\n\n\n<p>P\u00e5 <strong><a class=\"\" href=\"http:\/\/www.BuyDiplomaShop.com\">www.BuyDiplomaShop.com<\/a><\/strong>, kan du <strong>K\u00f8b en f\u00f8dselsattest<\/strong> online hurtigt og diskret, uanset hvor du befinder dig. Uanset om du har mistet din original, har brug for en kopi eller har brug for en tilpasset version til specifikke form\u00e5l, g\u00f8r vores platform det nemt at <strong>Bestil en certificeret f\u00f8dselsattest online<\/strong>, med hurtig ekspedition og global forsendelse.<\/p>\n\n\n\n<p>A <strong>f\u00f8dselsattest<\/strong> er et af de vigtigste juridiske dokumenter i en persons liv. Det fungerer som bevis p\u00e5 identitet, statsborgerskab og f\u00f8dselsoplysninger og er ofte p\u00e5kr\u00e6vet i forbindelse med ans\u00f8gninger om f.eks. pas, nationalt ID, skoleindskrivning eller ans\u00e6ttelse.<\/p>\n\n\n\n<figure class=\"wp-block-image size-full is-resized\"><img loading=\"lazy\" decoding=\"async\" width=\"780\" height=\"480\" src=\"https:\/\/buydiplomashop.com\/wp-content\/uploads\/2025\/11\/buy-birth-certificate-online.jpg\" alt=\"K\u00f8b f\u00f8dselsattest online\" class=\"wp-image-141\" style=\"width:532px;height:auto\" srcset=\"https:\/\/buydiplomashop.com\/wp-content\/uploads\/2025\/11\/buy-birth-certificate-online.jpg 780w, https:\/\/buydiplomashop.com\/wp-content\/uploads\/2025\/11\/buy-birth-certificate-online-300x185.jpg 300w, https:\/\/buydiplomashop.com\/wp-content\/uploads\/2025\/11\/buy-birth-certificate-online-768x473.jpg 768w, https:\/\/buydiplomashop.com\/wp-content\/uploads\/2025\/11\/buy-birth-certificate-online-18x12.jpg 18w\" sizes=\"auto, (max-width: 780px) 100vw, 780px\" \/><\/figure>\n\n\n\n<hr class=\"wp-block-separator has-alpha-channel-opacity\"\/>\n\n\n\n<h3 class=\"wp-block-heading\">Hvorfor du m\u00e5ske har brug for at k\u00f8be en f\u00f8dselsattest<\/h3>\n\n\n\n<p>Der er mange situationer, hvor folk har brug for at <strong>k\u00f8be en ny kopi af f\u00f8dselsattesten<\/strong> eller <strong>f\u00e5 en ny f\u00f8dselsattest<\/strong>, herunder:<\/p>\n\n\n\n<ul class=\"wp-block-list\">\n<li>Mistet eller beskadiget original f\u00f8dselsattest<\/li>\n\n\n\n<li>Behov for en ekstra bekr\u00e6ftet kopi til dokumentation<\/li>\n\n\n\n<li>Opdatering af for\u00e6ldede eller forkerte f\u00f8dselsoplysninger<\/li>\n\n\n\n<li>Underst\u00f8ttende dokumenter til officielle ans\u00f8gninger<\/li>\n\n\n\n<li>Personlige, privatlivs- eller nyhedsrelaterede \u00e5rsager<\/li>\n\n\n\n<li>Film-, scene- eller mediebrug, hvor <strong>nye f\u00f8dselsattester<\/strong> er p\u00e5kr\u00e6vet<\/li>\n<\/ul>\n\n\n\n<p>P\u00e5 <strong><a class=\"\" href=\"http:\/\/www.BuyDiplomaShop.com\">www.BuyDiplomaShop.com<\/a><\/strong>, Vi forst\u00e5r, at disse behov varierer fra person til person. Uanset om du \u00f8nsker at <strong>f\u00e5 en ny f\u00f8dselsattest<\/strong> til personlig brug eller som en del af en pakke med identitetsdokumenter, er vi her for at hj\u00e6lpe med fuld fortrolighed.<\/p>\n\n\n\n<hr class=\"wp-block-separator has-alpha-channel-opacity\"\/>\n\n\n\n<h3 class=\"wp-block-heading\">Bestil en f\u00f8dselsattest online i 4 nemme trin<\/h3>\n\n\n\n<ol class=\"wp-block-list\">\n<li><strong>Send os en e-mail eller kontakt os via WhatsApp<\/strong><br>Indsend dine oplysninger via vores sikre onlineformular. S\u00f8rg for, at oplysningerne er korrekte, da de vil blive brugt til at generere dit certifikat.<\/li>\n\n\n\n<li><strong>Gennemgang af oplysninger<\/strong><br>Vores dokumentspecialister kontrollerer dataene og kontakter dig, hvis der er noget, der skal afklares.<\/li>\n\n\n\n<li><strong>Produktion af dokumenter<\/strong><br>Baseret p\u00e5 dine krav skaber vi en <strong>certificeret f\u00f8dselsattest<\/strong> der opfylder dine specifikationer.<\/li>\n\n\n\n<li><strong>Sikker levering<\/strong><br>Din nye eller nye f\u00f8dselsattest sendes sikkert og diskret til hele verden.<\/li>\n<\/ol>\n\n\n\n<p>Uanset om du skal udskifte en <strong>mistet f\u00f8dselsattest<\/strong> eller har brug for en til officielle eller private form\u00e5l, s\u00e5 sikrer vores team kvalitet, hastighed og n\u00f8jagtighed.<\/p>\n\n\n\n<figure class=\"wp-block-image size-full\"><img loading=\"lazy\" decoding=\"async\" width=\"250\" height=\"354\" src=\"https:\/\/buydiplomashop.com\/wp-content\/uploads\/2025\/11\/buy-birth-certificate.jpg\" alt=\"K\u00f8b f\u00f8dselsattest\" class=\"wp-image-142\" srcset=\"https:\/\/buydiplomashop.com\/wp-content\/uploads\/2025\/11\/buy-birth-certificate.jpg 250w, https:\/\/buydiplomashop.com\/wp-content\/uploads\/2025\/11\/buy-birth-certificate-212x300.jpg 212w, https:\/\/buydiplomashop.com\/wp-content\/uploads\/2025\/11\/buy-birth-certificate-8x12.jpg 8w\" sizes=\"auto, (max-width: 250px) 100vw, 250px\" \/><\/figure>\n\n\n\n<hr class=\"wp-block-separator has-alpha-channel-opacity\"\/>\n\n\n\n<h3 class=\"wp-block-heading\">Vi leverer f\u00f8dselsattester til flere lande<\/h3>\n\n\n\n<p>Vi tilbyder <strong>international f\u00f8dselsattest<\/strong> med skabeloner og formater til forskellige lande og regioner. Vores eksperter er fortrolige med regionale dokumentstile og -formater og sikrer, at dit dokument lever op til lokale forventninger, uanset om det er til praktiske form\u00e5l eller til pr\u00e6sentation.<\/p>\n\n\n\n<p>P\u00e5 udkig efter <strong>Bestil en f\u00f8dselsattest online<\/strong> til rejse-, dokumentations- eller verifikationsform\u00e5l? Vi d\u00e6kker dig ind.<\/p>\n\n\n\n<hr class=\"wp-block-separator has-alpha-channel-opacity\"\/>\n\n\n\n<h3 class=\"wp-block-heading\">Betroet og fortrolig service<\/h3>\n\n\n\n<p>Tusindvis af kunder har valgt <strong><a class=\"\" href=\"http:\/\/www.BuyDiplomaShop.com\">www.BuyDiplomaShop.com<\/a><\/strong> til <strong>K\u00f8b f\u00f8dselsattester online<\/strong> trygt og sikkert. Vi opretholder strenge privatlivsprotokoller og deler aldrig dine oplysninger med tredjeparter.<\/p>\n\n\n\n<p>\u2714 100% Fortrolig<br>\u2714 Hurtige leveringsmuligheder<br>\u2714 Tilpassede og landespecifikke formater<br>\u2714 Venlig kundesupport<\/p>\n\n\n\n<hr class=\"wp-block-separator has-alpha-channel-opacity\"\/>\n\n\n\n<h2 class=\"wp-block-heading\">Er du klar til at k\u00f8be en certificeret eller ny f\u00f8dselsattest?<\/h2>\n\n\n\n<p>Lad ikke en mistet eller for\u00e6ldet f\u00f8dselsattest holde dig tilbage. Hvis du har brug for at <strong>K\u00f8b en f\u00f8dselsattest<\/strong>, udskift en gammel, eller anmod om en ekstra <strong>Bekr\u00e6ftet kopi af f\u00f8dselsattest<\/strong>, <strong><a class=\"\" href=\"http:\/\/www.BuyDiplomaShop.com\">www.BuyDiplomaShop.com<\/a><\/strong> er din p\u00e5lidelige l\u00f8sning.<\/p>\n\n\n\n<p>Tag <a href=\"https:\/\/buydiplomashop.com\/nl\/neem-contact-op-met\/\">kontakt<\/a> med os, og vores team vil give dig mere information.<\/p>","protected":false},"excerpt":{"rendered":"<p>Buy a Birth Certificate Online \u2013 Fast, Secure &amp; Worldwide Delivery At www.BuyDiplomaShop.com, you can buy a birth certificate online quickly and discreetly, no matter where you&#8217;re located. Whether you\u2019ve lost your original, need a duplicate, or require a custom version for specific purposes, our platform makes it easy to order a certified birth certificate&hellip;&nbsp;<a href=\"https:\/\/buydiplomashop.com\/da\/buy-a-birth-certificate\/\" rel=\"bookmark\"><span class=\"screen-reader-text\">K\u00f8b en f\u00f8dselsattest<\/span><\/a><\/p>","protected":false},"author":1,"featured_media":0,"parent":0,"menu_order":0,"comment_status":"closed","ping_status":"closed","template":"","meta":{"neve_meta_sidebar":"","neve_meta_container":"","neve_meta_enable_content_width":"","neve_meta_content_width":0,"neve_meta_title_alignment":"","neve_meta_author_avatar":"","neve_post_elements_order":"","neve_meta_disable_header":"","neve_meta_disable_footer":"","neve_meta_disable_title":"","footnotes":""},"class_list":["post-135","page","type-page","status-publish","hentry"],"yoast_head":"<!-- This site is optimized with the Yoast SEO plugin v27.5 - https:\/\/yoast.com\/product\/yoast-seo-wordpress\/ -->\n<title>Buy a Birth Certificate - Buy a diploma, certificate and degrees<\/title>\n<meta name=\"description\" content=\"Buy birth certificate online for Europe, America and many more countries. Official birth certificate for sale Telegram, Dark Web online.\" \/>\n<meta name=\"robots\" content=\"index, follow, max-snippet:-1, max-image-preview:large, max-video-preview:-1\" \/>\n<link rel=\"canonical\" href=\"https:\/\/buydiplomashop.com\/da\/kob-en-fodselsattest\/\" \/>\n<meta property=\"og:locale\" content=\"da_DK\" \/>\n<meta property=\"og:type\" content=\"article\" \/>\n<meta property=\"og:title\" content=\"Buy a Birth Certificate - Buy a diploma, certificate and degrees\" \/>\n<meta property=\"og:description\" content=\"Buy birth certificate online for Europe, America and many more countries. Official birth certificate for sale Telegram, Dark Web online.\" \/>\n<meta property=\"og:url\" content=\"https:\/\/buydiplomashop.com\/da\/kob-en-fodselsattest\/\" \/>\n<meta property=\"og:site_name\" content=\"Buy a diploma, certificate and degrees\" \/>\n<meta property=\"article:modified_time\" content=\"2025-11-04T18:53:16+00:00\" \/>\n<meta property=\"og:image\" content=\"https:\/\/buydiplomashop.com\/wp-content\/uploads\/2025\/11\/buy-birth-certificate-online.jpg\" \/>\n\t<meta property=\"og:image:width\" content=\"780\" \/>\n\t<meta property=\"og:image:height\" content=\"480\" \/>\n\t<meta property=\"og:image:type\" content=\"image\/jpeg\" \/>\n<meta name=\"twitter:card\" content=\"summary_large_image\" \/>\n<meta name=\"twitter:label1\" content=\"Estimeret l\u00e6setid\" \/>\n\t<meta name=\"twitter:data1\" content=\"3 minutter\" \/>\n<script type=\"application\/ld+json\" class=\"yoast-schema-graph\">{\"@context\":\"https:\\\/\\\/schema.org\",\"@graph\":[{\"@type\":\"WebPage\",\"@id\":\"https:\\\/\\\/buydiplomashop.com\\\/buy-a-birth-certificate\\\/\",\"url\":\"https:\\\/\\\/buydiplomashop.com\\\/buy-a-birth-certificate\\\/\",\"name\":\"Buy a Birth Certificate - Buy a diploma, certificate and degrees\",\"isPartOf\":{\"@id\":\"https:\\\/\\\/buydiplomashop.com\\\/#website\"},\"primaryImageOfPage\":{\"@id\":\"https:\\\/\\\/buydiplomashop.com\\\/buy-a-birth-certificate\\\/#primaryimage\"},\"image\":{\"@id\":\"https:\\\/\\\/buydiplomashop.com\\\/buy-a-birth-certificate\\\/#primaryimage\"},\"thumbnailUrl\":\"https:\\\/\\\/buydiplomashop.com\\\/wp-content\\\/uploads\\\/2025\\\/11\\\/buy-birth-certificate-online.jpg\",\"datePublished\":\"2025-07-25T17:57:02+00:00\",\"dateModified\":\"2025-11-04T18:53:16+00:00\",\"description\":\"Buy birth certificate online for Europe, America and many more countries. Official birth certificate for sale Telegram, Dark Web online.\",\"breadcrumb\":{\"@id\":\"https:\\\/\\\/buydiplomashop.com\\\/buy-a-birth-certificate\\\/#breadcrumb\"},\"inLanguage\":\"da-DK\",\"potentialAction\":[{\"@type\":\"ReadAction\",\"target\":[\"https:\\\/\\\/buydiplomashop.com\\\/buy-a-birth-certificate\\\/\"]}]},{\"@type\":\"ImageObject\",\"inLanguage\":\"da-DK\",\"@id\":\"https:\\\/\\\/buydiplomashop.com\\\/buy-a-birth-certificate\\\/#primaryimage\",\"url\":\"https:\\\/\\\/buydiplomashop.com\\\/wp-content\\\/uploads\\\/2025\\\/11\\\/buy-birth-certificate-online.jpg\",\"contentUrl\":\"https:\\\/\\\/buydiplomashop.com\\\/wp-content\\\/uploads\\\/2025\\\/11\\\/buy-birth-certificate-online.jpg\"},{\"@type\":\"BreadcrumbList\",\"@id\":\"https:\\\/\\\/buydiplomashop.com\\\/buy-a-birth-certificate\\\/#breadcrumb\",\"itemListElement\":[{\"@type\":\"ListItem\",\"position\":1,\"name\":\"Home\",\"item\":\"https:\\\/\\\/buydiplomashop.com\\\/\"},{\"@type\":\"ListItem\",\"position\":2,\"name\":\"Buy a Birth Certificate\"}]},{\"@type\":\"WebSite\",\"@id\":\"https:\\\/\\\/buydiplomashop.com\\\/#website\",\"url\":\"https:\\\/\\\/buydiplomashop.com\\\/\",\"name\":\"Buy a diploma, certificate and degrees\",\"description\":\"Buy a diploma online, certificates, degrees\",\"potentialAction\":[{\"@type\":\"SearchAction\",\"target\":{\"@type\":\"EntryPoint\",\"urlTemplate\":\"https:\\\/\\\/buydiplomashop.com\\\/?s={search_term_string}\"},\"query-input\":{\"@type\":\"PropertyValueSpecification\",\"valueRequired\":true,\"valueName\":\"search_term_string\"}}],\"inLanguage\":\"da-DK\"}]}<\/script>\n<!-- \/ Yoast SEO plugin. -->","yoast_head_json":{"title":"K\u00f8b en f\u00f8dselsattest - K\u00f8b et eksamensbevis, certifikat og grader","description":"K\u00f8b f\u00f8dselsattest online til Europa, Amerika og mange flere lande. Officiel f\u00f8dselsattest til salg Telegram, Dark Web online.","robots":{"index":"index","follow":"follow","max-snippet":"max-snippet:-1","max-image-preview":"max-image-preview:large","max-video-preview":"max-video-preview:-1"},"canonical":"https:\/\/buydiplomashop.com\/da\/kob-en-fodselsattest\/","og_locale":"da_DK","og_type":"article","og_title":"Buy a Birth Certificate - Buy a diploma, certificate and degrees","og_description":"Buy birth certificate online for Europe, America and many more countries. Official birth certificate for sale Telegram, Dark Web online.","og_url":"https:\/\/buydiplomashop.com\/da\/kob-en-fodselsattest\/","og_site_name":"Buy a diploma, certificate and degrees","article_modified_time":"2025-11-04T18:53:16+00:00","og_image":[{"width":780,"height":480,"url":"https:\/\/buydiplomashop.com\/wp-content\/uploads\/2025\/11\/buy-birth-certificate-online.jpg","type":"image\/jpeg"}],"twitter_card":"summary_large_image","twitter_misc":{"Estimeret l\u00e6setid":"3 minutter"},"schema":{"@context":"https:\/\/schema.org","@graph":[{"@type":"WebPage","@id":"https:\/\/buydiplomashop.com\/buy-a-birth-certificate\/","url":"https:\/\/buydiplomashop.com\/buy-a-birth-certificate\/","name":"K\u00f8b en f\u00f8dselsattest - K\u00f8b et eksamensbevis, certifikat og grader","isPartOf":{"@id":"https:\/\/buydiplomashop.com\/#website"},"primaryImageOfPage":{"@id":"https:\/\/buydiplomashop.com\/buy-a-birth-certificate\/#primaryimage"},"image":{"@id":"https:\/\/buydiplomashop.com\/buy-a-birth-certificate\/#primaryimage"},"thumbnailUrl":"https:\/\/buydiplomashop.com\/wp-content\/uploads\/2025\/11\/buy-birth-certificate-online.jpg","datePublished":"2025-07-25T17:57:02+00:00","dateModified":"2025-11-04T18:53:16+00:00","description":"K\u00f8b f\u00f8dselsattest online til Europa, Amerika og mange flere lande. Officiel f\u00f8dselsattest til salg Telegram, Dark Web online.","breadcrumb":{"@id":"https:\/\/buydiplomashop.com\/buy-a-birth-certificate\/#breadcrumb"},"inLanguage":"da-DK","potentialAction":[{"@type":"ReadAction","target":["https:\/\/buydiplomashop.com\/buy-a-birth-certificate\/"]}]},{"@type":"ImageObject","inLanguage":"da-DK","@id":"https:\/\/buydiplomashop.com\/buy-a-birth-certificate\/#primaryimage","url":"https:\/\/buydiplomashop.com\/wp-content\/uploads\/2025\/11\/buy-birth-certificate-online.jpg","contentUrl":"https:\/\/buydiplomashop.com\/wp-content\/uploads\/2025\/11\/buy-birth-certificate-online.jpg"},{"@type":"BreadcrumbList","@id":"https:\/\/buydiplomashop.com\/buy-a-birth-certificate\/#breadcrumb","itemListElement":[{"@type":"ListItem","position":1,"name":"Home","item":"https:\/\/buydiplomashop.com\/"},{"@type":"ListItem","position":2,"name":"Buy a Birth Certificate"}]},{"@type":"WebSite","@id":"https:\/\/buydiplomashop.com\/#website","url":"https:\/\/buydiplomashop.com\/","name":"K\u00f8b et eksamensbevis, certifikat og grader","description":"K\u00f8b et eksamensbevis online, certifikater, grader","potentialAction":[{"@type":"SearchAction","target":{"@type":"EntryPoint","urlTemplate":"https:\/\/buydiplomashop.com\/?s={search_term_string}"},"query-input":{"@type":"PropertyValueSpecification","valueRequired":true,"valueName":"search_term_string"}}],"inLanguage":"da-DK"}]}},"_links":{"self":[{"href":"https:\/\/buydiplomashop.com\/da\/wp-json\/wp\/v2\/pages\/135","targetHints":{"allow":["GET"]}}],"collection":[{"href":"https:\/\/buydiplomashop.com\/da\/wp-json\/wp\/v2\/pages"}],"about":[{"href":"https:\/\/buydiplomashop.com\/da\/wp-json\/wp\/v2\/types\/page"}],"author":[{"embeddable":true,"href":"https:\/\/buydiplomashop.com\/da\/wp-json\/wp\/v2\/users\/1"}],"replies":[{"embeddable":true,"href":"https:\/\/buydiplomashop.com\/da\/wp-json\/wp\/v2\/comments?post=135"}],"version-history":[{"count":5,"href":"https:\/\/buydiplomashop.com\/da\/wp-json\/wp\/v2\/pages\/135\/revisions"}],"predecessor-version":[{"id":146,"href":"https:\/\/buydiplomashop.com\/da\/wp-json\/wp\/v2\/pages\/135\/revisions\/146"}],"wp:attachment":[{"href":"https:\/\/buydiplomashop.com\/da\/wp-json\/wp\/v2\/media?parent=135"}],"curies":[{"name":"wp","href":"https:\/\/api.w.org\/{rel}","templated":true}]}}